{"id":104,"date":"2019-12-11T10:35:56","date_gmt":"2019-12-11T08:35:56","guid":{"rendered":"http:\/\/srvr10.xetpoint.com\/~seyfi\/luonnonelaimet\/?page_id=104"},"modified":"2020-01-11T11:34:49","modified_gmt":"2020-01-11T09:34:49","slug":"tunnistatko-luonnonelaimet","status":"publish","type":"page","link":"https:\/\/sey.fi\/luonnonelaimet\/tunnistatko-luonnonelaimet\/","title":{"rendered":"Tunnistatko luonnonel\u00e4imet?"},"content":{"rendered":"\n<div class=\"wp-block-image\"><figure class=\"alignright\"><img decoding=\"async\" src=\"http:\/\/luonnonelaimet.fi\/images\/tirppa02.png\" alt=\"\" \/><\/figure><\/div>\n\n\n\n<p>Tulosta teht\u00e4v\u00e4 ja kirjoita viivoille mik\u00e4 el\u00e4in on kyseess\u00e4.<\/p>\n\n\n\n<p><\/p>\n\n\n\n<p><\/p>\n\n\n\n<p><\/p>\n\n\n\n<figure class=\"wp-block-image\"><img decoding=\"async\" src=\"http:\/\/luonnonelaimet.fi\/images\/karhu.png\" alt=\"\" \/><\/figure>\n\n\n\n<p>__________________<\/p>\n\n\n\n<figure class=\"wp-block-image\"><img decoding=\"async\" src=\"http:\/\/luonnonelaimet.fi\/images\/lokki.png\" alt=\"\" \/><\/figure>\n\n\n\n<p>___________________<\/p>\n\n\n\n<figure class=\"wp-block-image\"><img decoding=\"async\" src=\"http:\/\/luonnonelaimet.fi\/images\/orava.png\" alt=\"\" \/><\/figure>\n\n\n\n<p>____________________<\/p>\n\n\n\n<figure class=\"wp-block-image\"><img decoding=\"async\" src=\"http:\/\/luonnonelaimet.fi\/images\/susi.png\" alt=\"\" \/><\/figure>\n\n\n\n<p>_____________________<\/p>\n\n\n\n<figure class=\"wp-block-image\"><img decoding=\"async\" src=\"http:\/\/luonnonelaimet.fi\/images\/perhonen.png\" alt=\"\" \/><\/figure>\n\n\n\n<p>____________________<\/p>\n","protected":false},"excerpt":{"rendered":"<p>Tulosta teht\u00e4v\u00e4 ja kirjoita viivoille mik\u00e4 el\u00e4in on kyseess\u00e4. __________________ ___________________ ____________________ _____________________ ____________________<\/p>\n","protected":false},"author":8,"featured_media":0,"parent":0,"menu_order":0,"comment_status":"closed","ping_status":"closed","template":"","meta":{"_acf_changed":false,"footnotes":""},"class_list":["post-104","page","type-page","status-publish","hentry"],"acf":[],"yoast_head":"<!-- This site is optimized with the Yoast SEO plugin v27.1.1 - https:\/\/yoast.com\/product\/yoast-seo-wordpress\/ -->\n<title>Tunnistatko luonnonel\u00e4imet? - Luonnonel\u00e4imet<\/title>\n<meta name=\"robots\" content=\"index, follow, max-snippet:-1, max-image-preview:large, max-video-preview:-1\" \/>\n<link rel=\"canonical\" href=\"https:\/\/sey.fi\/luonnonelaimet\/tunnistatko-luonnonelaimet\/\" \/>\n<meta property=\"og:locale\" content=\"fi_FI\" \/>\n<meta property=\"og:type\" content=\"article\" \/>\n<meta property=\"og:title\" content=\"Tunnistatko luonnonel\u00e4imet? - Luonnonel\u00e4imet\" \/>\n<meta property=\"og:description\" content=\"Tulosta teht\u00e4v\u00e4 ja kirjoita viivoille mik\u00e4 el\u00e4in on kyseess\u00e4. __________________ ___________________ ____________________ _____________________ ____________________\" \/>\n<meta property=\"og:url\" content=\"https:\/\/sey.fi\/luonnonelaimet\/tunnistatko-luonnonelaimet\/\" \/>\n<meta property=\"og:site_name\" content=\"Luonnonel\u00e4imet\" \/>\n<meta property=\"article:modified_time\" content=\"2020-01-11T09:34:49+00:00\" \/>\n<meta property=\"og:image\" content=\"http:\/\/luonnonelaimet.fi\/images\/tirppa02.png\" \/>\n<meta name=\"twitter:card\" content=\"summary_large_image\" \/>\n<script type=\"application\/ld+json\" class=\"yoast-schema-graph\">{\"@context\":\"https:\/\/schema.org\",\"@graph\":[{\"@type\":\"WebPage\",\"@id\":\"https:\/\/sey.fi\/luonnonelaimet\/tunnistatko-luonnonelaimet\/\",\"url\":\"https:\/\/sey.fi\/luonnonelaimet\/tunnistatko-luonnonelaimet\/\",\"name\":\"Tunnistatko luonnonel\u00e4imet? - Luonnonel\u00e4imet\",\"isPartOf\":{\"@id\":\"https:\/\/sey.fi\/luonnonelaimet\/#website\"},\"primaryImageOfPage\":{\"@id\":\"https:\/\/sey.fi\/luonnonelaimet\/tunnistatko-luonnonelaimet\/#primaryimage\"},\"image\":{\"@id\":\"https:\/\/sey.fi\/luonnonelaimet\/tunnistatko-luonnonelaimet\/#primaryimage\"},\"thumbnailUrl\":\"http:\/\/luonnonelaimet.fi\/images\/tirppa02.png\",\"datePublished\":\"2019-12-11T08:35:56+00:00\",\"dateModified\":\"2020-01-11T09:34:49+00:00\",\"breadcrumb\":{\"@id\":\"https:\/\/sey.fi\/luonnonelaimet\/tunnistatko-luonnonelaimet\/#breadcrumb\"},\"inLanguage\":\"fi\",\"potentialAction\":[{\"@type\":\"ReadAction\",\"target\":[\"https:\/\/sey.fi\/luonnonelaimet\/tunnistatko-luonnonelaimet\/\"]}]},{\"@type\":\"ImageObject\",\"inLanguage\":\"fi\",\"@id\":\"https:\/\/sey.fi\/luonnonelaimet\/tunnistatko-luonnonelaimet\/#primaryimage\",\"url\":\"http:\/\/luonnonelaimet.fi\/images\/tirppa02.png\",\"contentUrl\":\"http:\/\/luonnonelaimet.fi\/images\/tirppa02.png\"},{\"@type\":\"BreadcrumbList\",\"@id\":\"https:\/\/sey.fi\/luonnonelaimet\/tunnistatko-luonnonelaimet\/#breadcrumb\",\"itemListElement\":[{\"@type\":\"ListItem\",\"position\":1,\"name\":\"Home\",\"item\":\"https:\/\/sey.fi\/luonnonelaimet\/\"},{\"@type\":\"ListItem\",\"position\":2,\"name\":\"Tunnistatko luonnonel\u00e4imet?\"}]},{\"@type\":\"WebSite\",\"@id\":\"https:\/\/sey.fi\/luonnonelaimet\/#website\",\"url\":\"https:\/\/sey.fi\/luonnonelaimet\/\",\"name\":\"Luonnonel\u00e4imet\",\"description\":\"Uusi SEY J\u00e4senyhdistykset -sivusto\",\"potentialAction\":[{\"@type\":\"SearchAction\",\"target\":{\"@type\":\"EntryPoint\",\"urlTemplate\":\"https:\/\/sey.fi\/luonnonelaimet\/?s={search_term_string}\"},\"query-input\":{\"@type\":\"PropertyValueSpecification\",\"valueRequired\":true,\"valueName\":\"search_term_string\"}}],\"inLanguage\":\"fi\"}]}<\/script>\n<!-- \/ Yoast SEO plugin. -->","yoast_head_json":{"title":"Tunnistatko luonnonel\u00e4imet? - Luonnonel\u00e4imet","robots":{"index":"index","follow":"follow","max-snippet":"max-snippet:-1","max-image-preview":"max-image-preview:large","max-video-preview":"max-video-preview:-1"},"canonical":"https:\/\/sey.fi\/luonnonelaimet\/tunnistatko-luonnonelaimet\/","og_locale":"fi_FI","og_type":"article","og_title":"Tunnistatko luonnonel\u00e4imet? - Luonnonel\u00e4imet","og_description":"Tulosta teht\u00e4v\u00e4 ja kirjoita viivoille mik\u00e4 el\u00e4in on kyseess\u00e4. __________________ ___________________ ____________________ _____________________ ____________________","og_url":"https:\/\/sey.fi\/luonnonelaimet\/tunnistatko-luonnonelaimet\/","og_site_name":"Luonnonel\u00e4imet","article_modified_time":"2020-01-11T09:34:49+00:00","og_image":[{"url":"http:\/\/luonnonelaimet.fi\/images\/tirppa02.png","type":"","width":"","height":""}],"twitter_card":"summary_large_image","schema":{"@context":"https:\/\/schema.org","@graph":[{"@type":"WebPage","@id":"https:\/\/sey.fi\/luonnonelaimet\/tunnistatko-luonnonelaimet\/","url":"https:\/\/sey.fi\/luonnonelaimet\/tunnistatko-luonnonelaimet\/","name":"Tunnistatko luonnonel\u00e4imet? - Luonnonel\u00e4imet","isPartOf":{"@id":"https:\/\/sey.fi\/luonnonelaimet\/#website"},"primaryImageOfPage":{"@id":"https:\/\/sey.fi\/luonnonelaimet\/tunnistatko-luonnonelaimet\/#primaryimage"},"image":{"@id":"https:\/\/sey.fi\/luonnonelaimet\/tunnistatko-luonnonelaimet\/#primaryimage"},"thumbnailUrl":"http:\/\/luonnonelaimet.fi\/images\/tirppa02.png","datePublished":"2019-12-11T08:35:56+00:00","dateModified":"2020-01-11T09:34:49+00:00","breadcrumb":{"@id":"https:\/\/sey.fi\/luonnonelaimet\/tunnistatko-luonnonelaimet\/#breadcrumb"},"inLanguage":"fi","potentialAction":[{"@type":"ReadAction","target":["https:\/\/sey.fi\/luonnonelaimet\/tunnistatko-luonnonelaimet\/"]}]},{"@type":"ImageObject","inLanguage":"fi","@id":"https:\/\/sey.fi\/luonnonelaimet\/tunnistatko-luonnonelaimet\/#primaryimage","url":"http:\/\/luonnonelaimet.fi\/images\/tirppa02.png","contentUrl":"http:\/\/luonnonelaimet.fi\/images\/tirppa02.png"},{"@type":"BreadcrumbList","@id":"https:\/\/sey.fi\/luonnonelaimet\/tunnistatko-luonnonelaimet\/#breadcrumb","itemListElement":[{"@type":"ListItem","position":1,"name":"Home","item":"https:\/\/sey.fi\/luonnonelaimet\/"},{"@type":"ListItem","position":2,"name":"Tunnistatko luonnonel\u00e4imet?"}]},{"@type":"WebSite","@id":"https:\/\/sey.fi\/luonnonelaimet\/#website","url":"https:\/\/sey.fi\/luonnonelaimet\/","name":"Luonnonel\u00e4imet","description":"Uusi SEY J\u00e4senyhdistykset -sivusto","potentialAction":[{"@type":"SearchAction","target":{"@type":"EntryPoint","urlTemplate":"https:\/\/sey.fi\/luonnonelaimet\/?s={search_term_string}"},"query-input":{"@type":"PropertyValueSpecification","valueRequired":true,"valueName":"search_term_string"}}],"inLanguage":"fi"}]}},"_links":{"self":[{"href":"https:\/\/sey.fi\/luonnonelaimet\/wp-json\/wp\/v2\/pages\/104","targetHints":{"allow":["GET"]}}],"collection":[{"href":"https:\/\/sey.fi\/luonnonelaimet\/wp-json\/wp\/v2\/pages"}],"about":[{"href":"https:\/\/sey.fi\/luonnonelaimet\/wp-json\/wp\/v2\/types\/page"}],"author":[{"embeddable":true,"href":"https:\/\/sey.fi\/luonnonelaimet\/wp-json\/wp\/v2\/users\/8"}],"replies":[{"embeddable":true,"href":"https:\/\/sey.fi\/luonnonelaimet\/wp-json\/wp\/v2\/comments?post=104"}],"version-history":[{"count":2,"href":"https:\/\/sey.fi\/luonnonelaimet\/wp-json\/wp\/v2\/pages\/104\/revisions"}],"predecessor-version":[{"id":106,"href":"https:\/\/sey.fi\/luonnonelaimet\/wp-json\/wp\/v2\/pages\/104\/revisions\/106"}],"wp:attachment":[{"href":"https:\/\/sey.fi\/luonnonelaimet\/wp-json\/wp\/v2\/media?parent=104"}],"curies":[{"name":"wp","href":"https:\/\/api.w.org\/{rel}","templated":true}]}}