{"id":107,"date":"2019-12-11T10:37:35","date_gmt":"2019-12-11T08:37:35","guid":{"rendered":"http:\/\/srvr10.xetpoint.com\/~seyfi\/luonnonelaimet\/?page_id=107"},"modified":"2019-12-11T10:37:38","modified_gmt":"2019-12-11T08:37:38","slug":"valitse-oikea-vaihtoehto","status":"publish","type":"page","link":"https:\/\/sey.fi\/luonnonelaimet\/tehtavia-koululaisille\/valitse-oikea-vaihtoehto\/","title":{"rendered":"Valitse oikea vaihtoehto"},"content":{"rendered":"\n<div class=\"wp-block-image\"><figure class=\"alignright\"><img decoding=\"async\" src=\"http:\/\/luonnonelaimet.fi\/images\/tirppa04.png\" alt=\"\" \/><\/figure><\/div>\n\n\n\n<p>Oikeita vaihtoehtoja voi olla useampikin.<\/p>\n\n\n\n<p><strong>1. Jotta s\u00e4\u00e4styisi kyyn puremalta, kannattaa<\/strong><\/p>\n\n\n\n<p>a. k\u00e4ytt\u00e4\u00e4 saappaita liikuttaessa heinikossa, metsiss\u00e4 ja kallioilla<br>b. antaa pihanurmikon kasvaa oikein pitk\u00e4ksi<br>c. v\u00e4ltt\u00e4\u00e4 risu-, kivi- tai lautakasojen l\u00e4hell\u00e4 liikkumista<br><br><strong>2. Hiiret ja rotat hakeutuvat rakennusten sis\u00e4lle, koska<\/strong><\/p>\n\n\n\n<p>a. ne eksyv\u00e4t sinne vahingossa<br>b. ne etsiv\u00e4t ruokaa ja l\u00e4mmint\u00e4 suojaa<br>c. ne k\u00e4rsiv\u00e4t sairaudesta joka tekee ne kesyiksi<\/p>\n\n\n\n<p><strong>3. Siilit sy\u00f6v\u00e4t luonnossa<\/strong><\/p>\n\n\n\n<p>a. kastematoja ja etanoita<br>b. raatoja<br>c. hein\u00e4\u00e4<br>d. puun kuorta<br><br><strong>4. Tarvitseeko linnunp\u00f6ntt\u00f6j\u00e4 puhdistaa?<\/strong><\/p>\n\n\n\n<p>a. ei, linnut puhdistavat itse p\u00f6ntt\u00f6ns\u00e4<br>b. kyll\u00e4, kolmen vuoden v\u00e4lein<br>c. kyll\u00e4, kahdesti vuodessa: aikaisin kev\u00e4\u00e4ll\u00e4 ja syksyll\u00e4<\/p>\n\n\n\n<p><strong>5. Jos linnunpoikanen liikkuu mets\u00e4ss\u00e4 yksin eik\u00e4 se viel\u00e4 osaa lent\u00e4\u00e4, se tarvitsee aina apua<\/strong><\/p>\n\n\n\n<p>a. ei, monet linnunpoikaset l\u00e4htev\u00e4t pes\u00e4st\u00e4 lentokyvytt\u00f6min\u00e4 ja emo huolehtii niist\u00e4<br>b. kyll\u00e4, vie poikanen heti jonnekin hoitoon<br>c. kyll\u00e4, voit kasvattaa poikasen itse aikuiseksi<br><br><strong>6.\n K\u00e4velet rantakallioilla kes\u00e4ll\u00e4 ja yht\u00e4kki\u00e4 ymp\u00e4rill\u00e4si linnut alkavat \np\u00e4\u00e4st\u00e4\u00e4 kimeit\u00e4 huutoja ja lentelev\u00e4t villisti p\u00e4\u00e4si yl\u00e4puolella. Mist\u00e4 \non kyse?<\/strong><\/p>\n\n\n\n<p>a. Linnut ovat ilahtuneita tulostasi ja toivottavat sinut tervetulleeksi.<br>b. Linnut innostuvat kosiskelemaan toisiaan, kun her\u00e4tit ne p\u00e4iv\u00e4uniltaan.<br>c. Olet luultavasti l\u00e4hell\u00e4 lintujen pes\u00e4\u00e4 tai poikasia, joten ne ovat h\u00e4diss\u00e4\u00e4n ja yritt\u00e4v\u00e4t saada sinut poistumaan.<\/p>\n\n\n\n<p><strong>7. Jos kaloja pyydystet\u00e4\u00e4n verkoilla, verkot pit\u00e4\u00e4 k\u00e4yd\u00e4 tarkastamassa<\/strong><\/p>\n\n\n\n<p>a. kerran viikossa<br>b. mieluiten useita kertoja p\u00e4iv\u00e4ss\u00e4<br>c. joka toinen p\u00e4iv\u00e4<\/p>\n","protected":false},"excerpt":{"rendered":"<p>Oikeita vaihtoehtoja voi olla useampikin. 1. Jotta s\u00e4\u00e4styisi kyyn puremalta, kannattaa a. k\u00e4ytt\u00e4\u00e4 saappaita liikuttaessa heinikossa, metsiss\u00e4 ja kallioillab. antaa pihanurmikon kasvaa oikein pitk\u00e4ksic. v\u00e4ltt\u00e4\u00e4 risu-, kivi- tai lautakasojen l\u00e4hell\u00e4 liikkumista 2. Hiiret ja rotat hakeutuvat rakennusten sis\u00e4lle, koska a. ne eksyv\u00e4t sinne vahingossab. ne etsiv\u00e4t ruokaa ja l\u00e4mmint\u00e4 suojaac. ne k\u00e4rsiv\u00e4t sairaudesta joka tekee [&hellip;]<\/p>\n","protected":false},"author":8,"featured_media":0,"parent":96,"menu_order":0,"comment_status":"closed","ping_status":"closed","template":"","meta":{"_acf_changed":false,"footnotes":""},"class_list":["post-107","page","type-page","status-publish","hentry"],"acf":[],"yoast_head":"<!-- This site is optimized with the Yoast SEO plugin v27.1.1 - https:\/\/yoast.com\/product\/yoast-seo-wordpress\/ -->\n<title>Valitse oikea vaihtoehto - Luonnonel\u00e4imet<\/title>\n<meta name=\"robots\" content=\"index, follow, max-snippet:-1, max-image-preview:large, max-video-preview:-1\" \/>\n<link rel=\"canonical\" href=\"https:\/\/sey.fi\/luonnonelaimet\/tehtavia-koululaisille\/valitse-oikea-vaihtoehto\/\" \/>\n<meta property=\"og:locale\" content=\"fi_FI\" \/>\n<meta property=\"og:type\" content=\"article\" \/>\n<meta property=\"og:title\" content=\"Valitse oikea vaihtoehto - Luonnonel\u00e4imet\" \/>\n<meta property=\"og:description\" content=\"Oikeita vaihtoehtoja voi olla useampikin. 1. Jotta s\u00e4\u00e4styisi kyyn puremalta, kannattaa a. k\u00e4ytt\u00e4\u00e4 saappaita liikuttaessa heinikossa, metsiss\u00e4 ja kallioillab. antaa pihanurmikon kasvaa oikein pitk\u00e4ksic. v\u00e4ltt\u00e4\u00e4 risu-, kivi- tai lautakasojen l\u00e4hell\u00e4 liikkumista 2. Hiiret ja rotat hakeutuvat rakennusten sis\u00e4lle, koska a. ne eksyv\u00e4t sinne vahingossab. ne etsiv\u00e4t ruokaa ja l\u00e4mmint\u00e4 suojaac. ne k\u00e4rsiv\u00e4t sairaudesta joka tekee [&hellip;]\" \/>\n<meta property=\"og:url\" content=\"https:\/\/sey.fi\/luonnonelaimet\/tehtavia-koululaisille\/valitse-oikea-vaihtoehto\/\" \/>\n<meta property=\"og:site_name\" content=\"Luonnonel\u00e4imet\" \/>\n<meta property=\"article:modified_time\" content=\"2019-12-11T08:37:38+00:00\" \/>\n<meta property=\"og:image\" content=\"http:\/\/luonnonelaimet.fi\/images\/tirppa04.png\" \/>\n<meta name=\"twitter:card\" content=\"summary_large_image\" \/>\n<meta name=\"twitter:label1\" content=\"Arvioitu lukuaika\" \/>\n\t<meta name=\"twitter:data1\" content=\"1 minuutti\" \/>\n<script type=\"application\/ld+json\" class=\"yoast-schema-graph\">{\"@context\":\"https:\/\/schema.org\",\"@graph\":[{\"@type\":\"WebPage\",\"@id\":\"https:\/\/sey.fi\/luonnonelaimet\/tehtavia-koululaisille\/valitse-oikea-vaihtoehto\/\",\"url\":\"https:\/\/sey.fi\/luonnonelaimet\/tehtavia-koululaisille\/valitse-oikea-vaihtoehto\/\",\"name\":\"Valitse oikea vaihtoehto - Luonnonel\u00e4imet\",\"isPartOf\":{\"@id\":\"https:\/\/sey.fi\/luonnonelaimet\/#website\"},\"primaryImageOfPage\":{\"@id\":\"https:\/\/sey.fi\/luonnonelaimet\/tehtavia-koululaisille\/valitse-oikea-vaihtoehto\/#primaryimage\"},\"image\":{\"@id\":\"https:\/\/sey.fi\/luonnonelaimet\/tehtavia-koululaisille\/valitse-oikea-vaihtoehto\/#primaryimage\"},\"thumbnailUrl\":\"http:\/\/luonnonelaimet.fi\/images\/tirppa04.png\",\"datePublished\":\"2019-12-11T08:37:35+00:00\",\"dateModified\":\"2019-12-11T08:37:38+00:00\",\"breadcrumb\":{\"@id\":\"https:\/\/sey.fi\/luonnonelaimet\/tehtavia-koululaisille\/valitse-oikea-vaihtoehto\/#breadcrumb\"},\"inLanguage\":\"fi\",\"potentialAction\":[{\"@type\":\"ReadAction\",\"target\":[\"https:\/\/sey.fi\/luonnonelaimet\/tehtavia-koululaisille\/valitse-oikea-vaihtoehto\/\"]}]},{\"@type\":\"ImageObject\",\"inLanguage\":\"fi\",\"@id\":\"https:\/\/sey.fi\/luonnonelaimet\/tehtavia-koululaisille\/valitse-oikea-vaihtoehto\/#primaryimage\",\"url\":\"http:\/\/luonnonelaimet.fi\/images\/tirppa04.png\",\"contentUrl\":\"http:\/\/luonnonelaimet.fi\/images\/tirppa04.png\"},{\"@type\":\"BreadcrumbList\",\"@id\":\"https:\/\/sey.fi\/luonnonelaimet\/tehtavia-koululaisille\/valitse-oikea-vaihtoehto\/#breadcrumb\",\"itemListElement\":[{\"@type\":\"ListItem\",\"position\":1,\"name\":\"Home\",\"item\":\"https:\/\/sey.fi\/luonnonelaimet\/\"},{\"@type\":\"ListItem\",\"position\":2,\"name\":\"Teht\u00e4vi\u00e4 koululaisille\",\"item\":\"https:\/\/sey.fi\/luonnonelaimet\/tehtavia-koululaisille\/\"},{\"@type\":\"ListItem\",\"position\":3,\"name\":\"Valitse oikea vaihtoehto\"}]},{\"@type\":\"WebSite\",\"@id\":\"https:\/\/sey.fi\/luonnonelaimet\/#website\",\"url\":\"https:\/\/sey.fi\/luonnonelaimet\/\",\"name\":\"Luonnonel\u00e4imet\",\"description\":\"Uusi SEY J\u00e4senyhdistykset -sivusto\",\"potentialAction\":[{\"@type\":\"SearchAction\",\"target\":{\"@type\":\"EntryPoint\",\"urlTemplate\":\"https:\/\/sey.fi\/luonnonelaimet\/?s={search_term_string}\"},\"query-input\":{\"@type\":\"PropertyValueSpecification\",\"valueRequired\":true,\"valueName\":\"search_term_string\"}}],\"inLanguage\":\"fi\"}]}<\/script>\n<!-- \/ Yoast SEO plugin. -->","yoast_head_json":{"title":"Valitse oikea vaihtoehto - Luonnonel\u00e4imet","robots":{"index":"index","follow":"follow","max-snippet":"max-snippet:-1","max-image-preview":"max-image-preview:large","max-video-preview":"max-video-preview:-1"},"canonical":"https:\/\/sey.fi\/luonnonelaimet\/tehtavia-koululaisille\/valitse-oikea-vaihtoehto\/","og_locale":"fi_FI","og_type":"article","og_title":"Valitse oikea vaihtoehto - Luonnonel\u00e4imet","og_description":"Oikeita vaihtoehtoja voi olla useampikin. 1. Jotta s\u00e4\u00e4styisi kyyn puremalta, kannattaa a. k\u00e4ytt\u00e4\u00e4 saappaita liikuttaessa heinikossa, metsiss\u00e4 ja kallioillab. antaa pihanurmikon kasvaa oikein pitk\u00e4ksic. v\u00e4ltt\u00e4\u00e4 risu-, kivi- tai lautakasojen l\u00e4hell\u00e4 liikkumista 2. Hiiret ja rotat hakeutuvat rakennusten sis\u00e4lle, koska a. ne eksyv\u00e4t sinne vahingossab. ne etsiv\u00e4t ruokaa ja l\u00e4mmint\u00e4 suojaac. ne k\u00e4rsiv\u00e4t sairaudesta joka tekee [&hellip;]","og_url":"https:\/\/sey.fi\/luonnonelaimet\/tehtavia-koululaisille\/valitse-oikea-vaihtoehto\/","og_site_name":"Luonnonel\u00e4imet","article_modified_time":"2019-12-11T08:37:38+00:00","og_image":[{"url":"http:\/\/luonnonelaimet.fi\/images\/tirppa04.png","type":"","width":"","height":""}],"twitter_card":"summary_large_image","twitter_misc":{"Arvioitu lukuaika":"1 minuutti"},"schema":{"@context":"https:\/\/schema.org","@graph":[{"@type":"WebPage","@id":"https:\/\/sey.fi\/luonnonelaimet\/tehtavia-koululaisille\/valitse-oikea-vaihtoehto\/","url":"https:\/\/sey.fi\/luonnonelaimet\/tehtavia-koululaisille\/valitse-oikea-vaihtoehto\/","name":"Valitse oikea vaihtoehto - Luonnonel\u00e4imet","isPartOf":{"@id":"https:\/\/sey.fi\/luonnonelaimet\/#website"},"primaryImageOfPage":{"@id":"https:\/\/sey.fi\/luonnonelaimet\/tehtavia-koululaisille\/valitse-oikea-vaihtoehto\/#primaryimage"},"image":{"@id":"https:\/\/sey.fi\/luonnonelaimet\/tehtavia-koululaisille\/valitse-oikea-vaihtoehto\/#primaryimage"},"thumbnailUrl":"http:\/\/luonnonelaimet.fi\/images\/tirppa04.png","datePublished":"2019-12-11T08:37:35+00:00","dateModified":"2019-12-11T08:37:38+00:00","breadcrumb":{"@id":"https:\/\/sey.fi\/luonnonelaimet\/tehtavia-koululaisille\/valitse-oikea-vaihtoehto\/#breadcrumb"},"inLanguage":"fi","potentialAction":[{"@type":"ReadAction","target":["https:\/\/sey.fi\/luonnonelaimet\/tehtavia-koululaisille\/valitse-oikea-vaihtoehto\/"]}]},{"@type":"ImageObject","inLanguage":"fi","@id":"https:\/\/sey.fi\/luonnonelaimet\/tehtavia-koululaisille\/valitse-oikea-vaihtoehto\/#primaryimage","url":"http:\/\/luonnonelaimet.fi\/images\/tirppa04.png","contentUrl":"http:\/\/luonnonelaimet.fi\/images\/tirppa04.png"},{"@type":"BreadcrumbList","@id":"https:\/\/sey.fi\/luonnonelaimet\/tehtavia-koululaisille\/valitse-oikea-vaihtoehto\/#breadcrumb","itemListElement":[{"@type":"ListItem","position":1,"name":"Home","item":"https:\/\/sey.fi\/luonnonelaimet\/"},{"@type":"ListItem","position":2,"name":"Teht\u00e4vi\u00e4 koululaisille","item":"https:\/\/sey.fi\/luonnonelaimet\/tehtavia-koululaisille\/"},{"@type":"ListItem","position":3,"name":"Valitse oikea vaihtoehto"}]},{"@type":"WebSite","@id":"https:\/\/sey.fi\/luonnonelaimet\/#website","url":"https:\/\/sey.fi\/luonnonelaimet\/","name":"Luonnonel\u00e4imet","description":"Uusi SEY J\u00e4senyhdistykset -sivusto","potentialAction":[{"@type":"SearchAction","target":{"@type":"EntryPoint","urlTemplate":"https:\/\/sey.fi\/luonnonelaimet\/?s={search_term_string}"},"query-input":{"@type":"PropertyValueSpecification","valueRequired":true,"valueName":"search_term_string"}}],"inLanguage":"fi"}]}},"_links":{"self":[{"href":"https:\/\/sey.fi\/luonnonelaimet\/wp-json\/wp\/v2\/pages\/107","targetHints":{"allow":["GET"]}}],"collection":[{"href":"https:\/\/sey.fi\/luonnonelaimet\/wp-json\/wp\/v2\/pages"}],"about":[{"href":"https:\/\/sey.fi\/luonnonelaimet\/wp-json\/wp\/v2\/types\/page"}],"author":[{"embeddable":true,"href":"https:\/\/sey.fi\/luonnonelaimet\/wp-json\/wp\/v2\/users\/8"}],"replies":[{"embeddable":true,"href":"https:\/\/sey.fi\/luonnonelaimet\/wp-json\/wp\/v2\/comments?post=107"}],"version-history":[{"count":1,"href":"https:\/\/sey.fi\/luonnonelaimet\/wp-json\/wp\/v2\/pages\/107\/revisions"}],"predecessor-version":[{"id":108,"href":"https:\/\/sey.fi\/luonnonelaimet\/wp-json\/wp\/v2\/pages\/107\/revisions\/108"}],"up":[{"embeddable":true,"href":"https:\/\/sey.fi\/luonnonelaimet\/wp-json\/wp\/v2\/pages\/96"}],"wp:attachment":[{"href":"https:\/\/sey.fi\/luonnonelaimet\/wp-json\/wp\/v2\/media?parent=107"}],"curies":[{"name":"wp","href":"https:\/\/api.w.org\/{rel}","templated":true}]}}