{"id":113,"date":"2019-12-11T10:41:23","date_gmt":"2019-12-11T08:41:23","guid":{"rendered":"http:\/\/srvr10.xetpoint.com\/~seyfi\/luonnonelaimet\/?page_id=113"},"modified":"2020-01-11T11:32:55","modified_gmt":"2020-01-11T09:32:55","slug":"arvaatko-mika-luonnonelain-on-kyseessa","status":"publish","type":"page","link":"https:\/\/sey.fi\/luonnonelaimet\/arvaatko-mika-luonnonelain-on-kyseessa\/","title":{"rendered":"Arvaatko, mik\u00e4 luonnonel\u00e4in on kyseess\u00e4?"},"content":{"rendered":"\n<div class=\"wp-block-image\"><figure class=\"alignright\"><img decoding=\"async\" src=\"http:\/\/luonnonelaimet.fi\/images\/tirppa04.png\" alt=\"\" \/><\/figure><\/div>\n\n\n\n<p>1. Pieni ja piikik\u00e4s y\u00f6el\u00e4j\u00e4.<\/p>\n\n\n\n<p>2. Suurikokoinen nis\u00e4k\u00e4s, joka on Suomen merkitt\u00e4vin riistael\u00e4in.<\/p>\n\n\n\n<p>3. Nis\u00e4k\u00e4semo, joka k\u00e4y sy\u00f6tt\u00e4m\u00e4ss\u00e4 poikasiaan vain kerran h\u00e4m\u00e4r\u00e4n tultua.<\/p>\n\n\n\n<p>4. Suomen ainoa luonnossa el\u00e4v\u00e4 kissael\u00e4in.<\/p>\n\n\n\n<p>5. Koirael\u00e4imiin kuuluva nis\u00e4k\u00e4s el\u00e4\u00e4 mieluiten omasta perheest\u00e4 muodostuneessa laumassa.<\/p>\n\n\n\n<p>6. Tuuheah\u00e4nt\u00e4isen nis\u00e4kk\u00e4\u00e4n t\u00e4rkeint\u00e4 ravintoa ovat kuusen k\u00e4vyt.<\/p>\n\n\n\n<p>7. Suomen kansallisel\u00e4imelle l\u00f6ytyy kieless\u00e4mme yli kaksisataa erilaista nimityst\u00e4.<\/p>\n\n\n\n<p>8. Vesiel\u00e4m\u00e4\u00e4n sopeutunut n\u00e4\u00e4t\u00e4el\u00e4in, jolla on pitk\u00e4 ruumis, lyhyet jalat ja suippo kuono.<\/p>\n\n\n\n<p>9. Lent\u00e4v\u00e4 nis\u00e4k\u00e4s, joka on p\u00e4\u00e4s\u00e4\u00e4nt\u00f6isesti aktiivinen y\u00f6aikaan.<\/p>\n","protected":false},"excerpt":{"rendered":"<p>1. Pieni ja piikik\u00e4s y\u00f6el\u00e4j\u00e4. 2. Suurikokoinen nis\u00e4k\u00e4s, joka on Suomen merkitt\u00e4vin riistael\u00e4in. 3. Nis\u00e4k\u00e4semo, joka k\u00e4y sy\u00f6tt\u00e4m\u00e4ss\u00e4 poikasiaan vain kerran h\u00e4m\u00e4r\u00e4n tultua. 4. Suomen ainoa luonnossa el\u00e4v\u00e4 kissael\u00e4in. 5. Koirael\u00e4imiin kuuluva nis\u00e4k\u00e4s el\u00e4\u00e4 mieluiten omasta perheest\u00e4 muodostuneessa laumassa. 6. Tuuheah\u00e4nt\u00e4isen nis\u00e4kk\u00e4\u00e4n t\u00e4rkeint\u00e4 ravintoa ovat kuusen k\u00e4vyt. 7. Suomen kansallisel\u00e4imelle l\u00f6ytyy kieless\u00e4mme yli kaksisataa erilaista [&hellip;]<\/p>\n","protected":false},"author":8,"featured_media":0,"parent":0,"menu_order":0,"comment_status":"closed","ping_status":"closed","template":"","meta":{"_acf_changed":false,"footnotes":""},"class_list":["post-113","page","type-page","status-publish","hentry"],"acf":[],"yoast_head":"<!-- This site is optimized with the Yoast SEO plugin v27.1.1 - https:\/\/yoast.com\/product\/yoast-seo-wordpress\/ -->\n<title>Arvaatko, mik\u00e4 luonnonel\u00e4in on kyseess\u00e4? - Luonnonel\u00e4imet<\/title>\n<meta name=\"robots\" content=\"index, follow, max-snippet:-1, max-image-preview:large, max-video-preview:-1\" \/>\n<link rel=\"canonical\" href=\"https:\/\/sey.fi\/luonnonelaimet\/arvaatko-mika-luonnonelain-on-kyseessa\/\" \/>\n<meta property=\"og:locale\" content=\"fi_FI\" \/>\n<meta property=\"og:type\" content=\"article\" \/>\n<meta property=\"og:title\" content=\"Arvaatko, mik\u00e4 luonnonel\u00e4in on kyseess\u00e4? - Luonnonel\u00e4imet\" \/>\n<meta property=\"og:description\" content=\"1. Pieni ja piikik\u00e4s y\u00f6el\u00e4j\u00e4. 2. Suurikokoinen nis\u00e4k\u00e4s, joka on Suomen merkitt\u00e4vin riistael\u00e4in. 3. Nis\u00e4k\u00e4semo, joka k\u00e4y sy\u00f6tt\u00e4m\u00e4ss\u00e4 poikasiaan vain kerran h\u00e4m\u00e4r\u00e4n tultua. 4. Suomen ainoa luonnossa el\u00e4v\u00e4 kissael\u00e4in. 5. Koirael\u00e4imiin kuuluva nis\u00e4k\u00e4s el\u00e4\u00e4 mieluiten omasta perheest\u00e4 muodostuneessa laumassa. 6. Tuuheah\u00e4nt\u00e4isen nis\u00e4kk\u00e4\u00e4n t\u00e4rkeint\u00e4 ravintoa ovat kuusen k\u00e4vyt. 7. Suomen kansallisel\u00e4imelle l\u00f6ytyy kieless\u00e4mme yli kaksisataa erilaista [&hellip;]\" \/>\n<meta property=\"og:url\" content=\"https:\/\/sey.fi\/luonnonelaimet\/arvaatko-mika-luonnonelain-on-kyseessa\/\" \/>\n<meta property=\"og:site_name\" content=\"Luonnonel\u00e4imet\" \/>\n<meta property=\"article:modified_time\" content=\"2020-01-11T09:32:55+00:00\" \/>\n<meta property=\"og:image\" content=\"http:\/\/luonnonelaimet.fi\/images\/tirppa04.png\" \/>\n<meta name=\"twitter:card\" content=\"summary_large_image\" \/>\n<meta name=\"twitter:label1\" content=\"Arvioitu lukuaika\" \/>\n\t<meta name=\"twitter:data1\" content=\"1 minuutti\" \/>\n<script type=\"application\/ld+json\" class=\"yoast-schema-graph\">{\"@context\":\"https:\/\/schema.org\",\"@graph\":[{\"@type\":\"WebPage\",\"@id\":\"https:\/\/sey.fi\/luonnonelaimet\/arvaatko-mika-luonnonelain-on-kyseessa\/\",\"url\":\"https:\/\/sey.fi\/luonnonelaimet\/arvaatko-mika-luonnonelain-on-kyseessa\/\",\"name\":\"Arvaatko, mik\u00e4 luonnonel\u00e4in on kyseess\u00e4? - Luonnonel\u00e4imet\",\"isPartOf\":{\"@id\":\"https:\/\/sey.fi\/luonnonelaimet\/#website\"},\"primaryImageOfPage\":{\"@id\":\"https:\/\/sey.fi\/luonnonelaimet\/arvaatko-mika-luonnonelain-on-kyseessa\/#primaryimage\"},\"image\":{\"@id\":\"https:\/\/sey.fi\/luonnonelaimet\/arvaatko-mika-luonnonelain-on-kyseessa\/#primaryimage\"},\"thumbnailUrl\":\"http:\/\/luonnonelaimet.fi\/images\/tirppa04.png\",\"datePublished\":\"2019-12-11T08:41:23+00:00\",\"dateModified\":\"2020-01-11T09:32:55+00:00\",\"breadcrumb\":{\"@id\":\"https:\/\/sey.fi\/luonnonelaimet\/arvaatko-mika-luonnonelain-on-kyseessa\/#breadcrumb\"},\"inLanguage\":\"fi\",\"potentialAction\":[{\"@type\":\"ReadAction\",\"target\":[\"https:\/\/sey.fi\/luonnonelaimet\/arvaatko-mika-luonnonelain-on-kyseessa\/\"]}]},{\"@type\":\"ImageObject\",\"inLanguage\":\"fi\",\"@id\":\"https:\/\/sey.fi\/luonnonelaimet\/arvaatko-mika-luonnonelain-on-kyseessa\/#primaryimage\",\"url\":\"http:\/\/luonnonelaimet.fi\/images\/tirppa04.png\",\"contentUrl\":\"http:\/\/luonnonelaimet.fi\/images\/tirppa04.png\"},{\"@type\":\"BreadcrumbList\",\"@id\":\"https:\/\/sey.fi\/luonnonelaimet\/arvaatko-mika-luonnonelain-on-kyseessa\/#breadcrumb\",\"itemListElement\":[{\"@type\":\"ListItem\",\"position\":1,\"name\":\"Home\",\"item\":\"https:\/\/sey.fi\/luonnonelaimet\/\"},{\"@type\":\"ListItem\",\"position\":2,\"name\":\"Arvaatko, mik\u00e4 luonnonel\u00e4in on kyseess\u00e4?\"}]},{\"@type\":\"WebSite\",\"@id\":\"https:\/\/sey.fi\/luonnonelaimet\/#website\",\"url\":\"https:\/\/sey.fi\/luonnonelaimet\/\",\"name\":\"Luonnonel\u00e4imet\",\"description\":\"Uusi SEY J\u00e4senyhdistykset -sivusto\",\"potentialAction\":[{\"@type\":\"SearchAction\",\"target\":{\"@type\":\"EntryPoint\",\"urlTemplate\":\"https:\/\/sey.fi\/luonnonelaimet\/?s={search_term_string}\"},\"query-input\":{\"@type\":\"PropertyValueSpecification\",\"valueRequired\":true,\"valueName\":\"search_term_string\"}}],\"inLanguage\":\"fi\"}]}<\/script>\n<!-- \/ Yoast SEO plugin. -->","yoast_head_json":{"title":"Arvaatko, mik\u00e4 luonnonel\u00e4in on kyseess\u00e4? - Luonnonel\u00e4imet","robots":{"index":"index","follow":"follow","max-snippet":"max-snippet:-1","max-image-preview":"max-image-preview:large","max-video-preview":"max-video-preview:-1"},"canonical":"https:\/\/sey.fi\/luonnonelaimet\/arvaatko-mika-luonnonelain-on-kyseessa\/","og_locale":"fi_FI","og_type":"article","og_title":"Arvaatko, mik\u00e4 luonnonel\u00e4in on kyseess\u00e4? - Luonnonel\u00e4imet","og_description":"1. Pieni ja piikik\u00e4s y\u00f6el\u00e4j\u00e4. 2. Suurikokoinen nis\u00e4k\u00e4s, joka on Suomen merkitt\u00e4vin riistael\u00e4in. 3. Nis\u00e4k\u00e4semo, joka k\u00e4y sy\u00f6tt\u00e4m\u00e4ss\u00e4 poikasiaan vain kerran h\u00e4m\u00e4r\u00e4n tultua. 4. Suomen ainoa luonnossa el\u00e4v\u00e4 kissael\u00e4in. 5. Koirael\u00e4imiin kuuluva nis\u00e4k\u00e4s el\u00e4\u00e4 mieluiten omasta perheest\u00e4 muodostuneessa laumassa. 6. Tuuheah\u00e4nt\u00e4isen nis\u00e4kk\u00e4\u00e4n t\u00e4rkeint\u00e4 ravintoa ovat kuusen k\u00e4vyt. 7. Suomen kansallisel\u00e4imelle l\u00f6ytyy kieless\u00e4mme yli kaksisataa erilaista [&hellip;]","og_url":"https:\/\/sey.fi\/luonnonelaimet\/arvaatko-mika-luonnonelain-on-kyseessa\/","og_site_name":"Luonnonel\u00e4imet","article_modified_time":"2020-01-11T09:32:55+00:00","og_image":[{"url":"http:\/\/luonnonelaimet.fi\/images\/tirppa04.png","type":"","width":"","height":""}],"twitter_card":"summary_large_image","twitter_misc":{"Arvioitu lukuaika":"1 minuutti"},"schema":{"@context":"https:\/\/schema.org","@graph":[{"@type":"WebPage","@id":"https:\/\/sey.fi\/luonnonelaimet\/arvaatko-mika-luonnonelain-on-kyseessa\/","url":"https:\/\/sey.fi\/luonnonelaimet\/arvaatko-mika-luonnonelain-on-kyseessa\/","name":"Arvaatko, mik\u00e4 luonnonel\u00e4in on kyseess\u00e4? - Luonnonel\u00e4imet","isPartOf":{"@id":"https:\/\/sey.fi\/luonnonelaimet\/#website"},"primaryImageOfPage":{"@id":"https:\/\/sey.fi\/luonnonelaimet\/arvaatko-mika-luonnonelain-on-kyseessa\/#primaryimage"},"image":{"@id":"https:\/\/sey.fi\/luonnonelaimet\/arvaatko-mika-luonnonelain-on-kyseessa\/#primaryimage"},"thumbnailUrl":"http:\/\/luonnonelaimet.fi\/images\/tirppa04.png","datePublished":"2019-12-11T08:41:23+00:00","dateModified":"2020-01-11T09:32:55+00:00","breadcrumb":{"@id":"https:\/\/sey.fi\/luonnonelaimet\/arvaatko-mika-luonnonelain-on-kyseessa\/#breadcrumb"},"inLanguage":"fi","potentialAction":[{"@type":"ReadAction","target":["https:\/\/sey.fi\/luonnonelaimet\/arvaatko-mika-luonnonelain-on-kyseessa\/"]}]},{"@type":"ImageObject","inLanguage":"fi","@id":"https:\/\/sey.fi\/luonnonelaimet\/arvaatko-mika-luonnonelain-on-kyseessa\/#primaryimage","url":"http:\/\/luonnonelaimet.fi\/images\/tirppa04.png","contentUrl":"http:\/\/luonnonelaimet.fi\/images\/tirppa04.png"},{"@type":"BreadcrumbList","@id":"https:\/\/sey.fi\/luonnonelaimet\/arvaatko-mika-luonnonelain-on-kyseessa\/#breadcrumb","itemListElement":[{"@type":"ListItem","position":1,"name":"Home","item":"https:\/\/sey.fi\/luonnonelaimet\/"},{"@type":"ListItem","position":2,"name":"Arvaatko, mik\u00e4 luonnonel\u00e4in on kyseess\u00e4?"}]},{"@type":"WebSite","@id":"https:\/\/sey.fi\/luonnonelaimet\/#website","url":"https:\/\/sey.fi\/luonnonelaimet\/","name":"Luonnonel\u00e4imet","description":"Uusi SEY J\u00e4senyhdistykset -sivusto","potentialAction":[{"@type":"SearchAction","target":{"@type":"EntryPoint","urlTemplate":"https:\/\/sey.fi\/luonnonelaimet\/?s={search_term_string}"},"query-input":{"@type":"PropertyValueSpecification","valueRequired":true,"valueName":"search_term_string"}}],"inLanguage":"fi"}]}},"_links":{"self":[{"href":"https:\/\/sey.fi\/luonnonelaimet\/wp-json\/wp\/v2\/pages\/113","targetHints":{"allow":["GET"]}}],"collection":[{"href":"https:\/\/sey.fi\/luonnonelaimet\/wp-json\/wp\/v2\/pages"}],"about":[{"href":"https:\/\/sey.fi\/luonnonelaimet\/wp-json\/wp\/v2\/types\/page"}],"author":[{"embeddable":true,"href":"https:\/\/sey.fi\/luonnonelaimet\/wp-json\/wp\/v2\/users\/8"}],"replies":[{"embeddable":true,"href":"https:\/\/sey.fi\/luonnonelaimet\/wp-json\/wp\/v2\/comments?post=113"}],"version-history":[{"count":1,"href":"https:\/\/sey.fi\/luonnonelaimet\/wp-json\/wp\/v2\/pages\/113\/revisions"}],"predecessor-version":[{"id":114,"href":"https:\/\/sey.fi\/luonnonelaimet\/wp-json\/wp\/v2\/pages\/113\/revisions\/114"}],"wp:attachment":[{"href":"https:\/\/sey.fi\/luonnonelaimet\/wp-json\/wp\/v2\/media?parent=113"}],"curies":[{"name":"wp","href":"https:\/\/api.w.org\/{rel}","templated":true}]}}