{"id":117,"date":"2019-12-11T10:45:15","date_gmt":"2019-12-11T08:45:15","guid":{"rendered":"http:\/\/srvr10.xetpoint.com\/~seyfi\/luonnonelaimet\/?page_id=117"},"modified":"2023-01-27T12:28:12","modified_gmt":"2023-01-27T10:28:12","slug":"vastaukset-elain-luonnossa-oppaan-tehtaviin","status":"publish","type":"page","link":"https:\/\/sey.fi\/luonnonelaimet\/tehtavia-koululaisille\/vastaukset-tehtaviin\/vastaukset-elain-luonnossa-oppaan-tehtaviin\/","title":{"rendered":"Vastaukset El\u00e4in luonnossa- oppaan teht\u00e4viin"},"content":{"rendered":"\n<p>s. 11<\/p>\n\n\n\n<ol class=\"wp-block-list\"><li>ahma<\/li><li>kettu<\/li><li>m\u00e4yr\u00e4<\/li><li>hirvi<\/li><li>rusakko<\/li><li>joutsen<\/li><\/ol>\n\n\n\n<p>s. 17<\/p>\n\n\n\n<p>Numeroruudukon arvoitus: \u00c4l\u00e4 roskaa luontoa<\/p>\n\n\n\n<p>s. 21<\/p>\n\n\n\n<ol class=\"wp-block-list\"><li>Nis\u00e4k\u00e4s<\/li><li>Siili<\/li><li>M\u00e4yr\u00e4<\/li><li>Vaihtol\u00e4mp\u00f6inen<\/li><li>Rusakko<\/li><li>Kettu<\/li><li>Rauhoitettu<\/li><li>Sinisorsa<\/li><li>Matelijat<\/li><li>Joutsen<\/li><li>Karhu<\/li><li>Tasal\u00e4mp\u00f6inen<\/li><li>Orava<\/li><li>Suojav\u00e4ri<\/li><li>Ilmastonmuutos<\/li><\/ol>\n\n\n\n<p>s. 30<\/p>\n\n\n\n<ol class=\"wp-block-list\"><li>Totta<\/li><li>Totta<\/li><li>Tarua<\/li><li>Tarua<\/li><li>Totta<\/li><li>Tarua<\/li><li>Tarua<\/li><li>Tarua<\/li><li>Totta<\/li><li>Tarua<\/li><\/ol>\n","protected":false},"excerpt":{"rendered":"<p>s. 11 ahma kettu m\u00e4yr\u00e4 hirvi rusakko joutsen s. 17 Numeroruudukon arvoitus: \u00c4l\u00e4 roskaa luontoa s. 21 Nis\u00e4k\u00e4s Siili M\u00e4yr\u00e4 Vaihtol\u00e4mp\u00f6inen Rusakko Kettu Rauhoitettu Sinisorsa Matelijat Joutsen Karhu Tasal\u00e4mp\u00f6inen Orava Suojav\u00e4ri Ilmastonmuutos s. 30 Totta Totta Tarua Tarua Totta Tarua Tarua Tarua Totta Tarua<\/p>\n","protected":false},"author":8,"featured_media":471,"parent":115,"menu_order":0,"comment_status":"closed","ping_status":"closed","template":"","meta":{"_acf_changed":false,"footnotes":""},"class_list":["post-117","page","type-page","status-publish","has-post-thumbnail","hentry"],"acf":[],"yoast_head":"<!-- This site is optimized with the Yoast SEO plugin v27.1.1 - https:\/\/yoast.com\/product\/yoast-seo-wordpress\/ -->\n<title>Vastaukset El\u00e4in luonnossa- oppaan teht\u00e4viin - Luonnonel\u00e4imet<\/title>\n<meta name=\"robots\" content=\"index, follow, max-snippet:-1, max-image-preview:large, max-video-preview:-1\" \/>\n<link rel=\"canonical\" href=\"https:\/\/sey.fi\/luonnonelaimet\/tehtavia-koululaisille\/vastaukset-tehtaviin\/vastaukset-elain-luonnossa-oppaan-tehtaviin\/\" \/>\n<meta property=\"og:locale\" content=\"fi_FI\" \/>\n<meta property=\"og:type\" content=\"article\" \/>\n<meta property=\"og:title\" content=\"Vastaukset El\u00e4in luonnossa- oppaan teht\u00e4viin - Luonnonel\u00e4imet\" \/>\n<meta property=\"og:description\" content=\"s. 11 ahma kettu m\u00e4yr\u00e4 hirvi rusakko joutsen s. 17 Numeroruudukon arvoitus: \u00c4l\u00e4 roskaa luontoa s. 21 Nis\u00e4k\u00e4s Siili M\u00e4yr\u00e4 Vaihtol\u00e4mp\u00f6inen Rusakko Kettu Rauhoitettu Sinisorsa Matelijat Joutsen Karhu Tasal\u00e4mp\u00f6inen Orava Suojav\u00e4ri Ilmastonmuutos s. 30 Totta Totta Tarua Tarua Totta Tarua Tarua Tarua Totta Tarua\" \/>\n<meta property=\"og:url\" content=\"https:\/\/sey.fi\/luonnonelaimet\/tehtavia-koululaisille\/vastaukset-tehtaviin\/vastaukset-elain-luonnossa-oppaan-tehtaviin\/\" \/>\n<meta property=\"og:site_name\" content=\"Luonnonel\u00e4imet\" \/>\n<meta property=\"article:modified_time\" content=\"2023-01-27T10:28:12+00:00\" \/>\n<meta property=\"og:image\" content=\"https:\/\/sey.fi\/wp-content\/uploads\/sites\/49\/2023\/01\/elain-luonnossa-opas.png\" \/>\n\t<meta property=\"og:image:width\" content=\"1200\" \/>\n\t<meta property=\"og:image:height\" content=\"628\" \/>\n\t<meta property=\"og:image:type\" content=\"image\/png\" \/>\n<meta name=\"twitter:card\" content=\"summary_large_image\" \/>\n<meta name=\"twitter:label1\" content=\"Arvioitu lukuaika\" \/>\n\t<meta name=\"twitter:data1\" content=\"1 minuutti\" \/>\n<script type=\"application\/ld+json\" class=\"yoast-schema-graph\">{\"@context\":\"https:\/\/schema.org\",\"@graph\":[{\"@type\":\"WebPage\",\"@id\":\"https:\/\/sey.fi\/luonnonelaimet\/tehtavia-koululaisille\/vastaukset-tehtaviin\/vastaukset-elain-luonnossa-oppaan-tehtaviin\/\",\"url\":\"https:\/\/sey.fi\/luonnonelaimet\/tehtavia-koululaisille\/vastaukset-tehtaviin\/vastaukset-elain-luonnossa-oppaan-tehtaviin\/\",\"name\":\"Vastaukset El\u00e4in luonnossa- oppaan teht\u00e4viin - Luonnonel\u00e4imet\",\"isPartOf\":{\"@id\":\"https:\/\/sey.fi\/luonnonelaimet\/#website\"},\"primaryImageOfPage\":{\"@id\":\"https:\/\/sey.fi\/luonnonelaimet\/tehtavia-koululaisille\/vastaukset-tehtaviin\/vastaukset-elain-luonnossa-oppaan-tehtaviin\/#primaryimage\"},\"image\":{\"@id\":\"https:\/\/sey.fi\/luonnonelaimet\/tehtavia-koululaisille\/vastaukset-tehtaviin\/vastaukset-elain-luonnossa-oppaan-tehtaviin\/#primaryimage\"},\"thumbnailUrl\":\"https:\/\/sey.fi\/wp-content\/uploads\/sites\/49\/2023\/01\/elain-luonnossa-opas.png\",\"datePublished\":\"2019-12-11T08:45:15+00:00\",\"dateModified\":\"2023-01-27T10:28:12+00:00\",\"breadcrumb\":{\"@id\":\"https:\/\/sey.fi\/luonnonelaimet\/tehtavia-koululaisille\/vastaukset-tehtaviin\/vastaukset-elain-luonnossa-oppaan-tehtaviin\/#breadcrumb\"},\"inLanguage\":\"fi\",\"potentialAction\":[{\"@type\":\"ReadAction\",\"target\":[\"https:\/\/sey.fi\/luonnonelaimet\/tehtavia-koululaisille\/vastaukset-tehtaviin\/vastaukset-elain-luonnossa-oppaan-tehtaviin\/\"]}]},{\"@type\":\"ImageObject\",\"inLanguage\":\"fi\",\"@id\":\"https:\/\/sey.fi\/luonnonelaimet\/tehtavia-koululaisille\/vastaukset-tehtaviin\/vastaukset-elain-luonnossa-oppaan-tehtaviin\/#primaryimage\",\"url\":\"https:\/\/sey.fi\/wp-content\/uploads\/sites\/49\/2023\/01\/elain-luonnossa-opas.png\",\"contentUrl\":\"https:\/\/sey.fi\/wp-content\/uploads\/sites\/49\/2023\/01\/elain-luonnossa-opas.png\",\"width\":1200,\"height\":628,\"caption\":\"El\u00e4in luonnossa -oppaan kansikuva ja Luonto on kotini -juliste\"},{\"@type\":\"BreadcrumbList\",\"@id\":\"https:\/\/sey.fi\/luonnonelaimet\/tehtavia-koululaisille\/vastaukset-tehtaviin\/vastaukset-elain-luonnossa-oppaan-tehtaviin\/#breadcrumb\",\"itemListElement\":[{\"@type\":\"ListItem\",\"position\":1,\"name\":\"Home\",\"item\":\"https:\/\/sey.fi\/luonnonelaimet\/\"},{\"@type\":\"ListItem\",\"position\":2,\"name\":\"Teht\u00e4vi\u00e4 koululaisille\",\"item\":\"https:\/\/sey.fi\/luonnonelaimet\/tehtavia-koululaisille\/\"},{\"@type\":\"ListItem\",\"position\":3,\"name\":\"Vastaukset teht\u00e4viin\",\"item\":\"https:\/\/sey.fi\/luonnonelaimet\/tehtavia-koululaisille\/vastaukset-tehtaviin\/\"},{\"@type\":\"ListItem\",\"position\":4,\"name\":\"Vastaukset El\u00e4in luonnossa- oppaan teht\u00e4viin\"}]},{\"@type\":\"WebSite\",\"@id\":\"https:\/\/sey.fi\/luonnonelaimet\/#website\",\"url\":\"https:\/\/sey.fi\/luonnonelaimet\/\",\"name\":\"Luonnonel\u00e4imet\",\"description\":\"Uusi SEY J\u00e4senyhdistykset -sivusto\",\"potentialAction\":[{\"@type\":\"SearchAction\",\"target\":{\"@type\":\"EntryPoint\",\"urlTemplate\":\"https:\/\/sey.fi\/luonnonelaimet\/?s={search_term_string}\"},\"query-input\":{\"@type\":\"PropertyValueSpecification\",\"valueRequired\":true,\"valueName\":\"search_term_string\"}}],\"inLanguage\":\"fi\"}]}<\/script>\n<!-- \/ Yoast SEO plugin. -->","yoast_head_json":{"title":"Vastaukset El\u00e4in luonnossa- oppaan teht\u00e4viin - Luonnonel\u00e4imet","robots":{"index":"index","follow":"follow","max-snippet":"max-snippet:-1","max-image-preview":"max-image-preview:large","max-video-preview":"max-video-preview:-1"},"canonical":"https:\/\/sey.fi\/luonnonelaimet\/tehtavia-koululaisille\/vastaukset-tehtaviin\/vastaukset-elain-luonnossa-oppaan-tehtaviin\/","og_locale":"fi_FI","og_type":"article","og_title":"Vastaukset El\u00e4in luonnossa- oppaan teht\u00e4viin - Luonnonel\u00e4imet","og_description":"s. 11 ahma kettu m\u00e4yr\u00e4 hirvi rusakko joutsen s. 17 Numeroruudukon arvoitus: \u00c4l\u00e4 roskaa luontoa s. 21 Nis\u00e4k\u00e4s Siili M\u00e4yr\u00e4 Vaihtol\u00e4mp\u00f6inen Rusakko Kettu Rauhoitettu Sinisorsa Matelijat Joutsen Karhu Tasal\u00e4mp\u00f6inen Orava Suojav\u00e4ri Ilmastonmuutos s. 30 Totta Totta Tarua Tarua Totta Tarua Tarua Tarua Totta Tarua","og_url":"https:\/\/sey.fi\/luonnonelaimet\/tehtavia-koululaisille\/vastaukset-tehtaviin\/vastaukset-elain-luonnossa-oppaan-tehtaviin\/","og_site_name":"Luonnonel\u00e4imet","article_modified_time":"2023-01-27T10:28:12+00:00","og_image":[{"width":1200,"height":628,"url":"https:\/\/sey.fi\/wp-content\/uploads\/sites\/49\/2023\/01\/elain-luonnossa-opas.png","type":"image\/png"}],"twitter_card":"summary_large_image","twitter_misc":{"Arvioitu lukuaika":"1 minuutti"},"schema":{"@context":"https:\/\/schema.org","@graph":[{"@type":"WebPage","@id":"https:\/\/sey.fi\/luonnonelaimet\/tehtavia-koululaisille\/vastaukset-tehtaviin\/vastaukset-elain-luonnossa-oppaan-tehtaviin\/","url":"https:\/\/sey.fi\/luonnonelaimet\/tehtavia-koululaisille\/vastaukset-tehtaviin\/vastaukset-elain-luonnossa-oppaan-tehtaviin\/","name":"Vastaukset El\u00e4in luonnossa- oppaan teht\u00e4viin - Luonnonel\u00e4imet","isPartOf":{"@id":"https:\/\/sey.fi\/luonnonelaimet\/#website"},"primaryImageOfPage":{"@id":"https:\/\/sey.fi\/luonnonelaimet\/tehtavia-koululaisille\/vastaukset-tehtaviin\/vastaukset-elain-luonnossa-oppaan-tehtaviin\/#primaryimage"},"image":{"@id":"https:\/\/sey.fi\/luonnonelaimet\/tehtavia-koululaisille\/vastaukset-tehtaviin\/vastaukset-elain-luonnossa-oppaan-tehtaviin\/#primaryimage"},"thumbnailUrl":"https:\/\/sey.fi\/wp-content\/uploads\/sites\/49\/2023\/01\/elain-luonnossa-opas.png","datePublished":"2019-12-11T08:45:15+00:00","dateModified":"2023-01-27T10:28:12+00:00","breadcrumb":{"@id":"https:\/\/sey.fi\/luonnonelaimet\/tehtavia-koululaisille\/vastaukset-tehtaviin\/vastaukset-elain-luonnossa-oppaan-tehtaviin\/#breadcrumb"},"inLanguage":"fi","potentialAction":[{"@type":"ReadAction","target":["https:\/\/sey.fi\/luonnonelaimet\/tehtavia-koululaisille\/vastaukset-tehtaviin\/vastaukset-elain-luonnossa-oppaan-tehtaviin\/"]}]},{"@type":"ImageObject","inLanguage":"fi","@id":"https:\/\/sey.fi\/luonnonelaimet\/tehtavia-koululaisille\/vastaukset-tehtaviin\/vastaukset-elain-luonnossa-oppaan-tehtaviin\/#primaryimage","url":"https:\/\/sey.fi\/wp-content\/uploads\/sites\/49\/2023\/01\/elain-luonnossa-opas.png","contentUrl":"https:\/\/sey.fi\/wp-content\/uploads\/sites\/49\/2023\/01\/elain-luonnossa-opas.png","width":1200,"height":628,"caption":"El\u00e4in luonnossa -oppaan kansikuva ja Luonto on kotini -juliste"},{"@type":"BreadcrumbList","@id":"https:\/\/sey.fi\/luonnonelaimet\/tehtavia-koululaisille\/vastaukset-tehtaviin\/vastaukset-elain-luonnossa-oppaan-tehtaviin\/#breadcrumb","itemListElement":[{"@type":"ListItem","position":1,"name":"Home","item":"https:\/\/sey.fi\/luonnonelaimet\/"},{"@type":"ListItem","position":2,"name":"Teht\u00e4vi\u00e4 koululaisille","item":"https:\/\/sey.fi\/luonnonelaimet\/tehtavia-koululaisille\/"},{"@type":"ListItem","position":3,"name":"Vastaukset teht\u00e4viin","item":"https:\/\/sey.fi\/luonnonelaimet\/tehtavia-koululaisille\/vastaukset-tehtaviin\/"},{"@type":"ListItem","position":4,"name":"Vastaukset El\u00e4in luonnossa- oppaan teht\u00e4viin"}]},{"@type":"WebSite","@id":"https:\/\/sey.fi\/luonnonelaimet\/#website","url":"https:\/\/sey.fi\/luonnonelaimet\/","name":"Luonnonel\u00e4imet","description":"Uusi SEY J\u00e4senyhdistykset -sivusto","potentialAction":[{"@type":"SearchAction","target":{"@type":"EntryPoint","urlTemplate":"https:\/\/sey.fi\/luonnonelaimet\/?s={search_term_string}"},"query-input":{"@type":"PropertyValueSpecification","valueRequired":true,"valueName":"search_term_string"}}],"inLanguage":"fi"}]}},"_links":{"self":[{"href":"https:\/\/sey.fi\/luonnonelaimet\/wp-json\/wp\/v2\/pages\/117","targetHints":{"allow":["GET"]}}],"collection":[{"href":"https:\/\/sey.fi\/luonnonelaimet\/wp-json\/wp\/v2\/pages"}],"about":[{"href":"https:\/\/sey.fi\/luonnonelaimet\/wp-json\/wp\/v2\/types\/page"}],"author":[{"embeddable":true,"href":"https:\/\/sey.fi\/luonnonelaimet\/wp-json\/wp\/v2\/users\/8"}],"replies":[{"embeddable":true,"href":"https:\/\/sey.fi\/luonnonelaimet\/wp-json\/wp\/v2\/comments?post=117"}],"version-history":[{"count":3,"href":"https:\/\/sey.fi\/luonnonelaimet\/wp-json\/wp\/v2\/pages\/117\/revisions"}],"predecessor-version":[{"id":493,"href":"https:\/\/sey.fi\/luonnonelaimet\/wp-json\/wp\/v2\/pages\/117\/revisions\/493"}],"up":[{"embeddable":true,"href":"https:\/\/sey.fi\/luonnonelaimet\/wp-json\/wp\/v2\/pages\/115"}],"wp:featuredmedia":[{"embeddable":true,"href":"https:\/\/sey.fi\/luonnonelaimet\/wp-json\/wp\/v2\/media\/471"}],"wp:attachment":[{"href":"https:\/\/sey.fi\/luonnonelaimet\/wp-json\/wp\/v2\/media?parent=117"}],"curies":[{"name":"wp","href":"https:\/\/api.w.org\/{rel}","templated":true}]}}