{"id":119,"date":"2019-12-11T10:46:18","date_gmt":"2019-12-11T08:46:18","guid":{"rendered":"http:\/\/srvr10.xetpoint.com\/~seyfi\/luonnonelaimet\/?page_id=119"},"modified":"2020-01-11T11:32:12","modified_gmt":"2020-01-11T09:32:12","slug":"milla-paloniemen-kiroileva-siili","status":"publish","type":"page","link":"https:\/\/sey.fi\/luonnonelaimet\/milla-paloniemen-kiroileva-siili\/","title":{"rendered":"Milla Paloniemen Kiroileva siili"},"content":{"rendered":"\n<figure class=\"wp-block-image\"><img decoding=\"async\" src=\"http:\/\/luonnonelaimet.fi\/images\/silli.jpg\" alt=\"\" \/><\/figure>\n\n\n\n<p>Kiroileva silli l\u00e4hett\u00e4\u00e4 \u00e4k\u00e4iset terveisens\u00e4! Silli ei ole suotta \nvihainen, sill\u00e4 harmittomaltakin vaikuttava pieni roska voi sy\u00f6tyn\u00e4 olla\n el\u00e4imelle vaarallinen. Pahimmillaan el\u00e4in voi sotkeutua roskaan \nkohtalokkain seurauksin. V\u00e4hint\u00e4, mit\u00e4 luonnonel\u00e4inten hyv\u00e4ksi voimme \ntehd\u00e4, on olla roskaamatta ymp\u00e4rist\u00f6\u00e4mme.<\/p>\n\n\n\n<p>Kiroileva siili on Milla Paloniemen sarjakuvahahmo. Paloniemi teki t\u00e4m\u00e4n stripin SEYlle El\u00e4inten viikon kunniaksi.<\/p>\n","protected":false},"excerpt":{"rendered":"<p>Kiroileva silli l\u00e4hett\u00e4\u00e4 \u00e4k\u00e4iset terveisens\u00e4! Silli ei ole suotta vihainen, sill\u00e4 harmittomaltakin vaikuttava pieni roska voi sy\u00f6tyn\u00e4 olla el\u00e4imelle vaarallinen. Pahimmillaan el\u00e4in voi sotkeutua roskaan kohtalokkain seurauksin. V\u00e4hint\u00e4, mit\u00e4 luonnonel\u00e4inten hyv\u00e4ksi voimme tehd\u00e4, on olla roskaamatta ymp\u00e4rist\u00f6\u00e4mme. Kiroileva siili on Milla Paloniemen sarjakuvahahmo. Paloniemi teki t\u00e4m\u00e4n stripin SEYlle El\u00e4inten viikon kunniaksi.<\/p>\n","protected":false},"author":8,"featured_media":0,"parent":0,"menu_order":0,"comment_status":"closed","ping_status":"closed","template":"","meta":{"_acf_changed":false,"footnotes":""},"class_list":["post-119","page","type-page","status-publish","hentry"],"acf":[],"yoast_head":"<!-- This site is optimized with the Yoast SEO plugin v27.1.1 - https:\/\/yoast.com\/product\/yoast-seo-wordpress\/ -->\n<title>Milla Paloniemen Kiroileva siili - Luonnonel\u00e4imet<\/title>\n<meta name=\"robots\" content=\"index, follow, max-snippet:-1, max-image-preview:large, max-video-preview:-1\" \/>\n<link rel=\"canonical\" href=\"https:\/\/sey.fi\/luonnonelaimet\/milla-paloniemen-kiroileva-siili\/\" \/>\n<meta property=\"og:locale\" content=\"fi_FI\" \/>\n<meta property=\"og:type\" content=\"article\" \/>\n<meta property=\"og:title\" content=\"Milla Paloniemen Kiroileva siili - Luonnonel\u00e4imet\" \/>\n<meta property=\"og:description\" content=\"Kiroileva silli l\u00e4hett\u00e4\u00e4 \u00e4k\u00e4iset terveisens\u00e4! Silli ei ole suotta vihainen, sill\u00e4 harmittomaltakin vaikuttava pieni roska voi sy\u00f6tyn\u00e4 olla el\u00e4imelle vaarallinen. Pahimmillaan el\u00e4in voi sotkeutua roskaan kohtalokkain seurauksin. V\u00e4hint\u00e4, mit\u00e4 luonnonel\u00e4inten hyv\u00e4ksi voimme tehd\u00e4, on olla roskaamatta ymp\u00e4rist\u00f6\u00e4mme. Kiroileva siili on Milla Paloniemen sarjakuvahahmo. Paloniemi teki t\u00e4m\u00e4n stripin SEYlle El\u00e4inten viikon kunniaksi.\" \/>\n<meta property=\"og:url\" content=\"https:\/\/sey.fi\/luonnonelaimet\/milla-paloniemen-kiroileva-siili\/\" \/>\n<meta property=\"og:site_name\" content=\"Luonnonel\u00e4imet\" \/>\n<meta property=\"article:modified_time\" content=\"2020-01-11T09:32:12+00:00\" \/>\n<meta property=\"og:image\" content=\"http:\/\/luonnonelaimet.fi\/images\/silli.jpg\" \/>\n<meta name=\"twitter:card\" content=\"summary_large_image\" \/>\n<script type=\"application\/ld+json\" class=\"yoast-schema-graph\">{\"@context\":\"https:\/\/schema.org\",\"@graph\":[{\"@type\":\"WebPage\",\"@id\":\"https:\/\/sey.fi\/luonnonelaimet\/milla-paloniemen-kiroileva-siili\/\",\"url\":\"https:\/\/sey.fi\/luonnonelaimet\/milla-paloniemen-kiroileva-siili\/\",\"name\":\"Milla Paloniemen Kiroileva siili - Luonnonel\u00e4imet\",\"isPartOf\":{\"@id\":\"https:\/\/sey.fi\/luonnonelaimet\/#website\"},\"primaryImageOfPage\":{\"@id\":\"https:\/\/sey.fi\/luonnonelaimet\/milla-paloniemen-kiroileva-siili\/#primaryimage\"},\"image\":{\"@id\":\"https:\/\/sey.fi\/luonnonelaimet\/milla-paloniemen-kiroileva-siili\/#primaryimage\"},\"thumbnailUrl\":\"http:\/\/luonnonelaimet.fi\/images\/silli.jpg\",\"datePublished\":\"2019-12-11T08:46:18+00:00\",\"dateModified\":\"2020-01-11T09:32:12+00:00\",\"breadcrumb\":{\"@id\":\"https:\/\/sey.fi\/luonnonelaimet\/milla-paloniemen-kiroileva-siili\/#breadcrumb\"},\"inLanguage\":\"fi\",\"potentialAction\":[{\"@type\":\"ReadAction\",\"target\":[\"https:\/\/sey.fi\/luonnonelaimet\/milla-paloniemen-kiroileva-siili\/\"]}]},{\"@type\":\"ImageObject\",\"inLanguage\":\"fi\",\"@id\":\"https:\/\/sey.fi\/luonnonelaimet\/milla-paloniemen-kiroileva-siili\/#primaryimage\",\"url\":\"http:\/\/luonnonelaimet.fi\/images\/silli.jpg\",\"contentUrl\":\"http:\/\/luonnonelaimet.fi\/images\/silli.jpg\"},{\"@type\":\"BreadcrumbList\",\"@id\":\"https:\/\/sey.fi\/luonnonelaimet\/milla-paloniemen-kiroileva-siili\/#breadcrumb\",\"itemListElement\":[{\"@type\":\"ListItem\",\"position\":1,\"name\":\"Home\",\"item\":\"https:\/\/sey.fi\/luonnonelaimet\/\"},{\"@type\":\"ListItem\",\"position\":2,\"name\":\"Milla Paloniemen Kiroileva siili\"}]},{\"@type\":\"WebSite\",\"@id\":\"https:\/\/sey.fi\/luonnonelaimet\/#website\",\"url\":\"https:\/\/sey.fi\/luonnonelaimet\/\",\"name\":\"Luonnonel\u00e4imet\",\"description\":\"Uusi SEY J\u00e4senyhdistykset -sivusto\",\"potentialAction\":[{\"@type\":\"SearchAction\",\"target\":{\"@type\":\"EntryPoint\",\"urlTemplate\":\"https:\/\/sey.fi\/luonnonelaimet\/?s={search_term_string}\"},\"query-input\":{\"@type\":\"PropertyValueSpecification\",\"valueRequired\":true,\"valueName\":\"search_term_string\"}}],\"inLanguage\":\"fi\"}]}<\/script>\n<!-- \/ Yoast SEO plugin. -->","yoast_head_json":{"title":"Milla Paloniemen Kiroileva siili - Luonnonel\u00e4imet","robots":{"index":"index","follow":"follow","max-snippet":"max-snippet:-1","max-image-preview":"max-image-preview:large","max-video-preview":"max-video-preview:-1"},"canonical":"https:\/\/sey.fi\/luonnonelaimet\/milla-paloniemen-kiroileva-siili\/","og_locale":"fi_FI","og_type":"article","og_title":"Milla Paloniemen Kiroileva siili - Luonnonel\u00e4imet","og_description":"Kiroileva silli l\u00e4hett\u00e4\u00e4 \u00e4k\u00e4iset terveisens\u00e4! Silli ei ole suotta vihainen, sill\u00e4 harmittomaltakin vaikuttava pieni roska voi sy\u00f6tyn\u00e4 olla el\u00e4imelle vaarallinen. Pahimmillaan el\u00e4in voi sotkeutua roskaan kohtalokkain seurauksin. V\u00e4hint\u00e4, mit\u00e4 luonnonel\u00e4inten hyv\u00e4ksi voimme tehd\u00e4, on olla roskaamatta ymp\u00e4rist\u00f6\u00e4mme. Kiroileva siili on Milla Paloniemen sarjakuvahahmo. Paloniemi teki t\u00e4m\u00e4n stripin SEYlle El\u00e4inten viikon kunniaksi.","og_url":"https:\/\/sey.fi\/luonnonelaimet\/milla-paloniemen-kiroileva-siili\/","og_site_name":"Luonnonel\u00e4imet","article_modified_time":"2020-01-11T09:32:12+00:00","og_image":[{"url":"http:\/\/luonnonelaimet.fi\/images\/silli.jpg","type":"","width":"","height":""}],"twitter_card":"summary_large_image","schema":{"@context":"https:\/\/schema.org","@graph":[{"@type":"WebPage","@id":"https:\/\/sey.fi\/luonnonelaimet\/milla-paloniemen-kiroileva-siili\/","url":"https:\/\/sey.fi\/luonnonelaimet\/milla-paloniemen-kiroileva-siili\/","name":"Milla Paloniemen Kiroileva siili - Luonnonel\u00e4imet","isPartOf":{"@id":"https:\/\/sey.fi\/luonnonelaimet\/#website"},"primaryImageOfPage":{"@id":"https:\/\/sey.fi\/luonnonelaimet\/milla-paloniemen-kiroileva-siili\/#primaryimage"},"image":{"@id":"https:\/\/sey.fi\/luonnonelaimet\/milla-paloniemen-kiroileva-siili\/#primaryimage"},"thumbnailUrl":"http:\/\/luonnonelaimet.fi\/images\/silli.jpg","datePublished":"2019-12-11T08:46:18+00:00","dateModified":"2020-01-11T09:32:12+00:00","breadcrumb":{"@id":"https:\/\/sey.fi\/luonnonelaimet\/milla-paloniemen-kiroileva-siili\/#breadcrumb"},"inLanguage":"fi","potentialAction":[{"@type":"ReadAction","target":["https:\/\/sey.fi\/luonnonelaimet\/milla-paloniemen-kiroileva-siili\/"]}]},{"@type":"ImageObject","inLanguage":"fi","@id":"https:\/\/sey.fi\/luonnonelaimet\/milla-paloniemen-kiroileva-siili\/#primaryimage","url":"http:\/\/luonnonelaimet.fi\/images\/silli.jpg","contentUrl":"http:\/\/luonnonelaimet.fi\/images\/silli.jpg"},{"@type":"BreadcrumbList","@id":"https:\/\/sey.fi\/luonnonelaimet\/milla-paloniemen-kiroileva-siili\/#breadcrumb","itemListElement":[{"@type":"ListItem","position":1,"name":"Home","item":"https:\/\/sey.fi\/luonnonelaimet\/"},{"@type":"ListItem","position":2,"name":"Milla Paloniemen Kiroileva siili"}]},{"@type":"WebSite","@id":"https:\/\/sey.fi\/luonnonelaimet\/#website","url":"https:\/\/sey.fi\/luonnonelaimet\/","name":"Luonnonel\u00e4imet","description":"Uusi SEY J\u00e4senyhdistykset -sivusto","potentialAction":[{"@type":"SearchAction","target":{"@type":"EntryPoint","urlTemplate":"https:\/\/sey.fi\/luonnonelaimet\/?s={search_term_string}"},"query-input":{"@type":"PropertyValueSpecification","valueRequired":true,"valueName":"search_term_string"}}],"inLanguage":"fi"}]}},"_links":{"self":[{"href":"https:\/\/sey.fi\/luonnonelaimet\/wp-json\/wp\/v2\/pages\/119","targetHints":{"allow":["GET"]}}],"collection":[{"href":"https:\/\/sey.fi\/luonnonelaimet\/wp-json\/wp\/v2\/pages"}],"about":[{"href":"https:\/\/sey.fi\/luonnonelaimet\/wp-json\/wp\/v2\/types\/page"}],"author":[{"embeddable":true,"href":"https:\/\/sey.fi\/luonnonelaimet\/wp-json\/wp\/v2\/users\/8"}],"replies":[{"embeddable":true,"href":"https:\/\/sey.fi\/luonnonelaimet\/wp-json\/wp\/v2\/comments?post=119"}],"version-history":[{"count":1,"href":"https:\/\/sey.fi\/luonnonelaimet\/wp-json\/wp\/v2\/pages\/119\/revisions"}],"predecessor-version":[{"id":120,"href":"https:\/\/sey.fi\/luonnonelaimet\/wp-json\/wp\/v2\/pages\/119\/revisions\/120"}],"wp:attachment":[{"href":"https:\/\/sey.fi\/luonnonelaimet\/wp-json\/wp\/v2\/media?parent=119"}],"curies":[{"name":"wp","href":"https:\/\/api.w.org\/{rel}","templated":true}]}}