{"id":12,"date":"2019-12-11T09:10:14","date_gmt":"2019-12-11T07:10:14","guid":{"rendered":"http:\/\/srvr10.xetpoint.com\/~seyfi\/luonnonelaimet\/?page_id=12"},"modified":"2026-02-13T19:57:46","modified_gmt":"2026-02-13T17:57:46","slug":"ihmisen-toiminta","status":"publish","type":"page","link":"https:\/\/sey.fi\/luonnonelaimet\/ihmisen-toiminta\/","title":{"rendered":"Ihmisen toiminta"},"content":{"rendered":"\n<p class=\"has-text-align-left has-small-font-size\"><em>Kolopuiden harvinaistuessa monet linnut k\u00e4rsiv\u00e4t asuntopulasta. Kuvan lehtop\u00f6ll\u00f6 oli juuttunut muoviputkeen, jota se oli mennyt tutkimaan pes\u00e4paikkaa etsiess\u00e4\u00e4n. Onneksi talon asukas havaitsi p\u00f6ll\u00f6n pinteen ja lintu saatiin lyhyen hoidon j\u00e4lkeen palautettua omalle asuinalueelleen.<\/em> Kuva: P\u00e4ivi Ylikorpi<\/p>\n\n\n\n<hr class=\"wp-block-separator has-alpha-channel-opacity\" \/>\n\n\n\n<p>Me ihmiset olemme osa luontoa. Emme asuta suurenmoista maailmaamme \nyksin, vaan jaamme sen lukemattomien kasvi- ja el\u00e4inlajien kanssa. \nOlemme lajina kuitenkin muokanneet maapalloa poikkeuksellisella \nvoimalla. Toisinaan t\u00e4m\u00e4n muokkaamisen seuraukset ovat olleet muun \nluonnon kannalta haitallisia, jopa kohtalokkaita.<\/p>\n\n\n\n<p>Suomen luonnostakin l\u00f6ytyy paljon esimerkkej\u00e4 ihmisen toiminnan \nseurauksista. Esimerkiksi tehomets\u00e4talous ja vanhojen metsien \nh\u00e4vitt\u00e4minen ovat ajaneet kolopesij\u00e4t, kuten tikat, p\u00f6ll\u00f6t ja tiaiset, \nahtaalle. Liikenteen vilkastuminen vaatii lukemattomia el\u00e4inuhreja joka \nvuosi. Erityisesti siileille autot ovat yht\u00e4 suurimmista uhkista.<\/p>\n\n\n\n<p>Roskaaminen voi johtaa el\u00e4inten vammautumiseen ja kuolemaan,  tuholaismyrkyt p\u00e4\u00e4ty\u00e4 v\u00e4\u00e4rien el\u00e4inten suihin ja luonnontilaisten  maisemien h\u00e4vi\u00e4minen joidenkin el\u00e4inlajien harvinaistumiseen tai  katoamiseen. Luontoon tahallisesti p\u00e4\u00e4stetyt tai karanneet el\u00e4imet ovat  aiheuttaneet paikoin vakavaa haittaa alueen alkuper\u00e4iselle el\u00e4imist\u00f6lle.<\/p>\n\n\n\n<p>Me ihmiset voisimme siis ottaa ymp\u00e4r\u00f6iv\u00e4n luonnon el\u00e4imineen monin \ntavoin nykyist\u00e4 paremmin huomioon toiminnassamme. El\u00e4inten huomioiminen \nalkaa niiden el\u00e4m\u00e4n kunnioittamisesta. Sit\u00e4 ovat el\u00e4inten \nelinymp\u00e4rist\u00f6jen suojelu ja s\u00e4ilytt\u00e4minen roskattomana sek\u00e4 se, ett\u00e4 \nel\u00e4imi\u00e4 ei tarpeettomasti h\u00e4irit\u00e4. Luonnon kiertokulkuun ja el\u00e4inten \nel\u00e4m\u00e4\u00e4n ei pid\u00e4 puuttua ilman painavaa syyt\u00e4.<\/p>\n\n\n\n<p>T\u00e4lle sivustolle on ker\u00e4tty tietoa siit\u00e4, millaisin valinnoin ja \nteoin luonnonel\u00e4imi\u00e4 voi auttaa. Sivustolla my\u00f6s k\u00e4sitell\u00e4\u00e4n \ntavallisimpia tilanteita, joissa el\u00e4imet voivat tarvita ihmisen apua. \nToisaalta sivustolla varoitetaan tilanteista, joihin puuttumalla \naiheutetaan vain vahinkoa. El\u00e4inlajit tai -ryhm\u00e4t, joista kansalaisilla \nher\u00e4\u00e4 erityisen usein kysymyksi\u00e4, on k\u00e4sitelty tarkemmin erikseen.<\/p>\n","protected":false},"excerpt":{"rendered":"<p>Kolopuiden harvinaistuessa monet linnut k\u00e4rsiv\u00e4t asuntopulasta. Kuvan lehtop\u00f6ll\u00f6 oli juuttunut muoviputkeen, jota se oli mennyt tutkimaan pes\u00e4paikkaa etsiess\u00e4\u00e4n. Onneksi talon asukas havaitsi p\u00f6ll\u00f6n pinteen ja lintu saatiin lyhyen hoidon j\u00e4lkeen palautettua omalle asuinalueelleen. Kuva: P\u00e4ivi Ylikorpi Me ihmiset olemme osa luontoa. Emme asuta suurenmoista maailmaamme yksin, vaan jaamme sen lukemattomien kasvi- ja el\u00e4inlajien kanssa. Olemme [&hellip;]<\/p>\n","protected":false},"author":8,"featured_media":13,"parent":0,"menu_order":0,"comment_status":"closed","ping_status":"closed","template":"","meta":{"_acf_changed":false,"footnotes":""},"class_list":["post-12","page","type-page","status-publish","has-post-thumbnail","hentry"],"acf":[],"yoast_head":"<!-- This site is optimized with the Yoast SEO plugin v27.1.1 - https:\/\/yoast.com\/product\/yoast-seo-wordpress\/ -->\n<title>Ihmisen toiminta - Luonnonel\u00e4imet<\/title>\n<meta name=\"robots\" content=\"index, follow, max-snippet:-1, max-image-preview:large, max-video-preview:-1\" \/>\n<link rel=\"canonical\" href=\"https:\/\/sey.fi\/luonnonelaimet\/ihmisen-toiminta\/\" \/>\n<meta property=\"og:locale\" content=\"fi_FI\" \/>\n<meta property=\"og:type\" content=\"article\" \/>\n<meta property=\"og:title\" content=\"Ihmisen toiminta - Luonnonel\u00e4imet\" \/>\n<meta property=\"og:description\" content=\"Kolopuiden harvinaistuessa monet linnut k\u00e4rsiv\u00e4t asuntopulasta. Kuvan lehtop\u00f6ll\u00f6 oli juuttunut muoviputkeen, jota se oli mennyt tutkimaan pes\u00e4paikkaa etsiess\u00e4\u00e4n. Onneksi talon asukas havaitsi p\u00f6ll\u00f6n pinteen ja lintu saatiin lyhyen hoidon j\u00e4lkeen palautettua omalle asuinalueelleen. Kuva: P\u00e4ivi Ylikorpi Me ihmiset olemme osa luontoa. Emme asuta suurenmoista maailmaamme yksin, vaan jaamme sen lukemattomien kasvi- ja el\u00e4inlajien kanssa. Olemme [&hellip;]\" \/>\n<meta property=\"og:url\" content=\"https:\/\/sey.fi\/luonnonelaimet\/ihmisen-toiminta\/\" \/>\n<meta property=\"og:site_name\" content=\"Luonnonel\u00e4imet\" \/>\n<meta property=\"article:modified_time\" content=\"2026-02-13T17:57:46+00:00\" \/>\n<meta property=\"og:image\" content=\"https:\/\/sey.fi\/wp-content\/uploads\/sites\/49\/2019\/12\/lehtopollo_laatikossa_psy.jpg\" \/>\n\t<meta property=\"og:image:width\" content=\"1139\" \/>\n\t<meta property=\"og:image:height\" content=\"784\" \/>\n\t<meta property=\"og:image:type\" content=\"image\/jpeg\" \/>\n<meta name=\"twitter:card\" content=\"summary_large_image\" \/>\n<meta name=\"twitter:label1\" content=\"Arvioitu lukuaika\" \/>\n\t<meta name=\"twitter:data1\" content=\"2 minuuttia\" \/>\n<script type=\"application\/ld+json\" class=\"yoast-schema-graph\">{\"@context\":\"https:\/\/schema.org\",\"@graph\":[{\"@type\":\"WebPage\",\"@id\":\"https:\/\/sey.fi\/luonnonelaimet\/ihmisen-toiminta\/\",\"url\":\"https:\/\/sey.fi\/luonnonelaimet\/ihmisen-toiminta\/\",\"name\":\"Ihmisen toiminta - Luonnonel\u00e4imet\",\"isPartOf\":{\"@id\":\"https:\/\/sey.fi\/luonnonelaimet\/#website\"},\"primaryImageOfPage\":{\"@id\":\"https:\/\/sey.fi\/luonnonelaimet\/ihmisen-toiminta\/#primaryimage\"},\"image\":{\"@id\":\"https:\/\/sey.fi\/luonnonelaimet\/ihmisen-toiminta\/#primaryimage\"},\"thumbnailUrl\":\"https:\/\/sey.fi\/wp-content\/uploads\/sites\/49\/2019\/12\/lehtopollo_laatikossa_psy.jpg\",\"datePublished\":\"2019-12-11T07:10:14+00:00\",\"dateModified\":\"2026-02-13T17:57:46+00:00\",\"breadcrumb\":{\"@id\":\"https:\/\/sey.fi\/luonnonelaimet\/ihmisen-toiminta\/#breadcrumb\"},\"inLanguage\":\"fi\",\"potentialAction\":[{\"@type\":\"ReadAction\",\"target\":[\"https:\/\/sey.fi\/luonnonelaimet\/ihmisen-toiminta\/\"]}]},{\"@type\":\"ImageObject\",\"inLanguage\":\"fi\",\"@id\":\"https:\/\/sey.fi\/luonnonelaimet\/ihmisen-toiminta\/#primaryimage\",\"url\":\"https:\/\/sey.fi\/wp-content\/uploads\/sites\/49\/2019\/12\/lehtopollo_laatikossa_psy.jpg\",\"contentUrl\":\"https:\/\/sey.fi\/wp-content\/uploads\/sites\/49\/2019\/12\/lehtopollo_laatikossa_psy.jpg\",\"width\":1139,\"height\":784},{\"@type\":\"BreadcrumbList\",\"@id\":\"https:\/\/sey.fi\/luonnonelaimet\/ihmisen-toiminta\/#breadcrumb\",\"itemListElement\":[{\"@type\":\"ListItem\",\"position\":1,\"name\":\"Home\",\"item\":\"https:\/\/sey.fi\/luonnonelaimet\/\"},{\"@type\":\"ListItem\",\"position\":2,\"name\":\"Ihmisen toiminta\"}]},{\"@type\":\"WebSite\",\"@id\":\"https:\/\/sey.fi\/luonnonelaimet\/#website\",\"url\":\"https:\/\/sey.fi\/luonnonelaimet\/\",\"name\":\"Luonnonel\u00e4imet\",\"description\":\"Uusi SEY J\u00e4senyhdistykset -sivusto\",\"potentialAction\":[{\"@type\":\"SearchAction\",\"target\":{\"@type\":\"EntryPoint\",\"urlTemplate\":\"https:\/\/sey.fi\/luonnonelaimet\/?s={search_term_string}\"},\"query-input\":{\"@type\":\"PropertyValueSpecification\",\"valueRequired\":true,\"valueName\":\"search_term_string\"}}],\"inLanguage\":\"fi\"}]}<\/script>\n<!-- \/ Yoast SEO plugin. -->","yoast_head_json":{"title":"Ihmisen toiminta - Luonnonel\u00e4imet","robots":{"index":"index","follow":"follow","max-snippet":"max-snippet:-1","max-image-preview":"max-image-preview:large","max-video-preview":"max-video-preview:-1"},"canonical":"https:\/\/sey.fi\/luonnonelaimet\/ihmisen-toiminta\/","og_locale":"fi_FI","og_type":"article","og_title":"Ihmisen toiminta - Luonnonel\u00e4imet","og_description":"Kolopuiden harvinaistuessa monet linnut k\u00e4rsiv\u00e4t asuntopulasta. Kuvan lehtop\u00f6ll\u00f6 oli juuttunut muoviputkeen, jota se oli mennyt tutkimaan pes\u00e4paikkaa etsiess\u00e4\u00e4n. Onneksi talon asukas havaitsi p\u00f6ll\u00f6n pinteen ja lintu saatiin lyhyen hoidon j\u00e4lkeen palautettua omalle asuinalueelleen. Kuva: P\u00e4ivi Ylikorpi Me ihmiset olemme osa luontoa. Emme asuta suurenmoista maailmaamme yksin, vaan jaamme sen lukemattomien kasvi- ja el\u00e4inlajien kanssa. Olemme [&hellip;]","og_url":"https:\/\/sey.fi\/luonnonelaimet\/ihmisen-toiminta\/","og_site_name":"Luonnonel\u00e4imet","article_modified_time":"2026-02-13T17:57:46+00:00","og_image":[{"width":1139,"height":784,"url":"https:\/\/sey.fi\/wp-content\/uploads\/sites\/49\/2019\/12\/lehtopollo_laatikossa_psy.jpg","type":"image\/jpeg"}],"twitter_card":"summary_large_image","twitter_misc":{"Arvioitu lukuaika":"2 minuuttia"},"schema":{"@context":"https:\/\/schema.org","@graph":[{"@type":"WebPage","@id":"https:\/\/sey.fi\/luonnonelaimet\/ihmisen-toiminta\/","url":"https:\/\/sey.fi\/luonnonelaimet\/ihmisen-toiminta\/","name":"Ihmisen toiminta - Luonnonel\u00e4imet","isPartOf":{"@id":"https:\/\/sey.fi\/luonnonelaimet\/#website"},"primaryImageOfPage":{"@id":"https:\/\/sey.fi\/luonnonelaimet\/ihmisen-toiminta\/#primaryimage"},"image":{"@id":"https:\/\/sey.fi\/luonnonelaimet\/ihmisen-toiminta\/#primaryimage"},"thumbnailUrl":"https:\/\/sey.fi\/wp-content\/uploads\/sites\/49\/2019\/12\/lehtopollo_laatikossa_psy.jpg","datePublished":"2019-12-11T07:10:14+00:00","dateModified":"2026-02-13T17:57:46+00:00","breadcrumb":{"@id":"https:\/\/sey.fi\/luonnonelaimet\/ihmisen-toiminta\/#breadcrumb"},"inLanguage":"fi","potentialAction":[{"@type":"ReadAction","target":["https:\/\/sey.fi\/luonnonelaimet\/ihmisen-toiminta\/"]}]},{"@type":"ImageObject","inLanguage":"fi","@id":"https:\/\/sey.fi\/luonnonelaimet\/ihmisen-toiminta\/#primaryimage","url":"https:\/\/sey.fi\/wp-content\/uploads\/sites\/49\/2019\/12\/lehtopollo_laatikossa_psy.jpg","contentUrl":"https:\/\/sey.fi\/wp-content\/uploads\/sites\/49\/2019\/12\/lehtopollo_laatikossa_psy.jpg","width":1139,"height":784},{"@type":"BreadcrumbList","@id":"https:\/\/sey.fi\/luonnonelaimet\/ihmisen-toiminta\/#breadcrumb","itemListElement":[{"@type":"ListItem","position":1,"name":"Home","item":"https:\/\/sey.fi\/luonnonelaimet\/"},{"@type":"ListItem","position":2,"name":"Ihmisen toiminta"}]},{"@type":"WebSite","@id":"https:\/\/sey.fi\/luonnonelaimet\/#website","url":"https:\/\/sey.fi\/luonnonelaimet\/","name":"Luonnonel\u00e4imet","description":"Uusi SEY J\u00e4senyhdistykset -sivusto","potentialAction":[{"@type":"SearchAction","target":{"@type":"EntryPoint","urlTemplate":"https:\/\/sey.fi\/luonnonelaimet\/?s={search_term_string}"},"query-input":{"@type":"PropertyValueSpecification","valueRequired":true,"valueName":"search_term_string"}}],"inLanguage":"fi"}]}},"_links":{"self":[{"href":"https:\/\/sey.fi\/luonnonelaimet\/wp-json\/wp\/v2\/pages\/12","targetHints":{"allow":["GET"]}}],"collection":[{"href":"https:\/\/sey.fi\/luonnonelaimet\/wp-json\/wp\/v2\/pages"}],"about":[{"href":"https:\/\/sey.fi\/luonnonelaimet\/wp-json\/wp\/v2\/types\/page"}],"author":[{"embeddable":true,"href":"https:\/\/sey.fi\/luonnonelaimet\/wp-json\/wp\/v2\/users\/8"}],"replies":[{"embeddable":true,"href":"https:\/\/sey.fi\/luonnonelaimet\/wp-json\/wp\/v2\/comments?post=12"}],"version-history":[{"count":9,"href":"https:\/\/sey.fi\/luonnonelaimet\/wp-json\/wp\/v2\/pages\/12\/revisions"}],"predecessor-version":[{"id":703,"href":"https:\/\/sey.fi\/luonnonelaimet\/wp-json\/wp\/v2\/pages\/12\/revisions\/703"}],"wp:featuredmedia":[{"embeddable":true,"href":"https:\/\/sey.fi\/luonnonelaimet\/wp-json\/wp\/v2\/media\/13"}],"wp:attachment":[{"href":"https:\/\/sey.fi\/luonnonelaimet\/wp-json\/wp\/v2\/media?parent=12"}],"curies":[{"name":"wp","href":"https:\/\/api.w.org\/{rel}","templated":true}]}}