{"id":121,"date":"2019-12-11T10:47:35","date_gmt":"2019-12-11T08:47:35","guid":{"rendered":"http:\/\/srvr10.xetpoint.com\/~seyfi\/luonnonelaimet\/?page_id=121"},"modified":"2023-01-27T12:34:09","modified_gmt":"2023-01-27T10:34:09","slug":"keita-me-olemme","status":"publish","type":"page","link":"https:\/\/sey.fi\/luonnonelaimet\/keita-me-olemme\/","title":{"rendered":"SEY Suomen el\u00e4insuojelu"},"content":{"rendered":"\n<h2 class=\"wp-block-heading\">Keit\u00e4 me olemme ja mit\u00e4 me teemme?<\/h2>\n\n\n\n<p><em><strong>Rakennamme yhteiskuntaa, jossa el\u00e4imet voivat hyvin. Huolehdimme siit\u00e4, ett\u00e4 el\u00e4inten \u00e4\u00e4ni p\u00e4\u00e4see kuuluviin sek\u00e4 ihmisten arjessa ett\u00e4 politiikassa.<\/strong><\/em><\/p>\n\n\n\n<p>SEY Suomen el\u00e4insuojelu on Suomen suurin el\u00e4insuojeluj\u00e4rjest\u00f6 ja el\u00e4insuojelun asiantuntija. Olemme toimineet suomalaisen el\u00e4insuojelun eturintamassa jo yli sadan vuoden ajan.&nbsp;<a href=\"https:\/\/sey.fi\/sey\/tarinamme\/\" target=\"_blank\" rel=\"noreferrer noopener nofollow\">Olemme saaneet paljon aikaan<\/a>. Se on paras mahdollinen todiste siit\u00e4, ett\u00e4 muutos parempaan on mahdollinen jatkossakin.<\/p>\n\n\n\n<figure class=\"wp-block-image size-large\"><img loading=\"lazy\" decoding=\"async\" width=\"1024\" height=\"512\" src=\"https:\/\/sey.fi\/wp-content\/uploads\/sites\/49\/2023\/01\/toimintakaavio-1920x960-1-1024x512.png\" alt=\"\" class=\"wp-image-478\" srcset=\"https:\/\/sey.fi\/wp-content\/uploads\/sites\/49\/2023\/01\/toimintakaavio-1920x960-1-1024x512.png 1024w, https:\/\/sey.fi\/wp-content\/uploads\/sites\/49\/2023\/01\/toimintakaavio-1920x960-1-300x150.png 300w, https:\/\/sey.fi\/wp-content\/uploads\/sites\/49\/2023\/01\/toimintakaavio-1920x960-1-768x384.png 768w, https:\/\/sey.fi\/wp-content\/uploads\/sites\/49\/2023\/01\/toimintakaavio-1920x960-1-1536x768.png 1536w, https:\/\/sey.fi\/wp-content\/uploads\/sites\/49\/2023\/01\/toimintakaavio-1920x960-1.png 1920w, https:\/\/sey.fi\/wp-content\/uploads\/sites\/49\/2023\/01\/toimintakaavio-1920x960-1-1280x640.png 1280w, https:\/\/sey.fi\/wp-content\/uploads\/sites\/49\/2023\/01\/toimintakaavio-1920x960-1-640x320.png 640w, https:\/\/sey.fi\/wp-content\/uploads\/sites\/49\/2023\/01\/toimintakaavio-1920x960-1-320x160.png 320w\" sizes=\"auto, (max-width: 1024px) 100vw, 1024px\" \/><\/figure>\n\n\n\n<h4 class=\"wp-block-heading\">SEY Suomen el\u00e4insuojelu<\/h4>\n\n\n\n<p>Lintulahdenkatu 10 00500 Helsinki <br>p. 0207 528 420 | Puhelin avoinna\u00a0ma-pe klo 10-15.<br>sey@sey.fi<\/p>\n","protected":false},"excerpt":{"rendered":"<p>Keit\u00e4 me olemme ja mit\u00e4 me teemme? Rakennamme yhteiskuntaa, jossa el\u00e4imet voivat hyvin. Huolehdimme siit\u00e4, ett\u00e4 el\u00e4inten \u00e4\u00e4ni p\u00e4\u00e4see kuuluviin sek\u00e4 ihmisten arjessa ett\u00e4 politiikassa. SEY Suomen el\u00e4insuojelu on Suomen suurin el\u00e4insuojeluj\u00e4rjest\u00f6 ja el\u00e4insuojelun asiantuntija. Olemme toimineet suomalaisen el\u00e4insuojelun eturintamassa jo yli sadan vuoden ajan.&nbsp;Olemme saaneet paljon aikaan. Se on paras mahdollinen todiste siit\u00e4, ett\u00e4 [&hellip;]<\/p>\n","protected":false},"author":8,"featured_media":479,"parent":0,"menu_order":0,"comment_status":"closed","ping_status":"closed","template":"","meta":{"_acf_changed":false,"footnotes":""},"class_list":["post-121","page","type-page","status-publish","has-post-thumbnail","hentry"],"acf":[],"yoast_head":"<!-- This site is optimized with the Yoast SEO plugin v27.1.1 - https:\/\/yoast.com\/product\/yoast-seo-wordpress\/ -->\n<title>SEY Suomen el\u00e4insuojelu - Luonnonel\u00e4imet<\/title>\n<meta name=\"robots\" content=\"index, follow, max-snippet:-1, max-image-preview:large, max-video-preview:-1\" \/>\n<link rel=\"canonical\" href=\"https:\/\/sey.fi\/luonnonelaimet\/keita-me-olemme\/\" \/>\n<meta property=\"og:locale\" content=\"fi_FI\" \/>\n<meta property=\"og:type\" content=\"article\" \/>\n<meta property=\"og:title\" content=\"SEY Suomen el\u00e4insuojelu - Luonnonel\u00e4imet\" \/>\n<meta property=\"og:description\" content=\"Keit\u00e4 me olemme ja mit\u00e4 me teemme? Rakennamme yhteiskuntaa, jossa el\u00e4imet voivat hyvin. Huolehdimme siit\u00e4, ett\u00e4 el\u00e4inten \u00e4\u00e4ni p\u00e4\u00e4see kuuluviin sek\u00e4 ihmisten arjessa ett\u00e4 politiikassa. SEY Suomen el\u00e4insuojelu on Suomen suurin el\u00e4insuojeluj\u00e4rjest\u00f6 ja el\u00e4insuojelun asiantuntija. Olemme toimineet suomalaisen el\u00e4insuojelun eturintamassa jo yli sadan vuoden ajan.&nbsp;Olemme saaneet paljon aikaan. Se on paras mahdollinen todiste siit\u00e4, ett\u00e4 [&hellip;]\" \/>\n<meta property=\"og:url\" content=\"https:\/\/sey.fi\/luonnonelaimet\/keita-me-olemme\/\" \/>\n<meta property=\"og:site_name\" content=\"Luonnonel\u00e4imet\" \/>\n<meta property=\"article:modified_time\" content=\"2023-01-27T10:34:09+00:00\" \/>\n<meta property=\"og:image\" content=\"https:\/\/sey.fi\/wp-content\/uploads\/sites\/49\/2023\/01\/sey-suomen-elainsuojelu.jpg\" \/>\n\t<meta property=\"og:image:width\" content=\"1280\" \/>\n\t<meta property=\"og:image:height\" content=\"640\" \/>\n\t<meta property=\"og:image:type\" content=\"image\/jpeg\" \/>\n<meta name=\"twitter:card\" content=\"summary_large_image\" \/>\n<meta name=\"twitter:label1\" content=\"Arvioitu lukuaika\" \/>\n\t<meta name=\"twitter:data1\" content=\"1 minuutti\" \/>\n<script type=\"application\/ld+json\" class=\"yoast-schema-graph\">{\"@context\":\"https:\/\/schema.org\",\"@graph\":[{\"@type\":\"WebPage\",\"@id\":\"https:\/\/sey.fi\/luonnonelaimet\/keita-me-olemme\/\",\"url\":\"https:\/\/sey.fi\/luonnonelaimet\/keita-me-olemme\/\",\"name\":\"SEY Suomen el\u00e4insuojelu - Luonnonel\u00e4imet\",\"isPartOf\":{\"@id\":\"https:\/\/sey.fi\/luonnonelaimet\/#website\"},\"primaryImageOfPage\":{\"@id\":\"https:\/\/sey.fi\/luonnonelaimet\/keita-me-olemme\/#primaryimage\"},\"image\":{\"@id\":\"https:\/\/sey.fi\/luonnonelaimet\/keita-me-olemme\/#primaryimage\"},\"thumbnailUrl\":\"https:\/\/sey.fi\/wp-content\/uploads\/sites\/49\/2023\/01\/sey-suomen-elainsuojelu.jpg\",\"datePublished\":\"2019-12-11T08:47:35+00:00\",\"dateModified\":\"2023-01-27T10:34:09+00:00\",\"breadcrumb\":{\"@id\":\"https:\/\/sey.fi\/luonnonelaimet\/keita-me-olemme\/#breadcrumb\"},\"inLanguage\":\"fi\",\"potentialAction\":[{\"@type\":\"ReadAction\",\"target\":[\"https:\/\/sey.fi\/luonnonelaimet\/keita-me-olemme\/\"]}]},{\"@type\":\"ImageObject\",\"inLanguage\":\"fi\",\"@id\":\"https:\/\/sey.fi\/luonnonelaimet\/keita-me-olemme\/#primaryimage\",\"url\":\"https:\/\/sey.fi\/wp-content\/uploads\/sites\/49\/2023\/01\/sey-suomen-elainsuojelu.jpg\",\"contentUrl\":\"https:\/\/sey.fi\/wp-content\/uploads\/sites\/49\/2023\/01\/sey-suomen-elainsuojelu.jpg\",\"width\":1280,\"height\":640,\"caption\":\"Nuori kissa, joka huutaa suu ammollaan \\\"El\u00e4inten puolesta!\\\"\"},{\"@type\":\"BreadcrumbList\",\"@id\":\"https:\/\/sey.fi\/luonnonelaimet\/keita-me-olemme\/#breadcrumb\",\"itemListElement\":[{\"@type\":\"ListItem\",\"position\":1,\"name\":\"Home\",\"item\":\"https:\/\/sey.fi\/luonnonelaimet\/\"},{\"@type\":\"ListItem\",\"position\":2,\"name\":\"SEY Suomen el\u00e4insuojelu\"}]},{\"@type\":\"WebSite\",\"@id\":\"https:\/\/sey.fi\/luonnonelaimet\/#website\",\"url\":\"https:\/\/sey.fi\/luonnonelaimet\/\",\"name\":\"Luonnonel\u00e4imet\",\"description\":\"Uusi SEY J\u00e4senyhdistykset -sivusto\",\"potentialAction\":[{\"@type\":\"SearchAction\",\"target\":{\"@type\":\"EntryPoint\",\"urlTemplate\":\"https:\/\/sey.fi\/luonnonelaimet\/?s={search_term_string}\"},\"query-input\":{\"@type\":\"PropertyValueSpecification\",\"valueRequired\":true,\"valueName\":\"search_term_string\"}}],\"inLanguage\":\"fi\"}]}<\/script>\n<!-- \/ Yoast SEO plugin. -->","yoast_head_json":{"title":"SEY Suomen el\u00e4insuojelu - Luonnonel\u00e4imet","robots":{"index":"index","follow":"follow","max-snippet":"max-snippet:-1","max-image-preview":"max-image-preview:large","max-video-preview":"max-video-preview:-1"},"canonical":"https:\/\/sey.fi\/luonnonelaimet\/keita-me-olemme\/","og_locale":"fi_FI","og_type":"article","og_title":"SEY Suomen el\u00e4insuojelu - Luonnonel\u00e4imet","og_description":"Keit\u00e4 me olemme ja mit\u00e4 me teemme? Rakennamme yhteiskuntaa, jossa el\u00e4imet voivat hyvin. Huolehdimme siit\u00e4, ett\u00e4 el\u00e4inten \u00e4\u00e4ni p\u00e4\u00e4see kuuluviin sek\u00e4 ihmisten arjessa ett\u00e4 politiikassa. SEY Suomen el\u00e4insuojelu on Suomen suurin el\u00e4insuojeluj\u00e4rjest\u00f6 ja el\u00e4insuojelun asiantuntija. Olemme toimineet suomalaisen el\u00e4insuojelun eturintamassa jo yli sadan vuoden ajan.&nbsp;Olemme saaneet paljon aikaan. Se on paras mahdollinen todiste siit\u00e4, ett\u00e4 [&hellip;]","og_url":"https:\/\/sey.fi\/luonnonelaimet\/keita-me-olemme\/","og_site_name":"Luonnonel\u00e4imet","article_modified_time":"2023-01-27T10:34:09+00:00","og_image":[{"width":1280,"height":640,"url":"https:\/\/sey.fi\/wp-content\/uploads\/sites\/49\/2023\/01\/sey-suomen-elainsuojelu.jpg","type":"image\/jpeg"}],"twitter_card":"summary_large_image","twitter_misc":{"Arvioitu lukuaika":"1 minuutti"},"schema":{"@context":"https:\/\/schema.org","@graph":[{"@type":"WebPage","@id":"https:\/\/sey.fi\/luonnonelaimet\/keita-me-olemme\/","url":"https:\/\/sey.fi\/luonnonelaimet\/keita-me-olemme\/","name":"SEY Suomen el\u00e4insuojelu - Luonnonel\u00e4imet","isPartOf":{"@id":"https:\/\/sey.fi\/luonnonelaimet\/#website"},"primaryImageOfPage":{"@id":"https:\/\/sey.fi\/luonnonelaimet\/keita-me-olemme\/#primaryimage"},"image":{"@id":"https:\/\/sey.fi\/luonnonelaimet\/keita-me-olemme\/#primaryimage"},"thumbnailUrl":"https:\/\/sey.fi\/wp-content\/uploads\/sites\/49\/2023\/01\/sey-suomen-elainsuojelu.jpg","datePublished":"2019-12-11T08:47:35+00:00","dateModified":"2023-01-27T10:34:09+00:00","breadcrumb":{"@id":"https:\/\/sey.fi\/luonnonelaimet\/keita-me-olemme\/#breadcrumb"},"inLanguage":"fi","potentialAction":[{"@type":"ReadAction","target":["https:\/\/sey.fi\/luonnonelaimet\/keita-me-olemme\/"]}]},{"@type":"ImageObject","inLanguage":"fi","@id":"https:\/\/sey.fi\/luonnonelaimet\/keita-me-olemme\/#primaryimage","url":"https:\/\/sey.fi\/wp-content\/uploads\/sites\/49\/2023\/01\/sey-suomen-elainsuojelu.jpg","contentUrl":"https:\/\/sey.fi\/wp-content\/uploads\/sites\/49\/2023\/01\/sey-suomen-elainsuojelu.jpg","width":1280,"height":640,"caption":"Nuori kissa, joka huutaa suu ammollaan \"El\u00e4inten puolesta!\""},{"@type":"BreadcrumbList","@id":"https:\/\/sey.fi\/luonnonelaimet\/keita-me-olemme\/#breadcrumb","itemListElement":[{"@type":"ListItem","position":1,"name":"Home","item":"https:\/\/sey.fi\/luonnonelaimet\/"},{"@type":"ListItem","position":2,"name":"SEY Suomen el\u00e4insuojelu"}]},{"@type":"WebSite","@id":"https:\/\/sey.fi\/luonnonelaimet\/#website","url":"https:\/\/sey.fi\/luonnonelaimet\/","name":"Luonnonel\u00e4imet","description":"Uusi SEY J\u00e4senyhdistykset -sivusto","potentialAction":[{"@type":"SearchAction","target":{"@type":"EntryPoint","urlTemplate":"https:\/\/sey.fi\/luonnonelaimet\/?s={search_term_string}"},"query-input":{"@type":"PropertyValueSpecification","valueRequired":true,"valueName":"search_term_string"}}],"inLanguage":"fi"}]}},"_links":{"self":[{"href":"https:\/\/sey.fi\/luonnonelaimet\/wp-json\/wp\/v2\/pages\/121","targetHints":{"allow":["GET"]}}],"collection":[{"href":"https:\/\/sey.fi\/luonnonelaimet\/wp-json\/wp\/v2\/pages"}],"about":[{"href":"https:\/\/sey.fi\/luonnonelaimet\/wp-json\/wp\/v2\/types\/page"}],"author":[{"embeddable":true,"href":"https:\/\/sey.fi\/luonnonelaimet\/wp-json\/wp\/v2\/users\/8"}],"replies":[{"embeddable":true,"href":"https:\/\/sey.fi\/luonnonelaimet\/wp-json\/wp\/v2\/comments?post=121"}],"version-history":[{"count":4,"href":"https:\/\/sey.fi\/luonnonelaimet\/wp-json\/wp\/v2\/pages\/121\/revisions"}],"predecessor-version":[{"id":495,"href":"https:\/\/sey.fi\/luonnonelaimet\/wp-json\/wp\/v2\/pages\/121\/revisions\/495"}],"wp:featuredmedia":[{"embeddable":true,"href":"https:\/\/sey.fi\/luonnonelaimet\/wp-json\/wp\/v2\/media\/479"}],"wp:attachment":[{"href":"https:\/\/sey.fi\/luonnonelaimet\/wp-json\/wp\/v2\/media?parent=121"}],"curies":[{"name":"wp","href":"https:\/\/api.w.org\/{rel}","templated":true}]}}