{"id":175,"date":"2019-12-11T11:28:23","date_gmt":"2019-12-11T09:28:23","guid":{"rendered":"http:\/\/srvr10.xetpoint.com\/~seyfi\/luonnonelaimet\/?page_id=175"},"modified":"2025-06-27T08:02:08","modified_gmt":"2025-06-27T05:02:08","slug":"luonto-ei-aina-hoida","status":"publish","type":"page","link":"https:\/\/sey.fi\/luonnonelaimet\/luonto-ei-aina-hoida\/","title":{"rendered":"Luonto ei aina hoida \u2013 Jokaisella on velvollisuus auttaa loukkaantunutta luonnonel\u00e4int\u00e4"},"content":{"rendered":"\n<p><em>Kuva: Anne Ruuska<\/em><\/p>\n\n\n\n<p><strong><em>Me suomalaiset olemme ylpeit\u00e4 luonnostamme. Maassamme on kattavat  jokamiehenoikeudet, joiden ansiosta jokaisella Suomessa oleskelevalla on  mahdollisuus nauttia metsist\u00e4mme, j\u00e4rvist\u00e4mme ja vaaroistamme sek\u00e4  luonnonantimistamme. Ylpeyteen luonnosta liittyy my\u00f6s luonnonel\u00e4inten laaja kirjo. Valitettavan usein kuitenkin suljemme silm\u00e4mme luonnonel\u00e4inten h\u00e4d\u00e4lt\u00e4.<\/em><\/strong><\/p>\n\n\n\n<p>Lain mukaan jokaisella on velvollisuus auttaa loukkaantunutta luonnonel\u00e4int\u00e4. Joskus lopetus on se viimeinen palvelus el\u00e4imelle. Auton alle j\u00e4\u00e4nytt\u00e4 hirve\u00e4 tuskin kukaan j\u00e4tt\u00e4\u00e4 auttamatta, ja paikallinen mets\u00e4stysseura tuleekin yleens\u00e4 h\u00e4tiin, kun suurikokoinen el\u00e4in vaatii asiantuntevan lopetuksen. Loukkaantunut koira vied\u00e4\u00e4n yleens\u00e4 el\u00e4inklinikalle autettavaksi.<\/p>\n\n\n\n<p>H\u00e4t\u00e4\u00e4 k\u00e4rsiv\u00e4 pieni luonnonel\u00e4in j\u00e4\u00e4 lemmikki\u00e4 tai suurta \nluonnonel\u00e4int\u00e4 useammin vaille tarvitsemaansa apua. Liian moni ei huomaa\n ajatella, ett\u00e4 sy\u00f6m\u00e4ns\u00e4 myrkyn takia kituva hiiri tai sein\u00e4\u00e4 p\u00e4in \nlent\u00e4nyt lintu voisi tarvita ihmiselt\u00e4 hoitoa tai sen viimeisen \npalveluksen. Ihminen on usein taipuvainen spesismiin eli lajisortoon: \nyhden lajin k\u00e4rsimys her\u00e4tt\u00e4\u00e4 v\u00e4litt\u00f6m\u00e4n auttamishalun, kun toisen \nh\u00e4d\u00e4lle ollaan v\u00e4linpit\u00e4m\u00e4tt\u00f6mi\u00e4. Luonto hoitaa -asenne istuu huonosti \nyhteen luonnonel\u00e4inten kunnioittamisen kanssa.<\/p>\n\n\n\n<p><a href=\"https:\/\/sey.fi\/sey\/liitto\/\">SEY toimii<\/a> ja vaikuttaa kaikkien el\u00e4inten hyvinvoinnin ja kunnioittamisen lis\u00e4\u00e4miseksi. L\u00e4ht\u00f6kohtanamme on jokaisen el\u00e4inyksil\u00f6n arvostaminen. El\u00e4imen arvon ei siis pit\u00e4isi olla riippuvainen siit\u00e4, onko ihminen luokitellut sen lemmikiksi, tuotantoel\u00e4imeksi vai luonnonel\u00e4imeksi. Kissan, sian, pulun ja ahvenen el\u00e4m\u00e4 on yht\u00e4 arvokas ja k\u00e4rsimys yht\u00e4 suurta.<\/p>\n\n\n\n<p>Ihmisell\u00e4 on vastuu korjata omalla toiminnallaan luonnonel\u00e4imille aiheuttamansa haitat. Luonnonel\u00e4imi\u00e4 vahingoittuu jatkuvasti esimerkiksi liikenteen, <a href=\"https:\/\/elaintenystava.fi\/2022\/08\/25\/luonnonelaimet-karsivat-muovista\/\">roskaamisen<\/a> ja ihmisen ymm\u00e4rt\u00e4m\u00e4tt\u00f6myyden seurauksena. My\u00f6s hyv\u00e4\u00e4 tarkoittavat teot voivat saada vahinkoa aikaan.<\/p>\n\n\n\n<p><a href=\"https:\/\/elaintenystava.fi\/2025\/01\/16\/talvesta-selviaminen-vaatii-elaimilta-isoja-ponnisteluja\/\">Miten voit auttaa luonnonel\u00e4imi\u00e4 talvella? Lue El\u00e4inten yst\u00e4v\u00e4 -lehden juttu<\/a>.<br><a href=\"https:\/\/elaintenystava.fi\/2024\/05\/22\/kuusi-tapaa-auttaa-luonnonelaimia\/\">Miten voit auttaa luonnonel\u00e4imi\u00e4 kes\u00e4ll\u00e4? Lue El\u00e4inten yst\u00e4v\u00e4 -lehden juttu<\/a>.<\/p>\n","protected":false},"excerpt":{"rendered":"<p>Kuva: Anne Ruuska Me suomalaiset olemme ylpeit\u00e4 luonnostamme. Maassamme on kattavat jokamiehenoikeudet, joiden ansiosta jokaisella Suomessa oleskelevalla on mahdollisuus nauttia metsist\u00e4mme, j\u00e4rvist\u00e4mme ja vaaroistamme sek\u00e4 luonnonantimistamme. Ylpeyteen luonnosta liittyy my\u00f6s luonnonel\u00e4inten laaja kirjo. Valitettavan usein kuitenkin suljemme silm\u00e4mme luonnonel\u00e4inten h\u00e4d\u00e4lt\u00e4. Lain mukaan jokaisella on velvollisuus auttaa loukkaantunutta luonnonel\u00e4int\u00e4. Joskus lopetus on se viimeinen palvelus el\u00e4imelle. [&hellip;]<\/p>\n","protected":false},"author":8,"featured_media":176,"parent":0,"menu_order":0,"comment_status":"closed","ping_status":"closed","template":"","meta":{"_acf_changed":false,"footnotes":""},"class_list":["post-175","page","type-page","status-publish","has-post-thumbnail","hentry"],"acf":[],"yoast_head":"<!-- This site is optimized with the Yoast SEO plugin v27.1.1 - https:\/\/yoast.com\/product\/yoast-seo-wordpress\/ -->\n<title>Jokaisella on velvollisuus auttaa loukkaantunutta luonnonel\u00e4int\u00e4<\/title>\n<meta name=\"description\" content=\"Lain mukaan jokaisella velvollisuus auttaa loukkaantunutta luonnonel\u00e4int\u00e4. My\u00f6s hyv\u00e4\u00e4 tarkoittavat teot voivat saada vahinkoa aikaan.\" \/>\n<meta name=\"robots\" content=\"index, follow, max-snippet:-1, max-image-preview:large, max-video-preview:-1\" \/>\n<link rel=\"canonical\" href=\"https:\/\/sey.fi\/luonnonelaimet\/luonto-ei-aina-hoida\/\" \/>\n<meta property=\"og:locale\" content=\"fi_FI\" \/>\n<meta property=\"og:type\" content=\"article\" \/>\n<meta property=\"og:title\" content=\"Jokaisella on velvollisuus auttaa loukkaantunutta luonnonel\u00e4int\u00e4\" \/>\n<meta property=\"og:description\" content=\"Lain mukaan jokaisella velvollisuus auttaa loukkaantunutta luonnonel\u00e4int\u00e4. My\u00f6s hyv\u00e4\u00e4 tarkoittavat teot voivat saada vahinkoa aikaan.\" \/>\n<meta property=\"og:url\" content=\"https:\/\/sey.fi\/luonnonelaimet\/luonto-ei-aina-hoida\/\" \/>\n<meta property=\"og:site_name\" content=\"Luonnonel\u00e4imet\" \/>\n<meta property=\"article:modified_time\" content=\"2025-06-27T05:02:08+00:00\" \/>\n<meta property=\"og:image\" content=\"https:\/\/sey.fi\/wp-content\/uploads\/sites\/49\/2019\/12\/lokki_anne_ruuska.jpg\" \/>\n\t<meta property=\"og:image:width\" content=\"1000\" \/>\n\t<meta property=\"og:image:height\" content=\"664\" \/>\n\t<meta property=\"og:image:type\" content=\"image\/jpeg\" \/>\n<meta name=\"twitter:card\" content=\"summary_large_image\" \/>\n<meta name=\"twitter:label1\" content=\"Arvioitu lukuaika\" \/>\n\t<meta name=\"twitter:data1\" content=\"2 minuuttia\" \/>\n<script type=\"application\/ld+json\" class=\"yoast-schema-graph\">{\"@context\":\"https:\/\/schema.org\",\"@graph\":[{\"@type\":\"WebPage\",\"@id\":\"https:\/\/sey.fi\/luonnonelaimet\/luonto-ei-aina-hoida\/\",\"url\":\"https:\/\/sey.fi\/luonnonelaimet\/luonto-ei-aina-hoida\/\",\"name\":\"Jokaisella on velvollisuus auttaa loukkaantunutta luonnonel\u00e4int\u00e4\",\"isPartOf\":{\"@id\":\"https:\/\/sey.fi\/luonnonelaimet\/#website\"},\"primaryImageOfPage\":{\"@id\":\"https:\/\/sey.fi\/luonnonelaimet\/luonto-ei-aina-hoida\/#primaryimage\"},\"image\":{\"@id\":\"https:\/\/sey.fi\/luonnonelaimet\/luonto-ei-aina-hoida\/#primaryimage\"},\"thumbnailUrl\":\"https:\/\/sey.fi\/wp-content\/uploads\/sites\/49\/2019\/12\/lokki_anne_ruuska.jpg\",\"datePublished\":\"2019-12-11T09:28:23+00:00\",\"dateModified\":\"2025-06-27T05:02:08+00:00\",\"description\":\"Lain mukaan jokaisella velvollisuus auttaa loukkaantunutta luonnonel\u00e4int\u00e4. My\u00f6s hyv\u00e4\u00e4 tarkoittavat teot voivat saada vahinkoa aikaan.\",\"breadcrumb\":{\"@id\":\"https:\/\/sey.fi\/luonnonelaimet\/luonto-ei-aina-hoida\/#breadcrumb\"},\"inLanguage\":\"fi\",\"potentialAction\":[{\"@type\":\"ReadAction\",\"target\":[\"https:\/\/sey.fi\/luonnonelaimet\/luonto-ei-aina-hoida\/\"]}]},{\"@type\":\"ImageObject\",\"inLanguage\":\"fi\",\"@id\":\"https:\/\/sey.fi\/luonnonelaimet\/luonto-ei-aina-hoida\/#primaryimage\",\"url\":\"https:\/\/sey.fi\/wp-content\/uploads\/sites\/49\/2019\/12\/lokki_anne_ruuska.jpg\",\"contentUrl\":\"https:\/\/sey.fi\/wp-content\/uploads\/sites\/49\/2019\/12\/lokki_anne_ruuska.jpg\",\"width\":1000,\"height\":664},{\"@type\":\"BreadcrumbList\",\"@id\":\"https:\/\/sey.fi\/luonnonelaimet\/luonto-ei-aina-hoida\/#breadcrumb\",\"itemListElement\":[{\"@type\":\"ListItem\",\"position\":1,\"name\":\"Home\",\"item\":\"https:\/\/sey.fi\/luonnonelaimet\/\"},{\"@type\":\"ListItem\",\"position\":2,\"name\":\"Luonto ei aina hoida \u2013 Jokaisella on velvollisuus auttaa loukkaantunutta luonnonel\u00e4int\u00e4\"}]},{\"@type\":\"WebSite\",\"@id\":\"https:\/\/sey.fi\/luonnonelaimet\/#website\",\"url\":\"https:\/\/sey.fi\/luonnonelaimet\/\",\"name\":\"Luonnonel\u00e4imet\",\"description\":\"Uusi SEY J\u00e4senyhdistykset -sivusto\",\"potentialAction\":[{\"@type\":\"SearchAction\",\"target\":{\"@type\":\"EntryPoint\",\"urlTemplate\":\"https:\/\/sey.fi\/luonnonelaimet\/?s={search_term_string}\"},\"query-input\":{\"@type\":\"PropertyValueSpecification\",\"valueRequired\":true,\"valueName\":\"search_term_string\"}}],\"inLanguage\":\"fi\"}]}<\/script>\n<!-- \/ Yoast SEO plugin. -->","yoast_head_json":{"title":"Jokaisella on velvollisuus auttaa loukkaantunutta luonnonel\u00e4int\u00e4","description":"Lain mukaan jokaisella velvollisuus auttaa loukkaantunutta luonnonel\u00e4int\u00e4. My\u00f6s hyv\u00e4\u00e4 tarkoittavat teot voivat saada vahinkoa aikaan.","robots":{"index":"index","follow":"follow","max-snippet":"max-snippet:-1","max-image-preview":"max-image-preview:large","max-video-preview":"max-video-preview:-1"},"canonical":"https:\/\/sey.fi\/luonnonelaimet\/luonto-ei-aina-hoida\/","og_locale":"fi_FI","og_type":"article","og_title":"Jokaisella on velvollisuus auttaa loukkaantunutta luonnonel\u00e4int\u00e4","og_description":"Lain mukaan jokaisella velvollisuus auttaa loukkaantunutta luonnonel\u00e4int\u00e4. My\u00f6s hyv\u00e4\u00e4 tarkoittavat teot voivat saada vahinkoa aikaan.","og_url":"https:\/\/sey.fi\/luonnonelaimet\/luonto-ei-aina-hoida\/","og_site_name":"Luonnonel\u00e4imet","article_modified_time":"2025-06-27T05:02:08+00:00","og_image":[{"width":1000,"height":664,"url":"https:\/\/sey.fi\/wp-content\/uploads\/sites\/49\/2019\/12\/lokki_anne_ruuska.jpg","type":"image\/jpeg"}],"twitter_card":"summary_large_image","twitter_misc":{"Arvioitu lukuaika":"2 minuuttia"},"schema":{"@context":"https:\/\/schema.org","@graph":[{"@type":"WebPage","@id":"https:\/\/sey.fi\/luonnonelaimet\/luonto-ei-aina-hoida\/","url":"https:\/\/sey.fi\/luonnonelaimet\/luonto-ei-aina-hoida\/","name":"Jokaisella on velvollisuus auttaa loukkaantunutta luonnonel\u00e4int\u00e4","isPartOf":{"@id":"https:\/\/sey.fi\/luonnonelaimet\/#website"},"primaryImageOfPage":{"@id":"https:\/\/sey.fi\/luonnonelaimet\/luonto-ei-aina-hoida\/#primaryimage"},"image":{"@id":"https:\/\/sey.fi\/luonnonelaimet\/luonto-ei-aina-hoida\/#primaryimage"},"thumbnailUrl":"https:\/\/sey.fi\/wp-content\/uploads\/sites\/49\/2019\/12\/lokki_anne_ruuska.jpg","datePublished":"2019-12-11T09:28:23+00:00","dateModified":"2025-06-27T05:02:08+00:00","description":"Lain mukaan jokaisella velvollisuus auttaa loukkaantunutta luonnonel\u00e4int\u00e4. My\u00f6s hyv\u00e4\u00e4 tarkoittavat teot voivat saada vahinkoa aikaan.","breadcrumb":{"@id":"https:\/\/sey.fi\/luonnonelaimet\/luonto-ei-aina-hoida\/#breadcrumb"},"inLanguage":"fi","potentialAction":[{"@type":"ReadAction","target":["https:\/\/sey.fi\/luonnonelaimet\/luonto-ei-aina-hoida\/"]}]},{"@type":"ImageObject","inLanguage":"fi","@id":"https:\/\/sey.fi\/luonnonelaimet\/luonto-ei-aina-hoida\/#primaryimage","url":"https:\/\/sey.fi\/wp-content\/uploads\/sites\/49\/2019\/12\/lokki_anne_ruuska.jpg","contentUrl":"https:\/\/sey.fi\/wp-content\/uploads\/sites\/49\/2019\/12\/lokki_anne_ruuska.jpg","width":1000,"height":664},{"@type":"BreadcrumbList","@id":"https:\/\/sey.fi\/luonnonelaimet\/luonto-ei-aina-hoida\/#breadcrumb","itemListElement":[{"@type":"ListItem","position":1,"name":"Home","item":"https:\/\/sey.fi\/luonnonelaimet\/"},{"@type":"ListItem","position":2,"name":"Luonto ei aina hoida \u2013 Jokaisella on velvollisuus auttaa loukkaantunutta luonnonel\u00e4int\u00e4"}]},{"@type":"WebSite","@id":"https:\/\/sey.fi\/luonnonelaimet\/#website","url":"https:\/\/sey.fi\/luonnonelaimet\/","name":"Luonnonel\u00e4imet","description":"Uusi SEY J\u00e4senyhdistykset -sivusto","potentialAction":[{"@type":"SearchAction","target":{"@type":"EntryPoint","urlTemplate":"https:\/\/sey.fi\/luonnonelaimet\/?s={search_term_string}"},"query-input":{"@type":"PropertyValueSpecification","valueRequired":true,"valueName":"search_term_string"}}],"inLanguage":"fi"}]}},"_links":{"self":[{"href":"https:\/\/sey.fi\/luonnonelaimet\/wp-json\/wp\/v2\/pages\/175","targetHints":{"allow":["GET"]}}],"collection":[{"href":"https:\/\/sey.fi\/luonnonelaimet\/wp-json\/wp\/v2\/pages"}],"about":[{"href":"https:\/\/sey.fi\/luonnonelaimet\/wp-json\/wp\/v2\/types\/page"}],"author":[{"embeddable":true,"href":"https:\/\/sey.fi\/luonnonelaimet\/wp-json\/wp\/v2\/users\/8"}],"replies":[{"embeddable":true,"href":"https:\/\/sey.fi\/luonnonelaimet\/wp-json\/wp\/v2\/comments?post=175"}],"version-history":[{"count":4,"href":"https:\/\/sey.fi\/luonnonelaimet\/wp-json\/wp\/v2\/pages\/175\/revisions"}],"predecessor-version":[{"id":636,"href":"https:\/\/sey.fi\/luonnonelaimet\/wp-json\/wp\/v2\/pages\/175\/revisions\/636"}],"wp:featuredmedia":[{"embeddable":true,"href":"https:\/\/sey.fi\/luonnonelaimet\/wp-json\/wp\/v2\/media\/176"}],"wp:attachment":[{"href":"https:\/\/sey.fi\/luonnonelaimet\/wp-json\/wp\/v2\/media?parent=175"}],"curies":[{"name":"wp","href":"https:\/\/api.w.org\/{rel}","templated":true}]}}