{"id":18,"date":"2019-12-11T09:13:40","date_gmt":"2019-12-11T07:13:40","guid":{"rendered":"http:\/\/srvr10.xetpoint.com\/~seyfi\/luonnonelaimet\/?page_id=18"},"modified":"2025-06-27T08:04:46","modified_gmt":"2025-06-27T05:04:46","slug":"elainten-ystavan-harrastukset","status":"publish","type":"page","link":"https:\/\/sey.fi\/luonnonelaimet\/elainten-ystavan-harrastukset\/","title":{"rendered":"El\u00e4inten yst\u00e4v\u00e4n harrastukset"},"content":{"rendered":"\n<p><em>Kuva: Sakari Alasuutari<\/em><\/p>\n\n\n\n<p><strong><em>Luontoa voi harrastaa monin tavoin niin, etteiv\u00e4t el\u00e4imet h\u00e4iriinny. Esimerkiksi retkeily ja patikointi ovat loistavia koko perheen  harrastuksia, ja luonnossa liikkuessa tulee tutustuneeksi my\u00f6s el\u00e4inten  k\u00e4ytt\u00e4ytymiseen ja j\u00e4lkiin. Kun tieto ja ymm\u00e4rrys el\u00e4inten k\u00e4ytt\u00e4ytymisest\u00e4 lis\u00e4\u00e4ntyy, on helpompi suhtautua rauhallisesti my\u00f6s niihin tilanteisiin, joissa el\u00e4imet aiheuttavat ihmisille tavalla tai toisella h\u00e4iri\u00f6t\u00e4.<\/em><\/strong><\/p>\n\n\n\n<p>Luonnosta voi nauttia ja muistoja siit\u00e4 tallentaa valokuvaamalla tai kirjaamalla lajihavaintoja. Lintujen lis\u00e4ksi voi bongata ja tunnistaa vaikkapa erilaisia perhosia, hy\u00f6nteisi\u00e4 tai matelijoita. Perhosia voi houkutella pihapiiriin ihailtaviksi erilaisten sy\u00f6ttien avulla. Talviaikaan lintujen ruokintapaikan tapahtumien seuraaminen on mielenkiintoista puuhaa, ja tarkkasilm\u00e4inen havainnoija voi jopa oppia erottamaan eri yksil\u00f6iden piirteit\u00e4 ja toimintatapoja ruokintapaikalla.<\/p>\n\n\n\n<p>Jos kala kuuluu omaan ruokavalioon, on itse kalastettu kala  ekologinen valinta. Kun kalan pyydyst\u00e4\u00e4 itse, voi huolehtia siit\u00e4, ett\u00e4  kalan k\u00e4rsimykset ovat mahdollisimman v\u00e4h\u00e4isi\u00e4. Kalastuksesta voit lukea tarkemmin <a href=\"https:\/\/sey.fi\/luonnonelaimet\/luonnonvaraiset-elaimet\/kalastus-ja-ravustus\/\"><strong>sivustomme Kalastus-osiosta<\/strong><\/a>. <\/p>\n","protected":false},"excerpt":{"rendered":"<p>Kuva: Sakari Alasuutari Luontoa voi harrastaa monin tavoin niin, etteiv\u00e4t el\u00e4imet h\u00e4iriinny. Esimerkiksi retkeily ja patikointi ovat loistavia koko perheen harrastuksia, ja luonnossa liikkuessa tulee tutustuneeksi my\u00f6s el\u00e4inten k\u00e4ytt\u00e4ytymiseen ja j\u00e4lkiin. Kun tieto ja ymm\u00e4rrys el\u00e4inten k\u00e4ytt\u00e4ytymisest\u00e4 lis\u00e4\u00e4ntyy, on helpompi suhtautua rauhallisesti my\u00f6s niihin tilanteisiin, joissa el\u00e4imet aiheuttavat ihmisille tavalla tai toisella h\u00e4iri\u00f6t\u00e4. Luonnosta voi [&hellip;]<\/p>\n","protected":false},"author":8,"featured_media":448,"parent":0,"menu_order":0,"comment_status":"closed","ping_status":"closed","template":"","meta":{"_acf_changed":false,"footnotes":""},"class_list":["post-18","page","type-page","status-publish","has-post-thumbnail","hentry"],"acf":[],"yoast_head":"<!-- This site is optimized with the Yoast SEO plugin v27.1.1 - https:\/\/yoast.com\/product\/yoast-seo-wordpress\/ -->\n<title>El\u00e4inten yst\u00e4v\u00e4n harrastukset - Luonnonel\u00e4imet<\/title>\n<meta name=\"description\" content=\"Luontoa voi harrastaa monin tavoin niin, etteiv\u00e4t el\u00e4imet h\u00e4iriinny. Esimerkiksi retkeily on loistava koko perheen harrastus.\" \/>\n<meta name=\"robots\" content=\"index, follow, max-snippet:-1, max-image-preview:large, max-video-preview:-1\" \/>\n<link rel=\"canonical\" href=\"https:\/\/sey.fi\/luonnonelaimet\/elainten-ystavan-harrastukset\/\" \/>\n<meta property=\"og:locale\" content=\"fi_FI\" \/>\n<meta property=\"og:type\" content=\"article\" \/>\n<meta property=\"og:title\" content=\"El\u00e4inten yst\u00e4v\u00e4n harrastukset - Luonnonel\u00e4imet\" \/>\n<meta property=\"og:description\" content=\"Luontoa voi harrastaa monin tavoin niin, etteiv\u00e4t el\u00e4imet h\u00e4iriinny. Esimerkiksi retkeily on loistava koko perheen harrastus.\" \/>\n<meta property=\"og:url\" content=\"https:\/\/sey.fi\/luonnonelaimet\/elainten-ystavan-harrastukset\/\" \/>\n<meta property=\"og:site_name\" content=\"Luonnonel\u00e4imet\" \/>\n<meta property=\"article:modified_time\" content=\"2025-06-27T05:04:46+00:00\" \/>\n<meta property=\"og:image\" content=\"https:\/\/sey.fi\/wp-content\/uploads\/sites\/49\/2023\/01\/Pikkulintu_4_Punarinta-SakariAlasuutari.jpg\" \/>\n\t<meta property=\"og:image:width\" content=\"1281\" \/>\n\t<meta property=\"og:image:height\" content=\"640\" \/>\n\t<meta property=\"og:image:type\" content=\"image\/jpeg\" \/>\n<meta name=\"twitter:card\" content=\"summary_large_image\" \/>\n<meta name=\"twitter:label1\" content=\"Arvioitu lukuaika\" \/>\n\t<meta name=\"twitter:data1\" content=\"2 minuuttia\" \/>\n<script type=\"application\/ld+json\" class=\"yoast-schema-graph\">{\"@context\":\"https:\/\/schema.org\",\"@graph\":[{\"@type\":\"WebPage\",\"@id\":\"https:\/\/sey.fi\/luonnonelaimet\/elainten-ystavan-harrastukset\/\",\"url\":\"https:\/\/sey.fi\/luonnonelaimet\/elainten-ystavan-harrastukset\/\",\"name\":\"El\u00e4inten yst\u00e4v\u00e4n harrastukset - Luonnonel\u00e4imet\",\"isPartOf\":{\"@id\":\"https:\/\/sey.fi\/luonnonelaimet\/#website\"},\"primaryImageOfPage\":{\"@id\":\"https:\/\/sey.fi\/luonnonelaimet\/elainten-ystavan-harrastukset\/#primaryimage\"},\"image\":{\"@id\":\"https:\/\/sey.fi\/luonnonelaimet\/elainten-ystavan-harrastukset\/#primaryimage\"},\"thumbnailUrl\":\"https:\/\/sey.fi\/wp-content\/uploads\/sites\/49\/2023\/01\/Pikkulintu_4_Punarinta-SakariAlasuutari.jpg\",\"datePublished\":\"2019-12-11T07:13:40+00:00\",\"dateModified\":\"2025-06-27T05:04:46+00:00\",\"description\":\"Luontoa voi harrastaa monin tavoin niin, etteiv\u00e4t el\u00e4imet h\u00e4iriinny. Esimerkiksi retkeily on loistava koko perheen harrastus.\",\"breadcrumb\":{\"@id\":\"https:\/\/sey.fi\/luonnonelaimet\/elainten-ystavan-harrastukset\/#breadcrumb\"},\"inLanguage\":\"fi\",\"potentialAction\":[{\"@type\":\"ReadAction\",\"target\":[\"https:\/\/sey.fi\/luonnonelaimet\/elainten-ystavan-harrastukset\/\"]}]},{\"@type\":\"ImageObject\",\"inLanguage\":\"fi\",\"@id\":\"https:\/\/sey.fi\/luonnonelaimet\/elainten-ystavan-harrastukset\/#primaryimage\",\"url\":\"https:\/\/sey.fi\/wp-content\/uploads\/sites\/49\/2023\/01\/Pikkulintu_4_Punarinta-SakariAlasuutari.jpg\",\"contentUrl\":\"https:\/\/sey.fi\/wp-content\/uploads\/sites\/49\/2023\/01\/Pikkulintu_4_Punarinta-SakariAlasuutari.jpg\",\"width\":1281,\"height\":640,\"caption\":\"Kuva: Sakari Alasuutari\"},{\"@type\":\"BreadcrumbList\",\"@id\":\"https:\/\/sey.fi\/luonnonelaimet\/elainten-ystavan-harrastukset\/#breadcrumb\",\"itemListElement\":[{\"@type\":\"ListItem\",\"position\":1,\"name\":\"Home\",\"item\":\"https:\/\/sey.fi\/luonnonelaimet\/\"},{\"@type\":\"ListItem\",\"position\":2,\"name\":\"El\u00e4inten yst\u00e4v\u00e4n harrastukset\"}]},{\"@type\":\"WebSite\",\"@id\":\"https:\/\/sey.fi\/luonnonelaimet\/#website\",\"url\":\"https:\/\/sey.fi\/luonnonelaimet\/\",\"name\":\"Luonnonel\u00e4imet\",\"description\":\"Uusi SEY J\u00e4senyhdistykset -sivusto\",\"potentialAction\":[{\"@type\":\"SearchAction\",\"target\":{\"@type\":\"EntryPoint\",\"urlTemplate\":\"https:\/\/sey.fi\/luonnonelaimet\/?s={search_term_string}\"},\"query-input\":{\"@type\":\"PropertyValueSpecification\",\"valueRequired\":true,\"valueName\":\"search_term_string\"}}],\"inLanguage\":\"fi\"}]}<\/script>\n<!-- \/ Yoast SEO plugin. -->","yoast_head_json":{"title":"El\u00e4inten yst\u00e4v\u00e4n harrastukset - Luonnonel\u00e4imet","description":"Luontoa voi harrastaa monin tavoin niin, etteiv\u00e4t el\u00e4imet h\u00e4iriinny. Esimerkiksi retkeily on loistava koko perheen harrastus.","robots":{"index":"index","follow":"follow","max-snippet":"max-snippet:-1","max-image-preview":"max-image-preview:large","max-video-preview":"max-video-preview:-1"},"canonical":"https:\/\/sey.fi\/luonnonelaimet\/elainten-ystavan-harrastukset\/","og_locale":"fi_FI","og_type":"article","og_title":"El\u00e4inten yst\u00e4v\u00e4n harrastukset - Luonnonel\u00e4imet","og_description":"Luontoa voi harrastaa monin tavoin niin, etteiv\u00e4t el\u00e4imet h\u00e4iriinny. Esimerkiksi retkeily on loistava koko perheen harrastus.","og_url":"https:\/\/sey.fi\/luonnonelaimet\/elainten-ystavan-harrastukset\/","og_site_name":"Luonnonel\u00e4imet","article_modified_time":"2025-06-27T05:04:46+00:00","og_image":[{"width":1281,"height":640,"url":"https:\/\/sey.fi\/wp-content\/uploads\/sites\/49\/2023\/01\/Pikkulintu_4_Punarinta-SakariAlasuutari.jpg","type":"image\/jpeg"}],"twitter_card":"summary_large_image","twitter_misc":{"Arvioitu lukuaika":"2 minuuttia"},"schema":{"@context":"https:\/\/schema.org","@graph":[{"@type":"WebPage","@id":"https:\/\/sey.fi\/luonnonelaimet\/elainten-ystavan-harrastukset\/","url":"https:\/\/sey.fi\/luonnonelaimet\/elainten-ystavan-harrastukset\/","name":"El\u00e4inten yst\u00e4v\u00e4n harrastukset - Luonnonel\u00e4imet","isPartOf":{"@id":"https:\/\/sey.fi\/luonnonelaimet\/#website"},"primaryImageOfPage":{"@id":"https:\/\/sey.fi\/luonnonelaimet\/elainten-ystavan-harrastukset\/#primaryimage"},"image":{"@id":"https:\/\/sey.fi\/luonnonelaimet\/elainten-ystavan-harrastukset\/#primaryimage"},"thumbnailUrl":"https:\/\/sey.fi\/wp-content\/uploads\/sites\/49\/2023\/01\/Pikkulintu_4_Punarinta-SakariAlasuutari.jpg","datePublished":"2019-12-11T07:13:40+00:00","dateModified":"2025-06-27T05:04:46+00:00","description":"Luontoa voi harrastaa monin tavoin niin, etteiv\u00e4t el\u00e4imet h\u00e4iriinny. Esimerkiksi retkeily on loistava koko perheen harrastus.","breadcrumb":{"@id":"https:\/\/sey.fi\/luonnonelaimet\/elainten-ystavan-harrastukset\/#breadcrumb"},"inLanguage":"fi","potentialAction":[{"@type":"ReadAction","target":["https:\/\/sey.fi\/luonnonelaimet\/elainten-ystavan-harrastukset\/"]}]},{"@type":"ImageObject","inLanguage":"fi","@id":"https:\/\/sey.fi\/luonnonelaimet\/elainten-ystavan-harrastukset\/#primaryimage","url":"https:\/\/sey.fi\/wp-content\/uploads\/sites\/49\/2023\/01\/Pikkulintu_4_Punarinta-SakariAlasuutari.jpg","contentUrl":"https:\/\/sey.fi\/wp-content\/uploads\/sites\/49\/2023\/01\/Pikkulintu_4_Punarinta-SakariAlasuutari.jpg","width":1281,"height":640,"caption":"Kuva: Sakari Alasuutari"},{"@type":"BreadcrumbList","@id":"https:\/\/sey.fi\/luonnonelaimet\/elainten-ystavan-harrastukset\/#breadcrumb","itemListElement":[{"@type":"ListItem","position":1,"name":"Home","item":"https:\/\/sey.fi\/luonnonelaimet\/"},{"@type":"ListItem","position":2,"name":"El\u00e4inten yst\u00e4v\u00e4n harrastukset"}]},{"@type":"WebSite","@id":"https:\/\/sey.fi\/luonnonelaimet\/#website","url":"https:\/\/sey.fi\/luonnonelaimet\/","name":"Luonnonel\u00e4imet","description":"Uusi SEY J\u00e4senyhdistykset -sivusto","potentialAction":[{"@type":"SearchAction","target":{"@type":"EntryPoint","urlTemplate":"https:\/\/sey.fi\/luonnonelaimet\/?s={search_term_string}"},"query-input":{"@type":"PropertyValueSpecification","valueRequired":true,"valueName":"search_term_string"}}],"inLanguage":"fi"}]}},"_links":{"self":[{"href":"https:\/\/sey.fi\/luonnonelaimet\/wp-json\/wp\/v2\/pages\/18","targetHints":{"allow":["GET"]}}],"collection":[{"href":"https:\/\/sey.fi\/luonnonelaimet\/wp-json\/wp\/v2\/pages"}],"about":[{"href":"https:\/\/sey.fi\/luonnonelaimet\/wp-json\/wp\/v2\/types\/page"}],"author":[{"embeddable":true,"href":"https:\/\/sey.fi\/luonnonelaimet\/wp-json\/wp\/v2\/users\/8"}],"replies":[{"embeddable":true,"href":"https:\/\/sey.fi\/luonnonelaimet\/wp-json\/wp\/v2\/comments?post=18"}],"version-history":[{"count":7,"href":"https:\/\/sey.fi\/luonnonelaimet\/wp-json\/wp\/v2\/pages\/18\/revisions"}],"predecessor-version":[{"id":638,"href":"https:\/\/sey.fi\/luonnonelaimet\/wp-json\/wp\/v2\/pages\/18\/revisions\/638"}],"wp:featuredmedia":[{"embeddable":true,"href":"https:\/\/sey.fi\/luonnonelaimet\/wp-json\/wp\/v2\/media\/448"}],"wp:attachment":[{"href":"https:\/\/sey.fi\/luonnonelaimet\/wp-json\/wp\/v2\/media?parent=18"}],"curies":[{"name":"wp","href":"https:\/\/api.w.org\/{rel}","templated":true}]}}