{"id":20,"date":"2019-12-11T09:15:46","date_gmt":"2019-12-11T07:15:46","guid":{"rendered":"http:\/\/srvr10.xetpoint.com\/~seyfi\/luonnonelaimet\/?page_id=20"},"modified":"2025-06-27T08:24:21","modified_gmt":"2025-06-27T05:24:21","slug":"voiko-luonnonelain-olla-vaarallinen-ihmiselle","status":"publish","type":"page","link":"https:\/\/sey.fi\/luonnonelaimet\/voiko-luonnonelain-olla-vaarallinen-ihmiselle\/","title":{"rendered":"Voiko luonnonel\u00e4in olla vaarallinen ihmiselle?"},"content":{"rendered":"\n<p><em>Kuva: P\u00e4ivi Ylikorpi <\/em><\/p>\n\n\n\n<p><em><strong>Luonnonvaraiset el\u00e4imet voivat kantaa erilaisia  taudinaiheuttajia ja loisia. Niiden k\u00e4sittelyss\u00e4 tulee aina noudattaa varovaisuutta ja suojata itsens\u00e4 asianmukaisesti, esimerkiksi kertak\u00e4ytt\u00f6k\u00e4sinein. <\/strong><\/em><\/p>\n\n\n\n<p>Luonnonvaraiset el\u00e4imet ovat Suomessa hyvin harvoin ihmiselle \nvaaraksi. Osa ihmisist\u00e4 kuitenkin pelk\u00e4\u00e4 niit\u00e4. Usein kyse on siit\u00e4, \nett\u00e4 el\u00e4imiin liittyy erilaisia v\u00e4\u00e4ri\u00e4 uskomuksia. Esimerkiksi susiin ja\n karhuihin liittyy paljon per\u00e4tt\u00f6mi\u00e4 luuloja, kuten se, ett\u00e4 ne \nhy\u00f6kk\u00e4\u00e4v\u00e4t helposti ihmisten kimppuun. Todellisuudessa suurpedot \nv\u00e4lttelev\u00e4t ihmisi\u00e4 viimeiseen saakka.<\/p>\n\n\n\n<p>\u00c4\u00e4nekk\u00e4it\u00e4 valehy\u00f6kk\u00e4yksi\u00e4 tekev\u00e4t lintuemot taas ovat tehokkaita \npelottelijoita, mutta ne t\u00f6rm\u00e4\u00e4v\u00e4t ihmiseen ani harvoin. Joskus \nlintuemot k\u00e4ytt\u00e4v\u00e4t ihmisen h\u00e4\u00e4t\u00e4miseksi ulostepommitusta, joka on \ntietysti ep\u00e4miellytt\u00e4v\u00e4 mutta vaaraton tunkeilijan h\u00e4\u00e4t\u00f6keino. \nLuonnonel\u00e4inten aiheuttamat fyysiset vammat tavalliselle kansalaiselle \novat eritt\u00e4in harvinaisia.<\/p>\n\n\n\n<p>Luonnonel\u00e4imet voivat kuitenkin toimia v\u00e4litt\u00e4jin\u00e4 erilaisille \ntaudinaiheuttajille. N\u00e4ist\u00e4 tunnetuin lienee salmonella, jota tavataan \nmelko usein luonnonvaraisissa linnuissa, siileiss\u00e4 ja matelijoissa. \nSalmonella voi tarttua kaikkiin selk\u00e4rankaisiin el\u00e4imiin, joten tartunta\n on mahdollista saada muidenkin lajien yksil\u00f6ilt\u00e4.<\/p>\n\n\n\n<p>Salmonella tarttuu ulosteen v\u00e4lityksell\u00e4. Koska luonnonel\u00e4imet \nsaattavat esimerkiksi istua, lev\u00e4t\u00e4 tai oleilla ulosteen saastuttamalla \nmaaper\u00e4ll\u00e4, ulostetta voi p\u00e4\u00e4ty\u00e4 niiden raajoihin tai karva- tai \nsulkapeitteeseen. T\u00e4st\u00e4 syyst\u00e4 esimerkiksi hoidossa olevia \nluonnonel\u00e4imi\u00e4 tulee aina k\u00e4sitell\u00e4 k\u00e4sinein, jotka saa puhdistettua \nasianmukaisesti k\u00e4yt\u00f6n j\u00e4lkeen. Sama p\u00e4tee esimerkiksi tilap\u00e4isess\u00e4 \nhoidossa olevien el\u00e4inten asumuksiin. Siivouksen lopuksi k\u00e4det pest\u00e4\u00e4n \nhuolellisesti.<\/p>\n\n\n\n<p>Salmonellan lis\u00e4ksi el\u00e4imill\u00e4 voi olla muita ihmiselle oireita \naiheuttavia taudinaiheuttajia tai loisia. N\u00e4it\u00e4 ovat esimeriksi \nj\u00e4nisrutto, myyr\u00e4kuume, sikaruusu ja syyhypunkki eli kapi. Borrelioosi \nja puutiaisaivokuume puolestaan ovat puutiaisen v\u00e4litt\u00e4mi\u00e4 sairauksia. \nNiiden saaminen edellytt\u00e4isi siis puutiaisen siirtymisen \nluonnonel\u00e4imest\u00e4 ihmiseen, mik\u00e4 on hyvin ep\u00e4todenn\u00e4k\u00f6ist\u00e4, jos \nk\u00e4sittelytilanteessa noudatetaan asianmukaista varovaisuutta.<\/p>\n","protected":false},"excerpt":{"rendered":"<p>Kuva: P\u00e4ivi Ylikorpi Luonnonvaraiset el\u00e4imet voivat kantaa erilaisia taudinaiheuttajia ja loisia. Niiden k\u00e4sittelyss\u00e4 tulee aina noudattaa varovaisuutta ja suojata itsens\u00e4 asianmukaisesti, esimerkiksi kertak\u00e4ytt\u00f6k\u00e4sinein. Luonnonvaraiset el\u00e4imet ovat Suomessa hyvin harvoin ihmiselle vaaraksi. Osa ihmisist\u00e4 kuitenkin pelk\u00e4\u00e4 niit\u00e4. Usein kyse on siit\u00e4, ett\u00e4 el\u00e4imiin liittyy erilaisia v\u00e4\u00e4ri\u00e4 uskomuksia. Esimerkiksi susiin ja karhuihin liittyy paljon per\u00e4tt\u00f6mi\u00e4 luuloja, kuten [&hellip;]<\/p>\n","protected":false},"author":8,"featured_media":21,"parent":0,"menu_order":0,"comment_status":"closed","ping_status":"closed","template":"","meta":{"_acf_changed":false,"footnotes":""},"class_list":["post-20","page","type-page","status-publish","has-post-thumbnail","hentry"],"acf":[],"yoast_head":"<!-- This site is optimized with the Yoast SEO plugin v27.1.1 - https:\/\/yoast.com\/product\/yoast-seo-wordpress\/ -->\n<title>Voiko luonnonel\u00e4in olla vaarallinen ihmiselle? - Luonnonel\u00e4imet<\/title>\n<meta name=\"description\" content=\"Luonnonel\u00e4inten k\u00e4sittelyss\u00e4 tulee aina noudattaa varovaisuutta ja suojata itsens\u00e4 asianmukaisesti, esimerkiksi kertak\u00e4ytt\u00f6k\u00e4sinein.\" \/>\n<meta name=\"robots\" content=\"index, follow, max-snippet:-1, max-image-preview:large, max-video-preview:-1\" \/>\n<link rel=\"canonical\" href=\"https:\/\/sey.fi\/luonnonelaimet\/voiko-luonnonelain-olla-vaarallinen-ihmiselle\/\" \/>\n<meta property=\"og:locale\" content=\"fi_FI\" \/>\n<meta property=\"og:type\" content=\"article\" \/>\n<meta property=\"og:title\" content=\"Voiko luonnonel\u00e4in olla vaarallinen ihmiselle? - Luonnonel\u00e4imet\" \/>\n<meta property=\"og:description\" content=\"Luonnonel\u00e4inten k\u00e4sittelyss\u00e4 tulee aina noudattaa varovaisuutta ja suojata itsens\u00e4 asianmukaisesti, esimerkiksi kertak\u00e4ytt\u00f6k\u00e4sinein.\" \/>\n<meta property=\"og:url\" content=\"https:\/\/sey.fi\/luonnonelaimet\/voiko-luonnonelain-olla-vaarallinen-ihmiselle\/\" \/>\n<meta property=\"og:site_name\" content=\"Luonnonel\u00e4imet\" \/>\n<meta property=\"article:modified_time\" content=\"2025-06-27T05:24:21+00:00\" \/>\n<meta property=\"og:image\" content=\"https:\/\/sey.fi\/wp-content\/uploads\/sites\/49\/2019\/12\/hessu-hylje_2psy.jpg\" \/>\n\t<meta property=\"og:image:width\" content=\"1280\" \/>\n\t<meta property=\"og:image:height\" content=\"848\" \/>\n\t<meta property=\"og:image:type\" content=\"image\/jpeg\" \/>\n<meta name=\"twitter:card\" content=\"summary_large_image\" \/>\n<meta name=\"twitter:label1\" content=\"Arvioitu lukuaika\" \/>\n\t<meta name=\"twitter:data1\" content=\"2 minuuttia\" \/>\n<script type=\"application\/ld+json\" class=\"yoast-schema-graph\">{\"@context\":\"https:\/\/schema.org\",\"@graph\":[{\"@type\":\"WebPage\",\"@id\":\"https:\/\/sey.fi\/luonnonelaimet\/voiko-luonnonelain-olla-vaarallinen-ihmiselle\/\",\"url\":\"https:\/\/sey.fi\/luonnonelaimet\/voiko-luonnonelain-olla-vaarallinen-ihmiselle\/\",\"name\":\"Voiko luonnonel\u00e4in olla vaarallinen ihmiselle? - Luonnonel\u00e4imet\",\"isPartOf\":{\"@id\":\"https:\/\/sey.fi\/luonnonelaimet\/#website\"},\"primaryImageOfPage\":{\"@id\":\"https:\/\/sey.fi\/luonnonelaimet\/voiko-luonnonelain-olla-vaarallinen-ihmiselle\/#primaryimage\"},\"image\":{\"@id\":\"https:\/\/sey.fi\/luonnonelaimet\/voiko-luonnonelain-olla-vaarallinen-ihmiselle\/#primaryimage\"},\"thumbnailUrl\":\"https:\/\/sey.fi\/wp-content\/uploads\/sites\/49\/2019\/12\/hessu-hylje_2psy.jpg\",\"datePublished\":\"2019-12-11T07:15:46+00:00\",\"dateModified\":\"2025-06-27T05:24:21+00:00\",\"description\":\"Luonnonel\u00e4inten k\u00e4sittelyss\u00e4 tulee aina noudattaa varovaisuutta ja suojata itsens\u00e4 asianmukaisesti, esimerkiksi kertak\u00e4ytt\u00f6k\u00e4sinein.\",\"breadcrumb\":{\"@id\":\"https:\/\/sey.fi\/luonnonelaimet\/voiko-luonnonelain-olla-vaarallinen-ihmiselle\/#breadcrumb\"},\"inLanguage\":\"fi\",\"potentialAction\":[{\"@type\":\"ReadAction\",\"target\":[\"https:\/\/sey.fi\/luonnonelaimet\/voiko-luonnonelain-olla-vaarallinen-ihmiselle\/\"]}]},{\"@type\":\"ImageObject\",\"inLanguage\":\"fi\",\"@id\":\"https:\/\/sey.fi\/luonnonelaimet\/voiko-luonnonelain-olla-vaarallinen-ihmiselle\/#primaryimage\",\"url\":\"https:\/\/sey.fi\/wp-content\/uploads\/sites\/49\/2019\/12\/hessu-hylje_2psy.jpg\",\"contentUrl\":\"https:\/\/sey.fi\/wp-content\/uploads\/sites\/49\/2019\/12\/hessu-hylje_2psy.jpg\",\"width\":1280,\"height\":848},{\"@type\":\"BreadcrumbList\",\"@id\":\"https:\/\/sey.fi\/luonnonelaimet\/voiko-luonnonelain-olla-vaarallinen-ihmiselle\/#breadcrumb\",\"itemListElement\":[{\"@type\":\"ListItem\",\"position\":1,\"name\":\"Home\",\"item\":\"https:\/\/sey.fi\/luonnonelaimet\/\"},{\"@type\":\"ListItem\",\"position\":2,\"name\":\"Voiko luonnonel\u00e4in olla vaarallinen ihmiselle?\"}]},{\"@type\":\"WebSite\",\"@id\":\"https:\/\/sey.fi\/luonnonelaimet\/#website\",\"url\":\"https:\/\/sey.fi\/luonnonelaimet\/\",\"name\":\"Luonnonel\u00e4imet\",\"description\":\"Uusi SEY J\u00e4senyhdistykset -sivusto\",\"potentialAction\":[{\"@type\":\"SearchAction\",\"target\":{\"@type\":\"EntryPoint\",\"urlTemplate\":\"https:\/\/sey.fi\/luonnonelaimet\/?s={search_term_string}\"},\"query-input\":{\"@type\":\"PropertyValueSpecification\",\"valueRequired\":true,\"valueName\":\"search_term_string\"}}],\"inLanguage\":\"fi\"}]}<\/script>\n<!-- \/ Yoast SEO plugin. -->","yoast_head_json":{"title":"Voiko luonnonel\u00e4in olla vaarallinen ihmiselle? - Luonnonel\u00e4imet","description":"Luonnonel\u00e4inten k\u00e4sittelyss\u00e4 tulee aina noudattaa varovaisuutta ja suojata itsens\u00e4 asianmukaisesti, esimerkiksi kertak\u00e4ytt\u00f6k\u00e4sinein.","robots":{"index":"index","follow":"follow","max-snippet":"max-snippet:-1","max-image-preview":"max-image-preview:large","max-video-preview":"max-video-preview:-1"},"canonical":"https:\/\/sey.fi\/luonnonelaimet\/voiko-luonnonelain-olla-vaarallinen-ihmiselle\/","og_locale":"fi_FI","og_type":"article","og_title":"Voiko luonnonel\u00e4in olla vaarallinen ihmiselle? - Luonnonel\u00e4imet","og_description":"Luonnonel\u00e4inten k\u00e4sittelyss\u00e4 tulee aina noudattaa varovaisuutta ja suojata itsens\u00e4 asianmukaisesti, esimerkiksi kertak\u00e4ytt\u00f6k\u00e4sinein.","og_url":"https:\/\/sey.fi\/luonnonelaimet\/voiko-luonnonelain-olla-vaarallinen-ihmiselle\/","og_site_name":"Luonnonel\u00e4imet","article_modified_time":"2025-06-27T05:24:21+00:00","og_image":[{"width":1280,"height":848,"url":"https:\/\/sey.fi\/wp-content\/uploads\/sites\/49\/2019\/12\/hessu-hylje_2psy.jpg","type":"image\/jpeg"}],"twitter_card":"summary_large_image","twitter_misc":{"Arvioitu lukuaika":"2 minuuttia"},"schema":{"@context":"https:\/\/schema.org","@graph":[{"@type":"WebPage","@id":"https:\/\/sey.fi\/luonnonelaimet\/voiko-luonnonelain-olla-vaarallinen-ihmiselle\/","url":"https:\/\/sey.fi\/luonnonelaimet\/voiko-luonnonelain-olla-vaarallinen-ihmiselle\/","name":"Voiko luonnonel\u00e4in olla vaarallinen ihmiselle? - Luonnonel\u00e4imet","isPartOf":{"@id":"https:\/\/sey.fi\/luonnonelaimet\/#website"},"primaryImageOfPage":{"@id":"https:\/\/sey.fi\/luonnonelaimet\/voiko-luonnonelain-olla-vaarallinen-ihmiselle\/#primaryimage"},"image":{"@id":"https:\/\/sey.fi\/luonnonelaimet\/voiko-luonnonelain-olla-vaarallinen-ihmiselle\/#primaryimage"},"thumbnailUrl":"https:\/\/sey.fi\/wp-content\/uploads\/sites\/49\/2019\/12\/hessu-hylje_2psy.jpg","datePublished":"2019-12-11T07:15:46+00:00","dateModified":"2025-06-27T05:24:21+00:00","description":"Luonnonel\u00e4inten k\u00e4sittelyss\u00e4 tulee aina noudattaa varovaisuutta ja suojata itsens\u00e4 asianmukaisesti, esimerkiksi kertak\u00e4ytt\u00f6k\u00e4sinein.","breadcrumb":{"@id":"https:\/\/sey.fi\/luonnonelaimet\/voiko-luonnonelain-olla-vaarallinen-ihmiselle\/#breadcrumb"},"inLanguage":"fi","potentialAction":[{"@type":"ReadAction","target":["https:\/\/sey.fi\/luonnonelaimet\/voiko-luonnonelain-olla-vaarallinen-ihmiselle\/"]}]},{"@type":"ImageObject","inLanguage":"fi","@id":"https:\/\/sey.fi\/luonnonelaimet\/voiko-luonnonelain-olla-vaarallinen-ihmiselle\/#primaryimage","url":"https:\/\/sey.fi\/wp-content\/uploads\/sites\/49\/2019\/12\/hessu-hylje_2psy.jpg","contentUrl":"https:\/\/sey.fi\/wp-content\/uploads\/sites\/49\/2019\/12\/hessu-hylje_2psy.jpg","width":1280,"height":848},{"@type":"BreadcrumbList","@id":"https:\/\/sey.fi\/luonnonelaimet\/voiko-luonnonelain-olla-vaarallinen-ihmiselle\/#breadcrumb","itemListElement":[{"@type":"ListItem","position":1,"name":"Home","item":"https:\/\/sey.fi\/luonnonelaimet\/"},{"@type":"ListItem","position":2,"name":"Voiko luonnonel\u00e4in olla vaarallinen ihmiselle?"}]},{"@type":"WebSite","@id":"https:\/\/sey.fi\/luonnonelaimet\/#website","url":"https:\/\/sey.fi\/luonnonelaimet\/","name":"Luonnonel\u00e4imet","description":"Uusi SEY J\u00e4senyhdistykset -sivusto","potentialAction":[{"@type":"SearchAction","target":{"@type":"EntryPoint","urlTemplate":"https:\/\/sey.fi\/luonnonelaimet\/?s={search_term_string}"},"query-input":{"@type":"PropertyValueSpecification","valueRequired":true,"valueName":"search_term_string"}}],"inLanguage":"fi"}]}},"_links":{"self":[{"href":"https:\/\/sey.fi\/luonnonelaimet\/wp-json\/wp\/v2\/pages\/20","targetHints":{"allow":["GET"]}}],"collection":[{"href":"https:\/\/sey.fi\/luonnonelaimet\/wp-json\/wp\/v2\/pages"}],"about":[{"href":"https:\/\/sey.fi\/luonnonelaimet\/wp-json\/wp\/v2\/types\/page"}],"author":[{"embeddable":true,"href":"https:\/\/sey.fi\/luonnonelaimet\/wp-json\/wp\/v2\/users\/8"}],"replies":[{"embeddable":true,"href":"https:\/\/sey.fi\/luonnonelaimet\/wp-json\/wp\/v2\/comments?post=20"}],"version-history":[{"count":1,"href":"https:\/\/sey.fi\/luonnonelaimet\/wp-json\/wp\/v2\/pages\/20\/revisions"}],"predecessor-version":[{"id":22,"href":"https:\/\/sey.fi\/luonnonelaimet\/wp-json\/wp\/v2\/pages\/20\/revisions\/22"}],"wp:featuredmedia":[{"embeddable":true,"href":"https:\/\/sey.fi\/luonnonelaimet\/wp-json\/wp\/v2\/media\/21"}],"wp:attachment":[{"href":"https:\/\/sey.fi\/luonnonelaimet\/wp-json\/wp\/v2\/media?parent=20"}],"curies":[{"name":"wp","href":"https:\/\/api.w.org\/{rel}","templated":true}]}}