{"id":28,"date":"2019-12-11T09:26:40","date_gmt":"2019-12-11T07:26:40","guid":{"rendered":"http:\/\/srvr10.xetpoint.com\/~seyfi\/luonnonelaimet\/?page_id=28"},"modified":"2026-02-13T20:00:22","modified_gmt":"2026-02-13T18:00:22","slug":"roskattomuus","status":"publish","type":"page","link":"https:\/\/sey.fi\/luonnonelaimet\/luonnonelaimet\/luonnonelainten-auttaminen\/roskattomuus\/","title":{"rendered":"Roskat aiheuttavat merkitt\u00e4v\u00e4\u00e4 haittaa luonnonel\u00e4imille"},"content":{"rendered":"\n<p class=\"has-text-align-right has-small-font-size\"><em>Kuva: Ian Kirk \/ Wikimedia Commons<\/em><\/p>\n\n\n\n<p class=\"has-medium-font-size\"><em>Ymp\u00e4rist\u00f6n roskaaminen muodostaa merkitt\u00e4v\u00e4n riskin luonnonel\u00e4imille. El\u00e4imet voivat esimerkiksi niell\u00e4 muovia, johon on tarttunut ruoan hajua. Muovi ei sula el\u00e4inten ruoansulatuskanavassa, vaan se saattaa tukkia niiden suoliston ja johtaa hitaaseen ja tuskalliseen kuolemaan.<\/em><\/p>\n\n\n\n<p>Roskat voivat my\u00f6s takertua ravintoa etsiv\u00e4n el\u00e4imen raajoihin tai \np\u00e4\u00e4h\u00e4n. Kalastukseen k\u00e4ytetyt siimat voivat esimerkiksi kietoutua \nlintujen r\u00e4pyl\u00f6ihin tai tulla niellyiksi, joskus niiden per\u00e4\u00e4n j\u00e4\u00e4neen \nkoukun tai vieheen kera. Rikkoutunut lasi viilt\u00e4\u00e4 luonnonel\u00e4imille \nhaavoja siin\u00e4 miss\u00e4 ihmisten paljaisiin jalkapohjiin ja koirien \nanturoihinkin.<\/p>\n\n\n\n<p>On itsest\u00e4\u00e4n selv\u00e4\u00e4, ettei luonnonyst\u00e4v\u00e4 roskaa ymp\u00e4rist\u00f6\u00e4\u00e4n. Yht\u00e4 \nt\u00e4rke\u00e4\u00e4 olisi poistaa luonnosta havaitsemansa roskat, v\u00e4hint\u00e4\u00e4nkin \nsilloin kun niiden aiheuttama vaara on ilmeinen. Pienten muovipussien \nvaraaminen reppuun, laukkuun tai takin taskuun on hyv\u00e4 tapa ja se \nhelpottaa p\u00e4\u00e4t\u00f6st\u00e4 korjata luonnossa tapaamansa roskat talteen.<\/p>\n\n\n\n<p>\u201dRoska p\u00e4iv\u00e4ss\u00e4\u201d on hyv\u00e4 periaate meille kaikille: jos jokainen  ker\u00e4isi luonnosta yhden roskan joka p\u00e4iv\u00e4, ymp\u00e4rist\u00f6mme n\u00e4ytt\u00e4isi  huomattavasti miellytt\u00e4v\u00e4mm\u00e4lt\u00e4 ja olisi samalla el\u00e4imille  turvallisempi. Lasten kanssa tehdyill\u00e4 retkill\u00e4 n\u00e4htyjen roskien  korjaaminen talteen antaa hyv\u00e4n mallin lis\u00e4ksi ajattelemisen ja  keskustelun aihetta koko perheelle. Lue lis\u00e4\u00e4 ja osallistu <a href=\"https:\/\/www.facebook.com\/groups\/6646126686\" target=\"_blank\" rel=\"noreferrer noopener nofollow\"><strong>Roska p\u00e4iv\u00e4ss\u00e4 -liikkeen toimintaan esimerkiksi Facebook-ryhm\u00e4ss\u00e4<\/strong><\/a>. <\/p>\n","protected":false},"excerpt":{"rendered":"<p>Kuva: Ian Kirk \/ Wikimedia Commons Ymp\u00e4rist\u00f6n roskaaminen muodostaa merkitt\u00e4v\u00e4n riskin luonnonel\u00e4imille. El\u00e4imet voivat esimerkiksi niell\u00e4 muovia, johon on tarttunut ruoan hajua. Muovi ei sula el\u00e4inten ruoansulatuskanavassa, vaan se saattaa tukkia niiden suoliston ja johtaa hitaaseen ja tuskalliseen kuolemaan. Roskat voivat my\u00f6s takertua ravintoa etsiv\u00e4n el\u00e4imen raajoihin tai p\u00e4\u00e4h\u00e4n. Kalastukseen k\u00e4ytetyt siimat voivat esimerkiksi kietoutua [&hellip;]<\/p>\n","protected":false},"author":8,"featured_media":29,"parent":25,"menu_order":0,"comment_status":"closed","ping_status":"closed","template":"","meta":{"_acf_changed":false,"footnotes":""},"class_list":["post-28","page","type-page","status-publish","has-post-thumbnail","hentry"],"acf":[],"yoast_head":"<!-- This site is optimized with the Yoast SEO plugin v27.1.1 - https:\/\/yoast.com\/product\/yoast-seo-wordpress\/ -->\n<title>Roskat aiheuttavat merkitt\u00e4v\u00e4\u00e4 haittaa luonnonel\u00e4imille - Luonnonel\u00e4imet<\/title>\n<meta name=\"description\" content=\"Roskat aiheuttavat merkitt\u00e4v\u00e4\u00e4 haittaa luonnonel\u00e4imille. Esimerkiksi muovi voi tukkia el\u00e4imen suoliston ja johtaa hitaaseen kuolemaan.\" \/>\n<meta name=\"robots\" content=\"index, follow, max-snippet:-1, max-image-preview:large, max-video-preview:-1\" \/>\n<link rel=\"canonical\" href=\"https:\/\/sey.fi\/luonnonelaimet\/luonnonelaimet\/luonnonelainten-auttaminen\/roskattomuus\/\" \/>\n<meta property=\"og:locale\" content=\"fi_FI\" \/>\n<meta property=\"og:type\" content=\"article\" \/>\n<meta property=\"og:title\" content=\"Roskat aiheuttavat merkitt\u00e4v\u00e4\u00e4 haittaa luonnonel\u00e4imille - Luonnonel\u00e4imet\" \/>\n<meta property=\"og:description\" content=\"Roskat aiheuttavat merkitt\u00e4v\u00e4\u00e4 haittaa luonnonel\u00e4imille. Esimerkiksi muovi voi tukkia el\u00e4imen suoliston ja johtaa hitaaseen kuolemaan.\" \/>\n<meta property=\"og:url\" content=\"https:\/\/sey.fi\/luonnonelaimet\/luonnonelaimet\/luonnonelainten-auttaminen\/roskattomuus\/\" \/>\n<meta property=\"og:site_name\" content=\"Luonnonel\u00e4imet\" \/>\n<meta property=\"article:modified_time\" content=\"2026-02-13T18:00:22+00:00\" \/>\n<meta property=\"og:image\" content=\"https:\/\/sey.fi\/wp-content\/uploads\/sites\/49\/2019\/12\/sorsa_juuttuneena_muoviin_ian_kirk_wikimedia_commons.jpg\" \/>\n\t<meta property=\"og:image:width\" content=\"1200\" \/>\n\t<meta property=\"og:image:height\" content=\"800\" \/>\n\t<meta property=\"og:image:type\" content=\"image\/jpeg\" \/>\n<meta name=\"twitter:card\" content=\"summary_large_image\" \/>\n<meta name=\"twitter:label1\" content=\"Arvioitu lukuaika\" \/>\n\t<meta name=\"twitter:data1\" content=\"2 minuuttia\" \/>\n<script type=\"application\/ld+json\" class=\"yoast-schema-graph\">{\"@context\":\"https:\/\/schema.org\",\"@graph\":[{\"@type\":\"WebPage\",\"@id\":\"https:\/\/sey.fi\/luonnonelaimet\/luonnonelaimet\/luonnonelainten-auttaminen\/roskattomuus\/\",\"url\":\"https:\/\/sey.fi\/luonnonelaimet\/luonnonelaimet\/luonnonelainten-auttaminen\/roskattomuus\/\",\"name\":\"Roskat aiheuttavat merkitt\u00e4v\u00e4\u00e4 haittaa luonnonel\u00e4imille - Luonnonel\u00e4imet\",\"isPartOf\":{\"@id\":\"https:\/\/sey.fi\/luonnonelaimet\/#website\"},\"primaryImageOfPage\":{\"@id\":\"https:\/\/sey.fi\/luonnonelaimet\/luonnonelaimet\/luonnonelainten-auttaminen\/roskattomuus\/#primaryimage\"},\"image\":{\"@id\":\"https:\/\/sey.fi\/luonnonelaimet\/luonnonelaimet\/luonnonelainten-auttaminen\/roskattomuus\/#primaryimage\"},\"thumbnailUrl\":\"https:\/\/sey.fi\/wp-content\/uploads\/sites\/49\/2019\/12\/sorsa_juuttuneena_muoviin_ian_kirk_wikimedia_commons.jpg\",\"datePublished\":\"2019-12-11T07:26:40+00:00\",\"dateModified\":\"2026-02-13T18:00:22+00:00\",\"description\":\"Roskat aiheuttavat merkitt\u00e4v\u00e4\u00e4 haittaa luonnonel\u00e4imille. Esimerkiksi muovi voi tukkia el\u00e4imen suoliston ja johtaa hitaaseen kuolemaan.\",\"breadcrumb\":{\"@id\":\"https:\/\/sey.fi\/luonnonelaimet\/luonnonelaimet\/luonnonelainten-auttaminen\/roskattomuus\/#breadcrumb\"},\"inLanguage\":\"fi\",\"potentialAction\":[{\"@type\":\"ReadAction\",\"target\":[\"https:\/\/sey.fi\/luonnonelaimet\/luonnonelaimet\/luonnonelainten-auttaminen\/roskattomuus\/\"]}]},{\"@type\":\"ImageObject\",\"inLanguage\":\"fi\",\"@id\":\"https:\/\/sey.fi\/luonnonelaimet\/luonnonelaimet\/luonnonelainten-auttaminen\/roskattomuus\/#primaryimage\",\"url\":\"https:\/\/sey.fi\/wp-content\/uploads\/sites\/49\/2019\/12\/sorsa_juuttuneena_muoviin_ian_kirk_wikimedia_commons.jpg\",\"contentUrl\":\"https:\/\/sey.fi\/wp-content\/uploads\/sites\/49\/2019\/12\/sorsa_juuttuneena_muoviin_ian_kirk_wikimedia_commons.jpg\",\"width\":1200,\"height\":800},{\"@type\":\"BreadcrumbList\",\"@id\":\"https:\/\/sey.fi\/luonnonelaimet\/luonnonelaimet\/luonnonelainten-auttaminen\/roskattomuus\/#breadcrumb\",\"itemListElement\":[{\"@type\":\"ListItem\",\"position\":1,\"name\":\"Home\",\"item\":\"https:\/\/sey.fi\/luonnonelaimet\/\"},{\"@type\":\"ListItem\",\"position\":2,\"name\":\"Luonnonel\u00e4imet\",\"item\":\"https:\/\/sey.fi\/luonnonelaimet\/\"},{\"@type\":\"ListItem\",\"position\":3,\"name\":\"Luonnonel\u00e4inten auttaminen\",\"item\":\"https:\/\/sey.fi\/luonnonelaimet\/luonnonelaimet\/luonnonelainten-auttaminen\/\"},{\"@type\":\"ListItem\",\"position\":4,\"name\":\"Roskat aiheuttavat merkitt\u00e4v\u00e4\u00e4 haittaa luonnonel\u00e4imille\"}]},{\"@type\":\"WebSite\",\"@id\":\"https:\/\/sey.fi\/luonnonelaimet\/#website\",\"url\":\"https:\/\/sey.fi\/luonnonelaimet\/\",\"name\":\"Luonnonel\u00e4imet\",\"description\":\"Uusi SEY J\u00e4senyhdistykset -sivusto\",\"potentialAction\":[{\"@type\":\"SearchAction\",\"target\":{\"@type\":\"EntryPoint\",\"urlTemplate\":\"https:\/\/sey.fi\/luonnonelaimet\/?s={search_term_string}\"},\"query-input\":{\"@type\":\"PropertyValueSpecification\",\"valueRequired\":true,\"valueName\":\"search_term_string\"}}],\"inLanguage\":\"fi\"}]}<\/script>\n<!-- \/ Yoast SEO plugin. -->","yoast_head_json":{"title":"Roskat aiheuttavat merkitt\u00e4v\u00e4\u00e4 haittaa luonnonel\u00e4imille - Luonnonel\u00e4imet","description":"Roskat aiheuttavat merkitt\u00e4v\u00e4\u00e4 haittaa luonnonel\u00e4imille. Esimerkiksi muovi voi tukkia el\u00e4imen suoliston ja johtaa hitaaseen kuolemaan.","robots":{"index":"index","follow":"follow","max-snippet":"max-snippet:-1","max-image-preview":"max-image-preview:large","max-video-preview":"max-video-preview:-1"},"canonical":"https:\/\/sey.fi\/luonnonelaimet\/luonnonelaimet\/luonnonelainten-auttaminen\/roskattomuus\/","og_locale":"fi_FI","og_type":"article","og_title":"Roskat aiheuttavat merkitt\u00e4v\u00e4\u00e4 haittaa luonnonel\u00e4imille - Luonnonel\u00e4imet","og_description":"Roskat aiheuttavat merkitt\u00e4v\u00e4\u00e4 haittaa luonnonel\u00e4imille. Esimerkiksi muovi voi tukkia el\u00e4imen suoliston ja johtaa hitaaseen kuolemaan.","og_url":"https:\/\/sey.fi\/luonnonelaimet\/luonnonelaimet\/luonnonelainten-auttaminen\/roskattomuus\/","og_site_name":"Luonnonel\u00e4imet","article_modified_time":"2026-02-13T18:00:22+00:00","og_image":[{"width":1200,"height":800,"url":"https:\/\/sey.fi\/wp-content\/uploads\/sites\/49\/2019\/12\/sorsa_juuttuneena_muoviin_ian_kirk_wikimedia_commons.jpg","type":"image\/jpeg"}],"twitter_card":"summary_large_image","twitter_misc":{"Arvioitu lukuaika":"2 minuuttia"},"schema":{"@context":"https:\/\/schema.org","@graph":[{"@type":"WebPage","@id":"https:\/\/sey.fi\/luonnonelaimet\/luonnonelaimet\/luonnonelainten-auttaminen\/roskattomuus\/","url":"https:\/\/sey.fi\/luonnonelaimet\/luonnonelaimet\/luonnonelainten-auttaminen\/roskattomuus\/","name":"Roskat aiheuttavat merkitt\u00e4v\u00e4\u00e4 haittaa luonnonel\u00e4imille - Luonnonel\u00e4imet","isPartOf":{"@id":"https:\/\/sey.fi\/luonnonelaimet\/#website"},"primaryImageOfPage":{"@id":"https:\/\/sey.fi\/luonnonelaimet\/luonnonelaimet\/luonnonelainten-auttaminen\/roskattomuus\/#primaryimage"},"image":{"@id":"https:\/\/sey.fi\/luonnonelaimet\/luonnonelaimet\/luonnonelainten-auttaminen\/roskattomuus\/#primaryimage"},"thumbnailUrl":"https:\/\/sey.fi\/wp-content\/uploads\/sites\/49\/2019\/12\/sorsa_juuttuneena_muoviin_ian_kirk_wikimedia_commons.jpg","datePublished":"2019-12-11T07:26:40+00:00","dateModified":"2026-02-13T18:00:22+00:00","description":"Roskat aiheuttavat merkitt\u00e4v\u00e4\u00e4 haittaa luonnonel\u00e4imille. Esimerkiksi muovi voi tukkia el\u00e4imen suoliston ja johtaa hitaaseen kuolemaan.","breadcrumb":{"@id":"https:\/\/sey.fi\/luonnonelaimet\/luonnonelaimet\/luonnonelainten-auttaminen\/roskattomuus\/#breadcrumb"},"inLanguage":"fi","potentialAction":[{"@type":"ReadAction","target":["https:\/\/sey.fi\/luonnonelaimet\/luonnonelaimet\/luonnonelainten-auttaminen\/roskattomuus\/"]}]},{"@type":"ImageObject","inLanguage":"fi","@id":"https:\/\/sey.fi\/luonnonelaimet\/luonnonelaimet\/luonnonelainten-auttaminen\/roskattomuus\/#primaryimage","url":"https:\/\/sey.fi\/wp-content\/uploads\/sites\/49\/2019\/12\/sorsa_juuttuneena_muoviin_ian_kirk_wikimedia_commons.jpg","contentUrl":"https:\/\/sey.fi\/wp-content\/uploads\/sites\/49\/2019\/12\/sorsa_juuttuneena_muoviin_ian_kirk_wikimedia_commons.jpg","width":1200,"height":800},{"@type":"BreadcrumbList","@id":"https:\/\/sey.fi\/luonnonelaimet\/luonnonelaimet\/luonnonelainten-auttaminen\/roskattomuus\/#breadcrumb","itemListElement":[{"@type":"ListItem","position":1,"name":"Home","item":"https:\/\/sey.fi\/luonnonelaimet\/"},{"@type":"ListItem","position":2,"name":"Luonnonel\u00e4imet","item":"https:\/\/sey.fi\/luonnonelaimet\/"},{"@type":"ListItem","position":3,"name":"Luonnonel\u00e4inten auttaminen","item":"https:\/\/sey.fi\/luonnonelaimet\/luonnonelaimet\/luonnonelainten-auttaminen\/"},{"@type":"ListItem","position":4,"name":"Roskat aiheuttavat merkitt\u00e4v\u00e4\u00e4 haittaa luonnonel\u00e4imille"}]},{"@type":"WebSite","@id":"https:\/\/sey.fi\/luonnonelaimet\/#website","url":"https:\/\/sey.fi\/luonnonelaimet\/","name":"Luonnonel\u00e4imet","description":"Uusi SEY J\u00e4senyhdistykset -sivusto","potentialAction":[{"@type":"SearchAction","target":{"@type":"EntryPoint","urlTemplate":"https:\/\/sey.fi\/luonnonelaimet\/?s={search_term_string}"},"query-input":{"@type":"PropertyValueSpecification","valueRequired":true,"valueName":"search_term_string"}}],"inLanguage":"fi"}]}},"_links":{"self":[{"href":"https:\/\/sey.fi\/luonnonelaimet\/wp-json\/wp\/v2\/pages\/28","targetHints":{"allow":["GET"]}}],"collection":[{"href":"https:\/\/sey.fi\/luonnonelaimet\/wp-json\/wp\/v2\/pages"}],"about":[{"href":"https:\/\/sey.fi\/luonnonelaimet\/wp-json\/wp\/v2\/types\/page"}],"author":[{"embeddable":true,"href":"https:\/\/sey.fi\/luonnonelaimet\/wp-json\/wp\/v2\/users\/8"}],"replies":[{"embeddable":true,"href":"https:\/\/sey.fi\/luonnonelaimet\/wp-json\/wp\/v2\/comments?post=28"}],"version-history":[{"count":7,"href":"https:\/\/sey.fi\/luonnonelaimet\/wp-json\/wp\/v2\/pages\/28\/revisions"}],"predecessor-version":[{"id":707,"href":"https:\/\/sey.fi\/luonnonelaimet\/wp-json\/wp\/v2\/pages\/28\/revisions\/707"}],"up":[{"embeddable":true,"href":"https:\/\/sey.fi\/luonnonelaimet\/wp-json\/wp\/v2\/pages\/25"}],"wp:featuredmedia":[{"embeddable":true,"href":"https:\/\/sey.fi\/luonnonelaimet\/wp-json\/wp\/v2\/media\/29"}],"wp:attachment":[{"href":"https:\/\/sey.fi\/luonnonelaimet\/wp-json\/wp\/v2\/media?parent=28"}],"curies":[{"name":"wp","href":"https:\/\/api.w.org\/{rel}","templated":true}]}}