{"id":330,"date":"2023-01-26T20:53:08","date_gmt":"2023-01-26T18:53:08","guid":{"rendered":"https:\/\/sey.fi\/luonnonelaimet\/?page_id=330"},"modified":"2025-07-04T12:49:02","modified_gmt":"2025-07-04T09:49:02","slug":"ensiapuohjeet","status":"publish","type":"page","link":"https:\/\/sey.fi\/luonnonelaimet\/usein-kysyttya-luonnonelaimista\/ensiapuohjeet\/","title":{"rendered":"Ensiapuohjeet"},"content":{"rendered":"\n<h2 class=\"wp-block-heading\">Kun kohtaat loukkaantuneen tai avun tarpeessa olevan luonnonvaraisen el\u00e4imen, toimi n\u00e4in:<\/h2>\n\n\n\n<p>\u00c4l\u00e4 koske el\u00e4imeen, vaan tarkkaile el\u00e4imen tilannetta v\u00e4limatkan p\u00e4\u00e4st\u00e4. <strong><a href=\"https:\/\/sey.fi\/elain-hadassa\/luonnonelain-hadassa\/\" target=\"_blank\" rel=\"noreferrer noopener\">Ota yhteytt\u00e4 luonnonvaraisten el\u00e4inten asiantuntijaan<\/a><\/strong>. Muista kertoa selke\u00e4sti ja j\u00e4rjestelm\u00e4llisesti miss\u00e4 olet, mik\u00e4 el\u00e4in on kyseess\u00e4 ja millainen tilanne on kyseess\u00e4. Kuuntele saamiasi neuvoja tarkasti. Neuvojat ja hoitopaikat saavat valtavasti puheluita. Autat heit\u00e4, kun pid\u00e4t informaation mahdollisimman selke\u00e4n\u00e4.<\/p>\n\n\n\n<h2 class=\"wp-block-heading\">Kun el\u00e4in on v\u00e4litt\u00f6m\u00e4ss\u00e4 vaarassa, toimi n\u00e4in:<\/h2>\n\n\n\n<h3 class=\"wp-block-heading\">Mist\u00e4 saan apua? Mihin tulee soittaa?<\/h3>\n\n\n\n<p><a href=\"https:\/\/sey.fi\/elain-hadassa\/luonnonelain-hadassa\/\"><strong>Ole yhteydess\u00e4 paikalliseen luonnonvaraisia el\u00e4imi\u00e4 hoitavaan tahoon<\/strong><\/a>. Valitse l\u00e4ht\u00f6kohtaisesti taho l\u00e4helt\u00e4 aluetta, josta l\u00f6ysit el\u00e4imen. T\u00e4ll\u00f6in hoito ja kuljetus voivat sujua mahdollisimman mutkattomasti. Voit kuitenkin soittaa my\u00f6s muiden alueiden hoitajille ja neuvojille.<\/p>\n\n\n\n<p><strong>P\u00e4\u00e4kaupunkiseudulla <\/strong>luonnonvaraisten el\u00e4inten pelastusteht\u00e4viss\u00e4 toiminut el\u00e4inpelastusyksikk\u00f6 on lopettanut auttavan puhelimensa. Pelastustilanteissa apua h\u00e4lytet\u00e4\u00e4n h\u00e4t\u00e4numeron 112 kautta.<\/p>\n\n\n\n<p><strong>Turun seudulla<\/strong> <a href=\"https:\/\/tesy.fi\/?page_id=197\">TESYn El\u00e4inten h\u00e4t\u00e4keskus<\/a> vastaa vuorokauden ymp\u00e4ri vuoden jokaisena p\u00e4iv\u00e4n\u00e4 numerossa 0400 21 3436.<\/p>\n\n\n\n<p>Korkeasaaren Villiel\u00e4insairaalan el\u00e4intenhoitajat tavoitat&nbsp;<strong>kiireellisiss\u00e4 tapauksissa<\/strong> numerosta 040 334 2954.<\/p>\n\n\n\n<p>Apua tarvitsevista luonnonvaraisista el\u00e4imist\u00e4 tulee ilmoittaa h\u00e4t\u00e4keskukseen, mik\u00e4li yleinen turvallisuus vaarantuu merkitt\u00e4v\u00e4sti tai teht\u00e4v\u00e4\u00e4n tarvitaan viranomaisten erityiskalustoa tai -asiantuntemusta.<\/p>\n\n\n\n<h3 class=\"wp-block-heading\">Soita h\u00e4t\u00e4numeroon 112, jos:<\/h3>\n\n\n\n<ul class=\"wp-block-list\">\n<li>El\u00e4in aiheuttaa j\u00e4rjestysh\u00e4iri\u00f6it\u00e4, vaaraa ihmisille tai liikenteelle<\/li>\n\n\n\n<li>Jos el\u00e4in pit\u00e4\u00e4 pelastaa paikasta, josta se ei p\u00e4\u00e4se omin avuin pois<\/li>\n\n\n\n<li>Jos kyseess\u00e4 on akuutti el\u00e4insuojelullinen asia, kuten meneill\u00e4\u00e4n oleva el\u00e4inr\u00e4\u00e4kk\u00e4ys tai vakavasti loukkaantunut el\u00e4in.<\/li>\n<\/ul>\n","protected":false},"excerpt":{"rendered":"<p>Kun kohtaat loukkaantuneen tai avun tarpeessa olevan luonnonvaraisen el\u00e4imen, toimi n\u00e4in: \u00c4l\u00e4 koske el\u00e4imeen, vaan tarkkaile el\u00e4imen tilannetta v\u00e4limatkan p\u00e4\u00e4st\u00e4. Ota yhteytt\u00e4 luonnonvaraisten el\u00e4inten asiantuntijaan. Muista kertoa selke\u00e4sti ja j\u00e4rjestelm\u00e4llisesti miss\u00e4 olet, mik\u00e4 el\u00e4in on kyseess\u00e4 ja millainen tilanne on kyseess\u00e4. Kuuntele saamiasi neuvoja tarkasti. Neuvojat ja hoitopaikat saavat valtavasti puheluita. Autat heit\u00e4, kun pid\u00e4t [&hellip;]<\/p>\n","protected":false},"author":41,"featured_media":331,"parent":251,"menu_order":1,"comment_status":"closed","ping_status":"closed","template":"","meta":{"_acf_changed":false,"footnotes":""},"class_list":["post-330","page","type-page","status-publish","has-post-thumbnail","hentry"],"acf":[],"yoast_head":"<!-- This site is optimized with the Yoast SEO plugin v27.1.1 - https:\/\/yoast.com\/product\/yoast-seo-wordpress\/ -->\n<title>Ensiapuohjeet - Luonnonel\u00e4imet<\/title>\n<meta name=\"description\" content=\"Kun kohtaat loukkaantuneen tai avun tarpeessa olevan luonnonvaraisen el\u00e4imen, toimi n\u00e4in. T\u00e4lt\u00e4 sivulta l\u00f6yd\u00e4t ensiapuohjeet avuksi.\" \/>\n<meta name=\"robots\" content=\"index, follow, max-snippet:-1, max-image-preview:large, max-video-preview:-1\" \/>\n<link rel=\"canonical\" href=\"https:\/\/sey.fi\/luonnonelaimet\/usein-kysyttya-luonnonelaimista\/ensiapuohjeet\/\" \/>\n<meta property=\"og:locale\" content=\"fi_FI\" \/>\n<meta property=\"og:type\" content=\"article\" \/>\n<meta property=\"og:title\" content=\"Ensiapuohjeet - Luonnonel\u00e4imet\" \/>\n<meta property=\"og:description\" content=\"Kun kohtaat loukkaantuneen tai avun tarpeessa olevan luonnonvaraisen el\u00e4imen, toimi n\u00e4in. T\u00e4lt\u00e4 sivulta l\u00f6yd\u00e4t ensiapuohjeet avuksi.\" \/>\n<meta property=\"og:url\" content=\"https:\/\/sey.fi\/luonnonelaimet\/usein-kysyttya-luonnonelaimista\/ensiapuohjeet\/\" \/>\n<meta property=\"og:site_name\" content=\"Luonnonel\u00e4imet\" \/>\n<meta property=\"article:modified_time\" content=\"2025-07-04T09:49:02+00:00\" \/>\n<meta property=\"og:image\" content=\"https:\/\/sey.fi\/wp-content\/uploads\/sites\/49\/2023\/01\/Orava_Seyn_arkisto.jpg\" \/>\n\t<meta property=\"og:image:width\" content=\"1280\" \/>\n\t<meta property=\"og:image:height\" content=\"640\" \/>\n\t<meta property=\"og:image:type\" content=\"image\/jpeg\" \/>\n<meta name=\"twitter:card\" content=\"summary_large_image\" \/>\n<meta name=\"twitter:label1\" content=\"Arvioitu lukuaika\" \/>\n\t<meta name=\"twitter:data1\" content=\"2 minuuttia\" \/>\n<script type=\"application\/ld+json\" class=\"yoast-schema-graph\">{\"@context\":\"https:\/\/schema.org\",\"@graph\":[{\"@type\":\"WebPage\",\"@id\":\"https:\/\/sey.fi\/luonnonelaimet\/usein-kysyttya-luonnonelaimista\/ensiapuohjeet\/\",\"url\":\"https:\/\/sey.fi\/luonnonelaimet\/usein-kysyttya-luonnonelaimista\/ensiapuohjeet\/\",\"name\":\"Ensiapuohjeet - Luonnonel\u00e4imet\",\"isPartOf\":{\"@id\":\"https:\/\/sey.fi\/luonnonelaimet\/#website\"},\"primaryImageOfPage\":{\"@id\":\"https:\/\/sey.fi\/luonnonelaimet\/usein-kysyttya-luonnonelaimista\/ensiapuohjeet\/#primaryimage\"},\"image\":{\"@id\":\"https:\/\/sey.fi\/luonnonelaimet\/usein-kysyttya-luonnonelaimista\/ensiapuohjeet\/#primaryimage\"},\"thumbnailUrl\":\"https:\/\/sey.fi\/wp-content\/uploads\/sites\/49\/2023\/01\/Orava_Seyn_arkisto.jpg\",\"datePublished\":\"2023-01-26T18:53:08+00:00\",\"dateModified\":\"2025-07-04T09:49:02+00:00\",\"description\":\"Kun kohtaat loukkaantuneen tai avun tarpeessa olevan luonnonvaraisen el\u00e4imen, toimi n\u00e4in. T\u00e4lt\u00e4 sivulta l\u00f6yd\u00e4t ensiapuohjeet avuksi.\",\"breadcrumb\":{\"@id\":\"https:\/\/sey.fi\/luonnonelaimet\/usein-kysyttya-luonnonelaimista\/ensiapuohjeet\/#breadcrumb\"},\"inLanguage\":\"fi\",\"potentialAction\":[{\"@type\":\"ReadAction\",\"target\":[\"https:\/\/sey.fi\/luonnonelaimet\/usein-kysyttya-luonnonelaimista\/ensiapuohjeet\/\"]}]},{\"@type\":\"ImageObject\",\"inLanguage\":\"fi\",\"@id\":\"https:\/\/sey.fi\/luonnonelaimet\/usein-kysyttya-luonnonelaimista\/ensiapuohjeet\/#primaryimage\",\"url\":\"https:\/\/sey.fi\/wp-content\/uploads\/sites\/49\/2023\/01\/Orava_Seyn_arkisto.jpg\",\"contentUrl\":\"https:\/\/sey.fi\/wp-content\/uploads\/sites\/49\/2023\/01\/Orava_Seyn_arkisto.jpg\",\"width\":1280,\"height\":640,\"caption\":\"Kuva: SEYn arkisto\"},{\"@type\":\"BreadcrumbList\",\"@id\":\"https:\/\/sey.fi\/luonnonelaimet\/usein-kysyttya-luonnonelaimista\/ensiapuohjeet\/#breadcrumb\",\"itemListElement\":[{\"@type\":\"ListItem\",\"position\":1,\"name\":\"Home\",\"item\":\"https:\/\/sey.fi\/luonnonelaimet\/\"},{\"@type\":\"ListItem\",\"position\":2,\"name\":\"Usein kysytty\u00e4 luonnonel\u00e4imist\u00e4\",\"item\":\"https:\/\/sey.fi\/luonnonelaimet\/usein-kysyttya-luonnonelaimista\/\"},{\"@type\":\"ListItem\",\"position\":3,\"name\":\"Ensiapuohjeet\"}]},{\"@type\":\"WebSite\",\"@id\":\"https:\/\/sey.fi\/luonnonelaimet\/#website\",\"url\":\"https:\/\/sey.fi\/luonnonelaimet\/\",\"name\":\"Luonnonel\u00e4imet\",\"description\":\"Uusi SEY J\u00e4senyhdistykset -sivusto\",\"potentialAction\":[{\"@type\":\"SearchAction\",\"target\":{\"@type\":\"EntryPoint\",\"urlTemplate\":\"https:\/\/sey.fi\/luonnonelaimet\/?s={search_term_string}\"},\"query-input\":{\"@type\":\"PropertyValueSpecification\",\"valueRequired\":true,\"valueName\":\"search_term_string\"}}],\"inLanguage\":\"fi\"}]}<\/script>\n<!-- \/ Yoast SEO plugin. -->","yoast_head_json":{"title":"Ensiapuohjeet - Luonnonel\u00e4imet","description":"Kun kohtaat loukkaantuneen tai avun tarpeessa olevan luonnonvaraisen el\u00e4imen, toimi n\u00e4in. T\u00e4lt\u00e4 sivulta l\u00f6yd\u00e4t ensiapuohjeet avuksi.","robots":{"index":"index","follow":"follow","max-snippet":"max-snippet:-1","max-image-preview":"max-image-preview:large","max-video-preview":"max-video-preview:-1"},"canonical":"https:\/\/sey.fi\/luonnonelaimet\/usein-kysyttya-luonnonelaimista\/ensiapuohjeet\/","og_locale":"fi_FI","og_type":"article","og_title":"Ensiapuohjeet - Luonnonel\u00e4imet","og_description":"Kun kohtaat loukkaantuneen tai avun tarpeessa olevan luonnonvaraisen el\u00e4imen, toimi n\u00e4in. T\u00e4lt\u00e4 sivulta l\u00f6yd\u00e4t ensiapuohjeet avuksi.","og_url":"https:\/\/sey.fi\/luonnonelaimet\/usein-kysyttya-luonnonelaimista\/ensiapuohjeet\/","og_site_name":"Luonnonel\u00e4imet","article_modified_time":"2025-07-04T09:49:02+00:00","og_image":[{"width":1280,"height":640,"url":"https:\/\/sey.fi\/wp-content\/uploads\/sites\/49\/2023\/01\/Orava_Seyn_arkisto.jpg","type":"image\/jpeg"}],"twitter_card":"summary_large_image","twitter_misc":{"Arvioitu lukuaika":"2 minuuttia"},"schema":{"@context":"https:\/\/schema.org","@graph":[{"@type":"WebPage","@id":"https:\/\/sey.fi\/luonnonelaimet\/usein-kysyttya-luonnonelaimista\/ensiapuohjeet\/","url":"https:\/\/sey.fi\/luonnonelaimet\/usein-kysyttya-luonnonelaimista\/ensiapuohjeet\/","name":"Ensiapuohjeet - Luonnonel\u00e4imet","isPartOf":{"@id":"https:\/\/sey.fi\/luonnonelaimet\/#website"},"primaryImageOfPage":{"@id":"https:\/\/sey.fi\/luonnonelaimet\/usein-kysyttya-luonnonelaimista\/ensiapuohjeet\/#primaryimage"},"image":{"@id":"https:\/\/sey.fi\/luonnonelaimet\/usein-kysyttya-luonnonelaimista\/ensiapuohjeet\/#primaryimage"},"thumbnailUrl":"https:\/\/sey.fi\/wp-content\/uploads\/sites\/49\/2023\/01\/Orava_Seyn_arkisto.jpg","datePublished":"2023-01-26T18:53:08+00:00","dateModified":"2025-07-04T09:49:02+00:00","description":"Kun kohtaat loukkaantuneen tai avun tarpeessa olevan luonnonvaraisen el\u00e4imen, toimi n\u00e4in. T\u00e4lt\u00e4 sivulta l\u00f6yd\u00e4t ensiapuohjeet avuksi.","breadcrumb":{"@id":"https:\/\/sey.fi\/luonnonelaimet\/usein-kysyttya-luonnonelaimista\/ensiapuohjeet\/#breadcrumb"},"inLanguage":"fi","potentialAction":[{"@type":"ReadAction","target":["https:\/\/sey.fi\/luonnonelaimet\/usein-kysyttya-luonnonelaimista\/ensiapuohjeet\/"]}]},{"@type":"ImageObject","inLanguage":"fi","@id":"https:\/\/sey.fi\/luonnonelaimet\/usein-kysyttya-luonnonelaimista\/ensiapuohjeet\/#primaryimage","url":"https:\/\/sey.fi\/wp-content\/uploads\/sites\/49\/2023\/01\/Orava_Seyn_arkisto.jpg","contentUrl":"https:\/\/sey.fi\/wp-content\/uploads\/sites\/49\/2023\/01\/Orava_Seyn_arkisto.jpg","width":1280,"height":640,"caption":"Kuva: SEYn arkisto"},{"@type":"BreadcrumbList","@id":"https:\/\/sey.fi\/luonnonelaimet\/usein-kysyttya-luonnonelaimista\/ensiapuohjeet\/#breadcrumb","itemListElement":[{"@type":"ListItem","position":1,"name":"Home","item":"https:\/\/sey.fi\/luonnonelaimet\/"},{"@type":"ListItem","position":2,"name":"Usein kysytty\u00e4 luonnonel\u00e4imist\u00e4","item":"https:\/\/sey.fi\/luonnonelaimet\/usein-kysyttya-luonnonelaimista\/"},{"@type":"ListItem","position":3,"name":"Ensiapuohjeet"}]},{"@type":"WebSite","@id":"https:\/\/sey.fi\/luonnonelaimet\/#website","url":"https:\/\/sey.fi\/luonnonelaimet\/","name":"Luonnonel\u00e4imet","description":"Uusi SEY J\u00e4senyhdistykset -sivusto","potentialAction":[{"@type":"SearchAction","target":{"@type":"EntryPoint","urlTemplate":"https:\/\/sey.fi\/luonnonelaimet\/?s={search_term_string}"},"query-input":{"@type":"PropertyValueSpecification","valueRequired":true,"valueName":"search_term_string"}}],"inLanguage":"fi"}]}},"_links":{"self":[{"href":"https:\/\/sey.fi\/luonnonelaimet\/wp-json\/wp\/v2\/pages\/330","targetHints":{"allow":["GET"]}}],"collection":[{"href":"https:\/\/sey.fi\/luonnonelaimet\/wp-json\/wp\/v2\/pages"}],"about":[{"href":"https:\/\/sey.fi\/luonnonelaimet\/wp-json\/wp\/v2\/types\/page"}],"author":[{"embeddable":true,"href":"https:\/\/sey.fi\/luonnonelaimet\/wp-json\/wp\/v2\/users\/41"}],"replies":[{"embeddable":true,"href":"https:\/\/sey.fi\/luonnonelaimet\/wp-json\/wp\/v2\/comments?post=330"}],"version-history":[{"count":13,"href":"https:\/\/sey.fi\/luonnonelaimet\/wp-json\/wp\/v2\/pages\/330\/revisions"}],"predecessor-version":[{"id":647,"href":"https:\/\/sey.fi\/luonnonelaimet\/wp-json\/wp\/v2\/pages\/330\/revisions\/647"}],"up":[{"embeddable":true,"href":"https:\/\/sey.fi\/luonnonelaimet\/wp-json\/wp\/v2\/pages\/251"}],"wp:featuredmedia":[{"embeddable":true,"href":"https:\/\/sey.fi\/luonnonelaimet\/wp-json\/wp\/v2\/media\/331"}],"wp:attachment":[{"href":"https:\/\/sey.fi\/luonnonelaimet\/wp-json\/wp\/v2\/media?parent=330"}],"curies":[{"name":"wp","href":"https:\/\/api.w.org\/{rel}","templated":true}]}}