{"id":34,"date":"2019-12-11T09:33:21","date_gmt":"2019-12-11T07:33:21","guid":{"rendered":"http:\/\/srvr10.xetpoint.com\/~seyfi\/luonnonelaimet\/?page_id=34"},"modified":"2026-02-13T20:01:45","modified_gmt":"2026-02-13T18:01:45","slug":"ruokinta","status":"publish","type":"page","link":"https:\/\/sey.fi\/luonnonelaimet\/luonnonelaimet\/luonnonelainten-auttaminen\/ruokinta\/","title":{"rendered":"Ruokinta"},"content":{"rendered":"\n<p class=\"has-small-font-size\"><em>Nuorilla, kaupungeissa asuvilla variksilla tavataan  sulkapeitteen muutoksia, jotka johtavat pahimmillaan  lentokyvytt\u00f6myyteen. Aluksi siipisulissa n\u00e4hd\u00e4\u00e4n valkoisia alueita, ja  lentoharjoitusten aiheuttaman rasituksen my\u00f6t\u00e4 sulat rispaantuvat ja  katkeilevat. Ongelman syyksi ep\u00e4ill\u00e4\u00e4n yksipuolista ja puutteellista  ravintoa.<\/em> <em>Kuva: P\u00e4ivi Ylikorpi<\/em><\/p>\n\n\n\n<hr class=\"wp-block-separator has-alpha-channel-opacity\" \/>\n\n\n\n<p>El\u00e4inten auttamisesta tulee monille ihmisille ensimm\u00e4isen\u00e4 mieleen \nel\u00e4inten ruokinta. Mik\u00e4 tahansa ruokinta ei kuitenkaan ole el\u00e4imelle \nhyv\u00e4ksi, vaan sill\u00e4 voidaan aiheuttaa jopa vahinkoa. Jotta el\u00e4inten \nruokinnasta olisi apua el\u00e4imille, sen on oltava oikea-aikaista, \nruokintapaikan puhtaudesta ja ravinnon oikeasta koostumuksesta on \nhuolehdittava ja usein ruokintaan on sitouduttava pidemm\u00e4ksi aikaa.&nbsp;<\/p>\n\n\n\n<p>Oikea-aikaisuus tarkoittaa sit\u00e4, ett\u00e4 el\u00e4imi\u00e4 ruokitaan vain silloin,\n kun ne ovat ruoka-avun tarpeessa. Talvehtivatkin linnut p\u00e4rj\u00e4\u00e4v\u00e4t \nkes\u00e4ll\u00e4 hyvin ilman lis\u00e4ruokintaa. Kes\u00e4n l\u00e4mpim\u00e4ss\u00e4 ilmassa \nruokintapaikalla kukoistavat helposti my\u00f6s erilaiset taudinaiheuttajat.<\/p>\n\n\n\n<p>Esimerkiksi siemenet ovat tiaisille talvella t\u00e4rke\u00e4 energianl\u00e4hde, \nmutta kes\u00e4ll\u00e4 se ei ole sopivaa ravintoa, sill\u00e4 tiaisten poikaset \ntarvitsevat terveeseen kasvuunsa hy\u00f6nteisi\u00e4. Siilit puolestaan hy\u00f6tyv\u00e4t \nruokinnasta eniten syksyll\u00e4 ja varhain kev\u00e4\u00e4ll\u00e4, joko ker\u00e4tess\u00e4\u00e4n \nvararavintoa horrostamiseen tai her\u00e4tty\u00e4\u00e4n pitk\u00e4n horroksen j\u00e4lkeen \nrunsaasti ruumiinpainoaan menett\u00e4nein\u00e4.<\/p>\n\n\n\n<p>El\u00e4imi\u00e4 ruokittaessa pit\u00e4\u00e4 ottaa selv\u00e4\u00e4 siit\u00e4, millainen ravinto \nedesauttaa mink\u00e4kin lajin tervett\u00e4 kasvua ja hyvinvointia. Jos el\u00e4in sy\u00f6\n kasvuaikanaan ravintoa, joka ei sovellu sille, voidaan aiheuttaa jopa \npysyvi\u00e4 vahinkoja sen kehitykselle. N\u00e4in on tapahtunut esimerkiksi \nmonelle leiv\u00e4ll\u00e4 ja pullalla ruokitulle hanhenpoikaselle, joka on \nv\u00e4\u00e4r\u00e4nlaisen ravinnon kautta altistunut siipien luuston \npalautumattomille muutoksille.<\/p>\n\n\n\n<p>N\u00e4ill\u00e4 linnuilla ei ole mahdollisuutta saavuttaa lentokyky\u00e4, joten  v\u00e4\u00e4r\u00e4 ruokinta koituu v\u00e4ist\u00e4m\u00e4tt\u00e4 niille surulliseksi kohtaloksi. Eri  el\u00e4inlajeille sopivasta ravinnosta l\u00f6yd\u00e4t tietoa vaikkapa kirjastosta ja  t\u00e4lt\u00e4 sivustolta.<\/p>\n\n\n\n<figure class=\"wp-block-image size-large\"><img loading=\"lazy\" decoding=\"async\" width=\"1024\" height=\"760\" src=\"https:\/\/sey.fi\/wp-content\/uploads\/sites\/49\/2023\/01\/lintujen-talviruokinta-1024x760.png\" alt=\"Kaksi lintulaudalla olevaa sinitiaista\" class=\"wp-image-486\" srcset=\"https:\/\/sey.fi\/wp-content\/uploads\/sites\/49\/2023\/01\/lintujen-talviruokinta-1024x760.png 1024w, https:\/\/sey.fi\/wp-content\/uploads\/sites\/49\/2023\/01\/lintujen-talviruokinta-300x223.png 300w, https:\/\/sey.fi\/wp-content\/uploads\/sites\/49\/2023\/01\/lintujen-talviruokinta-768x570.png 768w, https:\/\/sey.fi\/wp-content\/uploads\/sites\/49\/2023\/01\/lintujen-talviruokinta.png 1280w\" sizes=\"auto, (max-width: 1024px) 100vw, 1024px\" \/><figcaption class=\"wp-element-caption\"> <strong><em>Talvilintujen ruokinnan voi aloittaa maan j\u00e4\u00e4dytty\u00e4 tai lumen peitetty\u00e4 maan, ja sit\u00e4  on jatkettava koko talven ajan. Ruokinta lopetetaan kev\u00e4\u00e4ll\u00e4, kun maa  on j\u00e4lleen sulanut.<\/em><\/strong> <\/figcaption><\/figure>\n\n\n\n<p>Monet ruokkivat talvilintujen lis\u00e4ksi pihapiirins\u00e4 siilej\u00e4. Etenkin \nmy\u00f6h\u00e4\u00e4n syksyll\u00e4 liikkeell\u00e4 olevat siilit hy\u00f6tyv\u00e4t ruokinnasta, sill\u00e4 ne\n saattavat olla liian pieni\u00e4 vet\u00e4yty\u00e4kseen horrostamaan, ja niill\u00e4 on \nkiire kerrytt\u00e4\u00e4 kehoonsa talven yli riitt\u00e4v\u00e4 vararavinto. Toisaalta \nkev\u00e4\u00e4ll\u00e4 her\u00e4\u00e4v\u00e4t siilit, etenkin nuoret yksil\u00f6t, voivat olla hyvin \nheikossa kunnossa ja saada elint\u00e4rke\u00e4\u00e4 apua ruokinnasta.<\/p>\n\n\n\n<p>Puhtaus on eritt\u00e4in t\u00e4rke\u00e4\u00e4 my\u00f6s siilien ruokintapaikalla, ja huolta \non pidett\u00e4v\u00e4 my\u00f6s omasta k\u00e4sihygieniasta. Siilien k\u00e4ytt\u00e4mi\u00e4 astioita ei \ntule pest\u00e4 keitti\u00f6n lavuaarissa, sill\u00e4 siileill\u00e4 on melko usein \nsalmonellaa, ja ne usein tahrivat ulosteillaan my\u00f6s ruokakuppejaan.<\/p>\n\n\n\n<p>El\u00e4imi\u00e4 ei pid\u00e4 opettaa hakemaan ruokaansa aivan l\u00e4helt\u00e4 ihmist\u00e4. \nPikkuhiljaa ne el\u00e4inyksil\u00f6t, jotka ovat riitt\u00e4v\u00e4n rohkeita, \nuskaltautuvat ottamaan ruokaa jopa ihmisen k\u00e4dest\u00e4. Ruokkija ei ehk\u00e4 \ntule ajatelleeksi el\u00e4inten altistumista esimerkiksi ilkivallalle \nt\u00e4llaisen kesyyntymisen takia. Terve pelko ihmist\u00e4 kotaan olisi est\u00e4nyt \nmonta tilannetta, joissa el\u00e4imille on tehty pahaa.<\/p>\n\n\n\n<p>Joskus k\u00e4y my\u00f6s niin, ett\u00e4 poikaset oppivat hakemaan ravintonsa vain \nihmisilt\u00e4. Kun ruokkijat kaikkoavat ja luonnossa pit\u00e4isi p\u00e4rj\u00e4t\u00e4 \nomillaan, on poikanen altis n\u00e4lkiintymiselle.<\/p>\n","protected":false},"excerpt":{"rendered":"<p>Nuorilla, kaupungeissa asuvilla variksilla tavataan sulkapeitteen muutoksia, jotka johtavat pahimmillaan lentokyvytt\u00f6myyteen. Aluksi siipisulissa n\u00e4hd\u00e4\u00e4n valkoisia alueita, ja lentoharjoitusten aiheuttaman rasituksen my\u00f6t\u00e4 sulat rispaantuvat ja katkeilevat. Ongelman syyksi ep\u00e4ill\u00e4\u00e4n yksipuolista ja puutteellista ravintoa. Kuva: P\u00e4ivi Ylikorpi El\u00e4inten auttamisesta tulee monille ihmisille ensimm\u00e4isen\u00e4 mieleen el\u00e4inten ruokinta. Mik\u00e4 tahansa ruokinta ei kuitenkaan ole el\u00e4imelle hyv\u00e4ksi, vaan sill\u00e4 voidaan [&hellip;]<\/p>\n","protected":false},"author":8,"featured_media":35,"parent":25,"menu_order":0,"comment_status":"closed","ping_status":"closed","template":"","meta":{"_acf_changed":false,"footnotes":""},"class_list":["post-34","page","type-page","status-publish","has-post-thumbnail","hentry"],"acf":[],"yoast_head":"<!-- This site is optimized with the Yoast SEO plugin v27.1.1 - https:\/\/yoast.com\/product\/yoast-seo-wordpress\/ -->\n<title>Ruokinta - Luonnonel\u00e4imet<\/title>\n<meta name=\"robots\" content=\"index, follow, max-snippet:-1, max-image-preview:large, max-video-preview:-1\" \/>\n<link rel=\"canonical\" href=\"https:\/\/sey.fi\/luonnonelaimet\/luonnonelaimet\/luonnonelainten-auttaminen\/ruokinta\/\" \/>\n<meta property=\"og:locale\" content=\"fi_FI\" \/>\n<meta property=\"og:type\" content=\"article\" \/>\n<meta property=\"og:title\" content=\"Ruokinta - Luonnonel\u00e4imet\" \/>\n<meta property=\"og:description\" content=\"Nuorilla, kaupungeissa asuvilla variksilla tavataan sulkapeitteen muutoksia, jotka johtavat pahimmillaan lentokyvytt\u00f6myyteen. Aluksi siipisulissa n\u00e4hd\u00e4\u00e4n valkoisia alueita, ja lentoharjoitusten aiheuttaman rasituksen my\u00f6t\u00e4 sulat rispaantuvat ja katkeilevat. Ongelman syyksi ep\u00e4ill\u00e4\u00e4n yksipuolista ja puutteellista ravintoa. Kuva: P\u00e4ivi Ylikorpi El\u00e4inten auttamisesta tulee monille ihmisille ensimm\u00e4isen\u00e4 mieleen el\u00e4inten ruokinta. Mik\u00e4 tahansa ruokinta ei kuitenkaan ole el\u00e4imelle hyv\u00e4ksi, vaan sill\u00e4 voidaan [&hellip;]\" \/>\n<meta property=\"og:url\" content=\"https:\/\/sey.fi\/luonnonelaimet\/luonnonelaimet\/luonnonelainten-auttaminen\/ruokinta\/\" \/>\n<meta property=\"og:site_name\" content=\"Luonnonel\u00e4imet\" \/>\n<meta property=\"article:modified_time\" content=\"2026-02-13T18:01:45+00:00\" \/>\n<meta property=\"og:image\" content=\"https:\/\/sey.fi\/wp-content\/uploads\/sites\/49\/2019\/12\/kaupunkivaris_psy.jpg\" \/>\n\t<meta property=\"og:image:width\" content=\"640\" \/>\n\t<meta property=\"og:image:height\" content=\"480\" \/>\n\t<meta property=\"og:image:type\" content=\"image\/jpeg\" \/>\n<meta name=\"twitter:card\" content=\"summary_large_image\" \/>\n<meta name=\"twitter:label1\" content=\"Arvioitu lukuaika\" \/>\n\t<meta name=\"twitter:data1\" content=\"3 minuuttia\" \/>\n<script type=\"application\/ld+json\" class=\"yoast-schema-graph\">{\"@context\":\"https:\/\/schema.org\",\"@graph\":[{\"@type\":\"WebPage\",\"@id\":\"https:\/\/sey.fi\/luonnonelaimet\/luonnonelaimet\/luonnonelainten-auttaminen\/ruokinta\/\",\"url\":\"https:\/\/sey.fi\/luonnonelaimet\/luonnonelaimet\/luonnonelainten-auttaminen\/ruokinta\/\",\"name\":\"Ruokinta - Luonnonel\u00e4imet\",\"isPartOf\":{\"@id\":\"https:\/\/sey.fi\/luonnonelaimet\/#website\"},\"primaryImageOfPage\":{\"@id\":\"https:\/\/sey.fi\/luonnonelaimet\/luonnonelaimet\/luonnonelainten-auttaminen\/ruokinta\/#primaryimage\"},\"image\":{\"@id\":\"https:\/\/sey.fi\/luonnonelaimet\/luonnonelaimet\/luonnonelainten-auttaminen\/ruokinta\/#primaryimage\"},\"thumbnailUrl\":\"https:\/\/sey.fi\/wp-content\/uploads\/sites\/49\/2019\/12\/kaupunkivaris_psy.jpg\",\"datePublished\":\"2019-12-11T07:33:21+00:00\",\"dateModified\":\"2026-02-13T18:01:45+00:00\",\"breadcrumb\":{\"@id\":\"https:\/\/sey.fi\/luonnonelaimet\/luonnonelaimet\/luonnonelainten-auttaminen\/ruokinta\/#breadcrumb\"},\"inLanguage\":\"fi\",\"potentialAction\":[{\"@type\":\"ReadAction\",\"target\":[\"https:\/\/sey.fi\/luonnonelaimet\/luonnonelaimet\/luonnonelainten-auttaminen\/ruokinta\/\"]}]},{\"@type\":\"ImageObject\",\"inLanguage\":\"fi\",\"@id\":\"https:\/\/sey.fi\/luonnonelaimet\/luonnonelaimet\/luonnonelainten-auttaminen\/ruokinta\/#primaryimage\",\"url\":\"https:\/\/sey.fi\/wp-content\/uploads\/sites\/49\/2019\/12\/kaupunkivaris_psy.jpg\",\"contentUrl\":\"https:\/\/sey.fi\/wp-content\/uploads\/sites\/49\/2019\/12\/kaupunkivaris_psy.jpg\",\"width\":640,\"height\":480},{\"@type\":\"BreadcrumbList\",\"@id\":\"https:\/\/sey.fi\/luonnonelaimet\/luonnonelaimet\/luonnonelainten-auttaminen\/ruokinta\/#breadcrumb\",\"itemListElement\":[{\"@type\":\"ListItem\",\"position\":1,\"name\":\"Home\",\"item\":\"https:\/\/sey.fi\/luonnonelaimet\/\"},{\"@type\":\"ListItem\",\"position\":2,\"name\":\"Luonnonel\u00e4imet\",\"item\":\"https:\/\/sey.fi\/luonnonelaimet\/\"},{\"@type\":\"ListItem\",\"position\":3,\"name\":\"Luonnonel\u00e4inten auttaminen\",\"item\":\"https:\/\/sey.fi\/luonnonelaimet\/luonnonelaimet\/luonnonelainten-auttaminen\/\"},{\"@type\":\"ListItem\",\"position\":4,\"name\":\"Ruokinta\"}]},{\"@type\":\"WebSite\",\"@id\":\"https:\/\/sey.fi\/luonnonelaimet\/#website\",\"url\":\"https:\/\/sey.fi\/luonnonelaimet\/\",\"name\":\"Luonnonel\u00e4imet\",\"description\":\"Uusi SEY J\u00e4senyhdistykset -sivusto\",\"potentialAction\":[{\"@type\":\"SearchAction\",\"target\":{\"@type\":\"EntryPoint\",\"urlTemplate\":\"https:\/\/sey.fi\/luonnonelaimet\/?s={search_term_string}\"},\"query-input\":{\"@type\":\"PropertyValueSpecification\",\"valueRequired\":true,\"valueName\":\"search_term_string\"}}],\"inLanguage\":\"fi\"}]}<\/script>\n<!-- \/ Yoast SEO plugin. -->","yoast_head_json":{"title":"Ruokinta - Luonnonel\u00e4imet","robots":{"index":"index","follow":"follow","max-snippet":"max-snippet:-1","max-image-preview":"max-image-preview:large","max-video-preview":"max-video-preview:-1"},"canonical":"https:\/\/sey.fi\/luonnonelaimet\/luonnonelaimet\/luonnonelainten-auttaminen\/ruokinta\/","og_locale":"fi_FI","og_type":"article","og_title":"Ruokinta - Luonnonel\u00e4imet","og_description":"Nuorilla, kaupungeissa asuvilla variksilla tavataan sulkapeitteen muutoksia, jotka johtavat pahimmillaan lentokyvytt\u00f6myyteen. Aluksi siipisulissa n\u00e4hd\u00e4\u00e4n valkoisia alueita, ja lentoharjoitusten aiheuttaman rasituksen my\u00f6t\u00e4 sulat rispaantuvat ja katkeilevat. Ongelman syyksi ep\u00e4ill\u00e4\u00e4n yksipuolista ja puutteellista ravintoa. Kuva: P\u00e4ivi Ylikorpi El\u00e4inten auttamisesta tulee monille ihmisille ensimm\u00e4isen\u00e4 mieleen el\u00e4inten ruokinta. Mik\u00e4 tahansa ruokinta ei kuitenkaan ole el\u00e4imelle hyv\u00e4ksi, vaan sill\u00e4 voidaan [&hellip;]","og_url":"https:\/\/sey.fi\/luonnonelaimet\/luonnonelaimet\/luonnonelainten-auttaminen\/ruokinta\/","og_site_name":"Luonnonel\u00e4imet","article_modified_time":"2026-02-13T18:01:45+00:00","og_image":[{"width":640,"height":480,"url":"https:\/\/sey.fi\/wp-content\/uploads\/sites\/49\/2019\/12\/kaupunkivaris_psy.jpg","type":"image\/jpeg"}],"twitter_card":"summary_large_image","twitter_misc":{"Arvioitu lukuaika":"3 minuuttia"},"schema":{"@context":"https:\/\/schema.org","@graph":[{"@type":"WebPage","@id":"https:\/\/sey.fi\/luonnonelaimet\/luonnonelaimet\/luonnonelainten-auttaminen\/ruokinta\/","url":"https:\/\/sey.fi\/luonnonelaimet\/luonnonelaimet\/luonnonelainten-auttaminen\/ruokinta\/","name":"Ruokinta - Luonnonel\u00e4imet","isPartOf":{"@id":"https:\/\/sey.fi\/luonnonelaimet\/#website"},"primaryImageOfPage":{"@id":"https:\/\/sey.fi\/luonnonelaimet\/luonnonelaimet\/luonnonelainten-auttaminen\/ruokinta\/#primaryimage"},"image":{"@id":"https:\/\/sey.fi\/luonnonelaimet\/luonnonelaimet\/luonnonelainten-auttaminen\/ruokinta\/#primaryimage"},"thumbnailUrl":"https:\/\/sey.fi\/wp-content\/uploads\/sites\/49\/2019\/12\/kaupunkivaris_psy.jpg","datePublished":"2019-12-11T07:33:21+00:00","dateModified":"2026-02-13T18:01:45+00:00","breadcrumb":{"@id":"https:\/\/sey.fi\/luonnonelaimet\/luonnonelaimet\/luonnonelainten-auttaminen\/ruokinta\/#breadcrumb"},"inLanguage":"fi","potentialAction":[{"@type":"ReadAction","target":["https:\/\/sey.fi\/luonnonelaimet\/luonnonelaimet\/luonnonelainten-auttaminen\/ruokinta\/"]}]},{"@type":"ImageObject","inLanguage":"fi","@id":"https:\/\/sey.fi\/luonnonelaimet\/luonnonelaimet\/luonnonelainten-auttaminen\/ruokinta\/#primaryimage","url":"https:\/\/sey.fi\/wp-content\/uploads\/sites\/49\/2019\/12\/kaupunkivaris_psy.jpg","contentUrl":"https:\/\/sey.fi\/wp-content\/uploads\/sites\/49\/2019\/12\/kaupunkivaris_psy.jpg","width":640,"height":480},{"@type":"BreadcrumbList","@id":"https:\/\/sey.fi\/luonnonelaimet\/luonnonelaimet\/luonnonelainten-auttaminen\/ruokinta\/#breadcrumb","itemListElement":[{"@type":"ListItem","position":1,"name":"Home","item":"https:\/\/sey.fi\/luonnonelaimet\/"},{"@type":"ListItem","position":2,"name":"Luonnonel\u00e4imet","item":"https:\/\/sey.fi\/luonnonelaimet\/"},{"@type":"ListItem","position":3,"name":"Luonnonel\u00e4inten auttaminen","item":"https:\/\/sey.fi\/luonnonelaimet\/luonnonelaimet\/luonnonelainten-auttaminen\/"},{"@type":"ListItem","position":4,"name":"Ruokinta"}]},{"@type":"WebSite","@id":"https:\/\/sey.fi\/luonnonelaimet\/#website","url":"https:\/\/sey.fi\/luonnonelaimet\/","name":"Luonnonel\u00e4imet","description":"Uusi SEY J\u00e4senyhdistykset -sivusto","potentialAction":[{"@type":"SearchAction","target":{"@type":"EntryPoint","urlTemplate":"https:\/\/sey.fi\/luonnonelaimet\/?s={search_term_string}"},"query-input":{"@type":"PropertyValueSpecification","valueRequired":true,"valueName":"search_term_string"}}],"inLanguage":"fi"}]}},"_links":{"self":[{"href":"https:\/\/sey.fi\/luonnonelaimet\/wp-json\/wp\/v2\/pages\/34","targetHints":{"allow":["GET"]}}],"collection":[{"href":"https:\/\/sey.fi\/luonnonelaimet\/wp-json\/wp\/v2\/pages"}],"about":[{"href":"https:\/\/sey.fi\/luonnonelaimet\/wp-json\/wp\/v2\/types\/page"}],"author":[{"embeddable":true,"href":"https:\/\/sey.fi\/luonnonelaimet\/wp-json\/wp\/v2\/users\/8"}],"replies":[{"embeddable":true,"href":"https:\/\/sey.fi\/luonnonelaimet\/wp-json\/wp\/v2\/comments?post=34"}],"version-history":[{"count":5,"href":"https:\/\/sey.fi\/luonnonelaimet\/wp-json\/wp\/v2\/pages\/34\/revisions"}],"predecessor-version":[{"id":710,"href":"https:\/\/sey.fi\/luonnonelaimet\/wp-json\/wp\/v2\/pages\/34\/revisions\/710"}],"up":[{"embeddable":true,"href":"https:\/\/sey.fi\/luonnonelaimet\/wp-json\/wp\/v2\/pages\/25"}],"wp:featuredmedia":[{"embeddable":true,"href":"https:\/\/sey.fi\/luonnonelaimet\/wp-json\/wp\/v2\/media\/35"}],"wp:attachment":[{"href":"https:\/\/sey.fi\/luonnonelaimet\/wp-json\/wp\/v2\/media?parent=34"}],"curies":[{"name":"wp","href":"https:\/\/api.w.org\/{rel}","templated":true}]}}