{"id":343,"date":"2023-01-26T21:01:06","date_gmt":"2023-01-26T19:01:06","guid":{"rendered":"https:\/\/sey.fi\/luonnonelaimet\/?page_id=343"},"modified":"2026-02-13T20:16:03","modified_gmt":"2026-02-13T18:16:03","slug":"luonnonvaraisia-elaimia-koskeva-lainsaadanto","status":"publish","type":"page","link":"https:\/\/sey.fi\/luonnonelaimet\/usein-kysyttya-luonnonelaimista\/luonnonvaraisia-elaimia-koskeva-lainsaadanto\/","title":{"rendered":"Luonnonvaraisia el\u00e4imi\u00e4 koskeva lains\u00e4\u00e4d\u00e4nt\u00f6"},"content":{"rendered":"\n<h2 class=\"wp-block-heading\">Mihin laki velvoittaa?<\/h2>\n\n\n\n<p>Nykyisen el\u00e4inten hyvinvointilain mukaan sairasta, vahingoittunutta tai muutoin avuttomassa tilassa olevaa luonnonvaraista el\u00e4int\u00e4 on autettava. Jos el\u00e4in on sellaisessa tilassa, ett\u00e4 sen hengiss\u00e4 pit\u00e4minen olisi ilmeisen julmaa sit\u00e4 kohtaan, el\u00e4in on lopetettava tai on huolehdittava siit\u00e4, ett\u00e4 se lopetetaan (EHL 7 \u00a7). <\/p>\n\n\n\n<h2 class=\"wp-block-heading\">Voiko luonnonvaraisen el\u00e4imen ottaa lemmikiksi?<\/h2>\n\n\n\n<p>Luonnonvaraista el\u00e4int\u00e4 ei saa miss\u00e4\u00e4n tapauksessa ottaa lemmikiksi. Lain mukaan luonnonvaraisten selk\u00e4rankaisten el\u00e4inten ottaminen el\u00e4tett\u00e4v\u00e4ksi on kielletty. Ensiavun j\u00e4lkeen el\u00e4in on sen tilan salliessa vapautettava takaisin luontoon tai toimitettava hoitoon sen hoitoon tarkoitettuun hoitopaikkaan. Jos el\u00e4int\u00e4 ei voida vapauttaa eik\u00e4 sen hoitoa voida j\u00e4rjest\u00e4\u00e4, se on lopetettava.<\/p>\n\n\n\n<h2 class=\"wp-block-heading\">Miten lain m\u00e4\u00e4r\u00e4yksi\u00e4 tulee tulkita?<\/h2>\n\n\n\n<p>SEYn kanta on, ett\u00e4 kansalaiset voisivat ottaa loukkaantuneen tai muutoin avuttomassa tilassa olevan luonnonvaraisen el\u00e4imen haltuunsa vain lyhytaikaisesti el\u00e4imelle annettavan ensiavun tai hoitoon toimittamisen ajaksi. <\/p>\n\n\n\n<p>Ensiavun j\u00e4lkeen el\u00e4in olisi joko sen tilan salliessa vapautettava luontoon, toimitettava hoitoon 61 \u00a7:ss\u00e4 tarkoitettuun hoitopaikkaan tai lopetettava. El\u00e4in olisi lopetettava, jos sit\u00e4 ei voida vapauttaa luontoon eik\u00e4 sen jatkohoitoa ole mahdollista tai tarkoituksenmukaista j\u00e4rjest\u00e4\u00e4. <\/p>\n\n\n\n<p>K\u00e4yt\u00e4nn\u00f6ss\u00e4 kansalaisten antama ensiapu rajoittuu yleens\u00e4 esimerkiksi vahingoittuneen el\u00e4imen lyhytaikaiseen tarkkailuun vankeudessa tai vaikkapa el\u00e4imen pyydyst\u00e4miseen sen siirt\u00e4miseksi vaarallisesta ymp\u00e4rist\u00f6st\u00e4 turvallisempaan paikkaan.<\/p>\n\n\n\n<ul class=\"wp-block-list\">\n<li><strong><a href=\"https:\/\/sey.fi\/luonnonelaimet\/luonnonelaimiin-liittyvaa-lainsaadantoa\/\" target=\"_blank\" rel=\"noreferrer noopener nofollow\">Lis\u00e4tietoa luonnonel\u00e4imiin liittyv\u00e4st\u00e4 lains\u00e4\u00e4d\u00e4nn\u00f6st\u00e4<\/a><\/strong><\/li>\n\n\n\n<li><strong><a href=\"https:\/\/finlex.fi\/fi\/lainsaadanto\/saadoskokoelma\/2023\/693#OT1_OT1\">El\u00e4inten hyvinvointilaki 7 <strong>\u00a7<\/strong><\/a><\/strong><\/li>\n<\/ul>\n\n\n\n<p><\/p>\n","protected":false},"excerpt":{"rendered":"<p>Mihin laki velvoittaa? Nykyisen el\u00e4inten hyvinvointilain mukaan sairasta, vahingoittunutta tai muutoin avuttomassa tilassa olevaa luonnonvaraista el\u00e4int\u00e4 on autettava. Jos el\u00e4in on sellaisessa tilassa, ett\u00e4 sen hengiss\u00e4 pit\u00e4minen olisi ilmeisen julmaa sit\u00e4 kohtaan, el\u00e4in on lopetettava tai on huolehdittava siit\u00e4, ett\u00e4 se lopetetaan (EHL 7 \u00a7). Voiko luonnonvaraisen el\u00e4imen ottaa lemmikiksi? Luonnonvaraista el\u00e4int\u00e4 ei saa miss\u00e4\u00e4n [&hellip;]<\/p>\n","protected":false},"author":41,"featured_media":348,"parent":251,"menu_order":1,"comment_status":"closed","ping_status":"closed","template":"","meta":{"_acf_changed":false,"footnotes":""},"class_list":["post-343","page","type-page","status-publish","has-post-thumbnail","hentry"],"acf":[],"yoast_head":"<!-- This site is optimized with the Yoast SEO plugin v27.1.1 - https:\/\/yoast.com\/product\/yoast-seo-wordpress\/ -->\n<title>Luonnonvaraisia el\u00e4imi\u00e4 koskeva lains\u00e4\u00e4d\u00e4nt\u00f6 - Luonnonel\u00e4imet<\/title>\n<meta name=\"description\" content=\"Lain mukaan sairasta, vahingoittunutta tai muutoin avuttomassa tilassa olevaa luonnonvaraista el\u00e4int\u00e4 on autettava.\" \/>\n<meta name=\"robots\" content=\"index, follow, max-snippet:-1, max-image-preview:large, max-video-preview:-1\" \/>\n<link rel=\"canonical\" href=\"https:\/\/sey.fi\/luonnonelaimet\/usein-kysyttya-luonnonelaimista\/luonnonvaraisia-elaimia-koskeva-lainsaadanto\/\" \/>\n<meta property=\"og:locale\" content=\"fi_FI\" \/>\n<meta property=\"og:type\" content=\"article\" \/>\n<meta property=\"og:title\" content=\"Luonnonvaraisia el\u00e4imi\u00e4 koskeva lains\u00e4\u00e4d\u00e4nt\u00f6 - Luonnonel\u00e4imet\" \/>\n<meta property=\"og:description\" content=\"Lain mukaan sairasta, vahingoittunutta tai muutoin avuttomassa tilassa olevaa luonnonvaraista el\u00e4int\u00e4 on autettava.\" \/>\n<meta property=\"og:url\" content=\"https:\/\/sey.fi\/luonnonelaimet\/usein-kysyttya-luonnonelaimista\/luonnonvaraisia-elaimia-koskeva-lainsaadanto\/\" \/>\n<meta property=\"og:site_name\" content=\"Luonnonel\u00e4imet\" \/>\n<meta property=\"article:modified_time\" content=\"2026-02-13T18:16:03+00:00\" \/>\n<meta property=\"og:image\" content=\"https:\/\/sey.fi\/wp-content\/uploads\/sites\/49\/2023\/01\/Siili_1_Pixabay.jpg\" \/>\n\t<meta property=\"og:image:width\" content=\"1280\" \/>\n\t<meta property=\"og:image:height\" content=\"640\" \/>\n\t<meta property=\"og:image:type\" content=\"image\/jpeg\" \/>\n<meta name=\"twitter:card\" content=\"summary_large_image\" \/>\n<meta name=\"twitter:label1\" content=\"Arvioitu lukuaika\" \/>\n\t<meta name=\"twitter:data1\" content=\"2 minuuttia\" \/>\n<script type=\"application\/ld+json\" class=\"yoast-schema-graph\">{\"@context\":\"https:\/\/schema.org\",\"@graph\":[{\"@type\":\"WebPage\",\"@id\":\"https:\/\/sey.fi\/luonnonelaimet\/usein-kysyttya-luonnonelaimista\/luonnonvaraisia-elaimia-koskeva-lainsaadanto\/\",\"url\":\"https:\/\/sey.fi\/luonnonelaimet\/usein-kysyttya-luonnonelaimista\/luonnonvaraisia-elaimia-koskeva-lainsaadanto\/\",\"name\":\"Luonnonvaraisia el\u00e4imi\u00e4 koskeva lains\u00e4\u00e4d\u00e4nt\u00f6 - Luonnonel\u00e4imet\",\"isPartOf\":{\"@id\":\"https:\/\/sey.fi\/luonnonelaimet\/#website\"},\"primaryImageOfPage\":{\"@id\":\"https:\/\/sey.fi\/luonnonelaimet\/usein-kysyttya-luonnonelaimista\/luonnonvaraisia-elaimia-koskeva-lainsaadanto\/#primaryimage\"},\"image\":{\"@id\":\"https:\/\/sey.fi\/luonnonelaimet\/usein-kysyttya-luonnonelaimista\/luonnonvaraisia-elaimia-koskeva-lainsaadanto\/#primaryimage\"},\"thumbnailUrl\":\"https:\/\/sey.fi\/wp-content\/uploads\/sites\/49\/2023\/01\/Siili_1_Pixabay.jpg\",\"datePublished\":\"2023-01-26T19:01:06+00:00\",\"dateModified\":\"2026-02-13T18:16:03+00:00\",\"description\":\"Lain mukaan sairasta, vahingoittunutta tai muutoin avuttomassa tilassa olevaa luonnonvaraista el\u00e4int\u00e4 on autettava.\",\"breadcrumb\":{\"@id\":\"https:\/\/sey.fi\/luonnonelaimet\/usein-kysyttya-luonnonelaimista\/luonnonvaraisia-elaimia-koskeva-lainsaadanto\/#breadcrumb\"},\"inLanguage\":\"fi\",\"potentialAction\":[{\"@type\":\"ReadAction\",\"target\":[\"https:\/\/sey.fi\/luonnonelaimet\/usein-kysyttya-luonnonelaimista\/luonnonvaraisia-elaimia-koskeva-lainsaadanto\/\"]}]},{\"@type\":\"ImageObject\",\"inLanguage\":\"fi\",\"@id\":\"https:\/\/sey.fi\/luonnonelaimet\/usein-kysyttya-luonnonelaimista\/luonnonvaraisia-elaimia-koskeva-lainsaadanto\/#primaryimage\",\"url\":\"https:\/\/sey.fi\/wp-content\/uploads\/sites\/49\/2023\/01\/Siili_1_Pixabay.jpg\",\"contentUrl\":\"https:\/\/sey.fi\/wp-content\/uploads\/sites\/49\/2023\/01\/Siili_1_Pixabay.jpg\",\"width\":1280,\"height\":640,\"caption\":\"Siili nurmikolla\"},{\"@type\":\"BreadcrumbList\",\"@id\":\"https:\/\/sey.fi\/luonnonelaimet\/usein-kysyttya-luonnonelaimista\/luonnonvaraisia-elaimia-koskeva-lainsaadanto\/#breadcrumb\",\"itemListElement\":[{\"@type\":\"ListItem\",\"position\":1,\"name\":\"Home\",\"item\":\"https:\/\/sey.fi\/luonnonelaimet\/\"},{\"@type\":\"ListItem\",\"position\":2,\"name\":\"Usein kysytty\u00e4 luonnonel\u00e4imist\u00e4\",\"item\":\"https:\/\/sey.fi\/luonnonelaimet\/usein-kysyttya-luonnonelaimista\/\"},{\"@type\":\"ListItem\",\"position\":3,\"name\":\"Luonnonvaraisia el\u00e4imi\u00e4 koskeva lains\u00e4\u00e4d\u00e4nt\u00f6\"}]},{\"@type\":\"WebSite\",\"@id\":\"https:\/\/sey.fi\/luonnonelaimet\/#website\",\"url\":\"https:\/\/sey.fi\/luonnonelaimet\/\",\"name\":\"Luonnonel\u00e4imet\",\"description\":\"Uusi SEY J\u00e4senyhdistykset -sivusto\",\"potentialAction\":[{\"@type\":\"SearchAction\",\"target\":{\"@type\":\"EntryPoint\",\"urlTemplate\":\"https:\/\/sey.fi\/luonnonelaimet\/?s={search_term_string}\"},\"query-input\":{\"@type\":\"PropertyValueSpecification\",\"valueRequired\":true,\"valueName\":\"search_term_string\"}}],\"inLanguage\":\"fi\"}]}<\/script>\n<!-- \/ Yoast SEO plugin. -->","yoast_head_json":{"title":"Luonnonvaraisia el\u00e4imi\u00e4 koskeva lains\u00e4\u00e4d\u00e4nt\u00f6 - Luonnonel\u00e4imet","description":"Lain mukaan sairasta, vahingoittunutta tai muutoin avuttomassa tilassa olevaa luonnonvaraista el\u00e4int\u00e4 on autettava.","robots":{"index":"index","follow":"follow","max-snippet":"max-snippet:-1","max-image-preview":"max-image-preview:large","max-video-preview":"max-video-preview:-1"},"canonical":"https:\/\/sey.fi\/luonnonelaimet\/usein-kysyttya-luonnonelaimista\/luonnonvaraisia-elaimia-koskeva-lainsaadanto\/","og_locale":"fi_FI","og_type":"article","og_title":"Luonnonvaraisia el\u00e4imi\u00e4 koskeva lains\u00e4\u00e4d\u00e4nt\u00f6 - Luonnonel\u00e4imet","og_description":"Lain mukaan sairasta, vahingoittunutta tai muutoin avuttomassa tilassa olevaa luonnonvaraista el\u00e4int\u00e4 on autettava.","og_url":"https:\/\/sey.fi\/luonnonelaimet\/usein-kysyttya-luonnonelaimista\/luonnonvaraisia-elaimia-koskeva-lainsaadanto\/","og_site_name":"Luonnonel\u00e4imet","article_modified_time":"2026-02-13T18:16:03+00:00","og_image":[{"width":1280,"height":640,"url":"https:\/\/sey.fi\/wp-content\/uploads\/sites\/49\/2023\/01\/Siili_1_Pixabay.jpg","type":"image\/jpeg"}],"twitter_card":"summary_large_image","twitter_misc":{"Arvioitu lukuaika":"2 minuuttia"},"schema":{"@context":"https:\/\/schema.org","@graph":[{"@type":"WebPage","@id":"https:\/\/sey.fi\/luonnonelaimet\/usein-kysyttya-luonnonelaimista\/luonnonvaraisia-elaimia-koskeva-lainsaadanto\/","url":"https:\/\/sey.fi\/luonnonelaimet\/usein-kysyttya-luonnonelaimista\/luonnonvaraisia-elaimia-koskeva-lainsaadanto\/","name":"Luonnonvaraisia el\u00e4imi\u00e4 koskeva lains\u00e4\u00e4d\u00e4nt\u00f6 - Luonnonel\u00e4imet","isPartOf":{"@id":"https:\/\/sey.fi\/luonnonelaimet\/#website"},"primaryImageOfPage":{"@id":"https:\/\/sey.fi\/luonnonelaimet\/usein-kysyttya-luonnonelaimista\/luonnonvaraisia-elaimia-koskeva-lainsaadanto\/#primaryimage"},"image":{"@id":"https:\/\/sey.fi\/luonnonelaimet\/usein-kysyttya-luonnonelaimista\/luonnonvaraisia-elaimia-koskeva-lainsaadanto\/#primaryimage"},"thumbnailUrl":"https:\/\/sey.fi\/wp-content\/uploads\/sites\/49\/2023\/01\/Siili_1_Pixabay.jpg","datePublished":"2023-01-26T19:01:06+00:00","dateModified":"2026-02-13T18:16:03+00:00","description":"Lain mukaan sairasta, vahingoittunutta tai muutoin avuttomassa tilassa olevaa luonnonvaraista el\u00e4int\u00e4 on autettava.","breadcrumb":{"@id":"https:\/\/sey.fi\/luonnonelaimet\/usein-kysyttya-luonnonelaimista\/luonnonvaraisia-elaimia-koskeva-lainsaadanto\/#breadcrumb"},"inLanguage":"fi","potentialAction":[{"@type":"ReadAction","target":["https:\/\/sey.fi\/luonnonelaimet\/usein-kysyttya-luonnonelaimista\/luonnonvaraisia-elaimia-koskeva-lainsaadanto\/"]}]},{"@type":"ImageObject","inLanguage":"fi","@id":"https:\/\/sey.fi\/luonnonelaimet\/usein-kysyttya-luonnonelaimista\/luonnonvaraisia-elaimia-koskeva-lainsaadanto\/#primaryimage","url":"https:\/\/sey.fi\/wp-content\/uploads\/sites\/49\/2023\/01\/Siili_1_Pixabay.jpg","contentUrl":"https:\/\/sey.fi\/wp-content\/uploads\/sites\/49\/2023\/01\/Siili_1_Pixabay.jpg","width":1280,"height":640,"caption":"Siili nurmikolla"},{"@type":"BreadcrumbList","@id":"https:\/\/sey.fi\/luonnonelaimet\/usein-kysyttya-luonnonelaimista\/luonnonvaraisia-elaimia-koskeva-lainsaadanto\/#breadcrumb","itemListElement":[{"@type":"ListItem","position":1,"name":"Home","item":"https:\/\/sey.fi\/luonnonelaimet\/"},{"@type":"ListItem","position":2,"name":"Usein kysytty\u00e4 luonnonel\u00e4imist\u00e4","item":"https:\/\/sey.fi\/luonnonelaimet\/usein-kysyttya-luonnonelaimista\/"},{"@type":"ListItem","position":3,"name":"Luonnonvaraisia el\u00e4imi\u00e4 koskeva lains\u00e4\u00e4d\u00e4nt\u00f6"}]},{"@type":"WebSite","@id":"https:\/\/sey.fi\/luonnonelaimet\/#website","url":"https:\/\/sey.fi\/luonnonelaimet\/","name":"Luonnonel\u00e4imet","description":"Uusi SEY J\u00e4senyhdistykset -sivusto","potentialAction":[{"@type":"SearchAction","target":{"@type":"EntryPoint","urlTemplate":"https:\/\/sey.fi\/luonnonelaimet\/?s={search_term_string}"},"query-input":{"@type":"PropertyValueSpecification","valueRequired":true,"valueName":"search_term_string"}}],"inLanguage":"fi"}]}},"_links":{"self":[{"href":"https:\/\/sey.fi\/luonnonelaimet\/wp-json\/wp\/v2\/pages\/343","targetHints":{"allow":["GET"]}}],"collection":[{"href":"https:\/\/sey.fi\/luonnonelaimet\/wp-json\/wp\/v2\/pages"}],"about":[{"href":"https:\/\/sey.fi\/luonnonelaimet\/wp-json\/wp\/v2\/types\/page"}],"author":[{"embeddable":true,"href":"https:\/\/sey.fi\/luonnonelaimet\/wp-json\/wp\/v2\/users\/41"}],"replies":[{"embeddable":true,"href":"https:\/\/sey.fi\/luonnonelaimet\/wp-json\/wp\/v2\/comments?post=343"}],"version-history":[{"count":10,"href":"https:\/\/sey.fi\/luonnonelaimet\/wp-json\/wp\/v2\/pages\/343\/revisions"}],"predecessor-version":[{"id":723,"href":"https:\/\/sey.fi\/luonnonelaimet\/wp-json\/wp\/v2\/pages\/343\/revisions\/723"}],"up":[{"embeddable":true,"href":"https:\/\/sey.fi\/luonnonelaimet\/wp-json\/wp\/v2\/pages\/251"}],"wp:featuredmedia":[{"embeddable":true,"href":"https:\/\/sey.fi\/luonnonelaimet\/wp-json\/wp\/v2\/media\/348"}],"wp:attachment":[{"href":"https:\/\/sey.fi\/luonnonelaimet\/wp-json\/wp\/v2\/media?parent=343"}],"curies":[{"name":"wp","href":"https:\/\/api.w.org\/{rel}","templated":true}]}}