{"id":379,"date":"2023-01-26T21:30:47","date_gmt":"2023-01-26T19:30:47","guid":{"rendered":"https:\/\/sey.fi\/luonnonelaimet\/?page_id=379"},"modified":"2026-02-13T20:25:20","modified_gmt":"2026-02-13T18:25:20","slug":"lajikohtaisia-kysymyksia-rusakko","status":"publish","type":"page","link":"https:\/\/sey.fi\/luonnonelaimet\/usein-kysyttya-luonnonelaimista\/lajikohtaisia-kysymyksia-rusakko\/","title":{"rendered":"Lajikohtaisia kysymyksi\u00e4 \u2013 Rusakko"},"content":{"rendered":"\n<p class=\"has-text-align-right has-small-font-size\"><em>Kuva: Laura H. Forsstr\u00f6m<\/em><\/p>\n\n\n\n<h2 class=\"wp-block-heading\">Pihalla tai roskakatoksessa on rusakonpoikanen, mit\u00e4 teen?<\/h2>\n\n\n\n<p>Rusakkoemo synnytt\u00e4\u00e4 useita poikasia, joista jokaisen se vie eri piilopaikkaan. N\u00e4in emo suojelee poikasia pedoilta. Emo k\u00e4y imett\u00e4m\u00e4ss\u00e4 poikasia kerran tai kaksi vuorokaudessa, tyypillisesti jo pime\u00e4n laskeuduttua. Rusakonpoikanen on t\u00e4ysin riippuvainen emon hoivasta, ja poikasen mahdollisuus selviyty\u00e4 hengiss\u00e4 laskee merkitt\u00e4v\u00e4sti, jos se vied\u00e4\u00e4n emoltaan.<\/p>\n\n\n\n<p>Poikaset viett\u00e4v\u00e4t suurimman osan vuorokaudesta yksin, suojautuen maastoutumalla ja pysym\u00e4ll\u00e4 paikoillaan.<\/p>\n\n\n\n<p>Jos ep\u00e4ilet, ett\u00e4 poikanen tarvitsee apua tai jos se on paikassa, jossa se ei saa olla rauhassa, tarkkaile poikasta selke\u00e4n v\u00e4limatkan p\u00e4\u00e4st\u00e4 ja <a href=\"https:\/\/sey.fi\/elain-hadassa\/luonnonelain-hadassa\/\">ota yhteys paikalliseen luonnonvaraisia hoitavaan tahoon<\/a>.<\/p>\n\n\n\n<p>V\u00e4lt\u00e4 poikaseen koskemista tai sen siirt\u00e4mist\u00e4. Poikasia ei my\u00f6sk\u00e4\u00e4n kannata j\u00e4\u00e4d\u00e4 tarkkailemaan liian pitk\u00e4ksi aikaa, sill\u00e4 t\u00e4ll\u00f6in esimerkiksi partioivat varislinnut voivat havaita tilanteen ja l\u00f6yt\u00e4\u00e4 poikasen tarkkailemalla ihmist\u00e4. &nbsp;<\/p>\n\n\n\n<p>Jos poikanen l\u00f6ytyy turvattomasta paikasta, esimerkiksi keskelt\u00e4 nurmikkoa pihalta, sen voi h\u00e4t\u00e4tapauksessa siirt\u00e4\u00e4. Konsultoi kuitenkin ensin luonnonvaraisia el\u00e4imi\u00e4 hoitavaa tahoa. Muista, ett\u00e4 poikasen siirt\u00e4minen on aina l\u00e4ht\u00f6kohtaisesti riski.<\/p>\n\n\n\n<p>Siirr\u00e4 poikasta korkeintaan kymmenen metri\u00e4. \u00c4l\u00e4 miss\u00e4\u00e4n nimess\u00e4 koske poikaseen k\u00e4sin, vaan nosta se hansikkaat k\u00e4dess\u00e4 esimerkiksi sammaleen tai kuusenhavujen avulla laatikkoon tai sankoon, ja k\u00e4yt\u00e4 astiaa siirt\u00e4miseen. Tee siirt\u00e4minen hyvin varovaisesti: j\u00e4nisel\u00e4imet ovat hyvin stressiherkki\u00e4, ja pieni\u00e4 poikasia tulee muutenkin k\u00e4sitell\u00e4 varoen.<\/p>\n\n\n\n<p><\/p>\n","protected":false},"excerpt":{"rendered":"<p>Kuva: Laura H. Forsstr\u00f6m Pihalla tai roskakatoksessa on rusakonpoikanen, mit\u00e4 teen? Rusakkoemo synnytt\u00e4\u00e4 useita poikasia, joista jokaisen se vie eri piilopaikkaan. N\u00e4in emo suojelee poikasia pedoilta. Emo k\u00e4y imett\u00e4m\u00e4ss\u00e4 poikasia kerran tai kaksi vuorokaudessa, tyypillisesti jo pime\u00e4n laskeuduttua. Rusakonpoikanen on t\u00e4ysin riippuvainen emon hoivasta, ja poikasen mahdollisuus selviyty\u00e4 hengiss\u00e4 laskee merkitt\u00e4v\u00e4sti, jos se vied\u00e4\u00e4n emoltaan. [&hellip;]<\/p>\n","protected":false},"author":41,"featured_media":380,"parent":251,"menu_order":1,"comment_status":"closed","ping_status":"closed","template":"","meta":{"_acf_changed":false,"footnotes":""},"class_list":["post-379","page","type-page","status-publish","has-post-thumbnail","hentry"],"acf":[],"yoast_head":"<!-- This site is optimized with the Yoast SEO plugin v27.1.1 - https:\/\/yoast.com\/product\/yoast-seo-wordpress\/ -->\n<title>Lajikohtaisia kysymyksi\u00e4 \u2013 Rusakko ja rusakonpoikanen<\/title>\n<meta name=\"description\" content=\"Rusakonpoikanen viett\u00e4\u00e4 suurimman osan vuorokaudesta yksin, suojautuen maastoutumalla ja pysym\u00e4ll\u00e4 paikoillaan.\" \/>\n<meta name=\"robots\" content=\"index, follow, max-snippet:-1, max-image-preview:large, max-video-preview:-1\" \/>\n<link rel=\"canonical\" href=\"https:\/\/sey.fi\/luonnonelaimet\/usein-kysyttya-luonnonelaimista\/lajikohtaisia-kysymyksia-rusakko\/\" \/>\n<meta property=\"og:locale\" content=\"fi_FI\" \/>\n<meta property=\"og:type\" content=\"article\" \/>\n<meta property=\"og:title\" content=\"Lajikohtaisia kysymyksi\u00e4 \u2013 Rusakko ja rusakonpoikanen\" \/>\n<meta property=\"og:description\" content=\"Rusakonpoikanen viett\u00e4\u00e4 suurimman osan vuorokaudesta yksin, suojautuen maastoutumalla ja pysym\u00e4ll\u00e4 paikoillaan.\" \/>\n<meta property=\"og:url\" content=\"https:\/\/sey.fi\/luonnonelaimet\/usein-kysyttya-luonnonelaimista\/lajikohtaisia-kysymyksia-rusakko\/\" \/>\n<meta property=\"og:site_name\" content=\"Luonnonel\u00e4imet\" \/>\n<meta property=\"article:modified_time\" content=\"2026-02-13T18:25:20+00:00\" \/>\n<meta property=\"og:image\" content=\"https:\/\/sey.fi\/wp-content\/uploads\/sites\/49\/2023\/01\/rusakko_Laura_H_Forsstrom.jpg\" \/>\n\t<meta property=\"og:image:width\" content=\"1280\" \/>\n\t<meta property=\"og:image:height\" content=\"640\" \/>\n\t<meta property=\"og:image:type\" content=\"image\/jpeg\" \/>\n<meta name=\"twitter:card\" content=\"summary_large_image\" \/>\n<meta name=\"twitter:label1\" content=\"Arvioitu lukuaika\" \/>\n\t<meta name=\"twitter:data1\" content=\"2 minuuttia\" \/>\n<script type=\"application\/ld+json\" class=\"yoast-schema-graph\">{\"@context\":\"https:\/\/schema.org\",\"@graph\":[{\"@type\":\"WebPage\",\"@id\":\"https:\/\/sey.fi\/luonnonelaimet\/usein-kysyttya-luonnonelaimista\/lajikohtaisia-kysymyksia-rusakko\/\",\"url\":\"https:\/\/sey.fi\/luonnonelaimet\/usein-kysyttya-luonnonelaimista\/lajikohtaisia-kysymyksia-rusakko\/\",\"name\":\"Lajikohtaisia kysymyksi\u00e4 \u2013 Rusakko ja rusakonpoikanen\",\"isPartOf\":{\"@id\":\"https:\/\/sey.fi\/luonnonelaimet\/#website\"},\"primaryImageOfPage\":{\"@id\":\"https:\/\/sey.fi\/luonnonelaimet\/usein-kysyttya-luonnonelaimista\/lajikohtaisia-kysymyksia-rusakko\/#primaryimage\"},\"image\":{\"@id\":\"https:\/\/sey.fi\/luonnonelaimet\/usein-kysyttya-luonnonelaimista\/lajikohtaisia-kysymyksia-rusakko\/#primaryimage\"},\"thumbnailUrl\":\"https:\/\/sey.fi\/wp-content\/uploads\/sites\/49\/2023\/01\/rusakko_Laura_H_Forsstrom.jpg\",\"datePublished\":\"2023-01-26T19:30:47+00:00\",\"dateModified\":\"2026-02-13T18:25:20+00:00\",\"description\":\"Rusakonpoikanen viett\u00e4\u00e4 suurimman osan vuorokaudesta yksin, suojautuen maastoutumalla ja pysym\u00e4ll\u00e4 paikoillaan.\",\"breadcrumb\":{\"@id\":\"https:\/\/sey.fi\/luonnonelaimet\/usein-kysyttya-luonnonelaimista\/lajikohtaisia-kysymyksia-rusakko\/#breadcrumb\"},\"inLanguage\":\"fi\",\"potentialAction\":[{\"@type\":\"ReadAction\",\"target\":[\"https:\/\/sey.fi\/luonnonelaimet\/usein-kysyttya-luonnonelaimista\/lajikohtaisia-kysymyksia-rusakko\/\"]}]},{\"@type\":\"ImageObject\",\"inLanguage\":\"fi\",\"@id\":\"https:\/\/sey.fi\/luonnonelaimet\/usein-kysyttya-luonnonelaimista\/lajikohtaisia-kysymyksia-rusakko\/#primaryimage\",\"url\":\"https:\/\/sey.fi\/wp-content\/uploads\/sites\/49\/2023\/01\/rusakko_Laura_H_Forsstrom.jpg\",\"contentUrl\":\"https:\/\/sey.fi\/wp-content\/uploads\/sites\/49\/2023\/01\/rusakko_Laura_H_Forsstrom.jpg\",\"width\":1280,\"height\":640,\"caption\":\"Kuva: Laura H. Forsstr\u00f6m\"},{\"@type\":\"BreadcrumbList\",\"@id\":\"https:\/\/sey.fi\/luonnonelaimet\/usein-kysyttya-luonnonelaimista\/lajikohtaisia-kysymyksia-rusakko\/#breadcrumb\",\"itemListElement\":[{\"@type\":\"ListItem\",\"position\":1,\"name\":\"Home\",\"item\":\"https:\/\/sey.fi\/luonnonelaimet\/\"},{\"@type\":\"ListItem\",\"position\":2,\"name\":\"Usein kysytty\u00e4 luonnonel\u00e4imist\u00e4\",\"item\":\"https:\/\/sey.fi\/luonnonelaimet\/usein-kysyttya-luonnonelaimista\/\"},{\"@type\":\"ListItem\",\"position\":3,\"name\":\"Lajikohtaisia kysymyksi\u00e4 \u2013 Rusakko\"}]},{\"@type\":\"WebSite\",\"@id\":\"https:\/\/sey.fi\/luonnonelaimet\/#website\",\"url\":\"https:\/\/sey.fi\/luonnonelaimet\/\",\"name\":\"Luonnonel\u00e4imet\",\"description\":\"Uusi SEY J\u00e4senyhdistykset -sivusto\",\"potentialAction\":[{\"@type\":\"SearchAction\",\"target\":{\"@type\":\"EntryPoint\",\"urlTemplate\":\"https:\/\/sey.fi\/luonnonelaimet\/?s={search_term_string}\"},\"query-input\":{\"@type\":\"PropertyValueSpecification\",\"valueRequired\":true,\"valueName\":\"search_term_string\"}}],\"inLanguage\":\"fi\"}]}<\/script>\n<!-- \/ Yoast SEO plugin. -->","yoast_head_json":{"title":"Lajikohtaisia kysymyksi\u00e4 \u2013 Rusakko ja rusakonpoikanen","description":"Rusakonpoikanen viett\u00e4\u00e4 suurimman osan vuorokaudesta yksin, suojautuen maastoutumalla ja pysym\u00e4ll\u00e4 paikoillaan.","robots":{"index":"index","follow":"follow","max-snippet":"max-snippet:-1","max-image-preview":"max-image-preview:large","max-video-preview":"max-video-preview:-1"},"canonical":"https:\/\/sey.fi\/luonnonelaimet\/usein-kysyttya-luonnonelaimista\/lajikohtaisia-kysymyksia-rusakko\/","og_locale":"fi_FI","og_type":"article","og_title":"Lajikohtaisia kysymyksi\u00e4 \u2013 Rusakko ja rusakonpoikanen","og_description":"Rusakonpoikanen viett\u00e4\u00e4 suurimman osan vuorokaudesta yksin, suojautuen maastoutumalla ja pysym\u00e4ll\u00e4 paikoillaan.","og_url":"https:\/\/sey.fi\/luonnonelaimet\/usein-kysyttya-luonnonelaimista\/lajikohtaisia-kysymyksia-rusakko\/","og_site_name":"Luonnonel\u00e4imet","article_modified_time":"2026-02-13T18:25:20+00:00","og_image":[{"width":1280,"height":640,"url":"https:\/\/sey.fi\/wp-content\/uploads\/sites\/49\/2023\/01\/rusakko_Laura_H_Forsstrom.jpg","type":"image\/jpeg"}],"twitter_card":"summary_large_image","twitter_misc":{"Arvioitu lukuaika":"2 minuuttia"},"schema":{"@context":"https:\/\/schema.org","@graph":[{"@type":"WebPage","@id":"https:\/\/sey.fi\/luonnonelaimet\/usein-kysyttya-luonnonelaimista\/lajikohtaisia-kysymyksia-rusakko\/","url":"https:\/\/sey.fi\/luonnonelaimet\/usein-kysyttya-luonnonelaimista\/lajikohtaisia-kysymyksia-rusakko\/","name":"Lajikohtaisia kysymyksi\u00e4 \u2013 Rusakko ja rusakonpoikanen","isPartOf":{"@id":"https:\/\/sey.fi\/luonnonelaimet\/#website"},"primaryImageOfPage":{"@id":"https:\/\/sey.fi\/luonnonelaimet\/usein-kysyttya-luonnonelaimista\/lajikohtaisia-kysymyksia-rusakko\/#primaryimage"},"image":{"@id":"https:\/\/sey.fi\/luonnonelaimet\/usein-kysyttya-luonnonelaimista\/lajikohtaisia-kysymyksia-rusakko\/#primaryimage"},"thumbnailUrl":"https:\/\/sey.fi\/wp-content\/uploads\/sites\/49\/2023\/01\/rusakko_Laura_H_Forsstrom.jpg","datePublished":"2023-01-26T19:30:47+00:00","dateModified":"2026-02-13T18:25:20+00:00","description":"Rusakonpoikanen viett\u00e4\u00e4 suurimman osan vuorokaudesta yksin, suojautuen maastoutumalla ja pysym\u00e4ll\u00e4 paikoillaan.","breadcrumb":{"@id":"https:\/\/sey.fi\/luonnonelaimet\/usein-kysyttya-luonnonelaimista\/lajikohtaisia-kysymyksia-rusakko\/#breadcrumb"},"inLanguage":"fi","potentialAction":[{"@type":"ReadAction","target":["https:\/\/sey.fi\/luonnonelaimet\/usein-kysyttya-luonnonelaimista\/lajikohtaisia-kysymyksia-rusakko\/"]}]},{"@type":"ImageObject","inLanguage":"fi","@id":"https:\/\/sey.fi\/luonnonelaimet\/usein-kysyttya-luonnonelaimista\/lajikohtaisia-kysymyksia-rusakko\/#primaryimage","url":"https:\/\/sey.fi\/wp-content\/uploads\/sites\/49\/2023\/01\/rusakko_Laura_H_Forsstrom.jpg","contentUrl":"https:\/\/sey.fi\/wp-content\/uploads\/sites\/49\/2023\/01\/rusakko_Laura_H_Forsstrom.jpg","width":1280,"height":640,"caption":"Kuva: Laura H. Forsstr\u00f6m"},{"@type":"BreadcrumbList","@id":"https:\/\/sey.fi\/luonnonelaimet\/usein-kysyttya-luonnonelaimista\/lajikohtaisia-kysymyksia-rusakko\/#breadcrumb","itemListElement":[{"@type":"ListItem","position":1,"name":"Home","item":"https:\/\/sey.fi\/luonnonelaimet\/"},{"@type":"ListItem","position":2,"name":"Usein kysytty\u00e4 luonnonel\u00e4imist\u00e4","item":"https:\/\/sey.fi\/luonnonelaimet\/usein-kysyttya-luonnonelaimista\/"},{"@type":"ListItem","position":3,"name":"Lajikohtaisia kysymyksi\u00e4 \u2013 Rusakko"}]},{"@type":"WebSite","@id":"https:\/\/sey.fi\/luonnonelaimet\/#website","url":"https:\/\/sey.fi\/luonnonelaimet\/","name":"Luonnonel\u00e4imet","description":"Uusi SEY J\u00e4senyhdistykset -sivusto","potentialAction":[{"@type":"SearchAction","target":{"@type":"EntryPoint","urlTemplate":"https:\/\/sey.fi\/luonnonelaimet\/?s={search_term_string}"},"query-input":{"@type":"PropertyValueSpecification","valueRequired":true,"valueName":"search_term_string"}}],"inLanguage":"fi"}]}},"_links":{"self":[{"href":"https:\/\/sey.fi\/luonnonelaimet\/wp-json\/wp\/v2\/pages\/379","targetHints":{"allow":["GET"]}}],"collection":[{"href":"https:\/\/sey.fi\/luonnonelaimet\/wp-json\/wp\/v2\/pages"}],"about":[{"href":"https:\/\/sey.fi\/luonnonelaimet\/wp-json\/wp\/v2\/types\/page"}],"author":[{"embeddable":true,"href":"https:\/\/sey.fi\/luonnonelaimet\/wp-json\/wp\/v2\/users\/41"}],"replies":[{"embeddable":true,"href":"https:\/\/sey.fi\/luonnonelaimet\/wp-json\/wp\/v2\/comments?post=379"}],"version-history":[{"count":4,"href":"https:\/\/sey.fi\/luonnonelaimet\/wp-json\/wp\/v2\/pages\/379\/revisions"}],"predecessor-version":[{"id":733,"href":"https:\/\/sey.fi\/luonnonelaimet\/wp-json\/wp\/v2\/pages\/379\/revisions\/733"}],"up":[{"embeddable":true,"href":"https:\/\/sey.fi\/luonnonelaimet\/wp-json\/wp\/v2\/pages\/251"}],"wp:featuredmedia":[{"embeddable":true,"href":"https:\/\/sey.fi\/luonnonelaimet\/wp-json\/wp\/v2\/media\/380"}],"wp:attachment":[{"href":"https:\/\/sey.fi\/luonnonelaimet\/wp-json\/wp\/v2\/media?parent=379"}],"curies":[{"name":"wp","href":"https:\/\/api.w.org\/{rel}","templated":true}]}}