{"id":383,"date":"2023-01-26T21:33:00","date_gmt":"2023-01-26T19:33:00","guid":{"rendered":"https:\/\/sey.fi\/luonnonelaimet\/?page_id=383"},"modified":"2026-02-13T20:25:39","modified_gmt":"2026-02-13T18:25:39","slug":"lajikohtaisia-kysymyksia-kyy","status":"publish","type":"page","link":"https:\/\/sey.fi\/luonnonelaimet\/usein-kysyttya-luonnonelaimista\/lajikohtaisia-kysymyksia-kyy\/","title":{"rendered":"Lajikohtaisia kysymyksi\u00e4 \u2013 Kyy"},"content":{"rendered":"\n<h2 class=\"wp-block-heading\">Pihalla on kyy. Voiko kyyn siirt\u00e4\u00e4?<\/h2>\n\n\n\n<p>Kyyt\u00e4 ei kannata siirt\u00e4\u00e4 aikaisin kev\u00e4\u00e4ll\u00e4 eik\u00e4 my\u00f6h\u00e4\u00e4n syksyll\u00e4, sill\u00e4 kyyn talvehtimispes\u00e4 sijaitsee todenn\u00e4k\u00f6isesti jossain sen olinpaikan l\u00e4hettyvill\u00e4. Vaikka kyy k\u00e4y jo ottamassa aurinkoa, se palaa viel\u00e4 useita kertoja takaisin pes\u00e4n l\u00e4mp\u00f6\u00f6n auringon laskiessa ja ilman kylmetess\u00e4. Kyyn tarpeeton siirt\u00e4minen voi pahimmillaan tarkoittaa sen tuomitsemista kylm\u00e4kuolemaan. Kyylle ei saa aiheuttaa tarpeetonta kipua tai tuskaa.<\/p>\n\n\n\n<p>Jos kyy on pihapiiriss\u00e4 haitaksi, se on mahdollista siirt\u00e4\u00e4. Harkitse siirtop\u00e4\u00e4t\u00f6st\u00e4 kuitenkin rauhassa ja perehdy ohjeisiin huolella, sill\u00e4 kyyn siirt\u00e4minen voi olla sek\u00e4 ihmiselle ett\u00e4 siirrett\u00e4v\u00e4lle kyylle vaaraksi, jos et ole varma, mit\u00e4 olet tekem\u00e4ss\u00e4. Kysy tarvittaessa apua ammattilaiselta.<\/p>\n\n\n\n<h3 class=\"wp-block-heading\">Tutustu kyyn siirtoon esimerkiksi Kyyatlas-sivuston ohjeiden avulla: <\/h3>\n\n\n\n<ul class=\"wp-block-list\">\n<li><strong><a href=\"https:\/\/www.kyyatlas.fi\/kyiden-siirtaminen\/\" target=\"_blank\" rel=\"noreferrer noopener nofollow\">Tietoa kyiden siirt\u00e4misest\u00e4 Kyyatlas-sivustolta<\/a><\/strong><\/li>\n\n\n\n<li><a href=\"https:\/\/sey.fi\/luonnonelaimet\/kyy\/\" target=\"_blank\" rel=\"noreferrer noopener nofollow\"><strong>Tietoa kyyst\u00e4 SEYn sivuilta<\/strong><\/a><\/li>\n<\/ul>\n\n\n\n<p><\/p>\n","protected":false},"excerpt":{"rendered":"<p>Pihalla on kyy. Voiko kyyn siirt\u00e4\u00e4? Kyyt\u00e4 ei kannata siirt\u00e4\u00e4 aikaisin kev\u00e4\u00e4ll\u00e4 eik\u00e4 my\u00f6h\u00e4\u00e4n syksyll\u00e4, sill\u00e4 kyyn talvehtimispes\u00e4 sijaitsee todenn\u00e4k\u00f6isesti jossain sen olinpaikan l\u00e4hettyvill\u00e4. Vaikka kyy k\u00e4y jo ottamassa aurinkoa, se palaa viel\u00e4 useita kertoja takaisin pes\u00e4n l\u00e4mp\u00f6\u00f6n auringon laskiessa ja ilman kylmetess\u00e4. Kyyn tarpeeton siirt\u00e4minen voi pahimmillaan tarkoittaa sen tuomitsemista kylm\u00e4kuolemaan. Kyylle ei saa [&hellip;]<\/p>\n","protected":false},"author":41,"featured_media":89,"parent":251,"menu_order":1,"comment_status":"closed","ping_status":"closed","template":"","meta":{"_acf_changed":false,"footnotes":""},"class_list":["post-383","page","type-page","status-publish","has-post-thumbnail","hentry"],"acf":[],"yoast_head":"<!-- This site is optimized with the Yoast SEO plugin v27.1.1 - https:\/\/yoast.com\/product\/yoast-seo-wordpress\/ -->\n<title>Lajikohtaisia kysymyksi\u00e4 \u2013 Kyy - Luonnonel\u00e4imet<\/title>\n<meta name=\"description\" content=\"Voiko kyyn siirt\u00e4\u00e4, ja mit\u00e4 tulee tehd\u00e4, jos pihalta l\u00f6yt\u00e4\u00e4 kyyn? Lue lis\u00e4\u00e4 SEYn luonnonel\u00e4imet-sivustolta.\" \/>\n<meta name=\"robots\" content=\"index, follow, max-snippet:-1, max-image-preview:large, max-video-preview:-1\" \/>\n<link rel=\"canonical\" href=\"https:\/\/sey.fi\/luonnonelaimet\/usein-kysyttya-luonnonelaimista\/lajikohtaisia-kysymyksia-kyy\/\" \/>\n<meta property=\"og:locale\" content=\"fi_FI\" \/>\n<meta property=\"og:type\" content=\"article\" \/>\n<meta property=\"og:title\" content=\"Lajikohtaisia kysymyksi\u00e4 \u2013 Kyy - Luonnonel\u00e4imet\" \/>\n<meta property=\"og:description\" content=\"Voiko kyyn siirt\u00e4\u00e4, ja mit\u00e4 tulee tehd\u00e4, jos pihalta l\u00f6yt\u00e4\u00e4 kyyn? Lue lis\u00e4\u00e4 SEYn luonnonel\u00e4imet-sivustolta.\" \/>\n<meta property=\"og:url\" content=\"https:\/\/sey.fi\/luonnonelaimet\/usein-kysyttya-luonnonelaimista\/lajikohtaisia-kysymyksia-kyy\/\" \/>\n<meta property=\"og:site_name\" content=\"Luonnonel\u00e4imet\" \/>\n<meta property=\"article:modified_time\" content=\"2026-02-13T18:25:39+00:00\" \/>\n<meta property=\"og:image\" content=\"https:\/\/sey.fi\/wp-content\/uploads\/sites\/49\/2019\/12\/kyy_martin_tajmr_pixabay.com_.jpg\" \/>\n\t<meta property=\"og:image:width\" content=\"1200\" \/>\n\t<meta property=\"og:image:height\" content=\"800\" \/>\n\t<meta property=\"og:image:type\" content=\"image\/jpeg\" \/>\n<meta name=\"twitter:card\" content=\"summary_large_image\" \/>\n<meta name=\"twitter:label1\" content=\"Arvioitu lukuaika\" \/>\n\t<meta name=\"twitter:data1\" content=\"1 minuutti\" \/>\n<script type=\"application\/ld+json\" class=\"yoast-schema-graph\">{\"@context\":\"https:\/\/schema.org\",\"@graph\":[{\"@type\":\"WebPage\",\"@id\":\"https:\/\/sey.fi\/luonnonelaimet\/usein-kysyttya-luonnonelaimista\/lajikohtaisia-kysymyksia-kyy\/\",\"url\":\"https:\/\/sey.fi\/luonnonelaimet\/usein-kysyttya-luonnonelaimista\/lajikohtaisia-kysymyksia-kyy\/\",\"name\":\"Lajikohtaisia kysymyksi\u00e4 \u2013 Kyy - Luonnonel\u00e4imet\",\"isPartOf\":{\"@id\":\"https:\/\/sey.fi\/luonnonelaimet\/#website\"},\"primaryImageOfPage\":{\"@id\":\"https:\/\/sey.fi\/luonnonelaimet\/usein-kysyttya-luonnonelaimista\/lajikohtaisia-kysymyksia-kyy\/#primaryimage\"},\"image\":{\"@id\":\"https:\/\/sey.fi\/luonnonelaimet\/usein-kysyttya-luonnonelaimista\/lajikohtaisia-kysymyksia-kyy\/#primaryimage\"},\"thumbnailUrl\":\"https:\/\/sey.fi\/wp-content\/uploads\/sites\/49\/2019\/12\/kyy_martin_tajmr_pixabay.com_.jpg\",\"datePublished\":\"2023-01-26T19:33:00+00:00\",\"dateModified\":\"2026-02-13T18:25:39+00:00\",\"description\":\"Voiko kyyn siirt\u00e4\u00e4, ja mit\u00e4 tulee tehd\u00e4, jos pihalta l\u00f6yt\u00e4\u00e4 kyyn? Lue lis\u00e4\u00e4 SEYn luonnonel\u00e4imet-sivustolta.\",\"breadcrumb\":{\"@id\":\"https:\/\/sey.fi\/luonnonelaimet\/usein-kysyttya-luonnonelaimista\/lajikohtaisia-kysymyksia-kyy\/#breadcrumb\"},\"inLanguage\":\"fi\",\"potentialAction\":[{\"@type\":\"ReadAction\",\"target\":[\"https:\/\/sey.fi\/luonnonelaimet\/usein-kysyttya-luonnonelaimista\/lajikohtaisia-kysymyksia-kyy\/\"]}]},{\"@type\":\"ImageObject\",\"inLanguage\":\"fi\",\"@id\":\"https:\/\/sey.fi\/luonnonelaimet\/usein-kysyttya-luonnonelaimista\/lajikohtaisia-kysymyksia-kyy\/#primaryimage\",\"url\":\"https:\/\/sey.fi\/wp-content\/uploads\/sites\/49\/2019\/12\/kyy_martin_tajmr_pixabay.com_.jpg\",\"contentUrl\":\"https:\/\/sey.fi\/wp-content\/uploads\/sites\/49\/2019\/12\/kyy_martin_tajmr_pixabay.com_.jpg\",\"width\":1200,\"height\":800},{\"@type\":\"BreadcrumbList\",\"@id\":\"https:\/\/sey.fi\/luonnonelaimet\/usein-kysyttya-luonnonelaimista\/lajikohtaisia-kysymyksia-kyy\/#breadcrumb\",\"itemListElement\":[{\"@type\":\"ListItem\",\"position\":1,\"name\":\"Home\",\"item\":\"https:\/\/sey.fi\/luonnonelaimet\/\"},{\"@type\":\"ListItem\",\"position\":2,\"name\":\"Usein kysytty\u00e4 luonnonel\u00e4imist\u00e4\",\"item\":\"https:\/\/sey.fi\/luonnonelaimet\/usein-kysyttya-luonnonelaimista\/\"},{\"@type\":\"ListItem\",\"position\":3,\"name\":\"Lajikohtaisia kysymyksi\u00e4 \u2013 Kyy\"}]},{\"@type\":\"WebSite\",\"@id\":\"https:\/\/sey.fi\/luonnonelaimet\/#website\",\"url\":\"https:\/\/sey.fi\/luonnonelaimet\/\",\"name\":\"Luonnonel\u00e4imet\",\"description\":\"Uusi SEY J\u00e4senyhdistykset -sivusto\",\"potentialAction\":[{\"@type\":\"SearchAction\",\"target\":{\"@type\":\"EntryPoint\",\"urlTemplate\":\"https:\/\/sey.fi\/luonnonelaimet\/?s={search_term_string}\"},\"query-input\":{\"@type\":\"PropertyValueSpecification\",\"valueRequired\":true,\"valueName\":\"search_term_string\"}}],\"inLanguage\":\"fi\"}]}<\/script>\n<!-- \/ Yoast SEO plugin. -->","yoast_head_json":{"title":"Lajikohtaisia kysymyksi\u00e4 \u2013 Kyy - Luonnonel\u00e4imet","description":"Voiko kyyn siirt\u00e4\u00e4, ja mit\u00e4 tulee tehd\u00e4, jos pihalta l\u00f6yt\u00e4\u00e4 kyyn? Lue lis\u00e4\u00e4 SEYn luonnonel\u00e4imet-sivustolta.","robots":{"index":"index","follow":"follow","max-snippet":"max-snippet:-1","max-image-preview":"max-image-preview:large","max-video-preview":"max-video-preview:-1"},"canonical":"https:\/\/sey.fi\/luonnonelaimet\/usein-kysyttya-luonnonelaimista\/lajikohtaisia-kysymyksia-kyy\/","og_locale":"fi_FI","og_type":"article","og_title":"Lajikohtaisia kysymyksi\u00e4 \u2013 Kyy - Luonnonel\u00e4imet","og_description":"Voiko kyyn siirt\u00e4\u00e4, ja mit\u00e4 tulee tehd\u00e4, jos pihalta l\u00f6yt\u00e4\u00e4 kyyn? Lue lis\u00e4\u00e4 SEYn luonnonel\u00e4imet-sivustolta.","og_url":"https:\/\/sey.fi\/luonnonelaimet\/usein-kysyttya-luonnonelaimista\/lajikohtaisia-kysymyksia-kyy\/","og_site_name":"Luonnonel\u00e4imet","article_modified_time":"2026-02-13T18:25:39+00:00","og_image":[{"width":1200,"height":800,"url":"https:\/\/sey.fi\/wp-content\/uploads\/sites\/49\/2019\/12\/kyy_martin_tajmr_pixabay.com_.jpg","type":"image\/jpeg"}],"twitter_card":"summary_large_image","twitter_misc":{"Arvioitu lukuaika":"1 minuutti"},"schema":{"@context":"https:\/\/schema.org","@graph":[{"@type":"WebPage","@id":"https:\/\/sey.fi\/luonnonelaimet\/usein-kysyttya-luonnonelaimista\/lajikohtaisia-kysymyksia-kyy\/","url":"https:\/\/sey.fi\/luonnonelaimet\/usein-kysyttya-luonnonelaimista\/lajikohtaisia-kysymyksia-kyy\/","name":"Lajikohtaisia kysymyksi\u00e4 \u2013 Kyy - Luonnonel\u00e4imet","isPartOf":{"@id":"https:\/\/sey.fi\/luonnonelaimet\/#website"},"primaryImageOfPage":{"@id":"https:\/\/sey.fi\/luonnonelaimet\/usein-kysyttya-luonnonelaimista\/lajikohtaisia-kysymyksia-kyy\/#primaryimage"},"image":{"@id":"https:\/\/sey.fi\/luonnonelaimet\/usein-kysyttya-luonnonelaimista\/lajikohtaisia-kysymyksia-kyy\/#primaryimage"},"thumbnailUrl":"https:\/\/sey.fi\/wp-content\/uploads\/sites\/49\/2019\/12\/kyy_martin_tajmr_pixabay.com_.jpg","datePublished":"2023-01-26T19:33:00+00:00","dateModified":"2026-02-13T18:25:39+00:00","description":"Voiko kyyn siirt\u00e4\u00e4, ja mit\u00e4 tulee tehd\u00e4, jos pihalta l\u00f6yt\u00e4\u00e4 kyyn? Lue lis\u00e4\u00e4 SEYn luonnonel\u00e4imet-sivustolta.","breadcrumb":{"@id":"https:\/\/sey.fi\/luonnonelaimet\/usein-kysyttya-luonnonelaimista\/lajikohtaisia-kysymyksia-kyy\/#breadcrumb"},"inLanguage":"fi","potentialAction":[{"@type":"ReadAction","target":["https:\/\/sey.fi\/luonnonelaimet\/usein-kysyttya-luonnonelaimista\/lajikohtaisia-kysymyksia-kyy\/"]}]},{"@type":"ImageObject","inLanguage":"fi","@id":"https:\/\/sey.fi\/luonnonelaimet\/usein-kysyttya-luonnonelaimista\/lajikohtaisia-kysymyksia-kyy\/#primaryimage","url":"https:\/\/sey.fi\/wp-content\/uploads\/sites\/49\/2019\/12\/kyy_martin_tajmr_pixabay.com_.jpg","contentUrl":"https:\/\/sey.fi\/wp-content\/uploads\/sites\/49\/2019\/12\/kyy_martin_tajmr_pixabay.com_.jpg","width":1200,"height":800},{"@type":"BreadcrumbList","@id":"https:\/\/sey.fi\/luonnonelaimet\/usein-kysyttya-luonnonelaimista\/lajikohtaisia-kysymyksia-kyy\/#breadcrumb","itemListElement":[{"@type":"ListItem","position":1,"name":"Home","item":"https:\/\/sey.fi\/luonnonelaimet\/"},{"@type":"ListItem","position":2,"name":"Usein kysytty\u00e4 luonnonel\u00e4imist\u00e4","item":"https:\/\/sey.fi\/luonnonelaimet\/usein-kysyttya-luonnonelaimista\/"},{"@type":"ListItem","position":3,"name":"Lajikohtaisia kysymyksi\u00e4 \u2013 Kyy"}]},{"@type":"WebSite","@id":"https:\/\/sey.fi\/luonnonelaimet\/#website","url":"https:\/\/sey.fi\/luonnonelaimet\/","name":"Luonnonel\u00e4imet","description":"Uusi SEY J\u00e4senyhdistykset -sivusto","potentialAction":[{"@type":"SearchAction","target":{"@type":"EntryPoint","urlTemplate":"https:\/\/sey.fi\/luonnonelaimet\/?s={search_term_string}"},"query-input":{"@type":"PropertyValueSpecification","valueRequired":true,"valueName":"search_term_string"}}],"inLanguage":"fi"}]}},"_links":{"self":[{"href":"https:\/\/sey.fi\/luonnonelaimet\/wp-json\/wp\/v2\/pages\/383","targetHints":{"allow":["GET"]}}],"collection":[{"href":"https:\/\/sey.fi\/luonnonelaimet\/wp-json\/wp\/v2\/pages"}],"about":[{"href":"https:\/\/sey.fi\/luonnonelaimet\/wp-json\/wp\/v2\/types\/page"}],"author":[{"embeddable":true,"href":"https:\/\/sey.fi\/luonnonelaimet\/wp-json\/wp\/v2\/users\/41"}],"replies":[{"embeddable":true,"href":"https:\/\/sey.fi\/luonnonelaimet\/wp-json\/wp\/v2\/comments?post=383"}],"version-history":[{"count":6,"href":"https:\/\/sey.fi\/luonnonelaimet\/wp-json\/wp\/v2\/pages\/383\/revisions"}],"predecessor-version":[{"id":734,"href":"https:\/\/sey.fi\/luonnonelaimet\/wp-json\/wp\/v2\/pages\/383\/revisions\/734"}],"up":[{"embeddable":true,"href":"https:\/\/sey.fi\/luonnonelaimet\/wp-json\/wp\/v2\/pages\/251"}],"wp:featuredmedia":[{"embeddable":true,"href":"https:\/\/sey.fi\/luonnonelaimet\/wp-json\/wp\/v2\/media\/89"}],"wp:attachment":[{"href":"https:\/\/sey.fi\/luonnonelaimet\/wp-json\/wp\/v2\/media?parent=383"}],"curies":[{"name":"wp","href":"https:\/\/api.w.org\/{rel}","templated":true}]}}