{"id":388,"date":"2023-01-26T21:35:33","date_gmt":"2023-01-26T19:35:33","guid":{"rendered":"https:\/\/sey.fi\/luonnonelaimet\/?page_id=388"},"modified":"2025-06-11T14:08:14","modified_gmt":"2025-06-11T11:08:14","slug":"lajikohtaisia-kysymyksia-vieraslajit","status":"publish","type":"page","link":"https:\/\/sey.fi\/luonnonelaimet\/usein-kysyttya-luonnonelaimista\/lajikohtaisia-kysymyksia-vieraslajit\/","title":{"rendered":"Lajikohtaisia kysymyksi\u00e4 \u2013 Vieraslajit"},"content":{"rendered":"\n<h2 class=\"wp-block-heading\">Mit\u00e4 tarkoittaa vieraslaji? Ent\u00e4 haitallinen vieraslaji?<\/h2>\n\n\n\n<p>Vieraslajilla tarkoitetaan lajia, joka on kulkeutunut Suomeen ihmisen mukana. Ihminen seuraa ja pyrkii rajoittamaan n\u00e4iden lajien levi\u00e4mist\u00e4 siksi, ett\u00e4 niiden ajatellaan h\u00e4iritsev\u00e4n luontoa ja Suomessa jo olevien el\u00e4inlajien elinmahdollisuuksia. Esimerkiksi supikoira tuotiin Suomeen alun perin turkisel\u00e4imeksi.<\/p>\n\n\n\n<p>Nykyisin supikoiraa pidet\u00e4\u00e4n <strong>haitallisena vieraslajina<\/strong>, sill\u00e4 supikoirat sy\u00f6v\u00e4t uhanalaisia lintuja ja niiden poikasia. Vuonna 2019 voimaan tulleen asetuksen mukaan my\u00f6s esimerkiksi minkki, piisami, r\u00e4memaja ja pesukarhu luokitellaan haitallisiksi vieraslajeiksi. Pesim\u00e4rauha ei koske haitallisia vieraslajeja, eik\u00e4 niiden tappamiseen tarvitse mets\u00e4styskorttia. Lakimuutos on ristiriidassa el\u00e4inten hyvinvointilain hengen kanssa ja <a href=\"https:\/\/elaintenystava.fi\/2021\/06\/15\/617\/\">SEY pit\u00e4\u00e4 muutosta ep\u00e4eettisen\u00e4<\/a>.<\/p>\n\n\n\n<p><strong>Tulokaslajiksi <\/strong>sanotaan el\u00e4inlajia, joka levi\u00e4\u00e4 itse v\u00e4hitellen uusille elinalueille. Ilmaston l\u00e4mpenemisen takia moni uusi laji on jo levinnyt Suomeen. Esimerkiksi villisika, rusakko ja valkoposkihanhi ovat tulokaslajeja. My\u00f6s ihminen on tulokaslaji Suomessa.<\/p>\n\n\n\n<h2 class=\"wp-block-heading\">Miten vieraslajeihin tulee suhtautua? Mik\u00e4 on SEYn n\u00e4kemys vieraslajeista?<\/h2>\n\n\n\n<p>SEYn n\u00e4kemyksen mukaan el\u00e4inyksil\u00f6iden hyvinvointi tulisi priorisoida my\u00f6s vieraslajien kohdalla. Millek\u00e4\u00e4n el\u00e4imelle ei tule aiheuttaa tarpeetonta tuskaa tai kipua. Nykyinen lains\u00e4\u00e4d\u00e4nt\u00f6 ei huomio el\u00e4inten hyvinvointia riitt\u00e4v\u00e4sti. <strong><a href=\"https:\/\/sey.fi\/wp-content\/uploads\/2014\/05\/seyn_linjaus_haitallisista_vieraslajeista.pdf\" target=\"_blank\" rel=\"noreferrer noopener nofollow\">Tutustu SEYn linjaukseen haitallisista vieraslajeista<\/a><\/strong><a href=\"https:\/\/sey.fi\/wp-content\/uploads\/2014\/05\/seyn_linjaus_haitallisista_vieraslajeista.pdf\">.<\/a><\/p>\n\n\n\n<p><a href=\"https:\/\/sey.fi\/sey-vaatii-uudelleenharkintaa-metsastyslainsaadannon-muutoksiin\/\" target=\"_blank\" rel=\"noreferrer noopener nofollow\"><strong>SEY vaatii uudelleenharkintaa mets\u00e4styslain muutoksiin<\/strong><\/a>, koska vuonna 2019 voimaan astunut lakiuudistus kohdistaa ylimitoitettuja toimenpiteit\u00e4 haitallisiksi katsottuihin vieraslajeihin. <\/p>\n","protected":false},"excerpt":{"rendered":"<p>Mit\u00e4 tarkoittaa vieraslaji? Ent\u00e4 haitallinen vieraslaji? Vieraslajilla tarkoitetaan lajia, joka on kulkeutunut Suomeen ihmisen mukana. Ihminen seuraa ja pyrkii rajoittamaan n\u00e4iden lajien levi\u00e4mist\u00e4 siksi, ett\u00e4 niiden ajatellaan h\u00e4iritsev\u00e4n luontoa ja Suomessa jo olevien el\u00e4inlajien elinmahdollisuuksia. Esimerkiksi supikoira tuotiin Suomeen alun perin turkisel\u00e4imeksi. Nykyisin supikoiraa pidet\u00e4\u00e4n haitallisena vieraslajina, sill\u00e4 supikoirat sy\u00f6v\u00e4t uhanalaisia lintuja ja niiden poikasia. [&hellip;]<\/p>\n","protected":false},"author":41,"featured_media":389,"parent":251,"menu_order":1,"comment_status":"closed","ping_status":"closed","template":"","meta":{"_acf_changed":false,"footnotes":""},"class_list":["post-388","page","type-page","status-publish","has-post-thumbnail","hentry"],"acf":[],"yoast_head":"<!-- This site is optimized with the Yoast SEO plugin v27.1.1 - https:\/\/yoast.com\/product\/yoast-seo-wordpress\/ -->\n<title>Lajikohtaisia kysymyksi\u00e4 \u2013 Vieraslajit - Luonnonel\u00e4imet<\/title>\n<meta name=\"description\" content=\"Mit\u00e4 vieraslajit ovat? SEYn n\u00e4kemyksen mukaan el\u00e4inyksil\u00f6iden hyvinvointi tulisi priorisoida my\u00f6s vieraslajien kohdalla.\" \/>\n<meta name=\"robots\" content=\"index, follow, max-snippet:-1, max-image-preview:large, max-video-preview:-1\" \/>\n<link rel=\"canonical\" href=\"https:\/\/sey.fi\/luonnonelaimet\/usein-kysyttya-luonnonelaimista\/lajikohtaisia-kysymyksia-vieraslajit\/\" \/>\n<meta property=\"og:locale\" content=\"fi_FI\" \/>\n<meta property=\"og:type\" content=\"article\" \/>\n<meta property=\"og:title\" content=\"Lajikohtaisia kysymyksi\u00e4 \u2013 Vieraslajit - Luonnonel\u00e4imet\" \/>\n<meta property=\"og:description\" content=\"Mit\u00e4 vieraslajit ovat? SEYn n\u00e4kemyksen mukaan el\u00e4inyksil\u00f6iden hyvinvointi tulisi priorisoida my\u00f6s vieraslajien kohdalla.\" \/>\n<meta property=\"og:url\" content=\"https:\/\/sey.fi\/luonnonelaimet\/usein-kysyttya-luonnonelaimista\/lajikohtaisia-kysymyksia-vieraslajit\/\" \/>\n<meta property=\"og:site_name\" content=\"Luonnonel\u00e4imet\" \/>\n<meta property=\"article:modified_time\" content=\"2025-06-11T11:08:14+00:00\" \/>\n<meta property=\"og:image\" content=\"https:\/\/sey.fi\/wp-content\/uploads\/sites\/49\/2023\/01\/supikoira_IMG_4283.jpg\" \/>\n\t<meta property=\"og:image:width\" content=\"1280\" \/>\n\t<meta property=\"og:image:height\" content=\"640\" \/>\n\t<meta property=\"og:image:type\" content=\"image\/jpeg\" \/>\n<meta name=\"twitter:card\" content=\"summary_large_image\" \/>\n<meta name=\"twitter:label1\" content=\"Arvioitu lukuaika\" \/>\n\t<meta name=\"twitter:data1\" content=\"2 minuuttia\" \/>\n<script type=\"application\/ld+json\" class=\"yoast-schema-graph\">{\"@context\":\"https:\/\/schema.org\",\"@graph\":[{\"@type\":\"WebPage\",\"@id\":\"https:\/\/sey.fi\/luonnonelaimet\/usein-kysyttya-luonnonelaimista\/lajikohtaisia-kysymyksia-vieraslajit\/\",\"url\":\"https:\/\/sey.fi\/luonnonelaimet\/usein-kysyttya-luonnonelaimista\/lajikohtaisia-kysymyksia-vieraslajit\/\",\"name\":\"Lajikohtaisia kysymyksi\u00e4 \u2013 Vieraslajit - Luonnonel\u00e4imet\",\"isPartOf\":{\"@id\":\"https:\/\/sey.fi\/luonnonelaimet\/#website\"},\"primaryImageOfPage\":{\"@id\":\"https:\/\/sey.fi\/luonnonelaimet\/usein-kysyttya-luonnonelaimista\/lajikohtaisia-kysymyksia-vieraslajit\/#primaryimage\"},\"image\":{\"@id\":\"https:\/\/sey.fi\/luonnonelaimet\/usein-kysyttya-luonnonelaimista\/lajikohtaisia-kysymyksia-vieraslajit\/#primaryimage\"},\"thumbnailUrl\":\"https:\/\/sey.fi\/wp-content\/uploads\/sites\/49\/2023\/01\/supikoira_IMG_4283.jpg\",\"datePublished\":\"2023-01-26T19:35:33+00:00\",\"dateModified\":\"2025-06-11T11:08:14+00:00\",\"description\":\"Mit\u00e4 vieraslajit ovat? SEYn n\u00e4kemyksen mukaan el\u00e4inyksil\u00f6iden hyvinvointi tulisi priorisoida my\u00f6s vieraslajien kohdalla.\",\"breadcrumb\":{\"@id\":\"https:\/\/sey.fi\/luonnonelaimet\/usein-kysyttya-luonnonelaimista\/lajikohtaisia-kysymyksia-vieraslajit\/#breadcrumb\"},\"inLanguage\":\"fi\",\"potentialAction\":[{\"@type\":\"ReadAction\",\"target\":[\"https:\/\/sey.fi\/luonnonelaimet\/usein-kysyttya-luonnonelaimista\/lajikohtaisia-kysymyksia-vieraslajit\/\"]}]},{\"@type\":\"ImageObject\",\"inLanguage\":\"fi\",\"@id\":\"https:\/\/sey.fi\/luonnonelaimet\/usein-kysyttya-luonnonelaimista\/lajikohtaisia-kysymyksia-vieraslajit\/#primaryimage\",\"url\":\"https:\/\/sey.fi\/wp-content\/uploads\/sites\/49\/2023\/01\/supikoira_IMG_4283.jpg\",\"contentUrl\":\"https:\/\/sey.fi\/wp-content\/uploads\/sites\/49\/2023\/01\/supikoira_IMG_4283.jpg\",\"width\":1280,\"height\":640,\"caption\":\"Supikoira nurmikolla\"},{\"@type\":\"BreadcrumbList\",\"@id\":\"https:\/\/sey.fi\/luonnonelaimet\/usein-kysyttya-luonnonelaimista\/lajikohtaisia-kysymyksia-vieraslajit\/#breadcrumb\",\"itemListElement\":[{\"@type\":\"ListItem\",\"position\":1,\"name\":\"Home\",\"item\":\"https:\/\/sey.fi\/luonnonelaimet\/\"},{\"@type\":\"ListItem\",\"position\":2,\"name\":\"Usein kysytty\u00e4 luonnonel\u00e4imist\u00e4\",\"item\":\"https:\/\/sey.fi\/luonnonelaimet\/usein-kysyttya-luonnonelaimista\/\"},{\"@type\":\"ListItem\",\"position\":3,\"name\":\"Lajikohtaisia kysymyksi\u00e4 \u2013 Vieraslajit\"}]},{\"@type\":\"WebSite\",\"@id\":\"https:\/\/sey.fi\/luonnonelaimet\/#website\",\"url\":\"https:\/\/sey.fi\/luonnonelaimet\/\",\"name\":\"Luonnonel\u00e4imet\",\"description\":\"Uusi SEY J\u00e4senyhdistykset -sivusto\",\"potentialAction\":[{\"@type\":\"SearchAction\",\"target\":{\"@type\":\"EntryPoint\",\"urlTemplate\":\"https:\/\/sey.fi\/luonnonelaimet\/?s={search_term_string}\"},\"query-input\":{\"@type\":\"PropertyValueSpecification\",\"valueRequired\":true,\"valueName\":\"search_term_string\"}}],\"inLanguage\":\"fi\"}]}<\/script>\n<!-- \/ Yoast SEO plugin. -->","yoast_head_json":{"title":"Lajikohtaisia kysymyksi\u00e4 \u2013 Vieraslajit - Luonnonel\u00e4imet","description":"Mit\u00e4 vieraslajit ovat? SEYn n\u00e4kemyksen mukaan el\u00e4inyksil\u00f6iden hyvinvointi tulisi priorisoida my\u00f6s vieraslajien kohdalla.","robots":{"index":"index","follow":"follow","max-snippet":"max-snippet:-1","max-image-preview":"max-image-preview:large","max-video-preview":"max-video-preview:-1"},"canonical":"https:\/\/sey.fi\/luonnonelaimet\/usein-kysyttya-luonnonelaimista\/lajikohtaisia-kysymyksia-vieraslajit\/","og_locale":"fi_FI","og_type":"article","og_title":"Lajikohtaisia kysymyksi\u00e4 \u2013 Vieraslajit - Luonnonel\u00e4imet","og_description":"Mit\u00e4 vieraslajit ovat? SEYn n\u00e4kemyksen mukaan el\u00e4inyksil\u00f6iden hyvinvointi tulisi priorisoida my\u00f6s vieraslajien kohdalla.","og_url":"https:\/\/sey.fi\/luonnonelaimet\/usein-kysyttya-luonnonelaimista\/lajikohtaisia-kysymyksia-vieraslajit\/","og_site_name":"Luonnonel\u00e4imet","article_modified_time":"2025-06-11T11:08:14+00:00","og_image":[{"width":1280,"height":640,"url":"https:\/\/sey.fi\/wp-content\/uploads\/sites\/49\/2023\/01\/supikoira_IMG_4283.jpg","type":"image\/jpeg"}],"twitter_card":"summary_large_image","twitter_misc":{"Arvioitu lukuaika":"2 minuuttia"},"schema":{"@context":"https:\/\/schema.org","@graph":[{"@type":"WebPage","@id":"https:\/\/sey.fi\/luonnonelaimet\/usein-kysyttya-luonnonelaimista\/lajikohtaisia-kysymyksia-vieraslajit\/","url":"https:\/\/sey.fi\/luonnonelaimet\/usein-kysyttya-luonnonelaimista\/lajikohtaisia-kysymyksia-vieraslajit\/","name":"Lajikohtaisia kysymyksi\u00e4 \u2013 Vieraslajit - Luonnonel\u00e4imet","isPartOf":{"@id":"https:\/\/sey.fi\/luonnonelaimet\/#website"},"primaryImageOfPage":{"@id":"https:\/\/sey.fi\/luonnonelaimet\/usein-kysyttya-luonnonelaimista\/lajikohtaisia-kysymyksia-vieraslajit\/#primaryimage"},"image":{"@id":"https:\/\/sey.fi\/luonnonelaimet\/usein-kysyttya-luonnonelaimista\/lajikohtaisia-kysymyksia-vieraslajit\/#primaryimage"},"thumbnailUrl":"https:\/\/sey.fi\/wp-content\/uploads\/sites\/49\/2023\/01\/supikoira_IMG_4283.jpg","datePublished":"2023-01-26T19:35:33+00:00","dateModified":"2025-06-11T11:08:14+00:00","description":"Mit\u00e4 vieraslajit ovat? SEYn n\u00e4kemyksen mukaan el\u00e4inyksil\u00f6iden hyvinvointi tulisi priorisoida my\u00f6s vieraslajien kohdalla.","breadcrumb":{"@id":"https:\/\/sey.fi\/luonnonelaimet\/usein-kysyttya-luonnonelaimista\/lajikohtaisia-kysymyksia-vieraslajit\/#breadcrumb"},"inLanguage":"fi","potentialAction":[{"@type":"ReadAction","target":["https:\/\/sey.fi\/luonnonelaimet\/usein-kysyttya-luonnonelaimista\/lajikohtaisia-kysymyksia-vieraslajit\/"]}]},{"@type":"ImageObject","inLanguage":"fi","@id":"https:\/\/sey.fi\/luonnonelaimet\/usein-kysyttya-luonnonelaimista\/lajikohtaisia-kysymyksia-vieraslajit\/#primaryimage","url":"https:\/\/sey.fi\/wp-content\/uploads\/sites\/49\/2023\/01\/supikoira_IMG_4283.jpg","contentUrl":"https:\/\/sey.fi\/wp-content\/uploads\/sites\/49\/2023\/01\/supikoira_IMG_4283.jpg","width":1280,"height":640,"caption":"Supikoira nurmikolla"},{"@type":"BreadcrumbList","@id":"https:\/\/sey.fi\/luonnonelaimet\/usein-kysyttya-luonnonelaimista\/lajikohtaisia-kysymyksia-vieraslajit\/#breadcrumb","itemListElement":[{"@type":"ListItem","position":1,"name":"Home","item":"https:\/\/sey.fi\/luonnonelaimet\/"},{"@type":"ListItem","position":2,"name":"Usein kysytty\u00e4 luonnonel\u00e4imist\u00e4","item":"https:\/\/sey.fi\/luonnonelaimet\/usein-kysyttya-luonnonelaimista\/"},{"@type":"ListItem","position":3,"name":"Lajikohtaisia kysymyksi\u00e4 \u2013 Vieraslajit"}]},{"@type":"WebSite","@id":"https:\/\/sey.fi\/luonnonelaimet\/#website","url":"https:\/\/sey.fi\/luonnonelaimet\/","name":"Luonnonel\u00e4imet","description":"Uusi SEY J\u00e4senyhdistykset -sivusto","potentialAction":[{"@type":"SearchAction","target":{"@type":"EntryPoint","urlTemplate":"https:\/\/sey.fi\/luonnonelaimet\/?s={search_term_string}"},"query-input":{"@type":"PropertyValueSpecification","valueRequired":true,"valueName":"search_term_string"}}],"inLanguage":"fi"}]}},"_links":{"self":[{"href":"https:\/\/sey.fi\/luonnonelaimet\/wp-json\/wp\/v2\/pages\/388","targetHints":{"allow":["GET"]}}],"collection":[{"href":"https:\/\/sey.fi\/luonnonelaimet\/wp-json\/wp\/v2\/pages"}],"about":[{"href":"https:\/\/sey.fi\/luonnonelaimet\/wp-json\/wp\/v2\/types\/page"}],"author":[{"embeddable":true,"href":"https:\/\/sey.fi\/luonnonelaimet\/wp-json\/wp\/v2\/users\/41"}],"replies":[{"embeddable":true,"href":"https:\/\/sey.fi\/luonnonelaimet\/wp-json\/wp\/v2\/comments?post=388"}],"version-history":[{"count":3,"href":"https:\/\/sey.fi\/luonnonelaimet\/wp-json\/wp\/v2\/pages\/388\/revisions"}],"predecessor-version":[{"id":625,"href":"https:\/\/sey.fi\/luonnonelaimet\/wp-json\/wp\/v2\/pages\/388\/revisions\/625"}],"up":[{"embeddable":true,"href":"https:\/\/sey.fi\/luonnonelaimet\/wp-json\/wp\/v2\/pages\/251"}],"wp:featuredmedia":[{"embeddable":true,"href":"https:\/\/sey.fi\/luonnonelaimet\/wp-json\/wp\/v2\/media\/389"}],"wp:attachment":[{"href":"https:\/\/sey.fi\/luonnonelaimet\/wp-json\/wp\/v2\/media?parent=388"}],"curies":[{"name":"wp","href":"https:\/\/api.w.org\/{rel}","templated":true}]}}