{"id":397,"date":"2023-01-26T21:40:38","date_gmt":"2023-01-26T19:40:38","guid":{"rendered":"https:\/\/sey.fi\/luonnonelaimet\/?page_id=397"},"modified":"2025-06-11T14:15:45","modified_gmt":"2025-06-11T11:15:45","slug":"elainten-hoito-ja-kiinniotto","status":"publish","type":"page","link":"https:\/\/sey.fi\/luonnonelaimet\/usein-kysyttya-luonnonelaimista\/elainten-hoito-ja-kiinniotto\/","title":{"rendered":"El\u00e4inten hoito ja kiinniotto"},"content":{"rendered":"\n<h2 class=\"wp-block-heading\">Mitk\u00e4 el\u00e4imet h\u00e4iriintyv\u00e4t ihmisen hajusta?<\/h2>\n\n\n\n<p>Sit\u00e4, mitk\u00e4 el\u00e4imet h\u00e4iriintyv\u00e4t ihmisen kosketuksellaan el\u00e4imeen j\u00e4tt\u00e4m\u00e4st\u00e4 hajusta ja mitk\u00e4 eiv\u00e4t, ei voi yksioikoisesti m\u00e4\u00e4ritell\u00e4.<\/p>\n\n\n\n<p>L\u00e4ht\u00f6kohtaisesti jokaisen luonnonel\u00e4imen koskettelua tulisi v\u00e4ltt\u00e4\u00e4, ja jos koskettaminen esimerkiksi el\u00e4imen siirt\u00e4misen takia on v\u00e4ltt\u00e4m\u00e4t\u00f6nt\u00e4, tulisi se tehd\u00e4 aina hansikkaat k\u00e4dess\u00e4 ja k\u00e4ytt\u00e4en siirt\u00e4miseen luonnonmateriaalia, esimerkiksi ruohotuppoja tai sammalta. Hansikkaat on hyv\u00e4 olla oman turvallisuuden takia, mutta ne eiv\u00e4t suojaa poikasta ihmisen hajulta. Haju voi tarttua my\u00f6s esimerkiksi lapiosta tai muusta ihmisen k\u00e4ytt\u00e4m\u00e4st\u00e4 v\u00e4lineest\u00e4.<\/p>\n\n\n\n<p>J\u00e4nis- ja hirviel\u00e4imet ovat todella herkki\u00e4 ihmisen hajulle ja niihin ei tule miss\u00e4\u00e4n tapauksessa koskea ilman painavaa syyt\u00e4. Linnut, oravat ja siilit eiv\u00e4t ole niin tarkkoja etenk\u00e4\u00e4n, jos kyseess\u00e4 ovat aivan pienet poikaset. Silti n\u00e4idenkin el\u00e4inten kohdalla koskemista tulisi v\u00e4ltt\u00e4\u00e4 viimeiseen saakka, sill\u00e4 ihmisen kanssa kontaktissa oleminen voi olla monella muulla tapaa vaarallista el\u00e4imelle.<\/p>\n\n\n\n<p>Silloin, kun kaikkia vaikutuksia ei tiedet\u00e4, on t\u00e4rke\u00e4\u00e4 noudattaa varoivaisuusperiaatetta. Liika tottuminen ihmisiin voi olla el\u00e4imelle kohtalokasta (jos el\u00e4in esimerkiksi joskus l\u00e4hestyy ihmist\u00e4, joka ei suhtaudu el\u00e4imeen hyv\u00e4ntahtoisesti), ja poikasten vanhemmat voivat h\u00e4iriinty\u00e4 l\u00e4hettyvill\u00e4 olevista ihmisist\u00e4 ja hyl\u00e4t\u00e4 pes\u00e4ns\u00e4.<\/p>\n\n\n\n<h2 class=\"wp-block-heading\">Mit\u00e4 tehd\u00e4, jos kohtaan loukkaantuneen luonnonvaraisen el\u00e4imen enk\u00e4 saa luonnonvaraisiin el\u00e4imiin erikoistunutta tahoa kiinni?<\/h2>\n\n\n\n<p>Jos kohtaat avun tarpeessa olevan linnun tai pienel\u00e4imen (esim. orava, siili), etk\u00e4 saa luonnonvaraisia el\u00e4imi\u00e4 hoitavaa tahoa kiinni, voit ottaa el\u00e4imen v\u00e4liaikaisesti talteen tai kuljettaa sen el\u00e4inhoitolaan. Petoel\u00e4imi\u00e4, petolintuja tai muita suurikokoisia el\u00e4imi\u00e4 ei kannata k\u00e4sitell\u00e4 ilman ohjeistusta.<\/p>\n\n\n\n<p>Sek\u00e4 el\u00e4imen kiinniotossa ett\u00e4 kuljetuksessa on t\u00e4rkeint\u00e4 v\u00e4ltt\u00e4\u00e4 stressin, kivun ja k\u00e4rsimyksen aikaansaamista parhain mahdollisin keinoin. Jos aikeissasi on ottaa avun tarpeessa oleva el\u00e4in kiinni talteenottoa tai kuljetusta varten, etsi tietoa sen lajityypillisest\u00e4 k\u00e4ytt\u00e4ytymisest\u00e4 ja tarpeista. Sek\u00e4 kiinniotto ett\u00e4 kuljettaminen ovat luonnonel\u00e4imelle l\u00e4ht\u00f6kohtaisesti stressaavia tilanteita, eik\u00e4 niit\u00e4 pit\u00e4isi tehd\u00e4 miss\u00e4\u00e4n nimess\u00e4 muuten kuin silloin, kun el\u00e4in on avun tarpeessa.<\/p>\n\n\n\n<p>Jos joudut pit\u00e4m\u00e4\u00e4n el\u00e4int\u00e4 y\u00f6n yli, huolehdi siit\u00e4, ettei se ole kontaktissa muihin el\u00e4imiin. El\u00e4int\u00e4 voi s\u00e4ilytt\u00e4\u00e4 esimerkiksi kenk\u00e4laatikossa tai muussa pahvilaatikossa, jossa on ilmareiki\u00e4. Poikasten kohdalla on \u00e4\u00e4rimm\u00e4isen t\u00e4rke\u00e4\u00e4 huolehtia l\u00e4mm\u00f6st\u00e4 ja riitt\u00e4v\u00e4st\u00e4 ravinnon saamisesta. Etsi lajikohtaisia ohjeita esimerkiksi t\u00e4lt\u00e4 sivustolta tai muualta. <\/p>\n\n\n\n<p><a href=\"https:\/\/sey.fi\/elain-hadassa\/\">Voit saada apua my\u00f6s SEYn el\u00e4insuojeluneuvontanumerosta \u2192 09 3158 6580 (pvm\/mpm).<\/a><\/p>\n\n\n\n<p>\u00c4l\u00e4 ota el\u00e4int\u00e4 kiinni, ellet ole t\u00e4ysin varma, ett\u00e4 se tarvitsee apua. K\u00e4yt\u00e4 kiinniottoon aina hansikkaita, ja ota varsinkin poikasten kohdalla huomioon, ett\u00e4 emo voi hyl\u00e4t\u00e4 poikasen.<\/p>\n\n\n\n<p>Jos kuljetat el\u00e4int\u00e4, pid\u00e4 se erill\u00e4\u00e4n muista el\u00e4imist\u00e4 ja ihmisist\u00e4. Voit k\u00e4ytt\u00e4\u00e4 laatikkoa my\u00f6s kuljetukseen.<\/p>\n\n\n\n<h2 class=\"wp-block-heading\">L\u00f6ysin kuolleen luonnonvaraisen el\u00e4imen. Miten toimin?<\/h2>\n\n\n\n<p>Kuollutta rauhoitettua el\u00e4int\u00e4 ei saa ottaa haltuun. <strong><a href=\"https:\/\/www.ymparisto.fi\/fi-FI\/Asiointi_luvat_ja_ymparistovaikutusten_arviointi\/Kansalaishavainnot\/Loukkaantuneet_ja_kuolleet_elaimet__toimintaohjeita\" target=\"_blank\" rel=\"noreferrer noopener nofollow\">Lis\u00e4\u00e4 ohjeita kuolleen el\u00e4imen kanssa toimimiseen l\u00f6yd\u00e4t Ymp\u00e4rist\u00f6hallinnon sivuilta<\/a><\/strong>.<\/p>\n","protected":false},"excerpt":{"rendered":"<p>Mitk\u00e4 el\u00e4imet h\u00e4iriintyv\u00e4t ihmisen hajusta? Sit\u00e4, mitk\u00e4 el\u00e4imet h\u00e4iriintyv\u00e4t ihmisen kosketuksellaan el\u00e4imeen j\u00e4tt\u00e4m\u00e4st\u00e4 hajusta ja mitk\u00e4 eiv\u00e4t, ei voi yksioikoisesti m\u00e4\u00e4ritell\u00e4. L\u00e4ht\u00f6kohtaisesti jokaisen luonnonel\u00e4imen koskettelua tulisi v\u00e4ltt\u00e4\u00e4, ja jos koskettaminen esimerkiksi el\u00e4imen siirt\u00e4misen takia on v\u00e4ltt\u00e4m\u00e4t\u00f6nt\u00e4, tulisi se tehd\u00e4 aina hansikkaat k\u00e4dess\u00e4 ja k\u00e4ytt\u00e4en siirt\u00e4miseen luonnonmateriaalia, esimerkiksi ruohotuppoja tai sammalta. Hansikkaat on hyv\u00e4 olla oman [&hellip;]<\/p>\n","protected":false},"author":41,"featured_media":398,"parent":251,"menu_order":1,"comment_status":"closed","ping_status":"closed","template":"","meta":{"_acf_changed":false,"footnotes":""},"class_list":["post-397","page","type-page","status-publish","has-post-thumbnail","hentry"],"acf":[],"yoast_head":"<!-- This site is optimized with the Yoast SEO plugin v27.1.1 - https:\/\/yoast.com\/product\/yoast-seo-wordpress\/ -->\n<title>El\u00e4inten hoito ja kiinniotto - Luonnonel\u00e4imet<\/title>\n<meta name=\"description\" content=\"L\u00e4ht\u00f6kohtaisesti jokaisen luonnonel\u00e4imen koskettelua tulisi v\u00e4ltt\u00e4\u00e4. Jos kiinniotto on v\u00e4ltt\u00e4m\u00e4t\u00f6nt\u00e4, tulisi se tehd\u00e4 hyvin varovasti.\" \/>\n<meta name=\"robots\" content=\"index, follow, max-snippet:-1, max-image-preview:large, max-video-preview:-1\" \/>\n<link rel=\"canonical\" href=\"https:\/\/sey.fi\/luonnonelaimet\/usein-kysyttya-luonnonelaimista\/elainten-hoito-ja-kiinniotto\/\" \/>\n<meta property=\"og:locale\" content=\"fi_FI\" \/>\n<meta property=\"og:type\" content=\"article\" \/>\n<meta property=\"og:title\" content=\"El\u00e4inten hoito ja kiinniotto - Luonnonel\u00e4imet\" \/>\n<meta property=\"og:description\" content=\"L\u00e4ht\u00f6kohtaisesti jokaisen luonnonel\u00e4imen koskettelua tulisi v\u00e4ltt\u00e4\u00e4. Jos kiinniotto on v\u00e4ltt\u00e4m\u00e4t\u00f6nt\u00e4, tulisi se tehd\u00e4 hyvin varovasti.\" \/>\n<meta property=\"og:url\" content=\"https:\/\/sey.fi\/luonnonelaimet\/usein-kysyttya-luonnonelaimista\/elainten-hoito-ja-kiinniotto\/\" \/>\n<meta property=\"og:site_name\" content=\"Luonnonel\u00e4imet\" \/>\n<meta property=\"article:modified_time\" content=\"2025-06-11T11:15:45+00:00\" \/>\n<meta property=\"og:image\" content=\"https:\/\/sey.fi\/wp-content\/uploads\/sites\/49\/2023\/01\/orava-poikanen-hoiva-Alexas-fotos-Pexels.jpg\" \/>\n\t<meta property=\"og:image:width\" content=\"1280\" \/>\n\t<meta property=\"og:image:height\" content=\"640\" \/>\n\t<meta property=\"og:image:type\" content=\"image\/jpeg\" \/>\n<meta name=\"twitter:card\" content=\"summary_large_image\" \/>\n<meta name=\"twitter:label1\" content=\"Arvioitu lukuaika\" \/>\n\t<meta name=\"twitter:data1\" content=\"3 minuuttia\" \/>\n<script type=\"application\/ld+json\" class=\"yoast-schema-graph\">{\"@context\":\"https:\/\/schema.org\",\"@graph\":[{\"@type\":\"WebPage\",\"@id\":\"https:\/\/sey.fi\/luonnonelaimet\/usein-kysyttya-luonnonelaimista\/elainten-hoito-ja-kiinniotto\/\",\"url\":\"https:\/\/sey.fi\/luonnonelaimet\/usein-kysyttya-luonnonelaimista\/elainten-hoito-ja-kiinniotto\/\",\"name\":\"El\u00e4inten hoito ja kiinniotto - Luonnonel\u00e4imet\",\"isPartOf\":{\"@id\":\"https:\/\/sey.fi\/luonnonelaimet\/#website\"},\"primaryImageOfPage\":{\"@id\":\"https:\/\/sey.fi\/luonnonelaimet\/usein-kysyttya-luonnonelaimista\/elainten-hoito-ja-kiinniotto\/#primaryimage\"},\"image\":{\"@id\":\"https:\/\/sey.fi\/luonnonelaimet\/usein-kysyttya-luonnonelaimista\/elainten-hoito-ja-kiinniotto\/#primaryimage\"},\"thumbnailUrl\":\"https:\/\/sey.fi\/wp-content\/uploads\/sites\/49\/2023\/01\/orava-poikanen-hoiva-Alexas-fotos-Pexels.jpg\",\"datePublished\":\"2023-01-26T19:40:38+00:00\",\"dateModified\":\"2025-06-11T11:15:45+00:00\",\"description\":\"L\u00e4ht\u00f6kohtaisesti jokaisen luonnonel\u00e4imen koskettelua tulisi v\u00e4ltt\u00e4\u00e4. Jos kiinniotto on v\u00e4ltt\u00e4m\u00e4t\u00f6nt\u00e4, tulisi se tehd\u00e4 hyvin varovasti.\",\"breadcrumb\":{\"@id\":\"https:\/\/sey.fi\/luonnonelaimet\/usein-kysyttya-luonnonelaimista\/elainten-hoito-ja-kiinniotto\/#breadcrumb\"},\"inLanguage\":\"fi\",\"potentialAction\":[{\"@type\":\"ReadAction\",\"target\":[\"https:\/\/sey.fi\/luonnonelaimet\/usein-kysyttya-luonnonelaimista\/elainten-hoito-ja-kiinniotto\/\"]}]},{\"@type\":\"ImageObject\",\"inLanguage\":\"fi\",\"@id\":\"https:\/\/sey.fi\/luonnonelaimet\/usein-kysyttya-luonnonelaimista\/elainten-hoito-ja-kiinniotto\/#primaryimage\",\"url\":\"https:\/\/sey.fi\/wp-content\/uploads\/sites\/49\/2023\/01\/orava-poikanen-hoiva-Alexas-fotos-Pexels.jpg\",\"contentUrl\":\"https:\/\/sey.fi\/wp-content\/uploads\/sites\/49\/2023\/01\/orava-poikanen-hoiva-Alexas-fotos-Pexels.jpg\",\"width\":1280,\"height\":640,\"caption\":\"Ihminen juottaa oravanpoikasta ruiskulla.\"},{\"@type\":\"BreadcrumbList\",\"@id\":\"https:\/\/sey.fi\/luonnonelaimet\/usein-kysyttya-luonnonelaimista\/elainten-hoito-ja-kiinniotto\/#breadcrumb\",\"itemListElement\":[{\"@type\":\"ListItem\",\"position\":1,\"name\":\"Home\",\"item\":\"https:\/\/sey.fi\/luonnonelaimet\/\"},{\"@type\":\"ListItem\",\"position\":2,\"name\":\"Usein kysytty\u00e4 luonnonel\u00e4imist\u00e4\",\"item\":\"https:\/\/sey.fi\/luonnonelaimet\/usein-kysyttya-luonnonelaimista\/\"},{\"@type\":\"ListItem\",\"position\":3,\"name\":\"El\u00e4inten hoito ja kiinniotto\"}]},{\"@type\":\"WebSite\",\"@id\":\"https:\/\/sey.fi\/luonnonelaimet\/#website\",\"url\":\"https:\/\/sey.fi\/luonnonelaimet\/\",\"name\":\"Luonnonel\u00e4imet\",\"description\":\"Uusi SEY J\u00e4senyhdistykset -sivusto\",\"potentialAction\":[{\"@type\":\"SearchAction\",\"target\":{\"@type\":\"EntryPoint\",\"urlTemplate\":\"https:\/\/sey.fi\/luonnonelaimet\/?s={search_term_string}\"},\"query-input\":{\"@type\":\"PropertyValueSpecification\",\"valueRequired\":true,\"valueName\":\"search_term_string\"}}],\"inLanguage\":\"fi\"}]}<\/script>\n<!-- \/ Yoast SEO plugin. -->","yoast_head_json":{"title":"El\u00e4inten hoito ja kiinniotto - Luonnonel\u00e4imet","description":"L\u00e4ht\u00f6kohtaisesti jokaisen luonnonel\u00e4imen koskettelua tulisi v\u00e4ltt\u00e4\u00e4. Jos kiinniotto on v\u00e4ltt\u00e4m\u00e4t\u00f6nt\u00e4, tulisi se tehd\u00e4 hyvin varovasti.","robots":{"index":"index","follow":"follow","max-snippet":"max-snippet:-1","max-image-preview":"max-image-preview:large","max-video-preview":"max-video-preview:-1"},"canonical":"https:\/\/sey.fi\/luonnonelaimet\/usein-kysyttya-luonnonelaimista\/elainten-hoito-ja-kiinniotto\/","og_locale":"fi_FI","og_type":"article","og_title":"El\u00e4inten hoito ja kiinniotto - Luonnonel\u00e4imet","og_description":"L\u00e4ht\u00f6kohtaisesti jokaisen luonnonel\u00e4imen koskettelua tulisi v\u00e4ltt\u00e4\u00e4. Jos kiinniotto on v\u00e4ltt\u00e4m\u00e4t\u00f6nt\u00e4, tulisi se tehd\u00e4 hyvin varovasti.","og_url":"https:\/\/sey.fi\/luonnonelaimet\/usein-kysyttya-luonnonelaimista\/elainten-hoito-ja-kiinniotto\/","og_site_name":"Luonnonel\u00e4imet","article_modified_time":"2025-06-11T11:15:45+00:00","og_image":[{"width":1280,"height":640,"url":"https:\/\/sey.fi\/wp-content\/uploads\/sites\/49\/2023\/01\/orava-poikanen-hoiva-Alexas-fotos-Pexels.jpg","type":"image\/jpeg"}],"twitter_card":"summary_large_image","twitter_misc":{"Arvioitu lukuaika":"3 minuuttia"},"schema":{"@context":"https:\/\/schema.org","@graph":[{"@type":"WebPage","@id":"https:\/\/sey.fi\/luonnonelaimet\/usein-kysyttya-luonnonelaimista\/elainten-hoito-ja-kiinniotto\/","url":"https:\/\/sey.fi\/luonnonelaimet\/usein-kysyttya-luonnonelaimista\/elainten-hoito-ja-kiinniotto\/","name":"El\u00e4inten hoito ja kiinniotto - Luonnonel\u00e4imet","isPartOf":{"@id":"https:\/\/sey.fi\/luonnonelaimet\/#website"},"primaryImageOfPage":{"@id":"https:\/\/sey.fi\/luonnonelaimet\/usein-kysyttya-luonnonelaimista\/elainten-hoito-ja-kiinniotto\/#primaryimage"},"image":{"@id":"https:\/\/sey.fi\/luonnonelaimet\/usein-kysyttya-luonnonelaimista\/elainten-hoito-ja-kiinniotto\/#primaryimage"},"thumbnailUrl":"https:\/\/sey.fi\/wp-content\/uploads\/sites\/49\/2023\/01\/orava-poikanen-hoiva-Alexas-fotos-Pexels.jpg","datePublished":"2023-01-26T19:40:38+00:00","dateModified":"2025-06-11T11:15:45+00:00","description":"L\u00e4ht\u00f6kohtaisesti jokaisen luonnonel\u00e4imen koskettelua tulisi v\u00e4ltt\u00e4\u00e4. Jos kiinniotto on v\u00e4ltt\u00e4m\u00e4t\u00f6nt\u00e4, tulisi se tehd\u00e4 hyvin varovasti.","breadcrumb":{"@id":"https:\/\/sey.fi\/luonnonelaimet\/usein-kysyttya-luonnonelaimista\/elainten-hoito-ja-kiinniotto\/#breadcrumb"},"inLanguage":"fi","potentialAction":[{"@type":"ReadAction","target":["https:\/\/sey.fi\/luonnonelaimet\/usein-kysyttya-luonnonelaimista\/elainten-hoito-ja-kiinniotto\/"]}]},{"@type":"ImageObject","inLanguage":"fi","@id":"https:\/\/sey.fi\/luonnonelaimet\/usein-kysyttya-luonnonelaimista\/elainten-hoito-ja-kiinniotto\/#primaryimage","url":"https:\/\/sey.fi\/wp-content\/uploads\/sites\/49\/2023\/01\/orava-poikanen-hoiva-Alexas-fotos-Pexels.jpg","contentUrl":"https:\/\/sey.fi\/wp-content\/uploads\/sites\/49\/2023\/01\/orava-poikanen-hoiva-Alexas-fotos-Pexels.jpg","width":1280,"height":640,"caption":"Ihminen juottaa oravanpoikasta ruiskulla."},{"@type":"BreadcrumbList","@id":"https:\/\/sey.fi\/luonnonelaimet\/usein-kysyttya-luonnonelaimista\/elainten-hoito-ja-kiinniotto\/#breadcrumb","itemListElement":[{"@type":"ListItem","position":1,"name":"Home","item":"https:\/\/sey.fi\/luonnonelaimet\/"},{"@type":"ListItem","position":2,"name":"Usein kysytty\u00e4 luonnonel\u00e4imist\u00e4","item":"https:\/\/sey.fi\/luonnonelaimet\/usein-kysyttya-luonnonelaimista\/"},{"@type":"ListItem","position":3,"name":"El\u00e4inten hoito ja kiinniotto"}]},{"@type":"WebSite","@id":"https:\/\/sey.fi\/luonnonelaimet\/#website","url":"https:\/\/sey.fi\/luonnonelaimet\/","name":"Luonnonel\u00e4imet","description":"Uusi SEY J\u00e4senyhdistykset -sivusto","potentialAction":[{"@type":"SearchAction","target":{"@type":"EntryPoint","urlTemplate":"https:\/\/sey.fi\/luonnonelaimet\/?s={search_term_string}"},"query-input":{"@type":"PropertyValueSpecification","valueRequired":true,"valueName":"search_term_string"}}],"inLanguage":"fi"}]}},"_links":{"self":[{"href":"https:\/\/sey.fi\/luonnonelaimet\/wp-json\/wp\/v2\/pages\/397","targetHints":{"allow":["GET"]}}],"collection":[{"href":"https:\/\/sey.fi\/luonnonelaimet\/wp-json\/wp\/v2\/pages"}],"about":[{"href":"https:\/\/sey.fi\/luonnonelaimet\/wp-json\/wp\/v2\/types\/page"}],"author":[{"embeddable":true,"href":"https:\/\/sey.fi\/luonnonelaimet\/wp-json\/wp\/v2\/users\/41"}],"replies":[{"embeddable":true,"href":"https:\/\/sey.fi\/luonnonelaimet\/wp-json\/wp\/v2\/comments?post=397"}],"version-history":[{"count":3,"href":"https:\/\/sey.fi\/luonnonelaimet\/wp-json\/wp\/v2\/pages\/397\/revisions"}],"predecessor-version":[{"id":630,"href":"https:\/\/sey.fi\/luonnonelaimet\/wp-json\/wp\/v2\/pages\/397\/revisions\/630"}],"up":[{"embeddable":true,"href":"https:\/\/sey.fi\/luonnonelaimet\/wp-json\/wp\/v2\/pages\/251"}],"wp:featuredmedia":[{"embeddable":true,"href":"https:\/\/sey.fi\/luonnonelaimet\/wp-json\/wp\/v2\/media\/398"}],"wp:attachment":[{"href":"https:\/\/sey.fi\/luonnonelaimet\/wp-json\/wp\/v2\/media?parent=397"}],"curies":[{"name":"wp","href":"https:\/\/api.w.org\/{rel}","templated":true}]}}