{"id":402,"date":"2023-01-26T21:43:16","date_gmt":"2023-01-26T19:43:16","guid":{"rendered":"https:\/\/sey.fi\/luonnonelaimet\/?page_id=402"},"modified":"2026-02-13T20:31:06","modified_gmt":"2026-02-13T18:31:06","slug":"muuta-hyodyllista-tietoa","status":"publish","type":"page","link":"https:\/\/sey.fi\/luonnonelaimet\/usein-kysyttya-luonnonelaimista\/muuta-hyodyllista-tietoa\/","title":{"rendered":"Muuta hy\u00f6dyllist\u00e4 tietoa"},"content":{"rendered":"\n<p class=\"has-text-align-right has-small-font-size\"><em>Kuva: Laura H. Forsstr\u00f6m<\/em><\/p>\n\n\n\n<ul id=\"block-4bb1a782-b63a-42f5-bf63-1a3ff626bd92\" class=\"wp-block-list\">\n<li><a href=\"https:\/\/sey.fi\/elain-hadassa\/\"><strong>El\u00e4in h\u00e4d\u00e4ss\u00e4? Tutustu ohjeisiin SEYn verkkosivuilla<\/a><\/strong><\/li>\n\n\n\n<li><strong><a href=\"https:\/\/www.elaintieto.fi\/reports\/elainten-hyvinvointi-suomessa-raportti-julkaistaan-osissa-vuoden-2021-aikana\/luonnonvaraisten-elainten-hyvinvointi\/\" target=\"_blank\" rel=\"noreferrer noopener\">Luonnonvaraisten el\u00e4inten hyvinvointi &#8211; El\u00e4intieto.fi (elaintieto.fi)<\/a><\/strong><\/li>\n\n\n\n<li><strong><a href=\"https:\/\/www.ymparisto.fi\/fi-fi\/asiointi_luvat_ja_ymparistovaikutusten_arviointi\/Kansalaishavainnot\/Loukkaantuneet_ja_kuolleet_elaimet__toimintaohjeita\" target=\"_blank\" rel=\"noreferrer noopener\">Ymparisto.fi: Sairaat, loukkaantuneet ja kuolleet el\u00e4imet<\/a><\/strong><\/li>\n\n\n\n<li><strong><a href=\"https:\/\/riista.fi\/riistatalous\/kuolleena-loytyneet-riistaelaimet-omistusoikeudet-ja-ohje-kasittelyyn\/\" target=\"_blank\" rel=\"noreferrer noopener\">Riista.fi: Kuolleena l\u00f6ytyneet riistael\u00e4imet<\/a><\/strong><\/li>\n\n\n\n<li><strong><a href=\"https:\/\/112.fi\/elain-hadassa\" target=\"_blank\" rel=\"noreferrer noopener\">El\u00e4in h\u00e4d\u00e4ss\u00e4 &#8211; milloin soitat 112? &#8211; H\u00e4t\u00e4keskuslaitos<\/a><\/strong><\/li>\n\n\n\n<li><strong><a href=\"https:\/\/pelastustoimi.fi\/koti-ja-arki\/hatatilanne\/apua-elaimelle\" target=\"_blank\" rel=\"noreferrer noopener\">Apua el\u00e4imelle | Pelastustoimi<\/a><\/strong><\/li>\n\n\n\n<li><strong><a href=\"https:\/\/www.ymparisto.fi\/fi-FI\/Asiointi_luvat_ja_ymparistovaikutusten_arviointi\/Kansalaishavainnot\/Loukkaantuneet_ja_kuolleet_elaimet__toimintaohjeita\" target=\"_blank\" rel=\"noreferrer noopener\">Sairaat, loukkaantuneet ja kuolleet el\u00e4imet \u2013 Ymp\u00e4rist\u00f6hallinnon verkkopalvelu<\/a><\/strong><\/li>\n<\/ul>\n","protected":false},"excerpt":{"rendered":"<p>Kuva: Laura H. Forsstr\u00f6m<\/p>\n","protected":false},"author":41,"featured_media":405,"parent":251,"menu_order":1,"comment_status":"closed","ping_status":"closed","template":"","meta":{"_acf_changed":false,"footnotes":""},"class_list":["post-402","page","type-page","status-publish","has-post-thumbnail","hentry"],"acf":[],"yoast_head":"<!-- This site is optimized with the Yoast SEO plugin v27.1.1 - https:\/\/yoast.com\/product\/yoast-seo-wordpress\/ -->\n<title>Muuta hy\u00f6dyllist\u00e4 tietoa - Luonnonel\u00e4imet<\/title>\n<meta name=\"description\" content=\"Kokosimme linkit luonnonel\u00e4inten auttamisen varalta. Lue lis\u00e4\u00e4 n\u00e4ilt\u00e4 sivustoilta.\" \/>\n<meta name=\"robots\" content=\"index, follow, max-snippet:-1, max-image-preview:large, max-video-preview:-1\" \/>\n<link rel=\"canonical\" href=\"https:\/\/sey.fi\/luonnonelaimet\/usein-kysyttya-luonnonelaimista\/muuta-hyodyllista-tietoa\/\" \/>\n<meta property=\"og:locale\" content=\"fi_FI\" \/>\n<meta property=\"og:type\" content=\"article\" \/>\n<meta property=\"og:title\" content=\"Muuta hy\u00f6dyllist\u00e4 tietoa - Luonnonel\u00e4imet\" \/>\n<meta property=\"og:description\" content=\"Kokosimme linkit luonnonel\u00e4inten auttamisen varalta. Lue lis\u00e4\u00e4 n\u00e4ilt\u00e4 sivustoilta.\" \/>\n<meta property=\"og:url\" content=\"https:\/\/sey.fi\/luonnonelaimet\/usein-kysyttya-luonnonelaimista\/muuta-hyodyllista-tietoa\/\" \/>\n<meta property=\"og:site_name\" content=\"Luonnonel\u00e4imet\" \/>\n<meta property=\"article:modified_time\" content=\"2026-02-13T18:31:06+00:00\" \/>\n<meta property=\"og:image\" content=\"https:\/\/sey.fi\/wp-content\/uploads\/sites\/49\/2023\/01\/Kyhmyjoutsenen-poikanen-2_laura_h_forsstrom.jpg\" \/>\n\t<meta property=\"og:image:width\" content=\"1280\" \/>\n\t<meta property=\"og:image:height\" content=\"640\" \/>\n\t<meta property=\"og:image:type\" content=\"image\/jpeg\" \/>\n<meta name=\"twitter:card\" content=\"summary_large_image\" \/>\n<meta name=\"twitter:label1\" content=\"Arvioitu lukuaika\" \/>\n\t<meta name=\"twitter:data1\" content=\"1 minuutti\" \/>\n<script type=\"application\/ld+json\" class=\"yoast-schema-graph\">{\"@context\":\"https:\/\/schema.org\",\"@graph\":[{\"@type\":\"WebPage\",\"@id\":\"https:\/\/sey.fi\/luonnonelaimet\/usein-kysyttya-luonnonelaimista\/muuta-hyodyllista-tietoa\/\",\"url\":\"https:\/\/sey.fi\/luonnonelaimet\/usein-kysyttya-luonnonelaimista\/muuta-hyodyllista-tietoa\/\",\"name\":\"Muuta hy\u00f6dyllist\u00e4 tietoa - Luonnonel\u00e4imet\",\"isPartOf\":{\"@id\":\"https:\/\/sey.fi\/luonnonelaimet\/#website\"},\"primaryImageOfPage\":{\"@id\":\"https:\/\/sey.fi\/luonnonelaimet\/usein-kysyttya-luonnonelaimista\/muuta-hyodyllista-tietoa\/#primaryimage\"},\"image\":{\"@id\":\"https:\/\/sey.fi\/luonnonelaimet\/usein-kysyttya-luonnonelaimista\/muuta-hyodyllista-tietoa\/#primaryimage\"},\"thumbnailUrl\":\"https:\/\/sey.fi\/wp-content\/uploads\/sites\/49\/2023\/01\/Kyhmyjoutsenen-poikanen-2_laura_h_forsstrom.jpg\",\"datePublished\":\"2023-01-26T19:43:16+00:00\",\"dateModified\":\"2026-02-13T18:31:06+00:00\",\"description\":\"Kokosimme linkit luonnonel\u00e4inten auttamisen varalta. Lue lis\u00e4\u00e4 n\u00e4ilt\u00e4 sivustoilta.\",\"breadcrumb\":{\"@id\":\"https:\/\/sey.fi\/luonnonelaimet\/usein-kysyttya-luonnonelaimista\/muuta-hyodyllista-tietoa\/#breadcrumb\"},\"inLanguage\":\"fi\",\"potentialAction\":[{\"@type\":\"ReadAction\",\"target\":[\"https:\/\/sey.fi\/luonnonelaimet\/usein-kysyttya-luonnonelaimista\/muuta-hyodyllista-tietoa\/\"]}]},{\"@type\":\"ImageObject\",\"inLanguage\":\"fi\",\"@id\":\"https:\/\/sey.fi\/luonnonelaimet\/usein-kysyttya-luonnonelaimista\/muuta-hyodyllista-tietoa\/#primaryimage\",\"url\":\"https:\/\/sey.fi\/wp-content\/uploads\/sites\/49\/2023\/01\/Kyhmyjoutsenen-poikanen-2_laura_h_forsstrom.jpg\",\"contentUrl\":\"https:\/\/sey.fi\/wp-content\/uploads\/sites\/49\/2023\/01\/Kyhmyjoutsenen-poikanen-2_laura_h_forsstrom.jpg\",\"width\":1280,\"height\":640,\"caption\":\"Kuva: Laura H. Forsstr\u00f6m\"},{\"@type\":\"BreadcrumbList\",\"@id\":\"https:\/\/sey.fi\/luonnonelaimet\/usein-kysyttya-luonnonelaimista\/muuta-hyodyllista-tietoa\/#breadcrumb\",\"itemListElement\":[{\"@type\":\"ListItem\",\"position\":1,\"name\":\"Home\",\"item\":\"https:\/\/sey.fi\/luonnonelaimet\/\"},{\"@type\":\"ListItem\",\"position\":2,\"name\":\"Usein kysytty\u00e4 luonnonel\u00e4imist\u00e4\",\"item\":\"https:\/\/sey.fi\/luonnonelaimet\/usein-kysyttya-luonnonelaimista\/\"},{\"@type\":\"ListItem\",\"position\":3,\"name\":\"Muuta hy\u00f6dyllist\u00e4 tietoa\"}]},{\"@type\":\"WebSite\",\"@id\":\"https:\/\/sey.fi\/luonnonelaimet\/#website\",\"url\":\"https:\/\/sey.fi\/luonnonelaimet\/\",\"name\":\"Luonnonel\u00e4imet\",\"description\":\"Uusi SEY J\u00e4senyhdistykset -sivusto\",\"potentialAction\":[{\"@type\":\"SearchAction\",\"target\":{\"@type\":\"EntryPoint\",\"urlTemplate\":\"https:\/\/sey.fi\/luonnonelaimet\/?s={search_term_string}\"},\"query-input\":{\"@type\":\"PropertyValueSpecification\",\"valueRequired\":true,\"valueName\":\"search_term_string\"}}],\"inLanguage\":\"fi\"}]}<\/script>\n<!-- \/ Yoast SEO plugin. -->","yoast_head_json":{"title":"Muuta hy\u00f6dyllist\u00e4 tietoa - Luonnonel\u00e4imet","description":"Kokosimme linkit luonnonel\u00e4inten auttamisen varalta. Lue lis\u00e4\u00e4 n\u00e4ilt\u00e4 sivustoilta.","robots":{"index":"index","follow":"follow","max-snippet":"max-snippet:-1","max-image-preview":"max-image-preview:large","max-video-preview":"max-video-preview:-1"},"canonical":"https:\/\/sey.fi\/luonnonelaimet\/usein-kysyttya-luonnonelaimista\/muuta-hyodyllista-tietoa\/","og_locale":"fi_FI","og_type":"article","og_title":"Muuta hy\u00f6dyllist\u00e4 tietoa - Luonnonel\u00e4imet","og_description":"Kokosimme linkit luonnonel\u00e4inten auttamisen varalta. Lue lis\u00e4\u00e4 n\u00e4ilt\u00e4 sivustoilta.","og_url":"https:\/\/sey.fi\/luonnonelaimet\/usein-kysyttya-luonnonelaimista\/muuta-hyodyllista-tietoa\/","og_site_name":"Luonnonel\u00e4imet","article_modified_time":"2026-02-13T18:31:06+00:00","og_image":[{"width":1280,"height":640,"url":"https:\/\/sey.fi\/wp-content\/uploads\/sites\/49\/2023\/01\/Kyhmyjoutsenen-poikanen-2_laura_h_forsstrom.jpg","type":"image\/jpeg"}],"twitter_card":"summary_large_image","twitter_misc":{"Arvioitu lukuaika":"1 minuutti"},"schema":{"@context":"https:\/\/schema.org","@graph":[{"@type":"WebPage","@id":"https:\/\/sey.fi\/luonnonelaimet\/usein-kysyttya-luonnonelaimista\/muuta-hyodyllista-tietoa\/","url":"https:\/\/sey.fi\/luonnonelaimet\/usein-kysyttya-luonnonelaimista\/muuta-hyodyllista-tietoa\/","name":"Muuta hy\u00f6dyllist\u00e4 tietoa - Luonnonel\u00e4imet","isPartOf":{"@id":"https:\/\/sey.fi\/luonnonelaimet\/#website"},"primaryImageOfPage":{"@id":"https:\/\/sey.fi\/luonnonelaimet\/usein-kysyttya-luonnonelaimista\/muuta-hyodyllista-tietoa\/#primaryimage"},"image":{"@id":"https:\/\/sey.fi\/luonnonelaimet\/usein-kysyttya-luonnonelaimista\/muuta-hyodyllista-tietoa\/#primaryimage"},"thumbnailUrl":"https:\/\/sey.fi\/wp-content\/uploads\/sites\/49\/2023\/01\/Kyhmyjoutsenen-poikanen-2_laura_h_forsstrom.jpg","datePublished":"2023-01-26T19:43:16+00:00","dateModified":"2026-02-13T18:31:06+00:00","description":"Kokosimme linkit luonnonel\u00e4inten auttamisen varalta. Lue lis\u00e4\u00e4 n\u00e4ilt\u00e4 sivustoilta.","breadcrumb":{"@id":"https:\/\/sey.fi\/luonnonelaimet\/usein-kysyttya-luonnonelaimista\/muuta-hyodyllista-tietoa\/#breadcrumb"},"inLanguage":"fi","potentialAction":[{"@type":"ReadAction","target":["https:\/\/sey.fi\/luonnonelaimet\/usein-kysyttya-luonnonelaimista\/muuta-hyodyllista-tietoa\/"]}]},{"@type":"ImageObject","inLanguage":"fi","@id":"https:\/\/sey.fi\/luonnonelaimet\/usein-kysyttya-luonnonelaimista\/muuta-hyodyllista-tietoa\/#primaryimage","url":"https:\/\/sey.fi\/wp-content\/uploads\/sites\/49\/2023\/01\/Kyhmyjoutsenen-poikanen-2_laura_h_forsstrom.jpg","contentUrl":"https:\/\/sey.fi\/wp-content\/uploads\/sites\/49\/2023\/01\/Kyhmyjoutsenen-poikanen-2_laura_h_forsstrom.jpg","width":1280,"height":640,"caption":"Kuva: Laura H. Forsstr\u00f6m"},{"@type":"BreadcrumbList","@id":"https:\/\/sey.fi\/luonnonelaimet\/usein-kysyttya-luonnonelaimista\/muuta-hyodyllista-tietoa\/#breadcrumb","itemListElement":[{"@type":"ListItem","position":1,"name":"Home","item":"https:\/\/sey.fi\/luonnonelaimet\/"},{"@type":"ListItem","position":2,"name":"Usein kysytty\u00e4 luonnonel\u00e4imist\u00e4","item":"https:\/\/sey.fi\/luonnonelaimet\/usein-kysyttya-luonnonelaimista\/"},{"@type":"ListItem","position":3,"name":"Muuta hy\u00f6dyllist\u00e4 tietoa"}]},{"@type":"WebSite","@id":"https:\/\/sey.fi\/luonnonelaimet\/#website","url":"https:\/\/sey.fi\/luonnonelaimet\/","name":"Luonnonel\u00e4imet","description":"Uusi SEY J\u00e4senyhdistykset -sivusto","potentialAction":[{"@type":"SearchAction","target":{"@type":"EntryPoint","urlTemplate":"https:\/\/sey.fi\/luonnonelaimet\/?s={search_term_string}"},"query-input":{"@type":"PropertyValueSpecification","valueRequired":true,"valueName":"search_term_string"}}],"inLanguage":"fi"}]}},"_links":{"self":[{"href":"https:\/\/sey.fi\/luonnonelaimet\/wp-json\/wp\/v2\/pages\/402","targetHints":{"allow":["GET"]}}],"collection":[{"href":"https:\/\/sey.fi\/luonnonelaimet\/wp-json\/wp\/v2\/pages"}],"about":[{"href":"https:\/\/sey.fi\/luonnonelaimet\/wp-json\/wp\/v2\/types\/page"}],"author":[{"embeddable":true,"href":"https:\/\/sey.fi\/luonnonelaimet\/wp-json\/wp\/v2\/users\/41"}],"replies":[{"embeddable":true,"href":"https:\/\/sey.fi\/luonnonelaimet\/wp-json\/wp\/v2\/comments?post=402"}],"version-history":[{"count":7,"href":"https:\/\/sey.fi\/luonnonelaimet\/wp-json\/wp\/v2\/pages\/402\/revisions"}],"predecessor-version":[{"id":738,"href":"https:\/\/sey.fi\/luonnonelaimet\/wp-json\/wp\/v2\/pages\/402\/revisions\/738"}],"up":[{"embeddable":true,"href":"https:\/\/sey.fi\/luonnonelaimet\/wp-json\/wp\/v2\/pages\/251"}],"wp:featuredmedia":[{"embeddable":true,"href":"https:\/\/sey.fi\/luonnonelaimet\/wp-json\/wp\/v2\/media\/405"}],"wp:attachment":[{"href":"https:\/\/sey.fi\/luonnonelaimet\/wp-json\/wp\/v2\/media?parent=402"}],"curies":[{"name":"wp","href":"https:\/\/api.w.org\/{rel}","templated":true}]}}