{"id":56,"date":"2019-12-11T10:06:49","date_gmt":"2019-12-11T08:06:49","guid":{"rendered":"http:\/\/srvr10.xetpoint.com\/~seyfi\/luonnonelaimet\/?page_id=56"},"modified":"2025-08-19T10:01:31","modified_gmt":"2025-08-19T07:01:31","slug":"janiselaimet","status":"publish","type":"page","link":"https:\/\/sey.fi\/luonnonelaimet\/janiselaimet\/","title":{"rendered":"J\u00e4nisel\u00e4imet"},"content":{"rendered":"\n<p><em>Kuva: P\u00e4ivi  Ylikorpi<\/em><\/p>\n\n\n\n<p><em><strong>J\u00e4nisten poikasten kuuluu olla koko p\u00e4iv\u00e4 yksin luonnossa.  Emo imett\u00e4\u00e4 ne vain kerran p\u00e4iv\u00e4ss\u00e4 pime\u00e4n laskeuduttua, joten emoa ei  kannata j\u00e4\u00e4d\u00e4 odottelemaan. Poikasiin ei my\u00f6sk\u00e4\u00e4n kannata kiinnitt\u00e4\u00e4  mit\u00e4\u00e4n huomiota, vaan poistua v\u00e4litt\u00f6m\u00e4sti paikalta. <\/strong><\/em><\/p>\n\n\n\n<p>Suomessa esiintyy kolme j\u00e4nisel\u00e4imiin kuuluvaa el\u00e4inlajia: rusakko, \nmets\u00e4j\u00e4nis ja villikani. Rusakko on mets\u00e4j\u00e4nist\u00e4 kookkaampi ja vahvempi.\n Se viihtyy avarilla mailla, joilta kuitenkin l\u00f6ytyy sopivia pensaikkoja\n piiloutumista varten. Mets\u00e4j\u00e4nis suosii nimens\u00e4 mukaisesti \nasuinalueenaan mets\u00e4\u00e4.<\/p>\n\n\n\n<p>Villikanikanta on saanut alkunsa 1980-luvulla heitteille j\u00e4tetyist\u00e4 \nja omistajiltaan karanneista lemmikkikaneista. Villikaneista, joita \ncitykaneiksikin toisinaan kutsutaan, suurin osa el\u00e4\u00e4 Helsingiss\u00e4, mutta \nniit\u00e4 tavataan my\u00f6s muutamissa muissa kaupungeissa.<\/p>\n\n\n\n<p>J\u00e4nikset ja kanit eroavat merkitt\u00e4v\u00e4sti elintavoiltaan. Kanit \nkaivavat laajoja ja sokkeloisia luolastoja, jotka tarjoavat niille \nsuojaa saalistajia ja kylm\u00e4\u00e4 vastaan. Luoliin kanit synnytt\u00e4v\u00e4t my\u00f6s \nkarvattomat, sokeat poikasensa, jotka l\u00e4htev\u00e4t liikkumaan pes\u00e4luolan \nulkopuolelle vasta noin kolmen viikon i\u00e4ss\u00e4.<\/p>\n\n\n\n<p>J\u00e4nikset eiv\u00e4t kaiva k\u00e4yt\u00e4vi\u00e4 tai luolia. Niiden poikasilla on \nsyntyess\u00e4\u00e4n silm\u00e4t auki, niit\u00e4 l\u00e4mmitt\u00e4\u00e4 karvapeite ja ne pystyv\u00e4t \nliikkumaan itse.<\/p>\n\n\n\n<p>J\u00e4nisel\u00e4imet ovat tehokkaita lis\u00e4\u00e4ntym\u00e4\u00e4n, ja niiden kannat ovat \nsuurimmillaan aktiivisimman lis\u00e4\u00e4ntymiskauden j\u00e4lkeen loppukes\u00e4ll\u00e4 ja \nsyksyll\u00e4. J\u00e4nisel\u00e4imet ovat t\u00e4rke\u00e4\u00e4 saalista lukuisille petoel\u00e4imille, \nniin linnuille kuin nis\u00e4kk\u00e4illekin. Petojen lis\u00e4ksi niit\u00e4 uhkaavat \nesimerkiksi taudit, loiset, mets\u00e4stys ja liikenne. Vain noin joka viides\n j\u00e4niksen- tai kaninpoikanen selviytyy hengiss\u00e4 ensimm\u00e4isest\u00e4 \nelinvuodestaan.<\/p>\n\n\n\n<h2 class=\"wp-block-heading\">J\u00e4nisten poikasiin ei saa koskea<\/h2>\n\n\n\n<p>Rusakoilla ja mets\u00e4j\u00e4niksill\u00e4 on erikoinen tapa huolehtia \npoikasistaan: poikaset ovat oman onnensa nojassa l\u00e4hes kaiken ajan. Ne \npiileskelev\u00e4t paikoillaan suojav\u00e4ritykseens\u00e4 luottaen, eiv\u00e4tk\u00e4 yleens\u00e4 \nliikahdakaan, vaikka jokin el\u00e4in tai ihminen tulisi aivan l\u00e4helle.<\/p>\n\n\n\n<p>Lyhyen aikaa syntym\u00e4ns\u00e4 j\u00e4lkeen poikaset saattavat kyyh\u00f6tt\u00e4\u00e4 ryhm\u00e4n\u00e4,\n mutta pian ne hajaantuvat tai emo siirt\u00e4\u00e4 kunkin omaan piilopaikkaansa.\n T\u00e4m\u00e4 lis\u00e4\u00e4 sen todenn\u00e4k\u00f6isyytt\u00e4, ett\u00e4 jos jokin peto l\u00f6yt\u00e4\u00e4 yhden \npoikasista, kaikki eiv\u00e4t menehdy. Poikaset alkavat sy\u00f6d\u00e4 itse \nkasviravintoa ensimm\u00e4isist\u00e4 elinp\u00e4ivist\u00e4\u00e4n alkaen.<\/p>\n\n\n\n<p>J\u00e4nisemo k\u00e4y imett\u00e4m\u00e4ss\u00e4 poikasiaan vain kerran vuorokaudessa, \nh\u00e4m\u00e4r\u00e4n jo laskeuduttua. Sen vuoksi Ihmiset p\u00e4\u00e4sev\u00e4t harvoin todistamaan\n t\u00e4t\u00e4 tapahtumaa. Moni erehtyykin luulemaan luonnossa tapaamaansa \navuttoman n\u00e4k\u00f6ist\u00e4 j\u00e4niksenpoikasta orvoksi tai hyl\u00e4tyksi. N\u00e4in ei \nkuitenkaan ole.<\/p>\n\n\n\n<p>Jos ihminen ottaa j\u00e4niksenpoikasen kasvatettavakseen, on eritt\u00e4in \ntodenn\u00e4k\u00f6ist\u00e4, ett\u00e4 poikanen menehtyy. Poikasella on herkk\u00e4 suolisto, ja\n ravinnon muutos oman emon maidosta maidonvastikkeeseen aiheuttaa usein \nel\u00e4imen menehtymiseen johtavan tulehdustilan. On paljon mahdollista, \nett\u00e4 vankeuden ja k\u00e4sittelyn aiheuttama stressi lis\u00e4\u00e4v\u00e4t suoliston \ntoiminnan h\u00e4iriintymisen todenn\u00e4k\u00f6isyytt\u00e4 entisest\u00e4\u00e4n.<\/p>\n\n\n\n<p>Koska mahdollisuudet poikasen hengiss\u00e4 selviytymiseen ihmisen \nhoivassa on hyvin pieni, kannattaa sellainenkin poikanen, johon \nesimerkiksi lapset ovat koskeneet, palauttaa l\u00f6yt\u00f6paikalle aina kun se \non mahdollista. Kaupunkiymp\u00e4rist\u00f6ss\u00e4 el\u00e4v\u00e4t luonnonel\u00e4imet ovat \ntottuneet monenlaisiin ihmisiin liittyviin \u00e4rsykkeisiin, my\u00f6s hajuihin, \neik\u00e4 emo v\u00e4ltt\u00e4m\u00e4tt\u00e4 hylk\u00e4\u00e4 poikastaan siihen tarttuneen hajun vuoksi, \nvaikka n\u00e4in usein luullaan.<\/p>\n\n\n\n<p>Jos poikanen on ollut pois luonnosta jo pitk\u00e4\u00e4n, kannattaa kysy\u00e4 \nneuvoa luonnonvaraisia el\u00e4imi\u00e4 hoitavalta taholta. Poikasta ei tule \nyritt\u00e4\u00e4 hoitaa itse, eik\u00e4 sille saa antaa tavallista maitoa tms.<\/p>\n\n\n\n<p>Luonnossa tavattu j\u00e4niksenpoikanen kannattaa aina j\u00e4tt\u00e4\u00e4 v\u00e4litt\u00f6m\u00e4sti  rauhaan. Jos ihmiset kiinnitt\u00e4v\u00e4t poikaseen huomiota ja j\u00e4\u00e4v\u00e4t vaikka  katselemaan sit\u00e4 pitk\u00e4ksi aikaa, taivaalla partioivat varislinnut  havaitsevat poikkeavan tilanteen ja voivat l\u00f6yt\u00e4\u00e4 poikasen ihmist\u00e4  tarkkailemalla.<\/p>\n\n\n\n<h2 class=\"wp-block-heading\">J\u00e4nisel\u00e4inten aiheuttamien kasvivahinkojen torjunta<\/h2>\n\n\n\n<p>J\u00e4nisel\u00e4inten hampaat ovat talttamaiset, ja ne katkaisevat \nesimerkiksi oksia helposti. Kes\u00e4isin j\u00e4nisten p\u00e4\u00e4ravintoa ovat \nruohovartiset kasvit, mutta talvisin puiden oksat, kuori ja silmut ovat \nniille t\u00e4rke\u00e4\u00e4 ravintoa. T\u00e4st\u00e4 syyst\u00e4 kaupunkiymp\u00e4rist\u00f6ss\u00e4 viihtyviin \nrusakkoihin ja villikaneihin ei useinkaan suhtauduta suopeasti.<\/p>\n\n\n\n<p>Kohteissa, joissa on erityisen arvokasta kasvillisuutta, rusakko- ja \nkanipopulaatioita on pyritty harventamaan erilaisin pyyntimenetelmin. \nNiill\u00e4 voidaan kuitenkin v\u00e4hent\u00e4\u00e4 j\u00e4nisel\u00e4inten m\u00e4\u00e4r\u00e4\u00e4 vain \nhetkellisesti, ja eritt\u00e4in tehokkaina lis\u00e4\u00e4ntyjin\u00e4 n\u00e4m\u00e4 lajit \nkasvattavat kantansa pian entiseen kokoonsa.<\/p>\n\n\n\n<p>Mets\u00e4styksen ja erilaisten pyyntimenetelmien sijaan olisikin j\u00e4rkev\u00e4\u00e4\n panostaa vahinkojen ennaltaehk\u00e4isyyn suojaamalla kasvit tai t\u00e4rke\u00e4t \nalueet verkkojen avulla sek\u00e4 est\u00e4\u00e4 kanien p\u00e4\u00e4sy esimerkiksi rakennusten \nalle.<\/p>\n\n\n\n<p>J\u00e4nisel\u00e4inten aiheuttamia kasvituhoja voi v\u00e4ltt\u00e4\u00e4 suojaamalla kasvit,\n pensaat ja puut j\u00e4nisverkolla. Etenkin nuoret kasvit ja puiden taimet \non syyt\u00e4 suojata huolellisesti. Suojaverkon tulee olla ainakin 1,2 \nmetri\u00e4 korkea, sill\u00e4 talvella lumipeite voi olla paksu ja kani p\u00e4\u00e4st\u00e4 \nsen avulla jyrsim\u00e4\u00e4n kasvia matalamman suojan yl\u00e4puolelta. Verkkoa \nvoidaan laittaa my\u00f6s maanpinnan suuntaisesti est\u00e4m\u00e4\u00e4n juurien kaivaminen\n esiin.<\/p>\n\n\n\n<p>Etenkin tihe\u00e4n kanikannan alueella on my\u00f6s j\u00e4rkev\u00e4\u00e4 valita puutarhaan kasveja, jotka eiv\u00e4t ole j\u00e4nisel\u00e4inten mieleen. Kaniinit j\u00e4tt\u00e4v\u00e4t useimmiten rauhaan muun muassa herukat, villiviinit, koivut ja lehmukset. Tarkempia ohjeita kaninpit\u00e4v\u00e4n verkotuksen tekemisest\u00e4 sek\u00e4 kasvivalinnoista l\u00f6yd\u00e4t Helsingin kaupungin rakennusviraston julkaisusta <a href=\"https:\/\/www.hel.fi\/hel2\/hkr\/julkaisut\/2010\/kaniraportti_web.pdf\">Kanit Helsingiss\u00e4<\/a>.<\/p>\n\n\n\n<h2 class=\"wp-block-heading\">Milloin j\u00e4nisel\u00e4in tarvitsee apua?<\/h2>\n\n\n\n<p>J\u00e4nisel\u00e4imet ovat onneksi harvoin ihmisen avun tarpeessa. Sek\u00e4 \naikuisten ett\u00e4 poikasten hoitaminen menestyksekk\u00e4\u00e4sti on l\u00e4hes \nmahdotonta.<\/p>\n\n\n\n<p>Jos j\u00e4nisel\u00e4in on loukkaantunut esimerkiksi liikenteess\u00e4, voi ihmisen\n apu olla tarpeen. T\u00e4ll\u00f6in tulee huolehtia siit\u00e4, ett\u00e4 el\u00e4in toimitetaan\n viipym\u00e4tt\u00e4 lopetettavaksi tai sen k\u00e4rsimykset p\u00e4\u00e4tet\u00e4\u00e4n l\u00f6yt\u00f6paikalla. \nKiinniottaminen ja kuljetus aiheuttavat j\u00e4nisel\u00e4imille voimakasta \nstressi\u00e4, jopa syd\u00e4nkohtauksen, joten kaikkea turhaa k\u00e4sittely\u00e4 tulee \nv\u00e4ltt\u00e4\u00e4.<\/p>\n","protected":false},"excerpt":{"rendered":"<p>Kuva: P\u00e4ivi Ylikorpi J\u00e4nisten poikasten kuuluu olla koko p\u00e4iv\u00e4 yksin luonnossa. Emo imett\u00e4\u00e4 ne vain kerran p\u00e4iv\u00e4ss\u00e4 pime\u00e4n laskeuduttua, joten emoa ei kannata j\u00e4\u00e4d\u00e4 odottelemaan. Poikasiin ei my\u00f6sk\u00e4\u00e4n kannata kiinnitt\u00e4\u00e4 mit\u00e4\u00e4n huomiota, vaan poistua v\u00e4litt\u00f6m\u00e4sti paikalta. Suomessa esiintyy kolme j\u00e4nisel\u00e4imiin kuuluvaa el\u00e4inlajia: rusakko, mets\u00e4j\u00e4nis ja villikani. Rusakko on mets\u00e4j\u00e4nist\u00e4 kookkaampi ja vahvempi. Se viihtyy avarilla [&hellip;]<\/p>\n","protected":false},"author":8,"featured_media":57,"parent":0,"menu_order":0,"comment_status":"closed","ping_status":"closed","template":"","meta":{"_acf_changed":false,"footnotes":""},"class_list":["post-56","page","type-page","status-publish","has-post-thumbnail","hentry"],"acf":[],"yoast_head":"<!-- This site is optimized with the Yoast SEO plugin v27.1.1 - https:\/\/yoast.com\/product\/yoast-seo-wordpress\/ -->\n<title>J\u00e4nisel\u00e4imet - Luonnonel\u00e4imet<\/title>\n<meta name=\"robots\" content=\"index, follow, max-snippet:-1, max-image-preview:large, max-video-preview:-1\" \/>\n<link rel=\"canonical\" href=\"https:\/\/sey.fi\/luonnonelaimet\/janiselaimet\/\" \/>\n<meta property=\"og:locale\" content=\"fi_FI\" \/>\n<meta property=\"og:type\" content=\"article\" \/>\n<meta property=\"og:title\" content=\"J\u00e4nisel\u00e4imet - Luonnonel\u00e4imet\" \/>\n<meta property=\"og:description\" content=\"Kuva: P\u00e4ivi Ylikorpi J\u00e4nisten poikasten kuuluu olla koko p\u00e4iv\u00e4 yksin luonnossa. Emo imett\u00e4\u00e4 ne vain kerran p\u00e4iv\u00e4ss\u00e4 pime\u00e4n laskeuduttua, joten emoa ei kannata j\u00e4\u00e4d\u00e4 odottelemaan. Poikasiin ei my\u00f6sk\u00e4\u00e4n kannata kiinnitt\u00e4\u00e4 mit\u00e4\u00e4n huomiota, vaan poistua v\u00e4litt\u00f6m\u00e4sti paikalta. Suomessa esiintyy kolme j\u00e4nisel\u00e4imiin kuuluvaa el\u00e4inlajia: rusakko, mets\u00e4j\u00e4nis ja villikani. Rusakko on mets\u00e4j\u00e4nist\u00e4 kookkaampi ja vahvempi. Se viihtyy avarilla [&hellip;]\" \/>\n<meta property=\"og:url\" content=\"https:\/\/sey.fi\/luonnonelaimet\/janiselaimet\/\" \/>\n<meta property=\"og:site_name\" content=\"Luonnonel\u00e4imet\" \/>\n<meta property=\"article:modified_time\" content=\"2025-08-19T07:01:31+00:00\" \/>\n<meta property=\"og:image\" content=\"https:\/\/sey.fi\/wp-content\/uploads\/sites\/49\/2019\/12\/rusakonpoikanen_2_psy.jpg\" \/>\n\t<meta property=\"og:image:width\" content=\"1280\" \/>\n\t<meta property=\"og:image:height\" content=\"848\" \/>\n\t<meta property=\"og:image:type\" content=\"image\/jpeg\" \/>\n<meta name=\"twitter:card\" content=\"summary_large_image\" \/>\n<meta name=\"twitter:label1\" content=\"Arvioitu lukuaika\" \/>\n\t<meta name=\"twitter:data1\" content=\"5 minuuttia\" \/>\n<script type=\"application\/ld+json\" class=\"yoast-schema-graph\">{\"@context\":\"https:\/\/schema.org\",\"@graph\":[{\"@type\":\"WebPage\",\"@id\":\"https:\/\/sey.fi\/luonnonelaimet\/janiselaimet\/\",\"url\":\"https:\/\/sey.fi\/luonnonelaimet\/janiselaimet\/\",\"name\":\"J\u00e4nisel\u00e4imet - Luonnonel\u00e4imet\",\"isPartOf\":{\"@id\":\"https:\/\/sey.fi\/luonnonelaimet\/#website\"},\"primaryImageOfPage\":{\"@id\":\"https:\/\/sey.fi\/luonnonelaimet\/janiselaimet\/#primaryimage\"},\"image\":{\"@id\":\"https:\/\/sey.fi\/luonnonelaimet\/janiselaimet\/#primaryimage\"},\"thumbnailUrl\":\"https:\/\/sey.fi\/wp-content\/uploads\/sites\/49\/2019\/12\/rusakonpoikanen_2_psy.jpg\",\"datePublished\":\"2019-12-11T08:06:49+00:00\",\"dateModified\":\"2025-08-19T07:01:31+00:00\",\"breadcrumb\":{\"@id\":\"https:\/\/sey.fi\/luonnonelaimet\/janiselaimet\/#breadcrumb\"},\"inLanguage\":\"fi\",\"potentialAction\":[{\"@type\":\"ReadAction\",\"target\":[\"https:\/\/sey.fi\/luonnonelaimet\/janiselaimet\/\"]}]},{\"@type\":\"ImageObject\",\"inLanguage\":\"fi\",\"@id\":\"https:\/\/sey.fi\/luonnonelaimet\/janiselaimet\/#primaryimage\",\"url\":\"https:\/\/sey.fi\/wp-content\/uploads\/sites\/49\/2019\/12\/rusakonpoikanen_2_psy.jpg\",\"contentUrl\":\"https:\/\/sey.fi\/wp-content\/uploads\/sites\/49\/2019\/12\/rusakonpoikanen_2_psy.jpg\",\"width\":1280,\"height\":848},{\"@type\":\"BreadcrumbList\",\"@id\":\"https:\/\/sey.fi\/luonnonelaimet\/janiselaimet\/#breadcrumb\",\"itemListElement\":[{\"@type\":\"ListItem\",\"position\":1,\"name\":\"Home\",\"item\":\"https:\/\/sey.fi\/luonnonelaimet\/\"},{\"@type\":\"ListItem\",\"position\":2,\"name\":\"J\u00e4nisel\u00e4imet\"}]},{\"@type\":\"WebSite\",\"@id\":\"https:\/\/sey.fi\/luonnonelaimet\/#website\",\"url\":\"https:\/\/sey.fi\/luonnonelaimet\/\",\"name\":\"Luonnonel\u00e4imet\",\"description\":\"Uusi SEY J\u00e4senyhdistykset -sivusto\",\"potentialAction\":[{\"@type\":\"SearchAction\",\"target\":{\"@type\":\"EntryPoint\",\"urlTemplate\":\"https:\/\/sey.fi\/luonnonelaimet\/?s={search_term_string}\"},\"query-input\":{\"@type\":\"PropertyValueSpecification\",\"valueRequired\":true,\"valueName\":\"search_term_string\"}}],\"inLanguage\":\"fi\"}]}<\/script>\n<!-- \/ Yoast SEO plugin. -->","yoast_head_json":{"title":"J\u00e4nisel\u00e4imet - Luonnonel\u00e4imet","robots":{"index":"index","follow":"follow","max-snippet":"max-snippet:-1","max-image-preview":"max-image-preview:large","max-video-preview":"max-video-preview:-1"},"canonical":"https:\/\/sey.fi\/luonnonelaimet\/janiselaimet\/","og_locale":"fi_FI","og_type":"article","og_title":"J\u00e4nisel\u00e4imet - Luonnonel\u00e4imet","og_description":"Kuva: P\u00e4ivi Ylikorpi J\u00e4nisten poikasten kuuluu olla koko p\u00e4iv\u00e4 yksin luonnossa. Emo imett\u00e4\u00e4 ne vain kerran p\u00e4iv\u00e4ss\u00e4 pime\u00e4n laskeuduttua, joten emoa ei kannata j\u00e4\u00e4d\u00e4 odottelemaan. Poikasiin ei my\u00f6sk\u00e4\u00e4n kannata kiinnitt\u00e4\u00e4 mit\u00e4\u00e4n huomiota, vaan poistua v\u00e4litt\u00f6m\u00e4sti paikalta. Suomessa esiintyy kolme j\u00e4nisel\u00e4imiin kuuluvaa el\u00e4inlajia: rusakko, mets\u00e4j\u00e4nis ja villikani. Rusakko on mets\u00e4j\u00e4nist\u00e4 kookkaampi ja vahvempi. Se viihtyy avarilla [&hellip;]","og_url":"https:\/\/sey.fi\/luonnonelaimet\/janiselaimet\/","og_site_name":"Luonnonel\u00e4imet","article_modified_time":"2025-08-19T07:01:31+00:00","og_image":[{"width":1280,"height":848,"url":"https:\/\/sey.fi\/wp-content\/uploads\/sites\/49\/2019\/12\/rusakonpoikanen_2_psy.jpg","type":"image\/jpeg"}],"twitter_card":"summary_large_image","twitter_misc":{"Arvioitu lukuaika":"5 minuuttia"},"schema":{"@context":"https:\/\/schema.org","@graph":[{"@type":"WebPage","@id":"https:\/\/sey.fi\/luonnonelaimet\/janiselaimet\/","url":"https:\/\/sey.fi\/luonnonelaimet\/janiselaimet\/","name":"J\u00e4nisel\u00e4imet - Luonnonel\u00e4imet","isPartOf":{"@id":"https:\/\/sey.fi\/luonnonelaimet\/#website"},"primaryImageOfPage":{"@id":"https:\/\/sey.fi\/luonnonelaimet\/janiselaimet\/#primaryimage"},"image":{"@id":"https:\/\/sey.fi\/luonnonelaimet\/janiselaimet\/#primaryimage"},"thumbnailUrl":"https:\/\/sey.fi\/wp-content\/uploads\/sites\/49\/2019\/12\/rusakonpoikanen_2_psy.jpg","datePublished":"2019-12-11T08:06:49+00:00","dateModified":"2025-08-19T07:01:31+00:00","breadcrumb":{"@id":"https:\/\/sey.fi\/luonnonelaimet\/janiselaimet\/#breadcrumb"},"inLanguage":"fi","potentialAction":[{"@type":"ReadAction","target":["https:\/\/sey.fi\/luonnonelaimet\/janiselaimet\/"]}]},{"@type":"ImageObject","inLanguage":"fi","@id":"https:\/\/sey.fi\/luonnonelaimet\/janiselaimet\/#primaryimage","url":"https:\/\/sey.fi\/wp-content\/uploads\/sites\/49\/2019\/12\/rusakonpoikanen_2_psy.jpg","contentUrl":"https:\/\/sey.fi\/wp-content\/uploads\/sites\/49\/2019\/12\/rusakonpoikanen_2_psy.jpg","width":1280,"height":848},{"@type":"BreadcrumbList","@id":"https:\/\/sey.fi\/luonnonelaimet\/janiselaimet\/#breadcrumb","itemListElement":[{"@type":"ListItem","position":1,"name":"Home","item":"https:\/\/sey.fi\/luonnonelaimet\/"},{"@type":"ListItem","position":2,"name":"J\u00e4nisel\u00e4imet"}]},{"@type":"WebSite","@id":"https:\/\/sey.fi\/luonnonelaimet\/#website","url":"https:\/\/sey.fi\/luonnonelaimet\/","name":"Luonnonel\u00e4imet","description":"Uusi SEY J\u00e4senyhdistykset -sivusto","potentialAction":[{"@type":"SearchAction","target":{"@type":"EntryPoint","urlTemplate":"https:\/\/sey.fi\/luonnonelaimet\/?s={search_term_string}"},"query-input":{"@type":"PropertyValueSpecification","valueRequired":true,"valueName":"search_term_string"}}],"inLanguage":"fi"}]}},"_links":{"self":[{"href":"https:\/\/sey.fi\/luonnonelaimet\/wp-json\/wp\/v2\/pages\/56","targetHints":{"allow":["GET"]}}],"collection":[{"href":"https:\/\/sey.fi\/luonnonelaimet\/wp-json\/wp\/v2\/pages"}],"about":[{"href":"https:\/\/sey.fi\/luonnonelaimet\/wp-json\/wp\/v2\/types\/page"}],"author":[{"embeddable":true,"href":"https:\/\/sey.fi\/luonnonelaimet\/wp-json\/wp\/v2\/users\/8"}],"replies":[{"embeddable":true,"href":"https:\/\/sey.fi\/luonnonelaimet\/wp-json\/wp\/v2\/comments?post=56"}],"version-history":[{"count":2,"href":"https:\/\/sey.fi\/luonnonelaimet\/wp-json\/wp\/v2\/pages\/56\/revisions"}],"predecessor-version":[{"id":658,"href":"https:\/\/sey.fi\/luonnonelaimet\/wp-json\/wp\/v2\/pages\/56\/revisions\/658"}],"wp:featuredmedia":[{"embeddable":true,"href":"https:\/\/sey.fi\/luonnonelaimet\/wp-json\/wp\/v2\/media\/57"}],"wp:attachment":[{"href":"https:\/\/sey.fi\/luonnonelaimet\/wp-json\/wp\/v2\/media?parent=56"}],"curies":[{"name":"wp","href":"https:\/\/api.w.org\/{rel}","templated":true}]}}