{"id":59,"date":"2019-12-11T10:08:40","date_gmt":"2019-12-11T08:08:40","guid":{"rendered":"http:\/\/srvr10.xetpoint.com\/~seyfi\/luonnonelaimet\/?page_id=59"},"modified":"2020-01-11T11:40:20","modified_gmt":"2020-01-11T09:40:20","slug":"suurpedot","status":"publish","type":"page","link":"https:\/\/sey.fi\/luonnonelaimet\/suurpedot\/","title":{"rendered":"Suurpedot"},"content":{"rendered":"\n<p><em><strong>Susiperhe  toimii yhteisty\u00f6ss\u00e4 ja pit\u00e4\u00e4 hyv\u00e4\u00e4 huolta toisistaan. Sill\u00e4 aikaa kun  susivanhemmat hankkivat perheelle ravintoa, vanhemmat sisarukset  toimivat pikkupentujen lastenvahteina. Kuvat:&nbsp;Holly  Kuchera\/shutterstock.com<\/strong><\/em><\/p>\n\n\n\n<p>Suurpedot k\u00e4rsiv\u00e4t usein perusteettomasta vainosta, jonka takana on \nyleens\u00e4 virheellisi\u00e4 uskomuksia ja turhaan lietsottua pelkoa. Etenkin \nsusi on liitetty lukemattomissa yhteyksiss\u00e4 julmuuteen, \nh\u00e4ik\u00e4ilem\u00e4tt\u00f6myyteen ja verenhimoisuuteen, vaikka kyse on arasta \npetoel\u00e4imest\u00e4, joka pysyttelee kaukana ihmisist\u00e4 aina kun mahdollista. \nSusihavainto asutuksen l\u00e4heisyydess\u00e4 saa usein aikaan todellisen \nmielipidemyrskyn sudentappovaatimuksineen ja maalailtuine kauhukuvineen.\n Tosiasiassa susi on aiheuttanut ihmisen kuoleman Suomessa viimeksi \n1800-luvulla, ja silloinkin kyse oli mahdollisesti suden ja koiran \nristeym\u00e4st\u00e4.<em><br><\/em><\/p>\n\n\n\n<p>Petovahinkojen torjuntaan on olemassa erilaisia petoyst\u00e4v\u00e4llisi\u00e4 \nkeinoja, kuten petoaidat, joiden kustannuksiin voi hakea tukea \nvaltiolta. Salamets\u00e4stys on siit\u00e4 huolimatta Suomen susien \nparisatap\u00e4iselle, eritt\u00e4in uhanalaiselle joukolle suuri uhka.<\/p>\n\n\n\n<p>Salamets\u00e4stys johtaa usein my\u00f6s susilaumojen hajoamiseen, mik\u00e4 \npuolestaan tarkoittaa luontoon omilleen j\u00e4\u00e4vi\u00e4 nuoria susia. Ne eiv\u00e4t \nyksin ja kokemattomina pysty kaatamaan susien t\u00e4rkeint\u00e4 ravintoa, \nsorkkael\u00e4imi\u00e4, ja saattavat sen vuoksi hakeutua asutuksen l\u00e4helle \netsim\u00e4\u00e4n pienempi\u00e4 saaliita kuten kotiel\u00e4imi\u00e4. Salamets\u00e4stys pahentaa \nsiis osaltaan juuri sit\u00e4 ongelmaa, josta kenties haluttiin eroon: susien\n tuloon l\u00e4hemm\u00e4s ihmisi\u00e4. Salamets\u00e4st\u00e4jist\u00e4 arviolta vain 10 prosenttia \nj\u00e4\u00e4 kiinni, ja rangaistukset ovat olleet lievi\u00e4.<\/p>\n\n\n\n<p>Jos susia jostain syyst\u00e4 on mets\u00e4stett\u00e4v\u00e4, olisi t\u00e4rke\u00e4\u00e4 kohdistaa \nmets\u00e4styspaine laumojen nuoriin yksil\u00f6ihin, jotta lopputuloksena ei \nolisi hajonnut, kaaokseen joutunut lauma ja yksin\u00e4isi\u00e4 vaeltelijoita, \njotka voivat p\u00e4\u00e4ty\u00e4 asutuksen l\u00e4helle edell\u00e4 mainitusta syyst\u00e4. \nSalamets\u00e4st\u00e4j\u00e4t ovat kuitenkin tappaneet viime vuosina useita \npantasusia, laumojensa johtavia yksil\u00f6it\u00e4, jotka on varustettu \nsusitutkimuksen kannalta arvokkailla seurantalaitteilla. N\u00e4in he ovat \naiheuttaneet suurta vahinkoa susitutkimukselle, susiyksil\u00f6ille, \nsusikannalle ja lauman hajoamisen kautta my\u00f6s paikallisille asukkaille.<\/p>\n\n\n\n<p>Suurpetojen valokuvaus ja tarkkailu piilokojuista on nyky\u00e4\u00e4n \nsuosittua. Alan yritykset pyrkiv\u00e4t varmistamaan petojen n\u00e4kemisen \nj\u00e4rjest\u00e4m\u00e4ll\u00e4 metsiin haaskoja. Haaskojen k\u00e4yt\u00f6st\u00e4 voi kuitenkin olla \nmy\u00f6s haittaa. Koska haaskoina k\u00e4ytet\u00e4\u00e4n ihmisen kasvattamia ja tappamia \nkotiel\u00e4imi\u00e4, pedot tottuvat niill\u00e4 aterioidessaan v\u00e4ist\u00e4m\u00e4tt\u00e4 ihmisen ja\n kotiel\u00e4inten hajuun. T\u00e4m\u00e4 voi laskea niiden kynnyst\u00e4 liikkua aiempaa \nl\u00e4hemp\u00e4n\u00e4 asutusta tai kotiel\u00e4inten laidunmaita.<\/p>\n\n\n\n<p>My\u00f6s haaskojen sijoittelu voi johtaa el\u00e4inten tuloon l\u00e4hemm\u00e4s \nasutusta kuin ne muuten tulisivat. Vaikka valokuvaus ja \u201dpetoturismi\u201d \nvoi osittain lievent\u00e4\u00e4 suurpetoihin kohdistuvia pelkoja, on oltava \ntarkkana, ettei t\u00e4ll\u00e4 toiminnalla aiheuteta paikallisia ongelmia petojen\n ihmispelon lieventymisen kautta.<\/p>\n\n\n\n<p>Haaskojen k\u00e4yt\u00f6n lis\u00e4ksi kotitalouksien j\u00e4tteet on h\u00e4vitett\u00e4v\u00e4  asianmukaisesti, jotta ne eiv\u00e4t houkuttele petoja. Petojen  esiintymisalueilla koti- ja lemmikkiel\u00e4imet on pidett\u00e4v\u00e4 suojassa  petojen hy\u00f6kk\u00e4yksilt\u00e4, sill\u00e4 ne eiv\u00e4t ymm\u00e4rr\u00e4 eroa ihmisten omistamien  ja luonnonvaraisten el\u00e4inten v\u00e4lill\u00e4. Ne voivat hy\u00f6dynt\u00e4\u00e4 helpon saaliin  mahdollisuuden, jos siihen t\u00f6rm\u00e4\u00e4v\u00e4t. T\u00e4m\u00e4 ei ole r\u00f6yhkeytt\u00e4 tai  julmuutta, vaan pyrkimyst\u00e4 selviyty\u00e4 luonnon kovassa kilpailussa.<\/p>\n","protected":false},"excerpt":{"rendered":"<p>Susiperhe toimii yhteisty\u00f6ss\u00e4 ja pit\u00e4\u00e4 hyv\u00e4\u00e4 huolta toisistaan. Sill\u00e4 aikaa kun susivanhemmat hankkivat perheelle ravintoa, vanhemmat sisarukset toimivat pikkupentujen lastenvahteina. Kuvat:&nbsp;Holly Kuchera\/shutterstock.com Suurpedot k\u00e4rsiv\u00e4t usein perusteettomasta vainosta, jonka takana on yleens\u00e4 virheellisi\u00e4 uskomuksia ja turhaan lietsottua pelkoa. Etenkin susi on liitetty lukemattomissa yhteyksiss\u00e4 julmuuteen, h\u00e4ik\u00e4ilem\u00e4tt\u00f6myyteen ja verenhimoisuuteen, vaikka kyse on arasta petoel\u00e4imest\u00e4, joka pysyttelee kaukana [&hellip;]<\/p>\n","protected":false},"author":8,"featured_media":60,"parent":0,"menu_order":0,"comment_status":"closed","ping_status":"closed","template":"","meta":{"_acf_changed":false,"footnotes":""},"class_list":["post-59","page","type-page","status-publish","has-post-thumbnail","hentry"],"acf":[],"yoast_head":"<!-- This site is optimized with the Yoast SEO plugin v27.1.1 - https:\/\/yoast.com\/product\/yoast-seo-wordpress\/ -->\n<title>Suurpedot - Luonnonel\u00e4imet<\/title>\n<meta name=\"robots\" content=\"index, follow, max-snippet:-1, max-image-preview:large, max-video-preview:-1\" \/>\n<link rel=\"canonical\" href=\"https:\/\/sey.fi\/luonnonelaimet\/suurpedot\/\" \/>\n<meta property=\"og:locale\" content=\"fi_FI\" \/>\n<meta property=\"og:type\" content=\"article\" \/>\n<meta property=\"og:title\" content=\"Suurpedot - Luonnonel\u00e4imet\" \/>\n<meta property=\"og:description\" content=\"Susiperhe toimii yhteisty\u00f6ss\u00e4 ja pit\u00e4\u00e4 hyv\u00e4\u00e4 huolta toisistaan. Sill\u00e4 aikaa kun susivanhemmat hankkivat perheelle ravintoa, vanhemmat sisarukset toimivat pikkupentujen lastenvahteina. Kuvat:&nbsp;Holly Kuchera\/shutterstock.com Suurpedot k\u00e4rsiv\u00e4t usein perusteettomasta vainosta, jonka takana on yleens\u00e4 virheellisi\u00e4 uskomuksia ja turhaan lietsottua pelkoa. Etenkin susi on liitetty lukemattomissa yhteyksiss\u00e4 julmuuteen, h\u00e4ik\u00e4ilem\u00e4tt\u00f6myyteen ja verenhimoisuuteen, vaikka kyse on arasta petoel\u00e4imest\u00e4, joka pysyttelee kaukana [&hellip;]\" \/>\n<meta property=\"og:url\" content=\"https:\/\/sey.fi\/luonnonelaimet\/suurpedot\/\" \/>\n<meta property=\"og:site_name\" content=\"Luonnonel\u00e4imet\" \/>\n<meta property=\"article:modified_time\" content=\"2020-01-11T09:40:20+00:00\" \/>\n<meta property=\"og:image\" content=\"https:\/\/sey.fi\/wp-content\/uploads\/sites\/49\/2019\/12\/susiemo_ja_pennut_holly_kuchera_shutterstock.com_.jpg\" \/>\n\t<meta property=\"og:image:width\" content=\"1200\" \/>\n\t<meta property=\"og:image:height\" content=\"823\" \/>\n\t<meta property=\"og:image:type\" content=\"image\/jpeg\" \/>\n<meta name=\"twitter:card\" content=\"summary_large_image\" \/>\n<meta name=\"twitter:label1\" content=\"Arvioitu lukuaika\" \/>\n\t<meta name=\"twitter:data1\" content=\"2 minuuttia\" \/>\n<script type=\"application\/ld+json\" class=\"yoast-schema-graph\">{\"@context\":\"https:\/\/schema.org\",\"@graph\":[{\"@type\":\"WebPage\",\"@id\":\"https:\/\/sey.fi\/luonnonelaimet\/suurpedot\/\",\"url\":\"https:\/\/sey.fi\/luonnonelaimet\/suurpedot\/\",\"name\":\"Suurpedot - Luonnonel\u00e4imet\",\"isPartOf\":{\"@id\":\"https:\/\/sey.fi\/luonnonelaimet\/#website\"},\"primaryImageOfPage\":{\"@id\":\"https:\/\/sey.fi\/luonnonelaimet\/suurpedot\/#primaryimage\"},\"image\":{\"@id\":\"https:\/\/sey.fi\/luonnonelaimet\/suurpedot\/#primaryimage\"},\"thumbnailUrl\":\"https:\/\/sey.fi\/wp-content\/uploads\/sites\/49\/2019\/12\/susiemo_ja_pennut_holly_kuchera_shutterstock.com_.jpg\",\"datePublished\":\"2019-12-11T08:08:40+00:00\",\"dateModified\":\"2020-01-11T09:40:20+00:00\",\"breadcrumb\":{\"@id\":\"https:\/\/sey.fi\/luonnonelaimet\/suurpedot\/#breadcrumb\"},\"inLanguage\":\"fi\",\"potentialAction\":[{\"@type\":\"ReadAction\",\"target\":[\"https:\/\/sey.fi\/luonnonelaimet\/suurpedot\/\"]}]},{\"@type\":\"ImageObject\",\"inLanguage\":\"fi\",\"@id\":\"https:\/\/sey.fi\/luonnonelaimet\/suurpedot\/#primaryimage\",\"url\":\"https:\/\/sey.fi\/wp-content\/uploads\/sites\/49\/2019\/12\/susiemo_ja_pennut_holly_kuchera_shutterstock.com_.jpg\",\"contentUrl\":\"https:\/\/sey.fi\/wp-content\/uploads\/sites\/49\/2019\/12\/susiemo_ja_pennut_holly_kuchera_shutterstock.com_.jpg\",\"width\":1200,\"height\":823},{\"@type\":\"BreadcrumbList\",\"@id\":\"https:\/\/sey.fi\/luonnonelaimet\/suurpedot\/#breadcrumb\",\"itemListElement\":[{\"@type\":\"ListItem\",\"position\":1,\"name\":\"Home\",\"item\":\"https:\/\/sey.fi\/luonnonelaimet\/\"},{\"@type\":\"ListItem\",\"position\":2,\"name\":\"Suurpedot\"}]},{\"@type\":\"WebSite\",\"@id\":\"https:\/\/sey.fi\/luonnonelaimet\/#website\",\"url\":\"https:\/\/sey.fi\/luonnonelaimet\/\",\"name\":\"Luonnonel\u00e4imet\",\"description\":\"Uusi SEY J\u00e4senyhdistykset -sivusto\",\"potentialAction\":[{\"@type\":\"SearchAction\",\"target\":{\"@type\":\"EntryPoint\",\"urlTemplate\":\"https:\/\/sey.fi\/luonnonelaimet\/?s={search_term_string}\"},\"query-input\":{\"@type\":\"PropertyValueSpecification\",\"valueRequired\":true,\"valueName\":\"search_term_string\"}}],\"inLanguage\":\"fi\"}]}<\/script>\n<!-- \/ Yoast SEO plugin. -->","yoast_head_json":{"title":"Suurpedot - Luonnonel\u00e4imet","robots":{"index":"index","follow":"follow","max-snippet":"max-snippet:-1","max-image-preview":"max-image-preview:large","max-video-preview":"max-video-preview:-1"},"canonical":"https:\/\/sey.fi\/luonnonelaimet\/suurpedot\/","og_locale":"fi_FI","og_type":"article","og_title":"Suurpedot - Luonnonel\u00e4imet","og_description":"Susiperhe toimii yhteisty\u00f6ss\u00e4 ja pit\u00e4\u00e4 hyv\u00e4\u00e4 huolta toisistaan. Sill\u00e4 aikaa kun susivanhemmat hankkivat perheelle ravintoa, vanhemmat sisarukset toimivat pikkupentujen lastenvahteina. Kuvat:&nbsp;Holly Kuchera\/shutterstock.com Suurpedot k\u00e4rsiv\u00e4t usein perusteettomasta vainosta, jonka takana on yleens\u00e4 virheellisi\u00e4 uskomuksia ja turhaan lietsottua pelkoa. Etenkin susi on liitetty lukemattomissa yhteyksiss\u00e4 julmuuteen, h\u00e4ik\u00e4ilem\u00e4tt\u00f6myyteen ja verenhimoisuuteen, vaikka kyse on arasta petoel\u00e4imest\u00e4, joka pysyttelee kaukana [&hellip;]","og_url":"https:\/\/sey.fi\/luonnonelaimet\/suurpedot\/","og_site_name":"Luonnonel\u00e4imet","article_modified_time":"2020-01-11T09:40:20+00:00","og_image":[{"width":1200,"height":823,"url":"https:\/\/sey.fi\/wp-content\/uploads\/sites\/49\/2019\/12\/susiemo_ja_pennut_holly_kuchera_shutterstock.com_.jpg","type":"image\/jpeg"}],"twitter_card":"summary_large_image","twitter_misc":{"Arvioitu lukuaika":"2 minuuttia"},"schema":{"@context":"https:\/\/schema.org","@graph":[{"@type":"WebPage","@id":"https:\/\/sey.fi\/luonnonelaimet\/suurpedot\/","url":"https:\/\/sey.fi\/luonnonelaimet\/suurpedot\/","name":"Suurpedot - Luonnonel\u00e4imet","isPartOf":{"@id":"https:\/\/sey.fi\/luonnonelaimet\/#website"},"primaryImageOfPage":{"@id":"https:\/\/sey.fi\/luonnonelaimet\/suurpedot\/#primaryimage"},"image":{"@id":"https:\/\/sey.fi\/luonnonelaimet\/suurpedot\/#primaryimage"},"thumbnailUrl":"https:\/\/sey.fi\/wp-content\/uploads\/sites\/49\/2019\/12\/susiemo_ja_pennut_holly_kuchera_shutterstock.com_.jpg","datePublished":"2019-12-11T08:08:40+00:00","dateModified":"2020-01-11T09:40:20+00:00","breadcrumb":{"@id":"https:\/\/sey.fi\/luonnonelaimet\/suurpedot\/#breadcrumb"},"inLanguage":"fi","potentialAction":[{"@type":"ReadAction","target":["https:\/\/sey.fi\/luonnonelaimet\/suurpedot\/"]}]},{"@type":"ImageObject","inLanguage":"fi","@id":"https:\/\/sey.fi\/luonnonelaimet\/suurpedot\/#primaryimage","url":"https:\/\/sey.fi\/wp-content\/uploads\/sites\/49\/2019\/12\/susiemo_ja_pennut_holly_kuchera_shutterstock.com_.jpg","contentUrl":"https:\/\/sey.fi\/wp-content\/uploads\/sites\/49\/2019\/12\/susiemo_ja_pennut_holly_kuchera_shutterstock.com_.jpg","width":1200,"height":823},{"@type":"BreadcrumbList","@id":"https:\/\/sey.fi\/luonnonelaimet\/suurpedot\/#breadcrumb","itemListElement":[{"@type":"ListItem","position":1,"name":"Home","item":"https:\/\/sey.fi\/luonnonelaimet\/"},{"@type":"ListItem","position":2,"name":"Suurpedot"}]},{"@type":"WebSite","@id":"https:\/\/sey.fi\/luonnonelaimet\/#website","url":"https:\/\/sey.fi\/luonnonelaimet\/","name":"Luonnonel\u00e4imet","description":"Uusi SEY J\u00e4senyhdistykset -sivusto","potentialAction":[{"@type":"SearchAction","target":{"@type":"EntryPoint","urlTemplate":"https:\/\/sey.fi\/luonnonelaimet\/?s={search_term_string}"},"query-input":{"@type":"PropertyValueSpecification","valueRequired":true,"valueName":"search_term_string"}}],"inLanguage":"fi"}]}},"_links":{"self":[{"href":"https:\/\/sey.fi\/luonnonelaimet\/wp-json\/wp\/v2\/pages\/59","targetHints":{"allow":["GET"]}}],"collection":[{"href":"https:\/\/sey.fi\/luonnonelaimet\/wp-json\/wp\/v2\/pages"}],"about":[{"href":"https:\/\/sey.fi\/luonnonelaimet\/wp-json\/wp\/v2\/types\/page"}],"author":[{"embeddable":true,"href":"https:\/\/sey.fi\/luonnonelaimet\/wp-json\/wp\/v2\/users\/8"}],"replies":[{"embeddable":true,"href":"https:\/\/sey.fi\/luonnonelaimet\/wp-json\/wp\/v2\/comments?post=59"}],"version-history":[{"count":1,"href":"https:\/\/sey.fi\/luonnonelaimet\/wp-json\/wp\/v2\/pages\/59\/revisions"}],"predecessor-version":[{"id":61,"href":"https:\/\/sey.fi\/luonnonelaimet\/wp-json\/wp\/v2\/pages\/59\/revisions\/61"}],"wp:featuredmedia":[{"embeddable":true,"href":"https:\/\/sey.fi\/luonnonelaimet\/wp-json\/wp\/v2\/media\/60"}],"wp:attachment":[{"href":"https:\/\/sey.fi\/luonnonelaimet\/wp-json\/wp\/v2\/media?parent=59"}],"curies":[{"name":"wp","href":"https:\/\/api.w.org\/{rel}","templated":true}]}}