{"id":65,"date":"2019-12-11T10:11:26","date_gmt":"2019-12-11T08:11:26","guid":{"rendered":"http:\/\/srvr10.xetpoint.com\/~seyfi\/luonnonelaimet\/?page_id=65"},"modified":"2026-02-13T20:05:04","modified_gmt":"2026-02-13T18:05:04","slug":"linnut","status":"publish","type":"page","link":"https:\/\/sey.fi\/luonnonelaimet\/linnut\/","title":{"rendered":"Linnut"},"content":{"rendered":"\n<p class=\"has-text-align-right has-small-font-size\"><em>Kuva: Pekka H\u00e4nninen<\/em><\/p>\n\n\n\n<p class=\"has-medium-font-size\"><em>Maassamme el\u00e4\u00e4 kymmeni\u00e4 miljoonia lintuja. Kaikki linnut hy\u00f6tyisiv\u00e4t  siit\u00e4, ett\u00e4 niille t\u00e4rke\u00e4t ymp\u00e4rist\u00f6t s\u00e4ilytett\u00e4isiin luonnontilaisina.  Jollei t\u00e4m\u00e4 ole mahdollista, tulisi ainakin mietti\u00e4, miten lintujen  ravinnonsaanti- ja pesint\u00e4edellytykset pystytt\u00e4isiin turvaamaan.<\/em><\/p>\n\n\n\n<p>Jos haluat auttaa kolopesij\u00f6it\u00e4 tarjoamalla niille p\u00f6nt\u00f6n, lue Luonnonel\u00e4inten auttaminen -osiosta kohta <strong><a href=\"https:\/\/sey.fi\/luonnonelaimet\/luonnonelaimet\/luonnonelainten-auttaminen\/pesat-ja-pontot\/\">Pes\u00e4t ja p\u00f6nt\u00f6t<\/a><\/strong>. Tarkempia lajikohtaisia ohjeita linnunp\u00f6ntt\u00f6jen rakentamiseen, sijoitteluun ja huoltoon l\u00f6yd\u00e4t esimerkiksi <strong><a href=\"https:\/\/www.birdlife.fi\/lintuharrastus\/linnunpontot\/\" target=\"_blank\" rel=\"noreferrer noopener nofollow\">Birdlifen sivuilta<\/a><\/strong>.<\/p>\n\n\n\n<p>Elinymp\u00e4rist\u00f6jen vaalimisen lis\u00e4ksi linnuille on t\u00e4rke\u00e4\u00e4 antaa \npesim\u00e4rauha. Jos lintuemo p\u00e4\u00e4st\u00e4\u00e4 h\u00e4t\u00e4\u00e4ntyneit\u00e4 \u00e4\u00e4ni\u00e4 tai yritt\u00e4\u00e4 \nkarkottaa sinut liikkuessasi luonnossa, olet osunut liian l\u00e4helle sen \npes\u00e4\u00e4 tai poikasia. Poistu siis v\u00e4litt\u00f6m\u00e4sti paikalta.<\/p>\n\n\n\n<p>Kaikki linnut ovat pesim\u00e4aikanaan rauhoitettuja. Kes\u00e4ll\u00e4 onkin hyv\u00e4 \nv\u00e4ltt\u00e4\u00e4 liikkumista luodoilla, saarissa ja rantaniityill\u00e4. Ihmisten \nlis\u00e4ksi lemmikkiel\u00e4imet voivat h\u00e4irit\u00e4 pesint\u00e4\u00e4 joko hajottamalla pesi\u00e4 \ntai tappamalla poikasia, mutta my\u00f6s pelk\u00e4st\u00e4\u00e4n liikkumalla l\u00e4hell\u00e4 \nlintujen pesi\u00e4. T\u00e4ll\u00f6in ne voivat tahattomasti rikkoa maassa pesivien \nlintujen pesi\u00e4 tai s\u00e4ik\u00e4ytt\u00e4\u00e4 poikaset ja emot erilleen toisistaan. \nLemmikkiel\u00e4imet on siksi pidett\u00e4v\u00e4 kytkettyin\u00e4 lintujen pesim\u00e4aikana.<\/p>\n\n\n\n<p>Lintujen poikasia erehdyt\u00e4\u00e4n usein luulemaan orvoiksi, sill\u00e4 monien \nlajien poikaset l\u00e4htev\u00e4t pesist\u00e4\u00e4n lentokyvytt\u00f6min\u00e4. Emo kuitenkin \npartioi l\u00e4hettyvill\u00e4 l\u00e4hes aina. Joidenkin lajien lintuvanhemmat eiv\u00e4t \nj\u00e4\u00e4 huomaamatta: esimerkiksi lokit tekev\u00e4t n\u00e4ytt\u00e4vi\u00e4 valehy\u00f6kk\u00e4yksi\u00e4 \nkohti poikastaan l\u00e4hestyv\u00e4\u00e4 ihmist\u00e4. Toisilla lajeilla vanhemmat \npiileskelev\u00e4t kauempana ja voivat l\u00e4hett\u00e4\u00e4 sielt\u00e4 k\u00e4sin varoitus\u00e4\u00e4ni\u00e4 \npoikasilleen.<\/p>\n\n\n\n<p>Luonnosta tavattu linnunpoikanen kannattaa j\u00e4tt\u00e4\u00e4 rauhaan ja poistua  paikalta, jotta lintuemo uskaltaa palata huolehtimaan j\u00e4lkikasvustaan.  Jos pieni linnunpoikanen on pudonnut pes\u00e4st\u00e4 maahan, sen voi yritt\u00e4\u00e4  palauttaa pes\u00e4\u00e4n mahdollisimman v\u00e4h\u00e4n emoa ja muuta poikuetta h\u00e4iriten.  Jos taas on perusteltua olettaa, ett\u00e4 poikanen olisi orpo tai  vahingoittunut, kannattaa kysy\u00e4 tarkempia toimintaohjeita <a href=\"https:\/\/sey.fi\/luonnonelaimet\/luonnonvaraisia-elaimia-hoitavia-tahoja\/\"><strong>luonnonvaraisia el\u00e4imi\u00e4 hoitavalta taholta<\/strong><\/a> ennen  poikaseen koskemista. Jos poikanen otetaan turhaan kiinni, emo ei  v\u00e4ltt\u00e4m\u00e4tt\u00e4 en\u00e4\u00e4 huoli sit\u00e4 hoidettavakseen, vaikka se palautettaisiin luontoon.<\/p>\n\n\n\n<figure class=\"wp-block-image size-large\"><img loading=\"lazy\" decoding=\"async\" width=\"1024\" height=\"682\" src=\"https:\/\/sey.fi\/wp-content\/uploads\/sites\/49\/2023\/01\/lentokyvyttomat-linnunpoikaset-1024x682.png\" alt=\"\" class=\"wp-image-467\" srcset=\"https:\/\/sey.fi\/wp-content\/uploads\/sites\/49\/2023\/01\/lentokyvyttomat-linnunpoikaset-1024x682.png 1024w, https:\/\/sey.fi\/wp-content\/uploads\/sites\/49\/2023\/01\/lentokyvyttomat-linnunpoikaset-300x200.png 300w, https:\/\/sey.fi\/wp-content\/uploads\/sites\/49\/2023\/01\/lentokyvyttomat-linnunpoikaset-768x512.png 768w, https:\/\/sey.fi\/wp-content\/uploads\/sites\/49\/2023\/01\/lentokyvyttomat-linnunpoikaset.png 1280w\" sizes=\"auto, (max-width: 1024px) 100vw, 1024px\" \/><figcaption class=\"wp-element-caption\">Monien lintujen poikaset l\u00e4htev\u00e4t pes\u00e4st\u00e4 ennen kuin ne saavuttavat lentokyvyn. Luonnossa tavattavat lentokyvytt\u00f6m\u00e4t linnunpoikaset kannattaa j\u00e4tt\u00e4\u00e4 pikimmiten rauhaan, jotta emo uskaltaa palata niiden luo.<\/figcaption><\/figure>\n\n\n\n<p>Monet ihmiset ruokkivat lintuja, mutta mik\u00e4 tahansa ruokinta ei ole  hyv\u00e4ksi linnuille. Ennen ruokintaa tulee mietti\u00e4, onko linnun  ruokkiminen perusteltua, mik\u00e4 on kyseiselle lajille sopivaa ravintoa,  edist\u00e4\u00e4k\u00f6 ruokkiminen linnulle haitallista kesyyntymist\u00e4 yms. Luethan  Luonnonel\u00e4inten auttaminen -osiosta luvun <strong><a href=\"https:\/\/sey.fi\/luonnonelaimet\/luonnonelaimet\/luonnonelainten-auttaminen\/ruokinta\/\">Ruokinta<\/a>.<\/strong><\/p>\n\n\n\n<p>Talvehtimaan j\u00e4\u00e4vien pikkulintujen ruokinnasta l\u00f6yd\u00e4t runsaasti tietoa kirjastosta sek\u00e4 esimerkiksi <a href=\"https:\/\/www.birdlife.fi\/lintuharrastus\/talviruokinta\/\" target=\"_blank\" rel=\"noreferrer noopener nofollow\"><strong>Birdlifen verkkosivuilta<\/strong><\/a>.  Muiden lintujen osalta ruokinta ei yleens\u00e4 ole perusteltua. Erityisen  haitallista on, jos ruokkimalla saadaan jo muutoinkin h\u00e4iritseviksi  koetut linnut, esimerkiksi lokit, yh\u00e4 rohkeammiksi ja kesymmiksi, tai  jos linnuille tarjotaan niille sopimatonta ruokaa. Satunnaisesti  tarjoiltuna v\u00e4\u00e4r\u00e4nlainen ravinto ei v\u00e4ltt\u00e4m\u00e4tt\u00e4 ole haitaksi, mutta  pahimmillaan jatkuva v\u00e4\u00e4r\u00e4nlainen ruokinta johtaa palautumattomien  kehitysh\u00e4iri\u00f6iden syntyyn.<\/p>\n\n\n\n<div class=\"wp-block-group\"><div class=\"wp-block-group__inner-container is-layout-constrained wp-block-group-is-layout-constrained\">\n<div class=\"wp-block-columns is-layout-flex wp-container-core-columns-is-layout-9d6595d7 wp-block-columns-is-layout-flex\">\n<div class=\"wp-block-column is-layout-flow wp-block-column-is-layout-flow\">\n<p class=\"has-text-align-center has-background\" style=\"background:linear-gradient(299deg,rgb(0,0,0) 0%,rgb(0,0,0) 100%)\"><strong><a href=\"https:\/\/sey.fi\/luonnonelaimet\/vesilinnut\/\" target=\"_blank\" rel=\"noreferrer noopener\">Vesilinnut<\/a><\/strong><\/p>\n<\/div>\n\n\n\n<div class=\"wp-block-column is-layout-flow wp-block-column-is-layout-flow\">\n<p class=\"has-text-align-center has-background\" style=\"background:linear-gradient(135deg,rgb(0,0,0) 0%,rgb(0,0,0) 100%)\"><strong><a href=\"https:\/\/sey.fi\/luonnonelaimet\/tervapaaskyt\/\" target=\"_blank\" rel=\"noreferrer noopener\">Tervap\u00e4\u00e4skyt<\/a><\/strong><\/p>\n<\/div>\n\n\n\n<div class=\"wp-block-column is-layout-flow wp-block-column-is-layout-flow\">\n<p class=\"has-text-align-center has-background\" style=\"background:linear-gradient(135deg,rgb(0,0,0) 0%,rgb(0,0,0) 100%)\"><strong><a href=\"https:\/\/sey.fi\/luonnonelaimet\/linnut\/ikkunaan-tormannyt-lintu\/\" target=\"_blank\" rel=\"noreferrer noopener\">Ikkunaan t\u00f6rm\u00e4nnyt lintu<\/a><\/strong><\/p>\n<\/div>\n<\/div>\n\n\n\n<div class=\"wp-block-columns is-layout-flex wp-container-core-columns-is-layout-9d6595d7 wp-block-columns-is-layout-flex\">\n<div class=\"wp-block-column is-layout-flow wp-block-column-is-layout-flow\">\n<p class=\"has-text-align-center has-background\" style=\"background:linear-gradient(135deg,rgb(0,0,0) 0%,rgb(0,0,0) 100%)\"><strong><a href=\"https:\/\/sey.fi\/luonnonelaimet\/suurpedot\/\" target=\"_blank\" rel=\"noreferrer noopener\">Lokkien aiheuttamat h\u00e4iri\u00f6t<\/a><\/strong><\/p>\n\n\n\n<p><\/p>\n<\/div>\n\n\n\n<div class=\"wp-block-column is-layout-flow wp-block-column-is-layout-flow\">\n<p class=\"has-text-align-center\" style=\"font-size:14px\"><\/p>\n\n\n\n<p class=\"has-text-align-center has-black-background-color has-background\" style=\"font-size:14px\"><\/p>\n<\/div>\n\n\n\n<div class=\"wp-block-column is-layout-flow wp-block-column-is-layout-flow\"><\/div>\n<\/div>\n<\/div><\/div>\n\n\n\n<p><\/p>\n","protected":false},"excerpt":{"rendered":"<p>Kuva: Pekka H\u00e4nninen Maassamme el\u00e4\u00e4 kymmeni\u00e4 miljoonia lintuja. Kaikki linnut hy\u00f6tyisiv\u00e4t siit\u00e4, ett\u00e4 niille t\u00e4rke\u00e4t ymp\u00e4rist\u00f6t s\u00e4ilytett\u00e4isiin luonnontilaisina. Jollei t\u00e4m\u00e4 ole mahdollista, tulisi ainakin mietti\u00e4, miten lintujen ravinnonsaanti- ja pesint\u00e4edellytykset pystytt\u00e4isiin turvaamaan. Jos haluat auttaa kolopesij\u00f6it\u00e4 tarjoamalla niille p\u00f6nt\u00f6n, lue Luonnonel\u00e4inten auttaminen -osiosta kohta Pes\u00e4t ja p\u00f6nt\u00f6t. Tarkempia lajikohtaisia ohjeita linnunp\u00f6ntt\u00f6jen rakentamiseen, sijoitteluun ja huoltoon [&hellip;]<\/p>\n","protected":false},"author":8,"featured_media":464,"parent":0,"menu_order":0,"comment_status":"closed","ping_status":"closed","template":"","meta":{"_acf_changed":false,"footnotes":""},"class_list":["post-65","page","type-page","status-publish","has-post-thumbnail","hentry"],"acf":[],"yoast_head":"<!-- This site is optimized with the Yoast SEO plugin v27.1.1 - https:\/\/yoast.com\/product\/yoast-seo-wordpress\/ -->\n<title>Linnut - Luonnonel\u00e4imet<\/title>\n<meta name=\"robots\" content=\"index, follow, max-snippet:-1, max-image-preview:large, max-video-preview:-1\" \/>\n<link rel=\"canonical\" href=\"https:\/\/sey.fi\/luonnonelaimet\/linnut\/\" \/>\n<meta property=\"og:locale\" content=\"fi_FI\" \/>\n<meta property=\"og:type\" content=\"article\" \/>\n<meta property=\"og:title\" content=\"Linnut - Luonnonel\u00e4imet\" \/>\n<meta property=\"og:description\" content=\"Kuva: Pekka H\u00e4nninen Maassamme el\u00e4\u00e4 kymmeni\u00e4 miljoonia lintuja. Kaikki linnut hy\u00f6tyisiv\u00e4t siit\u00e4, ett\u00e4 niille t\u00e4rke\u00e4t ymp\u00e4rist\u00f6t s\u00e4ilytett\u00e4isiin luonnontilaisina. Jollei t\u00e4m\u00e4 ole mahdollista, tulisi ainakin mietti\u00e4, miten lintujen ravinnonsaanti- ja pesint\u00e4edellytykset pystytt\u00e4isiin turvaamaan. Jos haluat auttaa kolopesij\u00f6it\u00e4 tarjoamalla niille p\u00f6nt\u00f6n, lue Luonnonel\u00e4inten auttaminen -osiosta kohta Pes\u00e4t ja p\u00f6nt\u00f6t. Tarkempia lajikohtaisia ohjeita linnunp\u00f6ntt\u00f6jen rakentamiseen, sijoitteluun ja huoltoon [&hellip;]\" \/>\n<meta property=\"og:url\" content=\"https:\/\/sey.fi\/luonnonelaimet\/linnut\/\" \/>\n<meta property=\"og:site_name\" content=\"Luonnonel\u00e4imet\" \/>\n<meta property=\"article:modified_time\" content=\"2026-02-13T18:05:04+00:00\" \/>\n<meta property=\"og:image\" content=\"https:\/\/sey.fi\/wp-content\/uploads\/sites\/49\/2023\/01\/Lokki_Pekka_Hanninen.jpg\" \/>\n\t<meta property=\"og:image:width\" content=\"1280\" \/>\n\t<meta property=\"og:image:height\" content=\"640\" \/>\n\t<meta property=\"og:image:type\" content=\"image\/jpeg\" \/>\n<meta name=\"twitter:card\" content=\"summary_large_image\" \/>\n<meta name=\"twitter:label1\" content=\"Arvioitu lukuaika\" \/>\n\t<meta name=\"twitter:data1\" content=\"3 minuuttia\" \/>\n<script type=\"application\/ld+json\" class=\"yoast-schema-graph\">{\"@context\":\"https:\/\/schema.org\",\"@graph\":[{\"@type\":\"WebPage\",\"@id\":\"https:\/\/sey.fi\/luonnonelaimet\/linnut\/\",\"url\":\"https:\/\/sey.fi\/luonnonelaimet\/linnut\/\",\"name\":\"Linnut - Luonnonel\u00e4imet\",\"isPartOf\":{\"@id\":\"https:\/\/sey.fi\/luonnonelaimet\/#website\"},\"primaryImageOfPage\":{\"@id\":\"https:\/\/sey.fi\/luonnonelaimet\/linnut\/#primaryimage\"},\"image\":{\"@id\":\"https:\/\/sey.fi\/luonnonelaimet\/linnut\/#primaryimage\"},\"thumbnailUrl\":\"https:\/\/sey.fi\/wp-content\/uploads\/sites\/49\/2023\/01\/Lokki_Pekka_Hanninen.jpg\",\"datePublished\":\"2019-12-11T08:11:26+00:00\",\"dateModified\":\"2026-02-13T18:05:04+00:00\",\"breadcrumb\":{\"@id\":\"https:\/\/sey.fi\/luonnonelaimet\/linnut\/#breadcrumb\"},\"inLanguage\":\"fi\",\"potentialAction\":[{\"@type\":\"ReadAction\",\"target\":[\"https:\/\/sey.fi\/luonnonelaimet\/linnut\/\"]}]},{\"@type\":\"ImageObject\",\"inLanguage\":\"fi\",\"@id\":\"https:\/\/sey.fi\/luonnonelaimet\/linnut\/#primaryimage\",\"url\":\"https:\/\/sey.fi\/wp-content\/uploads\/sites\/49\/2023\/01\/Lokki_Pekka_Hanninen.jpg\",\"contentUrl\":\"https:\/\/sey.fi\/wp-content\/uploads\/sites\/49\/2023\/01\/Lokki_Pekka_Hanninen.jpg\",\"width\":1280,\"height\":640,\"caption\":\"Sivuprofiilikuva lokista\"},{\"@type\":\"BreadcrumbList\",\"@id\":\"https:\/\/sey.fi\/luonnonelaimet\/linnut\/#breadcrumb\",\"itemListElement\":[{\"@type\":\"ListItem\",\"position\":1,\"name\":\"Home\",\"item\":\"https:\/\/sey.fi\/luonnonelaimet\/\"},{\"@type\":\"ListItem\",\"position\":2,\"name\":\"Linnut\"}]},{\"@type\":\"WebSite\",\"@id\":\"https:\/\/sey.fi\/luonnonelaimet\/#website\",\"url\":\"https:\/\/sey.fi\/luonnonelaimet\/\",\"name\":\"Luonnonel\u00e4imet\",\"description\":\"Uusi SEY J\u00e4senyhdistykset -sivusto\",\"potentialAction\":[{\"@type\":\"SearchAction\",\"target\":{\"@type\":\"EntryPoint\",\"urlTemplate\":\"https:\/\/sey.fi\/luonnonelaimet\/?s={search_term_string}\"},\"query-input\":{\"@type\":\"PropertyValueSpecification\",\"valueRequired\":true,\"valueName\":\"search_term_string\"}}],\"inLanguage\":\"fi\"}]}<\/script>\n<!-- \/ Yoast SEO plugin. -->","yoast_head_json":{"title":"Linnut - Luonnonel\u00e4imet","robots":{"index":"index","follow":"follow","max-snippet":"max-snippet:-1","max-image-preview":"max-image-preview:large","max-video-preview":"max-video-preview:-1"},"canonical":"https:\/\/sey.fi\/luonnonelaimet\/linnut\/","og_locale":"fi_FI","og_type":"article","og_title":"Linnut - Luonnonel\u00e4imet","og_description":"Kuva: Pekka H\u00e4nninen Maassamme el\u00e4\u00e4 kymmeni\u00e4 miljoonia lintuja. Kaikki linnut hy\u00f6tyisiv\u00e4t siit\u00e4, ett\u00e4 niille t\u00e4rke\u00e4t ymp\u00e4rist\u00f6t s\u00e4ilytett\u00e4isiin luonnontilaisina. Jollei t\u00e4m\u00e4 ole mahdollista, tulisi ainakin mietti\u00e4, miten lintujen ravinnonsaanti- ja pesint\u00e4edellytykset pystytt\u00e4isiin turvaamaan. Jos haluat auttaa kolopesij\u00f6it\u00e4 tarjoamalla niille p\u00f6nt\u00f6n, lue Luonnonel\u00e4inten auttaminen -osiosta kohta Pes\u00e4t ja p\u00f6nt\u00f6t. Tarkempia lajikohtaisia ohjeita linnunp\u00f6ntt\u00f6jen rakentamiseen, sijoitteluun ja huoltoon [&hellip;]","og_url":"https:\/\/sey.fi\/luonnonelaimet\/linnut\/","og_site_name":"Luonnonel\u00e4imet","article_modified_time":"2026-02-13T18:05:04+00:00","og_image":[{"width":1280,"height":640,"url":"https:\/\/sey.fi\/wp-content\/uploads\/sites\/49\/2023\/01\/Lokki_Pekka_Hanninen.jpg","type":"image\/jpeg"}],"twitter_card":"summary_large_image","twitter_misc":{"Arvioitu lukuaika":"3 minuuttia"},"schema":{"@context":"https:\/\/schema.org","@graph":[{"@type":"WebPage","@id":"https:\/\/sey.fi\/luonnonelaimet\/linnut\/","url":"https:\/\/sey.fi\/luonnonelaimet\/linnut\/","name":"Linnut - Luonnonel\u00e4imet","isPartOf":{"@id":"https:\/\/sey.fi\/luonnonelaimet\/#website"},"primaryImageOfPage":{"@id":"https:\/\/sey.fi\/luonnonelaimet\/linnut\/#primaryimage"},"image":{"@id":"https:\/\/sey.fi\/luonnonelaimet\/linnut\/#primaryimage"},"thumbnailUrl":"https:\/\/sey.fi\/wp-content\/uploads\/sites\/49\/2023\/01\/Lokki_Pekka_Hanninen.jpg","datePublished":"2019-12-11T08:11:26+00:00","dateModified":"2026-02-13T18:05:04+00:00","breadcrumb":{"@id":"https:\/\/sey.fi\/luonnonelaimet\/linnut\/#breadcrumb"},"inLanguage":"fi","potentialAction":[{"@type":"ReadAction","target":["https:\/\/sey.fi\/luonnonelaimet\/linnut\/"]}]},{"@type":"ImageObject","inLanguage":"fi","@id":"https:\/\/sey.fi\/luonnonelaimet\/linnut\/#primaryimage","url":"https:\/\/sey.fi\/wp-content\/uploads\/sites\/49\/2023\/01\/Lokki_Pekka_Hanninen.jpg","contentUrl":"https:\/\/sey.fi\/wp-content\/uploads\/sites\/49\/2023\/01\/Lokki_Pekka_Hanninen.jpg","width":1280,"height":640,"caption":"Sivuprofiilikuva lokista"},{"@type":"BreadcrumbList","@id":"https:\/\/sey.fi\/luonnonelaimet\/linnut\/#breadcrumb","itemListElement":[{"@type":"ListItem","position":1,"name":"Home","item":"https:\/\/sey.fi\/luonnonelaimet\/"},{"@type":"ListItem","position":2,"name":"Linnut"}]},{"@type":"WebSite","@id":"https:\/\/sey.fi\/luonnonelaimet\/#website","url":"https:\/\/sey.fi\/luonnonelaimet\/","name":"Luonnonel\u00e4imet","description":"Uusi SEY J\u00e4senyhdistykset -sivusto","potentialAction":[{"@type":"SearchAction","target":{"@type":"EntryPoint","urlTemplate":"https:\/\/sey.fi\/luonnonelaimet\/?s={search_term_string}"},"query-input":{"@type":"PropertyValueSpecification","valueRequired":true,"valueName":"search_term_string"}}],"inLanguage":"fi"}]}},"_links":{"self":[{"href":"https:\/\/sey.fi\/luonnonelaimet\/wp-json\/wp\/v2\/pages\/65","targetHints":{"allow":["GET"]}}],"collection":[{"href":"https:\/\/sey.fi\/luonnonelaimet\/wp-json\/wp\/v2\/pages"}],"about":[{"href":"https:\/\/sey.fi\/luonnonelaimet\/wp-json\/wp\/v2\/types\/page"}],"author":[{"embeddable":true,"href":"https:\/\/sey.fi\/luonnonelaimet\/wp-json\/wp\/v2\/users\/8"}],"replies":[{"embeddable":true,"href":"https:\/\/sey.fi\/luonnonelaimet\/wp-json\/wp\/v2\/comments?post=65"}],"version-history":[{"count":13,"href":"https:\/\/sey.fi\/luonnonelaimet\/wp-json\/wp\/v2\/pages\/65\/revisions"}],"predecessor-version":[{"id":716,"href":"https:\/\/sey.fi\/luonnonelaimet\/wp-json\/wp\/v2\/pages\/65\/revisions\/716"}],"wp:featuredmedia":[{"embeddable":true,"href":"https:\/\/sey.fi\/luonnonelaimet\/wp-json\/wp\/v2\/media\/464"}],"wp:attachment":[{"href":"https:\/\/sey.fi\/luonnonelaimet\/wp-json\/wp\/v2\/media?parent=65"}],"curies":[{"name":"wp","href":"https:\/\/api.w.org\/{rel}","templated":true}]}}