{"id":67,"date":"2019-12-11T10:14:33","date_gmt":"2019-12-11T08:14:33","guid":{"rendered":"http:\/\/srvr10.xetpoint.com\/~seyfi\/luonnonelaimet\/?page_id=67"},"modified":"2026-02-13T19:18:57","modified_gmt":"2026-02-13T17:18:57","slug":"vesilinnut","status":"publish","type":"page","link":"https:\/\/sey.fi\/luonnonelaimet\/vesilinnut\/","title":{"rendered":"Vesilinnut"},"content":{"rendered":"\n<p><em><strong>Monet  perheet ruokkivat mielell\u00e4\u00e4n vesilintuja ja niiden poikasia kes\u00e4isin.  N\u00e4ille linnuille ei tulisi antaa runsaasti vaaleaa leip\u00e4\u00e4 tai pullaa.  Vesilinnuille sopii leip\u00e4\u00e4 paremmin esimerkiksi raastettu omena,  kes\u00e4kurpitsa, kurkku tai keitetty peruna pienin\u00e4 paloina.  Kuva:&nbsp;500mm\/pixabay.com<\/strong><\/em><\/p>\n\n\n\n<p>Aikuiset vesilinnut tarvitsevat apua melko harvoin. Sen sijaan \nsini- eli hein\u00e4sorsan poikueet ovat toisinaan pulassa. Sorsaemot, jotka \neiv\u00e4t ole l\u00f6yt\u00e4neet kaupungin tiuhaan asutuilta rannoilta sopivaa \npes\u00e4paikkaa, saattavat tehd\u00e4 pes\u00e4ns\u00e4 esimerkiksi kerrostalon parvekkeen \nkukkalaatikkoon tai kauppakeskusten kattoparkkialueelle.<\/p>\n\n\n\n<p>N\u00e4ist\u00e4 paikoista poikasten turvallinen p\u00e4\u00e4sy vesist\u00f6\u00f6n on mahdotonta,\n eik\u00e4 aikaa ole hukattavaksi. Poikasten pit\u00e4isi p\u00e4\u00e4st\u00e4 veteen \nvuorokauden sis\u00e4ll\u00e4 kuoriutumisestaan. Sen vuoksi poikueita pyrit\u00e4\u00e4n \ntoisinaan siirt\u00e4m\u00e4\u00e4n avoveteen pian kuoriutumisen tapahduttua, ennen \nkuin koko poikue joutuu vaaraan esimerkiksi ylitt\u00e4ess\u00e4\u00e4n monikaistaista \najov\u00e4yl\u00e4\u00e4. Esimerkiksi Helsingiss\u00e4 siirtoja on tehnyt pelastuslaitoksen \nel\u00e4inpelastusyksikk\u00f6.<\/p>\n\n\n\n<p>On t\u00e4rke\u00e4\u00e4 saada sorsaemo ensin kiinni ja poikaset vasta sen j\u00e4lkeen.\n Vapautuspaikalla edet\u00e4\u00e4n p\u00e4invastaisessa j\u00e4rjestyksess\u00e4: ensin \np\u00e4\u00e4stet\u00e4\u00e4n poikue veteen, ja sen j\u00e4lkeen sorsaemo hyvin hiljaa ja \nv\u00e4h\u00e4eleisesti. Jos sorsaemo joutuu pakokauhun valtaan, se tuskin en\u00e4\u00e4 \npalaa paikalle ja l\u00f6yt\u00e4\u00e4 poikasiaan. Jos tiet\u00e4 ylitt\u00e4v\u00e4 sorsaemo on \nj\u00e4\u00e4nyt auton alle, poikaset eiv\u00e4t selviydy yksin, vaan ne on \ntoimitettava viipym\u00e4tt\u00e4 hoitoon.<\/p>\n\n\n\n<p>Toisinaan sorsat ja muut vesilinnut tahriintuvat vesist\u00f6\u00f6n \np\u00e4\u00e4sseeseen \u00f6ljyyn. \u00d6ljy tuhoaa vesilintujen sulkapeitett\u00e4 suojaavan \nrasvakerroksen, jolloin sulkapeitteen vedenpit\u00e4vyys katoaa, ja lintu \nkastuu pohjimmaisia untuviaan my\u00f6ten. T\u00e4m\u00e4 johtaa etenkin kylm\u00e4ss\u00e4 \ns\u00e4\u00e4ss\u00e4 nopeasti hypotermiaan. \u00d6ljy on vaaraksi my\u00f6s linnun \nruoansulatuselimist\u00f6lle sen yritt\u00e4ess\u00e4 puhdistaa h\u00f6yheni\u00e4\u00e4n sukimalla. \nSamalla lintu tulee nielleeksi \u00f6ljy\u00e4. \u00d6ljyyntyneet linnut on saatava \npikimmiten kiinni ja toimitettua hoitoon. Ne tarvitsevat pesun j\u00e4lkeen \npitk\u00e4hk\u00f6n kuntoutusajan saadakseen h\u00f6yhenpukunsa j\u00e4lleen l\u00e4mp\u00f6\u00e4 ja vett\u00e4\n erist\u00e4v\u00e4ksi. Lintujen kiinniottamiseksi ja \u00f6ljyvuodon taustan \nselvitt\u00e4miseksi kannattaa pyyt\u00e4\u00e4 apua paikalliselta pelastuslaitokselta.<\/p>\n\n\n\n<p>Muuttomatkalle l\u00e4ht\u00f6\u00e4 pitkitt\u00e4v\u00e4t joutsenet her\u00e4tt\u00e4v\u00e4t ihmisiss\u00e4 \nhuolta syksyisin. Kaupunkien lahtiin viel\u00e4 j\u00e4iden tultuakin j\u00e4\u00e4v\u00e4t \nlinnut p\u00e4rj\u00e4\u00e4v\u00e4t yll\u00e4tt\u00e4v\u00e4n hyvin, kunhan niill\u00e4 on k\u00e4yt\u00f6ss\u00e4\u00e4n edes \npieni sulan veden alue, jolta ne l\u00f6yt\u00e4v\u00e4t ravintoa. Usein pieneen sulaan\n j\u00e4\u00e4v\u00e4\u00e4 joutsenta luullaan lentokyvytt\u00f6m\u00e4ksi, sill\u00e4 se ei tuhlaa \nenergiaa lent\u00e4miseen vaan pysyttelee paikoillaan pitki\u00e4 aikoja. Jos on \nperusteltu syy olettaa linnun olevan vahingoittunut, apua linnun kiinni \nottamiseksi ja hoitoon saattamiseksi on pyydett\u00e4v\u00e4 paikalliselta \npelastuslaitokselta.<\/p>\n","protected":false},"excerpt":{"rendered":"<p>Monet perheet ruokkivat mielell\u00e4\u00e4n vesilintuja ja niiden poikasia kes\u00e4isin. N\u00e4ille linnuille ei tulisi antaa runsaasti vaaleaa leip\u00e4\u00e4 tai pullaa. Vesilinnuille sopii leip\u00e4\u00e4 paremmin esimerkiksi raastettu omena, kes\u00e4kurpitsa, kurkku tai keitetty peruna pienin\u00e4 paloina. Kuva:&nbsp;500mm\/pixabay.com Aikuiset vesilinnut tarvitsevat apua melko harvoin. Sen sijaan sini- eli hein\u00e4sorsan poikueet ovat toisinaan pulassa. Sorsaemot, jotka eiv\u00e4t ole l\u00f6yt\u00e4neet kaupungin [&hellip;]<\/p>\n","protected":false},"author":8,"featured_media":68,"parent":0,"menu_order":0,"comment_status":"closed","ping_status":"closed","template":"","meta":{"_acf_changed":false,"footnotes":""},"class_list":["post-67","page","type-page","status-publish","has-post-thumbnail","hentry"],"acf":[],"yoast_head":"<!-- This site is optimized with the Yoast SEO plugin v27.1.1 - https:\/\/yoast.com\/product\/yoast-seo-wordpress\/ -->\n<title>Vesilinnut - Luonnonel\u00e4imet<\/title>\n<meta name=\"robots\" content=\"index, follow, max-snippet:-1, max-image-preview:large, max-video-preview:-1\" \/>\n<link rel=\"canonical\" href=\"https:\/\/sey.fi\/luonnonelaimet\/vesilinnut\/\" \/>\n<meta property=\"og:locale\" content=\"fi_FI\" \/>\n<meta property=\"og:type\" content=\"article\" \/>\n<meta property=\"og:title\" content=\"Vesilinnut - Luonnonel\u00e4imet\" \/>\n<meta property=\"og:description\" content=\"Monet perheet ruokkivat mielell\u00e4\u00e4n vesilintuja ja niiden poikasia kes\u00e4isin. N\u00e4ille linnuille ei tulisi antaa runsaasti vaaleaa leip\u00e4\u00e4 tai pullaa. Vesilinnuille sopii leip\u00e4\u00e4 paremmin esimerkiksi raastettu omena, kes\u00e4kurpitsa, kurkku tai keitetty peruna pienin\u00e4 paloina. Kuva:&nbsp;500mm\/pixabay.com Aikuiset vesilinnut tarvitsevat apua melko harvoin. Sen sijaan sini- eli hein\u00e4sorsan poikueet ovat toisinaan pulassa. Sorsaemot, jotka eiv\u00e4t ole l\u00f6yt\u00e4neet kaupungin [&hellip;]\" \/>\n<meta property=\"og:url\" content=\"https:\/\/sey.fi\/luonnonelaimet\/vesilinnut\/\" \/>\n<meta property=\"og:site_name\" content=\"Luonnonel\u00e4imet\" \/>\n<meta property=\"article:modified_time\" content=\"2026-02-13T17:18:57+00:00\" \/>\n<meta property=\"og:image\" content=\"https:\/\/sey.fi\/wp-content\/uploads\/sites\/49\/2019\/12\/sorsat_500mm_pixabay.com_.jpg\" \/>\n\t<meta property=\"og:image:width\" content=\"1200\" \/>\n\t<meta property=\"og:image:height\" content=\"795\" \/>\n\t<meta property=\"og:image:type\" content=\"image\/jpeg\" \/>\n<meta name=\"twitter:card\" content=\"summary_large_image\" \/>\n<meta name=\"twitter:label1\" content=\"Arvioitu lukuaika\" \/>\n\t<meta name=\"twitter:data1\" content=\"3 minuuttia\" \/>\n<script type=\"application\/ld+json\" class=\"yoast-schema-graph\">{\"@context\":\"https:\/\/schema.org\",\"@graph\":[{\"@type\":\"WebPage\",\"@id\":\"https:\/\/sey.fi\/luonnonelaimet\/vesilinnut\/\",\"url\":\"https:\/\/sey.fi\/luonnonelaimet\/vesilinnut\/\",\"name\":\"Vesilinnut - Luonnonel\u00e4imet\",\"isPartOf\":{\"@id\":\"https:\/\/sey.fi\/luonnonelaimet\/#website\"},\"primaryImageOfPage\":{\"@id\":\"https:\/\/sey.fi\/luonnonelaimet\/vesilinnut\/#primaryimage\"},\"image\":{\"@id\":\"https:\/\/sey.fi\/luonnonelaimet\/vesilinnut\/#primaryimage\"},\"thumbnailUrl\":\"https:\/\/sey.fi\/wp-content\/uploads\/sites\/49\/2019\/12\/sorsat_500mm_pixabay.com_.jpg\",\"datePublished\":\"2019-12-11T08:14:33+00:00\",\"dateModified\":\"2026-02-13T17:18:57+00:00\",\"breadcrumb\":{\"@id\":\"https:\/\/sey.fi\/luonnonelaimet\/vesilinnut\/#breadcrumb\"},\"inLanguage\":\"fi\",\"potentialAction\":[{\"@type\":\"ReadAction\",\"target\":[\"https:\/\/sey.fi\/luonnonelaimet\/vesilinnut\/\"]}]},{\"@type\":\"ImageObject\",\"inLanguage\":\"fi\",\"@id\":\"https:\/\/sey.fi\/luonnonelaimet\/vesilinnut\/#primaryimage\",\"url\":\"https:\/\/sey.fi\/wp-content\/uploads\/sites\/49\/2019\/12\/sorsat_500mm_pixabay.com_.jpg\",\"contentUrl\":\"https:\/\/sey.fi\/wp-content\/uploads\/sites\/49\/2019\/12\/sorsat_500mm_pixabay.com_.jpg\",\"width\":1200,\"height\":795},{\"@type\":\"BreadcrumbList\",\"@id\":\"https:\/\/sey.fi\/luonnonelaimet\/vesilinnut\/#breadcrumb\",\"itemListElement\":[{\"@type\":\"ListItem\",\"position\":1,\"name\":\"Home\",\"item\":\"https:\/\/sey.fi\/luonnonelaimet\/\"},{\"@type\":\"ListItem\",\"position\":2,\"name\":\"Vesilinnut\"}]},{\"@type\":\"WebSite\",\"@id\":\"https:\/\/sey.fi\/luonnonelaimet\/#website\",\"url\":\"https:\/\/sey.fi\/luonnonelaimet\/\",\"name\":\"Luonnonel\u00e4imet\",\"description\":\"Uusi SEY J\u00e4senyhdistykset -sivusto\",\"potentialAction\":[{\"@type\":\"SearchAction\",\"target\":{\"@type\":\"EntryPoint\",\"urlTemplate\":\"https:\/\/sey.fi\/luonnonelaimet\/?s={search_term_string}\"},\"query-input\":{\"@type\":\"PropertyValueSpecification\",\"valueRequired\":true,\"valueName\":\"search_term_string\"}}],\"inLanguage\":\"fi\"}]}<\/script>\n<!-- \/ Yoast SEO plugin. -->","yoast_head_json":{"title":"Vesilinnut - Luonnonel\u00e4imet","robots":{"index":"index","follow":"follow","max-snippet":"max-snippet:-1","max-image-preview":"max-image-preview:large","max-video-preview":"max-video-preview:-1"},"canonical":"https:\/\/sey.fi\/luonnonelaimet\/vesilinnut\/","og_locale":"fi_FI","og_type":"article","og_title":"Vesilinnut - Luonnonel\u00e4imet","og_description":"Monet perheet ruokkivat mielell\u00e4\u00e4n vesilintuja ja niiden poikasia kes\u00e4isin. N\u00e4ille linnuille ei tulisi antaa runsaasti vaaleaa leip\u00e4\u00e4 tai pullaa. Vesilinnuille sopii leip\u00e4\u00e4 paremmin esimerkiksi raastettu omena, kes\u00e4kurpitsa, kurkku tai keitetty peruna pienin\u00e4 paloina. Kuva:&nbsp;500mm\/pixabay.com Aikuiset vesilinnut tarvitsevat apua melko harvoin. Sen sijaan sini- eli hein\u00e4sorsan poikueet ovat toisinaan pulassa. Sorsaemot, jotka eiv\u00e4t ole l\u00f6yt\u00e4neet kaupungin [&hellip;]","og_url":"https:\/\/sey.fi\/luonnonelaimet\/vesilinnut\/","og_site_name":"Luonnonel\u00e4imet","article_modified_time":"2026-02-13T17:18:57+00:00","og_image":[{"width":1200,"height":795,"url":"https:\/\/sey.fi\/wp-content\/uploads\/sites\/49\/2019\/12\/sorsat_500mm_pixabay.com_.jpg","type":"image\/jpeg"}],"twitter_card":"summary_large_image","twitter_misc":{"Arvioitu lukuaika":"3 minuuttia"},"schema":{"@context":"https:\/\/schema.org","@graph":[{"@type":"WebPage","@id":"https:\/\/sey.fi\/luonnonelaimet\/vesilinnut\/","url":"https:\/\/sey.fi\/luonnonelaimet\/vesilinnut\/","name":"Vesilinnut - Luonnonel\u00e4imet","isPartOf":{"@id":"https:\/\/sey.fi\/luonnonelaimet\/#website"},"primaryImageOfPage":{"@id":"https:\/\/sey.fi\/luonnonelaimet\/vesilinnut\/#primaryimage"},"image":{"@id":"https:\/\/sey.fi\/luonnonelaimet\/vesilinnut\/#primaryimage"},"thumbnailUrl":"https:\/\/sey.fi\/wp-content\/uploads\/sites\/49\/2019\/12\/sorsat_500mm_pixabay.com_.jpg","datePublished":"2019-12-11T08:14:33+00:00","dateModified":"2026-02-13T17:18:57+00:00","breadcrumb":{"@id":"https:\/\/sey.fi\/luonnonelaimet\/vesilinnut\/#breadcrumb"},"inLanguage":"fi","potentialAction":[{"@type":"ReadAction","target":["https:\/\/sey.fi\/luonnonelaimet\/vesilinnut\/"]}]},{"@type":"ImageObject","inLanguage":"fi","@id":"https:\/\/sey.fi\/luonnonelaimet\/vesilinnut\/#primaryimage","url":"https:\/\/sey.fi\/wp-content\/uploads\/sites\/49\/2019\/12\/sorsat_500mm_pixabay.com_.jpg","contentUrl":"https:\/\/sey.fi\/wp-content\/uploads\/sites\/49\/2019\/12\/sorsat_500mm_pixabay.com_.jpg","width":1200,"height":795},{"@type":"BreadcrumbList","@id":"https:\/\/sey.fi\/luonnonelaimet\/vesilinnut\/#breadcrumb","itemListElement":[{"@type":"ListItem","position":1,"name":"Home","item":"https:\/\/sey.fi\/luonnonelaimet\/"},{"@type":"ListItem","position":2,"name":"Vesilinnut"}]},{"@type":"WebSite","@id":"https:\/\/sey.fi\/luonnonelaimet\/#website","url":"https:\/\/sey.fi\/luonnonelaimet\/","name":"Luonnonel\u00e4imet","description":"Uusi SEY J\u00e4senyhdistykset -sivusto","potentialAction":[{"@type":"SearchAction","target":{"@type":"EntryPoint","urlTemplate":"https:\/\/sey.fi\/luonnonelaimet\/?s={search_term_string}"},"query-input":{"@type":"PropertyValueSpecification","valueRequired":true,"valueName":"search_term_string"}}],"inLanguage":"fi"}]}},"_links":{"self":[{"href":"https:\/\/sey.fi\/luonnonelaimet\/wp-json\/wp\/v2\/pages\/67","targetHints":{"allow":["GET"]}}],"collection":[{"href":"https:\/\/sey.fi\/luonnonelaimet\/wp-json\/wp\/v2\/pages"}],"about":[{"href":"https:\/\/sey.fi\/luonnonelaimet\/wp-json\/wp\/v2\/types\/page"}],"author":[{"embeddable":true,"href":"https:\/\/sey.fi\/luonnonelaimet\/wp-json\/wp\/v2\/users\/8"}],"replies":[{"embeddable":true,"href":"https:\/\/sey.fi\/luonnonelaimet\/wp-json\/wp\/v2\/comments?post=67"}],"version-history":[{"count":2,"href":"https:\/\/sey.fi\/luonnonelaimet\/wp-json\/wp\/v2\/pages\/67\/revisions"}],"predecessor-version":[{"id":683,"href":"https:\/\/sey.fi\/luonnonelaimet\/wp-json\/wp\/v2\/pages\/67\/revisions\/683"}],"wp:featuredmedia":[{"embeddable":true,"href":"https:\/\/sey.fi\/luonnonelaimet\/wp-json\/wp\/v2\/media\/68"}],"wp:attachment":[{"href":"https:\/\/sey.fi\/luonnonelaimet\/wp-json\/wp\/v2\/media?parent=67"}],"curies":[{"name":"wp","href":"https:\/\/api.w.org\/{rel}","templated":true}]}}