{"id":70,"date":"2019-12-11T10:15:26","date_gmt":"2019-12-11T08:15:26","guid":{"rendered":"http:\/\/srvr10.xetpoint.com\/~seyfi\/luonnonelaimet\/?page_id=70"},"modified":"2021-05-26T11:42:26","modified_gmt":"2021-05-26T08:42:26","slug":"tervapaaskyt","status":"publish","type":"page","link":"https:\/\/sey.fi\/luonnonelaimet\/tervapaaskyt\/","title":{"rendered":"Tervap\u00e4\u00e4skyt"},"content":{"rendered":"\n<p>Tervap\u00e4\u00e4skyt ovat pitkine siipineen lent\u00e4misen mestareita. Ne eiv\u00e4t  kuitenkaan pysty ponnistamaan lentoon pikkiriikkisill\u00e4 jaloillaan, jos  ne syyst\u00e4 tai toisesta joutuvat maankamaralle. Joskus terve ja  hyv\u00e4kuntoinenkin aikuinen tervap\u00e4\u00e4sky saattaa joutua maahan. Silloin tervap\u00e4\u00e4sky\u00e4 tulee auttaa p\u00e4\u00e4sem\u00e4\u00e4n j\u00e4lleen siivilleen. <\/p>\n\n\n\n<p>Tervap\u00e4\u00e4sky nostetaan k\u00e4dess\u00e4 mahdollisimman yl\u00f6s, josta aikuinen kehittynyt lintu p\u00e4\u00e4see jatkamaan lentoaan. Ymp\u00e4rist\u00f6ksi kannattaa valita paikka, jossa on vain matalaa kasvillisuutta, jotta lentoon on helppo l\u00e4hte\u00e4. Jos kyseess\u00e4 on nuori lintu, joka muuten n\u00e4ytt\u00e4\u00e4 hyv\u00e4kuntoiselta, tulee varmistua siit\u00e4,  ett\u00e4 lintu riitt\u00e4v\u00e4n t\u00e4ysikasvuinen, ett\u00e4 siivet ovat kasvaneet tarpeeksi pitkiksi lent\u00e4miseen.<br><br>Jos tervap\u00e4\u00e4skyn poikanen on pudonnut pes\u00e4st\u00e4 maahan, se tarvitsee aina apua toisin kuin useimmat muut linnut, sill\u00e4 linnun vanhemmat eiv\u00e4t pysty ruokkimaan poikasta maahan. Tervap\u00e4\u00e4skyn voi varovasti nostaa takaisin pes\u00e4\u00e4ns\u00e4. Mik\u00e4li pes\u00e4\u00e4 ei l\u00f6ydy, lintu on toimitettava asiantuntevaan hoitoon.<br><\/p>\n\n\n\n<p>Vahingoittunut tai n\u00e4lkiintynyt lintu on toimitettava viipym\u00e4tt\u00e4 hoitoon. Etenkin kylmin\u00e4 ja  sateisina kesin\u00e4 pes\u00e4st\u00e4 l\u00e4htev\u00e4t poikaset voivat k\u00e4rsi\u00e4 ravinnon  puutteesta, sill\u00e4 niiden on vaikea l\u00f6yt\u00e4\u00e4 henkens\u00e4 pitimiksi riitt\u00e4v\u00e4sti  hy\u00f6nteisi\u00e4. Lennossa ruokailemaan tottuneina lintuina tervap\u00e4\u00e4skyt  eiv\u00e4t sy\u00f6 tarjolle asetettua ruokaa, vaan ne on pakkoruokittava. T\u00e4m\u00e4 on aina asiantuntijan teht\u00e4v\u00e4.<\/p>\n","protected":false},"excerpt":{"rendered":"<p>Tervap\u00e4\u00e4skyt ovat pitkine siipineen lent\u00e4misen mestareita. Ne eiv\u00e4t kuitenkaan pysty ponnistamaan lentoon pikkiriikkisill\u00e4 jaloillaan, jos ne syyst\u00e4 tai toisesta joutuvat maankamaralle. Joskus terve ja hyv\u00e4kuntoinenkin aikuinen tervap\u00e4\u00e4sky saattaa joutua maahan. Silloin tervap\u00e4\u00e4sky\u00e4 tulee auttaa p\u00e4\u00e4sem\u00e4\u00e4n j\u00e4lleen siivilleen. Tervap\u00e4\u00e4sky nostetaan k\u00e4dess\u00e4 mahdollisimman yl\u00f6s, josta aikuinen kehittynyt lintu p\u00e4\u00e4see jatkamaan lentoaan. Ymp\u00e4rist\u00f6ksi kannattaa valita paikka, jossa on [&hellip;]<\/p>\n","protected":false},"author":8,"featured_media":0,"parent":0,"menu_order":0,"comment_status":"closed","ping_status":"closed","template":"","meta":{"_acf_changed":false,"footnotes":""},"class_list":["post-70","page","type-page","status-publish","hentry"],"acf":[],"yoast_head":"<!-- This site is optimized with the Yoast SEO plugin v27.1.1 - https:\/\/yoast.com\/product\/yoast-seo-wordpress\/ -->\n<title>Tervap\u00e4\u00e4skyt - Luonnonel\u00e4imet<\/title>\n<meta name=\"description\" content=\"Tervap\u00e4\u00e4skyt eiv\u00e4t pysty ponnistamaan lentoon pikkiriikkisill\u00e4 jaloillaan, jos ne syyst\u00e4 tai toisesta joutuvat maankamaralle. Ne tarvitsevat ihmisen apua.\" \/>\n<meta name=\"robots\" content=\"index, follow, max-snippet:-1, max-image-preview:large, max-video-preview:-1\" \/>\n<link rel=\"canonical\" href=\"https:\/\/sey.fi\/luonnonelaimet\/tervapaaskyt\/\" \/>\n<meta property=\"og:locale\" content=\"fi_FI\" \/>\n<meta property=\"og:type\" content=\"article\" \/>\n<meta property=\"og:title\" content=\"Tervap\u00e4\u00e4skyt - Luonnonel\u00e4imet\" \/>\n<meta property=\"og:description\" content=\"Tervap\u00e4\u00e4skyt eiv\u00e4t pysty ponnistamaan lentoon pikkiriikkisill\u00e4 jaloillaan, jos ne syyst\u00e4 tai toisesta joutuvat maankamaralle. Ne tarvitsevat ihmisen apua.\" \/>\n<meta property=\"og:url\" content=\"https:\/\/sey.fi\/luonnonelaimet\/tervapaaskyt\/\" \/>\n<meta property=\"og:site_name\" content=\"Luonnonel\u00e4imet\" \/>\n<meta property=\"article:modified_time\" content=\"2021-05-26T08:42:26+00:00\" \/>\n<meta name=\"twitter:card\" content=\"summary_large_image\" \/>\n<meta name=\"twitter:label1\" content=\"Arvioitu lukuaika\" \/>\n\t<meta name=\"twitter:data1\" content=\"1 minuutti\" \/>\n<script type=\"application\/ld+json\" class=\"yoast-schema-graph\">{\"@context\":\"https:\/\/schema.org\",\"@graph\":[{\"@type\":\"WebPage\",\"@id\":\"https:\/\/sey.fi\/luonnonelaimet\/tervapaaskyt\/\",\"url\":\"https:\/\/sey.fi\/luonnonelaimet\/tervapaaskyt\/\",\"name\":\"Tervap\u00e4\u00e4skyt - Luonnonel\u00e4imet\",\"isPartOf\":{\"@id\":\"https:\/\/sey.fi\/luonnonelaimet\/#website\"},\"datePublished\":\"2019-12-11T08:15:26+00:00\",\"dateModified\":\"2021-05-26T08:42:26+00:00\",\"description\":\"Tervap\u00e4\u00e4skyt eiv\u00e4t pysty ponnistamaan lentoon pikkiriikkisill\u00e4 jaloillaan, jos ne syyst\u00e4 tai toisesta joutuvat maankamaralle. Ne tarvitsevat ihmisen apua.\",\"breadcrumb\":{\"@id\":\"https:\/\/sey.fi\/luonnonelaimet\/tervapaaskyt\/#breadcrumb\"},\"inLanguage\":\"fi\",\"potentialAction\":[{\"@type\":\"ReadAction\",\"target\":[\"https:\/\/sey.fi\/luonnonelaimet\/tervapaaskyt\/\"]}]},{\"@type\":\"BreadcrumbList\",\"@id\":\"https:\/\/sey.fi\/luonnonelaimet\/tervapaaskyt\/#breadcrumb\",\"itemListElement\":[{\"@type\":\"ListItem\",\"position\":1,\"name\":\"Home\",\"item\":\"https:\/\/sey.fi\/luonnonelaimet\/\"},{\"@type\":\"ListItem\",\"position\":2,\"name\":\"Tervap\u00e4\u00e4skyt\"}]},{\"@type\":\"WebSite\",\"@id\":\"https:\/\/sey.fi\/luonnonelaimet\/#website\",\"url\":\"https:\/\/sey.fi\/luonnonelaimet\/\",\"name\":\"Luonnonel\u00e4imet\",\"description\":\"Uusi SEY J\u00e4senyhdistykset -sivusto\",\"potentialAction\":[{\"@type\":\"SearchAction\",\"target\":{\"@type\":\"EntryPoint\",\"urlTemplate\":\"https:\/\/sey.fi\/luonnonelaimet\/?s={search_term_string}\"},\"query-input\":{\"@type\":\"PropertyValueSpecification\",\"valueRequired\":true,\"valueName\":\"search_term_string\"}}],\"inLanguage\":\"fi\"}]}<\/script>\n<!-- \/ Yoast SEO plugin. -->","yoast_head_json":{"title":"Tervap\u00e4\u00e4skyt - Luonnonel\u00e4imet","description":"Tervap\u00e4\u00e4skyt eiv\u00e4t pysty ponnistamaan lentoon pikkiriikkisill\u00e4 jaloillaan, jos ne syyst\u00e4 tai toisesta joutuvat maankamaralle. Ne tarvitsevat ihmisen apua.","robots":{"index":"index","follow":"follow","max-snippet":"max-snippet:-1","max-image-preview":"max-image-preview:large","max-video-preview":"max-video-preview:-1"},"canonical":"https:\/\/sey.fi\/luonnonelaimet\/tervapaaskyt\/","og_locale":"fi_FI","og_type":"article","og_title":"Tervap\u00e4\u00e4skyt - Luonnonel\u00e4imet","og_description":"Tervap\u00e4\u00e4skyt eiv\u00e4t pysty ponnistamaan lentoon pikkiriikkisill\u00e4 jaloillaan, jos ne syyst\u00e4 tai toisesta joutuvat maankamaralle. Ne tarvitsevat ihmisen apua.","og_url":"https:\/\/sey.fi\/luonnonelaimet\/tervapaaskyt\/","og_site_name":"Luonnonel\u00e4imet","article_modified_time":"2021-05-26T08:42:26+00:00","twitter_card":"summary_large_image","twitter_misc":{"Arvioitu lukuaika":"1 minuutti"},"schema":{"@context":"https:\/\/schema.org","@graph":[{"@type":"WebPage","@id":"https:\/\/sey.fi\/luonnonelaimet\/tervapaaskyt\/","url":"https:\/\/sey.fi\/luonnonelaimet\/tervapaaskyt\/","name":"Tervap\u00e4\u00e4skyt - Luonnonel\u00e4imet","isPartOf":{"@id":"https:\/\/sey.fi\/luonnonelaimet\/#website"},"datePublished":"2019-12-11T08:15:26+00:00","dateModified":"2021-05-26T08:42:26+00:00","description":"Tervap\u00e4\u00e4skyt eiv\u00e4t pysty ponnistamaan lentoon pikkiriikkisill\u00e4 jaloillaan, jos ne syyst\u00e4 tai toisesta joutuvat maankamaralle. Ne tarvitsevat ihmisen apua.","breadcrumb":{"@id":"https:\/\/sey.fi\/luonnonelaimet\/tervapaaskyt\/#breadcrumb"},"inLanguage":"fi","potentialAction":[{"@type":"ReadAction","target":["https:\/\/sey.fi\/luonnonelaimet\/tervapaaskyt\/"]}]},{"@type":"BreadcrumbList","@id":"https:\/\/sey.fi\/luonnonelaimet\/tervapaaskyt\/#breadcrumb","itemListElement":[{"@type":"ListItem","position":1,"name":"Home","item":"https:\/\/sey.fi\/luonnonelaimet\/"},{"@type":"ListItem","position":2,"name":"Tervap\u00e4\u00e4skyt"}]},{"@type":"WebSite","@id":"https:\/\/sey.fi\/luonnonelaimet\/#website","url":"https:\/\/sey.fi\/luonnonelaimet\/","name":"Luonnonel\u00e4imet","description":"Uusi SEY J\u00e4senyhdistykset -sivusto","potentialAction":[{"@type":"SearchAction","target":{"@type":"EntryPoint","urlTemplate":"https:\/\/sey.fi\/luonnonelaimet\/?s={search_term_string}"},"query-input":{"@type":"PropertyValueSpecification","valueRequired":true,"valueName":"search_term_string"}}],"inLanguage":"fi"}]}},"_links":{"self":[{"href":"https:\/\/sey.fi\/luonnonelaimet\/wp-json\/wp\/v2\/pages\/70","targetHints":{"allow":["GET"]}}],"collection":[{"href":"https:\/\/sey.fi\/luonnonelaimet\/wp-json\/wp\/v2\/pages"}],"about":[{"href":"https:\/\/sey.fi\/luonnonelaimet\/wp-json\/wp\/v2\/types\/page"}],"author":[{"embeddable":true,"href":"https:\/\/sey.fi\/luonnonelaimet\/wp-json\/wp\/v2\/users\/8"}],"replies":[{"embeddable":true,"href":"https:\/\/sey.fi\/luonnonelaimet\/wp-json\/wp\/v2\/comments?post=70"}],"version-history":[{"count":3,"href":"https:\/\/sey.fi\/luonnonelaimet\/wp-json\/wp\/v2\/pages\/70\/revisions"}],"predecessor-version":[{"id":228,"href":"https:\/\/sey.fi\/luonnonelaimet\/wp-json\/wp\/v2\/pages\/70\/revisions\/228"}],"wp:attachment":[{"href":"https:\/\/sey.fi\/luonnonelaimet\/wp-json\/wp\/v2\/media?parent=70"}],"curies":[{"name":"wp","href":"https:\/\/api.w.org\/{rel}","templated":true}]}}