{"id":72,"date":"2019-12-11T10:16:12","date_gmt":"2019-12-11T08:16:12","guid":{"rendered":"http:\/\/srvr10.xetpoint.com\/~seyfi\/luonnonelaimet\/?page_id=72"},"modified":"2019-12-11T10:16:15","modified_gmt":"2019-12-11T08:16:15","slug":"ikkunaan-tormannyt-lintu","status":"publish","type":"page","link":"https:\/\/sey.fi\/luonnonelaimet\/linnut\/ikkunaan-tormannyt-lintu\/","title":{"rendered":"Ikkunaan t\u00f6rm\u00e4nnyt lintu"},"content":{"rendered":"\n<p>Ikkunaan t\u00f6rm\u00e4nnytt\u00e4 lintua, joka istuu maassa p\u00f6kerryksiss\u00e4, voi \nl\u00e4mpim\u00e4ll\u00e4 s\u00e4\u00e4ll\u00e4 aluksi vain tarkkailla sit\u00e4 h\u00e4iritsem\u00e4tt\u00e4. Usein lintu\n l\u00e4htee hetken toivuttuaan itse lentoon, joskus se tarvitsee toista \ntuntia virkoamiseen. Jos lintu j\u00e4\u00e4 paikoilleen tuntien ajaksi eik\u00e4 \nsittenk\u00e4\u00e4n pakene l\u00e4hestyv\u00e4\u00e4 ihmist\u00e4, se on toimitettava luonnonvaraisia\n el\u00e4imi\u00e4 hoitavan tahon arvioitavaksi mahdollisten vammojen varalta.<\/p>\n\n\n\n<p>Kovalla pakkasella tai helteell\u00e4 ikkunaan t\u00f6rm\u00e4nnen linnun voi ottaa \npahvilaatikossa sis\u00e4tiloihin virkoamaan. Useimmiten pari tuntia riitt\u00e4\u00e4 \nja lintu l\u00e4htee reippaasti lentoon, kun laatikko ulkotiloissa avataan. \nJos ikkunaan t\u00f6rm\u00e4nnyt lintu n\u00e4ytt\u00e4\u00e4 selv\u00e4sti vahingoittuneelta ja \nesimerkiksi sen toinen siipi roikkuu selv\u00e4sti toista alempana, lintu \nkannattaa pyydyst\u00e4\u00e4 heti rauhallisesti pahvilaatikkoon ja toimittaa \nhoitoon<\/p>\n","protected":false},"excerpt":{"rendered":"<p>Ikkunaan t\u00f6rm\u00e4nnytt\u00e4 lintua, joka istuu maassa p\u00f6kerryksiss\u00e4, voi l\u00e4mpim\u00e4ll\u00e4 s\u00e4\u00e4ll\u00e4 aluksi vain tarkkailla sit\u00e4 h\u00e4iritsem\u00e4tt\u00e4. Usein lintu l\u00e4htee hetken toivuttuaan itse lentoon, joskus se tarvitsee toista tuntia virkoamiseen. Jos lintu j\u00e4\u00e4 paikoilleen tuntien ajaksi eik\u00e4 sittenk\u00e4\u00e4n pakene l\u00e4hestyv\u00e4\u00e4 ihmist\u00e4, se on toimitettava luonnonvaraisia el\u00e4imi\u00e4 hoitavan tahon arvioitavaksi mahdollisten vammojen varalta. Kovalla pakkasella tai helteell\u00e4 ikkunaan [&hellip;]<\/p>\n","protected":false},"author":8,"featured_media":0,"parent":65,"menu_order":0,"comment_status":"closed","ping_status":"closed","template":"","meta":{"_acf_changed":false,"footnotes":""},"class_list":["post-72","page","type-page","status-publish","hentry"],"acf":[],"yoast_head":"<!-- This site is optimized with the Yoast SEO plugin v27.1.1 - https:\/\/yoast.com\/product\/yoast-seo-wordpress\/ -->\n<title>Ikkunaan t\u00f6rm\u00e4nnyt lintu - Luonnonel\u00e4imet<\/title>\n<meta name=\"robots\" content=\"index, follow, max-snippet:-1, max-image-preview:large, max-video-preview:-1\" \/>\n<link rel=\"canonical\" href=\"https:\/\/sey.fi\/luonnonelaimet\/linnut\/ikkunaan-tormannyt-lintu\/\" \/>\n<meta property=\"og:locale\" content=\"fi_FI\" \/>\n<meta property=\"og:type\" content=\"article\" \/>\n<meta property=\"og:title\" content=\"Ikkunaan t\u00f6rm\u00e4nnyt lintu - Luonnonel\u00e4imet\" \/>\n<meta property=\"og:description\" content=\"Ikkunaan t\u00f6rm\u00e4nnytt\u00e4 lintua, joka istuu maassa p\u00f6kerryksiss\u00e4, voi l\u00e4mpim\u00e4ll\u00e4 s\u00e4\u00e4ll\u00e4 aluksi vain tarkkailla sit\u00e4 h\u00e4iritsem\u00e4tt\u00e4. Usein lintu l\u00e4htee hetken toivuttuaan itse lentoon, joskus se tarvitsee toista tuntia virkoamiseen. Jos lintu j\u00e4\u00e4 paikoilleen tuntien ajaksi eik\u00e4 sittenk\u00e4\u00e4n pakene l\u00e4hestyv\u00e4\u00e4 ihmist\u00e4, se on toimitettava luonnonvaraisia el\u00e4imi\u00e4 hoitavan tahon arvioitavaksi mahdollisten vammojen varalta. Kovalla pakkasella tai helteell\u00e4 ikkunaan [&hellip;]\" \/>\n<meta property=\"og:url\" content=\"https:\/\/sey.fi\/luonnonelaimet\/linnut\/ikkunaan-tormannyt-lintu\/\" \/>\n<meta property=\"og:site_name\" content=\"Luonnonel\u00e4imet\" \/>\n<meta property=\"article:modified_time\" content=\"2019-12-11T08:16:15+00:00\" \/>\n<meta name=\"twitter:card\" content=\"summary_large_image\" \/>\n<meta name=\"twitter:label1\" content=\"Arvioitu lukuaika\" \/>\n\t<meta name=\"twitter:data1\" content=\"1 minuutti\" \/>\n<script type=\"application\/ld+json\" class=\"yoast-schema-graph\">{\"@context\":\"https:\/\/schema.org\",\"@graph\":[{\"@type\":\"WebPage\",\"@id\":\"https:\/\/sey.fi\/luonnonelaimet\/linnut\/ikkunaan-tormannyt-lintu\/\",\"url\":\"https:\/\/sey.fi\/luonnonelaimet\/linnut\/ikkunaan-tormannyt-lintu\/\",\"name\":\"Ikkunaan t\u00f6rm\u00e4nnyt lintu - Luonnonel\u00e4imet\",\"isPartOf\":{\"@id\":\"https:\/\/sey.fi\/luonnonelaimet\/#website\"},\"datePublished\":\"2019-12-11T08:16:12+00:00\",\"dateModified\":\"2019-12-11T08:16:15+00:00\",\"breadcrumb\":{\"@id\":\"https:\/\/sey.fi\/luonnonelaimet\/linnut\/ikkunaan-tormannyt-lintu\/#breadcrumb\"},\"inLanguage\":\"fi\",\"potentialAction\":[{\"@type\":\"ReadAction\",\"target\":[\"https:\/\/sey.fi\/luonnonelaimet\/linnut\/ikkunaan-tormannyt-lintu\/\"]}]},{\"@type\":\"BreadcrumbList\",\"@id\":\"https:\/\/sey.fi\/luonnonelaimet\/linnut\/ikkunaan-tormannyt-lintu\/#breadcrumb\",\"itemListElement\":[{\"@type\":\"ListItem\",\"position\":1,\"name\":\"Home\",\"item\":\"https:\/\/sey.fi\/luonnonelaimet\/\"},{\"@type\":\"ListItem\",\"position\":2,\"name\":\"Linnut\",\"item\":\"https:\/\/sey.fi\/luonnonelaimet\/linnut\/\"},{\"@type\":\"ListItem\",\"position\":3,\"name\":\"Ikkunaan t\u00f6rm\u00e4nnyt lintu\"}]},{\"@type\":\"WebSite\",\"@id\":\"https:\/\/sey.fi\/luonnonelaimet\/#website\",\"url\":\"https:\/\/sey.fi\/luonnonelaimet\/\",\"name\":\"Luonnonel\u00e4imet\",\"description\":\"Uusi SEY J\u00e4senyhdistykset -sivusto\",\"potentialAction\":[{\"@type\":\"SearchAction\",\"target\":{\"@type\":\"EntryPoint\",\"urlTemplate\":\"https:\/\/sey.fi\/luonnonelaimet\/?s={search_term_string}\"},\"query-input\":{\"@type\":\"PropertyValueSpecification\",\"valueRequired\":true,\"valueName\":\"search_term_string\"}}],\"inLanguage\":\"fi\"}]}<\/script>\n<!-- \/ Yoast SEO plugin. -->","yoast_head_json":{"title":"Ikkunaan t\u00f6rm\u00e4nnyt lintu - Luonnonel\u00e4imet","robots":{"index":"index","follow":"follow","max-snippet":"max-snippet:-1","max-image-preview":"max-image-preview:large","max-video-preview":"max-video-preview:-1"},"canonical":"https:\/\/sey.fi\/luonnonelaimet\/linnut\/ikkunaan-tormannyt-lintu\/","og_locale":"fi_FI","og_type":"article","og_title":"Ikkunaan t\u00f6rm\u00e4nnyt lintu - Luonnonel\u00e4imet","og_description":"Ikkunaan t\u00f6rm\u00e4nnytt\u00e4 lintua, joka istuu maassa p\u00f6kerryksiss\u00e4, voi l\u00e4mpim\u00e4ll\u00e4 s\u00e4\u00e4ll\u00e4 aluksi vain tarkkailla sit\u00e4 h\u00e4iritsem\u00e4tt\u00e4. Usein lintu l\u00e4htee hetken toivuttuaan itse lentoon, joskus se tarvitsee toista tuntia virkoamiseen. Jos lintu j\u00e4\u00e4 paikoilleen tuntien ajaksi eik\u00e4 sittenk\u00e4\u00e4n pakene l\u00e4hestyv\u00e4\u00e4 ihmist\u00e4, se on toimitettava luonnonvaraisia el\u00e4imi\u00e4 hoitavan tahon arvioitavaksi mahdollisten vammojen varalta. Kovalla pakkasella tai helteell\u00e4 ikkunaan [&hellip;]","og_url":"https:\/\/sey.fi\/luonnonelaimet\/linnut\/ikkunaan-tormannyt-lintu\/","og_site_name":"Luonnonel\u00e4imet","article_modified_time":"2019-12-11T08:16:15+00:00","twitter_card":"summary_large_image","twitter_misc":{"Arvioitu lukuaika":"1 minuutti"},"schema":{"@context":"https:\/\/schema.org","@graph":[{"@type":"WebPage","@id":"https:\/\/sey.fi\/luonnonelaimet\/linnut\/ikkunaan-tormannyt-lintu\/","url":"https:\/\/sey.fi\/luonnonelaimet\/linnut\/ikkunaan-tormannyt-lintu\/","name":"Ikkunaan t\u00f6rm\u00e4nnyt lintu - Luonnonel\u00e4imet","isPartOf":{"@id":"https:\/\/sey.fi\/luonnonelaimet\/#website"},"datePublished":"2019-12-11T08:16:12+00:00","dateModified":"2019-12-11T08:16:15+00:00","breadcrumb":{"@id":"https:\/\/sey.fi\/luonnonelaimet\/linnut\/ikkunaan-tormannyt-lintu\/#breadcrumb"},"inLanguage":"fi","potentialAction":[{"@type":"ReadAction","target":["https:\/\/sey.fi\/luonnonelaimet\/linnut\/ikkunaan-tormannyt-lintu\/"]}]},{"@type":"BreadcrumbList","@id":"https:\/\/sey.fi\/luonnonelaimet\/linnut\/ikkunaan-tormannyt-lintu\/#breadcrumb","itemListElement":[{"@type":"ListItem","position":1,"name":"Home","item":"https:\/\/sey.fi\/luonnonelaimet\/"},{"@type":"ListItem","position":2,"name":"Linnut","item":"https:\/\/sey.fi\/luonnonelaimet\/linnut\/"},{"@type":"ListItem","position":3,"name":"Ikkunaan t\u00f6rm\u00e4nnyt lintu"}]},{"@type":"WebSite","@id":"https:\/\/sey.fi\/luonnonelaimet\/#website","url":"https:\/\/sey.fi\/luonnonelaimet\/","name":"Luonnonel\u00e4imet","description":"Uusi SEY J\u00e4senyhdistykset -sivusto","potentialAction":[{"@type":"SearchAction","target":{"@type":"EntryPoint","urlTemplate":"https:\/\/sey.fi\/luonnonelaimet\/?s={search_term_string}"},"query-input":{"@type":"PropertyValueSpecification","valueRequired":true,"valueName":"search_term_string"}}],"inLanguage":"fi"}]}},"_links":{"self":[{"href":"https:\/\/sey.fi\/luonnonelaimet\/wp-json\/wp\/v2\/pages\/72","targetHints":{"allow":["GET"]}}],"collection":[{"href":"https:\/\/sey.fi\/luonnonelaimet\/wp-json\/wp\/v2\/pages"}],"about":[{"href":"https:\/\/sey.fi\/luonnonelaimet\/wp-json\/wp\/v2\/types\/page"}],"author":[{"embeddable":true,"href":"https:\/\/sey.fi\/luonnonelaimet\/wp-json\/wp\/v2\/users\/8"}],"replies":[{"embeddable":true,"href":"https:\/\/sey.fi\/luonnonelaimet\/wp-json\/wp\/v2\/comments?post=72"}],"version-history":[{"count":1,"href":"https:\/\/sey.fi\/luonnonelaimet\/wp-json\/wp\/v2\/pages\/72\/revisions"}],"predecessor-version":[{"id":73,"href":"https:\/\/sey.fi\/luonnonelaimet\/wp-json\/wp\/v2\/pages\/72\/revisions\/73"}],"up":[{"embeddable":true,"href":"https:\/\/sey.fi\/luonnonelaimet\/wp-json\/wp\/v2\/pages\/65"}],"wp:attachment":[{"href":"https:\/\/sey.fi\/luonnonelaimet\/wp-json\/wp\/v2\/media?parent=72"}],"curies":[{"name":"wp","href":"https:\/\/api.w.org\/{rel}","templated":true}]}}