{"id":74,"date":"2019-12-11T10:16:51","date_gmt":"2019-12-11T08:16:51","guid":{"rendered":"http:\/\/srvr10.xetpoint.com\/~seyfi\/luonnonelaimet\/?page_id=74"},"modified":"2019-12-11T10:16:53","modified_gmt":"2019-12-11T08:16:53","slug":"lokkien-aiheuttamat-hairiot","status":"publish","type":"page","link":"https:\/\/sey.fi\/luonnonelaimet\/linnut\/lokkien-aiheuttamat-hairiot\/","title":{"rendered":"Lokkien aiheuttamat h\u00e4iri\u00f6t"},"content":{"rendered":"\n<p>Lokit hakevat usein helppoa ruokaa kahviloiden ja ravintoloiden \nterasseilta. N\u00e4m\u00e4 ovat kenties tavallisimpia tilanteita, joissa syntyy \nyhteent\u00f6rm\u00e4yksi\u00e4 ihmisten ja el\u00e4inten v\u00e4lill\u00e4. Linnut sy\u00f6ks\u00e4htelev\u00e4t \nruokailijoiden ohi tavalla, joka voi aiheuttaa h\u00e4t\u00e4\u00e4nnyst\u00e4 ja pelkoakin.<\/p>\n\n\n\n<p>Joskus siivekk\u00e4\u00e4t onnistuvat nappaamaan nokkaansa todellisen herkun, \nkuten maahan pudonneen piirakanpalan. T\u00e4llainen ravitseva ateria motivoi\n lintua toistamaan yrityksens\u00e4 uuden palkinnon toivossa.<\/p>\n\n\n\n<p>Lokkien k\u00e4ytt\u00e4ytymisen taustalla on valitettavan usein ihmisten \najattelemattomuus. Liian usein lintujen pelottomuutta ruokitaan \nheittelem\u00e4ll\u00e4 niille leiv\u00e4nmuruja tai muuta ruokaa kieltokylteist\u00e4 \nhuolimatta. T\u00e4llainen toiminta ei ole lintujen auttamista, vaan altistaa\n ne vaaratilanteille niiden tullessa yh\u00e4 varomattomammiksi ihmisten \nsuhteen. H\u00e4iri\u00f6iden v\u00e4ltt\u00e4miseksi lokkeja ei tule ruokkia, ja terassit \non tehokkainta suojata noin 30 senttimetrin v\u00e4lein asennettujen siimojen\n avulla. Siimat on asetettava riitt\u00e4v\u00e4n matalalle, noin 3\u20134 metrin \nkorkeuteen. Ruoant\u00e4hteit\u00e4 ei saa j\u00e4tt\u00e4\u00e4 p\u00f6ytiin, vaan ne on ker\u00e4tt\u00e4v\u00e4 \nv\u00e4litt\u00f6m\u00e4sti pois.<\/p>\n\n\n\n<p>Lokit aiheuttavat kaupunkilaisille harmaita hiuksia my\u00f6s \npuolustaessaan poikasiaan. Lokin n\u00e4k\u00f6kulmasta talojen katot ovat \nloistavia pes\u00e4paikkoja: niill\u00e4 ei liiku ihmisi\u00e4 ja ne ovat l\u00e4hell\u00e4 \nhelpon ravinnon l\u00e4hteit\u00e4. Ihmiset ovat tyytyv\u00e4isi\u00e4 poikasten liikkuessa \ntalojen katoilla, mutta tilanne muuttuu, kun viel\u00e4 lentokyvytt\u00f6m\u00e4t \npoikaset hypp\u00e4\u00e4v\u00e4t tai putoavat esimerkiksi kerrostalon sis\u00e4pihalle. \nT\u00e4ll\u00f6in emolinnut alkavat puolustaa poikasiaan tehden kiukkuisia \nvalehy\u00f6kk\u00e4yksi\u00e4 pihalla liikkuvia ihmisi\u00e4 kohti.<\/p>\n\n\n\n<p>Onneksi lokit saavuttavat lentokyvyn melko varhain, esimerkiksi \nkalalokin poikanen noin kuukaudessa. Asukkaiden pit\u00e4\u00e4 malttaa odotella \nsen ajan, sill\u00e4 laki suojaa kaikkia lintuja pesim\u00e4aikaan, eik\u00e4 poikasia \nsaa h\u00e4irit\u00e4. Jos poikanen on suoranaisessa vaarassa, sen voi siirt\u00e4\u00e4 \nturvallisempaan paikkaan, mutta muutoin sen on annettava olla rauhassa. \nJos pihalla liikkuminen tuntuu emojen hy\u00f6kk\u00e4ysten ja ulostepommituksen \nvuoksi mahdottomalta, voi suojakseen ottaa sateenvarjon siihen asti, \nkunnes poikaset nousevat siivilleen ja tilanne on ohi.<\/p>\n\n\n\n<p>Lokkien aiheuttamaa h\u00e4iri\u00f6t\u00e4 voi yritt\u00e4\u00e4 v\u00e4ltt\u00e4\u00e4 partioimalla talojen\n katoilla ennen lokkien pesinn\u00e4n alkamista. Katoilla pit\u00e4isi liikkua eri\n vuorokaudenaikoina, mielell\u00e4\u00e4n ep\u00e4s\u00e4\u00e4nn\u00f6llisesti. Katon vuoraaminen \nmuovipressulla voi my\u00f6s auttaa. Nyky\u00e4\u00e4n saatavilla on my\u00f6s optista \nkarkotusgeeli\u00e4, joka perustuu lintujen kykyyn n\u00e4hd\u00e4 UV-valoa.<\/p>\n","protected":false},"excerpt":{"rendered":"<p>Lokit hakevat usein helppoa ruokaa kahviloiden ja ravintoloiden terasseilta. N\u00e4m\u00e4 ovat kenties tavallisimpia tilanteita, joissa syntyy yhteent\u00f6rm\u00e4yksi\u00e4 ihmisten ja el\u00e4inten v\u00e4lill\u00e4. Linnut sy\u00f6ks\u00e4htelev\u00e4t ruokailijoiden ohi tavalla, joka voi aiheuttaa h\u00e4t\u00e4\u00e4nnyst\u00e4 ja pelkoakin. Joskus siivekk\u00e4\u00e4t onnistuvat nappaamaan nokkaansa todellisen herkun, kuten maahan pudonneen piirakanpalan. T\u00e4llainen ravitseva ateria motivoi lintua toistamaan yrityksens\u00e4 uuden palkinnon toivossa. Lokkien k\u00e4ytt\u00e4ytymisen [&hellip;]<\/p>\n","protected":false},"author":8,"featured_media":0,"parent":65,"menu_order":0,"comment_status":"closed","ping_status":"closed","template":"","meta":{"_acf_changed":false,"footnotes":""},"class_list":["post-74","page","type-page","status-publish","hentry"],"acf":[],"yoast_head":"<!-- This site is optimized with the Yoast SEO plugin v27.1.1 - https:\/\/yoast.com\/product\/yoast-seo-wordpress\/ -->\n<title>Lokkien aiheuttamat h\u00e4iri\u00f6t - Luonnonel\u00e4imet<\/title>\n<meta name=\"robots\" content=\"index, follow, max-snippet:-1, max-image-preview:large, max-video-preview:-1\" \/>\n<link rel=\"canonical\" href=\"https:\/\/sey.fi\/luonnonelaimet\/linnut\/lokkien-aiheuttamat-hairiot\/\" \/>\n<meta property=\"og:locale\" content=\"fi_FI\" \/>\n<meta property=\"og:type\" content=\"article\" \/>\n<meta property=\"og:title\" content=\"Lokkien aiheuttamat h\u00e4iri\u00f6t - Luonnonel\u00e4imet\" \/>\n<meta property=\"og:description\" content=\"Lokit hakevat usein helppoa ruokaa kahviloiden ja ravintoloiden terasseilta. N\u00e4m\u00e4 ovat kenties tavallisimpia tilanteita, joissa syntyy yhteent\u00f6rm\u00e4yksi\u00e4 ihmisten ja el\u00e4inten v\u00e4lill\u00e4. Linnut sy\u00f6ks\u00e4htelev\u00e4t ruokailijoiden ohi tavalla, joka voi aiheuttaa h\u00e4t\u00e4\u00e4nnyst\u00e4 ja pelkoakin. Joskus siivekk\u00e4\u00e4t onnistuvat nappaamaan nokkaansa todellisen herkun, kuten maahan pudonneen piirakanpalan. T\u00e4llainen ravitseva ateria motivoi lintua toistamaan yrityksens\u00e4 uuden palkinnon toivossa. Lokkien k\u00e4ytt\u00e4ytymisen [&hellip;]\" \/>\n<meta property=\"og:url\" content=\"https:\/\/sey.fi\/luonnonelaimet\/linnut\/lokkien-aiheuttamat-hairiot\/\" \/>\n<meta property=\"og:site_name\" content=\"Luonnonel\u00e4imet\" \/>\n<meta property=\"article:modified_time\" content=\"2019-12-11T08:16:53+00:00\" \/>\n<meta name=\"twitter:card\" content=\"summary_large_image\" \/>\n<meta name=\"twitter:label1\" content=\"Arvioitu lukuaika\" \/>\n\t<meta name=\"twitter:data1\" content=\"2 minuuttia\" \/>\n<script type=\"application\/ld+json\" class=\"yoast-schema-graph\">{\"@context\":\"https:\/\/schema.org\",\"@graph\":[{\"@type\":\"WebPage\",\"@id\":\"https:\/\/sey.fi\/luonnonelaimet\/linnut\/lokkien-aiheuttamat-hairiot\/\",\"url\":\"https:\/\/sey.fi\/luonnonelaimet\/linnut\/lokkien-aiheuttamat-hairiot\/\",\"name\":\"Lokkien aiheuttamat h\u00e4iri\u00f6t - Luonnonel\u00e4imet\",\"isPartOf\":{\"@id\":\"https:\/\/sey.fi\/luonnonelaimet\/#website\"},\"datePublished\":\"2019-12-11T08:16:51+00:00\",\"dateModified\":\"2019-12-11T08:16:53+00:00\",\"breadcrumb\":{\"@id\":\"https:\/\/sey.fi\/luonnonelaimet\/linnut\/lokkien-aiheuttamat-hairiot\/#breadcrumb\"},\"inLanguage\":\"fi\",\"potentialAction\":[{\"@type\":\"ReadAction\",\"target\":[\"https:\/\/sey.fi\/luonnonelaimet\/linnut\/lokkien-aiheuttamat-hairiot\/\"]}]},{\"@type\":\"BreadcrumbList\",\"@id\":\"https:\/\/sey.fi\/luonnonelaimet\/linnut\/lokkien-aiheuttamat-hairiot\/#breadcrumb\",\"itemListElement\":[{\"@type\":\"ListItem\",\"position\":1,\"name\":\"Home\",\"item\":\"https:\/\/sey.fi\/luonnonelaimet\/\"},{\"@type\":\"ListItem\",\"position\":2,\"name\":\"Linnut\",\"item\":\"https:\/\/sey.fi\/luonnonelaimet\/linnut\/\"},{\"@type\":\"ListItem\",\"position\":3,\"name\":\"Lokkien aiheuttamat h\u00e4iri\u00f6t\"}]},{\"@type\":\"WebSite\",\"@id\":\"https:\/\/sey.fi\/luonnonelaimet\/#website\",\"url\":\"https:\/\/sey.fi\/luonnonelaimet\/\",\"name\":\"Luonnonel\u00e4imet\",\"description\":\"Uusi SEY J\u00e4senyhdistykset -sivusto\",\"potentialAction\":[{\"@type\":\"SearchAction\",\"target\":{\"@type\":\"EntryPoint\",\"urlTemplate\":\"https:\/\/sey.fi\/luonnonelaimet\/?s={search_term_string}\"},\"query-input\":{\"@type\":\"PropertyValueSpecification\",\"valueRequired\":true,\"valueName\":\"search_term_string\"}}],\"inLanguage\":\"fi\"}]}<\/script>\n<!-- \/ Yoast SEO plugin. -->","yoast_head_json":{"title":"Lokkien aiheuttamat h\u00e4iri\u00f6t - Luonnonel\u00e4imet","robots":{"index":"index","follow":"follow","max-snippet":"max-snippet:-1","max-image-preview":"max-image-preview:large","max-video-preview":"max-video-preview:-1"},"canonical":"https:\/\/sey.fi\/luonnonelaimet\/linnut\/lokkien-aiheuttamat-hairiot\/","og_locale":"fi_FI","og_type":"article","og_title":"Lokkien aiheuttamat h\u00e4iri\u00f6t - Luonnonel\u00e4imet","og_description":"Lokit hakevat usein helppoa ruokaa kahviloiden ja ravintoloiden terasseilta. N\u00e4m\u00e4 ovat kenties tavallisimpia tilanteita, joissa syntyy yhteent\u00f6rm\u00e4yksi\u00e4 ihmisten ja el\u00e4inten v\u00e4lill\u00e4. Linnut sy\u00f6ks\u00e4htelev\u00e4t ruokailijoiden ohi tavalla, joka voi aiheuttaa h\u00e4t\u00e4\u00e4nnyst\u00e4 ja pelkoakin. Joskus siivekk\u00e4\u00e4t onnistuvat nappaamaan nokkaansa todellisen herkun, kuten maahan pudonneen piirakanpalan. T\u00e4llainen ravitseva ateria motivoi lintua toistamaan yrityksens\u00e4 uuden palkinnon toivossa. Lokkien k\u00e4ytt\u00e4ytymisen [&hellip;]","og_url":"https:\/\/sey.fi\/luonnonelaimet\/linnut\/lokkien-aiheuttamat-hairiot\/","og_site_name":"Luonnonel\u00e4imet","article_modified_time":"2019-12-11T08:16:53+00:00","twitter_card":"summary_large_image","twitter_misc":{"Arvioitu lukuaika":"2 minuuttia"},"schema":{"@context":"https:\/\/schema.org","@graph":[{"@type":"WebPage","@id":"https:\/\/sey.fi\/luonnonelaimet\/linnut\/lokkien-aiheuttamat-hairiot\/","url":"https:\/\/sey.fi\/luonnonelaimet\/linnut\/lokkien-aiheuttamat-hairiot\/","name":"Lokkien aiheuttamat h\u00e4iri\u00f6t - Luonnonel\u00e4imet","isPartOf":{"@id":"https:\/\/sey.fi\/luonnonelaimet\/#website"},"datePublished":"2019-12-11T08:16:51+00:00","dateModified":"2019-12-11T08:16:53+00:00","breadcrumb":{"@id":"https:\/\/sey.fi\/luonnonelaimet\/linnut\/lokkien-aiheuttamat-hairiot\/#breadcrumb"},"inLanguage":"fi","potentialAction":[{"@type":"ReadAction","target":["https:\/\/sey.fi\/luonnonelaimet\/linnut\/lokkien-aiheuttamat-hairiot\/"]}]},{"@type":"BreadcrumbList","@id":"https:\/\/sey.fi\/luonnonelaimet\/linnut\/lokkien-aiheuttamat-hairiot\/#breadcrumb","itemListElement":[{"@type":"ListItem","position":1,"name":"Home","item":"https:\/\/sey.fi\/luonnonelaimet\/"},{"@type":"ListItem","position":2,"name":"Linnut","item":"https:\/\/sey.fi\/luonnonelaimet\/linnut\/"},{"@type":"ListItem","position":3,"name":"Lokkien aiheuttamat h\u00e4iri\u00f6t"}]},{"@type":"WebSite","@id":"https:\/\/sey.fi\/luonnonelaimet\/#website","url":"https:\/\/sey.fi\/luonnonelaimet\/","name":"Luonnonel\u00e4imet","description":"Uusi SEY J\u00e4senyhdistykset -sivusto","potentialAction":[{"@type":"SearchAction","target":{"@type":"EntryPoint","urlTemplate":"https:\/\/sey.fi\/luonnonelaimet\/?s={search_term_string}"},"query-input":{"@type":"PropertyValueSpecification","valueRequired":true,"valueName":"search_term_string"}}],"inLanguage":"fi"}]}},"_links":{"self":[{"href":"https:\/\/sey.fi\/luonnonelaimet\/wp-json\/wp\/v2\/pages\/74","targetHints":{"allow":["GET"]}}],"collection":[{"href":"https:\/\/sey.fi\/luonnonelaimet\/wp-json\/wp\/v2\/pages"}],"about":[{"href":"https:\/\/sey.fi\/luonnonelaimet\/wp-json\/wp\/v2\/types\/page"}],"author":[{"embeddable":true,"href":"https:\/\/sey.fi\/luonnonelaimet\/wp-json\/wp\/v2\/users\/8"}],"replies":[{"embeddable":true,"href":"https:\/\/sey.fi\/luonnonelaimet\/wp-json\/wp\/v2\/comments?post=74"}],"version-history":[{"count":1,"href":"https:\/\/sey.fi\/luonnonelaimet\/wp-json\/wp\/v2\/pages\/74\/revisions"}],"predecessor-version":[{"id":75,"href":"https:\/\/sey.fi\/luonnonelaimet\/wp-json\/wp\/v2\/pages\/74\/revisions\/75"}],"up":[{"embeddable":true,"href":"https:\/\/sey.fi\/luonnonelaimet\/wp-json\/wp\/v2\/pages\/65"}],"wp:attachment":[{"href":"https:\/\/sey.fi\/luonnonelaimet\/wp-json\/wp\/v2\/media?parent=74"}],"curies":[{"name":"wp","href":"https:\/\/api.w.org\/{rel}","templated":true}]}}