{"id":79,"date":"2019-12-11T10:19:21","date_gmt":"2019-12-11T08:19:21","guid":{"rendered":"http:\/\/srvr10.xetpoint.com\/~seyfi\/luonnonelaimet\/?page_id=79"},"modified":"2019-12-11T10:19:23","modified_gmt":"2019-12-11T08:19:23","slug":"kalastusmenetelmat-ja-valineet","status":"publish","type":"page","link":"https:\/\/sey.fi\/luonnonelaimet\/luonnonvaraiset-elaimet\/kalastus-ja-ravustus\/kalastusmenetelmat-ja-valineet\/","title":{"rendered":"Kalastusmenetelm\u00e4t ja v\u00e4lineet"},"content":{"rendered":"\n<p>Kalojen kannalta on t\u00e4rke\u00e4\u00e4, ett\u00e4 kalastaja kantaa vastuunsa kiinni \nsaatujen kalojen hyv\u00e4st\u00e4 kohtelusta ja niiden k\u00e4rsimysten nopeasta ja \nmahdollisimman tuskattomasta p\u00e4\u00e4tt\u00e4misest\u00e4. Kiinni saadut kalat \nnostetaan vedest\u00e4 niin pian kuin se on turvallisesti mahdollista, ja ne \ntainnutetaan ja tapetaan v\u00e4litt\u00f6m\u00e4sti.<\/p>\n\n\n\n<p>Ne kalat, jotka halutaan esimerkiksi alamittaisuuden vuoksi \nvapauttaa, pyrit\u00e4\u00e4n irrottamaan koukusta veden alla, niit\u00e4 ilmaan \nnostamatta. Jos kala on nostettava vedest\u00e4 ilmaan, k\u00e4det kastellaan \nennen kalaan tarttumista. El\u00e4vi\u00e4 sy\u00f6ttikaloja ei tule k\u00e4ytt\u00e4\u00e4 t\u00e4kyin\u00e4.<\/p>\n\n\n\n<p>Vastuulliseen kalastamiseen kuuluu pyydysten, kuten verkkojen ja \nkatiskojen, tarkistaminen tiuhaan. Verkkoihin kiinni j\u00e4\u00e4neet kalat \ntainnutetaan v\u00e4litt\u00f6m\u00e4sti verkon kokemisen yhteydess\u00e4. Kalastusv\u00e4lineet \non pidett\u00e4v\u00e4 hyv\u00e4ss\u00e4 kunnossa niin, ettei esimerkiksi haurastunut siima \njohda sen katkeamiseen ja saaliin pakenemiseen viehe suuhun juuttuneena.<\/p>\n\n\n\n<p>Koukuissa suositaan yksihaaraisia ja v\u00e4k\u00e4sett\u00f6mi\u00e4 koukkuja. \nKalastettaessa tulee huomioida my\u00f6s alueen muu luonto. Esimerkiksi \nnorppavesill\u00e4 verkkojen sijaan kannattaa suosia katiskojen k\u00e4ytt\u00f6\u00e4. \nLintujen pesim\u00e4aikaan kannattaa v\u00e4ltt\u00e4\u00e4 aivan luotojen l\u00e4helle menemist\u00e4\n ja niille rantautumista.<\/p>\n\n\n\n<p>Niin sanotun pyydyst\u00e4 ja p\u00e4\u00e4st\u00e4 (catch and release) -kalastuksen \nainoana motiivina voidaan n\u00e4hd\u00e4 pyydystystilanteen aikaansaama j\u00e4nnitys,\n sill\u00e4 kaloja ei pyydystet\u00e4 ruoaksi. J\u00e4nnityst\u00e4 ei voida pit\u00e4\u00e4 kest\u00e4v\u00e4n\u00e4\n perusteluna k\u00e4rsimyksen ja kivun aiheuttamiseksi el\u00e4imille. Suuri osa \nirti p\u00e4\u00e4stetyist\u00e4 kaloista menehtyy saamiinsa, irrotusvaiheessa melko \npienelt\u00e4kin n\u00e4ytt\u00e4viin vammoihin vapauteen p\u00e4\u00e4semisen j\u00e4lkeen.<\/p>\n","protected":false},"excerpt":{"rendered":"<p>Kalojen kannalta on t\u00e4rke\u00e4\u00e4, ett\u00e4 kalastaja kantaa vastuunsa kiinni saatujen kalojen hyv\u00e4st\u00e4 kohtelusta ja niiden k\u00e4rsimysten nopeasta ja mahdollisimman tuskattomasta p\u00e4\u00e4tt\u00e4misest\u00e4. Kiinni saadut kalat nostetaan vedest\u00e4 niin pian kuin se on turvallisesti mahdollista, ja ne tainnutetaan ja tapetaan v\u00e4litt\u00f6m\u00e4sti. Ne kalat, jotka halutaan esimerkiksi alamittaisuuden vuoksi vapauttaa, pyrit\u00e4\u00e4n irrottamaan koukusta veden alla, niit\u00e4 ilmaan nostamatta. [&hellip;]<\/p>\n","protected":false},"author":8,"featured_media":0,"parent":76,"menu_order":0,"comment_status":"closed","ping_status":"closed","template":"","meta":{"_acf_changed":false,"footnotes":""},"class_list":["post-79","page","type-page","status-publish","hentry"],"acf":[],"yoast_head":"<!-- This site is optimized with the Yoast SEO plugin v27.1.1 - https:\/\/yoast.com\/product\/yoast-seo-wordpress\/ -->\n<title>Kalastusmenetelm\u00e4t ja v\u00e4lineet - Luonnonel\u00e4imet<\/title>\n<meta name=\"robots\" content=\"index, follow, max-snippet:-1, max-image-preview:large, max-video-preview:-1\" \/>\n<link rel=\"canonical\" href=\"https:\/\/sey.fi\/luonnonelaimet\/luonnonvaraiset-elaimet\/kalastus-ja-ravustus\/kalastusmenetelmat-ja-valineet\/\" \/>\n<meta property=\"og:locale\" content=\"fi_FI\" \/>\n<meta property=\"og:type\" content=\"article\" \/>\n<meta property=\"og:title\" content=\"Kalastusmenetelm\u00e4t ja v\u00e4lineet - Luonnonel\u00e4imet\" \/>\n<meta property=\"og:description\" content=\"Kalojen kannalta on t\u00e4rke\u00e4\u00e4, ett\u00e4 kalastaja kantaa vastuunsa kiinni saatujen kalojen hyv\u00e4st\u00e4 kohtelusta ja niiden k\u00e4rsimysten nopeasta ja mahdollisimman tuskattomasta p\u00e4\u00e4tt\u00e4misest\u00e4. Kiinni saadut kalat nostetaan vedest\u00e4 niin pian kuin se on turvallisesti mahdollista, ja ne tainnutetaan ja tapetaan v\u00e4litt\u00f6m\u00e4sti. Ne kalat, jotka halutaan esimerkiksi alamittaisuuden vuoksi vapauttaa, pyrit\u00e4\u00e4n irrottamaan koukusta veden alla, niit\u00e4 ilmaan nostamatta. [&hellip;]\" \/>\n<meta property=\"og:url\" content=\"https:\/\/sey.fi\/luonnonelaimet\/luonnonvaraiset-elaimet\/kalastus-ja-ravustus\/kalastusmenetelmat-ja-valineet\/\" \/>\n<meta property=\"og:site_name\" content=\"Luonnonel\u00e4imet\" \/>\n<meta property=\"article:modified_time\" content=\"2019-12-11T08:19:23+00:00\" \/>\n<meta name=\"twitter:card\" content=\"summary_large_image\" \/>\n<meta name=\"twitter:label1\" content=\"Arvioitu lukuaika\" \/>\n\t<meta name=\"twitter:data1\" content=\"1 minuutti\" \/>\n<script type=\"application\/ld+json\" class=\"yoast-schema-graph\">{\"@context\":\"https:\/\/schema.org\",\"@graph\":[{\"@type\":\"WebPage\",\"@id\":\"https:\/\/sey.fi\/luonnonelaimet\/luonnonvaraiset-elaimet\/kalastus-ja-ravustus\/kalastusmenetelmat-ja-valineet\/\",\"url\":\"https:\/\/sey.fi\/luonnonelaimet\/luonnonvaraiset-elaimet\/kalastus-ja-ravustus\/kalastusmenetelmat-ja-valineet\/\",\"name\":\"Kalastusmenetelm\u00e4t ja v\u00e4lineet - Luonnonel\u00e4imet\",\"isPartOf\":{\"@id\":\"https:\/\/sey.fi\/luonnonelaimet\/#website\"},\"datePublished\":\"2019-12-11T08:19:21+00:00\",\"dateModified\":\"2019-12-11T08:19:23+00:00\",\"breadcrumb\":{\"@id\":\"https:\/\/sey.fi\/luonnonelaimet\/luonnonvaraiset-elaimet\/kalastus-ja-ravustus\/kalastusmenetelmat-ja-valineet\/#breadcrumb\"},\"inLanguage\":\"fi\",\"potentialAction\":[{\"@type\":\"ReadAction\",\"target\":[\"https:\/\/sey.fi\/luonnonelaimet\/luonnonvaraiset-elaimet\/kalastus-ja-ravustus\/kalastusmenetelmat-ja-valineet\/\"]}]},{\"@type\":\"BreadcrumbList\",\"@id\":\"https:\/\/sey.fi\/luonnonelaimet\/luonnonvaraiset-elaimet\/kalastus-ja-ravustus\/kalastusmenetelmat-ja-valineet\/#breadcrumb\",\"itemListElement\":[{\"@type\":\"ListItem\",\"position\":1,\"name\":\"Home\",\"item\":\"https:\/\/sey.fi\/luonnonelaimet\/\"},{\"@type\":\"ListItem\",\"position\":2,\"name\":\"Luonnonvaraiset el\u00e4imet\",\"item\":\"https:\/\/sey.fi\/luonnonelaimet\/luonnonvaraiset-elaimet\/\"},{\"@type\":\"ListItem\",\"position\":3,\"name\":\"Kalat ja ravut\",\"item\":\"https:\/\/sey.fi\/luonnonelaimet\/luonnonvaraiset-elaimet\/kalastus-ja-ravustus\/\"},{\"@type\":\"ListItem\",\"position\":4,\"name\":\"Kalastusmenetelm\u00e4t ja v\u00e4lineet\"}]},{\"@type\":\"WebSite\",\"@id\":\"https:\/\/sey.fi\/luonnonelaimet\/#website\",\"url\":\"https:\/\/sey.fi\/luonnonelaimet\/\",\"name\":\"Luonnonel\u00e4imet\",\"description\":\"Uusi SEY J\u00e4senyhdistykset -sivusto\",\"potentialAction\":[{\"@type\":\"SearchAction\",\"target\":{\"@type\":\"EntryPoint\",\"urlTemplate\":\"https:\/\/sey.fi\/luonnonelaimet\/?s={search_term_string}\"},\"query-input\":{\"@type\":\"PropertyValueSpecification\",\"valueRequired\":true,\"valueName\":\"search_term_string\"}}],\"inLanguage\":\"fi\"}]}<\/script>\n<!-- \/ Yoast SEO plugin. -->","yoast_head_json":{"title":"Kalastusmenetelm\u00e4t ja v\u00e4lineet - Luonnonel\u00e4imet","robots":{"index":"index","follow":"follow","max-snippet":"max-snippet:-1","max-image-preview":"max-image-preview:large","max-video-preview":"max-video-preview:-1"},"canonical":"https:\/\/sey.fi\/luonnonelaimet\/luonnonvaraiset-elaimet\/kalastus-ja-ravustus\/kalastusmenetelmat-ja-valineet\/","og_locale":"fi_FI","og_type":"article","og_title":"Kalastusmenetelm\u00e4t ja v\u00e4lineet - Luonnonel\u00e4imet","og_description":"Kalojen kannalta on t\u00e4rke\u00e4\u00e4, ett\u00e4 kalastaja kantaa vastuunsa kiinni saatujen kalojen hyv\u00e4st\u00e4 kohtelusta ja niiden k\u00e4rsimysten nopeasta ja mahdollisimman tuskattomasta p\u00e4\u00e4tt\u00e4misest\u00e4. Kiinni saadut kalat nostetaan vedest\u00e4 niin pian kuin se on turvallisesti mahdollista, ja ne tainnutetaan ja tapetaan v\u00e4litt\u00f6m\u00e4sti. Ne kalat, jotka halutaan esimerkiksi alamittaisuuden vuoksi vapauttaa, pyrit\u00e4\u00e4n irrottamaan koukusta veden alla, niit\u00e4 ilmaan nostamatta. [&hellip;]","og_url":"https:\/\/sey.fi\/luonnonelaimet\/luonnonvaraiset-elaimet\/kalastus-ja-ravustus\/kalastusmenetelmat-ja-valineet\/","og_site_name":"Luonnonel\u00e4imet","article_modified_time":"2019-12-11T08:19:23+00:00","twitter_card":"summary_large_image","twitter_misc":{"Arvioitu lukuaika":"1 minuutti"},"schema":{"@context":"https:\/\/schema.org","@graph":[{"@type":"WebPage","@id":"https:\/\/sey.fi\/luonnonelaimet\/luonnonvaraiset-elaimet\/kalastus-ja-ravustus\/kalastusmenetelmat-ja-valineet\/","url":"https:\/\/sey.fi\/luonnonelaimet\/luonnonvaraiset-elaimet\/kalastus-ja-ravustus\/kalastusmenetelmat-ja-valineet\/","name":"Kalastusmenetelm\u00e4t ja v\u00e4lineet - Luonnonel\u00e4imet","isPartOf":{"@id":"https:\/\/sey.fi\/luonnonelaimet\/#website"},"datePublished":"2019-12-11T08:19:21+00:00","dateModified":"2019-12-11T08:19:23+00:00","breadcrumb":{"@id":"https:\/\/sey.fi\/luonnonelaimet\/luonnonvaraiset-elaimet\/kalastus-ja-ravustus\/kalastusmenetelmat-ja-valineet\/#breadcrumb"},"inLanguage":"fi","potentialAction":[{"@type":"ReadAction","target":["https:\/\/sey.fi\/luonnonelaimet\/luonnonvaraiset-elaimet\/kalastus-ja-ravustus\/kalastusmenetelmat-ja-valineet\/"]}]},{"@type":"BreadcrumbList","@id":"https:\/\/sey.fi\/luonnonelaimet\/luonnonvaraiset-elaimet\/kalastus-ja-ravustus\/kalastusmenetelmat-ja-valineet\/#breadcrumb","itemListElement":[{"@type":"ListItem","position":1,"name":"Home","item":"https:\/\/sey.fi\/luonnonelaimet\/"},{"@type":"ListItem","position":2,"name":"Luonnonvaraiset el\u00e4imet","item":"https:\/\/sey.fi\/luonnonelaimet\/luonnonvaraiset-elaimet\/"},{"@type":"ListItem","position":3,"name":"Kalat ja ravut","item":"https:\/\/sey.fi\/luonnonelaimet\/luonnonvaraiset-elaimet\/kalastus-ja-ravustus\/"},{"@type":"ListItem","position":4,"name":"Kalastusmenetelm\u00e4t ja v\u00e4lineet"}]},{"@type":"WebSite","@id":"https:\/\/sey.fi\/luonnonelaimet\/#website","url":"https:\/\/sey.fi\/luonnonelaimet\/","name":"Luonnonel\u00e4imet","description":"Uusi SEY J\u00e4senyhdistykset -sivusto","potentialAction":[{"@type":"SearchAction","target":{"@type":"EntryPoint","urlTemplate":"https:\/\/sey.fi\/luonnonelaimet\/?s={search_term_string}"},"query-input":{"@type":"PropertyValueSpecification","valueRequired":true,"valueName":"search_term_string"}}],"inLanguage":"fi"}]}},"_links":{"self":[{"href":"https:\/\/sey.fi\/luonnonelaimet\/wp-json\/wp\/v2\/pages\/79","targetHints":{"allow":["GET"]}}],"collection":[{"href":"https:\/\/sey.fi\/luonnonelaimet\/wp-json\/wp\/v2\/pages"}],"about":[{"href":"https:\/\/sey.fi\/luonnonelaimet\/wp-json\/wp\/v2\/types\/page"}],"author":[{"embeddable":true,"href":"https:\/\/sey.fi\/luonnonelaimet\/wp-json\/wp\/v2\/users\/8"}],"replies":[{"embeddable":true,"href":"https:\/\/sey.fi\/luonnonelaimet\/wp-json\/wp\/v2\/comments?post=79"}],"version-history":[{"count":1,"href":"https:\/\/sey.fi\/luonnonelaimet\/wp-json\/wp\/v2\/pages\/79\/revisions"}],"predecessor-version":[{"id":80,"href":"https:\/\/sey.fi\/luonnonelaimet\/wp-json\/wp\/v2\/pages\/79\/revisions\/80"}],"up":[{"embeddable":true,"href":"https:\/\/sey.fi\/luonnonelaimet\/wp-json\/wp\/v2\/pages\/76"}],"wp:attachment":[{"href":"https:\/\/sey.fi\/luonnonelaimet\/wp-json\/wp\/v2\/media?parent=79"}],"curies":[{"name":"wp","href":"https:\/\/api.w.org\/{rel}","templated":true}]}}