{"id":83,"date":"2019-12-11T10:21:57","date_gmt":"2019-12-11T08:21:57","guid":{"rendered":"http:\/\/srvr10.xetpoint.com\/~seyfi\/luonnonelaimet\/?page_id=83"},"modified":"2026-02-13T20:11:15","modified_gmt":"2026-02-13T18:11:15","slug":"matelijat-ja-sammakkoelaimet","status":"publish","type":"page","link":"https:\/\/sey.fi\/luonnonelaimet\/matelijat-ja-sammakkoelaimet\/","title":{"rendered":"Matelijat ja sammakkoel\u00e4imet"},"content":{"rendered":"\n<p class=\"has-text-align-right has-small-font-size\"><em>Kuva: P\u00e4ivi Ylikorpi<\/em><\/p>\n\n\n\n<p class=\"has-medium-font-size\"><em>Kaikki Suomen matelijat ja sammakkoel\u00e4imet ovat rauhoitettuja. Rauhoitus koskee el\u00e4inten kaikkia  kehitysvaiheita, eli laki kielt\u00e4\u00e4 my\u00f6s sammakoiden kudun tai nuijap\u00e4iden viemisen kotiin kasvatettaviksi. <\/em><\/p>\n\n\n\n<p>Tavallisimpia matelija- ja sammakkoel\u00e4inlajeja ovat maassamme <a href=\"https:\/\/sey.fi\/luonnonelaimet\/kyy\/\" target=\"_blank\" rel=\"noreferrer noopener\">kyy<\/a>, rantak\u00e4\u00e4rme, sisilisko, sammakko ja rupikonna. Kaikki Suomessa esiintyv\u00e4t matelijat ja sammakkoel\u00e4imet ovat rauhoitettuja. Niit\u00e4 ei saa siis esimerkiksi h\u00e4irit\u00e4, vahingoittaa tai ottaa haltuun.<\/p>\n\n\n\n<p>Matelijoiden ja sammakkoel\u00e4inten maineessa olisi kohentamisen varaa.  Liian usein n\u00e4m\u00e4 kiehtovat luontokappaleet joutuvat esimerkiksi lasten  kiusaamisen kohteeksi, kenties siksi, ettei niiden uskota kokevan kipua  ja pelkoa. Vaikka n\u00e4ill\u00e4 el\u00e4imill\u00e4 ei ole ilmeit\u00e4, eleit\u00e4 tai \u00e4\u00e4ni\u00e4,  jotka me ihmiset ymm\u00e4rt\u00e4isimme merkeiksi pelosta tai kivusta, se ei  tarkoita, ettei niill\u00e4 olisi edellytyksi\u00e4 n\u00e4iden tuntemiseen.<br><\/p>\n\n\n\n<h2 class=\"wp-block-heading\">Mik\u00e4 uhkaa matelijoita ja sammakkoel\u00e4imi\u00e4?<\/h2>\n\n\n\n<p>Matelijoiden ja sammakkoel\u00e4inten pahimpia uhkia ovat liikenne, niiden\n t\u00e4rkeille elin-, lis\u00e4\u00e4ntymis- tai talvehtimisalueille rakentaminen, \nelinymp\u00e4rist\u00f6jen pirstoutuminen ja lannoitteiden ja myrkkyjen k\u00e4ytt\u00f6. \nMatelijat ja sammakkoel\u00e4imet tulisikin ottaa paremmin huomioon etenkin \nlaajamittaisen rakentamisen yhteydess\u00e4. Pihalampien rakentaminen voi \nauttaa sammakoita ja rantak\u00e4\u00e4rmeit\u00e4 selviytym\u00e4\u00e4n silloin, kun \nluonnolliset vesielementit v\u00e4henev\u00e4t ymp\u00e4rist\u00f6ss\u00e4. Jos haluaa rakentaa \npihalammikon, josta on iloa my\u00f6s sammakoille ja k\u00e4\u00e4rmeille, kannattaa \nperehty\u00e4 aiheeseen tarkemmin internetin kautta.<\/p>\n\n\n\n<p>Pihalammikoiden kalat voivat kantaa mukanaan yll\u00e4tt\u00e4v\u00e4\u00e4 riskitekij\u00e4\u00e4 \nalueen sammakkoel\u00e4imille. Keski-Euroopassa tavataan sammakoiden \nvirustauteja, jotka ovat tappaneet kokonaisia sammakkopopulaatioita. \nN\u00e4m\u00e4 virukset voivat levit\u00e4 maasta toiseen koristekalojen mukana. Riski \nkotimaisille matelija- ja sammakkoel\u00e4inlajeillemme piilee my\u00f6s muista \nmaista kotoisin olevissa el\u00e4imiss\u00e4. Vieraat lajit voivat p\u00e4\u00e4ty\u00e4 Suomeen \nesimerkiksi laivojen painolastivesien tai tuontikasvien mukana, mutta \njoskus my\u00f6s ihmiset p\u00e4\u00e4st\u00e4v\u00e4t el\u00e4imi\u00e4 luontoon. Vieraiden lajien \np\u00e4\u00e4st\u00e4minen luontoon on harkitsematonta ja tuomittavaa.<\/p>\n\n\n\n<div class=\"wp-block-group\"><div class=\"wp-block-group__inner-container is-layout-constrained wp-block-group-is-layout-constrained\">\n<div class=\"wp-block-columns is-layout-flex wp-container-core-columns-is-layout-9d6595d7 wp-block-columns-is-layout-flex\">\n<div class=\"wp-block-column is-layout-flow wp-block-column-is-layout-flow\">\n<p class=\"has-text-align-center has-background\" style=\"background:linear-gradient(299deg,rgb(0,0,0) 0%,rgb(0,0,0) 100%)\"><strong><a href=\"https:\/\/sey.fi\/luonnonelaimet\/kyy\/\" target=\"_blank\" rel=\"noreferrer noopener\">Kyy<\/a><\/strong><\/p>\n<\/div>\n\n\n\n<div class=\"wp-block-column is-layout-flow wp-block-column-is-layout-flow\">\n<p class=\"has-text-align-center\"><\/p>\n<\/div>\n\n\n\n<div class=\"wp-block-column is-layout-flow wp-block-column-is-layout-flow\">\n<p class=\"has-text-align-center\"><\/p>\n<\/div>\n<\/div>\n<\/div><\/div>\n\n\n\n<p><\/p>\n","protected":false},"excerpt":{"rendered":"<p>Kuva: P\u00e4ivi Ylikorpi Kaikki Suomen matelijat ja sammakkoel\u00e4imet ovat rauhoitettuja. Rauhoitus koskee el\u00e4inten kaikkia kehitysvaiheita, eli laki kielt\u00e4\u00e4 my\u00f6s sammakoiden kudun tai nuijap\u00e4iden viemisen kotiin kasvatettaviksi. Tavallisimpia matelija- ja sammakkoel\u00e4inlajeja ovat maassamme kyy, rantak\u00e4\u00e4rme, sisilisko, sammakko ja rupikonna. Kaikki Suomessa esiintyv\u00e4t matelijat ja sammakkoel\u00e4imet ovat rauhoitettuja. Niit\u00e4 ei saa siis esimerkiksi h\u00e4irit\u00e4, vahingoittaa tai ottaa [&hellip;]<\/p>\n","protected":false},"author":8,"featured_media":84,"parent":0,"menu_order":0,"comment_status":"closed","ping_status":"closed","template":"","meta":{"_acf_changed":false,"footnotes":""},"class_list":["post-83","page","type-page","status-publish","has-post-thumbnail","hentry"],"acf":[],"yoast_head":"<!-- This site is optimized with the Yoast SEO plugin v27.1.1 - https:\/\/yoast.com\/product\/yoast-seo-wordpress\/ -->\n<title>Matelijat ja sammakkoel\u00e4imet - Luonnonel\u00e4imet<\/title>\n<meta name=\"robots\" content=\"index, follow, max-snippet:-1, max-image-preview:large, max-video-preview:-1\" \/>\n<link rel=\"canonical\" href=\"https:\/\/sey.fi\/luonnonelaimet\/matelijat-ja-sammakkoelaimet\/\" \/>\n<meta property=\"og:locale\" content=\"fi_FI\" \/>\n<meta property=\"og:type\" content=\"article\" \/>\n<meta property=\"og:title\" content=\"Matelijat ja sammakkoel\u00e4imet - Luonnonel\u00e4imet\" \/>\n<meta property=\"og:description\" content=\"Kuva: P\u00e4ivi Ylikorpi Kaikki Suomen matelijat ja sammakkoel\u00e4imet ovat rauhoitettuja. Rauhoitus koskee el\u00e4inten kaikkia kehitysvaiheita, eli laki kielt\u00e4\u00e4 my\u00f6s sammakoiden kudun tai nuijap\u00e4iden viemisen kotiin kasvatettaviksi. Tavallisimpia matelija- ja sammakkoel\u00e4inlajeja ovat maassamme kyy, rantak\u00e4\u00e4rme, sisilisko, sammakko ja rupikonna. Kaikki Suomessa esiintyv\u00e4t matelijat ja sammakkoel\u00e4imet ovat rauhoitettuja. Niit\u00e4 ei saa siis esimerkiksi h\u00e4irit\u00e4, vahingoittaa tai ottaa [&hellip;]\" \/>\n<meta property=\"og:url\" content=\"https:\/\/sey.fi\/luonnonelaimet\/matelijat-ja-sammakkoelaimet\/\" \/>\n<meta property=\"og:site_name\" content=\"Luonnonel\u00e4imet\" \/>\n<meta property=\"article:modified_time\" content=\"2026-02-13T18:11:15+00:00\" \/>\n<meta property=\"og:image\" content=\"https:\/\/sey.fi\/wp-content\/uploads\/sites\/49\/2019\/12\/kutu.jpg\" \/>\n\t<meta property=\"og:image:width\" content=\"2256\" \/>\n\t<meta property=\"og:image:height\" content=\"1504\" \/>\n\t<meta property=\"og:image:type\" content=\"image\/jpeg\" \/>\n<meta name=\"twitter:card\" content=\"summary_large_image\" \/>\n<meta name=\"twitter:label1\" content=\"Arvioitu lukuaika\" \/>\n\t<meta name=\"twitter:data1\" content=\"2 minuuttia\" \/>\n<script type=\"application\/ld+json\" class=\"yoast-schema-graph\">{\"@context\":\"https:\/\/schema.org\",\"@graph\":[{\"@type\":\"WebPage\",\"@id\":\"https:\/\/sey.fi\/luonnonelaimet\/matelijat-ja-sammakkoelaimet\/\",\"url\":\"https:\/\/sey.fi\/luonnonelaimet\/matelijat-ja-sammakkoelaimet\/\",\"name\":\"Matelijat ja sammakkoel\u00e4imet - Luonnonel\u00e4imet\",\"isPartOf\":{\"@id\":\"https:\/\/sey.fi\/luonnonelaimet\/#website\"},\"primaryImageOfPage\":{\"@id\":\"https:\/\/sey.fi\/luonnonelaimet\/matelijat-ja-sammakkoelaimet\/#primaryimage\"},\"image\":{\"@id\":\"https:\/\/sey.fi\/luonnonelaimet\/matelijat-ja-sammakkoelaimet\/#primaryimage\"},\"thumbnailUrl\":\"https:\/\/sey.fi\/wp-content\/uploads\/sites\/49\/2019\/12\/kutu.jpg\",\"datePublished\":\"2019-12-11T08:21:57+00:00\",\"dateModified\":\"2026-02-13T18:11:15+00:00\",\"breadcrumb\":{\"@id\":\"https:\/\/sey.fi\/luonnonelaimet\/matelijat-ja-sammakkoelaimet\/#breadcrumb\"},\"inLanguage\":\"fi\",\"potentialAction\":[{\"@type\":\"ReadAction\",\"target\":[\"https:\/\/sey.fi\/luonnonelaimet\/matelijat-ja-sammakkoelaimet\/\"]}]},{\"@type\":\"ImageObject\",\"inLanguage\":\"fi\",\"@id\":\"https:\/\/sey.fi\/luonnonelaimet\/matelijat-ja-sammakkoelaimet\/#primaryimage\",\"url\":\"https:\/\/sey.fi\/wp-content\/uploads\/sites\/49\/2019\/12\/kutu.jpg\",\"contentUrl\":\"https:\/\/sey.fi\/wp-content\/uploads\/sites\/49\/2019\/12\/kutu.jpg\",\"width\":2256,\"height\":1504},{\"@type\":\"BreadcrumbList\",\"@id\":\"https:\/\/sey.fi\/luonnonelaimet\/matelijat-ja-sammakkoelaimet\/#breadcrumb\",\"itemListElement\":[{\"@type\":\"ListItem\",\"position\":1,\"name\":\"Home\",\"item\":\"https:\/\/sey.fi\/luonnonelaimet\/\"},{\"@type\":\"ListItem\",\"position\":2,\"name\":\"Matelijat ja sammakkoel\u00e4imet\"}]},{\"@type\":\"WebSite\",\"@id\":\"https:\/\/sey.fi\/luonnonelaimet\/#website\",\"url\":\"https:\/\/sey.fi\/luonnonelaimet\/\",\"name\":\"Luonnonel\u00e4imet\",\"description\":\"Uusi SEY J\u00e4senyhdistykset -sivusto\",\"potentialAction\":[{\"@type\":\"SearchAction\",\"target\":{\"@type\":\"EntryPoint\",\"urlTemplate\":\"https:\/\/sey.fi\/luonnonelaimet\/?s={search_term_string}\"},\"query-input\":{\"@type\":\"PropertyValueSpecification\",\"valueRequired\":true,\"valueName\":\"search_term_string\"}}],\"inLanguage\":\"fi\"}]}<\/script>\n<!-- \/ Yoast SEO plugin. -->","yoast_head_json":{"title":"Matelijat ja sammakkoel\u00e4imet - Luonnonel\u00e4imet","robots":{"index":"index","follow":"follow","max-snippet":"max-snippet:-1","max-image-preview":"max-image-preview:large","max-video-preview":"max-video-preview:-1"},"canonical":"https:\/\/sey.fi\/luonnonelaimet\/matelijat-ja-sammakkoelaimet\/","og_locale":"fi_FI","og_type":"article","og_title":"Matelijat ja sammakkoel\u00e4imet - Luonnonel\u00e4imet","og_description":"Kuva: P\u00e4ivi Ylikorpi Kaikki Suomen matelijat ja sammakkoel\u00e4imet ovat rauhoitettuja. Rauhoitus koskee el\u00e4inten kaikkia kehitysvaiheita, eli laki kielt\u00e4\u00e4 my\u00f6s sammakoiden kudun tai nuijap\u00e4iden viemisen kotiin kasvatettaviksi. Tavallisimpia matelija- ja sammakkoel\u00e4inlajeja ovat maassamme kyy, rantak\u00e4\u00e4rme, sisilisko, sammakko ja rupikonna. Kaikki Suomessa esiintyv\u00e4t matelijat ja sammakkoel\u00e4imet ovat rauhoitettuja. Niit\u00e4 ei saa siis esimerkiksi h\u00e4irit\u00e4, vahingoittaa tai ottaa [&hellip;]","og_url":"https:\/\/sey.fi\/luonnonelaimet\/matelijat-ja-sammakkoelaimet\/","og_site_name":"Luonnonel\u00e4imet","article_modified_time":"2026-02-13T18:11:15+00:00","og_image":[{"width":2256,"height":1504,"url":"https:\/\/sey.fi\/wp-content\/uploads\/sites\/49\/2019\/12\/kutu.jpg","type":"image\/jpeg"}],"twitter_card":"summary_large_image","twitter_misc":{"Arvioitu lukuaika":"2 minuuttia"},"schema":{"@context":"https:\/\/schema.org","@graph":[{"@type":"WebPage","@id":"https:\/\/sey.fi\/luonnonelaimet\/matelijat-ja-sammakkoelaimet\/","url":"https:\/\/sey.fi\/luonnonelaimet\/matelijat-ja-sammakkoelaimet\/","name":"Matelijat ja sammakkoel\u00e4imet - Luonnonel\u00e4imet","isPartOf":{"@id":"https:\/\/sey.fi\/luonnonelaimet\/#website"},"primaryImageOfPage":{"@id":"https:\/\/sey.fi\/luonnonelaimet\/matelijat-ja-sammakkoelaimet\/#primaryimage"},"image":{"@id":"https:\/\/sey.fi\/luonnonelaimet\/matelijat-ja-sammakkoelaimet\/#primaryimage"},"thumbnailUrl":"https:\/\/sey.fi\/wp-content\/uploads\/sites\/49\/2019\/12\/kutu.jpg","datePublished":"2019-12-11T08:21:57+00:00","dateModified":"2026-02-13T18:11:15+00:00","breadcrumb":{"@id":"https:\/\/sey.fi\/luonnonelaimet\/matelijat-ja-sammakkoelaimet\/#breadcrumb"},"inLanguage":"fi","potentialAction":[{"@type":"ReadAction","target":["https:\/\/sey.fi\/luonnonelaimet\/matelijat-ja-sammakkoelaimet\/"]}]},{"@type":"ImageObject","inLanguage":"fi","@id":"https:\/\/sey.fi\/luonnonelaimet\/matelijat-ja-sammakkoelaimet\/#primaryimage","url":"https:\/\/sey.fi\/wp-content\/uploads\/sites\/49\/2019\/12\/kutu.jpg","contentUrl":"https:\/\/sey.fi\/wp-content\/uploads\/sites\/49\/2019\/12\/kutu.jpg","width":2256,"height":1504},{"@type":"BreadcrumbList","@id":"https:\/\/sey.fi\/luonnonelaimet\/matelijat-ja-sammakkoelaimet\/#breadcrumb","itemListElement":[{"@type":"ListItem","position":1,"name":"Home","item":"https:\/\/sey.fi\/luonnonelaimet\/"},{"@type":"ListItem","position":2,"name":"Matelijat ja sammakkoel\u00e4imet"}]},{"@type":"WebSite","@id":"https:\/\/sey.fi\/luonnonelaimet\/#website","url":"https:\/\/sey.fi\/luonnonelaimet\/","name":"Luonnonel\u00e4imet","description":"Uusi SEY J\u00e4senyhdistykset -sivusto","potentialAction":[{"@type":"SearchAction","target":{"@type":"EntryPoint","urlTemplate":"https:\/\/sey.fi\/luonnonelaimet\/?s={search_term_string}"},"query-input":{"@type":"PropertyValueSpecification","valueRequired":true,"valueName":"search_term_string"}}],"inLanguage":"fi"}]}},"_links":{"self":[{"href":"https:\/\/sey.fi\/luonnonelaimet\/wp-json\/wp\/v2\/pages\/83","targetHints":{"allow":["GET"]}}],"collection":[{"href":"https:\/\/sey.fi\/luonnonelaimet\/wp-json\/wp\/v2\/pages"}],"about":[{"href":"https:\/\/sey.fi\/luonnonelaimet\/wp-json\/wp\/v2\/types\/page"}],"author":[{"embeddable":true,"href":"https:\/\/sey.fi\/luonnonelaimet\/wp-json\/wp\/v2\/users\/8"}],"replies":[{"embeddable":true,"href":"https:\/\/sey.fi\/luonnonelaimet\/wp-json\/wp\/v2\/comments?post=83"}],"version-history":[{"count":7,"href":"https:\/\/sey.fi\/luonnonelaimet\/wp-json\/wp\/v2\/pages\/83\/revisions"}],"predecessor-version":[{"id":721,"href":"https:\/\/sey.fi\/luonnonelaimet\/wp-json\/wp\/v2\/pages\/83\/revisions\/721"}],"wp:featuredmedia":[{"embeddable":true,"href":"https:\/\/sey.fi\/luonnonelaimet\/wp-json\/wp\/v2\/media\/84"}],"wp:attachment":[{"href":"https:\/\/sey.fi\/luonnonelaimet\/wp-json\/wp\/v2\/media?parent=83"}],"curies":[{"name":"wp","href":"https:\/\/api.w.org\/{rel}","templated":true}]}}