{"id":88,"date":"2019-12-11T10:25:24","date_gmt":"2019-12-11T08:25:24","guid":{"rendered":"http:\/\/srvr10.xetpoint.com\/~seyfi\/luonnonelaimet\/?page_id=88"},"modified":"2026-04-02T17:47:40","modified_gmt":"2026-04-02T14:47:40","slug":"kyy","status":"publish","type":"page","link":"https:\/\/sey.fi\/luonnonelaimet\/kyy\/","title":{"rendered":"Kyy"},"content":{"rendered":"\n<p><em><strong>Kyy ei koskaan tieten tahtoen hakeudu puremaan ihmist\u00e4, vaan se puree vain puolustautuakseen.\u00a0Ennen puremista kyy yleens\u00e4 sihisee kuuluvasti. Se voi my\u00f6s tehd\u00e4 valehy\u00f6kk\u00e4yksen ly\u00f6m\u00e4ll\u00e4 kohdetta p\u00e4\u00e4ll\u00e4\u00e4n, suu suljettuna. Myrkky on kyylle kallisarvoista, eik\u00e4 se <br>tuhlaile sit\u00e4. Kuva:\u00a0Martin Tajmr\/pixabay.com<\/strong><\/em><\/p>\n\n\n\n<hr class=\"wp-block-separator has-alpha-channel-opacity\" \/>\n\n\n\n<p>Kyy on luonnonsuojelulain nojalla rauhoitettu vuodesta 2023 alkaen. Rauhoitettuun el\u00e4inlajiin kuuluvan yksil\u00f6n tappaminen ja pyydyst\u00e4minen sek\u00e4 tahallinen h\u00e4irit\u00e4 ja vahingoittaminen on kielletty. Jos pihapiiriss\u00e4 oleileva kyy aiheuttaa uhkaa ihmiselle tai kotiel\u00e4imelle, sen saa tarvittaessa ottaa kiinni ja siirt\u00e4\u00e4. Kiinnioton ja siirt\u00e4misen ollessa mahdotonta voi kyyn h\u00e4t\u00e4tapauksessa my\u00f6s tappaa.<\/p>\n\n\n\n<p>Vaikka kyyt\u00e4 suojelee el\u00e4insuojelulain lis\u00e4ksi rauhoitus, saavat kyyt silti valitettavan usein osakseen v\u00e4kivaltaista kohtelua her\u00e4tt\u00e4ess\u00e4\u00e4n pelkoa pihapiiriss\u00e4. Paniikki on kyiden suhteen aiheetonta, ja rauhallisesti  k\u00e4ytt\u00e4ytym\u00e4ll\u00e4 ja liikkumalla ja ymp\u00e4rist\u00f6\u00e4 valppaasti tarkastelemalla  liian l\u00e4heiset kohtaamiset t\u00e4m\u00e4n kiehtovan matelijan ja ihmisen v\u00e4lill\u00e4  voidaan l\u00e4hes aina v\u00e4ltt\u00e4\u00e4. On my\u00f6s hyv\u00e4 tiet\u00e4\u00e4, ett\u00e4 kyyn puremaan on  Suomessa menehtynyt ihminen viimeksi vuonna 1998. Kyyn purema on siis  ani harvoin hengenvaarallinen. <\/p>\n\n\n\n<h2 class=\"wp-block-heading\">Kyy pyrkii v\u00e4ist\u00e4m\u00e4\u00e4n ihmist\u00e4<\/h2>\n\n\n\n<p>Kyy ei koskaan tieten tahtoen hakeudu puremaan ihmist\u00e4, vaan purema \ntapahtuu ihmisen tultua yleens\u00e4 vahingossa niin l\u00e4helle kyyt\u00e4, ett\u00e4 se \npel\u00e4styy ja puolustautuu. Pel\u00e4stynyt kyy ei v\u00e4ltt\u00e4m\u00e4tt\u00e4 pure kohdettaan,\n vaan varoittaa t\u00e4t\u00e4 ensin s\u00e4hisem\u00e4ll\u00e4, ja usein my\u00f6s tekem\u00e4ll\u00e4 \nvalehy\u00f6kk\u00e4yksen, jossa se ly\u00f6 ihmist\u00e4 p\u00e4\u00e4ll\u00e4\u00e4n suu suljettuna ja pakenee\n heti sen j\u00e4lkeen. Kyyn tarkoitus on karkottaa ihminen ja n\u00e4in suojautua\n vaaralta. Toisaalta vaikka kyy purisi, se ei aina erit\u00e4 myrkky\u00e4.<\/p>\n\n\n\n<p>Kyiden halukkuus v\u00e4ist\u00e4\u00e4 ihmist\u00e4 riippuu useista seikoista. Vaikka ne\n tuntevat maan v\u00e4r\u00e4htelyn ihmisen t\u00f6mistelless\u00e4 sit\u00e4 asiaankuuluvasti, \nne saattavat j\u00e4hmetty\u00e4 paikoilleen ja luottaa esimerkiksi heinikon \ntarjoamaan n\u00e4k\u00f6suojaan. Haluttomimpia liikkumaan ovat loppukes\u00e4n tiineet\n kyynaaraat, joille liikkuminen on vaivalloisinta. Saappaat ovatkin \noikea jalkine liikuttaessa alueilla, joilla kyit\u00e4 tiedet\u00e4\u00e4n el\u00e4v\u00e4n.<\/p>\n\n\n\n<h2 class=\"wp-block-heading\">Kyiden siirto ja miten tehd\u00e4 pihasta v\u00e4hemm\u00e4n houkutteleva kyille<\/h2>\n\n\n\n<p>Kyyn pureman todenn\u00e4k\u00f6isyytt\u00e4 pihapiiriss\u00e4 liikuttaessa voidaan \nv\u00e4ltt\u00e4\u00e4 monin keinoin. Kyy ei viihdy avoimessa ymp\u00e4rist\u00f6ss\u00e4, joten \nkomposteja, risu- ja lehtikasoja ei kannata tehd\u00e4 kovin l\u00e4helle taloa. \nKyyn ruoka, pienet jyrsij\u00e4t, liikkuvat heinikoissa, joten nurmikko \nkannattaa pit\u00e4\u00e4 lyhyen\u00e4. Pihalla kannattaa liikkua t\u00f6mistellen, v\u00e4ltt\u00e4\u00e4 \netenkin risu- ja kivikasojen luona liikkumista ilman saappaita ja est\u00e4\u00e4 \nkyiden p\u00e4\u00e4sy rakennusten alle esimerkiksi verkkojen avulla. On my\u00f6s \nj\u00e4rkev\u00e4\u00e4 huolehtia siit\u00e4, ettei pihapiiri vet\u00e4isi puoleensa kyit\u00e4 \nhoukuttelevia jyrsij\u00f6it\u00e4. Esimerkiksi huonosti hoidettu lintujen \ntalviruokintapaikka, jossa jyvi\u00e4 varisee runsain mitoin maahan, voi \njohtaa jyrsij\u00f6iden m\u00e4\u00e4r\u00e4n runsastumiseen alueella.<\/p>\n\n\n\n<p>Jos pihapiirin kyyt aiheuttavat huolta, ne voidaan siirt\u00e4\u00e4 kauas asutuksesta. On hyvin todenn\u00e4k\u00f6ist\u00e4, ett\u00e4 pihapiiriin asettuu asumaan uusi kyy tai kyit\u00e4 ennemmin tai my\u00f6hemmin, mutta joksikin aikaa siirrosta voi olla apua. Samassa yhteydess\u00e4 siirron kanssa kannattaa pihasta tietysti h\u00e4vitt\u00e4\u00e4 kyit\u00e4 houkuttelevat asiat kuten risukasat, pitk\u00e4 heinikko jne. <\/p>\n\n\n\n<p>Jotta siirto olisi mielek\u00e4st\u00e4 tehd\u00e4, on alueen, jolle kyy siirret\u00e4\u00e4n, oltava k\u00e4\u00e4rmeelle elinymp\u00e4rist\u00f6ksi hyvin soveltuva. Lis\u00e4ksi sen tulee olla kaukana asutuksesta. Parasta on kysy\u00e4 paikalliselta kyiden el\u00e4m\u00e4\u00e4 tuntevalta harrastajalta, mihin siirrett\u00e4v\u00e4 kyy kannattaisi toimittaa. Kyy voidaan ohjata sopivaan kuljetusastiaan, esimerkiksi kannelliseen \u00e4mp\u00e4riin johon on tehty pieni\u00e4 ilmareiki\u00e4, varovasti esimerkiksi haravan tai luudan avulla. K\u00e4det on syyt\u00e4 suojata varmuuden vuoksi paksuilla hanskoilla ja jalkaan laittaa saappaat. Kun kyy on \u00e4mp\u00e4riss\u00e4, se kuljetetaan viipym\u00e4tt\u00e4 kyille sopivalle alueelle, kuten niityn kivikkoiseen reunaan v\u00e4hint\u00e4\u00e4n 2 kilometrin p\u00e4\u00e4h\u00e4n kiinniottopaikalta. Jos mahdollista, kannattaa valita alue, jolla kyit\u00e4 jo entuudestaan el\u00e4\u00e4.<\/p>\n\n\n\n<p><a href=\"https:\/\/www.facebook.com\/Kyyatlas\/\" target=\"_blank\" rel=\"noreferrer noopener\">Kyyatlakselta l\u00f6ytyy ohjeet kyiden siirt\u00e4miseen (FB Kyyatlas)<\/a> <br>Voit ilmoittaa Kyyatlakseen, mik\u00e4li tied\u00e4t kyiden talvehtimispaikkoja. Kyyatlas my\u00f6s ker\u00e4\u00e4 tietoa puremista.<\/p>\n\n\n\n<h2 class=\"wp-block-heading\">Rantak\u00e4\u00e4rme<\/h2>\n\n\n\n<figure class=\"wp-block-image size-large\"><img loading=\"lazy\" decoding=\"async\" width=\"1024\" height=\"705\" src=\"https:\/\/sey.fi\/wp-content\/uploads\/sites\/49\/2026\/04\/rantakaarme-2023_Jenni-Pasanen-1024x705.jpg\" alt=\"rantak\u00e4\u00e4rme hieman ker\u00e4ll\u00e4 makaamassa kev\u00e4isell\u00e4 sammalikolla Porvoossa\" class=\"wp-image-741\" srcset=\"https:\/\/sey.fi\/wp-content\/uploads\/sites\/49\/2026\/04\/rantakaarme-2023_Jenni-Pasanen-1024x705.jpg 1024w, https:\/\/sey.fi\/wp-content\/uploads\/sites\/49\/2026\/04\/rantakaarme-2023_Jenni-Pasanen-300x207.jpg 300w, https:\/\/sey.fi\/wp-content\/uploads\/sites\/49\/2026\/04\/rantakaarme-2023_Jenni-Pasanen-768x529.jpg 768w, https:\/\/sey.fi\/wp-content\/uploads\/sites\/49\/2026\/04\/rantakaarme-2023_Jenni-Pasanen-1536x1058.jpg 1536w, https:\/\/sey.fi\/wp-content\/uploads\/sites\/49\/2026\/04\/rantakaarme-2023_Jenni-Pasanen-2048x1411.jpg 2048w\" sizes=\"auto, (max-width: 1024px) 100vw, 1024px\" \/><figcaption class=\"wp-element-caption\"><em>Rantak\u00e4\u00e4rme  on myrkyt\u00f6n ja ihmisille ja kotiel\u00e4imille vaaraton, rauhoitettu laji.  Rantak\u00e4\u00e4rmeen tunnistaa yleens\u00e4 keltaisista korvallislaikuista, mutta kaikilla yksil\u00f6ill\u00e4 niit\u00e4 ei ole. Muita tuntomerkkej\u00e4 ovat esimerkiksi p\u00e4\u00e4n suuret suomut ja py\u00f6re\u00e4t silm\u00e4ter\u00e4t. Kyyll\u00e4 p\u00e4\u00e4ss\u00e4 on paljon pieni\u00e4  suomuja ja sen silm\u00e4ter\u00e4t ovat viirumaiset. V\u00e4rityksen perusteella tunnistus on vaikeampaa, sill\u00e4 sek\u00e4 rantak\u00e4\u00e4rmeist\u00e4 ett\u00e4 kyist\u00e4 tavataan useita eri v\u00e4rimuotoja, mutta sahalaitakuviota rantak\u00e4\u00e4rmeell\u00e4 ei koskaan ole. Kuva:\u00a0Jenni Pasanen<\/em><\/figcaption><\/figure>\n","protected":false},"excerpt":{"rendered":"<p>Kyy ei koskaan tieten tahtoen hakeudu puremaan ihmist\u00e4, vaan se puree vain puolustautuakseen.\u00a0Ennen puremista kyy yleens\u00e4 sihisee kuuluvasti. Se voi my\u00f6s tehd\u00e4 valehy\u00f6kk\u00e4yksen ly\u00f6m\u00e4ll\u00e4 kohdetta p\u00e4\u00e4ll\u00e4\u00e4n, suu suljettuna. Myrkky on kyylle kallisarvoista, eik\u00e4 se tuhlaile sit\u00e4. Kuva:\u00a0Martin Tajmr\/pixabay.com Kyy on luonnonsuojelulain nojalla rauhoitettu vuodesta 2023 alkaen. Rauhoitettuun el\u00e4inlajiin kuuluvan yksil\u00f6n tappaminen ja pyydyst\u00e4minen sek\u00e4 tahallinen [&hellip;]<\/p>\n","protected":false},"author":8,"featured_media":89,"parent":0,"menu_order":0,"comment_status":"closed","ping_status":"closed","template":"","meta":{"_acf_changed":false,"footnotes":""},"class_list":["post-88","page","type-page","status-publish","has-post-thumbnail","hentry"],"acf":[],"yoast_head":"<!-- This site is optimized with the Yoast SEO plugin v27.1.1 - https:\/\/yoast.com\/product\/yoast-seo-wordpress\/ -->\n<title>Kyy - Luonnonel\u00e4imet<\/title>\n<meta name=\"robots\" content=\"index, follow, max-snippet:-1, max-image-preview:large, max-video-preview:-1\" \/>\n<link rel=\"canonical\" href=\"https:\/\/sey.fi\/luonnonelaimet\/kyy\/\" \/>\n<meta property=\"og:locale\" content=\"fi_FI\" \/>\n<meta property=\"og:type\" content=\"article\" \/>\n<meta property=\"og:title\" content=\"Kyy - Luonnonel\u00e4imet\" \/>\n<meta property=\"og:description\" content=\"Kyy ei koskaan tieten tahtoen hakeudu puremaan ihmist\u00e4, vaan se puree vain puolustautuakseen.\u00a0Ennen puremista kyy yleens\u00e4 sihisee kuuluvasti. Se voi my\u00f6s tehd\u00e4 valehy\u00f6kk\u00e4yksen ly\u00f6m\u00e4ll\u00e4 kohdetta p\u00e4\u00e4ll\u00e4\u00e4n, suu suljettuna. Myrkky on kyylle kallisarvoista, eik\u00e4 se tuhlaile sit\u00e4. Kuva:\u00a0Martin Tajmr\/pixabay.com Kyy on luonnonsuojelulain nojalla rauhoitettu vuodesta 2023 alkaen. Rauhoitettuun el\u00e4inlajiin kuuluvan yksil\u00f6n tappaminen ja pyydyst\u00e4minen sek\u00e4 tahallinen [&hellip;]\" \/>\n<meta property=\"og:url\" content=\"https:\/\/sey.fi\/luonnonelaimet\/kyy\/\" \/>\n<meta property=\"og:site_name\" content=\"Luonnonel\u00e4imet\" \/>\n<meta property=\"article:modified_time\" content=\"2026-04-02T14:47:40+00:00\" \/>\n<meta property=\"og:image\" content=\"https:\/\/sey.fi\/wp-content\/uploads\/sites\/49\/2019\/12\/kyy_martin_tajmr_pixabay.com_.jpg\" \/>\n\t<meta property=\"og:image:width\" content=\"1200\" \/>\n\t<meta property=\"og:image:height\" content=\"800\" \/>\n\t<meta property=\"og:image:type\" content=\"image\/jpeg\" \/>\n<meta name=\"twitter:card\" content=\"summary_large_image\" \/>\n<meta name=\"twitter:label1\" content=\"Arvioitu lukuaika\" \/>\n\t<meta name=\"twitter:data1\" content=\"5 minuuttia\" \/>\n<script type=\"application\/ld+json\" class=\"yoast-schema-graph\">{\"@context\":\"https:\/\/schema.org\",\"@graph\":[{\"@type\":\"WebPage\",\"@id\":\"https:\/\/sey.fi\/luonnonelaimet\/kyy\/\",\"url\":\"https:\/\/sey.fi\/luonnonelaimet\/kyy\/\",\"name\":\"Kyy - Luonnonel\u00e4imet\",\"isPartOf\":{\"@id\":\"https:\/\/sey.fi\/luonnonelaimet\/#website\"},\"primaryImageOfPage\":{\"@id\":\"https:\/\/sey.fi\/luonnonelaimet\/kyy\/#primaryimage\"},\"image\":{\"@id\":\"https:\/\/sey.fi\/luonnonelaimet\/kyy\/#primaryimage\"},\"thumbnailUrl\":\"https:\/\/sey.fi\/wp-content\/uploads\/sites\/49\/2019\/12\/kyy_martin_tajmr_pixabay.com_.jpg\",\"datePublished\":\"2019-12-11T08:25:24+00:00\",\"dateModified\":\"2026-04-02T14:47:40+00:00\",\"breadcrumb\":{\"@id\":\"https:\/\/sey.fi\/luonnonelaimet\/kyy\/#breadcrumb\"},\"inLanguage\":\"fi\",\"potentialAction\":[{\"@type\":\"ReadAction\",\"target\":[\"https:\/\/sey.fi\/luonnonelaimet\/kyy\/\"]}]},{\"@type\":\"ImageObject\",\"inLanguage\":\"fi\",\"@id\":\"https:\/\/sey.fi\/luonnonelaimet\/kyy\/#primaryimage\",\"url\":\"https:\/\/sey.fi\/wp-content\/uploads\/sites\/49\/2019\/12\/kyy_martin_tajmr_pixabay.com_.jpg\",\"contentUrl\":\"https:\/\/sey.fi\/wp-content\/uploads\/sites\/49\/2019\/12\/kyy_martin_tajmr_pixabay.com_.jpg\",\"width\":1200,\"height\":800},{\"@type\":\"BreadcrumbList\",\"@id\":\"https:\/\/sey.fi\/luonnonelaimet\/kyy\/#breadcrumb\",\"itemListElement\":[{\"@type\":\"ListItem\",\"position\":1,\"name\":\"Home\",\"item\":\"https:\/\/sey.fi\/luonnonelaimet\/\"},{\"@type\":\"ListItem\",\"position\":2,\"name\":\"Kyy\"}]},{\"@type\":\"WebSite\",\"@id\":\"https:\/\/sey.fi\/luonnonelaimet\/#website\",\"url\":\"https:\/\/sey.fi\/luonnonelaimet\/\",\"name\":\"Luonnonel\u00e4imet\",\"description\":\"Uusi SEY J\u00e4senyhdistykset -sivusto\",\"potentialAction\":[{\"@type\":\"SearchAction\",\"target\":{\"@type\":\"EntryPoint\",\"urlTemplate\":\"https:\/\/sey.fi\/luonnonelaimet\/?s={search_term_string}\"},\"query-input\":{\"@type\":\"PropertyValueSpecification\",\"valueRequired\":true,\"valueName\":\"search_term_string\"}}],\"inLanguage\":\"fi\"}]}<\/script>\n<!-- \/ Yoast SEO plugin. -->","yoast_head_json":{"title":"Kyy - Luonnonel\u00e4imet","robots":{"index":"index","follow":"follow","max-snippet":"max-snippet:-1","max-image-preview":"max-image-preview:large","max-video-preview":"max-video-preview:-1"},"canonical":"https:\/\/sey.fi\/luonnonelaimet\/kyy\/","og_locale":"fi_FI","og_type":"article","og_title":"Kyy - Luonnonel\u00e4imet","og_description":"Kyy ei koskaan tieten tahtoen hakeudu puremaan ihmist\u00e4, vaan se puree vain puolustautuakseen.\u00a0Ennen puremista kyy yleens\u00e4 sihisee kuuluvasti. Se voi my\u00f6s tehd\u00e4 valehy\u00f6kk\u00e4yksen ly\u00f6m\u00e4ll\u00e4 kohdetta p\u00e4\u00e4ll\u00e4\u00e4n, suu suljettuna. Myrkky on kyylle kallisarvoista, eik\u00e4 se tuhlaile sit\u00e4. Kuva:\u00a0Martin Tajmr\/pixabay.com Kyy on luonnonsuojelulain nojalla rauhoitettu vuodesta 2023 alkaen. Rauhoitettuun el\u00e4inlajiin kuuluvan yksil\u00f6n tappaminen ja pyydyst\u00e4minen sek\u00e4 tahallinen [&hellip;]","og_url":"https:\/\/sey.fi\/luonnonelaimet\/kyy\/","og_site_name":"Luonnonel\u00e4imet","article_modified_time":"2026-04-02T14:47:40+00:00","og_image":[{"width":1200,"height":800,"url":"https:\/\/sey.fi\/wp-content\/uploads\/sites\/49\/2019\/12\/kyy_martin_tajmr_pixabay.com_.jpg","type":"image\/jpeg"}],"twitter_card":"summary_large_image","twitter_misc":{"Arvioitu lukuaika":"5 minuuttia"},"schema":{"@context":"https:\/\/schema.org","@graph":[{"@type":"WebPage","@id":"https:\/\/sey.fi\/luonnonelaimet\/kyy\/","url":"https:\/\/sey.fi\/luonnonelaimet\/kyy\/","name":"Kyy - Luonnonel\u00e4imet","isPartOf":{"@id":"https:\/\/sey.fi\/luonnonelaimet\/#website"},"primaryImageOfPage":{"@id":"https:\/\/sey.fi\/luonnonelaimet\/kyy\/#primaryimage"},"image":{"@id":"https:\/\/sey.fi\/luonnonelaimet\/kyy\/#primaryimage"},"thumbnailUrl":"https:\/\/sey.fi\/wp-content\/uploads\/sites\/49\/2019\/12\/kyy_martin_tajmr_pixabay.com_.jpg","datePublished":"2019-12-11T08:25:24+00:00","dateModified":"2026-04-02T14:47:40+00:00","breadcrumb":{"@id":"https:\/\/sey.fi\/luonnonelaimet\/kyy\/#breadcrumb"},"inLanguage":"fi","potentialAction":[{"@type":"ReadAction","target":["https:\/\/sey.fi\/luonnonelaimet\/kyy\/"]}]},{"@type":"ImageObject","inLanguage":"fi","@id":"https:\/\/sey.fi\/luonnonelaimet\/kyy\/#primaryimage","url":"https:\/\/sey.fi\/wp-content\/uploads\/sites\/49\/2019\/12\/kyy_martin_tajmr_pixabay.com_.jpg","contentUrl":"https:\/\/sey.fi\/wp-content\/uploads\/sites\/49\/2019\/12\/kyy_martin_tajmr_pixabay.com_.jpg","width":1200,"height":800},{"@type":"BreadcrumbList","@id":"https:\/\/sey.fi\/luonnonelaimet\/kyy\/#breadcrumb","itemListElement":[{"@type":"ListItem","position":1,"name":"Home","item":"https:\/\/sey.fi\/luonnonelaimet\/"},{"@type":"ListItem","position":2,"name":"Kyy"}]},{"@type":"WebSite","@id":"https:\/\/sey.fi\/luonnonelaimet\/#website","url":"https:\/\/sey.fi\/luonnonelaimet\/","name":"Luonnonel\u00e4imet","description":"Uusi SEY J\u00e4senyhdistykset -sivusto","potentialAction":[{"@type":"SearchAction","target":{"@type":"EntryPoint","urlTemplate":"https:\/\/sey.fi\/luonnonelaimet\/?s={search_term_string}"},"query-input":{"@type":"PropertyValueSpecification","valueRequired":true,"valueName":"search_term_string"}}],"inLanguage":"fi"}]}},"_links":{"self":[{"href":"https:\/\/sey.fi\/luonnonelaimet\/wp-json\/wp\/v2\/pages\/88","targetHints":{"allow":["GET"]}}],"collection":[{"href":"https:\/\/sey.fi\/luonnonelaimet\/wp-json\/wp\/v2\/pages"}],"about":[{"href":"https:\/\/sey.fi\/luonnonelaimet\/wp-json\/wp\/v2\/types\/page"}],"author":[{"embeddable":true,"href":"https:\/\/sey.fi\/luonnonelaimet\/wp-json\/wp\/v2\/users\/8"}],"replies":[{"embeddable":true,"href":"https:\/\/sey.fi\/luonnonelaimet\/wp-json\/wp\/v2\/comments?post=88"}],"version-history":[{"count":7,"href":"https:\/\/sey.fi\/luonnonelaimet\/wp-json\/wp\/v2\/pages\/88\/revisions"}],"predecessor-version":[{"id":744,"href":"https:\/\/sey.fi\/luonnonelaimet\/wp-json\/wp\/v2\/pages\/88\/revisions\/744"}],"wp:featuredmedia":[{"embeddable":true,"href":"https:\/\/sey.fi\/luonnonelaimet\/wp-json\/wp\/v2\/media\/89"}],"wp:attachment":[{"href":"https:\/\/sey.fi\/luonnonelaimet\/wp-json\/wp\/v2\/media?parent=88"}],"curies":[{"name":"wp","href":"https:\/\/api.w.org\/{rel}","templated":true}]}}