{"id":93,"date":"2019-12-11T10:28:46","date_gmt":"2019-12-11T08:28:46","guid":{"rendered":"http:\/\/srvr10.xetpoint.com\/~seyfi\/luonnonelaimet\/?page_id=93"},"modified":"2023-01-27T11:50:02","modified_gmt":"2023-01-27T09:50:02","slug":"aamunavaus","status":"publish","type":"page","link":"https:\/\/sey.fi\/luonnonelaimet\/aamunavaus\/","title":{"rendered":"Aamunavaus"},"content":{"rendered":"\n<div class=\"wp-block-image\"><figure class=\"alignright\"><img decoding=\"async\" src=\"http:\/\/luonnonelaimet.fi\/images\/tirppa01.png\" alt=\"\" \/><\/figure><\/div>\n\n\n\n<p>Oletko koskaan miettinyt el\u00e4inten tunteita? Milt\u00e4 tuntuu vaikkapa \nkissasta, joka k\u00e4pertyy kehr\u00e4ten syliisi torkkumaan ja silitelt\u00e4v\u00e4ksi, \nkun sin\u00e4 katsot televisiota sohvalla? Onkohan sill\u00e4 hyv\u00e4, turvallinen ja\n tyytyv\u00e4inen olo? Ent\u00e4 milt\u00e4 tuntuu koirasta, joka hyppii ja py\u00f6r\u00e4htelee\n jaloissasi h\u00e4nt\u00e4 heiluen, kun kohtaatte koulup\u00e4iv\u00e4n j\u00e4lkeen? Onko se \niloinen ja innoissaan ja odottaa yhteist\u00e4 leikkihetke\u00e4 tai lenkille \nl\u00e4ht\u00f6\u00e4? Eik\u00f6 tunnukin aika selv\u00e4lt\u00e4, ett\u00e4 lemmikkiel\u00e4imill\u00e4 on \nmonenlaisia tunteita? Monilla niist\u00e4 on my\u00f6s omalaatuisia tapoja, jotka \ntekev\u00e4t niist\u00e4 yksil\u00f6it\u00e4. Yksik\u00e4\u00e4n koira ei ole toisen koiran kanssa \nt\u00e4sm\u00e4lleen samanlainen, aivan kuin me ihmisetkin olemme \nsamankaltaisuudestamme huolimatta aina my\u00f6s erilaisia, omanlaisiamme.<\/p>\n\n\n\n<p>Moni ei ole ehk\u00e4 tullut ajatelleeksi, ett\u00e4 my\u00f6s villiel\u00e4imill\u00e4 on \ntunteet. Nekin pel\u00e4styv\u00e4t, kiinnostuvat, ilahtuvat ja huolestuvat. Ne \neiv\u00e4t v\u00e4ltt\u00e4m\u00e4tt\u00e4 ilmaise tunteitaan samalla tavoin kuin me ihmiset, \nmutta silti niill\u00e4 on tunteet. Esimerkiksi kala tuntee kipua ja pelkoa, \nvaikkei se pysty huutamaan tai n\u00e4ytt\u00e4m\u00e4\u00e4n tunteitaan ilmeill\u00e4\u00e4n. Jotkut \nel\u00e4imet voivat auttaa toveriaan h\u00e4d\u00e4ss\u00e4, vaikka joutuisivat samalla itse\n suureen vaaraan. Toiset taas valitsevat itselleen puolison, jonka \nkanssa ne el\u00e4v\u00e4t yhdess\u00e4 koko el\u00e4m\u00e4ns\u00e4. Joskus luonnon el\u00e4imet saattavat\n my\u00f6s leikki\u00e4. Saukot voivat laskea m\u00e4ke\u00e4 lumikinoksissa ja korpit \nharjoitella ilma-akrobatiaa lennossa. Luonnossa el\u00e4vill\u00e4 el\u00e4imill\u00e4 on \nmy\u00f6s ikiomia tapoja. Metsiss\u00e4mme liikkuu siis samalla tavalla \nyksil\u00f6llisi\u00e4 el\u00e4imi\u00e4, kuin kotona olevat lemmikkimmekin.<\/p>\n\n\n\n<p>Luonto on sit\u00e4 mielenkiintoisempi paikka, mit\u00e4 enemm\u00e4n siit\u00e4 oppii \ntiet\u00e4m\u00e4\u00e4n. Onneksi luontoa ja el\u00e4imi\u00e4 n\u00e4hd\u00e4kseen ei ole pakko edes \nl\u00e4hte\u00e4 mets\u00e4\u00e4n, vaan villiel\u00e4imi\u00e4 on kaikkialla, my\u00f6s kaupungeissa. Kun \nseuraavan kerran n\u00e4et villej\u00e4 el\u00e4imi\u00e4, tarkkaile niit\u00e4 hetkinen \nhuolellisesti. Seuraa vaikka, miten pulut k\u00e4ytt\u00e4ytyv\u00e4t toisiaan kohtaan.\n Onko parvessa hyvi\u00e4 kavereita tai riitapukareita? Mieti, mit\u00e4 arvelet \npihakuusessa raakkuvan variksen mieless\u00e4 liikkuvan? Kenelle se raakkuu \nja mit\u00e4 sill\u00e4 on asiaa?<\/p>\n\n\n\n<p>Voit my\u00f6s mietti\u00e4, voisitko olla t\u00e4m\u00e4n saman maapallon kanssamme \njakaville el\u00e4inyst\u00e4villemme jotenkin avuksi? Ainakin voit olla \nkiusaamatta ja h\u00e4iritsem\u00e4tt\u00e4 niit\u00e4 ja puuttua siihen, jos joku muu tekee\n niin. El\u00e4inten poikaset kannattaa j\u00e4tt\u00e4\u00e4 rauhaan, jotta niiden ja \nniiden emojen ei tarvitse olla peloissaan. Jollei el\u00e4imen poikanen ole \npahasti loukkaantunut tai varmasti orpo, sen on aina parasta olla oman \nemonsa ja is\u00e4ns\u00e4 luona. Ihan niin kuin sinunkin omassa kodissasi.<\/p>\n\n\n\n<p>Voisitkohan olla my\u00f6s roskaamatta luontoa? Roskat ovat luonnon \nel\u00e4imille monin tavoin vaarallisia. El\u00e4imet voivat sotkeutua maahan \nj\u00e4tettyihin siimoihin tai muoviroskiin, tai ne voivat niell\u00e4 \nk\u00e4\u00e4repaperia tai muovia, jossa on ruoan hajua. Ne voivat satuttaa \njalkansa lasinsiruihin, eik\u00e4 kukaan vie tassuunsa haavan saanutta kettua\n tai j\u00e4nist\u00e4 el\u00e4inl\u00e4\u00e4k\u00e4riin. Todellinen el\u00e4inyst\u00e4v\u00e4 kantaa omat roskansa\n roskikseen, mutta saattaa ker\u00e4t\u00e4 ymp\u00e4rist\u00f6st\u00e4 my\u00f6s muiden sinne \nj\u00e4tt\u00e4mi\u00e4 roskia. Jos sin\u00e4 ker\u00e4\u00e4t luonnosta yhden roskan joka p\u00e4iv\u00e4, \nvuodessa ker\u00e4\u00e4t 365 roskaa. Jos koko luokkasi innostuu tekem\u00e4\u00e4n samalla \ntavalla, vuodessa olette poistaneet ymp\u00e4rist\u00f6st\u00e4 tuhansia roskia!<\/p>\n\n\n\n<p>Mit\u00e4 muuta voisit tehd\u00e4 el\u00e4inten hyv\u00e4ksi? Voisitko rakentaa \nvanhempiesi tai isovanhempiesi kanssa ensi kes\u00e4ksi yhden linnunp\u00f6nt\u00f6n \ntai siilin talvipes\u00e4n? Tai huolehtia siit\u00e4, ett\u00e4 lintujen \ntalviruokintapaikka pysyy puhtaana ja siell\u00e4 on ruokaa koko talven ajan?<\/p>\n\n\n\n<p>Voit tehd\u00e4 monenlaisia pieni\u00e4 tekoja luonnon el\u00e4inten hyv\u00e4ksi. Kun \nmuistat, ett\u00e4 jokaisella luonnon el\u00e4imell\u00e4 on tunteet ja ett\u00e4 niill\u00e4 on \nkova ty\u00f6 etsi\u00e4 itselleen ja poikasilleen, osaat helposti suhtautua \nk\u00e4rsiv\u00e4llisesti vaikkapa torilla parveileviin lokkeihin tai rannalla \nsinua h\u00e4tistelev\u00e4\u00e4n, poikasistaan huolissaan olevaan hanhiemoon. \nJaetaanhan t\u00e4m\u00e4 maapallo yhdess\u00e4 el\u00e4inten ja toistemme kanssa sopuisasti\n ja toinen toisistamme huolehtien ja toisiamme arvostaen.<\/p>\n\n\n\n<p>Hyv\u00e4\u00e4 El\u00e4inten viikkoa!<\/p>\n","protected":false},"excerpt":{"rendered":"<p>Oletko koskaan miettinyt el\u00e4inten tunteita? Milt\u00e4 tuntuu vaikkapa kissasta, joka k\u00e4pertyy kehr\u00e4ten syliisi torkkumaan ja silitelt\u00e4v\u00e4ksi, kun sin\u00e4 katsot televisiota sohvalla? Onkohan sill\u00e4 hyv\u00e4, turvallinen ja tyytyv\u00e4inen olo? Ent\u00e4 milt\u00e4 tuntuu koirasta, joka hyppii ja py\u00f6r\u00e4htelee jaloissasi h\u00e4nt\u00e4 heiluen, kun kohtaatte koulup\u00e4iv\u00e4n j\u00e4lkeen? Onko se iloinen ja innoissaan ja odottaa yhteist\u00e4 leikkihetke\u00e4 tai lenkille l\u00e4ht\u00f6\u00e4? [&hellip;]<\/p>\n","protected":false},"author":8,"featured_media":472,"parent":0,"menu_order":0,"comment_status":"closed","ping_status":"closed","template":"","meta":{"_acf_changed":false,"footnotes":""},"class_list":["post-93","page","type-page","status-publish","has-post-thumbnail","hentry"],"acf":[],"yoast_head":"<!-- This site is optimized with the Yoast SEO plugin v27.1.1 - https:\/\/yoast.com\/product\/yoast-seo-wordpress\/ -->\n<title>Aamunavaus - Luonnonel\u00e4imet<\/title>\n<meta name=\"robots\" content=\"index, follow, max-snippet:-1, max-image-preview:large, max-video-preview:-1\" \/>\n<link rel=\"canonical\" href=\"https:\/\/sey.fi\/luonnonelaimet\/aamunavaus\/\" \/>\n<meta property=\"og:locale\" content=\"fi_FI\" \/>\n<meta property=\"og:type\" content=\"article\" \/>\n<meta property=\"og:title\" content=\"Aamunavaus - Luonnonel\u00e4imet\" \/>\n<meta property=\"og:description\" content=\"Oletko koskaan miettinyt el\u00e4inten tunteita? Milt\u00e4 tuntuu vaikkapa kissasta, joka k\u00e4pertyy kehr\u00e4ten syliisi torkkumaan ja silitelt\u00e4v\u00e4ksi, kun sin\u00e4 katsot televisiota sohvalla? Onkohan sill\u00e4 hyv\u00e4, turvallinen ja tyytyv\u00e4inen olo? Ent\u00e4 milt\u00e4 tuntuu koirasta, joka hyppii ja py\u00f6r\u00e4htelee jaloissasi h\u00e4nt\u00e4 heiluen, kun kohtaatte koulup\u00e4iv\u00e4n j\u00e4lkeen? Onko se iloinen ja innoissaan ja odottaa yhteist\u00e4 leikkihetke\u00e4 tai lenkille l\u00e4ht\u00f6\u00e4? [&hellip;]\" \/>\n<meta property=\"og:url\" content=\"https:\/\/sey.fi\/luonnonelaimet\/aamunavaus\/\" \/>\n<meta property=\"og:site_name\" content=\"Luonnonel\u00e4imet\" \/>\n<meta property=\"article:modified_time\" content=\"2023-01-27T09:50:02+00:00\" \/>\n<meta property=\"og:image\" content=\"https:\/\/sey.fi\/wp-content\/uploads\/sites\/49\/2023\/01\/aamunavaus.png\" \/>\n\t<meta property=\"og:image:width\" content=\"1280\" \/>\n\t<meta property=\"og:image:height\" content=\"640\" \/>\n\t<meta property=\"og:image:type\" content=\"image\/png\" \/>\n<meta name=\"twitter:card\" content=\"summary_large_image\" \/>\n<meta name=\"twitter:label1\" content=\"Arvioitu lukuaika\" \/>\n\t<meta name=\"twitter:data1\" content=\"4 minuuttia\" \/>\n<script type=\"application\/ld+json\" class=\"yoast-schema-graph\">{\"@context\":\"https:\/\/schema.org\",\"@graph\":[{\"@type\":\"WebPage\",\"@id\":\"https:\/\/sey.fi\/luonnonelaimet\/aamunavaus\/\",\"url\":\"https:\/\/sey.fi\/luonnonelaimet\/aamunavaus\/\",\"name\":\"Aamunavaus - Luonnonel\u00e4imet\",\"isPartOf\":{\"@id\":\"https:\/\/sey.fi\/luonnonelaimet\/#website\"},\"primaryImageOfPage\":{\"@id\":\"https:\/\/sey.fi\/luonnonelaimet\/aamunavaus\/#primaryimage\"},\"image\":{\"@id\":\"https:\/\/sey.fi\/luonnonelaimet\/aamunavaus\/#primaryimage\"},\"thumbnailUrl\":\"https:\/\/sey.fi\/wp-content\/uploads\/sites\/49\/2023\/01\/aamunavaus.png\",\"datePublished\":\"2019-12-11T08:28:46+00:00\",\"dateModified\":\"2023-01-27T09:50:02+00:00\",\"breadcrumb\":{\"@id\":\"https:\/\/sey.fi\/luonnonelaimet\/aamunavaus\/#breadcrumb\"},\"inLanguage\":\"fi\",\"potentialAction\":[{\"@type\":\"ReadAction\",\"target\":[\"https:\/\/sey.fi\/luonnonelaimet\/aamunavaus\/\"]}]},{\"@type\":\"ImageObject\",\"inLanguage\":\"fi\",\"@id\":\"https:\/\/sey.fi\/luonnonelaimet\/aamunavaus\/#primaryimage\",\"url\":\"https:\/\/sey.fi\/wp-content\/uploads\/sites\/49\/2023\/01\/aamunavaus.png\",\"contentUrl\":\"https:\/\/sey.fi\/wp-content\/uploads\/sites\/49\/2023\/01\/aamunavaus.png\",\"width\":1280,\"height\":640,\"caption\":\"Puisen p\u00f6yd\u00e4n p\u00e4\u00e4ll\u00e4 oleva lukuj\u00e4rjestys, jonka ymp\u00e4rill\u00e4 viivotin, v\u00e4rikk\u00e4it\u00e4 puuv\u00e4rej\u00e4 ja lukuj\u00e4rjestyksen kulmalle laskeutunut sininen perhonen\"},{\"@type\":\"BreadcrumbList\",\"@id\":\"https:\/\/sey.fi\/luonnonelaimet\/aamunavaus\/#breadcrumb\",\"itemListElement\":[{\"@type\":\"ListItem\",\"position\":1,\"name\":\"Home\",\"item\":\"https:\/\/sey.fi\/luonnonelaimet\/\"},{\"@type\":\"ListItem\",\"position\":2,\"name\":\"Aamunavaus\"}]},{\"@type\":\"WebSite\",\"@id\":\"https:\/\/sey.fi\/luonnonelaimet\/#website\",\"url\":\"https:\/\/sey.fi\/luonnonelaimet\/\",\"name\":\"Luonnonel\u00e4imet\",\"description\":\"Uusi SEY J\u00e4senyhdistykset -sivusto\",\"potentialAction\":[{\"@type\":\"SearchAction\",\"target\":{\"@type\":\"EntryPoint\",\"urlTemplate\":\"https:\/\/sey.fi\/luonnonelaimet\/?s={search_term_string}\"},\"query-input\":{\"@type\":\"PropertyValueSpecification\",\"valueRequired\":true,\"valueName\":\"search_term_string\"}}],\"inLanguage\":\"fi\"}]}<\/script>\n<!-- \/ Yoast SEO plugin. -->","yoast_head_json":{"title":"Aamunavaus - Luonnonel\u00e4imet","robots":{"index":"index","follow":"follow","max-snippet":"max-snippet:-1","max-image-preview":"max-image-preview:large","max-video-preview":"max-video-preview:-1"},"canonical":"https:\/\/sey.fi\/luonnonelaimet\/aamunavaus\/","og_locale":"fi_FI","og_type":"article","og_title":"Aamunavaus - Luonnonel\u00e4imet","og_description":"Oletko koskaan miettinyt el\u00e4inten tunteita? Milt\u00e4 tuntuu vaikkapa kissasta, joka k\u00e4pertyy kehr\u00e4ten syliisi torkkumaan ja silitelt\u00e4v\u00e4ksi, kun sin\u00e4 katsot televisiota sohvalla? Onkohan sill\u00e4 hyv\u00e4, turvallinen ja tyytyv\u00e4inen olo? Ent\u00e4 milt\u00e4 tuntuu koirasta, joka hyppii ja py\u00f6r\u00e4htelee jaloissasi h\u00e4nt\u00e4 heiluen, kun kohtaatte koulup\u00e4iv\u00e4n j\u00e4lkeen? Onko se iloinen ja innoissaan ja odottaa yhteist\u00e4 leikkihetke\u00e4 tai lenkille l\u00e4ht\u00f6\u00e4? [&hellip;]","og_url":"https:\/\/sey.fi\/luonnonelaimet\/aamunavaus\/","og_site_name":"Luonnonel\u00e4imet","article_modified_time":"2023-01-27T09:50:02+00:00","og_image":[{"width":1280,"height":640,"url":"https:\/\/sey.fi\/wp-content\/uploads\/sites\/49\/2023\/01\/aamunavaus.png","type":"image\/png"}],"twitter_card":"summary_large_image","twitter_misc":{"Arvioitu lukuaika":"4 minuuttia"},"schema":{"@context":"https:\/\/schema.org","@graph":[{"@type":"WebPage","@id":"https:\/\/sey.fi\/luonnonelaimet\/aamunavaus\/","url":"https:\/\/sey.fi\/luonnonelaimet\/aamunavaus\/","name":"Aamunavaus - Luonnonel\u00e4imet","isPartOf":{"@id":"https:\/\/sey.fi\/luonnonelaimet\/#website"},"primaryImageOfPage":{"@id":"https:\/\/sey.fi\/luonnonelaimet\/aamunavaus\/#primaryimage"},"image":{"@id":"https:\/\/sey.fi\/luonnonelaimet\/aamunavaus\/#primaryimage"},"thumbnailUrl":"https:\/\/sey.fi\/wp-content\/uploads\/sites\/49\/2023\/01\/aamunavaus.png","datePublished":"2019-12-11T08:28:46+00:00","dateModified":"2023-01-27T09:50:02+00:00","breadcrumb":{"@id":"https:\/\/sey.fi\/luonnonelaimet\/aamunavaus\/#breadcrumb"},"inLanguage":"fi","potentialAction":[{"@type":"ReadAction","target":["https:\/\/sey.fi\/luonnonelaimet\/aamunavaus\/"]}]},{"@type":"ImageObject","inLanguage":"fi","@id":"https:\/\/sey.fi\/luonnonelaimet\/aamunavaus\/#primaryimage","url":"https:\/\/sey.fi\/wp-content\/uploads\/sites\/49\/2023\/01\/aamunavaus.png","contentUrl":"https:\/\/sey.fi\/wp-content\/uploads\/sites\/49\/2023\/01\/aamunavaus.png","width":1280,"height":640,"caption":"Puisen p\u00f6yd\u00e4n p\u00e4\u00e4ll\u00e4 oleva lukuj\u00e4rjestys, jonka ymp\u00e4rill\u00e4 viivotin, v\u00e4rikk\u00e4it\u00e4 puuv\u00e4rej\u00e4 ja lukuj\u00e4rjestyksen kulmalle laskeutunut sininen perhonen"},{"@type":"BreadcrumbList","@id":"https:\/\/sey.fi\/luonnonelaimet\/aamunavaus\/#breadcrumb","itemListElement":[{"@type":"ListItem","position":1,"name":"Home","item":"https:\/\/sey.fi\/luonnonelaimet\/"},{"@type":"ListItem","position":2,"name":"Aamunavaus"}]},{"@type":"WebSite","@id":"https:\/\/sey.fi\/luonnonelaimet\/#website","url":"https:\/\/sey.fi\/luonnonelaimet\/","name":"Luonnonel\u00e4imet","description":"Uusi SEY J\u00e4senyhdistykset -sivusto","potentialAction":[{"@type":"SearchAction","target":{"@type":"EntryPoint","urlTemplate":"https:\/\/sey.fi\/luonnonelaimet\/?s={search_term_string}"},"query-input":{"@type":"PropertyValueSpecification","valueRequired":true,"valueName":"search_term_string"}}],"inLanguage":"fi"}]}},"_links":{"self":[{"href":"https:\/\/sey.fi\/luonnonelaimet\/wp-json\/wp\/v2\/pages\/93","targetHints":{"allow":["GET"]}}],"collection":[{"href":"https:\/\/sey.fi\/luonnonelaimet\/wp-json\/wp\/v2\/pages"}],"about":[{"href":"https:\/\/sey.fi\/luonnonelaimet\/wp-json\/wp\/v2\/types\/page"}],"author":[{"embeddable":true,"href":"https:\/\/sey.fi\/luonnonelaimet\/wp-json\/wp\/v2\/users\/8"}],"replies":[{"embeddable":true,"href":"https:\/\/sey.fi\/luonnonelaimet\/wp-json\/wp\/v2\/comments?post=93"}],"version-history":[{"count":2,"href":"https:\/\/sey.fi\/luonnonelaimet\/wp-json\/wp\/v2\/pages\/93\/revisions"}],"predecessor-version":[{"id":95,"href":"https:\/\/sey.fi\/luonnonelaimet\/wp-json\/wp\/v2\/pages\/93\/revisions\/95"}],"wp:featuredmedia":[{"embeddable":true,"href":"https:\/\/sey.fi\/luonnonelaimet\/wp-json\/wp\/v2\/media\/472"}],"wp:attachment":[{"href":"https:\/\/sey.fi\/luonnonelaimet\/wp-json\/wp\/v2\/media?parent=93"}],"curies":[{"name":"wp","href":"https:\/\/api.w.org\/{rel}","templated":true}]}}