{"id":98,"date":"2019-12-11T10:32:18","date_gmt":"2019-12-11T08:32:18","guid":{"rendered":"http:\/\/srvr10.xetpoint.com\/~seyfi\/luonnonelaimet\/?page_id=98"},"modified":"2020-01-11T11:33:41","modified_gmt":"2020-01-11T09:33:41","slug":"mika-luonnonelain-on-kyseessa","status":"publish","type":"page","link":"https:\/\/sey.fi\/luonnonelaimet\/mika-luonnonelain-on-kyseessa\/","title":{"rendered":"Mik\u00e4 luonnonel\u00e4in on kyseess\u00e4?"},"content":{"rendered":"\n<div class=\"wp-block-image\"><figure class=\"alignright\"><img decoding=\"async\" src=\"http:\/\/luonnonelaimet.fi\/images\/tirppa02.png\" alt=\"\" \/><\/figure><\/div>\n\n\n\n<h4 class=\"wp-block-heading\">Tunnistat varmaan hirven ja karhun, mutta ent\u00e4p\u00e4 ahman? Ja tied\u00e4tk\u00f6,\n mit\u00e4 karhu sy\u00f6? Tee testi ja selvit\u00e4, kuinka hyvin tunnistat Suomen \nluonnon nis\u00e4kk\u00e4it\u00e4.<br><br><\/h4>\n\n\n\n<p><strong>1. Mit\u00e4 karhu sy\u00f6?<\/strong><\/p>\n\n\n\n<p>a. Karhu on kaikkiruokainen, mutta suurin osa ravinnosta on muuta kuin lihaa.<br>b. Vain kasviravintoa, kuten marjoja ja puiden lehti\u00e4.<br>c. Vain liharavintoa ja hy\u00f6nteisi\u00e4.<\/p>\n\n\n\n<p><strong>2. Milt\u00e4 ahma n\u00e4ytt\u00e4\u00e4?<\/strong><\/p>\n\n\n\n<p>a. Se on pieni kuin hiiri ja v\u00e4rilt\u00e4\u00e4n harmaa.<br>b. Se on keskikokoisen koiran painoinen ja tumman- tai ruskeanmusta.<br>c. Se on hirven kokoinen ja mustavalkoinen.<\/p>\n\n\n\n<p><strong>3. Mist\u00e4 tunnistat ilveksen?<\/strong><\/p>\n\n\n\n<p>a. Sill\u00e4 on tupsut korvien p\u00e4iss\u00e4.<br>b. Sill\u00e4 on raidallinen turkki.<br>c. Sen h\u00e4nt\u00e4 pitk\u00e4 ja tuuhea.<\/p>\n\n\n\n<p><strong>4. Milt\u00e4 supikoira n\u00e4ytt\u00e4\u00e4?<\/strong><\/p>\n\n\n\n<p>a. Sill\u00e4 on valkoinen h\u00e4nn\u00e4np\u00e4\u00e4 ja mustavalkoinen naama.<br>b. Se on keskikokoisen koiran painoinen ja tumman- tai ruskeanmusta.<br>c. Sill\u00e4 on paksu turkki ja \u201dmusta naamari\u201d, joka ulottuu kuonon puoliv\u00e4liin sek\u00e4 postiparta.<\/p>\n\n\n\n<p><strong>5. Miten rusakko ja mets\u00e4j\u00e4nis eroavat toisistaan?<\/strong><\/p>\n\n\n\n<p>a. Rusakko on mets\u00e4j\u00e4nist\u00e4 pienempi.<br>b. Mets\u00e4j\u00e4niksell\u00e4 on h\u00e4nn\u00e4np\u00e4\u00e4 musta, rusakolla ei.<br>c. Mets\u00e4j\u00e4niksell\u00e4 on lyhyemm\u00e4t korvat ja se on muutenkin pienempi.<\/p>\n\n\n\n<p><strong>6. Kuinka paljon hirvi voi painaa?<\/strong><\/p>\n\n\n\n<p>a. 200 kiloa<br>b. 400 kiloa<br>c. 600 kiloa<\/p>\n\n\n\n<p><strong>7. Mik\u00e4 on vesisiippa?<\/strong><\/p>\n\n\n\n<p>a. Pieni ja pitk\u00e4h\u00e4nt\u00e4inen myyr\u00e4.<br>b. Tummanruskeanharmaa lepakko.<br>c. Harvinainen piisamin sukulainen.<\/p>\n\n\n\n<p><strong>8. Onko kontiainen eli maamyyr\u00e4 sokea?<\/strong><\/p>\n\n\n\n<p>a. Ei, mutta sen n\u00e4k\u00f6 on huono.<br>b. Kyll\u00e4.<br>c. Ei. Sill\u00e4 on itse asiassa oikein hyv\u00e4 n\u00e4k\u00f6aisti.<\/p>\n\n\n\n<p><strong>9. Mik\u00e4 n\u00e4ist\u00e4 el\u00e4imist\u00e4 EI ole y\u00f6el\u00e4in?<\/strong><\/p>\n\n\n\n<p>a. Liito-orava<br>b. Siili<br>c. Orava<\/p>\n\n\n\n<p><strong>10. Mill\u00e4 n\u00e4ist\u00e4 el\u00e4imist\u00e4 on musta h\u00e4nn\u00e4np\u00e4\u00e4 ja valkoinen talviasu?<\/strong><\/p>\n\n\n\n<p>a. Lumikko<br>b. K\u00e4rpp\u00e4<br>c. N\u00e4\u00e4t\u00e4<\/p>\n","protected":false},"excerpt":{"rendered":"<p>Tunnistat varmaan hirven ja karhun, mutta ent\u00e4p\u00e4 ahman? Ja tied\u00e4tk\u00f6, mit\u00e4 karhu sy\u00f6? Tee testi ja selvit\u00e4, kuinka hyvin tunnistat Suomen luonnon nis\u00e4kk\u00e4it\u00e4. 1. Mit\u00e4 karhu sy\u00f6? a. Karhu on kaikkiruokainen, mutta suurin osa ravinnosta on muuta kuin lihaa.b. Vain kasviravintoa, kuten marjoja ja puiden lehti\u00e4.c. Vain liharavintoa ja hy\u00f6nteisi\u00e4. 2. Milt\u00e4 ahma n\u00e4ytt\u00e4\u00e4? a. [&hellip;]<\/p>\n","protected":false},"author":8,"featured_media":0,"parent":0,"menu_order":0,"comment_status":"closed","ping_status":"closed","template":"","meta":{"_acf_changed":false,"footnotes":""},"class_list":["post-98","page","type-page","status-publish","hentry"],"acf":[],"yoast_head":"<!-- This site is optimized with the Yoast SEO plugin v27.1.1 - https:\/\/yoast.com\/product\/yoast-seo-wordpress\/ -->\n<title>Mik\u00e4 luonnonel\u00e4in on kyseess\u00e4? - Luonnonel\u00e4imet<\/title>\n<meta name=\"robots\" content=\"index, follow, max-snippet:-1, max-image-preview:large, max-video-preview:-1\" \/>\n<link rel=\"canonical\" href=\"https:\/\/sey.fi\/luonnonelaimet\/mika-luonnonelain-on-kyseessa\/\" \/>\n<meta property=\"og:locale\" content=\"fi_FI\" \/>\n<meta property=\"og:type\" content=\"article\" \/>\n<meta property=\"og:title\" content=\"Mik\u00e4 luonnonel\u00e4in on kyseess\u00e4? - Luonnonel\u00e4imet\" \/>\n<meta property=\"og:description\" content=\"Tunnistat varmaan hirven ja karhun, mutta ent\u00e4p\u00e4 ahman? Ja tied\u00e4tk\u00f6, mit\u00e4 karhu sy\u00f6? Tee testi ja selvit\u00e4, kuinka hyvin tunnistat Suomen luonnon nis\u00e4kk\u00e4it\u00e4. 1. Mit\u00e4 karhu sy\u00f6? a. Karhu on kaikkiruokainen, mutta suurin osa ravinnosta on muuta kuin lihaa.b. Vain kasviravintoa, kuten marjoja ja puiden lehti\u00e4.c. Vain liharavintoa ja hy\u00f6nteisi\u00e4. 2. Milt\u00e4 ahma n\u00e4ytt\u00e4\u00e4? a. [&hellip;]\" \/>\n<meta property=\"og:url\" content=\"https:\/\/sey.fi\/luonnonelaimet\/mika-luonnonelain-on-kyseessa\/\" \/>\n<meta property=\"og:site_name\" content=\"Luonnonel\u00e4imet\" \/>\n<meta property=\"article:modified_time\" content=\"2020-01-11T09:33:41+00:00\" \/>\n<meta property=\"og:image\" content=\"http:\/\/luonnonelaimet.fi\/images\/tirppa02.png\" \/>\n<meta name=\"twitter:card\" content=\"summary_large_image\" \/>\n<meta name=\"twitter:label1\" content=\"Arvioitu lukuaika\" \/>\n\t<meta name=\"twitter:data1\" content=\"1 minuutti\" \/>\n<script type=\"application\/ld+json\" class=\"yoast-schema-graph\">{\"@context\":\"https:\/\/schema.org\",\"@graph\":[{\"@type\":\"WebPage\",\"@id\":\"https:\/\/sey.fi\/luonnonelaimet\/mika-luonnonelain-on-kyseessa\/\",\"url\":\"https:\/\/sey.fi\/luonnonelaimet\/mika-luonnonelain-on-kyseessa\/\",\"name\":\"Mik\u00e4 luonnonel\u00e4in on kyseess\u00e4? - Luonnonel\u00e4imet\",\"isPartOf\":{\"@id\":\"https:\/\/sey.fi\/luonnonelaimet\/#website\"},\"primaryImageOfPage\":{\"@id\":\"https:\/\/sey.fi\/luonnonelaimet\/mika-luonnonelain-on-kyseessa\/#primaryimage\"},\"image\":{\"@id\":\"https:\/\/sey.fi\/luonnonelaimet\/mika-luonnonelain-on-kyseessa\/#primaryimage\"},\"thumbnailUrl\":\"http:\/\/luonnonelaimet.fi\/images\/tirppa02.png\",\"datePublished\":\"2019-12-11T08:32:18+00:00\",\"dateModified\":\"2020-01-11T09:33:41+00:00\",\"breadcrumb\":{\"@id\":\"https:\/\/sey.fi\/luonnonelaimet\/mika-luonnonelain-on-kyseessa\/#breadcrumb\"},\"inLanguage\":\"fi\",\"potentialAction\":[{\"@type\":\"ReadAction\",\"target\":[\"https:\/\/sey.fi\/luonnonelaimet\/mika-luonnonelain-on-kyseessa\/\"]}]},{\"@type\":\"ImageObject\",\"inLanguage\":\"fi\",\"@id\":\"https:\/\/sey.fi\/luonnonelaimet\/mika-luonnonelain-on-kyseessa\/#primaryimage\",\"url\":\"http:\/\/luonnonelaimet.fi\/images\/tirppa02.png\",\"contentUrl\":\"http:\/\/luonnonelaimet.fi\/images\/tirppa02.png\"},{\"@type\":\"BreadcrumbList\",\"@id\":\"https:\/\/sey.fi\/luonnonelaimet\/mika-luonnonelain-on-kyseessa\/#breadcrumb\",\"itemListElement\":[{\"@type\":\"ListItem\",\"position\":1,\"name\":\"Home\",\"item\":\"https:\/\/sey.fi\/luonnonelaimet\/\"},{\"@type\":\"ListItem\",\"position\":2,\"name\":\"Mik\u00e4 luonnonel\u00e4in on kyseess\u00e4?\"}]},{\"@type\":\"WebSite\",\"@id\":\"https:\/\/sey.fi\/luonnonelaimet\/#website\",\"url\":\"https:\/\/sey.fi\/luonnonelaimet\/\",\"name\":\"Luonnonel\u00e4imet\",\"description\":\"Uusi SEY J\u00e4senyhdistykset -sivusto\",\"potentialAction\":[{\"@type\":\"SearchAction\",\"target\":{\"@type\":\"EntryPoint\",\"urlTemplate\":\"https:\/\/sey.fi\/luonnonelaimet\/?s={search_term_string}\"},\"query-input\":{\"@type\":\"PropertyValueSpecification\",\"valueRequired\":true,\"valueName\":\"search_term_string\"}}],\"inLanguage\":\"fi\"}]}<\/script>\n<!-- \/ Yoast SEO plugin. -->","yoast_head_json":{"title":"Mik\u00e4 luonnonel\u00e4in on kyseess\u00e4? - Luonnonel\u00e4imet","robots":{"index":"index","follow":"follow","max-snippet":"max-snippet:-1","max-image-preview":"max-image-preview:large","max-video-preview":"max-video-preview:-1"},"canonical":"https:\/\/sey.fi\/luonnonelaimet\/mika-luonnonelain-on-kyseessa\/","og_locale":"fi_FI","og_type":"article","og_title":"Mik\u00e4 luonnonel\u00e4in on kyseess\u00e4? - Luonnonel\u00e4imet","og_description":"Tunnistat varmaan hirven ja karhun, mutta ent\u00e4p\u00e4 ahman? Ja tied\u00e4tk\u00f6, mit\u00e4 karhu sy\u00f6? Tee testi ja selvit\u00e4, kuinka hyvin tunnistat Suomen luonnon nis\u00e4kk\u00e4it\u00e4. 1. Mit\u00e4 karhu sy\u00f6? a. Karhu on kaikkiruokainen, mutta suurin osa ravinnosta on muuta kuin lihaa.b. Vain kasviravintoa, kuten marjoja ja puiden lehti\u00e4.c. Vain liharavintoa ja hy\u00f6nteisi\u00e4. 2. Milt\u00e4 ahma n\u00e4ytt\u00e4\u00e4? a. [&hellip;]","og_url":"https:\/\/sey.fi\/luonnonelaimet\/mika-luonnonelain-on-kyseessa\/","og_site_name":"Luonnonel\u00e4imet","article_modified_time":"2020-01-11T09:33:41+00:00","og_image":[{"url":"http:\/\/luonnonelaimet.fi\/images\/tirppa02.png","type":"","width":"","height":""}],"twitter_card":"summary_large_image","twitter_misc":{"Arvioitu lukuaika":"1 minuutti"},"schema":{"@context":"https:\/\/schema.org","@graph":[{"@type":"WebPage","@id":"https:\/\/sey.fi\/luonnonelaimet\/mika-luonnonelain-on-kyseessa\/","url":"https:\/\/sey.fi\/luonnonelaimet\/mika-luonnonelain-on-kyseessa\/","name":"Mik\u00e4 luonnonel\u00e4in on kyseess\u00e4? - Luonnonel\u00e4imet","isPartOf":{"@id":"https:\/\/sey.fi\/luonnonelaimet\/#website"},"primaryImageOfPage":{"@id":"https:\/\/sey.fi\/luonnonelaimet\/mika-luonnonelain-on-kyseessa\/#primaryimage"},"image":{"@id":"https:\/\/sey.fi\/luonnonelaimet\/mika-luonnonelain-on-kyseessa\/#primaryimage"},"thumbnailUrl":"http:\/\/luonnonelaimet.fi\/images\/tirppa02.png","datePublished":"2019-12-11T08:32:18+00:00","dateModified":"2020-01-11T09:33:41+00:00","breadcrumb":{"@id":"https:\/\/sey.fi\/luonnonelaimet\/mika-luonnonelain-on-kyseessa\/#breadcrumb"},"inLanguage":"fi","potentialAction":[{"@type":"ReadAction","target":["https:\/\/sey.fi\/luonnonelaimet\/mika-luonnonelain-on-kyseessa\/"]}]},{"@type":"ImageObject","inLanguage":"fi","@id":"https:\/\/sey.fi\/luonnonelaimet\/mika-luonnonelain-on-kyseessa\/#primaryimage","url":"http:\/\/luonnonelaimet.fi\/images\/tirppa02.png","contentUrl":"http:\/\/luonnonelaimet.fi\/images\/tirppa02.png"},{"@type":"BreadcrumbList","@id":"https:\/\/sey.fi\/luonnonelaimet\/mika-luonnonelain-on-kyseessa\/#breadcrumb","itemListElement":[{"@type":"ListItem","position":1,"name":"Home","item":"https:\/\/sey.fi\/luonnonelaimet\/"},{"@type":"ListItem","position":2,"name":"Mik\u00e4 luonnonel\u00e4in on kyseess\u00e4?"}]},{"@type":"WebSite","@id":"https:\/\/sey.fi\/luonnonelaimet\/#website","url":"https:\/\/sey.fi\/luonnonelaimet\/","name":"Luonnonel\u00e4imet","description":"Uusi SEY J\u00e4senyhdistykset -sivusto","potentialAction":[{"@type":"SearchAction","target":{"@type":"EntryPoint","urlTemplate":"https:\/\/sey.fi\/luonnonelaimet\/?s={search_term_string}"},"query-input":{"@type":"PropertyValueSpecification","valueRequired":true,"valueName":"search_term_string"}}],"inLanguage":"fi"}]}},"_links":{"self":[{"href":"https:\/\/sey.fi\/luonnonelaimet\/wp-json\/wp\/v2\/pages\/98","targetHints":{"allow":["GET"]}}],"collection":[{"href":"https:\/\/sey.fi\/luonnonelaimet\/wp-json\/wp\/v2\/pages"}],"about":[{"href":"https:\/\/sey.fi\/luonnonelaimet\/wp-json\/wp\/v2\/types\/page"}],"author":[{"embeddable":true,"href":"https:\/\/sey.fi\/luonnonelaimet\/wp-json\/wp\/v2\/users\/8"}],"replies":[{"embeddable":true,"href":"https:\/\/sey.fi\/luonnonelaimet\/wp-json\/wp\/v2\/comments?post=98"}],"version-history":[{"count":1,"href":"https:\/\/sey.fi\/luonnonelaimet\/wp-json\/wp\/v2\/pages\/98\/revisions"}],"predecessor-version":[{"id":99,"href":"https:\/\/sey.fi\/luonnonelaimet\/wp-json\/wp\/v2\/pages\/98\/revisions\/99"}],"wp:attachment":[{"href":"https:\/\/sey.fi\/luonnonelaimet\/wp-json\/wp\/v2\/media?parent=98"}],"curies":[{"name":"wp","href":"https:\/\/api.w.org\/{rel}","templated":true}]}}