{"id":100,"date":"2020-09-23T14:29:39","date_gmt":"2020-09-23T11:29:39","guid":{"rendered":"https:\/\/sey.fi\/luoteis-lappi\/?page_id=100"},"modified":"2020-09-23T15:33:36","modified_gmt":"2020-09-23T12:33:36","slug":"sijaiskotitoiminta","status":"publish","type":"page","link":"https:\/\/sey.fi\/luoteis-lappi\/sijaiskotitoiminta\/","title":{"rendered":"Sijaiskotitoiminta"},"content":{"rendered":"\n<p><a href=\"https:\/\/sey.fi\/osallistu-ja-vaikuta\/vapaaehtoistyo\/sijaiskotitoiminta\/\" target=\"_blank\" rel=\"noreferrer noopener\" aria-label=\"Sijaiskotitoiminta on palkitseva ja konkreettinen tapa auttaa kodittomia el\u00e4imi\u00e4. (avautuu uudessa v\u00e4lilehdess\u00e4)\">Sijaiskotitoiminta on palkitseva ja konkreettinen tapa auttaa kodittomia el\u00e4imi\u00e4.<\/a><\/p>\n","protected":false},"excerpt":{"rendered":"<p>Sijaiskotitoiminta on palkitseva ja konkreettinen tapa auttaa kodittomia el\u00e4imi\u00e4.<\/p>\n","protected":false},"author":17,"featured_media":0,"parent":0,"menu_order":0,"comment_status":"closed","ping_status":"closed","template":"","meta":{"_acf_changed":false,"footnotes":""},"class_list":["post-100","page","type-page","status-publish","hentry"],"acf":[],"yoast_head":"<!-- This site is optimized with the Yoast SEO plugin v27.1.1 - https:\/\/yoast.com\/product\/yoast-seo-wordpress\/ -->\n<title>Sijaiskotitoiminta - Luoteis-Lapin el\u00e4insuojeluyhdistys<\/title>\n<meta name=\"robots\" content=\"index, follow, max-snippet:-1, max-image-preview:large, max-video-preview:-1\" \/>\n<link rel=\"canonical\" href=\"https:\/\/sey.fi\/luoteis-lappi\/sijaiskotitoiminta\/\" \/>\n<meta property=\"og:locale\" content=\"fi_FI\" \/>\n<meta property=\"og:type\" content=\"article\" \/>\n<meta property=\"og:title\" content=\"Sijaiskotitoiminta - Luoteis-Lapin el\u00e4insuojeluyhdistys\" \/>\n<meta property=\"og:description\" content=\"Sijaiskotitoiminta on palkitseva ja konkreettinen tapa auttaa kodittomia el\u00e4imi\u00e4.\" \/>\n<meta property=\"og:url\" content=\"https:\/\/sey.fi\/luoteis-lappi\/sijaiskotitoiminta\/\" \/>\n<meta property=\"og:site_name\" content=\"Luoteis-Lapin el\u00e4insuojeluyhdistys\" \/>\n<meta property=\"article:modified_time\" content=\"2020-09-23T12:33:36+00:00\" \/>\n<meta name=\"twitter:card\" content=\"summary_large_image\" \/>\n<script type=\"application\/ld+json\" class=\"yoast-schema-graph\">{\"@context\":\"https:\/\/schema.org\",\"@graph\":[{\"@type\":\"WebPage\",\"@id\":\"https:\/\/sey.fi\/luoteis-lappi\/sijaiskotitoiminta\/\",\"url\":\"https:\/\/sey.fi\/luoteis-lappi\/sijaiskotitoiminta\/\",\"name\":\"Sijaiskotitoiminta - Luoteis-Lapin el\u00e4insuojeluyhdistys\",\"isPartOf\":{\"@id\":\"https:\/\/sey.fi\/luoteis-lappi\/#website\"},\"datePublished\":\"2020-09-23T11:29:39+00:00\",\"dateModified\":\"2020-09-23T12:33:36+00:00\",\"breadcrumb\":{\"@id\":\"https:\/\/sey.fi\/luoteis-lappi\/sijaiskotitoiminta\/#breadcrumb\"},\"inLanguage\":\"fi\",\"potentialAction\":[{\"@type\":\"ReadAction\",\"target\":[\"https:\/\/sey.fi\/luoteis-lappi\/sijaiskotitoiminta\/\"]}]},{\"@type\":\"BreadcrumbList\",\"@id\":\"https:\/\/sey.fi\/luoteis-lappi\/sijaiskotitoiminta\/#breadcrumb\",\"itemListElement\":[{\"@type\":\"ListItem\",\"position\":1,\"name\":\"Home\",\"item\":\"https:\/\/sey.fi\/luoteis-lappi\/\"},{\"@type\":\"ListItem\",\"position\":2,\"name\":\"Sijaiskotitoiminta\"}]},{\"@type\":\"WebSite\",\"@id\":\"https:\/\/sey.fi\/luoteis-lappi\/#website\",\"url\":\"https:\/\/sey.fi\/luoteis-lappi\/\",\"name\":\"Luoteis-Lapin el\u00e4insuojeluyhdistys\",\"description\":\"Uusi SEY J\u00e4senyhdistykset -sivusto\",\"potentialAction\":[{\"@type\":\"SearchAction\",\"target\":{\"@type\":\"EntryPoint\",\"urlTemplate\":\"https:\/\/sey.fi\/luoteis-lappi\/?s={search_term_string}\"},\"query-input\":{\"@type\":\"PropertyValueSpecification\",\"valueRequired\":true,\"valueName\":\"search_term_string\"}}],\"inLanguage\":\"fi\"}]}<\/script>\n<!-- \/ Yoast SEO plugin. -->","yoast_head_json":{"title":"Sijaiskotitoiminta - Luoteis-Lapin el\u00e4insuojeluyhdistys","robots":{"index":"index","follow":"follow","max-snippet":"max-snippet:-1","max-image-preview":"max-image-preview:large","max-video-preview":"max-video-preview:-1"},"canonical":"https:\/\/sey.fi\/luoteis-lappi\/sijaiskotitoiminta\/","og_locale":"fi_FI","og_type":"article","og_title":"Sijaiskotitoiminta - Luoteis-Lapin el\u00e4insuojeluyhdistys","og_description":"Sijaiskotitoiminta on palkitseva ja konkreettinen tapa auttaa kodittomia el\u00e4imi\u00e4.","og_url":"https:\/\/sey.fi\/luoteis-lappi\/sijaiskotitoiminta\/","og_site_name":"Luoteis-Lapin el\u00e4insuojeluyhdistys","article_modified_time":"2020-09-23T12:33:36+00:00","twitter_card":"summary_large_image","schema":{"@context":"https:\/\/schema.org","@graph":[{"@type":"WebPage","@id":"https:\/\/sey.fi\/luoteis-lappi\/sijaiskotitoiminta\/","url":"https:\/\/sey.fi\/luoteis-lappi\/sijaiskotitoiminta\/","name":"Sijaiskotitoiminta - Luoteis-Lapin el\u00e4insuojeluyhdistys","isPartOf":{"@id":"https:\/\/sey.fi\/luoteis-lappi\/#website"},"datePublished":"2020-09-23T11:29:39+00:00","dateModified":"2020-09-23T12:33:36+00:00","breadcrumb":{"@id":"https:\/\/sey.fi\/luoteis-lappi\/sijaiskotitoiminta\/#breadcrumb"},"inLanguage":"fi","potentialAction":[{"@type":"ReadAction","target":["https:\/\/sey.fi\/luoteis-lappi\/sijaiskotitoiminta\/"]}]},{"@type":"BreadcrumbList","@id":"https:\/\/sey.fi\/luoteis-lappi\/sijaiskotitoiminta\/#breadcrumb","itemListElement":[{"@type":"ListItem","position":1,"name":"Home","item":"https:\/\/sey.fi\/luoteis-lappi\/"},{"@type":"ListItem","position":2,"name":"Sijaiskotitoiminta"}]},{"@type":"WebSite","@id":"https:\/\/sey.fi\/luoteis-lappi\/#website","url":"https:\/\/sey.fi\/luoteis-lappi\/","name":"Luoteis-Lapin el\u00e4insuojeluyhdistys","description":"Uusi SEY J\u00e4senyhdistykset -sivusto","potentialAction":[{"@type":"SearchAction","target":{"@type":"EntryPoint","urlTemplate":"https:\/\/sey.fi\/luoteis-lappi\/?s={search_term_string}"},"query-input":{"@type":"PropertyValueSpecification","valueRequired":true,"valueName":"search_term_string"}}],"inLanguage":"fi"}]}},"_links":{"self":[{"href":"https:\/\/sey.fi\/luoteis-lappi\/wp-json\/wp\/v2\/pages\/100","targetHints":{"allow":["GET"]}}],"collection":[{"href":"https:\/\/sey.fi\/luoteis-lappi\/wp-json\/wp\/v2\/pages"}],"about":[{"href":"https:\/\/sey.fi\/luoteis-lappi\/wp-json\/wp\/v2\/types\/page"}],"author":[{"embeddable":true,"href":"https:\/\/sey.fi\/luoteis-lappi\/wp-json\/wp\/v2\/users\/17"}],"replies":[{"embeddable":true,"href":"https:\/\/sey.fi\/luoteis-lappi\/wp-json\/wp\/v2\/comments?post=100"}],"version-history":[{"count":2,"href":"https:\/\/sey.fi\/luoteis-lappi\/wp-json\/wp\/v2\/pages\/100\/revisions"}],"predecessor-version":[{"id":121,"href":"https:\/\/sey.fi\/luoteis-lappi\/wp-json\/wp\/v2\/pages\/100\/revisions\/121"}],"wp:attachment":[{"href":"https:\/\/sey.fi\/luoteis-lappi\/wp-json\/wp\/v2\/media?parent=100"}],"curies":[{"name":"wp","href":"https:\/\/api.w.org\/{rel}","templated":true}]}}