{"id":19,"date":"2019-11-01T17:26:48","date_gmt":"2019-11-01T15:26:48","guid":{"rendered":"http:\/\/srvr10.xetpoint.com\/~seyfi\/luoteis-lappi\/?page_id=19"},"modified":"2019-11-01T17:28:16","modified_gmt":"2019-11-01T15:28:16","slug":"tarvitsetko-apua","status":"publish","type":"page","link":"https:\/\/sey.fi\/luoteis-lappi\/luoteis-lapin-elainsuojeluyhdistys\/tarvitsetko-apua\/","title":{"rendered":"Tarvitsetko apua?"},"content":{"rendered":"\n<p>Jos ep\u00e4ilet, ett\u00e4 el\u00e4int\u00e4 kohdellaan huonosti, ota yhteys&nbsp;<strong>valvontael\u00e4inl\u00e4\u00e4k\u00e4riin tai kunnanel\u00e4inl\u00e4\u00e4k\u00e4riin<\/strong>.<br><br>Luoteis-Lapin el\u00e4insuojeluvalvontaa hoitavien virkael\u00e4inl\u00e4\u00e4k\u00e4rien yhteystiedot:<\/p>\n\n\n\n<p><strong>ENONTEKI\u00d6\/MUONIO<\/strong><\/p>\n\n\n\n<p>Marianne Mannela, puh.&nbsp;040 662 1452<br>Eva Kenk, puh.&nbsp;040 865 3766<\/p>\n\n\n\n<p>Pienel\u00e4invastaanotto: Kuntokatu 6, 99400 ENONTEKI\u00d6<\/p>\n\n\n\n<p>Ajanvaraus ja neuvonta klo 8.30 -10.00<\/p>\n\n\n\n<p>email:&nbsp;<a href=\"mailto:etunimi.sukunimi@sodankyla.fi\">etunimi.sukunimi@sodankyla.fi<\/a><\/p>\n\n\n\n<p><strong>KITTIL\u00c4<\/strong><\/p>\n\n\n\n<p>Pirjo Korhonen, puh.&nbsp;0400 393 503<\/p>\n\n\n\n<p>Pienel\u00e4invastaanotto: Sairaalantie 2 D, 99100 KITTIL\u00c4<\/p>\n\n\n\n<p>Ajanvaraus ja neuvonta klo 8.00 -10.00<\/p>\n\n\n\n<p>email:&nbsp;<a href=\"mailto:etunimi.sukunimi@sodankyla.fi\">etunimi.sukunimi@sodankyla.fi<\/a><\/p>\n\n\n\n<p><strong>KOLARI<\/strong><\/p>\n\n\n\n<p>Minna Harju, puh. 0400 392 369<\/p>\n\n\n\n<p>El\u00e4inl\u00e4\u00e4k\u00e4rin vastaanotto: Pellikantie 28, 95900 KOLARI (terveyskeskusta vastap\u00e4\u00e4t\u00e4)<\/p>\n\n\n\n<p>Puhelinaika arkiaamuisin 8.00 &#8211; 9.30<\/p>\n\n\n\n<p>email:&nbsp;<a href=\"mailto:etunimi.sukunimi@kolari.fi\">etunimi.sukunimi@kolari.fi<\/a><\/p>\n\n\n\n<p>Voit olla yhteydess\u00e4 my\u00f6s&nbsp;<a href=\"https:\/\/www.sey.fi\/seytoimii\/elainsuojeluneuvonta\" target=\"_blank\" rel=\"noreferrer noopener\">SEYn vapaaehtoiseen el\u00e4insuojeluneuvojaan<\/a>&nbsp;tai j\u00e4tt\u00e4\u00e4&nbsp;<a href=\"https:\/\/www.sey.fi\/yhteystiedot\/sahkoinen-elainsuojeluilmoitus\" target=\"_blank\" rel=\"noreferrer noopener\">s\u00e4hk\u00f6isen el\u00e4insuojeluilmoituksen<\/a>.<\/p>\n\n\n\n<p>&nbsp;<br><strong>Akuuteissa tapauksissa ota yhteys poliisiin (112).<\/strong><\/p>\n\n\n\n<p><br>Jos olet l\u00f6yt\u00e4nyt tai kadottanut el\u00e4imen,\u00a0ole yhteydess\u00e4\u00a0kuntasi\u00a0l\u00f6yt\u00f6el\u00e4inten <a href=\"https:\/\/sey.fi\/luoteis-lappi\/luoteis-lapin-elainsuojeluyhdistys\/elainsuojelu\/luoteis-lapin-loytoelainhoitolat\/\">talteenottopaikkaan<\/a>.<\/p>\n","protected":false},"excerpt":{"rendered":"<p>Jos ep\u00e4ilet, ett\u00e4 el\u00e4int\u00e4 kohdellaan huonosti, ota yhteys&nbsp;valvontael\u00e4inl\u00e4\u00e4k\u00e4riin tai kunnanel\u00e4inl\u00e4\u00e4k\u00e4riin. Luoteis-Lapin el\u00e4insuojeluvalvontaa hoitavien virkael\u00e4inl\u00e4\u00e4k\u00e4rien yhteystiedot: ENONTEKI\u00d6\/MUONIO Marianne Mannela, puh.&nbsp;040 662 1452Eva Kenk, puh.&nbsp;040 865 3766 Pienel\u00e4invastaanotto: Kuntokatu 6, 99400 ENONTEKI\u00d6 Ajanvaraus ja neuvonta klo 8.30 -10.00 email:&nbsp;etunimi.sukunimi@sodankyla.fi KITTIL\u00c4 Pirjo Korhonen, puh.&nbsp;0400 393 503 Pienel\u00e4invastaanotto: Sairaalantie 2 D, 99100 KITTIL\u00c4 Ajanvaraus ja neuvonta klo 8.00 -10.00 [&hellip;]<\/p>\n","protected":false},"author":8,"featured_media":0,"parent":2,"menu_order":0,"comment_status":"closed","ping_status":"closed","template":"","meta":{"_acf_changed":false,"footnotes":""},"class_list":["post-19","page","type-page","status-publish","hentry"],"acf":[],"yoast_head":"<!-- This site is optimized with the Yoast SEO plugin v27.1.1 - https:\/\/yoast.com\/product\/yoast-seo-wordpress\/ -->\n<title>Tarvitsetko apua? - Luoteis-Lapin el\u00e4insuojeluyhdistys<\/title>\n<meta name=\"robots\" content=\"index, follow, max-snippet:-1, max-image-preview:large, max-video-preview:-1\" \/>\n<link rel=\"canonical\" href=\"https:\/\/sey.fi\/luoteis-lappi\/luoteis-lapin-elainsuojeluyhdistys\/tarvitsetko-apua\/\" \/>\n<meta property=\"og:locale\" content=\"fi_FI\" \/>\n<meta property=\"og:type\" content=\"article\" \/>\n<meta property=\"og:title\" content=\"Tarvitsetko apua? - Luoteis-Lapin el\u00e4insuojeluyhdistys\" \/>\n<meta property=\"og:description\" content=\"Jos ep\u00e4ilet, ett\u00e4 el\u00e4int\u00e4 kohdellaan huonosti, ota yhteys&nbsp;valvontael\u00e4inl\u00e4\u00e4k\u00e4riin tai kunnanel\u00e4inl\u00e4\u00e4k\u00e4riin. Luoteis-Lapin el\u00e4insuojeluvalvontaa hoitavien virkael\u00e4inl\u00e4\u00e4k\u00e4rien yhteystiedot: ENONTEKI\u00d6\/MUONIO Marianne Mannela, puh.&nbsp;040 662 1452Eva Kenk, puh.&nbsp;040 865 3766 Pienel\u00e4invastaanotto: Kuntokatu 6, 99400 ENONTEKI\u00d6 Ajanvaraus ja neuvonta klo 8.30 -10.00 email:&nbsp;etunimi.sukunimi@sodankyla.fi KITTIL\u00c4 Pirjo Korhonen, puh.&nbsp;0400 393 503 Pienel\u00e4invastaanotto: Sairaalantie 2 D, 99100 KITTIL\u00c4 Ajanvaraus ja neuvonta klo 8.00 -10.00 [&hellip;]\" \/>\n<meta property=\"og:url\" content=\"https:\/\/sey.fi\/luoteis-lappi\/luoteis-lapin-elainsuojeluyhdistys\/tarvitsetko-apua\/\" \/>\n<meta property=\"og:site_name\" content=\"Luoteis-Lapin el\u00e4insuojeluyhdistys\" \/>\n<meta property=\"article:modified_time\" content=\"2019-11-01T15:28:16+00:00\" \/>\n<meta name=\"twitter:card\" content=\"summary_large_image\" \/>\n<meta name=\"twitter:label1\" content=\"Arvioitu lukuaika\" \/>\n\t<meta name=\"twitter:data1\" content=\"1 minuutti\" \/>\n<script type=\"application\/ld+json\" class=\"yoast-schema-graph\">{\"@context\":\"https:\/\/schema.org\",\"@graph\":[{\"@type\":\"WebPage\",\"@id\":\"https:\/\/sey.fi\/luoteis-lappi\/luoteis-lapin-elainsuojeluyhdistys\/tarvitsetko-apua\/\",\"url\":\"https:\/\/sey.fi\/luoteis-lappi\/luoteis-lapin-elainsuojeluyhdistys\/tarvitsetko-apua\/\",\"name\":\"Tarvitsetko apua? - Luoteis-Lapin el\u00e4insuojeluyhdistys\",\"isPartOf\":{\"@id\":\"https:\/\/sey.fi\/luoteis-lappi\/#website\"},\"datePublished\":\"2019-11-01T15:26:48+00:00\",\"dateModified\":\"2019-11-01T15:28:16+00:00\",\"breadcrumb\":{\"@id\":\"https:\/\/sey.fi\/luoteis-lappi\/luoteis-lapin-elainsuojeluyhdistys\/tarvitsetko-apua\/#breadcrumb\"},\"inLanguage\":\"fi\",\"potentialAction\":[{\"@type\":\"ReadAction\",\"target\":[\"https:\/\/sey.fi\/luoteis-lappi\/luoteis-lapin-elainsuojeluyhdistys\/tarvitsetko-apua\/\"]}]},{\"@type\":\"BreadcrumbList\",\"@id\":\"https:\/\/sey.fi\/luoteis-lappi\/luoteis-lapin-elainsuojeluyhdistys\/tarvitsetko-apua\/#breadcrumb\",\"itemListElement\":[{\"@type\":\"ListItem\",\"position\":1,\"name\":\"Home\",\"item\":\"https:\/\/sey.fi\/luoteis-lappi\/\"},{\"@type\":\"ListItem\",\"position\":2,\"name\":\"Luoteis-Lapin el\u00e4insuojeluyhdistys\",\"item\":\"https:\/\/sey.fi\/luoteis-lappi\/\"},{\"@type\":\"ListItem\",\"position\":3,\"name\":\"Tarvitsetko apua?\"}]},{\"@type\":\"WebSite\",\"@id\":\"https:\/\/sey.fi\/luoteis-lappi\/#website\",\"url\":\"https:\/\/sey.fi\/luoteis-lappi\/\",\"name\":\"Luoteis-Lapin el\u00e4insuojeluyhdistys\",\"description\":\"Uusi SEY J\u00e4senyhdistykset -sivusto\",\"potentialAction\":[{\"@type\":\"SearchAction\",\"target\":{\"@type\":\"EntryPoint\",\"urlTemplate\":\"https:\/\/sey.fi\/luoteis-lappi\/?s={search_term_string}\"},\"query-input\":{\"@type\":\"PropertyValueSpecification\",\"valueRequired\":true,\"valueName\":\"search_term_string\"}}],\"inLanguage\":\"fi\"}]}<\/script>\n<!-- \/ Yoast SEO plugin. -->","yoast_head_json":{"title":"Tarvitsetko apua? - Luoteis-Lapin el\u00e4insuojeluyhdistys","robots":{"index":"index","follow":"follow","max-snippet":"max-snippet:-1","max-image-preview":"max-image-preview:large","max-video-preview":"max-video-preview:-1"},"canonical":"https:\/\/sey.fi\/luoteis-lappi\/luoteis-lapin-elainsuojeluyhdistys\/tarvitsetko-apua\/","og_locale":"fi_FI","og_type":"article","og_title":"Tarvitsetko apua? - Luoteis-Lapin el\u00e4insuojeluyhdistys","og_description":"Jos ep\u00e4ilet, ett\u00e4 el\u00e4int\u00e4 kohdellaan huonosti, ota yhteys&nbsp;valvontael\u00e4inl\u00e4\u00e4k\u00e4riin tai kunnanel\u00e4inl\u00e4\u00e4k\u00e4riin. Luoteis-Lapin el\u00e4insuojeluvalvontaa hoitavien virkael\u00e4inl\u00e4\u00e4k\u00e4rien yhteystiedot: ENONTEKI\u00d6\/MUONIO Marianne Mannela, puh.&nbsp;040 662 1452Eva Kenk, puh.&nbsp;040 865 3766 Pienel\u00e4invastaanotto: Kuntokatu 6, 99400 ENONTEKI\u00d6 Ajanvaraus ja neuvonta klo 8.30 -10.00 email:&nbsp;etunimi.sukunimi@sodankyla.fi KITTIL\u00c4 Pirjo Korhonen, puh.&nbsp;0400 393 503 Pienel\u00e4invastaanotto: Sairaalantie 2 D, 99100 KITTIL\u00c4 Ajanvaraus ja neuvonta klo 8.00 -10.00 [&hellip;]","og_url":"https:\/\/sey.fi\/luoteis-lappi\/luoteis-lapin-elainsuojeluyhdistys\/tarvitsetko-apua\/","og_site_name":"Luoteis-Lapin el\u00e4insuojeluyhdistys","article_modified_time":"2019-11-01T15:28:16+00:00","twitter_card":"summary_large_image","twitter_misc":{"Arvioitu lukuaika":"1 minuutti"},"schema":{"@context":"https:\/\/schema.org","@graph":[{"@type":"WebPage","@id":"https:\/\/sey.fi\/luoteis-lappi\/luoteis-lapin-elainsuojeluyhdistys\/tarvitsetko-apua\/","url":"https:\/\/sey.fi\/luoteis-lappi\/luoteis-lapin-elainsuojeluyhdistys\/tarvitsetko-apua\/","name":"Tarvitsetko apua? - Luoteis-Lapin el\u00e4insuojeluyhdistys","isPartOf":{"@id":"https:\/\/sey.fi\/luoteis-lappi\/#website"},"datePublished":"2019-11-01T15:26:48+00:00","dateModified":"2019-11-01T15:28:16+00:00","breadcrumb":{"@id":"https:\/\/sey.fi\/luoteis-lappi\/luoteis-lapin-elainsuojeluyhdistys\/tarvitsetko-apua\/#breadcrumb"},"inLanguage":"fi","potentialAction":[{"@type":"ReadAction","target":["https:\/\/sey.fi\/luoteis-lappi\/luoteis-lapin-elainsuojeluyhdistys\/tarvitsetko-apua\/"]}]},{"@type":"BreadcrumbList","@id":"https:\/\/sey.fi\/luoteis-lappi\/luoteis-lapin-elainsuojeluyhdistys\/tarvitsetko-apua\/#breadcrumb","itemListElement":[{"@type":"ListItem","position":1,"name":"Home","item":"https:\/\/sey.fi\/luoteis-lappi\/"},{"@type":"ListItem","position":2,"name":"Luoteis-Lapin el\u00e4insuojeluyhdistys","item":"https:\/\/sey.fi\/luoteis-lappi\/"},{"@type":"ListItem","position":3,"name":"Tarvitsetko apua?"}]},{"@type":"WebSite","@id":"https:\/\/sey.fi\/luoteis-lappi\/#website","url":"https:\/\/sey.fi\/luoteis-lappi\/","name":"Luoteis-Lapin el\u00e4insuojeluyhdistys","description":"Uusi SEY J\u00e4senyhdistykset -sivusto","potentialAction":[{"@type":"SearchAction","target":{"@type":"EntryPoint","urlTemplate":"https:\/\/sey.fi\/luoteis-lappi\/?s={search_term_string}"},"query-input":{"@type":"PropertyValueSpecification","valueRequired":true,"valueName":"search_term_string"}}],"inLanguage":"fi"}]}},"_links":{"self":[{"href":"https:\/\/sey.fi\/luoteis-lappi\/wp-json\/wp\/v2\/pages\/19","targetHints":{"allow":["GET"]}}],"collection":[{"href":"https:\/\/sey.fi\/luoteis-lappi\/wp-json\/wp\/v2\/pages"}],"about":[{"href":"https:\/\/sey.fi\/luoteis-lappi\/wp-json\/wp\/v2\/types\/page"}],"author":[{"embeddable":true,"href":"https:\/\/sey.fi\/luoteis-lappi\/wp-json\/wp\/v2\/users\/8"}],"replies":[{"embeddable":true,"href":"https:\/\/sey.fi\/luoteis-lappi\/wp-json\/wp\/v2\/comments?post=19"}],"version-history":[{"count":2,"href":"https:\/\/sey.fi\/luoteis-lappi\/wp-json\/wp\/v2\/pages\/19\/revisions"}],"predecessor-version":[{"id":23,"href":"https:\/\/sey.fi\/luoteis-lappi\/wp-json\/wp\/v2\/pages\/19\/revisions\/23"}],"up":[{"embeddable":true,"href":"https:\/\/sey.fi\/luoteis-lappi\/wp-json\/wp\/v2\/pages\/2"}],"wp:attachment":[{"href":"https:\/\/sey.fi\/luoteis-lappi\/wp-json\/wp\/v2\/media?parent=19"}],"curies":[{"name":"wp","href":"https:\/\/api.w.org\/{rel}","templated":true}]}}