{"id":21,"date":"2019-11-01T17:27:17","date_gmt":"2019-11-01T15:27:17","guid":{"rendered":"http:\/\/srvr10.xetpoint.com\/~seyfi\/luoteis-lappi\/?page_id=21"},"modified":"2020-09-23T15:38:06","modified_gmt":"2020-09-23T12:38:06","slug":"luoteis-lapin-loytoelainhoitolat","status":"publish","type":"page","link":"https:\/\/sey.fi\/luoteis-lappi\/luoteis-lapin-elainsuojeluyhdistys\/luoteis-lapin-loytoelainhoitolat\/","title":{"rendered":"Luoteis-Lapin l\u00f6yt\u00f6el\u00e4inhoitolat"},"content":{"rendered":"\n<p><strong>Muonio<\/strong><br><strong>Koirat<\/strong>: P\u00e4ivi Nilimaa, Ojaj\u00e4ng\u00e4ntie 1, YLIMUONIO, puh. 040 568 8092<br><strong>Kissat ja muut<\/strong>&nbsp;(ei koirat): Kati Peltovuoma, Ounastie 3187, PELTOVUOMA, puh. 0400 227 477<\/p>\n\n\n\n<p><strong>Enonteki\u00f6<br>Koirat<\/strong>: Cape Lapland Oy \/ Pasi Ikonen, Hetantie 211, ENONTEKI\u00d6, puh. 016 641 590 tai 050 577 2762<br><strong>Kissat ja muut<\/strong>&nbsp;(ei koirat): Kati Peltovuoma, Ounastie 3187, PELTOVUOMA, puh. 0400 227 477<\/p>\n\n\n\n<p><strong>Kittil\u00e4<br><\/strong>Polar Lights Tours Oy, Pohjanakan ratsupolku 1, SIRKKA, puh. 040 413 9248<br><a href=\"https:\/\/www.facebook.com\/pg\/kittilanloytoelainkoti\/about\/?ref=page_internal\" target=\"_blank\" rel=\"noreferrer noopener\" aria-label=\"Kittil\u00e4n L\u00f6yt\u00f6el\u00e4inkoti (avautuu uudessa v\u00e4lilehdess\u00e4)\">Kittil\u00e4n L\u00f6yt\u00f6el\u00e4inkoti<\/a><\/p>\n\n\n\n<p><strong>Kolari<br><\/strong><a href=\"https:\/\/www.facebook.com\/pg\/Kolarin-L%C3%B6yt%C3%B6el%C3%A4imet-506405939705645\/about\/?ref=page_internal\" target=\"_blank\" rel=\"noreferrer noopener\">Kolarin L\u00f6yt\u00f6el\u00e4imet<\/a>, Heli Kostiander, LIETOROVA, puh. 050 544 2285<\/p>\n\n\n\n<p><br><strong>Jos lemmikkisi katoaa, ilmoita siit\u00e4 heti l\u00f6yt\u00f6el\u00e4inhoitolaan. Jos haluat tarjota kodin uutta kotia tarvitsevalle el\u00e4imelle, sellaisen saattaa l\u00f6yt\u00e4\u00e4 my\u00f6s hoitolan kautta.<\/strong><\/p>\n","protected":false},"excerpt":{"rendered":"<p>MuonioKoirat: P\u00e4ivi Nilimaa, Ojaj\u00e4ng\u00e4ntie 1, YLIMUONIO, puh. 040 568 8092Kissat ja muut&nbsp;(ei koirat): Kati Peltovuoma, Ounastie 3187, PELTOVUOMA, puh. 0400 227 477 Enonteki\u00f6Koirat: Cape Lapland Oy \/ Pasi Ikonen, Hetantie 211, ENONTEKI\u00d6, puh. 016 641 590 tai 050 577 2762Kissat ja muut&nbsp;(ei koirat): Kati Peltovuoma, Ounastie 3187, PELTOVUOMA, puh. 0400 227 477 Kittil\u00e4Polar Lights Tours [&hellip;]<\/p>\n","protected":false},"author":8,"featured_media":0,"parent":2,"menu_order":0,"comment_status":"closed","ping_status":"closed","template":"","meta":{"_acf_changed":false,"footnotes":""},"class_list":["post-21","page","type-page","status-publish","hentry"],"acf":[],"yoast_head":"<!-- This site is optimized with the Yoast SEO plugin v27.1.1 - https:\/\/yoast.com\/product\/yoast-seo-wordpress\/ -->\n<title>Luoteis-Lapin l\u00f6yt\u00f6el\u00e4inhoitolat - Luoteis-Lapin el\u00e4insuojeluyhdistys<\/title>\n<meta name=\"robots\" content=\"index, follow, max-snippet:-1, max-image-preview:large, max-video-preview:-1\" \/>\n<link rel=\"canonical\" href=\"https:\/\/sey.fi\/luoteis-lappi\/luoteis-lapin-elainsuojeluyhdistys\/luoteis-lapin-loytoelainhoitolat\/\" \/>\n<meta property=\"og:locale\" content=\"fi_FI\" \/>\n<meta property=\"og:type\" content=\"article\" \/>\n<meta property=\"og:title\" content=\"Luoteis-Lapin l\u00f6yt\u00f6el\u00e4inhoitolat - Luoteis-Lapin el\u00e4insuojeluyhdistys\" \/>\n<meta property=\"og:description\" content=\"MuonioKoirat: P\u00e4ivi Nilimaa, Ojaj\u00e4ng\u00e4ntie 1, YLIMUONIO, puh. 040 568 8092Kissat ja muut&nbsp;(ei koirat): Kati Peltovuoma, Ounastie 3187, PELTOVUOMA, puh. 0400 227 477 Enonteki\u00f6Koirat: Cape Lapland Oy \/ Pasi Ikonen, Hetantie 211, ENONTEKI\u00d6, puh. 016 641 590 tai 050 577 2762Kissat ja muut&nbsp;(ei koirat): Kati Peltovuoma, Ounastie 3187, PELTOVUOMA, puh. 0400 227 477 Kittil\u00e4Polar Lights Tours [&hellip;]\" \/>\n<meta property=\"og:url\" content=\"https:\/\/sey.fi\/luoteis-lappi\/luoteis-lapin-elainsuojeluyhdistys\/luoteis-lapin-loytoelainhoitolat\/\" \/>\n<meta property=\"og:site_name\" content=\"Luoteis-Lapin el\u00e4insuojeluyhdistys\" \/>\n<meta property=\"article:modified_time\" content=\"2020-09-23T12:38:06+00:00\" \/>\n<meta name=\"twitter:card\" content=\"summary_large_image\" \/>\n<script type=\"application\/ld+json\" class=\"yoast-schema-graph\">{\"@context\":\"https:\/\/schema.org\",\"@graph\":[{\"@type\":\"WebPage\",\"@id\":\"https:\/\/sey.fi\/luoteis-lappi\/luoteis-lapin-elainsuojeluyhdistys\/luoteis-lapin-loytoelainhoitolat\/\",\"url\":\"https:\/\/sey.fi\/luoteis-lappi\/luoteis-lapin-elainsuojeluyhdistys\/luoteis-lapin-loytoelainhoitolat\/\",\"name\":\"Luoteis-Lapin l\u00f6yt\u00f6el\u00e4inhoitolat - Luoteis-Lapin el\u00e4insuojeluyhdistys\",\"isPartOf\":{\"@id\":\"https:\/\/sey.fi\/luoteis-lappi\/#website\"},\"datePublished\":\"2019-11-01T15:27:17+00:00\",\"dateModified\":\"2020-09-23T12:38:06+00:00\",\"breadcrumb\":{\"@id\":\"https:\/\/sey.fi\/luoteis-lappi\/luoteis-lapin-elainsuojeluyhdistys\/luoteis-lapin-loytoelainhoitolat\/#breadcrumb\"},\"inLanguage\":\"fi\",\"potentialAction\":[{\"@type\":\"ReadAction\",\"target\":[\"https:\/\/sey.fi\/luoteis-lappi\/luoteis-lapin-elainsuojeluyhdistys\/luoteis-lapin-loytoelainhoitolat\/\"]}]},{\"@type\":\"BreadcrumbList\",\"@id\":\"https:\/\/sey.fi\/luoteis-lappi\/luoteis-lapin-elainsuojeluyhdistys\/luoteis-lapin-loytoelainhoitolat\/#breadcrumb\",\"itemListElement\":[{\"@type\":\"ListItem\",\"position\":1,\"name\":\"Home\",\"item\":\"https:\/\/sey.fi\/luoteis-lappi\/\"},{\"@type\":\"ListItem\",\"position\":2,\"name\":\"Luoteis-Lapin el\u00e4insuojeluyhdistys\",\"item\":\"https:\/\/sey.fi\/luoteis-lappi\/\"},{\"@type\":\"ListItem\",\"position\":3,\"name\":\"Luoteis-Lapin l\u00f6yt\u00f6el\u00e4inhoitolat\"}]},{\"@type\":\"WebSite\",\"@id\":\"https:\/\/sey.fi\/luoteis-lappi\/#website\",\"url\":\"https:\/\/sey.fi\/luoteis-lappi\/\",\"name\":\"Luoteis-Lapin el\u00e4insuojeluyhdistys\",\"description\":\"Uusi SEY J\u00e4senyhdistykset -sivusto\",\"potentialAction\":[{\"@type\":\"SearchAction\",\"target\":{\"@type\":\"EntryPoint\",\"urlTemplate\":\"https:\/\/sey.fi\/luoteis-lappi\/?s={search_term_string}\"},\"query-input\":{\"@type\":\"PropertyValueSpecification\",\"valueRequired\":true,\"valueName\":\"search_term_string\"}}],\"inLanguage\":\"fi\"}]}<\/script>\n<!-- \/ Yoast SEO plugin. -->","yoast_head_json":{"title":"Luoteis-Lapin l\u00f6yt\u00f6el\u00e4inhoitolat - Luoteis-Lapin el\u00e4insuojeluyhdistys","robots":{"index":"index","follow":"follow","max-snippet":"max-snippet:-1","max-image-preview":"max-image-preview:large","max-video-preview":"max-video-preview:-1"},"canonical":"https:\/\/sey.fi\/luoteis-lappi\/luoteis-lapin-elainsuojeluyhdistys\/luoteis-lapin-loytoelainhoitolat\/","og_locale":"fi_FI","og_type":"article","og_title":"Luoteis-Lapin l\u00f6yt\u00f6el\u00e4inhoitolat - Luoteis-Lapin el\u00e4insuojeluyhdistys","og_description":"MuonioKoirat: P\u00e4ivi Nilimaa, Ojaj\u00e4ng\u00e4ntie 1, YLIMUONIO, puh. 040 568 8092Kissat ja muut&nbsp;(ei koirat): Kati Peltovuoma, Ounastie 3187, PELTOVUOMA, puh. 0400 227 477 Enonteki\u00f6Koirat: Cape Lapland Oy \/ Pasi Ikonen, Hetantie 211, ENONTEKI\u00d6, puh. 016 641 590 tai 050 577 2762Kissat ja muut&nbsp;(ei koirat): Kati Peltovuoma, Ounastie 3187, PELTOVUOMA, puh. 0400 227 477 Kittil\u00e4Polar Lights Tours [&hellip;]","og_url":"https:\/\/sey.fi\/luoteis-lappi\/luoteis-lapin-elainsuojeluyhdistys\/luoteis-lapin-loytoelainhoitolat\/","og_site_name":"Luoteis-Lapin el\u00e4insuojeluyhdistys","article_modified_time":"2020-09-23T12:38:06+00:00","twitter_card":"summary_large_image","schema":{"@context":"https:\/\/schema.org","@graph":[{"@type":"WebPage","@id":"https:\/\/sey.fi\/luoteis-lappi\/luoteis-lapin-elainsuojeluyhdistys\/luoteis-lapin-loytoelainhoitolat\/","url":"https:\/\/sey.fi\/luoteis-lappi\/luoteis-lapin-elainsuojeluyhdistys\/luoteis-lapin-loytoelainhoitolat\/","name":"Luoteis-Lapin l\u00f6yt\u00f6el\u00e4inhoitolat - Luoteis-Lapin el\u00e4insuojeluyhdistys","isPartOf":{"@id":"https:\/\/sey.fi\/luoteis-lappi\/#website"},"datePublished":"2019-11-01T15:27:17+00:00","dateModified":"2020-09-23T12:38:06+00:00","breadcrumb":{"@id":"https:\/\/sey.fi\/luoteis-lappi\/luoteis-lapin-elainsuojeluyhdistys\/luoteis-lapin-loytoelainhoitolat\/#breadcrumb"},"inLanguage":"fi","potentialAction":[{"@type":"ReadAction","target":["https:\/\/sey.fi\/luoteis-lappi\/luoteis-lapin-elainsuojeluyhdistys\/luoteis-lapin-loytoelainhoitolat\/"]}]},{"@type":"BreadcrumbList","@id":"https:\/\/sey.fi\/luoteis-lappi\/luoteis-lapin-elainsuojeluyhdistys\/luoteis-lapin-loytoelainhoitolat\/#breadcrumb","itemListElement":[{"@type":"ListItem","position":1,"name":"Home","item":"https:\/\/sey.fi\/luoteis-lappi\/"},{"@type":"ListItem","position":2,"name":"Luoteis-Lapin el\u00e4insuojeluyhdistys","item":"https:\/\/sey.fi\/luoteis-lappi\/"},{"@type":"ListItem","position":3,"name":"Luoteis-Lapin l\u00f6yt\u00f6el\u00e4inhoitolat"}]},{"@type":"WebSite","@id":"https:\/\/sey.fi\/luoteis-lappi\/#website","url":"https:\/\/sey.fi\/luoteis-lappi\/","name":"Luoteis-Lapin el\u00e4insuojeluyhdistys","description":"Uusi SEY J\u00e4senyhdistykset -sivusto","potentialAction":[{"@type":"SearchAction","target":{"@type":"EntryPoint","urlTemplate":"https:\/\/sey.fi\/luoteis-lappi\/?s={search_term_string}"},"query-input":{"@type":"PropertyValueSpecification","valueRequired":true,"valueName":"search_term_string"}}],"inLanguage":"fi"}]}},"_links":{"self":[{"href":"https:\/\/sey.fi\/luoteis-lappi\/wp-json\/wp\/v2\/pages\/21","targetHints":{"allow":["GET"]}}],"collection":[{"href":"https:\/\/sey.fi\/luoteis-lappi\/wp-json\/wp\/v2\/pages"}],"about":[{"href":"https:\/\/sey.fi\/luoteis-lappi\/wp-json\/wp\/v2\/types\/page"}],"author":[{"embeddable":true,"href":"https:\/\/sey.fi\/luoteis-lappi\/wp-json\/wp\/v2\/users\/8"}],"replies":[{"embeddable":true,"href":"https:\/\/sey.fi\/luoteis-lappi\/wp-json\/wp\/v2\/comments?post=21"}],"version-history":[{"count":3,"href":"https:\/\/sey.fi\/luoteis-lappi\/wp-json\/wp\/v2\/pages\/21\/revisions"}],"predecessor-version":[{"id":123,"href":"https:\/\/sey.fi\/luoteis-lappi\/wp-json\/wp\/v2\/pages\/21\/revisions\/123"}],"up":[{"embeddable":true,"href":"https:\/\/sey.fi\/luoteis-lappi\/wp-json\/wp\/v2\/pages\/2"}],"wp:attachment":[{"href":"https:\/\/sey.fi\/luoteis-lappi\/wp-json\/wp\/v2\/media?parent=21"}],"curies":[{"name":"wp","href":"https:\/\/api.w.org\/{rel}","templated":true}]}}