{"id":24,"date":"2019-11-01T17:28:44","date_gmt":"2019-11-01T15:28:44","guid":{"rendered":"http:\/\/srvr10.xetpoint.com\/~seyfi\/luoteis-lappi\/?page_id=24"},"modified":"2020-09-23T14:40:55","modified_gmt":"2020-09-23T11:40:55","slug":"yhdistys","status":"publish","type":"page","link":"https:\/\/sey.fi\/luoteis-lappi\/luoteis-lapin-elainsuojeluyhdistys\/yhdistys\/","title":{"rendered":"Yhdistys"},"content":{"rendered":"\n<p>Luoteis-Lapin el\u00e4insuojeluyhdistys ry haluaa vaikuttaa yhteiskunnalliseen p\u00e4\u00e4t\u00f6ksentekoon niin, ett\u00e4 el\u00e4insuojelulliset n\u00e4k\u00f6kohdat otetaan huomioon kaikilla tasoilla. Tavoitteeseen yhdistys pyrkii tukemalla ja kehitt\u00e4m\u00e4ll\u00e4 vapaaehtoista el\u00e4insuojeluty\u00f6t\u00e4 sek\u00e4 harjoittamalla valistusta, tiedotustoimintaa, koulutusta, j\u00e4senhankintaa ja yhteisty\u00f6t\u00e4 paikallisella tasolla muiden j\u00e4rjest\u00f6jen, viranomaisten ja muun yhteiskunnallisen organisaation kanssa. Yhdistys puuttuu ajankohtaisiin el\u00e4insuojeluasioihin kaikilla tasoilla. Yhdistys tekee el\u00e4insuojeluneuvontak\u00e4yntej\u00e4.<\/p>\n\n\n\n<p>Yhdistys hankkii varoja hautapaikkatuloina, j\u00e4senmaksuina, lahjoituksina sek\u00e4 myyntituloina.<\/p>\n\n\n\n<p>Yhdistys harjoittaa tiedotus- ja valistustoimintaa, tekee aloitteita, antaa lausuntoja ja kannanottoja el\u00e4insuojelua koskevissa asioissa. El\u00e4inten hyvinvoinnin edist\u00e4miseksi voidaan antaa avustuksia, tavara- ja ruokalahjoituksia sek\u00e4 j\u00e4rjest\u00e4\u00e4 el\u00e4inl\u00e4\u00e4k\u00e4rin apua tarvittaessa. L\u00f6yt\u00f6el\u00e4inten uudelleensijoittamista tuetaan. Yhdistys j\u00e4rjest\u00e4\u00e4 el\u00e4insuojelutempauksia El\u00e4inten viikolla. Yhdistyksen tunnettavuutta lis\u00e4t\u00e4\u00e4n El\u00e4inten viikon teeman avulla uusien j\u00e4senten saamiseksi. J\u00e4rjestet\u00e4\u00e4n lintujen talviruokintaa. Yhdistys voi antaa kunniakirjan tai huomioida muuten el\u00e4insuojeluty\u00f6st\u00e4 ansioituneita henkil\u00f6it\u00e4 esimerkiksi El\u00e4inten viikolla. Osallistutaan jouluna joulumyyj\u00e4isiin.<\/p>\n\n\n\n<p>Nuorisolle ja lapsille tiedotetaan el\u00e4inten hyv\u00e4st\u00e4 kohtelusta ja hoidosta. Jaetaan kouluihin El\u00e4inten viikon materiaalia.<\/p>\n\n\n\n<p>El\u00e4insuojelua edistet\u00e4\u00e4n kertomalla lains\u00e4\u00e4d\u00e4nn\u00f6st\u00e4 ja el\u00e4insuojelum\u00e4\u00e4r\u00e4yksist\u00e4 jakamalla omia tiedotteita ja tiedotusv\u00e4lineiden avulla. Jaettavaksi hankitaan kaikkea el\u00e4inten hyvinvointiin liittyv\u00e4\u00e4 materiaalia.<\/p>\n\n\n\n<p>Yhdistys yll\u00e4pit\u00e4\u00e4 el\u00e4inten hautausmaata, johon on yksityiselt\u00e4 saatu k\u00e4ytt\u00f6oikeus.<\/p>\n\n\n\n<p>Yhdistyksen nettisivulla kerrotaan toiminnasta ja tapahtumista, annetaan el\u00e4intietoa sek\u00e4 ilmoitetaan uutta kotia tarvitsevista el\u00e4imist\u00e4 ja l\u00f6ytyneist\u00e4 el\u00e4imist\u00e4.<\/p>\n","protected":false},"excerpt":{"rendered":"<p>Luoteis-Lapin el\u00e4insuojeluyhdistys ry haluaa vaikuttaa yhteiskunnalliseen p\u00e4\u00e4t\u00f6ksentekoon niin, ett\u00e4 el\u00e4insuojelulliset n\u00e4k\u00f6kohdat otetaan huomioon kaikilla tasoilla. Tavoitteeseen yhdistys pyrkii tukemalla ja kehitt\u00e4m\u00e4ll\u00e4 vapaaehtoista el\u00e4insuojeluty\u00f6t\u00e4 sek\u00e4 harjoittamalla valistusta, tiedotustoimintaa, koulutusta, j\u00e4senhankintaa ja yhteisty\u00f6t\u00e4 paikallisella tasolla muiden j\u00e4rjest\u00f6jen, viranomaisten ja muun yhteiskunnallisen organisaation kanssa. Yhdistys puuttuu ajankohtaisiin el\u00e4insuojeluasioihin kaikilla tasoilla. Yhdistys tekee el\u00e4insuojeluneuvontak\u00e4yntej\u00e4. Yhdistys hankkii varoja hautapaikkatuloina, j\u00e4senmaksuina, [&hellip;]<\/p>\n","protected":false},"author":8,"featured_media":0,"parent":2,"menu_order":0,"comment_status":"closed","ping_status":"closed","template":"","meta":{"_acf_changed":false,"footnotes":""},"class_list":["post-24","page","type-page","status-publish","hentry"],"acf":[],"yoast_head":"<!-- This site is optimized with the Yoast SEO plugin v27.1.1 - https:\/\/yoast.com\/product\/yoast-seo-wordpress\/ -->\n<title>Yhdistys - Luoteis-Lapin el\u00e4insuojeluyhdistys<\/title>\n<meta name=\"robots\" content=\"index, follow, max-snippet:-1, max-image-preview:large, max-video-preview:-1\" \/>\n<link rel=\"canonical\" href=\"https:\/\/sey.fi\/luoteis-lappi\/luoteis-lapin-elainsuojeluyhdistys\/yhdistys\/\" \/>\n<meta property=\"og:locale\" content=\"fi_FI\" \/>\n<meta property=\"og:type\" content=\"article\" \/>\n<meta property=\"og:title\" content=\"Yhdistys - Luoteis-Lapin el\u00e4insuojeluyhdistys\" \/>\n<meta property=\"og:description\" content=\"Luoteis-Lapin el\u00e4insuojeluyhdistys ry haluaa vaikuttaa yhteiskunnalliseen p\u00e4\u00e4t\u00f6ksentekoon niin, ett\u00e4 el\u00e4insuojelulliset n\u00e4k\u00f6kohdat otetaan huomioon kaikilla tasoilla. Tavoitteeseen yhdistys pyrkii tukemalla ja kehitt\u00e4m\u00e4ll\u00e4 vapaaehtoista el\u00e4insuojeluty\u00f6t\u00e4 sek\u00e4 harjoittamalla valistusta, tiedotustoimintaa, koulutusta, j\u00e4senhankintaa ja yhteisty\u00f6t\u00e4 paikallisella tasolla muiden j\u00e4rjest\u00f6jen, viranomaisten ja muun yhteiskunnallisen organisaation kanssa. Yhdistys puuttuu ajankohtaisiin el\u00e4insuojeluasioihin kaikilla tasoilla. Yhdistys tekee el\u00e4insuojeluneuvontak\u00e4yntej\u00e4. Yhdistys hankkii varoja hautapaikkatuloina, j\u00e4senmaksuina, [&hellip;]\" \/>\n<meta property=\"og:url\" content=\"https:\/\/sey.fi\/luoteis-lappi\/luoteis-lapin-elainsuojeluyhdistys\/yhdistys\/\" \/>\n<meta property=\"og:site_name\" content=\"Luoteis-Lapin el\u00e4insuojeluyhdistys\" \/>\n<meta property=\"article:modified_time\" content=\"2020-09-23T11:40:55+00:00\" \/>\n<meta name=\"twitter:card\" content=\"summary_large_image\" \/>\n<meta name=\"twitter:label1\" content=\"Arvioitu lukuaika\" \/>\n\t<meta name=\"twitter:data1\" content=\"1 minuutti\" \/>\n<script type=\"application\/ld+json\" class=\"yoast-schema-graph\">{\"@context\":\"https:\/\/schema.org\",\"@graph\":[{\"@type\":\"WebPage\",\"@id\":\"https:\/\/sey.fi\/luoteis-lappi\/luoteis-lapin-elainsuojeluyhdistys\/yhdistys\/\",\"url\":\"https:\/\/sey.fi\/luoteis-lappi\/luoteis-lapin-elainsuojeluyhdistys\/yhdistys\/\",\"name\":\"Yhdistys - Luoteis-Lapin el\u00e4insuojeluyhdistys\",\"isPartOf\":{\"@id\":\"https:\/\/sey.fi\/luoteis-lappi\/#website\"},\"datePublished\":\"2019-11-01T15:28:44+00:00\",\"dateModified\":\"2020-09-23T11:40:55+00:00\",\"breadcrumb\":{\"@id\":\"https:\/\/sey.fi\/luoteis-lappi\/luoteis-lapin-elainsuojeluyhdistys\/yhdistys\/#breadcrumb\"},\"inLanguage\":\"fi\",\"potentialAction\":[{\"@type\":\"ReadAction\",\"target\":[\"https:\/\/sey.fi\/luoteis-lappi\/luoteis-lapin-elainsuojeluyhdistys\/yhdistys\/\"]}]},{\"@type\":\"BreadcrumbList\",\"@id\":\"https:\/\/sey.fi\/luoteis-lappi\/luoteis-lapin-elainsuojeluyhdistys\/yhdistys\/#breadcrumb\",\"itemListElement\":[{\"@type\":\"ListItem\",\"position\":1,\"name\":\"Home\",\"item\":\"https:\/\/sey.fi\/luoteis-lappi\/\"},{\"@type\":\"ListItem\",\"position\":2,\"name\":\"Luoteis-Lapin el\u00e4insuojeluyhdistys\",\"item\":\"https:\/\/sey.fi\/luoteis-lappi\/\"},{\"@type\":\"ListItem\",\"position\":3,\"name\":\"Yhdistys\"}]},{\"@type\":\"WebSite\",\"@id\":\"https:\/\/sey.fi\/luoteis-lappi\/#website\",\"url\":\"https:\/\/sey.fi\/luoteis-lappi\/\",\"name\":\"Luoteis-Lapin el\u00e4insuojeluyhdistys\",\"description\":\"Uusi SEY J\u00e4senyhdistykset -sivusto\",\"potentialAction\":[{\"@type\":\"SearchAction\",\"target\":{\"@type\":\"EntryPoint\",\"urlTemplate\":\"https:\/\/sey.fi\/luoteis-lappi\/?s={search_term_string}\"},\"query-input\":{\"@type\":\"PropertyValueSpecification\",\"valueRequired\":true,\"valueName\":\"search_term_string\"}}],\"inLanguage\":\"fi\"}]}<\/script>\n<!-- \/ Yoast SEO plugin. -->","yoast_head_json":{"title":"Yhdistys - Luoteis-Lapin el\u00e4insuojeluyhdistys","robots":{"index":"index","follow":"follow","max-snippet":"max-snippet:-1","max-image-preview":"max-image-preview:large","max-video-preview":"max-video-preview:-1"},"canonical":"https:\/\/sey.fi\/luoteis-lappi\/luoteis-lapin-elainsuojeluyhdistys\/yhdistys\/","og_locale":"fi_FI","og_type":"article","og_title":"Yhdistys - Luoteis-Lapin el\u00e4insuojeluyhdistys","og_description":"Luoteis-Lapin el\u00e4insuojeluyhdistys ry haluaa vaikuttaa yhteiskunnalliseen p\u00e4\u00e4t\u00f6ksentekoon niin, ett\u00e4 el\u00e4insuojelulliset n\u00e4k\u00f6kohdat otetaan huomioon kaikilla tasoilla. Tavoitteeseen yhdistys pyrkii tukemalla ja kehitt\u00e4m\u00e4ll\u00e4 vapaaehtoista el\u00e4insuojeluty\u00f6t\u00e4 sek\u00e4 harjoittamalla valistusta, tiedotustoimintaa, koulutusta, j\u00e4senhankintaa ja yhteisty\u00f6t\u00e4 paikallisella tasolla muiden j\u00e4rjest\u00f6jen, viranomaisten ja muun yhteiskunnallisen organisaation kanssa. Yhdistys puuttuu ajankohtaisiin el\u00e4insuojeluasioihin kaikilla tasoilla. Yhdistys tekee el\u00e4insuojeluneuvontak\u00e4yntej\u00e4. Yhdistys hankkii varoja hautapaikkatuloina, j\u00e4senmaksuina, [&hellip;]","og_url":"https:\/\/sey.fi\/luoteis-lappi\/luoteis-lapin-elainsuojeluyhdistys\/yhdistys\/","og_site_name":"Luoteis-Lapin el\u00e4insuojeluyhdistys","article_modified_time":"2020-09-23T11:40:55+00:00","twitter_card":"summary_large_image","twitter_misc":{"Arvioitu lukuaika":"1 minuutti"},"schema":{"@context":"https:\/\/schema.org","@graph":[{"@type":"WebPage","@id":"https:\/\/sey.fi\/luoteis-lappi\/luoteis-lapin-elainsuojeluyhdistys\/yhdistys\/","url":"https:\/\/sey.fi\/luoteis-lappi\/luoteis-lapin-elainsuojeluyhdistys\/yhdistys\/","name":"Yhdistys - Luoteis-Lapin el\u00e4insuojeluyhdistys","isPartOf":{"@id":"https:\/\/sey.fi\/luoteis-lappi\/#website"},"datePublished":"2019-11-01T15:28:44+00:00","dateModified":"2020-09-23T11:40:55+00:00","breadcrumb":{"@id":"https:\/\/sey.fi\/luoteis-lappi\/luoteis-lapin-elainsuojeluyhdistys\/yhdistys\/#breadcrumb"},"inLanguage":"fi","potentialAction":[{"@type":"ReadAction","target":["https:\/\/sey.fi\/luoteis-lappi\/luoteis-lapin-elainsuojeluyhdistys\/yhdistys\/"]}]},{"@type":"BreadcrumbList","@id":"https:\/\/sey.fi\/luoteis-lappi\/luoteis-lapin-elainsuojeluyhdistys\/yhdistys\/#breadcrumb","itemListElement":[{"@type":"ListItem","position":1,"name":"Home","item":"https:\/\/sey.fi\/luoteis-lappi\/"},{"@type":"ListItem","position":2,"name":"Luoteis-Lapin el\u00e4insuojeluyhdistys","item":"https:\/\/sey.fi\/luoteis-lappi\/"},{"@type":"ListItem","position":3,"name":"Yhdistys"}]},{"@type":"WebSite","@id":"https:\/\/sey.fi\/luoteis-lappi\/#website","url":"https:\/\/sey.fi\/luoteis-lappi\/","name":"Luoteis-Lapin el\u00e4insuojeluyhdistys","description":"Uusi SEY J\u00e4senyhdistykset -sivusto","potentialAction":[{"@type":"SearchAction","target":{"@type":"EntryPoint","urlTemplate":"https:\/\/sey.fi\/luoteis-lappi\/?s={search_term_string}"},"query-input":{"@type":"PropertyValueSpecification","valueRequired":true,"valueName":"search_term_string"}}],"inLanguage":"fi"}]}},"_links":{"self":[{"href":"https:\/\/sey.fi\/luoteis-lappi\/wp-json\/wp\/v2\/pages\/24","targetHints":{"allow":["GET"]}}],"collection":[{"href":"https:\/\/sey.fi\/luoteis-lappi\/wp-json\/wp\/v2\/pages"}],"about":[{"href":"https:\/\/sey.fi\/luoteis-lappi\/wp-json\/wp\/v2\/types\/page"}],"author":[{"embeddable":true,"href":"https:\/\/sey.fi\/luoteis-lappi\/wp-json\/wp\/v2\/users\/8"}],"replies":[{"embeddable":true,"href":"https:\/\/sey.fi\/luoteis-lappi\/wp-json\/wp\/v2\/comments?post=24"}],"version-history":[{"count":4,"href":"https:\/\/sey.fi\/luoteis-lappi\/wp-json\/wp\/v2\/pages\/24\/revisions"}],"predecessor-version":[{"id":111,"href":"https:\/\/sey.fi\/luoteis-lappi\/wp-json\/wp\/v2\/pages\/24\/revisions\/111"}],"up":[{"embeddable":true,"href":"https:\/\/sey.fi\/luoteis-lappi\/wp-json\/wp\/v2\/pages\/2"}],"wp:attachment":[{"href":"https:\/\/sey.fi\/luoteis-lappi\/wp-json\/wp\/v2\/media?parent=24"}],"curies":[{"name":"wp","href":"https:\/\/api.w.org\/{rel}","templated":true}]}}