{"id":32,"date":"2019-11-01T17:30:34","date_gmt":"2019-11-01T15:30:34","guid":{"rendered":"http:\/\/srvr10.xetpoint.com\/~seyfi\/luoteis-lappi\/?page_id=32"},"modified":"2019-11-01T17:31:20","modified_gmt":"2019-11-01T15:31:20","slug":"tue-toimintaa","status":"publish","type":"page","link":"https:\/\/sey.fi\/luoteis-lappi\/luoteis-lapin-elainsuojeluyhdistys\/tue-toimintaa\/","title":{"rendered":"Tue toimintaa"},"content":{"rendered":"\n<p><strong>Yhdistyksemme toimii t\u00e4ysin j\u00e4senmaksujen ja lahjoitusten varassa.<\/strong><\/p>\n\n\n\n<p>Tarvitsemme apua, jotta toimintamme el\u00e4inten auttamiseksi voi jatkua.<\/p>\n\n\n\n<p>Mahdollisia tukimuotoja:<\/p>\n\n\n\n<ul class=\"wp-block-list\"><li>sijaiskodiksi l\u00f6yt\u00f6el\u00e4imelle<\/li><li>vapaaehtoiseksi tapahtumaan<\/li><li>ruoka-, tarvike- tai tavaralahjoitukset<\/li><li>hautausmaalle talkoisiin<\/li><li>yhdistysaktiiviksi<br>ja \/ tai<\/li><li>lahjoitus tilillemme<br>FI39 5643 7420 0288 02<\/li><\/ul>\n\n\n\n<p>Kiinnostaako j\u00e4senyys?\u00a0<a href=\"https:\/\/sey.fi\/luoteis-lappi\/luoteis-lapin-elainsuojeluyhdistys\/yhteystiedot\/\">Ota yhteytt\u00e4<\/a>.<\/p>\n\n\n\n<p>Voit ilmoittautua vapaaehtoiseksi my\u00f6s&nbsp;<a href=\"https:\/\/www.sey.fi\/tue-toimintaa\/vapaaehtoiseksi\/vapaaehtoiseksi-seyn-jasenyhdistykseen\" target=\"_blank\" rel=\"noreferrer noopener\">SEYn vapaaehtoisty\u00f6lomakkeella<\/a>.<br><\/p>\n","protected":false},"excerpt":{"rendered":"<p>Yhdistyksemme toimii t\u00e4ysin j\u00e4senmaksujen ja lahjoitusten varassa. Tarvitsemme apua, jotta toimintamme el\u00e4inten auttamiseksi voi jatkua. Mahdollisia tukimuotoja: sijaiskodiksi l\u00f6yt\u00f6el\u00e4imelle vapaaehtoiseksi tapahtumaan ruoka-, tarvike- tai tavaralahjoitukset hautausmaalle talkoisiin yhdistysaktiiviksija \/ tai lahjoitus tilillemmeFI39 5643 7420 0288 02 Kiinnostaako j\u00e4senyys?\u00a0Ota yhteytt\u00e4. Voit ilmoittautua vapaaehtoiseksi my\u00f6s&nbsp;SEYn vapaaehtoisty\u00f6lomakkeella.<\/p>\n","protected":false},"author":8,"featured_media":0,"parent":2,"menu_order":0,"comment_status":"closed","ping_status":"closed","template":"","meta":{"_acf_changed":false,"footnotes":""},"class_list":["post-32","page","type-page","status-publish","hentry"],"acf":[],"yoast_head":"<!-- This site is optimized with the Yoast SEO plugin v27.1.1 - https:\/\/yoast.com\/product\/yoast-seo-wordpress\/ -->\n<title>Tue toimintaa - Luoteis-Lapin el\u00e4insuojeluyhdistys<\/title>\n<meta name=\"robots\" content=\"index, follow, max-snippet:-1, max-image-preview:large, max-video-preview:-1\" \/>\n<link rel=\"canonical\" href=\"https:\/\/sey.fi\/luoteis-lappi\/luoteis-lapin-elainsuojeluyhdistys\/tue-toimintaa\/\" \/>\n<meta property=\"og:locale\" content=\"fi_FI\" \/>\n<meta property=\"og:type\" content=\"article\" \/>\n<meta property=\"og:title\" content=\"Tue toimintaa - Luoteis-Lapin el\u00e4insuojeluyhdistys\" \/>\n<meta property=\"og:description\" content=\"Yhdistyksemme toimii t\u00e4ysin j\u00e4senmaksujen ja lahjoitusten varassa. Tarvitsemme apua, jotta toimintamme el\u00e4inten auttamiseksi voi jatkua. Mahdollisia tukimuotoja: sijaiskodiksi l\u00f6yt\u00f6el\u00e4imelle vapaaehtoiseksi tapahtumaan ruoka-, tarvike- tai tavaralahjoitukset hautausmaalle talkoisiin yhdistysaktiiviksija \/ tai lahjoitus tilillemmeFI39 5643 7420 0288 02 Kiinnostaako j\u00e4senyys?\u00a0Ota yhteytt\u00e4. Voit ilmoittautua vapaaehtoiseksi my\u00f6s&nbsp;SEYn vapaaehtoisty\u00f6lomakkeella.\" \/>\n<meta property=\"og:url\" content=\"https:\/\/sey.fi\/luoteis-lappi\/luoteis-lapin-elainsuojeluyhdistys\/tue-toimintaa\/\" \/>\n<meta property=\"og:site_name\" content=\"Luoteis-Lapin el\u00e4insuojeluyhdistys\" \/>\n<meta property=\"article:modified_time\" content=\"2019-11-01T15:31:20+00:00\" \/>\n<meta name=\"twitter:card\" content=\"summary_large_image\" \/>\n<script type=\"application\/ld+json\" class=\"yoast-schema-graph\">{\"@context\":\"https:\/\/schema.org\",\"@graph\":[{\"@type\":\"WebPage\",\"@id\":\"https:\/\/sey.fi\/luoteis-lappi\/luoteis-lapin-elainsuojeluyhdistys\/tue-toimintaa\/\",\"url\":\"https:\/\/sey.fi\/luoteis-lappi\/luoteis-lapin-elainsuojeluyhdistys\/tue-toimintaa\/\",\"name\":\"Tue toimintaa - Luoteis-Lapin el\u00e4insuojeluyhdistys\",\"isPartOf\":{\"@id\":\"https:\/\/sey.fi\/luoteis-lappi\/#website\"},\"datePublished\":\"2019-11-01T15:30:34+00:00\",\"dateModified\":\"2019-11-01T15:31:20+00:00\",\"breadcrumb\":{\"@id\":\"https:\/\/sey.fi\/luoteis-lappi\/luoteis-lapin-elainsuojeluyhdistys\/tue-toimintaa\/#breadcrumb\"},\"inLanguage\":\"fi\",\"potentialAction\":[{\"@type\":\"ReadAction\",\"target\":[\"https:\/\/sey.fi\/luoteis-lappi\/luoteis-lapin-elainsuojeluyhdistys\/tue-toimintaa\/\"]}]},{\"@type\":\"BreadcrumbList\",\"@id\":\"https:\/\/sey.fi\/luoteis-lappi\/luoteis-lapin-elainsuojeluyhdistys\/tue-toimintaa\/#breadcrumb\",\"itemListElement\":[{\"@type\":\"ListItem\",\"position\":1,\"name\":\"Home\",\"item\":\"https:\/\/sey.fi\/luoteis-lappi\/\"},{\"@type\":\"ListItem\",\"position\":2,\"name\":\"Luoteis-Lapin el\u00e4insuojeluyhdistys\",\"item\":\"https:\/\/sey.fi\/luoteis-lappi\/\"},{\"@type\":\"ListItem\",\"position\":3,\"name\":\"Tue toimintaa\"}]},{\"@type\":\"WebSite\",\"@id\":\"https:\/\/sey.fi\/luoteis-lappi\/#website\",\"url\":\"https:\/\/sey.fi\/luoteis-lappi\/\",\"name\":\"Luoteis-Lapin el\u00e4insuojeluyhdistys\",\"description\":\"Uusi SEY J\u00e4senyhdistykset -sivusto\",\"potentialAction\":[{\"@type\":\"SearchAction\",\"target\":{\"@type\":\"EntryPoint\",\"urlTemplate\":\"https:\/\/sey.fi\/luoteis-lappi\/?s={search_term_string}\"},\"query-input\":{\"@type\":\"PropertyValueSpecification\",\"valueRequired\":true,\"valueName\":\"search_term_string\"}}],\"inLanguage\":\"fi\"}]}<\/script>\n<!-- \/ Yoast SEO plugin. -->","yoast_head_json":{"title":"Tue toimintaa - Luoteis-Lapin el\u00e4insuojeluyhdistys","robots":{"index":"index","follow":"follow","max-snippet":"max-snippet:-1","max-image-preview":"max-image-preview:large","max-video-preview":"max-video-preview:-1"},"canonical":"https:\/\/sey.fi\/luoteis-lappi\/luoteis-lapin-elainsuojeluyhdistys\/tue-toimintaa\/","og_locale":"fi_FI","og_type":"article","og_title":"Tue toimintaa - Luoteis-Lapin el\u00e4insuojeluyhdistys","og_description":"Yhdistyksemme toimii t\u00e4ysin j\u00e4senmaksujen ja lahjoitusten varassa. Tarvitsemme apua, jotta toimintamme el\u00e4inten auttamiseksi voi jatkua. Mahdollisia tukimuotoja: sijaiskodiksi l\u00f6yt\u00f6el\u00e4imelle vapaaehtoiseksi tapahtumaan ruoka-, tarvike- tai tavaralahjoitukset hautausmaalle talkoisiin yhdistysaktiiviksija \/ tai lahjoitus tilillemmeFI39 5643 7420 0288 02 Kiinnostaako j\u00e4senyys?\u00a0Ota yhteytt\u00e4. Voit ilmoittautua vapaaehtoiseksi my\u00f6s&nbsp;SEYn vapaaehtoisty\u00f6lomakkeella.","og_url":"https:\/\/sey.fi\/luoteis-lappi\/luoteis-lapin-elainsuojeluyhdistys\/tue-toimintaa\/","og_site_name":"Luoteis-Lapin el\u00e4insuojeluyhdistys","article_modified_time":"2019-11-01T15:31:20+00:00","twitter_card":"summary_large_image","schema":{"@context":"https:\/\/schema.org","@graph":[{"@type":"WebPage","@id":"https:\/\/sey.fi\/luoteis-lappi\/luoteis-lapin-elainsuojeluyhdistys\/tue-toimintaa\/","url":"https:\/\/sey.fi\/luoteis-lappi\/luoteis-lapin-elainsuojeluyhdistys\/tue-toimintaa\/","name":"Tue toimintaa - Luoteis-Lapin el\u00e4insuojeluyhdistys","isPartOf":{"@id":"https:\/\/sey.fi\/luoteis-lappi\/#website"},"datePublished":"2019-11-01T15:30:34+00:00","dateModified":"2019-11-01T15:31:20+00:00","breadcrumb":{"@id":"https:\/\/sey.fi\/luoteis-lappi\/luoteis-lapin-elainsuojeluyhdistys\/tue-toimintaa\/#breadcrumb"},"inLanguage":"fi","potentialAction":[{"@type":"ReadAction","target":["https:\/\/sey.fi\/luoteis-lappi\/luoteis-lapin-elainsuojeluyhdistys\/tue-toimintaa\/"]}]},{"@type":"BreadcrumbList","@id":"https:\/\/sey.fi\/luoteis-lappi\/luoteis-lapin-elainsuojeluyhdistys\/tue-toimintaa\/#breadcrumb","itemListElement":[{"@type":"ListItem","position":1,"name":"Home","item":"https:\/\/sey.fi\/luoteis-lappi\/"},{"@type":"ListItem","position":2,"name":"Luoteis-Lapin el\u00e4insuojeluyhdistys","item":"https:\/\/sey.fi\/luoteis-lappi\/"},{"@type":"ListItem","position":3,"name":"Tue toimintaa"}]},{"@type":"WebSite","@id":"https:\/\/sey.fi\/luoteis-lappi\/#website","url":"https:\/\/sey.fi\/luoteis-lappi\/","name":"Luoteis-Lapin el\u00e4insuojeluyhdistys","description":"Uusi SEY J\u00e4senyhdistykset -sivusto","potentialAction":[{"@type":"SearchAction","target":{"@type":"EntryPoint","urlTemplate":"https:\/\/sey.fi\/luoteis-lappi\/?s={search_term_string}"},"query-input":{"@type":"PropertyValueSpecification","valueRequired":true,"valueName":"search_term_string"}}],"inLanguage":"fi"}]}},"_links":{"self":[{"href":"https:\/\/sey.fi\/luoteis-lappi\/wp-json\/wp\/v2\/pages\/32","targetHints":{"allow":["GET"]}}],"collection":[{"href":"https:\/\/sey.fi\/luoteis-lappi\/wp-json\/wp\/v2\/pages"}],"about":[{"href":"https:\/\/sey.fi\/luoteis-lappi\/wp-json\/wp\/v2\/types\/page"}],"author":[{"embeddable":true,"href":"https:\/\/sey.fi\/luoteis-lappi\/wp-json\/wp\/v2\/users\/8"}],"replies":[{"embeddable":true,"href":"https:\/\/sey.fi\/luoteis-lappi\/wp-json\/wp\/v2\/comments?post=32"}],"version-history":[{"count":2,"href":"https:\/\/sey.fi\/luoteis-lappi\/wp-json\/wp\/v2\/pages\/32\/revisions"}],"predecessor-version":[{"id":36,"href":"https:\/\/sey.fi\/luoteis-lappi\/wp-json\/wp\/v2\/pages\/32\/revisions\/36"}],"up":[{"embeddable":true,"href":"https:\/\/sey.fi\/luoteis-lappi\/wp-json\/wp\/v2\/pages\/2"}],"wp:attachment":[{"href":"https:\/\/sey.fi\/luoteis-lappi\/wp-json\/wp\/v2\/media?parent=32"}],"curies":[{"name":"wp","href":"https:\/\/api.w.org\/{rel}","templated":true}]}}