{"id":38,"date":"2019-11-01T17:33:16","date_gmt":"2019-11-01T15:33:16","guid":{"rendered":"http:\/\/srvr10.xetpoint.com\/~seyfi\/luoteis-lappi\/?page_id=38"},"modified":"2019-11-01T17:33:17","modified_gmt":"2019-11-01T15:33:17","slug":"elainten-ystava-verkkolehti","status":"publish","type":"page","link":"https:\/\/sey.fi\/luoteis-lappi\/luoteis-lapin-elainsuojeluyhdistys\/elainten-ystava-verkkolehti\/","title":{"rendered":"El\u00e4inten yst\u00e4v\u00e4 &#8211; verkkolehti"},"content":{"rendered":"\n<p><a href=\"http:\/\/www.elaintenystava.fi\/\" target=\"_blank\" rel=\"noreferrer noopener\">Suomen el\u00e4insuojeluyhdistysten liiton verkkolehti.<\/a><\/p>\n","protected":false},"excerpt":{"rendered":"<p>Suomen el\u00e4insuojeluyhdistysten liiton verkkolehti.<\/p>\n","protected":false},"author":8,"featured_media":0,"parent":2,"menu_order":0,"comment_status":"closed","ping_status":"closed","template":"","meta":{"_acf_changed":false,"footnotes":""},"class_list":["post-38","page","type-page","status-publish","hentry"],"acf":[],"yoast_head":"<!-- This site is optimized with the Yoast SEO plugin v27.1.1 - https:\/\/yoast.com\/product\/yoast-seo-wordpress\/ -->\n<title>El\u00e4inten yst\u00e4v\u00e4 - verkkolehti - Luoteis-Lapin el\u00e4insuojeluyhdistys<\/title>\n<meta name=\"robots\" content=\"index, follow, max-snippet:-1, max-image-preview:large, max-video-preview:-1\" \/>\n<link rel=\"canonical\" href=\"https:\/\/sey.fi\/luoteis-lappi\/luoteis-lapin-elainsuojeluyhdistys\/elainten-ystava-verkkolehti\/\" \/>\n<meta property=\"og:locale\" content=\"fi_FI\" \/>\n<meta property=\"og:type\" content=\"article\" \/>\n<meta property=\"og:title\" content=\"El\u00e4inten yst\u00e4v\u00e4 - verkkolehti - Luoteis-Lapin el\u00e4insuojeluyhdistys\" \/>\n<meta property=\"og:description\" content=\"Suomen el\u00e4insuojeluyhdistysten liiton verkkolehti.\" \/>\n<meta property=\"og:url\" content=\"https:\/\/sey.fi\/luoteis-lappi\/luoteis-lapin-elainsuojeluyhdistys\/elainten-ystava-verkkolehti\/\" \/>\n<meta property=\"og:site_name\" content=\"Luoteis-Lapin el\u00e4insuojeluyhdistys\" \/>\n<meta property=\"article:modified_time\" content=\"2019-11-01T15:33:17+00:00\" \/>\n<meta name=\"twitter:card\" content=\"summary_large_image\" \/>\n<script type=\"application\/ld+json\" class=\"yoast-schema-graph\">{\"@context\":\"https:\/\/schema.org\",\"@graph\":[{\"@type\":\"WebPage\",\"@id\":\"https:\/\/sey.fi\/luoteis-lappi\/luoteis-lapin-elainsuojeluyhdistys\/elainten-ystava-verkkolehti\/\",\"url\":\"https:\/\/sey.fi\/luoteis-lappi\/luoteis-lapin-elainsuojeluyhdistys\/elainten-ystava-verkkolehti\/\",\"name\":\"El\u00e4inten yst\u00e4v\u00e4 - verkkolehti - Luoteis-Lapin el\u00e4insuojeluyhdistys\",\"isPartOf\":{\"@id\":\"https:\/\/sey.fi\/luoteis-lappi\/#website\"},\"datePublished\":\"2019-11-01T15:33:16+00:00\",\"dateModified\":\"2019-11-01T15:33:17+00:00\",\"breadcrumb\":{\"@id\":\"https:\/\/sey.fi\/luoteis-lappi\/luoteis-lapin-elainsuojeluyhdistys\/elainten-ystava-verkkolehti\/#breadcrumb\"},\"inLanguage\":\"fi\",\"potentialAction\":[{\"@type\":\"ReadAction\",\"target\":[\"https:\/\/sey.fi\/luoteis-lappi\/luoteis-lapin-elainsuojeluyhdistys\/elainten-ystava-verkkolehti\/\"]}]},{\"@type\":\"BreadcrumbList\",\"@id\":\"https:\/\/sey.fi\/luoteis-lappi\/luoteis-lapin-elainsuojeluyhdistys\/elainten-ystava-verkkolehti\/#breadcrumb\",\"itemListElement\":[{\"@type\":\"ListItem\",\"position\":1,\"name\":\"Home\",\"item\":\"https:\/\/sey.fi\/luoteis-lappi\/\"},{\"@type\":\"ListItem\",\"position\":2,\"name\":\"Luoteis-Lapin el\u00e4insuojeluyhdistys\",\"item\":\"https:\/\/sey.fi\/luoteis-lappi\/\"},{\"@type\":\"ListItem\",\"position\":3,\"name\":\"El\u00e4inten yst\u00e4v\u00e4 &#8211; verkkolehti\"}]},{\"@type\":\"WebSite\",\"@id\":\"https:\/\/sey.fi\/luoteis-lappi\/#website\",\"url\":\"https:\/\/sey.fi\/luoteis-lappi\/\",\"name\":\"Luoteis-Lapin el\u00e4insuojeluyhdistys\",\"description\":\"Uusi SEY J\u00e4senyhdistykset -sivusto\",\"potentialAction\":[{\"@type\":\"SearchAction\",\"target\":{\"@type\":\"EntryPoint\",\"urlTemplate\":\"https:\/\/sey.fi\/luoteis-lappi\/?s={search_term_string}\"},\"query-input\":{\"@type\":\"PropertyValueSpecification\",\"valueRequired\":true,\"valueName\":\"search_term_string\"}}],\"inLanguage\":\"fi\"}]}<\/script>\n<!-- \/ Yoast SEO plugin. -->","yoast_head_json":{"title":"El\u00e4inten yst\u00e4v\u00e4 - verkkolehti - Luoteis-Lapin el\u00e4insuojeluyhdistys","robots":{"index":"index","follow":"follow","max-snippet":"max-snippet:-1","max-image-preview":"max-image-preview:large","max-video-preview":"max-video-preview:-1"},"canonical":"https:\/\/sey.fi\/luoteis-lappi\/luoteis-lapin-elainsuojeluyhdistys\/elainten-ystava-verkkolehti\/","og_locale":"fi_FI","og_type":"article","og_title":"El\u00e4inten yst\u00e4v\u00e4 - verkkolehti - Luoteis-Lapin el\u00e4insuojeluyhdistys","og_description":"Suomen el\u00e4insuojeluyhdistysten liiton verkkolehti.","og_url":"https:\/\/sey.fi\/luoteis-lappi\/luoteis-lapin-elainsuojeluyhdistys\/elainten-ystava-verkkolehti\/","og_site_name":"Luoteis-Lapin el\u00e4insuojeluyhdistys","article_modified_time":"2019-11-01T15:33:17+00:00","twitter_card":"summary_large_image","schema":{"@context":"https:\/\/schema.org","@graph":[{"@type":"WebPage","@id":"https:\/\/sey.fi\/luoteis-lappi\/luoteis-lapin-elainsuojeluyhdistys\/elainten-ystava-verkkolehti\/","url":"https:\/\/sey.fi\/luoteis-lappi\/luoteis-lapin-elainsuojeluyhdistys\/elainten-ystava-verkkolehti\/","name":"El\u00e4inten yst\u00e4v\u00e4 - verkkolehti - Luoteis-Lapin el\u00e4insuojeluyhdistys","isPartOf":{"@id":"https:\/\/sey.fi\/luoteis-lappi\/#website"},"datePublished":"2019-11-01T15:33:16+00:00","dateModified":"2019-11-01T15:33:17+00:00","breadcrumb":{"@id":"https:\/\/sey.fi\/luoteis-lappi\/luoteis-lapin-elainsuojeluyhdistys\/elainten-ystava-verkkolehti\/#breadcrumb"},"inLanguage":"fi","potentialAction":[{"@type":"ReadAction","target":["https:\/\/sey.fi\/luoteis-lappi\/luoteis-lapin-elainsuojeluyhdistys\/elainten-ystava-verkkolehti\/"]}]},{"@type":"BreadcrumbList","@id":"https:\/\/sey.fi\/luoteis-lappi\/luoteis-lapin-elainsuojeluyhdistys\/elainten-ystava-verkkolehti\/#breadcrumb","itemListElement":[{"@type":"ListItem","position":1,"name":"Home","item":"https:\/\/sey.fi\/luoteis-lappi\/"},{"@type":"ListItem","position":2,"name":"Luoteis-Lapin el\u00e4insuojeluyhdistys","item":"https:\/\/sey.fi\/luoteis-lappi\/"},{"@type":"ListItem","position":3,"name":"El\u00e4inten yst\u00e4v\u00e4 &#8211; verkkolehti"}]},{"@type":"WebSite","@id":"https:\/\/sey.fi\/luoteis-lappi\/#website","url":"https:\/\/sey.fi\/luoteis-lappi\/","name":"Luoteis-Lapin el\u00e4insuojeluyhdistys","description":"Uusi SEY J\u00e4senyhdistykset -sivusto","potentialAction":[{"@type":"SearchAction","target":{"@type":"EntryPoint","urlTemplate":"https:\/\/sey.fi\/luoteis-lappi\/?s={search_term_string}"},"query-input":{"@type":"PropertyValueSpecification","valueRequired":true,"valueName":"search_term_string"}}],"inLanguage":"fi"}]}},"_links":{"self":[{"href":"https:\/\/sey.fi\/luoteis-lappi\/wp-json\/wp\/v2\/pages\/38","targetHints":{"allow":["GET"]}}],"collection":[{"href":"https:\/\/sey.fi\/luoteis-lappi\/wp-json\/wp\/v2\/pages"}],"about":[{"href":"https:\/\/sey.fi\/luoteis-lappi\/wp-json\/wp\/v2\/types\/page"}],"author":[{"embeddable":true,"href":"https:\/\/sey.fi\/luoteis-lappi\/wp-json\/wp\/v2\/users\/8"}],"replies":[{"embeddable":true,"href":"https:\/\/sey.fi\/luoteis-lappi\/wp-json\/wp\/v2\/comments?post=38"}],"version-history":[{"count":1,"href":"https:\/\/sey.fi\/luoteis-lappi\/wp-json\/wp\/v2\/pages\/38\/revisions"}],"predecessor-version":[{"id":39,"href":"https:\/\/sey.fi\/luoteis-lappi\/wp-json\/wp\/v2\/pages\/38\/revisions\/39"}],"up":[{"embeddable":true,"href":"https:\/\/sey.fi\/luoteis-lappi\/wp-json\/wp\/v2\/pages\/2"}],"wp:attachment":[{"href":"https:\/\/sey.fi\/luoteis-lappi\/wp-json\/wp\/v2\/media?parent=38"}],"curies":[{"name":"wp","href":"https:\/\/api.w.org\/{rel}","templated":true}]}}