{"id":12,"date":"2019-11-04T13:21:05","date_gmt":"2019-11-04T11:21:05","guid":{"rendered":"http:\/\/srvr10.xetpoint.com\/~seyfi\/meri-lappi\/?page_id=12"},"modified":"2026-03-30T17:45:20","modified_gmt":"2026-03-30T14:45:20","slug":"yhdistys","status":"publish","type":"page","link":"https:\/\/sey.fi\/meri-lappi\/meri-lapin-elainsuojeluyhdistys\/yhdistys\/","title":{"rendered":"Yhdistys"},"content":{"rendered":"\n<h3 class=\"wp-block-heading\">Meri-Lapin el\u00e4insuojeluyhdistys ry<\/h3>\n\n\n\n<p>P\u00e4\u00e4paino toiminnassamme on valistusty\u00f6. Puhelinneuvontaa teemme p\u00e4ivitt\u00e4in, el\u00e4insuojeluneuvontapuh.nro on 044-2009 817. Teemme el\u00e4insuojeluty\u00f6t\u00e4 vapaaehtoisty\u00f6n\u00e4 ja aina emme ole puhelimella tavoitettavissa. Jos neuvontapuhelin ei vastaa, j\u00e4t\u00e4 viesti yhteystietoinesi, niin otamme sinuun yhteytt\u00e4 mahdollisimman pian! Voit ottaa meihin my\u00f6s yhteytt\u00e4 s\u00e4hk\u00f6postilla (merilapin.esy@gmail.com), Facebookissa (Meri-Lapin El\u00e4insuojeluyhdistys ry) ja Instagamissa (merilapinesy)<\/p>\n\n\n<div class=\"wp-block-image wp-block-image size-large\">\n<figure class=\"aligncenter is-resized\"><img loading=\"lazy\" decoding=\"async\" width=\"768\" height=\"1024\" src=\"https:\/\/sey.fi\/wp-content\/uploads\/sites\/20\/2026\/03\/kissat-3-768x1024.jpeg\" alt=\"\" class=\"wp-image-121\" style=\"width:300px\" srcset=\"https:\/\/sey.fi\/wp-content\/uploads\/sites\/20\/2026\/03\/kissat-3-768x1024.jpeg 768w, https:\/\/sey.fi\/wp-content\/uploads\/sites\/20\/2026\/03\/kissat-3-225x300.jpeg 225w, https:\/\/sey.fi\/wp-content\/uploads\/sites\/20\/2026\/03\/kissat-3.jpeg 1069w\" sizes=\"auto, (max-width: 768px) 100vw, 768px\" \/><\/figure><\/div>\n\n\n<p>Yrit\u00e4mme neuvoa ja antaa ohjeita, kun saamme ilmoituksia el\u00e4inten huonosta kohtelusta ja vasta, kun emme n\u00e4in p\u00e4\u00e4se tuloksiin, pyyd\u00e4mme virka-apua. Toimimme jokamiehenoikeudella ja jos toteamme ett\u00e4 el\u00e4insuojelulaki on rikottu, annamme tapauksen el\u00e4insuojeluviranomaisten hoidettavaksi. <\/p>\n\n\n\n<p>Kauttamme kulkee vuosittain noin sata kissaa ja koiria, kaneja ym. pikkulemmikkej\u00e4. Jos el\u00e4in ei voi menn\u00e4 takaisin alkuper\u00e4iseen kotiinsa, tai omistajaa ei l\u00f6ydy, etsimme el\u00e4imelle uuden kodin. Annamme lehti- ja radiohaastatteluja, sek\u00e4 osallistumme erilaisiin kampanjoihin, jotka tukevat el\u00e4inten hyvinvointia. Toimimme avoimesti, mutta ns. matalaa profiilia noudattaen.<\/p>\n\n\n\n<p>Kemin pienel\u00e4inhautausmaan hoito on my\u00f6s vastuullamme. Takaj\u00e4rvell\u00e4 Louhitiell\u00e4 sijaitsevaan uuteen pienel\u00e4inhautausmaahan on haudattu (tammikuu 2013) jo yli 260 kissaa, koiraa ja muuta pient\u00e4 lemmikkiel\u00e4int\u00e4. Ole yhteydess\u00e4 yhdistyksen neuvontapuhelinnumeroon (044-2009 817), jos haluat tiedustella pienel\u00e4inhautausmaasta.<\/p>\n\n\n\n<p>Luonnonvaraisen el\u00e4inten auttamiseksi teemme yhteisty\u00f6t\u00e4 kunnan- ja kaupunginel\u00e4inl\u00e4\u00e4k\u00e4reiden kanssa. Ranuan el\u00e4inpuisto on ottanut meilt\u00e4 vastaan useita erityishoitoa tarvitsevia luonnonel\u00e4imi\u00e4, ja jakanut meille arvokasta tietoa luonnonvaraisten el\u00e4inten hoidosta. Lemmikki- ja kotiel\u00e4inten kohdalla lis\u00e4ksi tulevat yhteisty\u00f6kumppaneiksi terveystarkastaja ja poliisi. Poliisi on my\u00f6s el\u00e4insuojeluviranomainen.<\/p>\n\n\n\n<p>Haluatko mukaan toimintaan? Tarvitsemme porukkaamme aktiivisia ihmisi\u00e4 mm. kuljettamaan el\u00e4imi\u00e4, tapahtumiin esittelyp\u00f6yd\u00e4n taakse, sijaiskodeiksi, sek\u00e4 tietysti my\u00f6s kentt\u00e4ty\u00f6h\u00f6n. <\/p>\n\n\n<div class=\"wp-block-image\">\n<figure class=\"aligncenter size-full\"><img loading=\"lazy\" decoding=\"async\" width=\"287\" height=\"400\" src=\"https:\/\/sey.fi\/wp-content\/uploads\/sites\/20\/2026\/03\/tassut.jpeg\" alt=\"\" class=\"wp-image-122\" srcset=\"https:\/\/sey.fi\/wp-content\/uploads\/sites\/20\/2026\/03\/tassut.jpeg 287w, https:\/\/sey.fi\/wp-content\/uploads\/sites\/20\/2026\/03\/tassut-215x300.jpeg 215w\" sizes=\"auto, (max-width: 287px) 100vw, 287px\" \/><\/figure><\/div>\n\n\n<p><br>Voit tehd\u00e4 lahjoituksen yhdistyksen tilille FI32 5131 0020 0675 76 tai Mobilepayll\u00e4 77862. Yhdistyksell\u00e4 on poliisihallituksen my\u00f6nt\u00e4m\u00e4 toistaiseksi voimassa oleva rahanker\u00e4yslupa 27.10.2022 alkaen, luvan numero RA\/2022\/1509. Varat menev\u00e4t lyhent\u00e4m\u00e4tt\u00f6m\u00e4n\u00e4 el\u00e4insuojeluty\u00f6h\u00f6n.<\/p>\n\n\n<div class=\"wp-block-image\">\n<figure class=\"aligncenter size-large is-resized\"><img loading=\"lazy\" decoding=\"async\" width=\"768\" height=\"1024\" src=\"https:\/\/sey.fi\/wp-content\/uploads\/sites\/20\/2026\/03\/e17e67c2-9768-46df-a279-2da3e5019c69-768x1024.jpeg\" alt=\"\" class=\"wp-image-123\" style=\"object-fit:cover;width:300px;height:300px\" srcset=\"https:\/\/sey.fi\/wp-content\/uploads\/sites\/20\/2026\/03\/e17e67c2-9768-46df-a279-2da3e5019c69-768x1024.jpeg 768w, https:\/\/sey.fi\/wp-content\/uploads\/sites\/20\/2026\/03\/e17e67c2-9768-46df-a279-2da3e5019c69-225x300.jpeg 225w, https:\/\/sey.fi\/wp-content\/uploads\/sites\/20\/2026\/03\/e17e67c2-9768-46df-a279-2da3e5019c69-1152x1536.jpeg 1152w, https:\/\/sey.fi\/wp-content\/uploads\/sites\/20\/2026\/03\/e17e67c2-9768-46df-a279-2da3e5019c69.jpeg 1200w\" sizes=\"auto, (max-width: 768px) 100vw, 768px\" \/><\/figure><\/div>\n\n\n<p><\/p>\n","protected":false},"excerpt":{"rendered":"<p>Meri-Lapin el\u00e4insuojeluyhdistys ry P\u00e4\u00e4paino toiminnassamme on valistusty\u00f6. Puhelinneuvontaa teemme p\u00e4ivitt\u00e4in, el\u00e4insuojeluneuvontapuh.nro on 044-2009 817. Teemme el\u00e4insuojeluty\u00f6t\u00e4 vapaaehtoisty\u00f6n\u00e4 ja aina emme ole puhelimella tavoitettavissa. Jos neuvontapuhelin ei vastaa, j\u00e4t\u00e4 viesti yhteystietoinesi, niin otamme sinuun yhteytt\u00e4 mahdollisimman pian! Voit ottaa meihin my\u00f6s yhteytt\u00e4 s\u00e4hk\u00f6postilla (merilapin.esy@gmail.com), Facebookissa (Meri-Lapin El\u00e4insuojeluyhdistys ry) ja Instagamissa (merilapinesy) Yrit\u00e4mme neuvoa ja antaa ohjeita, [&hellip;]<\/p>\n","protected":false},"author":8,"featured_media":121,"parent":2,"menu_order":0,"comment_status":"closed","ping_status":"closed","template":"","meta":{"_acf_changed":false,"footnotes":""},"class_list":["post-12","page","type-page","status-publish","has-post-thumbnail","hentry"],"acf":[],"yoast_head":"<!-- This site is optimized with the Yoast SEO plugin v27.1.1 - https:\/\/yoast.com\/product\/yoast-seo-wordpress\/ -->\n<title>Yhdistys - Meri-Lapin el\u00e4insuojeluyhdistys<\/title>\n<meta name=\"robots\" content=\"index, follow, max-snippet:-1, max-image-preview:large, max-video-preview:-1\" \/>\n<link rel=\"canonical\" href=\"https:\/\/sey.fi\/meri-lappi\/meri-lapin-elainsuojeluyhdistys\/yhdistys\/\" \/>\n<meta property=\"og:locale\" content=\"fi_FI\" \/>\n<meta property=\"og:type\" content=\"article\" \/>\n<meta property=\"og:title\" content=\"Yhdistys - Meri-Lapin el\u00e4insuojeluyhdistys\" \/>\n<meta property=\"og:description\" content=\"Meri-Lapin el\u00e4insuojeluyhdistys ry P\u00e4\u00e4paino toiminnassamme on valistusty\u00f6. Puhelinneuvontaa teemme p\u00e4ivitt\u00e4in, el\u00e4insuojeluneuvontapuh.nro on 044-2009 817. Teemme el\u00e4insuojeluty\u00f6t\u00e4 vapaaehtoisty\u00f6n\u00e4 ja aina emme ole puhelimella tavoitettavissa. Jos neuvontapuhelin ei vastaa, j\u00e4t\u00e4 viesti yhteystietoinesi, niin otamme sinuun yhteytt\u00e4 mahdollisimman pian! Voit ottaa meihin my\u00f6s yhteytt\u00e4 s\u00e4hk\u00f6postilla (merilapin.esy@gmail.com), Facebookissa (Meri-Lapin El\u00e4insuojeluyhdistys ry) ja Instagamissa (merilapinesy) Yrit\u00e4mme neuvoa ja antaa ohjeita, [&hellip;]\" \/>\n<meta property=\"og:url\" content=\"https:\/\/sey.fi\/meri-lappi\/meri-lapin-elainsuojeluyhdistys\/yhdistys\/\" \/>\n<meta property=\"og:site_name\" content=\"Meri-Lapin el\u00e4insuojeluyhdistys\" \/>\n<meta property=\"article:modified_time\" content=\"2026-03-30T14:45:20+00:00\" \/>\n<meta property=\"og:image\" content=\"https:\/\/sey.fi\/wp-content\/uploads\/sites\/20\/2026\/03\/kissat-3.jpeg\" \/>\n\t<meta property=\"og:image:width\" content=\"1069\" \/>\n\t<meta property=\"og:image:height\" content=\"1426\" \/>\n\t<meta property=\"og:image:type\" content=\"image\/jpeg\" \/>\n<meta name=\"twitter:card\" content=\"summary_large_image\" \/>\n<meta name=\"twitter:label1\" content=\"Arvioitu lukuaika\" \/>\n\t<meta name=\"twitter:data1\" content=\"3 minuuttia\" \/>\n<script type=\"application\/ld+json\" class=\"yoast-schema-graph\">{\"@context\":\"https:\/\/schema.org\",\"@graph\":[{\"@type\":\"WebPage\",\"@id\":\"https:\/\/sey.fi\/meri-lappi\/meri-lapin-elainsuojeluyhdistys\/yhdistys\/\",\"url\":\"https:\/\/sey.fi\/meri-lappi\/meri-lapin-elainsuojeluyhdistys\/yhdistys\/\",\"name\":\"Yhdistys - Meri-Lapin el\u00e4insuojeluyhdistys\",\"isPartOf\":{\"@id\":\"https:\/\/sey.fi\/meri-lappi\/#website\"},\"primaryImageOfPage\":{\"@id\":\"https:\/\/sey.fi\/meri-lappi\/meri-lapin-elainsuojeluyhdistys\/yhdistys\/#primaryimage\"},\"image\":{\"@id\":\"https:\/\/sey.fi\/meri-lappi\/meri-lapin-elainsuojeluyhdistys\/yhdistys\/#primaryimage\"},\"thumbnailUrl\":\"https:\/\/sey.fi\/wp-content\/uploads\/sites\/20\/2026\/03\/kissat-3.jpeg\",\"datePublished\":\"2019-11-04T11:21:05+00:00\",\"dateModified\":\"2026-03-30T14:45:20+00:00\",\"breadcrumb\":{\"@id\":\"https:\/\/sey.fi\/meri-lappi\/meri-lapin-elainsuojeluyhdistys\/yhdistys\/#breadcrumb\"},\"inLanguage\":\"fi\",\"potentialAction\":[{\"@type\":\"ReadAction\",\"target\":[\"https:\/\/sey.fi\/meri-lappi\/meri-lapin-elainsuojeluyhdistys\/yhdistys\/\"]}]},{\"@type\":\"ImageObject\",\"inLanguage\":\"fi\",\"@id\":\"https:\/\/sey.fi\/meri-lappi\/meri-lapin-elainsuojeluyhdistys\/yhdistys\/#primaryimage\",\"url\":\"https:\/\/sey.fi\/wp-content\/uploads\/sites\/20\/2026\/03\/kissat-3.jpeg\",\"contentUrl\":\"https:\/\/sey.fi\/wp-content\/uploads\/sites\/20\/2026\/03\/kissat-3.jpeg\",\"width\":1069,\"height\":1426},{\"@type\":\"BreadcrumbList\",\"@id\":\"https:\/\/sey.fi\/meri-lappi\/meri-lapin-elainsuojeluyhdistys\/yhdistys\/#breadcrumb\",\"itemListElement\":[{\"@type\":\"ListItem\",\"position\":1,\"name\":\"Home\",\"item\":\"https:\/\/sey.fi\/meri-lappi\/\"},{\"@type\":\"ListItem\",\"position\":2,\"name\":\"Meri-Lapin el\u00e4insuojeluyhdistys\",\"item\":\"https:\/\/sey.fi\/meri-lappi\/\"},{\"@type\":\"ListItem\",\"position\":3,\"name\":\"Yhdistys\"}]},{\"@type\":\"WebSite\",\"@id\":\"https:\/\/sey.fi\/meri-lappi\/#website\",\"url\":\"https:\/\/sey.fi\/meri-lappi\/\",\"name\":\"Meri-Lapin el\u00e4insuojeluyhdistys\",\"description\":\"Uusi SEY J\u00e4senyhdistykset -sivusto\",\"potentialAction\":[{\"@type\":\"SearchAction\",\"target\":{\"@type\":\"EntryPoint\",\"urlTemplate\":\"https:\/\/sey.fi\/meri-lappi\/?s={search_term_string}\"},\"query-input\":{\"@type\":\"PropertyValueSpecification\",\"valueRequired\":true,\"valueName\":\"search_term_string\"}}],\"inLanguage\":\"fi\"}]}<\/script>\n<!-- \/ Yoast SEO plugin. -->","yoast_head_json":{"title":"Yhdistys - Meri-Lapin el\u00e4insuojeluyhdistys","robots":{"index":"index","follow":"follow","max-snippet":"max-snippet:-1","max-image-preview":"max-image-preview:large","max-video-preview":"max-video-preview:-1"},"canonical":"https:\/\/sey.fi\/meri-lappi\/meri-lapin-elainsuojeluyhdistys\/yhdistys\/","og_locale":"fi_FI","og_type":"article","og_title":"Yhdistys - Meri-Lapin el\u00e4insuojeluyhdistys","og_description":"Meri-Lapin el\u00e4insuojeluyhdistys ry P\u00e4\u00e4paino toiminnassamme on valistusty\u00f6. Puhelinneuvontaa teemme p\u00e4ivitt\u00e4in, el\u00e4insuojeluneuvontapuh.nro on 044-2009 817. Teemme el\u00e4insuojeluty\u00f6t\u00e4 vapaaehtoisty\u00f6n\u00e4 ja aina emme ole puhelimella tavoitettavissa. Jos neuvontapuhelin ei vastaa, j\u00e4t\u00e4 viesti yhteystietoinesi, niin otamme sinuun yhteytt\u00e4 mahdollisimman pian! Voit ottaa meihin my\u00f6s yhteytt\u00e4 s\u00e4hk\u00f6postilla (merilapin.esy@gmail.com), Facebookissa (Meri-Lapin El\u00e4insuojeluyhdistys ry) ja Instagamissa (merilapinesy) Yrit\u00e4mme neuvoa ja antaa ohjeita, [&hellip;]","og_url":"https:\/\/sey.fi\/meri-lappi\/meri-lapin-elainsuojeluyhdistys\/yhdistys\/","og_site_name":"Meri-Lapin el\u00e4insuojeluyhdistys","article_modified_time":"2026-03-30T14:45:20+00:00","og_image":[{"width":1069,"height":1426,"url":"https:\/\/sey.fi\/wp-content\/uploads\/sites\/20\/2026\/03\/kissat-3.jpeg","type":"image\/jpeg"}],"twitter_card":"summary_large_image","twitter_misc":{"Arvioitu lukuaika":"3 minuuttia"},"schema":{"@context":"https:\/\/schema.org","@graph":[{"@type":"WebPage","@id":"https:\/\/sey.fi\/meri-lappi\/meri-lapin-elainsuojeluyhdistys\/yhdistys\/","url":"https:\/\/sey.fi\/meri-lappi\/meri-lapin-elainsuojeluyhdistys\/yhdistys\/","name":"Yhdistys - Meri-Lapin el\u00e4insuojeluyhdistys","isPartOf":{"@id":"https:\/\/sey.fi\/meri-lappi\/#website"},"primaryImageOfPage":{"@id":"https:\/\/sey.fi\/meri-lappi\/meri-lapin-elainsuojeluyhdistys\/yhdistys\/#primaryimage"},"image":{"@id":"https:\/\/sey.fi\/meri-lappi\/meri-lapin-elainsuojeluyhdistys\/yhdistys\/#primaryimage"},"thumbnailUrl":"https:\/\/sey.fi\/wp-content\/uploads\/sites\/20\/2026\/03\/kissat-3.jpeg","datePublished":"2019-11-04T11:21:05+00:00","dateModified":"2026-03-30T14:45:20+00:00","breadcrumb":{"@id":"https:\/\/sey.fi\/meri-lappi\/meri-lapin-elainsuojeluyhdistys\/yhdistys\/#breadcrumb"},"inLanguage":"fi","potentialAction":[{"@type":"ReadAction","target":["https:\/\/sey.fi\/meri-lappi\/meri-lapin-elainsuojeluyhdistys\/yhdistys\/"]}]},{"@type":"ImageObject","inLanguage":"fi","@id":"https:\/\/sey.fi\/meri-lappi\/meri-lapin-elainsuojeluyhdistys\/yhdistys\/#primaryimage","url":"https:\/\/sey.fi\/wp-content\/uploads\/sites\/20\/2026\/03\/kissat-3.jpeg","contentUrl":"https:\/\/sey.fi\/wp-content\/uploads\/sites\/20\/2026\/03\/kissat-3.jpeg","width":1069,"height":1426},{"@type":"BreadcrumbList","@id":"https:\/\/sey.fi\/meri-lappi\/meri-lapin-elainsuojeluyhdistys\/yhdistys\/#breadcrumb","itemListElement":[{"@type":"ListItem","position":1,"name":"Home","item":"https:\/\/sey.fi\/meri-lappi\/"},{"@type":"ListItem","position":2,"name":"Meri-Lapin el\u00e4insuojeluyhdistys","item":"https:\/\/sey.fi\/meri-lappi\/"},{"@type":"ListItem","position":3,"name":"Yhdistys"}]},{"@type":"WebSite","@id":"https:\/\/sey.fi\/meri-lappi\/#website","url":"https:\/\/sey.fi\/meri-lappi\/","name":"Meri-Lapin el\u00e4insuojeluyhdistys","description":"Uusi SEY J\u00e4senyhdistykset -sivusto","potentialAction":[{"@type":"SearchAction","target":{"@type":"EntryPoint","urlTemplate":"https:\/\/sey.fi\/meri-lappi\/?s={search_term_string}"},"query-input":{"@type":"PropertyValueSpecification","valueRequired":true,"valueName":"search_term_string"}}],"inLanguage":"fi"}]}},"_links":{"self":[{"href":"https:\/\/sey.fi\/meri-lappi\/wp-json\/wp\/v2\/pages\/12","targetHints":{"allow":["GET"]}}],"collection":[{"href":"https:\/\/sey.fi\/meri-lappi\/wp-json\/wp\/v2\/pages"}],"about":[{"href":"https:\/\/sey.fi\/meri-lappi\/wp-json\/wp\/v2\/types\/page"}],"author":[{"embeddable":true,"href":"https:\/\/sey.fi\/meri-lappi\/wp-json\/wp\/v2\/users\/8"}],"replies":[{"embeddable":true,"href":"https:\/\/sey.fi\/meri-lappi\/wp-json\/wp\/v2\/comments?post=12"}],"version-history":[{"count":4,"href":"https:\/\/sey.fi\/meri-lappi\/wp-json\/wp\/v2\/pages\/12\/revisions"}],"predecessor-version":[{"id":124,"href":"https:\/\/sey.fi\/meri-lappi\/wp-json\/wp\/v2\/pages\/12\/revisions\/124"}],"up":[{"embeddable":true,"href":"https:\/\/sey.fi\/meri-lappi\/wp-json\/wp\/v2\/pages\/2"}],"wp:featuredmedia":[{"embeddable":true,"href":"https:\/\/sey.fi\/meri-lappi\/wp-json\/wp\/v2\/media\/121"}],"wp:attachment":[{"href":"https:\/\/sey.fi\/meri-lappi\/wp-json\/wp\/v2\/media?parent=12"}],"curies":[{"name":"wp","href":"https:\/\/api.w.org\/{rel}","templated":true}]}}