{"id":20,"date":"2019-11-04T13:22:46","date_gmt":"2019-11-04T11:22:46","guid":{"rendered":"http:\/\/srvr10.xetpoint.com\/~seyfi\/meri-lappi\/?page_id=20"},"modified":"2025-04-03T19:19:59","modified_gmt":"2025-04-03T16:19:59","slug":"loytoelaimet","status":"publish","type":"page","link":"https:\/\/sey.fi\/meri-lappi\/meri-lapin-elainsuojeluyhdistys\/loytoelaimet\/","title":{"rendered":"L\u00f6yt\u00f6el\u00e4imet"},"content":{"rendered":"\n<figure class=\"wp-block-image\"><img decoding=\"async\" src=\"http:\/\/merilappi.sey.fi\/images\/pikkusimppa.jpg\" alt=\"\" \/><\/figure>\n\n\n\n<p>Voit tiedustella kotia etsivi\u00e4 el\u00e4imi\u00e4 alueen el\u00e4inkodeista tai el\u00e4insuojeluneuvontapuhelimesta 044-2009 817.<\/p>\n\n\n\n<p>Etsimme vastuuntuntoisia koteja huostaanotetuille kissoille, sek\u00e4 aikuisille ett\u00e4 pennuille. Ota yhteytt\u00e4, jos haluat antaa kodin hyl\u00e4tylle el\u00e4imelle!<br>&nbsp;<br>Jos olet kiinnostunut antamaan sijaiskodin kissalle, ota yhteytt\u00e4. Yhdistyksen kautta kulkee moni huostaanotettu tai hyl\u00e4tty kissa, joka tarvitsee pikaisesti rauhallisen ja rakastavan hoitopaikan ennen lopullista p\u00e4\u00e4sy\u00e4 uuteen kotiin.<\/p>\n\n\n\n<p>Meri-Lapin ESY luovuttaa kissoja vain sis\u00e4kissoiksi ja, mik\u00e4li niit\u00e4 ei luovutushetkell\u00e4 ole jo leikattu, ne tulee leikkauttaa mahdollisimman pian.<\/p>\n\n\n\n<p>Luovutettavista el\u00e4imist\u00e4 perit\u00e4\u00e4n luovutusmaksu: <\/p>\n\n\n\n<p>Kissa 250 \u20ac,\u00a0kaksi kissaa 400 \u20ac<\/p>\n\n\n\n<p>Kissanpentu 300 \u20ac, kaksi kissanpentua 500 \u20ac<\/p>\n\n\n\n<p>Seniorikissa 180 \u20ac \/ tapauskohtaisesti, kaksi seniorikissaa 300 \u20ac \/ tapauskohtaisesti<\/p>\n\n\n\n<p>Koirista tapauskohtaisesti kuitenkin v\u00e4hint\u00e4\u00e4n 500 \u20ac<\/p>\n\n\n\n<p>Kanit 100 \u20ac (steriloitu\/kastroitu)<\/p>\n\n\n\n<p>Muut el\u00e4imet tapauskohtaisesti.&nbsp;<\/p>\n\n\n\n<p>Kotiutus yli 25km p\u00e4\u00e4h\u00e4n (esim. Oulu ja Rovaniemi) 50\u20ac<br>&nbsp;<\/p>\n\n\n\n<h2 class=\"wp-block-heading\">ONKO LEMMIKKISI KADONNUT!<\/h2>\n\n\n\n<p>Tornion, Kemin ja Keminmaan l\u00f6yt\u00f6el\u00e4imet toimitetaan Juntin koirahoitolaan Tornioon. Tiedustele kadonnutta lemmikki\u00e4si aina ensin sielt\u00e4.&nbsp;<a>http:\/\/personal.inet.fi\/koti\/mettajuntin\/koirahoitola.htm<\/a><\/p>\n\n\n\n<p>Puh. 0400-884 398<\/p>\n\n\n\n<p>Ota yhteytt\u00e4 my\u00f6s meihin. Jaamme facebook sivuillamme kadonneiden ilmoituksia.<\/p>\n\n\n\n<p>Hyvi\u00e4 ohjeita kadonneen lemmikin l\u00f6yt\u00e4miseksi ja kiinnisaamiseksi:<br><a href=\"http:\/\/www.hesy.fi\/elainkadonnut.htm\">http:\/\/www.hesy.fi\/elainkadonnut.htm<\/a><\/p>\n\n\n\n<p>Meri-Lapin ESY:lt\u00e4 voit lainata loukkua oman el\u00e4imen kiinniottamiseen 10e maksua vastaan. Loukkuja voi kysell\u00e4 neuvontapuhelimesta 0442009817<\/p>\n","protected":false},"excerpt":{"rendered":"<p>Voit tiedustella kotia etsivi\u00e4 el\u00e4imi\u00e4 alueen el\u00e4inkodeista tai el\u00e4insuojeluneuvontapuhelimesta 044-2009 817. Etsimme vastuuntuntoisia koteja huostaanotetuille kissoille, sek\u00e4 aikuisille ett\u00e4 pennuille. Ota yhteytt\u00e4, jos haluat antaa kodin hyl\u00e4tylle el\u00e4imelle!&nbsp;Jos olet kiinnostunut antamaan sijaiskodin kissalle, ota yhteytt\u00e4. Yhdistyksen kautta kulkee moni huostaanotettu tai hyl\u00e4tty kissa, joka tarvitsee pikaisesti rauhallisen ja rakastavan hoitopaikan ennen lopullista p\u00e4\u00e4sy\u00e4 uuteen kotiin. [&hellip;]<\/p>\n","protected":false},"author":8,"featured_media":0,"parent":2,"menu_order":0,"comment_status":"closed","ping_status":"closed","template":"","meta":{"_acf_changed":false,"footnotes":""},"class_list":["post-20","page","type-page","status-publish","hentry"],"acf":[],"yoast_head":"<!-- This site is optimized with the Yoast SEO plugin v27.1.1 - https:\/\/yoast.com\/product\/yoast-seo-wordpress\/ -->\n<title>L\u00f6yt\u00f6el\u00e4imet - Meri-Lapin el\u00e4insuojeluyhdistys<\/title>\n<meta name=\"robots\" content=\"index, follow, max-snippet:-1, max-image-preview:large, max-video-preview:-1\" \/>\n<link rel=\"canonical\" href=\"https:\/\/sey.fi\/meri-lappi\/meri-lapin-elainsuojeluyhdistys\/loytoelaimet\/\" \/>\n<meta property=\"og:locale\" content=\"fi_FI\" \/>\n<meta property=\"og:type\" content=\"article\" \/>\n<meta property=\"og:title\" content=\"L\u00f6yt\u00f6el\u00e4imet - Meri-Lapin el\u00e4insuojeluyhdistys\" \/>\n<meta property=\"og:description\" content=\"Voit tiedustella kotia etsivi\u00e4 el\u00e4imi\u00e4 alueen el\u00e4inkodeista tai el\u00e4insuojeluneuvontapuhelimesta 044-2009 817. Etsimme vastuuntuntoisia koteja huostaanotetuille kissoille, sek\u00e4 aikuisille ett\u00e4 pennuille. Ota yhteytt\u00e4, jos haluat antaa kodin hyl\u00e4tylle el\u00e4imelle!&nbsp;Jos olet kiinnostunut antamaan sijaiskodin kissalle, ota yhteytt\u00e4. Yhdistyksen kautta kulkee moni huostaanotettu tai hyl\u00e4tty kissa, joka tarvitsee pikaisesti rauhallisen ja rakastavan hoitopaikan ennen lopullista p\u00e4\u00e4sy\u00e4 uuteen kotiin. [&hellip;]\" \/>\n<meta property=\"og:url\" content=\"https:\/\/sey.fi\/meri-lappi\/meri-lapin-elainsuojeluyhdistys\/loytoelaimet\/\" \/>\n<meta property=\"og:site_name\" content=\"Meri-Lapin el\u00e4insuojeluyhdistys\" \/>\n<meta property=\"article:modified_time\" content=\"2025-04-03T16:19:59+00:00\" \/>\n<meta property=\"og:image\" content=\"http:\/\/merilappi.sey.fi\/images\/pikkusimppa.jpg\" \/>\n<meta name=\"twitter:card\" content=\"summary_large_image\" \/>\n<meta name=\"twitter:label1\" content=\"Arvioitu lukuaika\" \/>\n\t<meta name=\"twitter:data1\" content=\"2 minuuttia\" \/>\n<script type=\"application\/ld+json\" class=\"yoast-schema-graph\">{\"@context\":\"https:\/\/schema.org\",\"@graph\":[{\"@type\":\"WebPage\",\"@id\":\"https:\/\/sey.fi\/meri-lappi\/meri-lapin-elainsuojeluyhdistys\/loytoelaimet\/\",\"url\":\"https:\/\/sey.fi\/meri-lappi\/meri-lapin-elainsuojeluyhdistys\/loytoelaimet\/\",\"name\":\"L\u00f6yt\u00f6el\u00e4imet - Meri-Lapin el\u00e4insuojeluyhdistys\",\"isPartOf\":{\"@id\":\"https:\/\/sey.fi\/meri-lappi\/#website\"},\"primaryImageOfPage\":{\"@id\":\"https:\/\/sey.fi\/meri-lappi\/meri-lapin-elainsuojeluyhdistys\/loytoelaimet\/#primaryimage\"},\"image\":{\"@id\":\"https:\/\/sey.fi\/meri-lappi\/meri-lapin-elainsuojeluyhdistys\/loytoelaimet\/#primaryimage\"},\"thumbnailUrl\":\"http:\/\/merilappi.sey.fi\/images\/pikkusimppa.jpg\",\"datePublished\":\"2019-11-04T11:22:46+00:00\",\"dateModified\":\"2025-04-03T16:19:59+00:00\",\"breadcrumb\":{\"@id\":\"https:\/\/sey.fi\/meri-lappi\/meri-lapin-elainsuojeluyhdistys\/loytoelaimet\/#breadcrumb\"},\"inLanguage\":\"fi\",\"potentialAction\":[{\"@type\":\"ReadAction\",\"target\":[\"https:\/\/sey.fi\/meri-lappi\/meri-lapin-elainsuojeluyhdistys\/loytoelaimet\/\"]}]},{\"@type\":\"ImageObject\",\"inLanguage\":\"fi\",\"@id\":\"https:\/\/sey.fi\/meri-lappi\/meri-lapin-elainsuojeluyhdistys\/loytoelaimet\/#primaryimage\",\"url\":\"http:\/\/merilappi.sey.fi\/images\/pikkusimppa.jpg\",\"contentUrl\":\"http:\/\/merilappi.sey.fi\/images\/pikkusimppa.jpg\"},{\"@type\":\"BreadcrumbList\",\"@id\":\"https:\/\/sey.fi\/meri-lappi\/meri-lapin-elainsuojeluyhdistys\/loytoelaimet\/#breadcrumb\",\"itemListElement\":[{\"@type\":\"ListItem\",\"position\":1,\"name\":\"Home\",\"item\":\"https:\/\/sey.fi\/meri-lappi\/\"},{\"@type\":\"ListItem\",\"position\":2,\"name\":\"Meri-Lapin el\u00e4insuojeluyhdistys\",\"item\":\"https:\/\/sey.fi\/meri-lappi\/\"},{\"@type\":\"ListItem\",\"position\":3,\"name\":\"L\u00f6yt\u00f6el\u00e4imet\"}]},{\"@type\":\"WebSite\",\"@id\":\"https:\/\/sey.fi\/meri-lappi\/#website\",\"url\":\"https:\/\/sey.fi\/meri-lappi\/\",\"name\":\"Meri-Lapin el\u00e4insuojeluyhdistys\",\"description\":\"Uusi SEY J\u00e4senyhdistykset -sivusto\",\"potentialAction\":[{\"@type\":\"SearchAction\",\"target\":{\"@type\":\"EntryPoint\",\"urlTemplate\":\"https:\/\/sey.fi\/meri-lappi\/?s={search_term_string}\"},\"query-input\":{\"@type\":\"PropertyValueSpecification\",\"valueRequired\":true,\"valueName\":\"search_term_string\"}}],\"inLanguage\":\"fi\"}]}<\/script>\n<!-- \/ Yoast SEO plugin. -->","yoast_head_json":{"title":"L\u00f6yt\u00f6el\u00e4imet - Meri-Lapin el\u00e4insuojeluyhdistys","robots":{"index":"index","follow":"follow","max-snippet":"max-snippet:-1","max-image-preview":"max-image-preview:large","max-video-preview":"max-video-preview:-1"},"canonical":"https:\/\/sey.fi\/meri-lappi\/meri-lapin-elainsuojeluyhdistys\/loytoelaimet\/","og_locale":"fi_FI","og_type":"article","og_title":"L\u00f6yt\u00f6el\u00e4imet - Meri-Lapin el\u00e4insuojeluyhdistys","og_description":"Voit tiedustella kotia etsivi\u00e4 el\u00e4imi\u00e4 alueen el\u00e4inkodeista tai el\u00e4insuojeluneuvontapuhelimesta 044-2009 817. Etsimme vastuuntuntoisia koteja huostaanotetuille kissoille, sek\u00e4 aikuisille ett\u00e4 pennuille. Ota yhteytt\u00e4, jos haluat antaa kodin hyl\u00e4tylle el\u00e4imelle!&nbsp;Jos olet kiinnostunut antamaan sijaiskodin kissalle, ota yhteytt\u00e4. Yhdistyksen kautta kulkee moni huostaanotettu tai hyl\u00e4tty kissa, joka tarvitsee pikaisesti rauhallisen ja rakastavan hoitopaikan ennen lopullista p\u00e4\u00e4sy\u00e4 uuteen kotiin. [&hellip;]","og_url":"https:\/\/sey.fi\/meri-lappi\/meri-lapin-elainsuojeluyhdistys\/loytoelaimet\/","og_site_name":"Meri-Lapin el\u00e4insuojeluyhdistys","article_modified_time":"2025-04-03T16:19:59+00:00","og_image":[{"url":"http:\/\/merilappi.sey.fi\/images\/pikkusimppa.jpg","type":"","width":"","height":""}],"twitter_card":"summary_large_image","twitter_misc":{"Arvioitu lukuaika":"2 minuuttia"},"schema":{"@context":"https:\/\/schema.org","@graph":[{"@type":"WebPage","@id":"https:\/\/sey.fi\/meri-lappi\/meri-lapin-elainsuojeluyhdistys\/loytoelaimet\/","url":"https:\/\/sey.fi\/meri-lappi\/meri-lapin-elainsuojeluyhdistys\/loytoelaimet\/","name":"L\u00f6yt\u00f6el\u00e4imet - Meri-Lapin el\u00e4insuojeluyhdistys","isPartOf":{"@id":"https:\/\/sey.fi\/meri-lappi\/#website"},"primaryImageOfPage":{"@id":"https:\/\/sey.fi\/meri-lappi\/meri-lapin-elainsuojeluyhdistys\/loytoelaimet\/#primaryimage"},"image":{"@id":"https:\/\/sey.fi\/meri-lappi\/meri-lapin-elainsuojeluyhdistys\/loytoelaimet\/#primaryimage"},"thumbnailUrl":"http:\/\/merilappi.sey.fi\/images\/pikkusimppa.jpg","datePublished":"2019-11-04T11:22:46+00:00","dateModified":"2025-04-03T16:19:59+00:00","breadcrumb":{"@id":"https:\/\/sey.fi\/meri-lappi\/meri-lapin-elainsuojeluyhdistys\/loytoelaimet\/#breadcrumb"},"inLanguage":"fi","potentialAction":[{"@type":"ReadAction","target":["https:\/\/sey.fi\/meri-lappi\/meri-lapin-elainsuojeluyhdistys\/loytoelaimet\/"]}]},{"@type":"ImageObject","inLanguage":"fi","@id":"https:\/\/sey.fi\/meri-lappi\/meri-lapin-elainsuojeluyhdistys\/loytoelaimet\/#primaryimage","url":"http:\/\/merilappi.sey.fi\/images\/pikkusimppa.jpg","contentUrl":"http:\/\/merilappi.sey.fi\/images\/pikkusimppa.jpg"},{"@type":"BreadcrumbList","@id":"https:\/\/sey.fi\/meri-lappi\/meri-lapin-elainsuojeluyhdistys\/loytoelaimet\/#breadcrumb","itemListElement":[{"@type":"ListItem","position":1,"name":"Home","item":"https:\/\/sey.fi\/meri-lappi\/"},{"@type":"ListItem","position":2,"name":"Meri-Lapin el\u00e4insuojeluyhdistys","item":"https:\/\/sey.fi\/meri-lappi\/"},{"@type":"ListItem","position":3,"name":"L\u00f6yt\u00f6el\u00e4imet"}]},{"@type":"WebSite","@id":"https:\/\/sey.fi\/meri-lappi\/#website","url":"https:\/\/sey.fi\/meri-lappi\/","name":"Meri-Lapin el\u00e4insuojeluyhdistys","description":"Uusi SEY J\u00e4senyhdistykset -sivusto","potentialAction":[{"@type":"SearchAction","target":{"@type":"EntryPoint","urlTemplate":"https:\/\/sey.fi\/meri-lappi\/?s={search_term_string}"},"query-input":{"@type":"PropertyValueSpecification","valueRequired":true,"valueName":"search_term_string"}}],"inLanguage":"fi"}]}},"_links":{"self":[{"href":"https:\/\/sey.fi\/meri-lappi\/wp-json\/wp\/v2\/pages\/20","targetHints":{"allow":["GET"]}}],"collection":[{"href":"https:\/\/sey.fi\/meri-lappi\/wp-json\/wp\/v2\/pages"}],"about":[{"href":"https:\/\/sey.fi\/meri-lappi\/wp-json\/wp\/v2\/types\/page"}],"author":[{"embeddable":true,"href":"https:\/\/sey.fi\/meri-lappi\/wp-json\/wp\/v2\/users\/8"}],"replies":[{"embeddable":true,"href":"https:\/\/sey.fi\/meri-lappi\/wp-json\/wp\/v2\/comments?post=20"}],"version-history":[{"count":4,"href":"https:\/\/sey.fi\/meri-lappi\/wp-json\/wp\/v2\/pages\/20\/revisions"}],"predecessor-version":[{"id":112,"href":"https:\/\/sey.fi\/meri-lappi\/wp-json\/wp\/v2\/pages\/20\/revisions\/112"}],"up":[{"embeddable":true,"href":"https:\/\/sey.fi\/meri-lappi\/wp-json\/wp\/v2\/pages\/2"}],"wp:attachment":[{"href":"https:\/\/sey.fi\/meri-lappi\/wp-json\/wp\/v2\/media?parent=20"}],"curies":[{"name":"wp","href":"https:\/\/api.w.org\/{rel}","templated":true}]}}