{"id":24,"date":"2019-11-04T13:29:27","date_gmt":"2019-11-04T11:29:27","guid":{"rendered":"http:\/\/srvr10.xetpoint.com\/~seyfi\/meri-lappi\/?page_id=24"},"modified":"2019-11-04T13:29:27","modified_gmt":"2019-11-04T11:29:27","slug":"kodin-loytaneet","status":"publish","type":"page","link":"https:\/\/sey.fi\/meri-lappi\/meri-lapin-elainsuojeluyhdistys\/loytoelaimet\/kodin-loytaneet\/","title":{"rendered":"Kodin l\u00f6yt\u00e4neet"},"content":{"rendered":"\n<figure class=\"wp-block-image\"><img decoding=\"async\" src=\"http:\/\/merilappi.sey.fi\/images\/dsc06020.jpg\" alt=\"\" \/><\/figure>\n\n\n\n<p><strong>Lillin ja Nupun tarina<\/strong><\/p>\n\n\n\n<p>Kaikki alkoi nuorimman tytt\u00e4remme leikekirjasta. Sinne h\u00e4n oli koonnut lehtiartikkeleita Meri-Lapin Esyn toiminnasta. Erityisesti pieni Viktoria-kissan kuva ja siihen liittyv\u00e4 juttu oli tehnyt tytt\u00f6\u00f6n vaikutuksen. H\u00e4n halusi auttaa osaltaan ja me ajattelimme, ett\u00e4 mik\u00e4 ettei. Meid\u00e4n kissahistoriaan oli aina kuulunut kaksi kisua: ensin oli Hillankukka ja Olli, sitten Hilla siirtyi mummona kisujen taivaaseen ja Ollin kaveriksi muutti Manu. Olli sairastui jonkinlaiseen sis\u00e4elinkasvaimeen ja nukutettiin ikiuneen 9-vuotiaana. Manu 11-v. oli sitten ainoana kissana viiden vuoden ajan viime kev\u00e4\u00e4seen saakka, kun p\u00e4\u00e4timme ottaa Esyyn yhteytt\u00e4 ja kysy\u00e4 meille sopivaa kissaa. P\u00e4\u00e4simme Karoliinan hienoon kissalaan tutustumaan kodittomiin misseihin. Siell\u00e4 oli my\u00f6s pieni Lilli, joka pienuudestaan ja k\u00e4kk\u00e4r\u00e4st\u00e4 h\u00e4nn\u00e4st\u00e4\u00e4n huolimatta omisti koko kissalan suurimman egon. Millainen hurmuri h\u00e4n olikaan ja kiersi meid\u00e4t kaikki heti v\u00e4nkkyr\u00e4n h\u00e4nt\u00e4ns\u00e4 ymp\u00e4rille. Kehr\u00e4\u00e4v\u00e4 ja rohkea pikkukissa muutti sitten meille. Lilli hurmioitui uudessa kodissaan kaikesta uudesta ja oli erityisen kiinnostunut sisustuksesta: ensimm\u00e4isin\u00e4 p\u00e4ivin\u00e4\u00e4n Lilli oli hajottanut \u00e4itini meille tekem\u00e4n himmelin sek\u00e4 8-hengen p\u00f6yt\u00e4ryhm\u00e4n lasikannen&#8230; N\u00e4iden lis\u00e4ksi sitten lukuisia pienempi\u00e4 &#8221;vahinkoja&#8221;. Lilli oli niin toimelias, ett\u00e4 kaikenlaista sattui ja tapahtui. T\u00e4m\u00e4n lis\u00e4ksi sill\u00e4 osoittautui olevan maailman suurin kissasyd\u00e4n: se rakastaa kaikkia ja kaikkea. Sen paras yst\u00e4v\u00e4 on corgimme Kerttu, sit\u00e4 on helppo ulkoiluttaa valjaissa, se tykk\u00e4\u00e4 sylittelyst\u00e4 ja kehr\u00e4\u00e4 kun sen nappaa rutistukseen. Se sy\u00f6 hyvin kaikkea kissanruoista ihmisten herkkuihin. Se nukkuu pienen em\u00e4nt\u00e4ns\u00e4 jalkop\u00e4\u00e4ss\u00e4 ja jaksaa aina leikki\u00e4 ja touhuta. Siit\u00e4 on tullut lyhyess\u00e4 ajassa perheemme ilopilkku ja se on meille kaikille hyvin rakas.<\/p>\n\n\n\n<figure class=\"wp-block-image\"><img decoding=\"async\" src=\"http:\/\/merilappi.sey.fi\/images\/dsc05970.jpg\" alt=\"\" \/><\/figure>\n\n\n\n<p>Kun k\u00e4vimme Lilli\u00e4 katsomassa, oli Karoliinan kissalaan tullut my\u00f6s valkoinen Lumikki. Lumikki nukkui koko k\u00e4yntimme ajan omassa korissaan. Sen korva ja anturat olivat paleltuneet, se oli matoinen ja hyvin v\u00e4synyt. My\u00f6hemmin paleltunut korvanosa tippui pois ja Lumikki synnytti kaksi siev\u00e4\u00e4 pentua. Lumikin v\u00e4synyt ja k\u00e4rsinyt olemus ei j\u00e4tt\u00e4nyt meit\u00e4 rauhaan ja pian ilmoitimme, ett\u00e4 voisimme ottaa senkin. Kolme kissaa menee siin\u00e4 kuin kaksikin. Odotimme ett\u00e4 pennut kasvoivat luovutusik\u00e4\u00e4n ja haimme Lumikkimme kotiin. Se on kotiutunut hyvin. Se on viel\u00e4 hyvin v\u00e4synyt ja nukkuukin suurimmaksi osaksi. Se tulee sohvalle tai s\u00e4nkyyn viereen nukkumaan ja antaa pienen silityshetken, mutta syliin se ei halua tulla nostetuksi. Se on viel\u00e4 hyvin laiha ja varmasti sen henkiset k\u00e4rsimykset ovat viel\u00e4 fyysisi\u00e4kin suuremmat. Silti se luottaa meihin p\u00e4iv\u00e4 p\u00e4iv\u00e4lt\u00e4 enemm\u00e4n. Lumikki sai luonamme uuden etunimen, kutsumme sit\u00e4 nimell\u00e4 Nuppu. Se onkin kuin pieni suloinen ruusunnuppu, kun se nukkuu ker\u00e4ll\u00e4 korissaan.<\/p>\n\n\n\n<figure class=\"wp-block-image\"><img decoding=\"async\" src=\"http:\/\/merilappi.sey.fi\/images\/dsc05990.jpg\" alt=\"\" \/><\/figure>\n\n\n\n<p>Lillin ja Nupun kuulumiset kirjoitti Virpi Kanniainen.<\/p>\n\n\n\n<figure class=\"wp-block-image\"><img decoding=\"async\" src=\"http:\/\/merilappi.sey.fi\/images\/dsc05525.jpg\" alt=\"\" \/><\/figure>\n\n\n\n<p><strong>Kitty ja Voitto<\/strong><\/p>\n\n\n\n<figure class=\"wp-block-image\"><img decoding=\"async\" src=\"http:\/\/merilappi.sey.fi\/images\/voitto2_500x282.jpg\" alt=\"\" \/><\/figure>\n\n\n\n<p>Vuonna 2011 kuulin Meri-Lapin el\u00e4insuojeluyhdistyksen toiminnasta ja k\u00e4vin aina v\u00e4lill\u00e4 katselemassa kodittomien el\u00e4inten sivuja yhdistyksen nettisivuilla. Muutaman kuukauden p\u00e4\u00e4st\u00e4 sivuille olikin ilmestynyt kuva villist\u00e4 kissanpennusta, joka etsi kotia. Totesin heti, ett\u00e4 &#8221;tuossa olisi meille kissa!&#8221; Entuudestaan kotona oli jo 11-vuotias Milli-kissa, eik\u00e4 suunnitelmissa ollut ottaa toista lemmikki\u00e4. Sissi-kissan ilmoitus kuitenkin vetosi minuun niin, ett\u00e4 otimme yhteytt\u00e4 yhditykseen. Muutaman viikon p\u00e4\u00e4st\u00e4 Sissi muuttikin sitten meille.<\/p>\n\n\n\n<figure class=\"wp-block-image\"><img decoding=\"async\" src=\"http:\/\/merilappi.sey.fi\/images\/kitty.jpg\" alt=\"\" \/><\/figure>\n\n\n\n<p>Annoimme kissalle uuden nimen, Kitty. Kitty oli aluksi vain s\u00e4ngyn alla ja haki turvaa meid\u00e4n vanhemmasta kissasta, joka vain ihmetteli ja murisi uudelle tulokkaalle. Villikissana Kitty pelk\u00e4si ihmisi\u00e4. Jotta Kitty tottuisi ihmisiin, oleskelimme paljon lattialla, kissojen tasolla. Pian asetimme ruokakupin aina itsemme viereen lattialla istuessa ja Kitty uskaltautui varoen sy\u00f6m\u00e4\u00e4n l\u00e4hell\u00e4mme. Sitten tarjosimme nameja k\u00e4dest\u00e4 ja Kitty k\u00e4vi hakemassa niit\u00e4. Aina huomaamatta koskimme hieman Kitty\u00e4. Vajaan viikon kuluttua Kitty haki itse ensimm\u00e4isen kerran kontaktia ihmisiin. V\u00e4hitellen Kitty antoi silitt\u00e4\u00e4 ja k\u00e4sitell\u00e4.<\/p>\n\n\n\n<p>Nyt kahden vuoden j\u00e4lkeen vieraat ovat yh\u00e4 pelottavia, mutta muuten Kitty on todella sosiaalinen. Kitty nukkuu aina kanssamme ja hakee paljon huomiota. Villikissasta tulikin sylikissa!<\/p>\n\n\n\n<p>Kev\u00e4\u00e4ll\u00e4 2013 k\u00e4vin viem\u00e4ss\u00e4 El\u00e4insuojeluyhdistyksess\u00e4 toimivalle Karoliinalle lahjoituksia, ja tapasin h\u00e4nen luonaan Voiton. Voitto oli entisess\u00e4 kodissaan saanut ulkoilla vapaasti ja kiinni otettaessa Voitolla oli pahoja, tulehtuneita haavoja. Voitto kuitenkin selvisi, vaikka ei t\u00e4ysin terveeksi koskaan tullutkaan. Ihastuin Voittoon ja kotiin menty\u00e4ni Voitto oli jatkuvasti mieless\u00e4ni. P\u00e4\u00e4timme avopuolisoni kanssa tarjota 7-vuotiaalle Voitolle loppuel\u00e4m\u00e4n kodin.<\/p>\n\n\n\n<figure class=\"wp-block-image\"><img decoding=\"async\" src=\"http:\/\/merilappi.sey.fi\/images\/voitto_310x449.jpg\" alt=\"\" \/><\/figure>\n\n\n\n<p>Voitto oli hyvin kiltti ja kaipasi paljon huomiota ja rapsutuksia. Voitto vaikutti tyytyv\u00e4iselt\u00e4 uuteen kotiin, jossa oli aina tarjolla ruokaa ja l\u00e4mmin nukkumapaikka. Kissalaumaan sopeutuminen vei hieman aikaa ja vaati muutamat taistelut, mutta lopulta Kitty ja Milli hyv\u00e4ksyiv\u00e4t Voiton laumaan.<\/p>\n\n\n\n<p>Voitolla oli munuaisten vajaatoiminta, joka oli jo pitk\u00e4lle edennyt diagnosoitaessa. Syksyn l\u00e4hestyess\u00e4 oireet olivat pahentuneet ja munuaiset alkoivat olla ihan lopussa, joten p\u00e4\u00e4timme p\u00e4\u00e4st\u00e4\u00e4 Voiton ikiuneen.<\/p>\n\n\n\n<p>Voitto kerkesi olla meill\u00e4 vain nelj\u00e4 kuukautta, mutta tuo lyhyt aika opetti meille paljon. Voiton tarina on raskas, mutta olen onnellinen, ett\u00e4 saimme tarjota tuolle lempe\u00e4lle kissalle hyv\u00e4n loppuel\u00e4m\u00e4n kodin. Aiomme jatkossakin ottaa yhteytt\u00e4 el\u00e4insuojeluyhdistykseen uutta lemmikki\u00e4 hankittaessa.<\/p>\n\n\n\n<p>Sonja Miettunen<\/p>\n\n\n\n<figure class=\"wp-block-image\"><img decoding=\"async\" src=\"http:\/\/merilappi.sey.fi\/images\/kitty2_297x449.jpg\" alt=\"\" \/><\/figure>\n","protected":false},"excerpt":{"rendered":"<p>Lillin ja Nupun tarina Kaikki alkoi nuorimman tytt\u00e4remme leikekirjasta. Sinne h\u00e4n oli koonnut lehtiartikkeleita Meri-Lapin Esyn toiminnasta. Erityisesti pieni Viktoria-kissan kuva ja siihen liittyv\u00e4 juttu oli tehnyt tytt\u00f6\u00f6n vaikutuksen. H\u00e4n halusi auttaa osaltaan ja me ajattelimme, ett\u00e4 mik\u00e4 ettei. Meid\u00e4n kissahistoriaan oli aina kuulunut kaksi kisua: ensin oli Hillankukka ja Olli, sitten Hilla siirtyi mummona [&hellip;]<\/p>\n","protected":false},"author":8,"featured_media":0,"parent":20,"menu_order":0,"comment_status":"closed","ping_status":"closed","template":"","meta":{"_acf_changed":false,"footnotes":""},"class_list":["post-24","page","type-page","status-publish","hentry"],"acf":[],"yoast_head":"<!-- This site is optimized with the Yoast SEO plugin v27.1.1 - https:\/\/yoast.com\/product\/yoast-seo-wordpress\/ -->\n<title>Kodin l\u00f6yt\u00e4neet - Meri-Lapin el\u00e4insuojeluyhdistys<\/title>\n<meta name=\"robots\" content=\"index, follow, max-snippet:-1, max-image-preview:large, max-video-preview:-1\" \/>\n<link rel=\"canonical\" href=\"https:\/\/sey.fi\/meri-lappi\/meri-lapin-elainsuojeluyhdistys\/loytoelaimet\/kodin-loytaneet\/\" \/>\n<meta property=\"og:locale\" content=\"fi_FI\" \/>\n<meta property=\"og:type\" content=\"article\" \/>\n<meta property=\"og:title\" content=\"Kodin l\u00f6yt\u00e4neet - Meri-Lapin el\u00e4insuojeluyhdistys\" \/>\n<meta property=\"og:description\" content=\"Lillin ja Nupun tarina Kaikki alkoi nuorimman tytt\u00e4remme leikekirjasta. Sinne h\u00e4n oli koonnut lehtiartikkeleita Meri-Lapin Esyn toiminnasta. Erityisesti pieni Viktoria-kissan kuva ja siihen liittyv\u00e4 juttu oli tehnyt tytt\u00f6\u00f6n vaikutuksen. H\u00e4n halusi auttaa osaltaan ja me ajattelimme, ett\u00e4 mik\u00e4 ettei. Meid\u00e4n kissahistoriaan oli aina kuulunut kaksi kisua: ensin oli Hillankukka ja Olli, sitten Hilla siirtyi mummona [&hellip;]\" \/>\n<meta property=\"og:url\" content=\"https:\/\/sey.fi\/meri-lappi\/meri-lapin-elainsuojeluyhdistys\/loytoelaimet\/kodin-loytaneet\/\" \/>\n<meta property=\"og:site_name\" content=\"Meri-Lapin el\u00e4insuojeluyhdistys\" \/>\n<meta property=\"og:image\" content=\"http:\/\/merilappi.sey.fi\/images\/dsc06020.jpg\" \/>\n<meta name=\"twitter:card\" content=\"summary_large_image\" \/>\n<meta name=\"twitter:label1\" content=\"Arvioitu lukuaika\" \/>\n\t<meta name=\"twitter:data1\" content=\"4 minuuttia\" \/>\n<script type=\"application\/ld+json\" class=\"yoast-schema-graph\">{\"@context\":\"https:\/\/schema.org\",\"@graph\":[{\"@type\":\"WebPage\",\"@id\":\"https:\/\/sey.fi\/meri-lappi\/meri-lapin-elainsuojeluyhdistys\/loytoelaimet\/kodin-loytaneet\/\",\"url\":\"https:\/\/sey.fi\/meri-lappi\/meri-lapin-elainsuojeluyhdistys\/loytoelaimet\/kodin-loytaneet\/\",\"name\":\"Kodin l\u00f6yt\u00e4neet - Meri-Lapin el\u00e4insuojeluyhdistys\",\"isPartOf\":{\"@id\":\"https:\/\/sey.fi\/meri-lappi\/#website\"},\"primaryImageOfPage\":{\"@id\":\"https:\/\/sey.fi\/meri-lappi\/meri-lapin-elainsuojeluyhdistys\/loytoelaimet\/kodin-loytaneet\/#primaryimage\"},\"image\":{\"@id\":\"https:\/\/sey.fi\/meri-lappi\/meri-lapin-elainsuojeluyhdistys\/loytoelaimet\/kodin-loytaneet\/#primaryimage\"},\"thumbnailUrl\":\"http:\/\/merilappi.sey.fi\/images\/dsc06020.jpg\",\"datePublished\":\"2019-11-04T11:29:27+00:00\",\"breadcrumb\":{\"@id\":\"https:\/\/sey.fi\/meri-lappi\/meri-lapin-elainsuojeluyhdistys\/loytoelaimet\/kodin-loytaneet\/#breadcrumb\"},\"inLanguage\":\"fi\",\"potentialAction\":[{\"@type\":\"ReadAction\",\"target\":[\"https:\/\/sey.fi\/meri-lappi\/meri-lapin-elainsuojeluyhdistys\/loytoelaimet\/kodin-loytaneet\/\"]}]},{\"@type\":\"ImageObject\",\"inLanguage\":\"fi\",\"@id\":\"https:\/\/sey.fi\/meri-lappi\/meri-lapin-elainsuojeluyhdistys\/loytoelaimet\/kodin-loytaneet\/#primaryimage\",\"url\":\"http:\/\/merilappi.sey.fi\/images\/dsc06020.jpg\",\"contentUrl\":\"http:\/\/merilappi.sey.fi\/images\/dsc06020.jpg\"},{\"@type\":\"BreadcrumbList\",\"@id\":\"https:\/\/sey.fi\/meri-lappi\/meri-lapin-elainsuojeluyhdistys\/loytoelaimet\/kodin-loytaneet\/#breadcrumb\",\"itemListElement\":[{\"@type\":\"ListItem\",\"position\":1,\"name\":\"Home\",\"item\":\"https:\/\/sey.fi\/meri-lappi\/\"},{\"@type\":\"ListItem\",\"position\":2,\"name\":\"Meri-Lapin el\u00e4insuojeluyhdistys\",\"item\":\"https:\/\/sey.fi\/meri-lappi\/\"},{\"@type\":\"ListItem\",\"position\":3,\"name\":\"L\u00f6yt\u00f6el\u00e4imet\",\"item\":\"https:\/\/sey.fi\/meri-lappi\/meri-lapin-elainsuojeluyhdistys\/loytoelaimet\/\"},{\"@type\":\"ListItem\",\"position\":4,\"name\":\"Kodin l\u00f6yt\u00e4neet\"}]},{\"@type\":\"WebSite\",\"@id\":\"https:\/\/sey.fi\/meri-lappi\/#website\",\"url\":\"https:\/\/sey.fi\/meri-lappi\/\",\"name\":\"Meri-Lapin el\u00e4insuojeluyhdistys\",\"description\":\"Uusi SEY J\u00e4senyhdistykset -sivusto\",\"potentialAction\":[{\"@type\":\"SearchAction\",\"target\":{\"@type\":\"EntryPoint\",\"urlTemplate\":\"https:\/\/sey.fi\/meri-lappi\/?s={search_term_string}\"},\"query-input\":{\"@type\":\"PropertyValueSpecification\",\"valueRequired\":true,\"valueName\":\"search_term_string\"}}],\"inLanguage\":\"fi\"}]}<\/script>\n<!-- \/ Yoast SEO plugin. -->","yoast_head_json":{"title":"Kodin l\u00f6yt\u00e4neet - Meri-Lapin el\u00e4insuojeluyhdistys","robots":{"index":"index","follow":"follow","max-snippet":"max-snippet:-1","max-image-preview":"max-image-preview:large","max-video-preview":"max-video-preview:-1"},"canonical":"https:\/\/sey.fi\/meri-lappi\/meri-lapin-elainsuojeluyhdistys\/loytoelaimet\/kodin-loytaneet\/","og_locale":"fi_FI","og_type":"article","og_title":"Kodin l\u00f6yt\u00e4neet - Meri-Lapin el\u00e4insuojeluyhdistys","og_description":"Lillin ja Nupun tarina Kaikki alkoi nuorimman tytt\u00e4remme leikekirjasta. Sinne h\u00e4n oli koonnut lehtiartikkeleita Meri-Lapin Esyn toiminnasta. Erityisesti pieni Viktoria-kissan kuva ja siihen liittyv\u00e4 juttu oli tehnyt tytt\u00f6\u00f6n vaikutuksen. H\u00e4n halusi auttaa osaltaan ja me ajattelimme, ett\u00e4 mik\u00e4 ettei. Meid\u00e4n kissahistoriaan oli aina kuulunut kaksi kisua: ensin oli Hillankukka ja Olli, sitten Hilla siirtyi mummona [&hellip;]","og_url":"https:\/\/sey.fi\/meri-lappi\/meri-lapin-elainsuojeluyhdistys\/loytoelaimet\/kodin-loytaneet\/","og_site_name":"Meri-Lapin el\u00e4insuojeluyhdistys","og_image":[{"url":"http:\/\/merilappi.sey.fi\/images\/dsc06020.jpg","type":"","width":"","height":""}],"twitter_card":"summary_large_image","twitter_misc":{"Arvioitu lukuaika":"4 minuuttia"},"schema":{"@context":"https:\/\/schema.org","@graph":[{"@type":"WebPage","@id":"https:\/\/sey.fi\/meri-lappi\/meri-lapin-elainsuojeluyhdistys\/loytoelaimet\/kodin-loytaneet\/","url":"https:\/\/sey.fi\/meri-lappi\/meri-lapin-elainsuojeluyhdistys\/loytoelaimet\/kodin-loytaneet\/","name":"Kodin l\u00f6yt\u00e4neet - Meri-Lapin el\u00e4insuojeluyhdistys","isPartOf":{"@id":"https:\/\/sey.fi\/meri-lappi\/#website"},"primaryImageOfPage":{"@id":"https:\/\/sey.fi\/meri-lappi\/meri-lapin-elainsuojeluyhdistys\/loytoelaimet\/kodin-loytaneet\/#primaryimage"},"image":{"@id":"https:\/\/sey.fi\/meri-lappi\/meri-lapin-elainsuojeluyhdistys\/loytoelaimet\/kodin-loytaneet\/#primaryimage"},"thumbnailUrl":"http:\/\/merilappi.sey.fi\/images\/dsc06020.jpg","datePublished":"2019-11-04T11:29:27+00:00","breadcrumb":{"@id":"https:\/\/sey.fi\/meri-lappi\/meri-lapin-elainsuojeluyhdistys\/loytoelaimet\/kodin-loytaneet\/#breadcrumb"},"inLanguage":"fi","potentialAction":[{"@type":"ReadAction","target":["https:\/\/sey.fi\/meri-lappi\/meri-lapin-elainsuojeluyhdistys\/loytoelaimet\/kodin-loytaneet\/"]}]},{"@type":"ImageObject","inLanguage":"fi","@id":"https:\/\/sey.fi\/meri-lappi\/meri-lapin-elainsuojeluyhdistys\/loytoelaimet\/kodin-loytaneet\/#primaryimage","url":"http:\/\/merilappi.sey.fi\/images\/dsc06020.jpg","contentUrl":"http:\/\/merilappi.sey.fi\/images\/dsc06020.jpg"},{"@type":"BreadcrumbList","@id":"https:\/\/sey.fi\/meri-lappi\/meri-lapin-elainsuojeluyhdistys\/loytoelaimet\/kodin-loytaneet\/#breadcrumb","itemListElement":[{"@type":"ListItem","position":1,"name":"Home","item":"https:\/\/sey.fi\/meri-lappi\/"},{"@type":"ListItem","position":2,"name":"Meri-Lapin el\u00e4insuojeluyhdistys","item":"https:\/\/sey.fi\/meri-lappi\/"},{"@type":"ListItem","position":3,"name":"L\u00f6yt\u00f6el\u00e4imet","item":"https:\/\/sey.fi\/meri-lappi\/meri-lapin-elainsuojeluyhdistys\/loytoelaimet\/"},{"@type":"ListItem","position":4,"name":"Kodin l\u00f6yt\u00e4neet"}]},{"@type":"WebSite","@id":"https:\/\/sey.fi\/meri-lappi\/#website","url":"https:\/\/sey.fi\/meri-lappi\/","name":"Meri-Lapin el\u00e4insuojeluyhdistys","description":"Uusi SEY J\u00e4senyhdistykset -sivusto","potentialAction":[{"@type":"SearchAction","target":{"@type":"EntryPoint","urlTemplate":"https:\/\/sey.fi\/meri-lappi\/?s={search_term_string}"},"query-input":{"@type":"PropertyValueSpecification","valueRequired":true,"valueName":"search_term_string"}}],"inLanguage":"fi"}]}},"_links":{"self":[{"href":"https:\/\/sey.fi\/meri-lappi\/wp-json\/wp\/v2\/pages\/24","targetHints":{"allow":["GET"]}}],"collection":[{"href":"https:\/\/sey.fi\/meri-lappi\/wp-json\/wp\/v2\/pages"}],"about":[{"href":"https:\/\/sey.fi\/meri-lappi\/wp-json\/wp\/v2\/types\/page"}],"author":[{"embeddable":true,"href":"https:\/\/sey.fi\/meri-lappi\/wp-json\/wp\/v2\/users\/8"}],"replies":[{"embeddable":true,"href":"https:\/\/sey.fi\/meri-lappi\/wp-json\/wp\/v2\/comments?post=24"}],"version-history":[{"count":1,"href":"https:\/\/sey.fi\/meri-lappi\/wp-json\/wp\/v2\/pages\/24\/revisions"}],"predecessor-version":[{"id":25,"href":"https:\/\/sey.fi\/meri-lappi\/wp-json\/wp\/v2\/pages\/24\/revisions\/25"}],"up":[{"embeddable":true,"href":"https:\/\/sey.fi\/meri-lappi\/wp-json\/wp\/v2\/pages\/20"}],"wp:attachment":[{"href":"https:\/\/sey.fi\/meri-lappi\/wp-json\/wp\/v2\/media?parent=24"}],"curies":[{"name":"wp","href":"https:\/\/api.w.org\/{rel}","templated":true}]}}