{"id":26,"date":"2019-11-04T13:30:56","date_gmt":"2019-11-04T11:30:56","guid":{"rendered":"http:\/\/srvr10.xetpoint.com\/~seyfi\/meri-lappi\/?page_id=26"},"modified":"2022-01-28T11:28:07","modified_gmt":"2022-01-28T09:28:07","slug":"pienelainhautausmaa","status":"publish","type":"page","link":"https:\/\/sey.fi\/meri-lappi\/meri-lapin-elainsuojeluyhdistys\/pienelainhautausmaa\/","title":{"rendered":"Pienel\u00e4inhautausmaa"},"content":{"rendered":"\n<p>Ensimm\u00e4inen merkint\u00e4 yrityksest\u00e4 aloittaa pienel\u00e4inhautausmaatoiminta alueellamme l\u00f6ytyy arkistoistamme ajalta 29.3.1978. Pienel\u00e4inhautausmaa aloitti toimintansa kuitenkin vasta vuonna 1988 Marja-Leena Hiturin aloitteesta Perta-aapantien varrella. Alusta asti hautausmaata on yll\u00e4pit\u00e4nyt Kemin Seudun El\u00e4insuojeluyhdistys ry (my\u00f6hemmin Meri-Lapin el\u00e4insuojeluyhdistys ry). Kemin kaupunki antoi alueen yhdistyksen k\u00e4ytt\u00f6\u00f6n, ja aikojen saatossa sinne on haudattu noin tuhat el\u00e4int\u00e4. Perta-aapantien hautausmaa on t\u00e4ynn\u00e4, eli sinne ei saa en\u00e4\u00e4 haudata. Pyrimme pit\u00e4m\u00e4\u00e4n alueen edelleen siistin\u00e4, joskin luonnontilaisena.<\/p>\n\n\n\n<p>Uusi hautausmaa, jonne kaikki uudet hautaukset tehd\u00e4\u00e4n, sijaitsee Kemiss\u00e4 Takaj\u00e4rvell\u00e4 Louhitiell\u00e4. Ensimm\u00e4inen hautaus uuteen hautausmaahan suoritettiin 20.12.2005. Pienel\u00e4inhautausmaahan on t\u00e4ll\u00e4 hetkell\u00e4 (tammikuu 2013) haudattu yli 260 koiraa, kissaa ja muuta lemmikkiel\u00e4int\u00e4.<\/p>\n\n\n\n<p><strong>Kun tarvitset lemmikillesi hautapaikkaa ota yhteytt\u00e4 (<strong>044-2009 817)<\/strong>, niin sovimme hautauksen ajankohdan. <\/strong><\/p>\n\n\n\n<p><strong>Hautapaikka maksetaan etuk\u00e4teen tilille FI32 5131 0020 0675 76. Kuitti maksusta esitet\u00e4\u00e4n hautauksen yhteydessa hautausmaanhoitajalle.<\/strong><\/p>\n\n\n\n<p><strong>Lemmikin hautapaikkahinnasto: pienel\u00e4imet 50 \u20ac, kissat 70 \u20ac, koirat 100 \u20ac.<\/strong><\/p>\n\n\n\n<p>Toivomme lemmikin varustamisessa viimeiselle matkalle k\u00e4ytett\u00e4v\u00e4n luonnossa hajoavia materiaaleja, ei muoveja tai tekokuituja.<\/p>\n","protected":false},"excerpt":{"rendered":"<p>Ensimm\u00e4inen merkint\u00e4 yrityksest\u00e4 aloittaa pienel\u00e4inhautausmaatoiminta alueellamme l\u00f6ytyy arkistoistamme ajalta 29.3.1978. Pienel\u00e4inhautausmaa aloitti toimintansa kuitenkin vasta vuonna 1988 Marja-Leena Hiturin aloitteesta Perta-aapantien varrella. Alusta asti hautausmaata on yll\u00e4pit\u00e4nyt Kemin Seudun El\u00e4insuojeluyhdistys ry (my\u00f6hemmin Meri-Lapin el\u00e4insuojeluyhdistys ry). Kemin kaupunki antoi alueen yhdistyksen k\u00e4ytt\u00f6\u00f6n, ja aikojen saatossa sinne on haudattu noin tuhat el\u00e4int\u00e4. Perta-aapantien hautausmaa on t\u00e4ynn\u00e4, eli [&hellip;]<\/p>\n","protected":false},"author":8,"featured_media":0,"parent":2,"menu_order":0,"comment_status":"closed","ping_status":"closed","template":"","meta":{"_acf_changed":false,"footnotes":""},"class_list":["post-26","page","type-page","status-publish","hentry"],"acf":[],"yoast_head":"<!-- This site is optimized with the Yoast SEO plugin v27.1.1 - https:\/\/yoast.com\/product\/yoast-seo-wordpress\/ -->\n<title>Pienel\u00e4inhautausmaa - Meri-Lapin el\u00e4insuojeluyhdistys<\/title>\n<meta name=\"robots\" content=\"index, follow, max-snippet:-1, max-image-preview:large, max-video-preview:-1\" \/>\n<link rel=\"canonical\" href=\"https:\/\/sey.fi\/meri-lappi\/meri-lapin-elainsuojeluyhdistys\/pienelainhautausmaa\/\" \/>\n<meta property=\"og:locale\" content=\"fi_FI\" \/>\n<meta property=\"og:type\" content=\"article\" \/>\n<meta property=\"og:title\" content=\"Pienel\u00e4inhautausmaa - Meri-Lapin el\u00e4insuojeluyhdistys\" \/>\n<meta property=\"og:description\" content=\"Ensimm\u00e4inen merkint\u00e4 yrityksest\u00e4 aloittaa pienel\u00e4inhautausmaatoiminta alueellamme l\u00f6ytyy arkistoistamme ajalta 29.3.1978. Pienel\u00e4inhautausmaa aloitti toimintansa kuitenkin vasta vuonna 1988 Marja-Leena Hiturin aloitteesta Perta-aapantien varrella. Alusta asti hautausmaata on yll\u00e4pit\u00e4nyt Kemin Seudun El\u00e4insuojeluyhdistys ry (my\u00f6hemmin Meri-Lapin el\u00e4insuojeluyhdistys ry). Kemin kaupunki antoi alueen yhdistyksen k\u00e4ytt\u00f6\u00f6n, ja aikojen saatossa sinne on haudattu noin tuhat el\u00e4int\u00e4. Perta-aapantien hautausmaa on t\u00e4ynn\u00e4, eli [&hellip;]\" \/>\n<meta property=\"og:url\" content=\"https:\/\/sey.fi\/meri-lappi\/meri-lapin-elainsuojeluyhdistys\/pienelainhautausmaa\/\" \/>\n<meta property=\"og:site_name\" content=\"Meri-Lapin el\u00e4insuojeluyhdistys\" \/>\n<meta property=\"article:modified_time\" content=\"2022-01-28T09:28:07+00:00\" \/>\n<meta name=\"twitter:card\" content=\"summary_large_image\" \/>\n<meta name=\"twitter:label1\" content=\"Arvioitu lukuaika\" \/>\n\t<meta name=\"twitter:data1\" content=\"1 minuutti\" \/>\n<script type=\"application\/ld+json\" class=\"yoast-schema-graph\">{\"@context\":\"https:\/\/schema.org\",\"@graph\":[{\"@type\":\"WebPage\",\"@id\":\"https:\/\/sey.fi\/meri-lappi\/meri-lapin-elainsuojeluyhdistys\/pienelainhautausmaa\/\",\"url\":\"https:\/\/sey.fi\/meri-lappi\/meri-lapin-elainsuojeluyhdistys\/pienelainhautausmaa\/\",\"name\":\"Pienel\u00e4inhautausmaa - Meri-Lapin el\u00e4insuojeluyhdistys\",\"isPartOf\":{\"@id\":\"https:\/\/sey.fi\/meri-lappi\/#website\"},\"datePublished\":\"2019-11-04T11:30:56+00:00\",\"dateModified\":\"2022-01-28T09:28:07+00:00\",\"breadcrumb\":{\"@id\":\"https:\/\/sey.fi\/meri-lappi\/meri-lapin-elainsuojeluyhdistys\/pienelainhautausmaa\/#breadcrumb\"},\"inLanguage\":\"fi\",\"potentialAction\":[{\"@type\":\"ReadAction\",\"target\":[\"https:\/\/sey.fi\/meri-lappi\/meri-lapin-elainsuojeluyhdistys\/pienelainhautausmaa\/\"]}]},{\"@type\":\"BreadcrumbList\",\"@id\":\"https:\/\/sey.fi\/meri-lappi\/meri-lapin-elainsuojeluyhdistys\/pienelainhautausmaa\/#breadcrumb\",\"itemListElement\":[{\"@type\":\"ListItem\",\"position\":1,\"name\":\"Home\",\"item\":\"https:\/\/sey.fi\/meri-lappi\/\"},{\"@type\":\"ListItem\",\"position\":2,\"name\":\"Meri-Lapin el\u00e4insuojeluyhdistys\",\"item\":\"https:\/\/sey.fi\/meri-lappi\/\"},{\"@type\":\"ListItem\",\"position\":3,\"name\":\"Pienel\u00e4inhautausmaa\"}]},{\"@type\":\"WebSite\",\"@id\":\"https:\/\/sey.fi\/meri-lappi\/#website\",\"url\":\"https:\/\/sey.fi\/meri-lappi\/\",\"name\":\"Meri-Lapin el\u00e4insuojeluyhdistys\",\"description\":\"Uusi SEY J\u00e4senyhdistykset -sivusto\",\"potentialAction\":[{\"@type\":\"SearchAction\",\"target\":{\"@type\":\"EntryPoint\",\"urlTemplate\":\"https:\/\/sey.fi\/meri-lappi\/?s={search_term_string}\"},\"query-input\":{\"@type\":\"PropertyValueSpecification\",\"valueRequired\":true,\"valueName\":\"search_term_string\"}}],\"inLanguage\":\"fi\"}]}<\/script>\n<!-- \/ Yoast SEO plugin. -->","yoast_head_json":{"title":"Pienel\u00e4inhautausmaa - Meri-Lapin el\u00e4insuojeluyhdistys","robots":{"index":"index","follow":"follow","max-snippet":"max-snippet:-1","max-image-preview":"max-image-preview:large","max-video-preview":"max-video-preview:-1"},"canonical":"https:\/\/sey.fi\/meri-lappi\/meri-lapin-elainsuojeluyhdistys\/pienelainhautausmaa\/","og_locale":"fi_FI","og_type":"article","og_title":"Pienel\u00e4inhautausmaa - Meri-Lapin el\u00e4insuojeluyhdistys","og_description":"Ensimm\u00e4inen merkint\u00e4 yrityksest\u00e4 aloittaa pienel\u00e4inhautausmaatoiminta alueellamme l\u00f6ytyy arkistoistamme ajalta 29.3.1978. Pienel\u00e4inhautausmaa aloitti toimintansa kuitenkin vasta vuonna 1988 Marja-Leena Hiturin aloitteesta Perta-aapantien varrella. Alusta asti hautausmaata on yll\u00e4pit\u00e4nyt Kemin Seudun El\u00e4insuojeluyhdistys ry (my\u00f6hemmin Meri-Lapin el\u00e4insuojeluyhdistys ry). Kemin kaupunki antoi alueen yhdistyksen k\u00e4ytt\u00f6\u00f6n, ja aikojen saatossa sinne on haudattu noin tuhat el\u00e4int\u00e4. Perta-aapantien hautausmaa on t\u00e4ynn\u00e4, eli [&hellip;]","og_url":"https:\/\/sey.fi\/meri-lappi\/meri-lapin-elainsuojeluyhdistys\/pienelainhautausmaa\/","og_site_name":"Meri-Lapin el\u00e4insuojeluyhdistys","article_modified_time":"2022-01-28T09:28:07+00:00","twitter_card":"summary_large_image","twitter_misc":{"Arvioitu lukuaika":"1 minuutti"},"schema":{"@context":"https:\/\/schema.org","@graph":[{"@type":"WebPage","@id":"https:\/\/sey.fi\/meri-lappi\/meri-lapin-elainsuojeluyhdistys\/pienelainhautausmaa\/","url":"https:\/\/sey.fi\/meri-lappi\/meri-lapin-elainsuojeluyhdistys\/pienelainhautausmaa\/","name":"Pienel\u00e4inhautausmaa - Meri-Lapin el\u00e4insuojeluyhdistys","isPartOf":{"@id":"https:\/\/sey.fi\/meri-lappi\/#website"},"datePublished":"2019-11-04T11:30:56+00:00","dateModified":"2022-01-28T09:28:07+00:00","breadcrumb":{"@id":"https:\/\/sey.fi\/meri-lappi\/meri-lapin-elainsuojeluyhdistys\/pienelainhautausmaa\/#breadcrumb"},"inLanguage":"fi","potentialAction":[{"@type":"ReadAction","target":["https:\/\/sey.fi\/meri-lappi\/meri-lapin-elainsuojeluyhdistys\/pienelainhautausmaa\/"]}]},{"@type":"BreadcrumbList","@id":"https:\/\/sey.fi\/meri-lappi\/meri-lapin-elainsuojeluyhdistys\/pienelainhautausmaa\/#breadcrumb","itemListElement":[{"@type":"ListItem","position":1,"name":"Home","item":"https:\/\/sey.fi\/meri-lappi\/"},{"@type":"ListItem","position":2,"name":"Meri-Lapin el\u00e4insuojeluyhdistys","item":"https:\/\/sey.fi\/meri-lappi\/"},{"@type":"ListItem","position":3,"name":"Pienel\u00e4inhautausmaa"}]},{"@type":"WebSite","@id":"https:\/\/sey.fi\/meri-lappi\/#website","url":"https:\/\/sey.fi\/meri-lappi\/","name":"Meri-Lapin el\u00e4insuojeluyhdistys","description":"Uusi SEY J\u00e4senyhdistykset -sivusto","potentialAction":[{"@type":"SearchAction","target":{"@type":"EntryPoint","urlTemplate":"https:\/\/sey.fi\/meri-lappi\/?s={search_term_string}"},"query-input":{"@type":"PropertyValueSpecification","valueRequired":true,"valueName":"search_term_string"}}],"inLanguage":"fi"}]}},"_links":{"self":[{"href":"https:\/\/sey.fi\/meri-lappi\/wp-json\/wp\/v2\/pages\/26","targetHints":{"allow":["GET"]}}],"collection":[{"href":"https:\/\/sey.fi\/meri-lappi\/wp-json\/wp\/v2\/pages"}],"about":[{"href":"https:\/\/sey.fi\/meri-lappi\/wp-json\/wp\/v2\/types\/page"}],"author":[{"embeddable":true,"href":"https:\/\/sey.fi\/meri-lappi\/wp-json\/wp\/v2\/users\/8"}],"replies":[{"embeddable":true,"href":"https:\/\/sey.fi\/meri-lappi\/wp-json\/wp\/v2\/comments?post=26"}],"version-history":[{"count":3,"href":"https:\/\/sey.fi\/meri-lappi\/wp-json\/wp\/v2\/pages\/26\/revisions"}],"predecessor-version":[{"id":110,"href":"https:\/\/sey.fi\/meri-lappi\/wp-json\/wp\/v2\/pages\/26\/revisions\/110"}],"up":[{"embeddable":true,"href":"https:\/\/sey.fi\/meri-lappi\/wp-json\/wp\/v2\/pages\/2"}],"wp:attachment":[{"href":"https:\/\/sey.fi\/meri-lappi\/wp-json\/wp\/v2\/media?parent=26"}],"curies":[{"name":"wp","href":"https:\/\/api.w.org\/{rel}","templated":true}]}}