{"id":28,"date":"2019-11-04T13:31:37","date_gmt":"2019-11-04T11:31:37","guid":{"rendered":"http:\/\/srvr10.xetpoint.com\/~seyfi\/meri-lappi\/?page_id=28"},"modified":"2022-01-28T11:19:55","modified_gmt":"2022-01-28T09:19:55","slug":"yhteystiedot","status":"publish","type":"page","link":"https:\/\/sey.fi\/meri-lappi\/meri-lapin-elainsuojeluyhdistys\/yhteystiedot\/","title":{"rendered":"Yhteystiedot"},"content":{"rendered":"\n<h3 class=\"wp-block-heading\">MERI-LAPIN EL\u00c4INSUOJELUYHDISTYS RY<\/h3>\n\n\n\n<p>Puhelinneuvontaa teemme p\u00e4ivitt\u00e4in, el\u00e4insuojeluneuvontapuh.nro on 044-2009 817.<\/p>\n\n\n\n<p>Kemin pienel\u00e4inhautausmaan hoito on my\u00f6s vastuullamme. Takaj\u00e4rvell\u00e4 Louhitiell\u00e4 sijaitsevaan uuteen pienel\u00e4inhautausmaahan on haudattu (tammikuu 2013) jo yli 260 kissaa, koiraa ja muuta pient\u00e4 lemmikkiel\u00e4int\u00e4. Ole yhteydess\u00e4 yhdistyksen neuvontapuhelinnumeroon (044-2009 817), jos haluat tiedustella pienel\u00e4inhautausmaasta. <\/p>\n","protected":false},"excerpt":{"rendered":"<p>MERI-LAPIN EL\u00c4INSUOJELUYHDISTYS RY Puhelinneuvontaa teemme p\u00e4ivitt\u00e4in, el\u00e4insuojeluneuvontapuh.nro on 044-2009 817. Kemin pienel\u00e4inhautausmaan hoito on my\u00f6s vastuullamme. Takaj\u00e4rvell\u00e4 Louhitiell\u00e4 sijaitsevaan uuteen pienel\u00e4inhautausmaahan on haudattu (tammikuu 2013) jo yli 260 kissaa, koiraa ja muuta pient\u00e4 lemmikkiel\u00e4int\u00e4. Ole yhteydess\u00e4 yhdistyksen neuvontapuhelinnumeroon (044-2009 817), jos haluat tiedustella pienel\u00e4inhautausmaasta.<\/p>\n","protected":false},"author":8,"featured_media":0,"parent":2,"menu_order":0,"comment_status":"closed","ping_status":"closed","template":"","meta":{"_acf_changed":false,"footnotes":""},"class_list":["post-28","page","type-page","status-publish","hentry"],"acf":[],"yoast_head":"<!-- This site is optimized with the Yoast SEO plugin v27.1.1 - https:\/\/yoast.com\/product\/yoast-seo-wordpress\/ -->\n<title>Yhteystiedot - Meri-Lapin el\u00e4insuojeluyhdistys<\/title>\n<meta name=\"robots\" content=\"index, follow, max-snippet:-1, max-image-preview:large, max-video-preview:-1\" \/>\n<link rel=\"canonical\" href=\"https:\/\/sey.fi\/meri-lappi\/meri-lapin-elainsuojeluyhdistys\/yhteystiedot\/\" \/>\n<meta property=\"og:locale\" content=\"fi_FI\" \/>\n<meta property=\"og:type\" content=\"article\" \/>\n<meta property=\"og:title\" content=\"Yhteystiedot - Meri-Lapin el\u00e4insuojeluyhdistys\" \/>\n<meta property=\"og:description\" content=\"MERI-LAPIN EL\u00c4INSUOJELUYHDISTYS RY Puhelinneuvontaa teemme p\u00e4ivitt\u00e4in, el\u00e4insuojeluneuvontapuh.nro on 044-2009 817. Kemin pienel\u00e4inhautausmaan hoito on my\u00f6s vastuullamme. Takaj\u00e4rvell\u00e4 Louhitiell\u00e4 sijaitsevaan uuteen pienel\u00e4inhautausmaahan on haudattu (tammikuu 2013) jo yli 260 kissaa, koiraa ja muuta pient\u00e4 lemmikkiel\u00e4int\u00e4. Ole yhteydess\u00e4 yhdistyksen neuvontapuhelinnumeroon (044-2009 817), jos haluat tiedustella pienel\u00e4inhautausmaasta.\" \/>\n<meta property=\"og:url\" content=\"https:\/\/sey.fi\/meri-lappi\/meri-lapin-elainsuojeluyhdistys\/yhteystiedot\/\" \/>\n<meta property=\"og:site_name\" content=\"Meri-Lapin el\u00e4insuojeluyhdistys\" \/>\n<meta property=\"article:modified_time\" content=\"2022-01-28T09:19:55+00:00\" \/>\n<meta name=\"twitter:card\" content=\"summary_large_image\" \/>\n<script type=\"application\/ld+json\" class=\"yoast-schema-graph\">{\"@context\":\"https:\/\/schema.org\",\"@graph\":[{\"@type\":\"WebPage\",\"@id\":\"https:\/\/sey.fi\/meri-lappi\/meri-lapin-elainsuojeluyhdistys\/yhteystiedot\/\",\"url\":\"https:\/\/sey.fi\/meri-lappi\/meri-lapin-elainsuojeluyhdistys\/yhteystiedot\/\",\"name\":\"Yhteystiedot - Meri-Lapin el\u00e4insuojeluyhdistys\",\"isPartOf\":{\"@id\":\"https:\/\/sey.fi\/meri-lappi\/#website\"},\"datePublished\":\"2019-11-04T11:31:37+00:00\",\"dateModified\":\"2022-01-28T09:19:55+00:00\",\"breadcrumb\":{\"@id\":\"https:\/\/sey.fi\/meri-lappi\/meri-lapin-elainsuojeluyhdistys\/yhteystiedot\/#breadcrumb\"},\"inLanguage\":\"fi\",\"potentialAction\":[{\"@type\":\"ReadAction\",\"target\":[\"https:\/\/sey.fi\/meri-lappi\/meri-lapin-elainsuojeluyhdistys\/yhteystiedot\/\"]}]},{\"@type\":\"BreadcrumbList\",\"@id\":\"https:\/\/sey.fi\/meri-lappi\/meri-lapin-elainsuojeluyhdistys\/yhteystiedot\/#breadcrumb\",\"itemListElement\":[{\"@type\":\"ListItem\",\"position\":1,\"name\":\"Home\",\"item\":\"https:\/\/sey.fi\/meri-lappi\/\"},{\"@type\":\"ListItem\",\"position\":2,\"name\":\"Meri-Lapin el\u00e4insuojeluyhdistys\",\"item\":\"https:\/\/sey.fi\/meri-lappi\/\"},{\"@type\":\"ListItem\",\"position\":3,\"name\":\"Yhteystiedot\"}]},{\"@type\":\"WebSite\",\"@id\":\"https:\/\/sey.fi\/meri-lappi\/#website\",\"url\":\"https:\/\/sey.fi\/meri-lappi\/\",\"name\":\"Meri-Lapin el\u00e4insuojeluyhdistys\",\"description\":\"Uusi SEY J\u00e4senyhdistykset -sivusto\",\"potentialAction\":[{\"@type\":\"SearchAction\",\"target\":{\"@type\":\"EntryPoint\",\"urlTemplate\":\"https:\/\/sey.fi\/meri-lappi\/?s={search_term_string}\"},\"query-input\":{\"@type\":\"PropertyValueSpecification\",\"valueRequired\":true,\"valueName\":\"search_term_string\"}}],\"inLanguage\":\"fi\"}]}<\/script>\n<!-- \/ Yoast SEO plugin. -->","yoast_head_json":{"title":"Yhteystiedot - Meri-Lapin el\u00e4insuojeluyhdistys","robots":{"index":"index","follow":"follow","max-snippet":"max-snippet:-1","max-image-preview":"max-image-preview:large","max-video-preview":"max-video-preview:-1"},"canonical":"https:\/\/sey.fi\/meri-lappi\/meri-lapin-elainsuojeluyhdistys\/yhteystiedot\/","og_locale":"fi_FI","og_type":"article","og_title":"Yhteystiedot - Meri-Lapin el\u00e4insuojeluyhdistys","og_description":"MERI-LAPIN EL\u00c4INSUOJELUYHDISTYS RY Puhelinneuvontaa teemme p\u00e4ivitt\u00e4in, el\u00e4insuojeluneuvontapuh.nro on 044-2009 817. Kemin pienel\u00e4inhautausmaan hoito on my\u00f6s vastuullamme. Takaj\u00e4rvell\u00e4 Louhitiell\u00e4 sijaitsevaan uuteen pienel\u00e4inhautausmaahan on haudattu (tammikuu 2013) jo yli 260 kissaa, koiraa ja muuta pient\u00e4 lemmikkiel\u00e4int\u00e4. Ole yhteydess\u00e4 yhdistyksen neuvontapuhelinnumeroon (044-2009 817), jos haluat tiedustella pienel\u00e4inhautausmaasta.","og_url":"https:\/\/sey.fi\/meri-lappi\/meri-lapin-elainsuojeluyhdistys\/yhteystiedot\/","og_site_name":"Meri-Lapin el\u00e4insuojeluyhdistys","article_modified_time":"2022-01-28T09:19:55+00:00","twitter_card":"summary_large_image","schema":{"@context":"https:\/\/schema.org","@graph":[{"@type":"WebPage","@id":"https:\/\/sey.fi\/meri-lappi\/meri-lapin-elainsuojeluyhdistys\/yhteystiedot\/","url":"https:\/\/sey.fi\/meri-lappi\/meri-lapin-elainsuojeluyhdistys\/yhteystiedot\/","name":"Yhteystiedot - Meri-Lapin el\u00e4insuojeluyhdistys","isPartOf":{"@id":"https:\/\/sey.fi\/meri-lappi\/#website"},"datePublished":"2019-11-04T11:31:37+00:00","dateModified":"2022-01-28T09:19:55+00:00","breadcrumb":{"@id":"https:\/\/sey.fi\/meri-lappi\/meri-lapin-elainsuojeluyhdistys\/yhteystiedot\/#breadcrumb"},"inLanguage":"fi","potentialAction":[{"@type":"ReadAction","target":["https:\/\/sey.fi\/meri-lappi\/meri-lapin-elainsuojeluyhdistys\/yhteystiedot\/"]}]},{"@type":"BreadcrumbList","@id":"https:\/\/sey.fi\/meri-lappi\/meri-lapin-elainsuojeluyhdistys\/yhteystiedot\/#breadcrumb","itemListElement":[{"@type":"ListItem","position":1,"name":"Home","item":"https:\/\/sey.fi\/meri-lappi\/"},{"@type":"ListItem","position":2,"name":"Meri-Lapin el\u00e4insuojeluyhdistys","item":"https:\/\/sey.fi\/meri-lappi\/"},{"@type":"ListItem","position":3,"name":"Yhteystiedot"}]},{"@type":"WebSite","@id":"https:\/\/sey.fi\/meri-lappi\/#website","url":"https:\/\/sey.fi\/meri-lappi\/","name":"Meri-Lapin el\u00e4insuojeluyhdistys","description":"Uusi SEY J\u00e4senyhdistykset -sivusto","potentialAction":[{"@type":"SearchAction","target":{"@type":"EntryPoint","urlTemplate":"https:\/\/sey.fi\/meri-lappi\/?s={search_term_string}"},"query-input":{"@type":"PropertyValueSpecification","valueRequired":true,"valueName":"search_term_string"}}],"inLanguage":"fi"}]}},"_links":{"self":[{"href":"https:\/\/sey.fi\/meri-lappi\/wp-json\/wp\/v2\/pages\/28","targetHints":{"allow":["GET"]}}],"collection":[{"href":"https:\/\/sey.fi\/meri-lappi\/wp-json\/wp\/v2\/pages"}],"about":[{"href":"https:\/\/sey.fi\/meri-lappi\/wp-json\/wp\/v2\/types\/page"}],"author":[{"embeddable":true,"href":"https:\/\/sey.fi\/meri-lappi\/wp-json\/wp\/v2\/users\/8"}],"replies":[{"embeddable":true,"href":"https:\/\/sey.fi\/meri-lappi\/wp-json\/wp\/v2\/comments?post=28"}],"version-history":[{"count":2,"href":"https:\/\/sey.fi\/meri-lappi\/wp-json\/wp\/v2\/pages\/28\/revisions"}],"predecessor-version":[{"id":63,"href":"https:\/\/sey.fi\/meri-lappi\/wp-json\/wp\/v2\/pages\/28\/revisions\/63"}],"up":[{"embeddable":true,"href":"https:\/\/sey.fi\/meri-lappi\/wp-json\/wp\/v2\/pages\/2"}],"wp:attachment":[{"href":"https:\/\/sey.fi\/meri-lappi\/wp-json\/wp\/v2\/media?parent=28"}],"curies":[{"name":"wp","href":"https:\/\/api.w.org\/{rel}","templated":true}]}}