{"id":30,"date":"2019-11-04T13:33:17","date_gmt":"2019-11-04T11:33:17","guid":{"rendered":"http:\/\/srvr10.xetpoint.com\/~seyfi\/meri-lappi\/?page_id=30"},"modified":"2023-03-10T08:26:37","modified_gmt":"2023-03-10T06:26:37","slug":"tarkeita-yhteystietoja","status":"publish","type":"page","link":"https:\/\/sey.fi\/meri-lappi\/meri-lapin-elainsuojeluyhdistys\/tarkeita-yhteystietoja\/","title":{"rendered":"T\u00e4rkeit\u00e4 yhteystietoja"},"content":{"rendered":"\n<p>T\u00e4ss\u00e4 yhteystietoja, joita saatat tarvita&nbsp;<\/p>\n\n\n\n<p>Meri-Lapin esy ry: 044-2009 817,\u00a0<a href=\"mailto:merilapin.esy@gmail.com\">merilapin.esy@gmail.com<\/a><\/p>\n\n\n\n<p><br>Poliisi: 112<br>Meri-Lapin kunnallinen el\u00e4inl\u00e4\u00e4kint\u00e4huolto (Simo, Kemi, Tornio, Tervola, Keminmaa): 0600 19030 (ymp\u00e4ri vuorokauden)<br>Juntin koirahoitola: 0400884398<\/p>\n\n\n\n<p>P\u00e4ivyst\u00e4v\u00e4 el\u00e4inl\u00e4\u00e4k\u00e4ri virka-ajan ulkopuolella 0600 19030 <\/p>\n","protected":false},"excerpt":{"rendered":"<p>T\u00e4ss\u00e4 yhteystietoja, joita saatat tarvita&nbsp; Meri-Lapin esy ry: 044-2009 817,\u00a0merilapin.esy@gmail.com Poliisi: 112Meri-Lapin kunnallinen el\u00e4inl\u00e4\u00e4kint\u00e4huolto (Simo, Kemi, Tornio, Tervola, Keminmaa): 0600 19030 (ymp\u00e4ri vuorokauden)Juntin koirahoitola: 0400884398 P\u00e4ivyst\u00e4v\u00e4 el\u00e4inl\u00e4\u00e4k\u00e4ri virka-ajan ulkopuolella 0600 19030<\/p>\n","protected":false},"author":8,"featured_media":0,"parent":2,"menu_order":0,"comment_status":"closed","ping_status":"closed","template":"","meta":{"_acf_changed":false,"footnotes":""},"class_list":["post-30","page","type-page","status-publish","hentry"],"acf":[],"yoast_head":"<!-- This site is optimized with the Yoast SEO plugin v27.1.1 - https:\/\/yoast.com\/product\/yoast-seo-wordpress\/ -->\n<title>T\u00e4rkeit\u00e4 yhteystietoja - Meri-Lapin el\u00e4insuojeluyhdistys<\/title>\n<meta name=\"robots\" content=\"index, follow, max-snippet:-1, max-image-preview:large, max-video-preview:-1\" \/>\n<link rel=\"canonical\" href=\"https:\/\/sey.fi\/meri-lappi\/meri-lapin-elainsuojeluyhdistys\/tarkeita-yhteystietoja\/\" \/>\n<meta property=\"og:locale\" content=\"fi_FI\" \/>\n<meta property=\"og:type\" content=\"article\" \/>\n<meta property=\"og:title\" content=\"T\u00e4rkeit\u00e4 yhteystietoja - Meri-Lapin el\u00e4insuojeluyhdistys\" \/>\n<meta property=\"og:description\" content=\"T\u00e4ss\u00e4 yhteystietoja, joita saatat tarvita&nbsp; Meri-Lapin esy ry: 044-2009 817,\u00a0merilapin.esy@gmail.com Poliisi: 112Meri-Lapin kunnallinen el\u00e4inl\u00e4\u00e4kint\u00e4huolto (Simo, Kemi, Tornio, Tervola, Keminmaa): 0600 19030 (ymp\u00e4ri vuorokauden)Juntin koirahoitola: 0400884398 P\u00e4ivyst\u00e4v\u00e4 el\u00e4inl\u00e4\u00e4k\u00e4ri virka-ajan ulkopuolella 0600 19030\" \/>\n<meta property=\"og:url\" content=\"https:\/\/sey.fi\/meri-lappi\/meri-lapin-elainsuojeluyhdistys\/tarkeita-yhteystietoja\/\" \/>\n<meta property=\"og:site_name\" content=\"Meri-Lapin el\u00e4insuojeluyhdistys\" \/>\n<meta property=\"article:modified_time\" content=\"2023-03-10T06:26:37+00:00\" \/>\n<meta name=\"twitter:card\" content=\"summary_large_image\" \/>\n<script type=\"application\/ld+json\" class=\"yoast-schema-graph\">{\"@context\":\"https:\/\/schema.org\",\"@graph\":[{\"@type\":\"WebPage\",\"@id\":\"https:\/\/sey.fi\/meri-lappi\/meri-lapin-elainsuojeluyhdistys\/tarkeita-yhteystietoja\/\",\"url\":\"https:\/\/sey.fi\/meri-lappi\/meri-lapin-elainsuojeluyhdistys\/tarkeita-yhteystietoja\/\",\"name\":\"T\u00e4rkeit\u00e4 yhteystietoja - Meri-Lapin el\u00e4insuojeluyhdistys\",\"isPartOf\":{\"@id\":\"https:\/\/sey.fi\/meri-lappi\/#website\"},\"datePublished\":\"2019-11-04T11:33:17+00:00\",\"dateModified\":\"2023-03-10T06:26:37+00:00\",\"breadcrumb\":{\"@id\":\"https:\/\/sey.fi\/meri-lappi\/meri-lapin-elainsuojeluyhdistys\/tarkeita-yhteystietoja\/#breadcrumb\"},\"inLanguage\":\"fi\",\"potentialAction\":[{\"@type\":\"ReadAction\",\"target\":[\"https:\/\/sey.fi\/meri-lappi\/meri-lapin-elainsuojeluyhdistys\/tarkeita-yhteystietoja\/\"]}]},{\"@type\":\"BreadcrumbList\",\"@id\":\"https:\/\/sey.fi\/meri-lappi\/meri-lapin-elainsuojeluyhdistys\/tarkeita-yhteystietoja\/#breadcrumb\",\"itemListElement\":[{\"@type\":\"ListItem\",\"position\":1,\"name\":\"Home\",\"item\":\"https:\/\/sey.fi\/meri-lappi\/\"},{\"@type\":\"ListItem\",\"position\":2,\"name\":\"Meri-Lapin el\u00e4insuojeluyhdistys\",\"item\":\"https:\/\/sey.fi\/meri-lappi\/\"},{\"@type\":\"ListItem\",\"position\":3,\"name\":\"T\u00e4rkeit\u00e4 yhteystietoja\"}]},{\"@type\":\"WebSite\",\"@id\":\"https:\/\/sey.fi\/meri-lappi\/#website\",\"url\":\"https:\/\/sey.fi\/meri-lappi\/\",\"name\":\"Meri-Lapin el\u00e4insuojeluyhdistys\",\"description\":\"Uusi SEY J\u00e4senyhdistykset -sivusto\",\"potentialAction\":[{\"@type\":\"SearchAction\",\"target\":{\"@type\":\"EntryPoint\",\"urlTemplate\":\"https:\/\/sey.fi\/meri-lappi\/?s={search_term_string}\"},\"query-input\":{\"@type\":\"PropertyValueSpecification\",\"valueRequired\":true,\"valueName\":\"search_term_string\"}}],\"inLanguage\":\"fi\"}]}<\/script>\n<!-- \/ Yoast SEO plugin. -->","yoast_head_json":{"title":"T\u00e4rkeit\u00e4 yhteystietoja - Meri-Lapin el\u00e4insuojeluyhdistys","robots":{"index":"index","follow":"follow","max-snippet":"max-snippet:-1","max-image-preview":"max-image-preview:large","max-video-preview":"max-video-preview:-1"},"canonical":"https:\/\/sey.fi\/meri-lappi\/meri-lapin-elainsuojeluyhdistys\/tarkeita-yhteystietoja\/","og_locale":"fi_FI","og_type":"article","og_title":"T\u00e4rkeit\u00e4 yhteystietoja - Meri-Lapin el\u00e4insuojeluyhdistys","og_description":"T\u00e4ss\u00e4 yhteystietoja, joita saatat tarvita&nbsp; Meri-Lapin esy ry: 044-2009 817,\u00a0merilapin.esy@gmail.com Poliisi: 112Meri-Lapin kunnallinen el\u00e4inl\u00e4\u00e4kint\u00e4huolto (Simo, Kemi, Tornio, Tervola, Keminmaa): 0600 19030 (ymp\u00e4ri vuorokauden)Juntin koirahoitola: 0400884398 P\u00e4ivyst\u00e4v\u00e4 el\u00e4inl\u00e4\u00e4k\u00e4ri virka-ajan ulkopuolella 0600 19030","og_url":"https:\/\/sey.fi\/meri-lappi\/meri-lapin-elainsuojeluyhdistys\/tarkeita-yhteystietoja\/","og_site_name":"Meri-Lapin el\u00e4insuojeluyhdistys","article_modified_time":"2023-03-10T06:26:37+00:00","twitter_card":"summary_large_image","schema":{"@context":"https:\/\/schema.org","@graph":[{"@type":"WebPage","@id":"https:\/\/sey.fi\/meri-lappi\/meri-lapin-elainsuojeluyhdistys\/tarkeita-yhteystietoja\/","url":"https:\/\/sey.fi\/meri-lappi\/meri-lapin-elainsuojeluyhdistys\/tarkeita-yhteystietoja\/","name":"T\u00e4rkeit\u00e4 yhteystietoja - Meri-Lapin el\u00e4insuojeluyhdistys","isPartOf":{"@id":"https:\/\/sey.fi\/meri-lappi\/#website"},"datePublished":"2019-11-04T11:33:17+00:00","dateModified":"2023-03-10T06:26:37+00:00","breadcrumb":{"@id":"https:\/\/sey.fi\/meri-lappi\/meri-lapin-elainsuojeluyhdistys\/tarkeita-yhteystietoja\/#breadcrumb"},"inLanguage":"fi","potentialAction":[{"@type":"ReadAction","target":["https:\/\/sey.fi\/meri-lappi\/meri-lapin-elainsuojeluyhdistys\/tarkeita-yhteystietoja\/"]}]},{"@type":"BreadcrumbList","@id":"https:\/\/sey.fi\/meri-lappi\/meri-lapin-elainsuojeluyhdistys\/tarkeita-yhteystietoja\/#breadcrumb","itemListElement":[{"@type":"ListItem","position":1,"name":"Home","item":"https:\/\/sey.fi\/meri-lappi\/"},{"@type":"ListItem","position":2,"name":"Meri-Lapin el\u00e4insuojeluyhdistys","item":"https:\/\/sey.fi\/meri-lappi\/"},{"@type":"ListItem","position":3,"name":"T\u00e4rkeit\u00e4 yhteystietoja"}]},{"@type":"WebSite","@id":"https:\/\/sey.fi\/meri-lappi\/#website","url":"https:\/\/sey.fi\/meri-lappi\/","name":"Meri-Lapin el\u00e4insuojeluyhdistys","description":"Uusi SEY J\u00e4senyhdistykset -sivusto","potentialAction":[{"@type":"SearchAction","target":{"@type":"EntryPoint","urlTemplate":"https:\/\/sey.fi\/meri-lappi\/?s={search_term_string}"},"query-input":{"@type":"PropertyValueSpecification","valueRequired":true,"valueName":"search_term_string"}}],"inLanguage":"fi"}]}},"_links":{"self":[{"href":"https:\/\/sey.fi\/meri-lappi\/wp-json\/wp\/v2\/pages\/30","targetHints":{"allow":["GET"]}}],"collection":[{"href":"https:\/\/sey.fi\/meri-lappi\/wp-json\/wp\/v2\/pages"}],"about":[{"href":"https:\/\/sey.fi\/meri-lappi\/wp-json\/wp\/v2\/types\/page"}],"author":[{"embeddable":true,"href":"https:\/\/sey.fi\/meri-lappi\/wp-json\/wp\/v2\/users\/8"}],"replies":[{"embeddable":true,"href":"https:\/\/sey.fi\/meri-lappi\/wp-json\/wp\/v2\/comments?post=30"}],"version-history":[{"count":3,"href":"https:\/\/sey.fi\/meri-lappi\/wp-json\/wp\/v2\/pages\/30\/revisions"}],"predecessor-version":[{"id":98,"href":"https:\/\/sey.fi\/meri-lappi\/wp-json\/wp\/v2\/pages\/30\/revisions\/98"}],"up":[{"embeddable":true,"href":"https:\/\/sey.fi\/meri-lappi\/wp-json\/wp\/v2\/pages\/2"}],"wp:attachment":[{"href":"https:\/\/sey.fi\/meri-lappi\/wp-json\/wp\/v2\/media?parent=30"}],"curies":[{"name":"wp","href":"https:\/\/api.w.org\/{rel}","templated":true}]}}