{"id":256,"date":"2023-03-23T17:17:23","date_gmt":"2023-03-23T15:17:23","guid":{"rendered":"https:\/\/sey.fi\/nuoret\/?page_id=256"},"modified":"2023-08-16T15:13:14","modified_gmt":"2023-08-16T12:13:14","slug":"konkreettiset-teot","status":"publish","type":"page","link":"https:\/\/sey.fi\/nuoret\/konkreettiset-teot\/","title":{"rendered":"Konkreettiset teot el\u00e4inten hyv\u00e4ksi"},"content":{"rendered":"<div class=\"wp-block-image\">\n<figure class=\"aligncenter size-full is-resized\"><img loading=\"lazy\" decoding=\"async\" src=\"https:\/\/sey.fi\/wp-content\/uploads\/sites\/51\/2023\/08\/sey-nuoret-vinjetti.png\" alt=\"Logo, jossa lukee: SEYn nuorten vapaaethoisten tekem\u00e4 sivusto nuorille\" class=\"wp-image-740\" width=\"200\" height=\"200\" srcset=\"https:\/\/sey.fi\/wp-content\/uploads\/sites\/51\/2023\/08\/sey-nuoret-vinjetti.png 500w, https:\/\/sey.fi\/wp-content\/uploads\/sites\/51\/2023\/08\/sey-nuoret-vinjetti-300x300.png 300w, https:\/\/sey.fi\/wp-content\/uploads\/sites\/51\/2023\/08\/sey-nuoret-vinjetti-150x150.png 150w, https:\/\/sey.fi\/wp-content\/uploads\/sites\/51\/2023\/08\/sey-nuoret-vinjetti-160x160.png 160w\" sizes=\"auto, (max-width: 200px) 100vw, 200px\" \/><\/figure><\/div>\n\n\n<p>Moni meist\u00e4 haluaa auttaa el\u00e4imi\u00e4, mutta ei v\u00e4ltt\u00e4m\u00e4tt\u00e4 tied\u00e4, miten voisi auttaa. T\u00e4lle sivustolle on koottu erilaisia tapoja toimia el\u00e4inten hyv\u00e4ksi.<\/p>\n\n\n\n<p>T\u00e4\u00e4lt\u00e4 l\u00f6yd\u00e4t ohjeet siihen, mit\u00e4 tehd\u00e4 kun kohtaat <a href=\"https:\/\/sey.fi\/nuoret\/konkreettiset-teot\/elaimet\/\">apua tarvitsevan el\u00e4imen<\/a> ja kuinka voit p\u00e4\u00e4st\u00e4 mukaan <a href=\"https:\/\/sey.fi\/nuoret\/elainsuojeluyhdistykset\/\">el\u00e4insuojeluyhdistyksen toimintaan<\/a>. Tutustu my\u00f6s <a href=\"https:\/\/sey.fi\/nuoret\/uutishaukka\/\">nuorille suunnattuun uutiskirjeeseen<\/a>.<\/p>\n","protected":false},"excerpt":{"rendered":"<p>Moni meist\u00e4 haluaa auttaa el\u00e4imi\u00e4, mutta ei v\u00e4ltt\u00e4m\u00e4tt\u00e4 tied\u00e4, miten voisi auttaa. T\u00e4lle sivustolle on koottu erilaisia tapoja toimia el\u00e4inten hyv\u00e4ksi. T\u00e4\u00e4lt\u00e4 l\u00f6yd\u00e4t ohjeet siihen, mit\u00e4 tehd\u00e4 kun kohtaat apua tarvitsevan el\u00e4imen ja kuinka voit p\u00e4\u00e4st\u00e4 mukaan el\u00e4insuojeluyhdistyksen toimintaan. Tutustu my\u00f6s nuorille suunnattuun uutiskirjeeseen.<\/p>\n","protected":false},"author":41,"featured_media":0,"parent":0,"menu_order":0,"comment_status":"closed","ping_status":"closed","template":"","meta":{"_acf_changed":false,"footnotes":""},"class_list":["post-256","page","type-page","status-publish","hentry"],"acf":[],"yoast_head":"<!-- This site is optimized with the Yoast SEO plugin v27.1.1 - https:\/\/yoast.com\/product\/yoast-seo-wordpress\/ -->\n<title>Konkreettiset teot el\u00e4inten hyv\u00e4ksi - Nuorten el\u00e4insuojelutoiminnan opas<\/title>\n<meta name=\"description\" content=\"Moni meist\u00e4 haluaa auttaa el\u00e4imi\u00e4, mutta ei v\u00e4ltt\u00e4m\u00e4tt\u00e4 tied\u00e4, miten voisi auttaa. T\u00e4\u00e4lt\u00e4 l\u00f6yd\u00e4t erilaisia tapoja toimia el\u00e4inten hyv\u00e4ksi.\" \/>\n<meta name=\"robots\" content=\"index, follow, max-snippet:-1, max-image-preview:large, max-video-preview:-1\" \/>\n<link rel=\"canonical\" href=\"https:\/\/sey.fi\/nuoret\/konkreettiset-teot\/\" \/>\n<meta property=\"og:locale\" content=\"fi_FI\" \/>\n<meta property=\"og:type\" content=\"article\" \/>\n<meta property=\"og:title\" content=\"Konkreettiset teot el\u00e4inten hyv\u00e4ksi - Nuorten el\u00e4insuojelutoiminnan opas\" \/>\n<meta property=\"og:description\" content=\"Moni meist\u00e4 haluaa auttaa el\u00e4imi\u00e4, mutta ei v\u00e4ltt\u00e4m\u00e4tt\u00e4 tied\u00e4, miten voisi auttaa. T\u00e4\u00e4lt\u00e4 l\u00f6yd\u00e4t erilaisia tapoja toimia el\u00e4inten hyv\u00e4ksi.\" \/>\n<meta property=\"og:url\" content=\"https:\/\/sey.fi\/nuoret\/konkreettiset-teot\/\" \/>\n<meta property=\"og:site_name\" content=\"Nuorten el\u00e4insuojelutoiminnan opas\" \/>\n<meta property=\"article:modified_time\" content=\"2023-08-16T12:13:14+00:00\" \/>\n<meta property=\"og:image\" content=\"https:\/\/sey.fi\/wp-content\/uploads\/sites\/51\/2023\/08\/sey-nuoret-vinjetti.png\" \/>\n<meta name=\"twitter:card\" content=\"summary_large_image\" \/>\n<meta name=\"twitter:label1\" content=\"Arvioitu lukuaika\" \/>\n\t<meta name=\"twitter:data1\" content=\"1 minuutti\" \/>\n<script type=\"application\/ld+json\" class=\"yoast-schema-graph\">{\"@context\":\"https:\/\/schema.org\",\"@graph\":[{\"@type\":\"WebPage\",\"@id\":\"https:\/\/sey.fi\/nuoret\/konkreettiset-teot\/\",\"url\":\"https:\/\/sey.fi\/nuoret\/konkreettiset-teot\/\",\"name\":\"Konkreettiset teot el\u00e4inten hyv\u00e4ksi - Nuorten el\u00e4insuojelutoiminnan opas\",\"isPartOf\":{\"@id\":\"https:\/\/sey.fi\/nuoret\/#website\"},\"primaryImageOfPage\":{\"@id\":\"https:\/\/sey.fi\/nuoret\/konkreettiset-teot\/#primaryimage\"},\"image\":{\"@id\":\"https:\/\/sey.fi\/nuoret\/konkreettiset-teot\/#primaryimage\"},\"thumbnailUrl\":\"https:\/\/sey.fi\/wp-content\/uploads\/sites\/51\/2023\/08\/sey-nuoret-vinjetti.png\",\"datePublished\":\"2023-03-23T15:17:23+00:00\",\"dateModified\":\"2023-08-16T12:13:14+00:00\",\"description\":\"Moni meist\u00e4 haluaa auttaa el\u00e4imi\u00e4, mutta ei v\u00e4ltt\u00e4m\u00e4tt\u00e4 tied\u00e4, miten voisi auttaa. T\u00e4\u00e4lt\u00e4 l\u00f6yd\u00e4t erilaisia tapoja toimia el\u00e4inten hyv\u00e4ksi.\",\"breadcrumb\":{\"@id\":\"https:\/\/sey.fi\/nuoret\/konkreettiset-teot\/#breadcrumb\"},\"inLanguage\":\"fi\",\"potentialAction\":[{\"@type\":\"ReadAction\",\"target\":[\"https:\/\/sey.fi\/nuoret\/konkreettiset-teot\/\"]}]},{\"@type\":\"ImageObject\",\"inLanguage\":\"fi\",\"@id\":\"https:\/\/sey.fi\/nuoret\/konkreettiset-teot\/#primaryimage\",\"url\":\"https:\/\/sey.fi\/wp-content\/uploads\/sites\/51\/2023\/08\/sey-nuoret-vinjetti.png\",\"contentUrl\":\"https:\/\/sey.fi\/wp-content\/uploads\/sites\/51\/2023\/08\/sey-nuoret-vinjetti.png\"},{\"@type\":\"BreadcrumbList\",\"@id\":\"https:\/\/sey.fi\/nuoret\/konkreettiset-teot\/#breadcrumb\",\"itemListElement\":[{\"@type\":\"ListItem\",\"position\":1,\"name\":\"Home\",\"item\":\"https:\/\/sey.fi\/nuoret\/\"},{\"@type\":\"ListItem\",\"position\":2,\"name\":\"Konkreettiset teot el\u00e4inten hyv\u00e4ksi\"}]},{\"@type\":\"WebSite\",\"@id\":\"https:\/\/sey.fi\/nuoret\/#website\",\"url\":\"https:\/\/sey.fi\/nuoret\/\",\"name\":\"Nuorten el\u00e4insuojelutoiminnan opas\",\"description\":\"SEY nuortet\",\"potentialAction\":[{\"@type\":\"SearchAction\",\"target\":{\"@type\":\"EntryPoint\",\"urlTemplate\":\"https:\/\/sey.fi\/nuoret\/?s={search_term_string}\"},\"query-input\":{\"@type\":\"PropertyValueSpecification\",\"valueRequired\":true,\"valueName\":\"search_term_string\"}}],\"inLanguage\":\"fi\"}]}<\/script>\n<!-- \/ Yoast SEO plugin. -->","yoast_head_json":{"title":"Konkreettiset teot el\u00e4inten hyv\u00e4ksi - Nuorten el\u00e4insuojelutoiminnan opas","description":"Moni meist\u00e4 haluaa auttaa el\u00e4imi\u00e4, mutta ei v\u00e4ltt\u00e4m\u00e4tt\u00e4 tied\u00e4, miten voisi auttaa. T\u00e4\u00e4lt\u00e4 l\u00f6yd\u00e4t erilaisia tapoja toimia el\u00e4inten hyv\u00e4ksi.","robots":{"index":"index","follow":"follow","max-snippet":"max-snippet:-1","max-image-preview":"max-image-preview:large","max-video-preview":"max-video-preview:-1"},"canonical":"https:\/\/sey.fi\/nuoret\/konkreettiset-teot\/","og_locale":"fi_FI","og_type":"article","og_title":"Konkreettiset teot el\u00e4inten hyv\u00e4ksi - Nuorten el\u00e4insuojelutoiminnan opas","og_description":"Moni meist\u00e4 haluaa auttaa el\u00e4imi\u00e4, mutta ei v\u00e4ltt\u00e4m\u00e4tt\u00e4 tied\u00e4, miten voisi auttaa. T\u00e4\u00e4lt\u00e4 l\u00f6yd\u00e4t erilaisia tapoja toimia el\u00e4inten hyv\u00e4ksi.","og_url":"https:\/\/sey.fi\/nuoret\/konkreettiset-teot\/","og_site_name":"Nuorten el\u00e4insuojelutoiminnan opas","article_modified_time":"2023-08-16T12:13:14+00:00","og_image":[{"url":"https:\/\/sey.fi\/wp-content\/uploads\/sites\/51\/2023\/08\/sey-nuoret-vinjetti.png","type":"","width":"","height":""}],"twitter_card":"summary_large_image","twitter_misc":{"Arvioitu lukuaika":"1 minuutti"},"schema":{"@context":"https:\/\/schema.org","@graph":[{"@type":"WebPage","@id":"https:\/\/sey.fi\/nuoret\/konkreettiset-teot\/","url":"https:\/\/sey.fi\/nuoret\/konkreettiset-teot\/","name":"Konkreettiset teot el\u00e4inten hyv\u00e4ksi - Nuorten el\u00e4insuojelutoiminnan opas","isPartOf":{"@id":"https:\/\/sey.fi\/nuoret\/#website"},"primaryImageOfPage":{"@id":"https:\/\/sey.fi\/nuoret\/konkreettiset-teot\/#primaryimage"},"image":{"@id":"https:\/\/sey.fi\/nuoret\/konkreettiset-teot\/#primaryimage"},"thumbnailUrl":"https:\/\/sey.fi\/wp-content\/uploads\/sites\/51\/2023\/08\/sey-nuoret-vinjetti.png","datePublished":"2023-03-23T15:17:23+00:00","dateModified":"2023-08-16T12:13:14+00:00","description":"Moni meist\u00e4 haluaa auttaa el\u00e4imi\u00e4, mutta ei v\u00e4ltt\u00e4m\u00e4tt\u00e4 tied\u00e4, miten voisi auttaa. T\u00e4\u00e4lt\u00e4 l\u00f6yd\u00e4t erilaisia tapoja toimia el\u00e4inten hyv\u00e4ksi.","breadcrumb":{"@id":"https:\/\/sey.fi\/nuoret\/konkreettiset-teot\/#breadcrumb"},"inLanguage":"fi","potentialAction":[{"@type":"ReadAction","target":["https:\/\/sey.fi\/nuoret\/konkreettiset-teot\/"]}]},{"@type":"ImageObject","inLanguage":"fi","@id":"https:\/\/sey.fi\/nuoret\/konkreettiset-teot\/#primaryimage","url":"https:\/\/sey.fi\/wp-content\/uploads\/sites\/51\/2023\/08\/sey-nuoret-vinjetti.png","contentUrl":"https:\/\/sey.fi\/wp-content\/uploads\/sites\/51\/2023\/08\/sey-nuoret-vinjetti.png"},{"@type":"BreadcrumbList","@id":"https:\/\/sey.fi\/nuoret\/konkreettiset-teot\/#breadcrumb","itemListElement":[{"@type":"ListItem","position":1,"name":"Home","item":"https:\/\/sey.fi\/nuoret\/"},{"@type":"ListItem","position":2,"name":"Konkreettiset teot el\u00e4inten hyv\u00e4ksi"}]},{"@type":"WebSite","@id":"https:\/\/sey.fi\/nuoret\/#website","url":"https:\/\/sey.fi\/nuoret\/","name":"Nuorten el\u00e4insuojelutoiminnan opas","description":"SEY nuortet","potentialAction":[{"@type":"SearchAction","target":{"@type":"EntryPoint","urlTemplate":"https:\/\/sey.fi\/nuoret\/?s={search_term_string}"},"query-input":{"@type":"PropertyValueSpecification","valueRequired":true,"valueName":"search_term_string"}}],"inLanguage":"fi"}]}},"_links":{"self":[{"href":"https:\/\/sey.fi\/nuoret\/wp-json\/wp\/v2\/pages\/256","targetHints":{"allow":["GET"]}}],"collection":[{"href":"https:\/\/sey.fi\/nuoret\/wp-json\/wp\/v2\/pages"}],"about":[{"href":"https:\/\/sey.fi\/nuoret\/wp-json\/wp\/v2\/types\/page"}],"author":[{"embeddable":true,"href":"https:\/\/sey.fi\/nuoret\/wp-json\/wp\/v2\/users\/41"}],"replies":[{"embeddable":true,"href":"https:\/\/sey.fi\/nuoret\/wp-json\/wp\/v2\/comments?post=256"}],"version-history":[{"count":13,"href":"https:\/\/sey.fi\/nuoret\/wp-json\/wp\/v2\/pages\/256\/revisions"}],"predecessor-version":[{"id":802,"href":"https:\/\/sey.fi\/nuoret\/wp-json\/wp\/v2\/pages\/256\/revisions\/802"}],"wp:attachment":[{"href":"https:\/\/sey.fi\/nuoret\/wp-json\/wp\/v2\/media?parent=256"}],"curies":[{"name":"wp","href":"https:\/\/api.w.org\/{rel}","templated":true}]}}