{"id":260,"date":"2023-03-23T17:19:04","date_gmt":"2023-03-23T15:19:04","guid":{"rendered":"https:\/\/sey.fi\/nuoret\/?page_id=260"},"modified":"2023-08-21T10:27:30","modified_gmt":"2023-08-21T07:27:30","slug":"elaimet","status":"publish","type":"page","link":"https:\/\/sey.fi\/nuoret\/konkreettiset-teot\/elaimet\/","title":{"rendered":"Apua tarvitseva el\u00e4in"},"content":{"rendered":"<div class=\"wp-block-image\">\n<figure class=\"aligncenter size-full is-resized\"><img loading=\"lazy\" decoding=\"async\" src=\"https:\/\/sey.fi\/wp-content\/uploads\/sites\/51\/2023\/08\/sey-nuoret-vinjetti.png\" alt=\"Logo, jossa lukee: SEYn nuorten vapaaethoisten tekem\u00e4 sivusto nuorille\" class=\"wp-image-740\" width=\"200\" height=\"200\" srcset=\"https:\/\/sey.fi\/wp-content\/uploads\/sites\/51\/2023\/08\/sey-nuoret-vinjetti.png 500w, https:\/\/sey.fi\/wp-content\/uploads\/sites\/51\/2023\/08\/sey-nuoret-vinjetti-300x300.png 300w, https:\/\/sey.fi\/wp-content\/uploads\/sites\/51\/2023\/08\/sey-nuoret-vinjetti-150x150.png 150w, https:\/\/sey.fi\/wp-content\/uploads\/sites\/51\/2023\/08\/sey-nuoret-vinjetti-160x160.png 160w\" sizes=\"auto, (max-width: 200px) 100vw, 200px\" \/><\/figure><\/div>\n\n\n<p class=\"has-text-align-center\">Alla toimintaohjeita, jos kohtaat apua tarvitsevan el\u00e4imen.&nbsp;<\/p>\n\n\n\n<figure class=\"wp-block-image size-large\"><img loading=\"lazy\" decoding=\"async\" width=\"724\" height=\"1024\" src=\"https:\/\/sey.fi\/wp-content\/uploads\/sites\/51\/2023\/08\/Toimi-nain-kun-elain-on-hadassa-905x1280-1-724x1024.png\" alt=\"\" class=\"wp-image-830\" srcset=\"https:\/\/sey.fi\/wp-content\/uploads\/sites\/51\/2023\/08\/Toimi-nain-kun-elain-on-hadassa-905x1280-1-724x1024.png 724w, https:\/\/sey.fi\/wp-content\/uploads\/sites\/51\/2023\/08\/Toimi-nain-kun-elain-on-hadassa-905x1280-1-212x300.png 212w, https:\/\/sey.fi\/wp-content\/uploads\/sites\/51\/2023\/08\/Toimi-nain-kun-elain-on-hadassa-905x1280-1-768x1086.png 768w, https:\/\/sey.fi\/wp-content\/uploads\/sites\/51\/2023\/08\/Toimi-nain-kun-elain-on-hadassa-905x1280-1.png 905w\" sizes=\"auto, (max-width: 724px) 100vw, 724px\" \/><\/figure>\n\n\n\n<p><\/p>\n\n\n\n<p><\/p>\n","protected":false},"excerpt":{"rendered":"<p>Alla toimintaohjeita, jos kohtaat apua tarvitsevan el\u00e4imen.&nbsp;<\/p>\n","protected":false},"author":41,"featured_media":0,"parent":256,"menu_order":0,"comment_status":"closed","ping_status":"closed","template":"","meta":{"_acf_changed":false,"footnotes":""},"class_list":["post-260","page","type-page","status-publish","hentry"],"acf":[],"yoast_head":"<!-- This site is optimized with the Yoast SEO plugin v27.1.1 - https:\/\/yoast.com\/product\/yoast-seo-wordpress\/ -->\n<title>Apua tarvitseva el\u00e4in - Nuorten el\u00e4insuojelutoiminnan opas<\/title>\n<meta name=\"description\" content=\"Sivulta l\u00f6ytyy toimintaohjeita jos kohtaat apua tarvitsevaan lemmikki-, villi- tai tuotantoel\u00e4imen.\" \/>\n<meta name=\"robots\" content=\"index, follow, max-snippet:-1, max-image-preview:large, max-video-preview:-1\" \/>\n<link rel=\"canonical\" href=\"https:\/\/sey.fi\/nuoret\/konkreettiset-teot\/elaimet\/\" \/>\n<meta property=\"og:locale\" content=\"fi_FI\" \/>\n<meta property=\"og:type\" content=\"article\" \/>\n<meta property=\"og:title\" content=\"Apua tarvitseva el\u00e4in - Nuorten el\u00e4insuojelutoiminnan opas\" \/>\n<meta property=\"og:description\" content=\"Sivulta l\u00f6ytyy toimintaohjeita jos kohtaat apua tarvitsevaan lemmikki-, villi- tai tuotantoel\u00e4imen.\" \/>\n<meta property=\"og:url\" content=\"https:\/\/sey.fi\/nuoret\/konkreettiset-teot\/elaimet\/\" \/>\n<meta property=\"og:site_name\" content=\"Nuorten el\u00e4insuojelutoiminnan opas\" \/>\n<meta property=\"article:modified_time\" content=\"2023-08-21T07:27:30+00:00\" \/>\n<meta property=\"og:image\" content=\"https:\/\/sey.fi\/wp-content\/uploads\/sites\/51\/2023\/08\/sey-nuoret-vinjetti.png\" \/>\n<meta name=\"twitter:card\" content=\"summary_large_image\" \/>\n<meta name=\"twitter:label1\" content=\"Arvioitu lukuaika\" \/>\n\t<meta name=\"twitter:data1\" content=\"1 minuutti\" \/>\n<script type=\"application\/ld+json\" class=\"yoast-schema-graph\">{\"@context\":\"https:\/\/schema.org\",\"@graph\":[{\"@type\":\"WebPage\",\"@id\":\"https:\/\/sey.fi\/nuoret\/konkreettiset-teot\/elaimet\/\",\"url\":\"https:\/\/sey.fi\/nuoret\/konkreettiset-teot\/elaimet\/\",\"name\":\"Apua tarvitseva el\u00e4in - Nuorten el\u00e4insuojelutoiminnan opas\",\"isPartOf\":{\"@id\":\"https:\/\/sey.fi\/nuoret\/#website\"},\"primaryImageOfPage\":{\"@id\":\"https:\/\/sey.fi\/nuoret\/konkreettiset-teot\/elaimet\/#primaryimage\"},\"image\":{\"@id\":\"https:\/\/sey.fi\/nuoret\/konkreettiset-teot\/elaimet\/#primaryimage\"},\"thumbnailUrl\":\"https:\/\/sey.fi\/wp-content\/uploads\/sites\/51\/2023\/08\/sey-nuoret-vinjetti.png\",\"datePublished\":\"2023-03-23T15:19:04+00:00\",\"dateModified\":\"2023-08-21T07:27:30+00:00\",\"description\":\"Sivulta l\u00f6ytyy toimintaohjeita jos kohtaat apua tarvitsevaan lemmikki-, villi- tai tuotantoel\u00e4imen.\",\"breadcrumb\":{\"@id\":\"https:\/\/sey.fi\/nuoret\/konkreettiset-teot\/elaimet\/#breadcrumb\"},\"inLanguage\":\"fi\",\"potentialAction\":[{\"@type\":\"ReadAction\",\"target\":[\"https:\/\/sey.fi\/nuoret\/konkreettiset-teot\/elaimet\/\"]}]},{\"@type\":\"ImageObject\",\"inLanguage\":\"fi\",\"@id\":\"https:\/\/sey.fi\/nuoret\/konkreettiset-teot\/elaimet\/#primaryimage\",\"url\":\"https:\/\/sey.fi\/wp-content\/uploads\/sites\/51\/2023\/08\/sey-nuoret-vinjetti.png\",\"contentUrl\":\"https:\/\/sey.fi\/wp-content\/uploads\/sites\/51\/2023\/08\/sey-nuoret-vinjetti.png\"},{\"@type\":\"BreadcrumbList\",\"@id\":\"https:\/\/sey.fi\/nuoret\/konkreettiset-teot\/elaimet\/#breadcrumb\",\"itemListElement\":[{\"@type\":\"ListItem\",\"position\":1,\"name\":\"Home\",\"item\":\"https:\/\/sey.fi\/nuoret\/\"},{\"@type\":\"ListItem\",\"position\":2,\"name\":\"Konkreettiset teot el\u00e4inten hyv\u00e4ksi\",\"item\":\"https:\/\/sey.fi\/nuoret\/konkreettiset-teot\/\"},{\"@type\":\"ListItem\",\"position\":3,\"name\":\"Apua tarvitseva el\u00e4in\"}]},{\"@type\":\"WebSite\",\"@id\":\"https:\/\/sey.fi\/nuoret\/#website\",\"url\":\"https:\/\/sey.fi\/nuoret\/\",\"name\":\"Nuorten el\u00e4insuojelutoiminnan opas\",\"description\":\"SEY nuortet\",\"potentialAction\":[{\"@type\":\"SearchAction\",\"target\":{\"@type\":\"EntryPoint\",\"urlTemplate\":\"https:\/\/sey.fi\/nuoret\/?s={search_term_string}\"},\"query-input\":{\"@type\":\"PropertyValueSpecification\",\"valueRequired\":true,\"valueName\":\"search_term_string\"}}],\"inLanguage\":\"fi\"}]}<\/script>\n<!-- \/ Yoast SEO plugin. -->","yoast_head_json":{"title":"Apua tarvitseva el\u00e4in - Nuorten el\u00e4insuojelutoiminnan opas","description":"Sivulta l\u00f6ytyy toimintaohjeita jos kohtaat apua tarvitsevaan lemmikki-, villi- tai tuotantoel\u00e4imen.","robots":{"index":"index","follow":"follow","max-snippet":"max-snippet:-1","max-image-preview":"max-image-preview:large","max-video-preview":"max-video-preview:-1"},"canonical":"https:\/\/sey.fi\/nuoret\/konkreettiset-teot\/elaimet\/","og_locale":"fi_FI","og_type":"article","og_title":"Apua tarvitseva el\u00e4in - Nuorten el\u00e4insuojelutoiminnan opas","og_description":"Sivulta l\u00f6ytyy toimintaohjeita jos kohtaat apua tarvitsevaan lemmikki-, villi- tai tuotantoel\u00e4imen.","og_url":"https:\/\/sey.fi\/nuoret\/konkreettiset-teot\/elaimet\/","og_site_name":"Nuorten el\u00e4insuojelutoiminnan opas","article_modified_time":"2023-08-21T07:27:30+00:00","og_image":[{"url":"https:\/\/sey.fi\/wp-content\/uploads\/sites\/51\/2023\/08\/sey-nuoret-vinjetti.png","type":"","width":"","height":""}],"twitter_card":"summary_large_image","twitter_misc":{"Arvioitu lukuaika":"1 minuutti"},"schema":{"@context":"https:\/\/schema.org","@graph":[{"@type":"WebPage","@id":"https:\/\/sey.fi\/nuoret\/konkreettiset-teot\/elaimet\/","url":"https:\/\/sey.fi\/nuoret\/konkreettiset-teot\/elaimet\/","name":"Apua tarvitseva el\u00e4in - Nuorten el\u00e4insuojelutoiminnan opas","isPartOf":{"@id":"https:\/\/sey.fi\/nuoret\/#website"},"primaryImageOfPage":{"@id":"https:\/\/sey.fi\/nuoret\/konkreettiset-teot\/elaimet\/#primaryimage"},"image":{"@id":"https:\/\/sey.fi\/nuoret\/konkreettiset-teot\/elaimet\/#primaryimage"},"thumbnailUrl":"https:\/\/sey.fi\/wp-content\/uploads\/sites\/51\/2023\/08\/sey-nuoret-vinjetti.png","datePublished":"2023-03-23T15:19:04+00:00","dateModified":"2023-08-21T07:27:30+00:00","description":"Sivulta l\u00f6ytyy toimintaohjeita jos kohtaat apua tarvitsevaan lemmikki-, villi- tai tuotantoel\u00e4imen.","breadcrumb":{"@id":"https:\/\/sey.fi\/nuoret\/konkreettiset-teot\/elaimet\/#breadcrumb"},"inLanguage":"fi","potentialAction":[{"@type":"ReadAction","target":["https:\/\/sey.fi\/nuoret\/konkreettiset-teot\/elaimet\/"]}]},{"@type":"ImageObject","inLanguage":"fi","@id":"https:\/\/sey.fi\/nuoret\/konkreettiset-teot\/elaimet\/#primaryimage","url":"https:\/\/sey.fi\/wp-content\/uploads\/sites\/51\/2023\/08\/sey-nuoret-vinjetti.png","contentUrl":"https:\/\/sey.fi\/wp-content\/uploads\/sites\/51\/2023\/08\/sey-nuoret-vinjetti.png"},{"@type":"BreadcrumbList","@id":"https:\/\/sey.fi\/nuoret\/konkreettiset-teot\/elaimet\/#breadcrumb","itemListElement":[{"@type":"ListItem","position":1,"name":"Home","item":"https:\/\/sey.fi\/nuoret\/"},{"@type":"ListItem","position":2,"name":"Konkreettiset teot el\u00e4inten hyv\u00e4ksi","item":"https:\/\/sey.fi\/nuoret\/konkreettiset-teot\/"},{"@type":"ListItem","position":3,"name":"Apua tarvitseva el\u00e4in"}]},{"@type":"WebSite","@id":"https:\/\/sey.fi\/nuoret\/#website","url":"https:\/\/sey.fi\/nuoret\/","name":"Nuorten el\u00e4insuojelutoiminnan opas","description":"SEY nuortet","potentialAction":[{"@type":"SearchAction","target":{"@type":"EntryPoint","urlTemplate":"https:\/\/sey.fi\/nuoret\/?s={search_term_string}"},"query-input":{"@type":"PropertyValueSpecification","valueRequired":true,"valueName":"search_term_string"}}],"inLanguage":"fi"}]}},"_links":{"self":[{"href":"https:\/\/sey.fi\/nuoret\/wp-json\/wp\/v2\/pages\/260","targetHints":{"allow":["GET"]}}],"collection":[{"href":"https:\/\/sey.fi\/nuoret\/wp-json\/wp\/v2\/pages"}],"about":[{"href":"https:\/\/sey.fi\/nuoret\/wp-json\/wp\/v2\/types\/page"}],"author":[{"embeddable":true,"href":"https:\/\/sey.fi\/nuoret\/wp-json\/wp\/v2\/users\/41"}],"replies":[{"embeddable":true,"href":"https:\/\/sey.fi\/nuoret\/wp-json\/wp\/v2\/comments?post=260"}],"version-history":[{"count":13,"href":"https:\/\/sey.fi\/nuoret\/wp-json\/wp\/v2\/pages\/260\/revisions"}],"predecessor-version":[{"id":832,"href":"https:\/\/sey.fi\/nuoret\/wp-json\/wp\/v2\/pages\/260\/revisions\/832"}],"up":[{"embeddable":true,"href":"https:\/\/sey.fi\/nuoret\/wp-json\/wp\/v2\/pages\/256"}],"wp:attachment":[{"href":"https:\/\/sey.fi\/nuoret\/wp-json\/wp\/v2\/media?parent=260"}],"curies":[{"name":"wp","href":"https:\/\/api.w.org\/{rel}","templated":true}]}}