{"id":268,"date":"2023-04-06T10:07:47","date_gmt":"2023-04-06T07:07:47","guid":{"rendered":"https:\/\/sey.fi\/nuoret\/?page_id=268"},"modified":"2023-08-16T13:25:56","modified_gmt":"2023-08-16T10:25:56","slug":"henkilokohtaiset-valinnat","status":"publish","type":"page","link":"https:\/\/sey.fi\/nuoret\/henkilokohtaiset-valinnat\/","title":{"rendered":"Henkil\u00f6kohtaiset valinnat"},"content":{"rendered":"<div class=\"wp-block-image\">\n<figure class=\"aligncenter size-full is-resized\"><img loading=\"lazy\" decoding=\"async\" src=\"https:\/\/sey.fi\/wp-content\/uploads\/sites\/51\/2023\/08\/sey-nuoret-vinjetti.png\" alt=\"Logo, jossa lukee: SEYn nuorten vapaaethoisten tekem\u00e4 sivusto nuorille\" class=\"wp-image-740\" width=\"200\" height=\"200\" srcset=\"https:\/\/sey.fi\/wp-content\/uploads\/sites\/51\/2023\/08\/sey-nuoret-vinjetti.png 500w, https:\/\/sey.fi\/wp-content\/uploads\/sites\/51\/2023\/08\/sey-nuoret-vinjetti-300x300.png 300w, https:\/\/sey.fi\/wp-content\/uploads\/sites\/51\/2023\/08\/sey-nuoret-vinjetti-150x150.png 150w, https:\/\/sey.fi\/wp-content\/uploads\/sites\/51\/2023\/08\/sey-nuoret-vinjetti-160x160.png 160w\" sizes=\"auto, (max-width: 200px) 100vw, 200px\" \/><\/figure><\/div>\n\n\n<p>Arkip\u00e4iv\u00e4isill\u00e4 valinnoillamme on vaikutusta el\u00e4inten hyvinvointiin. T\u00e4lt\u00e4 sivustolta l\u00f6yd\u00e4t tietoa siit\u00e4, millainen vaikutus ihmisten <a href=\"https:\/\/sey.fi\/nuoret\/elainystavallinen-ruokavalio\/\">ruokavaliolla<\/a> on el\u00e4inten el\u00e4m\u00e4\u00e4n ja miten valita<a href=\"https:\/\/sey.fi\/nuoret\/elainystavallinen-kosmetiikka\/\"> el\u00e4inyst\u00e4v\u00e4llist\u00e4 kosmetiikkaa<\/a>.<\/p>\n\n\n\n<p><\/p>\n","protected":false},"excerpt":{"rendered":"<p>Arkip\u00e4iv\u00e4isill\u00e4 valinnoillamme on vaikutusta el\u00e4inten hyvinvointiin. T\u00e4lt\u00e4 sivustolta l\u00f6yd\u00e4t tietoa siit\u00e4, millainen vaikutus ihmisten ruokavaliolla on el\u00e4inten el\u00e4m\u00e4\u00e4n ja miten valita el\u00e4inyst\u00e4v\u00e4llist\u00e4 kosmetiikkaa.<\/p>\n","protected":false},"author":60,"featured_media":0,"parent":0,"menu_order":0,"comment_status":"closed","ping_status":"closed","template":"","meta":{"_acf_changed":false,"footnotes":""},"class_list":["post-268","page","type-page","status-publish","hentry"],"acf":[],"yoast_head":"<!-- This site is optimized with the Yoast SEO plugin v27.1.1 - https:\/\/yoast.com\/product\/yoast-seo-wordpress\/ -->\n<title>Henkil\u00f6kohtaiset valinnat - Nuorten el\u00e4insuojelutoiminnan opas<\/title>\n<meta name=\"description\" content=\"Arkip\u00e4iv\u00e4isill\u00e4 valinnoillamme on vaikutusta el\u00e4inten hyvinvointiin. Esimerkiksi ruokavaliolla tai kosmetiikkaostoksilla on merkityst\u00e4.\" \/>\n<meta name=\"robots\" content=\"index, follow, max-snippet:-1, max-image-preview:large, max-video-preview:-1\" \/>\n<link rel=\"canonical\" href=\"https:\/\/sey.fi\/nuoret\/henkilokohtaiset-valinnat\/\" \/>\n<meta property=\"og:locale\" content=\"fi_FI\" \/>\n<meta property=\"og:type\" content=\"article\" \/>\n<meta property=\"og:title\" content=\"Henkil\u00f6kohtaiset valinnat - Nuorten el\u00e4insuojelutoiminnan opas\" \/>\n<meta property=\"og:description\" content=\"Arkip\u00e4iv\u00e4isill\u00e4 valinnoillamme on vaikutusta el\u00e4inten hyvinvointiin. Esimerkiksi ruokavaliolla tai kosmetiikkaostoksilla on merkityst\u00e4.\" \/>\n<meta property=\"og:url\" content=\"https:\/\/sey.fi\/nuoret\/henkilokohtaiset-valinnat\/\" \/>\n<meta property=\"og:site_name\" content=\"Nuorten el\u00e4insuojelutoiminnan opas\" \/>\n<meta property=\"article:modified_time\" content=\"2023-08-16T10:25:56+00:00\" \/>\n<meta property=\"og:image\" content=\"https:\/\/sey.fi\/wp-content\/uploads\/sites\/51\/2023\/08\/sey-nuoret-vinjetti.png\" \/>\n<meta name=\"twitter:card\" content=\"summary_large_image\" \/>\n<meta name=\"twitter:label1\" content=\"Arvioitu lukuaika\" \/>\n\t<meta name=\"twitter:data1\" content=\"1 minuutti\" \/>\n<script type=\"application\/ld+json\" class=\"yoast-schema-graph\">{\"@context\":\"https:\/\/schema.org\",\"@graph\":[{\"@type\":\"WebPage\",\"@id\":\"https:\/\/sey.fi\/nuoret\/henkilokohtaiset-valinnat\/\",\"url\":\"https:\/\/sey.fi\/nuoret\/henkilokohtaiset-valinnat\/\",\"name\":\"Henkil\u00f6kohtaiset valinnat - Nuorten el\u00e4insuojelutoiminnan opas\",\"isPartOf\":{\"@id\":\"https:\/\/sey.fi\/nuoret\/#website\"},\"primaryImageOfPage\":{\"@id\":\"https:\/\/sey.fi\/nuoret\/henkilokohtaiset-valinnat\/#primaryimage\"},\"image\":{\"@id\":\"https:\/\/sey.fi\/nuoret\/henkilokohtaiset-valinnat\/#primaryimage\"},\"thumbnailUrl\":\"https:\/\/sey.fi\/wp-content\/uploads\/sites\/51\/2023\/08\/sey-nuoret-vinjetti.png\",\"datePublished\":\"2023-04-06T07:07:47+00:00\",\"dateModified\":\"2023-08-16T10:25:56+00:00\",\"description\":\"Arkip\u00e4iv\u00e4isill\u00e4 valinnoillamme on vaikutusta el\u00e4inten hyvinvointiin. Esimerkiksi ruokavaliolla tai kosmetiikkaostoksilla on merkityst\u00e4.\",\"breadcrumb\":{\"@id\":\"https:\/\/sey.fi\/nuoret\/henkilokohtaiset-valinnat\/#breadcrumb\"},\"inLanguage\":\"fi\",\"potentialAction\":[{\"@type\":\"ReadAction\",\"target\":[\"https:\/\/sey.fi\/nuoret\/henkilokohtaiset-valinnat\/\"]}]},{\"@type\":\"ImageObject\",\"inLanguage\":\"fi\",\"@id\":\"https:\/\/sey.fi\/nuoret\/henkilokohtaiset-valinnat\/#primaryimage\",\"url\":\"https:\/\/sey.fi\/wp-content\/uploads\/sites\/51\/2023\/08\/sey-nuoret-vinjetti.png\",\"contentUrl\":\"https:\/\/sey.fi\/wp-content\/uploads\/sites\/51\/2023\/08\/sey-nuoret-vinjetti.png\"},{\"@type\":\"BreadcrumbList\",\"@id\":\"https:\/\/sey.fi\/nuoret\/henkilokohtaiset-valinnat\/#breadcrumb\",\"itemListElement\":[{\"@type\":\"ListItem\",\"position\":1,\"name\":\"Home\",\"item\":\"https:\/\/sey.fi\/nuoret\/\"},{\"@type\":\"ListItem\",\"position\":2,\"name\":\"Henkil\u00f6kohtaiset valinnat\"}]},{\"@type\":\"WebSite\",\"@id\":\"https:\/\/sey.fi\/nuoret\/#website\",\"url\":\"https:\/\/sey.fi\/nuoret\/\",\"name\":\"Nuorten el\u00e4insuojelutoiminnan opas\",\"description\":\"SEY nuortet\",\"potentialAction\":[{\"@type\":\"SearchAction\",\"target\":{\"@type\":\"EntryPoint\",\"urlTemplate\":\"https:\/\/sey.fi\/nuoret\/?s={search_term_string}\"},\"query-input\":{\"@type\":\"PropertyValueSpecification\",\"valueRequired\":true,\"valueName\":\"search_term_string\"}}],\"inLanguage\":\"fi\"}]}<\/script>\n<!-- \/ Yoast SEO plugin. -->","yoast_head_json":{"title":"Henkil\u00f6kohtaiset valinnat - Nuorten el\u00e4insuojelutoiminnan opas","description":"Arkip\u00e4iv\u00e4isill\u00e4 valinnoillamme on vaikutusta el\u00e4inten hyvinvointiin. Esimerkiksi ruokavaliolla tai kosmetiikkaostoksilla on merkityst\u00e4.","robots":{"index":"index","follow":"follow","max-snippet":"max-snippet:-1","max-image-preview":"max-image-preview:large","max-video-preview":"max-video-preview:-1"},"canonical":"https:\/\/sey.fi\/nuoret\/henkilokohtaiset-valinnat\/","og_locale":"fi_FI","og_type":"article","og_title":"Henkil\u00f6kohtaiset valinnat - Nuorten el\u00e4insuojelutoiminnan opas","og_description":"Arkip\u00e4iv\u00e4isill\u00e4 valinnoillamme on vaikutusta el\u00e4inten hyvinvointiin. Esimerkiksi ruokavaliolla tai kosmetiikkaostoksilla on merkityst\u00e4.","og_url":"https:\/\/sey.fi\/nuoret\/henkilokohtaiset-valinnat\/","og_site_name":"Nuorten el\u00e4insuojelutoiminnan opas","article_modified_time":"2023-08-16T10:25:56+00:00","og_image":[{"url":"https:\/\/sey.fi\/wp-content\/uploads\/sites\/51\/2023\/08\/sey-nuoret-vinjetti.png","type":"","width":"","height":""}],"twitter_card":"summary_large_image","twitter_misc":{"Arvioitu lukuaika":"1 minuutti"},"schema":{"@context":"https:\/\/schema.org","@graph":[{"@type":"WebPage","@id":"https:\/\/sey.fi\/nuoret\/henkilokohtaiset-valinnat\/","url":"https:\/\/sey.fi\/nuoret\/henkilokohtaiset-valinnat\/","name":"Henkil\u00f6kohtaiset valinnat - Nuorten el\u00e4insuojelutoiminnan opas","isPartOf":{"@id":"https:\/\/sey.fi\/nuoret\/#website"},"primaryImageOfPage":{"@id":"https:\/\/sey.fi\/nuoret\/henkilokohtaiset-valinnat\/#primaryimage"},"image":{"@id":"https:\/\/sey.fi\/nuoret\/henkilokohtaiset-valinnat\/#primaryimage"},"thumbnailUrl":"https:\/\/sey.fi\/wp-content\/uploads\/sites\/51\/2023\/08\/sey-nuoret-vinjetti.png","datePublished":"2023-04-06T07:07:47+00:00","dateModified":"2023-08-16T10:25:56+00:00","description":"Arkip\u00e4iv\u00e4isill\u00e4 valinnoillamme on vaikutusta el\u00e4inten hyvinvointiin. Esimerkiksi ruokavaliolla tai kosmetiikkaostoksilla on merkityst\u00e4.","breadcrumb":{"@id":"https:\/\/sey.fi\/nuoret\/henkilokohtaiset-valinnat\/#breadcrumb"},"inLanguage":"fi","potentialAction":[{"@type":"ReadAction","target":["https:\/\/sey.fi\/nuoret\/henkilokohtaiset-valinnat\/"]}]},{"@type":"ImageObject","inLanguage":"fi","@id":"https:\/\/sey.fi\/nuoret\/henkilokohtaiset-valinnat\/#primaryimage","url":"https:\/\/sey.fi\/wp-content\/uploads\/sites\/51\/2023\/08\/sey-nuoret-vinjetti.png","contentUrl":"https:\/\/sey.fi\/wp-content\/uploads\/sites\/51\/2023\/08\/sey-nuoret-vinjetti.png"},{"@type":"BreadcrumbList","@id":"https:\/\/sey.fi\/nuoret\/henkilokohtaiset-valinnat\/#breadcrumb","itemListElement":[{"@type":"ListItem","position":1,"name":"Home","item":"https:\/\/sey.fi\/nuoret\/"},{"@type":"ListItem","position":2,"name":"Henkil\u00f6kohtaiset valinnat"}]},{"@type":"WebSite","@id":"https:\/\/sey.fi\/nuoret\/#website","url":"https:\/\/sey.fi\/nuoret\/","name":"Nuorten el\u00e4insuojelutoiminnan opas","description":"SEY nuortet","potentialAction":[{"@type":"SearchAction","target":{"@type":"EntryPoint","urlTemplate":"https:\/\/sey.fi\/nuoret\/?s={search_term_string}"},"query-input":{"@type":"PropertyValueSpecification","valueRequired":true,"valueName":"search_term_string"}}],"inLanguage":"fi"}]}},"_links":{"self":[{"href":"https:\/\/sey.fi\/nuoret\/wp-json\/wp\/v2\/pages\/268","targetHints":{"allow":["GET"]}}],"collection":[{"href":"https:\/\/sey.fi\/nuoret\/wp-json\/wp\/v2\/pages"}],"about":[{"href":"https:\/\/sey.fi\/nuoret\/wp-json\/wp\/v2\/types\/page"}],"author":[{"embeddable":true,"href":"https:\/\/sey.fi\/nuoret\/wp-json\/wp\/v2\/users\/60"}],"replies":[{"embeddable":true,"href":"https:\/\/sey.fi\/nuoret\/wp-json\/wp\/v2\/comments?post=268"}],"version-history":[{"count":5,"href":"https:\/\/sey.fi\/nuoret\/wp-json\/wp\/v2\/pages\/268\/revisions"}],"predecessor-version":[{"id":774,"href":"https:\/\/sey.fi\/nuoret\/wp-json\/wp\/v2\/pages\/268\/revisions\/774"}],"wp:attachment":[{"href":"https:\/\/sey.fi\/nuoret\/wp-json\/wp\/v2\/media?parent=268"}],"curies":[{"name":"wp","href":"https:\/\/api.w.org\/{rel}","templated":true}]}}