{"id":273,"date":"2023-04-06T10:11:29","date_gmt":"2023-04-06T07:11:29","guid":{"rendered":"https:\/\/sey.fi\/nuoret\/?page_id=273"},"modified":"2023-08-16T15:02:57","modified_gmt":"2023-08-16T12:02:57","slug":"suositukset-ja-vinkit","status":"publish","type":"page","link":"https:\/\/sey.fi\/nuoret\/suositukset-ja-vinkit\/","title":{"rendered":"Suosituksia ja vinkkej\u00e4"},"content":{"rendered":"<div class=\"wp-block-image\">\n<figure class=\"aligncenter size-full is-resized\"><img loading=\"lazy\" decoding=\"async\" src=\"https:\/\/sey.fi\/wp-content\/uploads\/sites\/51\/2023\/08\/sey-nuoret-vinjetti.png\" alt=\"Logo, jossa lukee: SEYn nuorten vapaaethoisten tekem\u00e4 sivusto nuorille\" class=\"wp-image-740\" width=\"200\" height=\"200\" srcset=\"https:\/\/sey.fi\/wp-content\/uploads\/sites\/51\/2023\/08\/sey-nuoret-vinjetti.png 500w, https:\/\/sey.fi\/wp-content\/uploads\/sites\/51\/2023\/08\/sey-nuoret-vinjetti-300x300.png 300w, https:\/\/sey.fi\/wp-content\/uploads\/sites\/51\/2023\/08\/sey-nuoret-vinjetti-150x150.png 150w, https:\/\/sey.fi\/wp-content\/uploads\/sites\/51\/2023\/08\/sey-nuoret-vinjetti-160x160.png 160w\" sizes=\"auto, (max-width: 200px) 100vw, 200px\" \/><\/figure><\/div>\n\n\n<p>Haluatko oppia lis\u00e4\u00e4 el\u00e4imist\u00e4 ja siit\u00e4, miten voimme yhdess\u00e4 tehd\u00e4 maailmasta paremman paikan el\u00e4imille? T\u00e4lle sivustolle olemme koonneet suosituksia kirjoista, podcasteista, elokuvista, tv-sarjoista, sometileist\u00e4 ja verkkokursseista, jotka k\u00e4sittelev\u00e4t el\u00e4imi\u00e4 ja el\u00e4inten oikeuksia.<\/p>\n","protected":false},"excerpt":{"rendered":"<p>Haluatko oppia lis\u00e4\u00e4 el\u00e4imist\u00e4 ja siit\u00e4, miten voimme yhdess\u00e4 tehd\u00e4 maailmasta paremman paikan el\u00e4imille? T\u00e4lle sivustolle olemme koonneet suosituksia kirjoista, podcasteista, elokuvista, tv-sarjoista, sometileist\u00e4 ja verkkokursseista, jotka k\u00e4sittelev\u00e4t el\u00e4imi\u00e4 ja el\u00e4inten oikeuksia.<\/p>\n","protected":false},"author":60,"featured_media":0,"parent":0,"menu_order":0,"comment_status":"closed","ping_status":"closed","template":"","meta":{"_acf_changed":false,"footnotes":""},"class_list":["post-273","page","type-page","status-publish","hentry"],"acf":[],"yoast_head":"<!-- This site is optimized with the Yoast SEO plugin v27.1.1 - https:\/\/yoast.com\/product\/yoast-seo-wordpress\/ -->\n<title>Suosituksia ja vinkkej\u00e4 - Nuorten el\u00e4insuojelutoiminnan opas<\/title>\n<meta name=\"description\" content=\"Haluatko oppia lis\u00e4\u00e4 el\u00e4imist\u00e4 ja miten voimme yhdess\u00e4 tehd\u00e4 maailmasta paremman paikan el\u00e4imille? Olemme koonneet sinulle suosituksia.\" \/>\n<meta name=\"robots\" content=\"index, follow, max-snippet:-1, max-image-preview:large, max-video-preview:-1\" \/>\n<link rel=\"canonical\" href=\"https:\/\/sey.fi\/nuoret\/suositukset-ja-vinkit\/\" \/>\n<meta property=\"og:locale\" content=\"fi_FI\" \/>\n<meta property=\"og:type\" content=\"article\" \/>\n<meta property=\"og:title\" content=\"Suosituksia ja vinkkej\u00e4 - Nuorten el\u00e4insuojelutoiminnan opas\" \/>\n<meta property=\"og:description\" content=\"Haluatko oppia lis\u00e4\u00e4 el\u00e4imist\u00e4 ja miten voimme yhdess\u00e4 tehd\u00e4 maailmasta paremman paikan el\u00e4imille? Olemme koonneet sinulle suosituksia.\" \/>\n<meta property=\"og:url\" content=\"https:\/\/sey.fi\/nuoret\/suositukset-ja-vinkit\/\" \/>\n<meta property=\"og:site_name\" content=\"Nuorten el\u00e4insuojelutoiminnan opas\" \/>\n<meta property=\"article:modified_time\" content=\"2023-08-16T12:02:57+00:00\" \/>\n<meta property=\"og:image\" content=\"https:\/\/sey.fi\/wp-content\/uploads\/sites\/51\/2023\/08\/sey-nuoret-vinjetti.png\" \/>\n<meta name=\"twitter:card\" content=\"summary_large_image\" \/>\n<meta name=\"twitter:label1\" content=\"Arvioitu lukuaika\" \/>\n\t<meta name=\"twitter:data1\" content=\"1 minuutti\" \/>\n<script type=\"application\/ld+json\" class=\"yoast-schema-graph\">{\"@context\":\"https:\/\/schema.org\",\"@graph\":[{\"@type\":\"WebPage\",\"@id\":\"https:\/\/sey.fi\/nuoret\/suositukset-ja-vinkit\/\",\"url\":\"https:\/\/sey.fi\/nuoret\/suositukset-ja-vinkit\/\",\"name\":\"Suosituksia ja vinkkej\u00e4 - Nuorten el\u00e4insuojelutoiminnan opas\",\"isPartOf\":{\"@id\":\"https:\/\/sey.fi\/nuoret\/#website\"},\"primaryImageOfPage\":{\"@id\":\"https:\/\/sey.fi\/nuoret\/suositukset-ja-vinkit\/#primaryimage\"},\"image\":{\"@id\":\"https:\/\/sey.fi\/nuoret\/suositukset-ja-vinkit\/#primaryimage\"},\"thumbnailUrl\":\"https:\/\/sey.fi\/wp-content\/uploads\/sites\/51\/2023\/08\/sey-nuoret-vinjetti.png\",\"datePublished\":\"2023-04-06T07:11:29+00:00\",\"dateModified\":\"2023-08-16T12:02:57+00:00\",\"description\":\"Haluatko oppia lis\u00e4\u00e4 el\u00e4imist\u00e4 ja miten voimme yhdess\u00e4 tehd\u00e4 maailmasta paremman paikan el\u00e4imille? Olemme koonneet sinulle suosituksia.\",\"breadcrumb\":{\"@id\":\"https:\/\/sey.fi\/nuoret\/suositukset-ja-vinkit\/#breadcrumb\"},\"inLanguage\":\"fi\",\"potentialAction\":[{\"@type\":\"ReadAction\",\"target\":[\"https:\/\/sey.fi\/nuoret\/suositukset-ja-vinkit\/\"]}]},{\"@type\":\"ImageObject\",\"inLanguage\":\"fi\",\"@id\":\"https:\/\/sey.fi\/nuoret\/suositukset-ja-vinkit\/#primaryimage\",\"url\":\"https:\/\/sey.fi\/wp-content\/uploads\/sites\/51\/2023\/08\/sey-nuoret-vinjetti.png\",\"contentUrl\":\"https:\/\/sey.fi\/wp-content\/uploads\/sites\/51\/2023\/08\/sey-nuoret-vinjetti.png\"},{\"@type\":\"BreadcrumbList\",\"@id\":\"https:\/\/sey.fi\/nuoret\/suositukset-ja-vinkit\/#breadcrumb\",\"itemListElement\":[{\"@type\":\"ListItem\",\"position\":1,\"name\":\"Home\",\"item\":\"https:\/\/sey.fi\/nuoret\/\"},{\"@type\":\"ListItem\",\"position\":2,\"name\":\"Suosituksia ja vinkkej\u00e4\"}]},{\"@type\":\"WebSite\",\"@id\":\"https:\/\/sey.fi\/nuoret\/#website\",\"url\":\"https:\/\/sey.fi\/nuoret\/\",\"name\":\"Nuorten el\u00e4insuojelutoiminnan opas\",\"description\":\"SEY nuortet\",\"potentialAction\":[{\"@type\":\"SearchAction\",\"target\":{\"@type\":\"EntryPoint\",\"urlTemplate\":\"https:\/\/sey.fi\/nuoret\/?s={search_term_string}\"},\"query-input\":{\"@type\":\"PropertyValueSpecification\",\"valueRequired\":true,\"valueName\":\"search_term_string\"}}],\"inLanguage\":\"fi\"}]}<\/script>\n<!-- \/ Yoast SEO plugin. -->","yoast_head_json":{"title":"Suosituksia ja vinkkej\u00e4 - Nuorten el\u00e4insuojelutoiminnan opas","description":"Haluatko oppia lis\u00e4\u00e4 el\u00e4imist\u00e4 ja miten voimme yhdess\u00e4 tehd\u00e4 maailmasta paremman paikan el\u00e4imille? Olemme koonneet sinulle suosituksia.","robots":{"index":"index","follow":"follow","max-snippet":"max-snippet:-1","max-image-preview":"max-image-preview:large","max-video-preview":"max-video-preview:-1"},"canonical":"https:\/\/sey.fi\/nuoret\/suositukset-ja-vinkit\/","og_locale":"fi_FI","og_type":"article","og_title":"Suosituksia ja vinkkej\u00e4 - Nuorten el\u00e4insuojelutoiminnan opas","og_description":"Haluatko oppia lis\u00e4\u00e4 el\u00e4imist\u00e4 ja miten voimme yhdess\u00e4 tehd\u00e4 maailmasta paremman paikan el\u00e4imille? Olemme koonneet sinulle suosituksia.","og_url":"https:\/\/sey.fi\/nuoret\/suositukset-ja-vinkit\/","og_site_name":"Nuorten el\u00e4insuojelutoiminnan opas","article_modified_time":"2023-08-16T12:02:57+00:00","og_image":[{"url":"https:\/\/sey.fi\/wp-content\/uploads\/sites\/51\/2023\/08\/sey-nuoret-vinjetti.png","type":"","width":"","height":""}],"twitter_card":"summary_large_image","twitter_misc":{"Arvioitu lukuaika":"1 minuutti"},"schema":{"@context":"https:\/\/schema.org","@graph":[{"@type":"WebPage","@id":"https:\/\/sey.fi\/nuoret\/suositukset-ja-vinkit\/","url":"https:\/\/sey.fi\/nuoret\/suositukset-ja-vinkit\/","name":"Suosituksia ja vinkkej\u00e4 - Nuorten el\u00e4insuojelutoiminnan opas","isPartOf":{"@id":"https:\/\/sey.fi\/nuoret\/#website"},"primaryImageOfPage":{"@id":"https:\/\/sey.fi\/nuoret\/suositukset-ja-vinkit\/#primaryimage"},"image":{"@id":"https:\/\/sey.fi\/nuoret\/suositukset-ja-vinkit\/#primaryimage"},"thumbnailUrl":"https:\/\/sey.fi\/wp-content\/uploads\/sites\/51\/2023\/08\/sey-nuoret-vinjetti.png","datePublished":"2023-04-06T07:11:29+00:00","dateModified":"2023-08-16T12:02:57+00:00","description":"Haluatko oppia lis\u00e4\u00e4 el\u00e4imist\u00e4 ja miten voimme yhdess\u00e4 tehd\u00e4 maailmasta paremman paikan el\u00e4imille? Olemme koonneet sinulle suosituksia.","breadcrumb":{"@id":"https:\/\/sey.fi\/nuoret\/suositukset-ja-vinkit\/#breadcrumb"},"inLanguage":"fi","potentialAction":[{"@type":"ReadAction","target":["https:\/\/sey.fi\/nuoret\/suositukset-ja-vinkit\/"]}]},{"@type":"ImageObject","inLanguage":"fi","@id":"https:\/\/sey.fi\/nuoret\/suositukset-ja-vinkit\/#primaryimage","url":"https:\/\/sey.fi\/wp-content\/uploads\/sites\/51\/2023\/08\/sey-nuoret-vinjetti.png","contentUrl":"https:\/\/sey.fi\/wp-content\/uploads\/sites\/51\/2023\/08\/sey-nuoret-vinjetti.png"},{"@type":"BreadcrumbList","@id":"https:\/\/sey.fi\/nuoret\/suositukset-ja-vinkit\/#breadcrumb","itemListElement":[{"@type":"ListItem","position":1,"name":"Home","item":"https:\/\/sey.fi\/nuoret\/"},{"@type":"ListItem","position":2,"name":"Suosituksia ja vinkkej\u00e4"}]},{"@type":"WebSite","@id":"https:\/\/sey.fi\/nuoret\/#website","url":"https:\/\/sey.fi\/nuoret\/","name":"Nuorten el\u00e4insuojelutoiminnan opas","description":"SEY nuortet","potentialAction":[{"@type":"SearchAction","target":{"@type":"EntryPoint","urlTemplate":"https:\/\/sey.fi\/nuoret\/?s={search_term_string}"},"query-input":{"@type":"PropertyValueSpecification","valueRequired":true,"valueName":"search_term_string"}}],"inLanguage":"fi"}]}},"_links":{"self":[{"href":"https:\/\/sey.fi\/nuoret\/wp-json\/wp\/v2\/pages\/273","targetHints":{"allow":["GET"]}}],"collection":[{"href":"https:\/\/sey.fi\/nuoret\/wp-json\/wp\/v2\/pages"}],"about":[{"href":"https:\/\/sey.fi\/nuoret\/wp-json\/wp\/v2\/types\/page"}],"author":[{"embeddable":true,"href":"https:\/\/sey.fi\/nuoret\/wp-json\/wp\/v2\/users\/60"}],"replies":[{"embeddable":true,"href":"https:\/\/sey.fi\/nuoret\/wp-json\/wp\/v2\/comments?post=273"}],"version-history":[{"count":7,"href":"https:\/\/sey.fi\/nuoret\/wp-json\/wp\/v2\/pages\/273\/revisions"}],"predecessor-version":[{"id":795,"href":"https:\/\/sey.fi\/nuoret\/wp-json\/wp\/v2\/pages\/273\/revisions\/795"}],"wp:attachment":[{"href":"https:\/\/sey.fi\/nuoret\/wp-json\/wp\/v2\/media?parent=273"}],"curies":[{"name":"wp","href":"https:\/\/api.w.org\/{rel}","templated":true}]}}