{"id":288,"date":"2023-05-22T10:52:45","date_gmt":"2023-05-22T07:52:45","guid":{"rendered":"https:\/\/sey.fi\/nuoret\/?page_id=288"},"modified":"2023-08-16T15:11:45","modified_gmt":"2023-08-16T12:11:45","slug":"kirjat","status":"publish","type":"page","link":"https:\/\/sey.fi\/nuoret\/kirjat\/","title":{"rendered":"Kirjat"},"content":{"rendered":"<div class=\"wp-block-image\">\n<figure class=\"aligncenter size-full is-resized\"><img loading=\"lazy\" decoding=\"async\" src=\"https:\/\/sey.fi\/wp-content\/uploads\/sites\/51\/2023\/08\/sey-nuoret-vinjetti.png\" alt=\"Logo, jossa lukee: SEYn nuorten vapaaethoisten tekem\u00e4 sivusto nuorille\" class=\"wp-image-740\" width=\"200\" height=\"200\" srcset=\"https:\/\/sey.fi\/wp-content\/uploads\/sites\/51\/2023\/08\/sey-nuoret-vinjetti.png 500w, https:\/\/sey.fi\/wp-content\/uploads\/sites\/51\/2023\/08\/sey-nuoret-vinjetti-300x300.png 300w, https:\/\/sey.fi\/wp-content\/uploads\/sites\/51\/2023\/08\/sey-nuoret-vinjetti-150x150.png 150w, https:\/\/sey.fi\/wp-content\/uploads\/sites\/51\/2023\/08\/sey-nuoret-vinjetti-160x160.png 160w\" sizes=\"auto, (max-width: 200px) 100vw, 200px\" \/><\/figure><\/div>\n\n\n<p class=\"has-text-align-center\">El\u00e4imiin ja el\u00e4inten k\u00e4ytt\u00e4ytymiseen liittyvi\u00e4 kirjasuosituksia.<\/p>\n\n\n\n<figure class=\"wp-block-image size-large\"><img loading=\"lazy\" decoding=\"async\" width=\"1024\" height=\"724\" src=\"https:\/\/sey.fi\/wp-content\/uploads\/sites\/51\/2023\/05\/seykirjavinkki-1-1024x724.png\" alt=\"\" class=\"wp-image-398\" srcset=\"https:\/\/sey.fi\/wp-content\/uploads\/sites\/51\/2023\/05\/seykirjavinkki-1-1024x724.png 1024w, https:\/\/sey.fi\/wp-content\/uploads\/sites\/51\/2023\/05\/seykirjavinkki-1-300x212.png 300w, https:\/\/sey.fi\/wp-content\/uploads\/sites\/51\/2023\/05\/seykirjavinkki-1-768x543.png 768w, https:\/\/sey.fi\/wp-content\/uploads\/sites\/51\/2023\/05\/seykirjavinkki-1-1536x1086.png 1536w, https:\/\/sey.fi\/wp-content\/uploads\/sites\/51\/2023\/05\/seykirjavinkki-1-2048x1448.png 2048w\" sizes=\"auto, (max-width: 1024px) 100vw, 1024px\" \/><\/figure>\n\n\n\n<ul class=\"wp-block-list\">\n<li><strong>Inhimillinen el\u00e4in, el\u00e4imellinen ihminen<\/strong> (2003) Jussi Viitala<\/li>\n<\/ul>\n\n\n\n<ul class=\"wp-block-list\">\n<li><strong>Vapaasta tahdosta?<\/strong> (2005) Jussi Viitala<\/li>\n<\/ul>\n\n\n\n<ul class=\"wp-block-list\">\n<li><strong>\u00c4lyk\u00e4s el\u00e4in<\/strong> (2010) Jussi Viitala<\/li>\n<\/ul>\n\n\n\n<ul class=\"wp-block-list\">\n<li><strong>Sy\u00f6t\u00e4v\u00e4t koirat ja sympaattiset siat<\/strong> (2020) Salla Tuomivaara<\/li>\n<\/ul>\n\n\n\n<ul class=\"wp-block-list\">\n<li><strong>Esseit\u00e4 el\u00e4imist\u00e4<\/strong> (2022) Elisa Aaltola<\/li>\n<\/ul>\n\n\n\n<ul class=\"wp-block-list\">\n<li><strong>Millaista on olla lemmikki? <\/strong>(2023) Helena Telk\u00e4nranta<\/li>\n<\/ul>\n\n\n\n<hr class=\"wp-block-separator has-alpha-channel-opacity\" \/>\n\n\n\n<h2 class=\"wp-block-heading\">Hevoset<\/h2>\n\n\n\n<ul class=\"wp-block-list\">\n<li><strong>Hevosen mieli<\/strong> (ilmestyy 2023) Helena Telk\u00e4nranta<\/li>\n<\/ul>\n\n\n\n<ul class=\"wp-block-list\">\n<li><strong>Toimiva hevonen<\/strong> (2020) Minna Tallberg<\/li>\n<\/ul>\n\n\n\n<ul class=\"wp-block-list\">\n<li><strong>Tunnetaitoja hevosihmisille<\/strong> (2021) Katarina Alongi, Laura Mannila ja Sanni Airaksinen<\/li>\n<\/ul>\n\n\n\n<hr class=\"wp-block-separator has-alpha-channel-opacity\" \/>\n\n\n\n<h2 class=\"wp-block-heading\">Kissat<\/h2>\n\n\n\n<ul class=\"wp-block-list\">\n<li><strong>Millaista on olla kissa?<\/strong> (2023) Helena Telk\u00e4nranta<br><\/li>\n<\/ul>\n\n\n\n<hr class=\"wp-block-separator has-alpha-channel-opacity\" \/>\n\n\n\n<h2 class=\"wp-block-heading\">Koirat<\/h2>\n\n\n\n<ul class=\"wp-block-list\">\n<li><strong>Millaista on olla koira? <\/strong>(2023) Helena Telk\u00e4nranta <\/li>\n<\/ul>\n\n\n\n<ul class=\"wp-block-list\">\n<li><strong>Ei kenenk\u00e4\u00e4n koirat: Rescuekoiria auttamassa<\/strong> (2023) Katariina Laine<\/li>\n<\/ul>\n\n\n\n<ul class=\"wp-block-list\">\n<li><strong>Etsii omaa ihmist\u00e4: 25 tarinaa rescuekoirista<\/strong> (2022) Heli M\u00e4enp\u00e4\u00e4<\/li>\n<\/ul>\n","protected":false},"excerpt":{"rendered":"<p>El\u00e4imiin ja el\u00e4inten k\u00e4ytt\u00e4ytymiseen liittyvi\u00e4 kirjasuosituksia. Hevoset Kissat Koirat<\/p>\n","protected":false},"author":67,"featured_media":0,"parent":0,"menu_order":0,"comment_status":"closed","ping_status":"closed","template":"","meta":{"_acf_changed":false,"footnotes":""},"class_list":["post-288","page","type-page","status-publish","hentry"],"acf":[],"yoast_head":"<!-- This site is optimized with the Yoast SEO plugin v27.1.1 - https:\/\/yoast.com\/product\/yoast-seo-wordpress\/ -->\n<title>Kirjat - Nuorten el\u00e4insuojelutoiminnan opas<\/title>\n<meta name=\"description\" content=\"El\u00e4imiin ja el\u00e4inten k\u00e4ytt\u00e4ytymiseen liittyvi\u00e4 kirjasuosituksia.\" \/>\n<meta name=\"robots\" content=\"index, follow, max-snippet:-1, max-image-preview:large, max-video-preview:-1\" \/>\n<link rel=\"canonical\" href=\"https:\/\/sey.fi\/nuoret\/kirjat\/\" \/>\n<meta property=\"og:locale\" content=\"fi_FI\" \/>\n<meta property=\"og:type\" content=\"article\" \/>\n<meta property=\"og:title\" content=\"Kirjat - Nuorten el\u00e4insuojelutoiminnan opas\" \/>\n<meta property=\"og:description\" content=\"El\u00e4imiin ja el\u00e4inten k\u00e4ytt\u00e4ytymiseen liittyvi\u00e4 kirjasuosituksia.\" \/>\n<meta property=\"og:url\" content=\"https:\/\/sey.fi\/nuoret\/kirjat\/\" \/>\n<meta property=\"og:site_name\" content=\"Nuorten el\u00e4insuojelutoiminnan opas\" \/>\n<meta property=\"article:modified_time\" content=\"2023-08-16T12:11:45+00:00\" \/>\n<meta property=\"og:image\" content=\"https:\/\/sey.fi\/wp-content\/uploads\/sites\/51\/2023\/08\/sey-nuoret-vinjetti.png\" \/>\n<meta name=\"twitter:card\" content=\"summary_large_image\" \/>\n<meta name=\"twitter:label1\" content=\"Arvioitu lukuaika\" \/>\n\t<meta name=\"twitter:data1\" content=\"2 minuuttia\" \/>\n<script type=\"application\/ld+json\" class=\"yoast-schema-graph\">{\"@context\":\"https:\/\/schema.org\",\"@graph\":[{\"@type\":[\"WebPage\",\"AboutPage\"],\"@id\":\"https:\/\/sey.fi\/nuoret\/kirjat\/\",\"url\":\"https:\/\/sey.fi\/nuoret\/kirjat\/\",\"name\":\"Kirjat - Nuorten el\u00e4insuojelutoiminnan opas\",\"isPartOf\":{\"@id\":\"https:\/\/sey.fi\/nuoret\/#website\"},\"primaryImageOfPage\":{\"@id\":\"https:\/\/sey.fi\/nuoret\/kirjat\/#primaryimage\"},\"image\":{\"@id\":\"https:\/\/sey.fi\/nuoret\/kirjat\/#primaryimage\"},\"thumbnailUrl\":\"https:\/\/sey.fi\/wp-content\/uploads\/sites\/51\/2023\/08\/sey-nuoret-vinjetti.png\",\"datePublished\":\"2023-05-22T07:52:45+00:00\",\"dateModified\":\"2023-08-16T12:11:45+00:00\",\"description\":\"El\u00e4imiin ja el\u00e4inten k\u00e4ytt\u00e4ytymiseen liittyvi\u00e4 kirjasuosituksia.\",\"breadcrumb\":{\"@id\":\"https:\/\/sey.fi\/nuoret\/kirjat\/#breadcrumb\"},\"inLanguage\":\"fi\",\"potentialAction\":[{\"@type\":\"ReadAction\",\"target\":[\"https:\/\/sey.fi\/nuoret\/kirjat\/\"]}]},{\"@type\":\"ImageObject\",\"inLanguage\":\"fi\",\"@id\":\"https:\/\/sey.fi\/nuoret\/kirjat\/#primaryimage\",\"url\":\"https:\/\/sey.fi\/wp-content\/uploads\/sites\/51\/2023\/08\/sey-nuoret-vinjetti.png\",\"contentUrl\":\"https:\/\/sey.fi\/wp-content\/uploads\/sites\/51\/2023\/08\/sey-nuoret-vinjetti.png\"},{\"@type\":\"BreadcrumbList\",\"@id\":\"https:\/\/sey.fi\/nuoret\/kirjat\/#breadcrumb\",\"itemListElement\":[{\"@type\":\"ListItem\",\"position\":1,\"name\":\"Home\",\"item\":\"https:\/\/sey.fi\/nuoret\/\"},{\"@type\":\"ListItem\",\"position\":2,\"name\":\"Kirjat\"}]},{\"@type\":\"WebSite\",\"@id\":\"https:\/\/sey.fi\/nuoret\/#website\",\"url\":\"https:\/\/sey.fi\/nuoret\/\",\"name\":\"Nuorten el\u00e4insuojelutoiminnan opas\",\"description\":\"SEY nuortet\",\"potentialAction\":[{\"@type\":\"SearchAction\",\"target\":{\"@type\":\"EntryPoint\",\"urlTemplate\":\"https:\/\/sey.fi\/nuoret\/?s={search_term_string}\"},\"query-input\":{\"@type\":\"PropertyValueSpecification\",\"valueRequired\":true,\"valueName\":\"search_term_string\"}}],\"inLanguage\":\"fi\"}]}<\/script>\n<!-- \/ Yoast SEO plugin. -->","yoast_head_json":{"title":"Kirjat - Nuorten el\u00e4insuojelutoiminnan opas","description":"El\u00e4imiin ja el\u00e4inten k\u00e4ytt\u00e4ytymiseen liittyvi\u00e4 kirjasuosituksia.","robots":{"index":"index","follow":"follow","max-snippet":"max-snippet:-1","max-image-preview":"max-image-preview:large","max-video-preview":"max-video-preview:-1"},"canonical":"https:\/\/sey.fi\/nuoret\/kirjat\/","og_locale":"fi_FI","og_type":"article","og_title":"Kirjat - Nuorten el\u00e4insuojelutoiminnan opas","og_description":"El\u00e4imiin ja el\u00e4inten k\u00e4ytt\u00e4ytymiseen liittyvi\u00e4 kirjasuosituksia.","og_url":"https:\/\/sey.fi\/nuoret\/kirjat\/","og_site_name":"Nuorten el\u00e4insuojelutoiminnan opas","article_modified_time":"2023-08-16T12:11:45+00:00","og_image":[{"url":"https:\/\/sey.fi\/wp-content\/uploads\/sites\/51\/2023\/08\/sey-nuoret-vinjetti.png","type":"","width":"","height":""}],"twitter_card":"summary_large_image","twitter_misc":{"Arvioitu lukuaika":"2 minuuttia"},"schema":{"@context":"https:\/\/schema.org","@graph":[{"@type":["WebPage","AboutPage"],"@id":"https:\/\/sey.fi\/nuoret\/kirjat\/","url":"https:\/\/sey.fi\/nuoret\/kirjat\/","name":"Kirjat - Nuorten el\u00e4insuojelutoiminnan opas","isPartOf":{"@id":"https:\/\/sey.fi\/nuoret\/#website"},"primaryImageOfPage":{"@id":"https:\/\/sey.fi\/nuoret\/kirjat\/#primaryimage"},"image":{"@id":"https:\/\/sey.fi\/nuoret\/kirjat\/#primaryimage"},"thumbnailUrl":"https:\/\/sey.fi\/wp-content\/uploads\/sites\/51\/2023\/08\/sey-nuoret-vinjetti.png","datePublished":"2023-05-22T07:52:45+00:00","dateModified":"2023-08-16T12:11:45+00:00","description":"El\u00e4imiin ja el\u00e4inten k\u00e4ytt\u00e4ytymiseen liittyvi\u00e4 kirjasuosituksia.","breadcrumb":{"@id":"https:\/\/sey.fi\/nuoret\/kirjat\/#breadcrumb"},"inLanguage":"fi","potentialAction":[{"@type":"ReadAction","target":["https:\/\/sey.fi\/nuoret\/kirjat\/"]}]},{"@type":"ImageObject","inLanguage":"fi","@id":"https:\/\/sey.fi\/nuoret\/kirjat\/#primaryimage","url":"https:\/\/sey.fi\/wp-content\/uploads\/sites\/51\/2023\/08\/sey-nuoret-vinjetti.png","contentUrl":"https:\/\/sey.fi\/wp-content\/uploads\/sites\/51\/2023\/08\/sey-nuoret-vinjetti.png"},{"@type":"BreadcrumbList","@id":"https:\/\/sey.fi\/nuoret\/kirjat\/#breadcrumb","itemListElement":[{"@type":"ListItem","position":1,"name":"Home","item":"https:\/\/sey.fi\/nuoret\/"},{"@type":"ListItem","position":2,"name":"Kirjat"}]},{"@type":"WebSite","@id":"https:\/\/sey.fi\/nuoret\/#website","url":"https:\/\/sey.fi\/nuoret\/","name":"Nuorten el\u00e4insuojelutoiminnan opas","description":"SEY nuortet","potentialAction":[{"@type":"SearchAction","target":{"@type":"EntryPoint","urlTemplate":"https:\/\/sey.fi\/nuoret\/?s={search_term_string}"},"query-input":{"@type":"PropertyValueSpecification","valueRequired":true,"valueName":"search_term_string"}}],"inLanguage":"fi"}]}},"_links":{"self":[{"href":"https:\/\/sey.fi\/nuoret\/wp-json\/wp\/v2\/pages\/288","targetHints":{"allow":["GET"]}}],"collection":[{"href":"https:\/\/sey.fi\/nuoret\/wp-json\/wp\/v2\/pages"}],"about":[{"href":"https:\/\/sey.fi\/nuoret\/wp-json\/wp\/v2\/types\/page"}],"author":[{"embeddable":true,"href":"https:\/\/sey.fi\/nuoret\/wp-json\/wp\/v2\/users\/67"}],"replies":[{"embeddable":true,"href":"https:\/\/sey.fi\/nuoret\/wp-json\/wp\/v2\/comments?post=288"}],"version-history":[{"count":9,"href":"https:\/\/sey.fi\/nuoret\/wp-json\/wp\/v2\/pages\/288\/revisions"}],"predecessor-version":[{"id":784,"href":"https:\/\/sey.fi\/nuoret\/wp-json\/wp\/v2\/pages\/288\/revisions\/784"}],"wp:attachment":[{"href":"https:\/\/sey.fi\/nuoret\/wp-json\/wp\/v2\/media?parent=288"}],"curies":[{"name":"wp","href":"https:\/\/api.w.org\/{rel}","templated":true}]}}