{"id":335,"date":"2023-04-22T20:00:44","date_gmt":"2023-04-22T17:00:44","guid":{"rendered":"https:\/\/sey.fi\/nuoret\/?page_id=335"},"modified":"2023-08-16T15:09:55","modified_gmt":"2023-08-16T12:09:55","slug":"sosiaalinen-media","status":"publish","type":"page","link":"https:\/\/sey.fi\/nuoret\/sosiaalinen-media\/","title":{"rendered":"Sosiaalinen media"},"content":{"rendered":"<div class=\"wp-block-image\">\n<figure class=\"aligncenter size-full is-resized\"><img loading=\"lazy\" decoding=\"async\" src=\"https:\/\/sey.fi\/wp-content\/uploads\/sites\/51\/2023\/08\/sey-nuoret-vinjetti.png\" alt=\"Logo, jossa lukee: SEYn nuorten vapaaethoisten tekem\u00e4 sivusto nuorille\" class=\"wp-image-740\" width=\"200\" height=\"200\" srcset=\"https:\/\/sey.fi\/wp-content\/uploads\/sites\/51\/2023\/08\/sey-nuoret-vinjetti.png 500w, https:\/\/sey.fi\/wp-content\/uploads\/sites\/51\/2023\/08\/sey-nuoret-vinjetti-300x300.png 300w, https:\/\/sey.fi\/wp-content\/uploads\/sites\/51\/2023\/08\/sey-nuoret-vinjetti-150x150.png 150w, https:\/\/sey.fi\/wp-content\/uploads\/sites\/51\/2023\/08\/sey-nuoret-vinjetti-160x160.png 160w\" sizes=\"auto, (max-width: 200px) 100vw, 200px\" \/><\/figure><\/div>\n\n\n<p class=\"has-text-align-center\">T\u00e4ll\u00e4 sivulle on listattu erilaisia sosiaalisen median tilej\u00e4, jotka liittyv\u00e4t el\u00e4intensuojeluun, el\u00e4inten hyvinvointiin ja ymp\u00e4rist\u00f6\u00f6n. <\/p>\n\n\n\n<figure class=\"wp-block-image size-large\"><img loading=\"lazy\" decoding=\"async\" width=\"1024\" height=\"683\" src=\"https:\/\/sey.fi\/wp-content\/uploads\/sites\/51\/2023\/04\/IMG_1324-1024x683.jpg\" alt=\"kaksi laulujoutsenta uimassa\" class=\"wp-image-356\" srcset=\"https:\/\/sey.fi\/wp-content\/uploads\/sites\/51\/2023\/04\/IMG_1324-1024x683.jpg 1024w, https:\/\/sey.fi\/wp-content\/uploads\/sites\/51\/2023\/04\/IMG_1324-300x200.jpg 300w, https:\/\/sey.fi\/wp-content\/uploads\/sites\/51\/2023\/04\/IMG_1324-768x512.jpg 768w, https:\/\/sey.fi\/wp-content\/uploads\/sites\/51\/2023\/04\/IMG_1324-1536x1024.jpg 1536w, https:\/\/sey.fi\/wp-content\/uploads\/sites\/51\/2023\/04\/IMG_1324-2048x1365.jpg 2048w\" sizes=\"auto, (max-width: 1024px) 100vw, 1024px\" \/><\/figure>\n\n\n\n<h2 class=\"wp-block-heading\">Instagram<\/h2>\n\n\n\n<p><strong>El\u00e4imet ja el\u00e4intensuojelu <\/strong><\/p>\n\n\n\n<ul class=\"wp-block-list\">\n<li><a href=\"https:\/\/www.instagram.com\/auroranturvakoti\/?hl=fi\" target=\"_blank\" rel=\"noreferrer noopener\">@auroranturvakoti<\/a><\/li>\n<\/ul>\n\n\n\n<ul class=\"wp-block-list\">\n<li><a href=\"https:\/\/www.instagram.com\/animaliary\/\" target=\"_blank\" rel=\"noreferrer noopener\">@animaliary<\/a><\/li>\n<\/ul>\n\n\n\n<ul class=\"wp-block-list\">\n<li><a href=\"https:\/\/www.instagram.com\/elaimellista_viestintaa\/\" target=\"_blank\" rel=\"noreferrer noopener\">@elaimellista_viestintaa<\/a><\/li>\n<\/ul>\n\n\n\n<ul class=\"wp-block-list\">\n<li><a href=\"https:\/\/instagram.com\/elaintenhyvinvointikeskus?igshid=YmM0MjE2YWMzOA==\" target=\"_blank\" rel=\"noreferrer noopener\">@elaintenhyvinvointikeskus <\/a><\/li>\n<\/ul>\n\n\n\n<ul class=\"wp-block-list\">\n<li><a href=\"https:\/\/instagram.com\/esk_tuulispaa?igshid=YmM0MjE2YWMzOA==\" target=\"_blank\" rel=\"noreferrer noopener\">@esk_tuulispaa <\/a><\/li>\n<\/ul>\n\n\n\n<ul class=\"wp-block-list\">\n<li><a href=\"https:\/\/instagram.com\/kodittomat.info?igshid=YmM0MjE2YWMzOA==\" target=\"_blank\" rel=\"noreferrer noopener\">@kodittomatinfo <\/a><\/li>\n<\/ul>\n\n\n\n<ul class=\"wp-block-list\">\n<li><a href=\"https:\/\/instagram.com\/oikeuttaelaimille?igshid=YmM0MjE2YWMzOA==\" target=\"_blank\" rel=\"noreferrer noopener\">@oikeuttael\u00e4imille <\/a><\/li>\n<\/ul>\n\n\n\n<ul class=\"wp-block-list\">\n<li><a href=\"https:\/\/instagram.com\/saparomaki?igshid=YmM0MjE2YWMzOA==\" target=\"_blank\" rel=\"noreferrer noopener\">@saparom\u00e4ki <\/a><\/li>\n<\/ul>\n\n\n\n<ul class=\"wp-block-list\">\n<li><a href=\"https:\/\/instagram.com\/sey_nuoret?igshid=YmM0MjE2YWMzOA==\" target=\"_blank\" rel=\"noreferrer noopener\">@sey_nuoret <\/a><\/li>\n<\/ul>\n\n\n\n<ul class=\"wp-block-list\">\n<li><a href=\"https:\/\/www.instagram.com\/sey_suomen_elainsuojelu\/\">@sey_suomen_elainsuojelu<\/a><\/li>\n<\/ul>\n\n\n\n<ul class=\"wp-block-list\">\n<li><a href=\"https:\/\/instagram.com\/world_wildlife?igshid=YmM0MjE2YWMzOA==\" target=\"_blank\" rel=\"noreferrer noopener\">@world_wildlife <\/a><\/li>\n<\/ul>\n\n\n\n<p><strong>El\u00e4intenkoulutus ja etologia<\/strong><\/p>\n\n\n\n<ul class=\"wp-block-list\">\n<li><a href=\"https:\/\/instagram.com\/elaintenkouluttajaninalaiho?igshid=YmM0MjE2YWMzOA==\" target=\"_blank\" rel=\"noreferrer noopener\">@el\u00e4intenkouluttajaninalaiho&nbsp;<\/a><\/li>\n<\/ul>\n\n\n\n<ul class=\"wp-block-list\">\n<li><a href=\"https:\/\/instagram.com\/etologivernavilppula?igshid=YmM0MjE2YWMzOA==\" target=\"_blank\" rel=\"noreferrer noopener\">@etologivernavilppula <\/a><\/li>\n<\/ul>\n\n\n\n<ul class=\"wp-block-list\">\n<li><a href=\"https:\/\/instagram.com\/taikurinkissa?igshid=YmM0MjE2YWMzOA==\" target=\"_blank\" rel=\"noreferrer noopener\">@taikurinkissa <\/a><\/li>\n<\/ul>\n\n\n\n<ul class=\"wp-block-list\">\n<li><a href=\"https:\/\/instagram.com\/suomenelaintenkouluttajat?igshid=YmM0MjE2YWMzOA==\" target=\"_blank\" rel=\"noreferrer noopener\">@suomenelaintenkouluttajat <\/a><\/li>\n<\/ul>\n\n\n\n<p><strong>Hevoset<\/strong><\/p>\n\n\n\n<ul class=\"wp-block-list\">\n<li><a href=\"https:\/\/instagram.com\/auta_hevosta?igshid=YmM0MjE2YWMzOA==\" target=\"_blank\" rel=\"noreferrer noopener\">@auta_hevosta <\/a><\/li>\n<\/ul>\n\n\n\n<ul class=\"wp-block-list\">\n<li><a href=\"https:\/\/www.instagram.com\/equitopiacenter\/\" target=\"_blank\" rel=\"noreferrer noopener\">@equitopiacenter <\/a>(englanniksi)<\/li>\n<\/ul>\n\n\n\n<ul class=\"wp-block-list\">\n<li><a href=\"https:\/\/instagram.com\/hevonenopettajani?igshid=YmM0MjE2YWMzOA==\" target=\"_blank\" rel=\"noreferrer noopener\">@hevonenopettajani <\/a><\/li>\n<\/ul>\n\n\n\n<ul class=\"wp-block-list\">\n<li><a href=\"https:\/\/instagram.com\/hevosvakivallankumous?igshid=YmM0MjE2YWMzOA==\" target=\"_blank\" rel=\"noreferrer noopener\">@hevosvakivallankumous <\/a><\/li>\n<\/ul>\n\n\n\n<ul class=\"wp-block-list\">\n<li><a href=\"https:\/\/instagram.com\/hevoskoulutus.fi?igshid=YmM0MjE2YWMzOA==\" target=\"_blank\" rel=\"noreferrer noopener\">@Hevoskoulutus.fi <\/a><\/li>\n<\/ul>\n\n\n\n<ul class=\"wp-block-list\">\n<li><a href=\"https:\/\/instagram.com\/horse_human_balance?igshid=YmM0MjE2YWMzOA==\" target=\"_blank\" rel=\"noreferrer noopener\">@horse_human_balance <\/a><\/li>\n<\/ul>\n\n\n\n<ul class=\"wp-block-list\">\n<li><a href=\"https:\/\/instagram.com\/minna_tallberg_toimivahevonen?igshid=YmM0MjE2YWMzOA==\" target=\"_blank\" rel=\"noreferrer noopener\">@minna_tallberg_toimivahevonen <\/a><\/li>\n<\/ul>\n\n\n\n<p><strong>Luonto ja ymp\u00e4rist\u00f6<\/strong><\/p>\n\n\n\n<ul class=\"wp-block-list\">\n<li><a href=\"https:\/\/instagram.com\/luontoliitto?igshid=YmM0MjE2YWMzOA==\" target=\"_blank\" rel=\"noreferrer noopener\">@luontoliitto <\/a><\/li>\n<\/ul>\n\n\n\n<ul class=\"wp-block-list\">\n<li><a href=\"https:\/\/instagram.com\/luonnonsuojeluliitto?igshid=YmM0MjE2YWMzOA==\" target=\"_blank\" rel=\"noreferrer noopener\">@luonnonsuojeluliitto <\/a><\/li>\n<\/ul>\n\n\n\n<ul class=\"wp-block-list\">\n<li><a href=\"https:\/\/instagram.com\/luontoon.fi?igshid=YmM0MjE2YWMzOA==\" target=\"_blank\" rel=\"noreferrer noopener\">@Luontoon.fi <\/a><\/li>\n<\/ul>\n\n\n\n<ul class=\"wp-block-list\">\n<li><a href=\"https:\/\/www.instagram.com\/wwfsuomi\/\">@wwfsuomi<\/a><\/li>\n<\/ul>\n\n\n\n<ul class=\"wp-block-list\">\n<li><a href=\"https:\/\/instagram.com\/wwfnuoret?igshid=YmM0MjE2YWMzOA==\" target=\"_blank\" rel=\"noreferrer noopener\">@wwfnuoret <\/a><br><br><a href=\"https:\/\/instagram.com\/wwf?igshid=YmM0MjE2YWMzOA==\" target=\"_blank\" rel=\"noreferrer noopener\">@wwf <\/a><\/li>\n<\/ul>\n\n\n\n<ul class=\"wp-block-list\">\n<li><a href=\"https:\/\/instagram.com\/yleluonto?igshid=YmM0MjE2YWMzOA==\" target=\"_blank\" rel=\"noreferrer noopener\">@yleluonto <\/a><\/li>\n<\/ul>\n\n\n\n<p><strong>Vegaaninen el\u00e4m\u00e4ntapa<\/strong><\/p>\n\n\n\n<ul class=\"wp-block-list\">\n<li><a href=\"https:\/\/instagram.com\/viral.vegans?igshid=YmM0MjE2YWMzOA==\" target=\"_blank\" rel=\"noreferrer noopener\">@viral.vegans<\/a> <\/li>\n<\/ul>\n\n\n\n<ul class=\"wp-block-list\">\n<li><a href=\"https:\/\/instagram.com\/vegaanihaaste.ig?igshid=YmM0MjE2YWMzOA==\" target=\"_blank\" rel=\"noreferrer noopener\">@vegaanihaaste.ig <\/a><\/li>\n<\/ul>\n\n\n\n<hr class=\"wp-block-separator has-alpha-channel-opacity\" \/>\n\n\n\n<h2 class=\"wp-block-heading\">Tik Tok<\/h2>\n\n\n\n<ul class=\"wp-block-list\">\n<li><a href=\"https:\/\/www.tiktok.com\/@elaimellista_viestintaa\" target=\"_blank\" rel=\"noreferrer noopener\">@elaimellista_viestintaa<\/a><\/li>\n<\/ul>\n\n\n\n<ul class=\"wp-block-list\">\n<li>@esk_tuulispaa<\/li>\n<\/ul>\n\n\n\n<ul class=\"wp-block-list\">\n<li>@vemmelsaarenkanit<\/li>\n<\/ul>\n\n\n\n<ul class=\"wp-block-list\">\n<li>@lehtonenjenna<\/li>\n<\/ul>\n\n\n\n<ul class=\"wp-block-list\">\n<li>@sey_nuoret<\/li>\n<\/ul>\n\n\n\n<ul class=\"wp-block-list\">\n<li>@viral.vegans<\/li>\n<\/ul>\n","protected":false},"excerpt":{"rendered":"<p>T\u00e4ll\u00e4 sivulle on listattu erilaisia sosiaalisen median tilej\u00e4, jotka liittyv\u00e4t el\u00e4intensuojeluun, el\u00e4inten hyvinvointiin ja ymp\u00e4rist\u00f6\u00f6n. Instagram El\u00e4imet ja el\u00e4intensuojelu El\u00e4intenkoulutus ja etologia Hevoset Luonto ja ymp\u00e4rist\u00f6 Vegaaninen el\u00e4m\u00e4ntapa Tik Tok<\/p>\n","protected":false},"author":67,"featured_media":0,"parent":0,"menu_order":0,"comment_status":"closed","ping_status":"closed","template":"","meta":{"_acf_changed":false,"footnotes":""},"class_list":["post-335","page","type-page","status-publish","hentry"],"acf":[],"yoast_head":"<!-- This site is optimized with the Yoast SEO plugin v27.1.1 - https:\/\/yoast.com\/product\/yoast-seo-wordpress\/ -->\n<title>Sosiaalinen media - Nuorten el\u00e4insuojelutoiminnan opas<\/title>\n<meta name=\"description\" content=\"T\u00e4ll\u00e4 sivulle on listattu erilaisia sosiaalisen median tilej\u00e4, jotka liittyv\u00e4t el\u00e4intensuojeluun, el\u00e4inten hyvinvointiin ja ymp\u00e4rist\u00f6\u00f6n.\" \/>\n<meta name=\"robots\" content=\"index, follow, max-snippet:-1, max-image-preview:large, max-video-preview:-1\" \/>\n<link rel=\"canonical\" href=\"https:\/\/sey.fi\/nuoret\/sosiaalinen-media\/\" \/>\n<meta property=\"og:locale\" content=\"fi_FI\" \/>\n<meta property=\"og:type\" content=\"article\" \/>\n<meta property=\"og:title\" content=\"Sosiaalinen media - Nuorten el\u00e4insuojelutoiminnan opas\" \/>\n<meta property=\"og:description\" content=\"T\u00e4ll\u00e4 sivulle on listattu erilaisia sosiaalisen median tilej\u00e4, jotka liittyv\u00e4t el\u00e4intensuojeluun, el\u00e4inten hyvinvointiin ja ymp\u00e4rist\u00f6\u00f6n.\" \/>\n<meta property=\"og:url\" content=\"https:\/\/sey.fi\/nuoret\/sosiaalinen-media\/\" \/>\n<meta property=\"og:site_name\" content=\"Nuorten el\u00e4insuojelutoiminnan opas\" \/>\n<meta property=\"article:modified_time\" content=\"2023-08-16T12:09:55+00:00\" \/>\n<meta property=\"og:image\" content=\"https:\/\/sey.fi\/wp-content\/uploads\/sites\/51\/2023\/08\/sey-nuoret-vinjetti.png\" \/>\n<meta name=\"twitter:card\" content=\"summary_large_image\" \/>\n<meta name=\"twitter:label1\" content=\"Arvioitu lukuaika\" \/>\n\t<meta name=\"twitter:data1\" content=\"1 minuutti\" \/>\n<script type=\"application\/ld+json\" class=\"yoast-schema-graph\">{\"@context\":\"https:\/\/schema.org\",\"@graph\":[{\"@type\":\"WebPage\",\"@id\":\"https:\/\/sey.fi\/nuoret\/sosiaalinen-media\/\",\"url\":\"https:\/\/sey.fi\/nuoret\/sosiaalinen-media\/\",\"name\":\"Sosiaalinen media - Nuorten el\u00e4insuojelutoiminnan opas\",\"isPartOf\":{\"@id\":\"https:\/\/sey.fi\/nuoret\/#website\"},\"primaryImageOfPage\":{\"@id\":\"https:\/\/sey.fi\/nuoret\/sosiaalinen-media\/#primaryimage\"},\"image\":{\"@id\":\"https:\/\/sey.fi\/nuoret\/sosiaalinen-media\/#primaryimage\"},\"thumbnailUrl\":\"https:\/\/sey.fi\/wp-content\/uploads\/sites\/51\/2023\/08\/sey-nuoret-vinjetti.png\",\"datePublished\":\"2023-04-22T17:00:44+00:00\",\"dateModified\":\"2023-08-16T12:09:55+00:00\",\"description\":\"T\u00e4ll\u00e4 sivulle on listattu erilaisia sosiaalisen median tilej\u00e4, jotka liittyv\u00e4t el\u00e4intensuojeluun, el\u00e4inten hyvinvointiin ja ymp\u00e4rist\u00f6\u00f6n.\",\"breadcrumb\":{\"@id\":\"https:\/\/sey.fi\/nuoret\/sosiaalinen-media\/#breadcrumb\"},\"inLanguage\":\"fi\",\"potentialAction\":[{\"@type\":\"ReadAction\",\"target\":[\"https:\/\/sey.fi\/nuoret\/sosiaalinen-media\/\"]}]},{\"@type\":\"ImageObject\",\"inLanguage\":\"fi\",\"@id\":\"https:\/\/sey.fi\/nuoret\/sosiaalinen-media\/#primaryimage\",\"url\":\"https:\/\/sey.fi\/wp-content\/uploads\/sites\/51\/2023\/08\/sey-nuoret-vinjetti.png\",\"contentUrl\":\"https:\/\/sey.fi\/wp-content\/uploads\/sites\/51\/2023\/08\/sey-nuoret-vinjetti.png\"},{\"@type\":\"BreadcrumbList\",\"@id\":\"https:\/\/sey.fi\/nuoret\/sosiaalinen-media\/#breadcrumb\",\"itemListElement\":[{\"@type\":\"ListItem\",\"position\":1,\"name\":\"Home\",\"item\":\"https:\/\/sey.fi\/nuoret\/\"},{\"@type\":\"ListItem\",\"position\":2,\"name\":\"Sosiaalinen media\"}]},{\"@type\":\"WebSite\",\"@id\":\"https:\/\/sey.fi\/nuoret\/#website\",\"url\":\"https:\/\/sey.fi\/nuoret\/\",\"name\":\"Nuorten el\u00e4insuojelutoiminnan opas\",\"description\":\"SEY nuortet\",\"potentialAction\":[{\"@type\":\"SearchAction\",\"target\":{\"@type\":\"EntryPoint\",\"urlTemplate\":\"https:\/\/sey.fi\/nuoret\/?s={search_term_string}\"},\"query-input\":{\"@type\":\"PropertyValueSpecification\",\"valueRequired\":true,\"valueName\":\"search_term_string\"}}],\"inLanguage\":\"fi\"}]}<\/script>\n<!-- \/ Yoast SEO plugin. -->","yoast_head_json":{"title":"Sosiaalinen media - Nuorten el\u00e4insuojelutoiminnan opas","description":"T\u00e4ll\u00e4 sivulle on listattu erilaisia sosiaalisen median tilej\u00e4, jotka liittyv\u00e4t el\u00e4intensuojeluun, el\u00e4inten hyvinvointiin ja ymp\u00e4rist\u00f6\u00f6n.","robots":{"index":"index","follow":"follow","max-snippet":"max-snippet:-1","max-image-preview":"max-image-preview:large","max-video-preview":"max-video-preview:-1"},"canonical":"https:\/\/sey.fi\/nuoret\/sosiaalinen-media\/","og_locale":"fi_FI","og_type":"article","og_title":"Sosiaalinen media - Nuorten el\u00e4insuojelutoiminnan opas","og_description":"T\u00e4ll\u00e4 sivulle on listattu erilaisia sosiaalisen median tilej\u00e4, jotka liittyv\u00e4t el\u00e4intensuojeluun, el\u00e4inten hyvinvointiin ja ymp\u00e4rist\u00f6\u00f6n.","og_url":"https:\/\/sey.fi\/nuoret\/sosiaalinen-media\/","og_site_name":"Nuorten el\u00e4insuojelutoiminnan opas","article_modified_time":"2023-08-16T12:09:55+00:00","og_image":[{"url":"https:\/\/sey.fi\/wp-content\/uploads\/sites\/51\/2023\/08\/sey-nuoret-vinjetti.png","type":"","width":"","height":""}],"twitter_card":"summary_large_image","twitter_misc":{"Arvioitu lukuaika":"1 minuutti"},"schema":{"@context":"https:\/\/schema.org","@graph":[{"@type":"WebPage","@id":"https:\/\/sey.fi\/nuoret\/sosiaalinen-media\/","url":"https:\/\/sey.fi\/nuoret\/sosiaalinen-media\/","name":"Sosiaalinen media - Nuorten el\u00e4insuojelutoiminnan opas","isPartOf":{"@id":"https:\/\/sey.fi\/nuoret\/#website"},"primaryImageOfPage":{"@id":"https:\/\/sey.fi\/nuoret\/sosiaalinen-media\/#primaryimage"},"image":{"@id":"https:\/\/sey.fi\/nuoret\/sosiaalinen-media\/#primaryimage"},"thumbnailUrl":"https:\/\/sey.fi\/wp-content\/uploads\/sites\/51\/2023\/08\/sey-nuoret-vinjetti.png","datePublished":"2023-04-22T17:00:44+00:00","dateModified":"2023-08-16T12:09:55+00:00","description":"T\u00e4ll\u00e4 sivulle on listattu erilaisia sosiaalisen median tilej\u00e4, jotka liittyv\u00e4t el\u00e4intensuojeluun, el\u00e4inten hyvinvointiin ja ymp\u00e4rist\u00f6\u00f6n.","breadcrumb":{"@id":"https:\/\/sey.fi\/nuoret\/sosiaalinen-media\/#breadcrumb"},"inLanguage":"fi","potentialAction":[{"@type":"ReadAction","target":["https:\/\/sey.fi\/nuoret\/sosiaalinen-media\/"]}]},{"@type":"ImageObject","inLanguage":"fi","@id":"https:\/\/sey.fi\/nuoret\/sosiaalinen-media\/#primaryimage","url":"https:\/\/sey.fi\/wp-content\/uploads\/sites\/51\/2023\/08\/sey-nuoret-vinjetti.png","contentUrl":"https:\/\/sey.fi\/wp-content\/uploads\/sites\/51\/2023\/08\/sey-nuoret-vinjetti.png"},{"@type":"BreadcrumbList","@id":"https:\/\/sey.fi\/nuoret\/sosiaalinen-media\/#breadcrumb","itemListElement":[{"@type":"ListItem","position":1,"name":"Home","item":"https:\/\/sey.fi\/nuoret\/"},{"@type":"ListItem","position":2,"name":"Sosiaalinen media"}]},{"@type":"WebSite","@id":"https:\/\/sey.fi\/nuoret\/#website","url":"https:\/\/sey.fi\/nuoret\/","name":"Nuorten el\u00e4insuojelutoiminnan opas","description":"SEY nuortet","potentialAction":[{"@type":"SearchAction","target":{"@type":"EntryPoint","urlTemplate":"https:\/\/sey.fi\/nuoret\/?s={search_term_string}"},"query-input":{"@type":"PropertyValueSpecification","valueRequired":true,"valueName":"search_term_string"}}],"inLanguage":"fi"}]}},"_links":{"self":[{"href":"https:\/\/sey.fi\/nuoret\/wp-json\/wp\/v2\/pages\/335","targetHints":{"allow":["GET"]}}],"collection":[{"href":"https:\/\/sey.fi\/nuoret\/wp-json\/wp\/v2\/pages"}],"about":[{"href":"https:\/\/sey.fi\/nuoret\/wp-json\/wp\/v2\/types\/page"}],"author":[{"embeddable":true,"href":"https:\/\/sey.fi\/nuoret\/wp-json\/wp\/v2\/users\/67"}],"replies":[{"embeddable":true,"href":"https:\/\/sey.fi\/nuoret\/wp-json\/wp\/v2\/comments?post=335"}],"version-history":[{"count":28,"href":"https:\/\/sey.fi\/nuoret\/wp-json\/wp\/v2\/pages\/335\/revisions"}],"predecessor-version":[{"id":800,"href":"https:\/\/sey.fi\/nuoret\/wp-json\/wp\/v2\/pages\/335\/revisions\/800"}],"wp:attachment":[{"href":"https:\/\/sey.fi\/nuoret\/wp-json\/wp\/v2\/media?parent=335"}],"curies":[{"name":"wp","href":"https:\/\/api.w.org\/{rel}","templated":true}]}}