{"id":339,"date":"2023-05-22T11:01:30","date_gmt":"2023-05-22T08:01:30","guid":{"rendered":"https:\/\/sey.fi\/nuoret\/?page_id=339"},"modified":"2023-08-16T15:10:52","modified_gmt":"2023-08-16T12:10:52","slug":"verkkokurssit","status":"publish","type":"page","link":"https:\/\/sey.fi\/nuoret\/verkkokurssit\/","title":{"rendered":"Verkkokurssit"},"content":{"rendered":"<div class=\"wp-block-image\">\n<figure class=\"aligncenter size-full is-resized\"><img loading=\"lazy\" decoding=\"async\" src=\"https:\/\/sey.fi\/wp-content\/uploads\/sites\/51\/2023\/08\/sey-nuoret-vinjetti.png\" alt=\"Logo, jossa lukee: SEYn nuorten vapaaethoisten tekem\u00e4 sivusto nuorille\" class=\"wp-image-740\" width=\"200\" height=\"200\" srcset=\"https:\/\/sey.fi\/wp-content\/uploads\/sites\/51\/2023\/08\/sey-nuoret-vinjetti.png 500w, https:\/\/sey.fi\/wp-content\/uploads\/sites\/51\/2023\/08\/sey-nuoret-vinjetti-300x300.png 300w, https:\/\/sey.fi\/wp-content\/uploads\/sites\/51\/2023\/08\/sey-nuoret-vinjetti-150x150.png 150w, https:\/\/sey.fi\/wp-content\/uploads\/sites\/51\/2023\/08\/sey-nuoret-vinjetti-160x160.png 160w\" sizes=\"auto, (max-width: 200px) 100vw, 200px\" \/><\/figure><\/div>\n\n\n<p class=\"has-text-align-center\">Oletko kiinnostunut el\u00e4imiin liittyvist\u00e4 verkkokursseista? T\u00e4lle sivustolle on listattu erilaisia mielenkiintosia verkkokursseja.<\/p>\n\n\n\n<figure class=\"wp-block-image size-full\"><img loading=\"lazy\" decoding=\"async\" width=\"914\" height=\"447\" src=\"https:\/\/sey.fi\/wp-content\/uploads\/sites\/51\/2023\/05\/Lehma.jpg\" alt=\"\" class=\"wp-image-446\" srcset=\"https:\/\/sey.fi\/wp-content\/uploads\/sites\/51\/2023\/05\/Lehma.jpg 914w, https:\/\/sey.fi\/wp-content\/uploads\/sites\/51\/2023\/05\/Lehma-300x147.jpg 300w, https:\/\/sey.fi\/wp-content\/uploads\/sites\/51\/2023\/05\/Lehma-768x376.jpg 768w\" sizes=\"auto, (max-width: 914px) 100vw, 914px\" \/><\/figure>\n\n\n\n<h2 class=\"wp-block-heading\">Hevoset<\/h2>\n\n\n\n<ul class=\"wp-block-list\">\n<li>Horse &amp; Human Balance verkkokurssit: <a href=\"https:\/\/horsehumanbalance.com\/collections\/all\">https:\/\/horsehumanbalance.com\/collections\/all<\/a><\/li>\n<\/ul>\n\n\n\n<ul class=\"wp-block-list\">\n<li>Hevoskoulutus.fi verkkokurssit: <a href=\"https:\/\/hevoskoulutus.fi\/kurssit\/\">https:\/\/hevoskoulutus.fi\/kurssit\/<\/a><\/li>\n<\/ul>\n\n\n\n<h2 class=\"wp-block-heading\">Lemmikkiel\u00e4imet<\/h2>\n\n\n\n<ul class=\"wp-block-list\">\n<li>El\u00e4intaito.fi-kurssi: <a href=\"https:\/\/www.elaintaito.fi\/\">https:\/\/www.elaintaito.fi\/<\/a><\/li>\n<\/ul>\n","protected":false},"excerpt":{"rendered":"<p>Oletko kiinnostunut el\u00e4imiin liittyvist\u00e4 verkkokursseista? T\u00e4lle sivustolle on listattu erilaisia mielenkiintosia verkkokursseja. Hevoset Lemmikkiel\u00e4imet<\/p>\n","protected":false},"author":67,"featured_media":0,"parent":0,"menu_order":0,"comment_status":"closed","ping_status":"closed","template":"","meta":{"_acf_changed":false,"footnotes":""},"class_list":["post-339","page","type-page","status-publish","hentry"],"acf":[],"yoast_head":"<!-- This site is optimized with the Yoast SEO plugin v27.1.1 - https:\/\/yoast.com\/product\/yoast-seo-wordpress\/ -->\n<title>Verkkokurssit - Nuorten el\u00e4insuojelutoiminnan opas<\/title>\n<meta name=\"description\" content=\"Oletko kiinnostunut el\u00e4imiin liittyvist\u00e4 verkkokursseista? T\u00e4lle sivustolle on listattu erilaisia mielenkiintosia verkkokursseja.\" \/>\n<meta name=\"robots\" content=\"index, follow, max-snippet:-1, max-image-preview:large, max-video-preview:-1\" \/>\n<link rel=\"canonical\" href=\"https:\/\/sey.fi\/nuoret\/verkkokurssit\/\" \/>\n<meta property=\"og:locale\" content=\"fi_FI\" \/>\n<meta property=\"og:type\" content=\"article\" \/>\n<meta property=\"og:title\" content=\"Verkkokurssit - Nuorten el\u00e4insuojelutoiminnan opas\" \/>\n<meta property=\"og:description\" content=\"Oletko kiinnostunut el\u00e4imiin liittyvist\u00e4 verkkokursseista? T\u00e4lle sivustolle on listattu erilaisia mielenkiintosia verkkokursseja.\" \/>\n<meta property=\"og:url\" content=\"https:\/\/sey.fi\/nuoret\/verkkokurssit\/\" \/>\n<meta property=\"og:site_name\" content=\"Nuorten el\u00e4insuojelutoiminnan opas\" \/>\n<meta property=\"article:modified_time\" content=\"2023-08-16T12:10:52+00:00\" \/>\n<meta property=\"og:image\" content=\"https:\/\/sey.fi\/wp-content\/uploads\/sites\/51\/2023\/08\/sey-nuoret-vinjetti.png\" \/>\n<meta name=\"twitter:card\" content=\"summary_large_image\" \/>\n<meta name=\"twitter:label1\" content=\"Arvioitu lukuaika\" \/>\n\t<meta name=\"twitter:data1\" content=\"1 minuutti\" \/>\n<script type=\"application\/ld+json\" class=\"yoast-schema-graph\">{\"@context\":\"https:\/\/schema.org\",\"@graph\":[{\"@type\":\"WebPage\",\"@id\":\"https:\/\/sey.fi\/nuoret\/verkkokurssit\/\",\"url\":\"https:\/\/sey.fi\/nuoret\/verkkokurssit\/\",\"name\":\"Verkkokurssit - Nuorten el\u00e4insuojelutoiminnan opas\",\"isPartOf\":{\"@id\":\"https:\/\/sey.fi\/nuoret\/#website\"},\"primaryImageOfPage\":{\"@id\":\"https:\/\/sey.fi\/nuoret\/verkkokurssit\/#primaryimage\"},\"image\":{\"@id\":\"https:\/\/sey.fi\/nuoret\/verkkokurssit\/#primaryimage\"},\"thumbnailUrl\":\"https:\/\/sey.fi\/wp-content\/uploads\/sites\/51\/2023\/08\/sey-nuoret-vinjetti.png\",\"datePublished\":\"2023-05-22T08:01:30+00:00\",\"dateModified\":\"2023-08-16T12:10:52+00:00\",\"description\":\"Oletko kiinnostunut el\u00e4imiin liittyvist\u00e4 verkkokursseista? T\u00e4lle sivustolle on listattu erilaisia mielenkiintosia verkkokursseja.\",\"breadcrumb\":{\"@id\":\"https:\/\/sey.fi\/nuoret\/verkkokurssit\/#breadcrumb\"},\"inLanguage\":\"fi\",\"potentialAction\":[{\"@type\":\"ReadAction\",\"target\":[\"https:\/\/sey.fi\/nuoret\/verkkokurssit\/\"]}]},{\"@type\":\"ImageObject\",\"inLanguage\":\"fi\",\"@id\":\"https:\/\/sey.fi\/nuoret\/verkkokurssit\/#primaryimage\",\"url\":\"https:\/\/sey.fi\/wp-content\/uploads\/sites\/51\/2023\/08\/sey-nuoret-vinjetti.png\",\"contentUrl\":\"https:\/\/sey.fi\/wp-content\/uploads\/sites\/51\/2023\/08\/sey-nuoret-vinjetti.png\"},{\"@type\":\"BreadcrumbList\",\"@id\":\"https:\/\/sey.fi\/nuoret\/verkkokurssit\/#breadcrumb\",\"itemListElement\":[{\"@type\":\"ListItem\",\"position\":1,\"name\":\"Home\",\"item\":\"https:\/\/sey.fi\/nuoret\/\"},{\"@type\":\"ListItem\",\"position\":2,\"name\":\"Verkkokurssit\"}]},{\"@type\":\"WebSite\",\"@id\":\"https:\/\/sey.fi\/nuoret\/#website\",\"url\":\"https:\/\/sey.fi\/nuoret\/\",\"name\":\"Nuorten el\u00e4insuojelutoiminnan opas\",\"description\":\"SEY nuortet\",\"potentialAction\":[{\"@type\":\"SearchAction\",\"target\":{\"@type\":\"EntryPoint\",\"urlTemplate\":\"https:\/\/sey.fi\/nuoret\/?s={search_term_string}\"},\"query-input\":{\"@type\":\"PropertyValueSpecification\",\"valueRequired\":true,\"valueName\":\"search_term_string\"}}],\"inLanguage\":\"fi\"}]}<\/script>\n<!-- \/ Yoast SEO plugin. -->","yoast_head_json":{"title":"Verkkokurssit - Nuorten el\u00e4insuojelutoiminnan opas","description":"Oletko kiinnostunut el\u00e4imiin liittyvist\u00e4 verkkokursseista? T\u00e4lle sivustolle on listattu erilaisia mielenkiintosia verkkokursseja.","robots":{"index":"index","follow":"follow","max-snippet":"max-snippet:-1","max-image-preview":"max-image-preview:large","max-video-preview":"max-video-preview:-1"},"canonical":"https:\/\/sey.fi\/nuoret\/verkkokurssit\/","og_locale":"fi_FI","og_type":"article","og_title":"Verkkokurssit - Nuorten el\u00e4insuojelutoiminnan opas","og_description":"Oletko kiinnostunut el\u00e4imiin liittyvist\u00e4 verkkokursseista? T\u00e4lle sivustolle on listattu erilaisia mielenkiintosia verkkokursseja.","og_url":"https:\/\/sey.fi\/nuoret\/verkkokurssit\/","og_site_name":"Nuorten el\u00e4insuojelutoiminnan opas","article_modified_time":"2023-08-16T12:10:52+00:00","og_image":[{"url":"https:\/\/sey.fi\/wp-content\/uploads\/sites\/51\/2023\/08\/sey-nuoret-vinjetti.png","type":"","width":"","height":""}],"twitter_card":"summary_large_image","twitter_misc":{"Arvioitu lukuaika":"1 minuutti"},"schema":{"@context":"https:\/\/schema.org","@graph":[{"@type":"WebPage","@id":"https:\/\/sey.fi\/nuoret\/verkkokurssit\/","url":"https:\/\/sey.fi\/nuoret\/verkkokurssit\/","name":"Verkkokurssit - Nuorten el\u00e4insuojelutoiminnan opas","isPartOf":{"@id":"https:\/\/sey.fi\/nuoret\/#website"},"primaryImageOfPage":{"@id":"https:\/\/sey.fi\/nuoret\/verkkokurssit\/#primaryimage"},"image":{"@id":"https:\/\/sey.fi\/nuoret\/verkkokurssit\/#primaryimage"},"thumbnailUrl":"https:\/\/sey.fi\/wp-content\/uploads\/sites\/51\/2023\/08\/sey-nuoret-vinjetti.png","datePublished":"2023-05-22T08:01:30+00:00","dateModified":"2023-08-16T12:10:52+00:00","description":"Oletko kiinnostunut el\u00e4imiin liittyvist\u00e4 verkkokursseista? T\u00e4lle sivustolle on listattu erilaisia mielenkiintosia verkkokursseja.","breadcrumb":{"@id":"https:\/\/sey.fi\/nuoret\/verkkokurssit\/#breadcrumb"},"inLanguage":"fi","potentialAction":[{"@type":"ReadAction","target":["https:\/\/sey.fi\/nuoret\/verkkokurssit\/"]}]},{"@type":"ImageObject","inLanguage":"fi","@id":"https:\/\/sey.fi\/nuoret\/verkkokurssit\/#primaryimage","url":"https:\/\/sey.fi\/wp-content\/uploads\/sites\/51\/2023\/08\/sey-nuoret-vinjetti.png","contentUrl":"https:\/\/sey.fi\/wp-content\/uploads\/sites\/51\/2023\/08\/sey-nuoret-vinjetti.png"},{"@type":"BreadcrumbList","@id":"https:\/\/sey.fi\/nuoret\/verkkokurssit\/#breadcrumb","itemListElement":[{"@type":"ListItem","position":1,"name":"Home","item":"https:\/\/sey.fi\/nuoret\/"},{"@type":"ListItem","position":2,"name":"Verkkokurssit"}]},{"@type":"WebSite","@id":"https:\/\/sey.fi\/nuoret\/#website","url":"https:\/\/sey.fi\/nuoret\/","name":"Nuorten el\u00e4insuojelutoiminnan opas","description":"SEY nuortet","potentialAction":[{"@type":"SearchAction","target":{"@type":"EntryPoint","urlTemplate":"https:\/\/sey.fi\/nuoret\/?s={search_term_string}"},"query-input":{"@type":"PropertyValueSpecification","valueRequired":true,"valueName":"search_term_string"}}],"inLanguage":"fi"}]}},"_links":{"self":[{"href":"https:\/\/sey.fi\/nuoret\/wp-json\/wp\/v2\/pages\/339","targetHints":{"allow":["GET"]}}],"collection":[{"href":"https:\/\/sey.fi\/nuoret\/wp-json\/wp\/v2\/pages"}],"about":[{"href":"https:\/\/sey.fi\/nuoret\/wp-json\/wp\/v2\/types\/page"}],"author":[{"embeddable":true,"href":"https:\/\/sey.fi\/nuoret\/wp-json\/wp\/v2\/users\/67"}],"replies":[{"embeddable":true,"href":"https:\/\/sey.fi\/nuoret\/wp-json\/wp\/v2\/comments?post=339"}],"version-history":[{"count":7,"href":"https:\/\/sey.fi\/nuoret\/wp-json\/wp\/v2\/pages\/339\/revisions"}],"predecessor-version":[{"id":801,"href":"https:\/\/sey.fi\/nuoret\/wp-json\/wp\/v2\/pages\/339\/revisions\/801"}],"wp:attachment":[{"href":"https:\/\/sey.fi\/nuoret\/wp-json\/wp\/v2\/media?parent=339"}],"curies":[{"name":"wp","href":"https:\/\/api.w.org\/{rel}","templated":true}]}}